{"id":124462,"date":"2025-05-12T09:18:18","date_gmt":"2025-05-12T09:18:18","guid":{"rendered":"https:\/\/rotavicentina.miewstudio.com\/product\/topo-guide-e-book\/"},"modified":"2025-05-12T10:04:25","modified_gmt":"2025-05-12T10:04:25","slug":"ebook","status":"publish","type":"product","link":"https:\/\/rv-stg.fera.miewstudio.com\/fr\/produit\/ebook\/","title":{"rendered":"Topo Guide E-Book"},"content":{"rendered":"<p>Il comprend toutes les informations concernant les 750 km de Sentiers P\u00e9destres de la Rota Vicentina : <a href=\"https:\/\/rv-stg.fera.miewstudio.com\/caminho-historico\/\">Chemin Historique<\/a>, <a href=\"https:\/\/rv-stg.fera.miewstudio.com\/trilho-dos-pescadores\/\">Sentier des P\u00eacheurs<\/a> et <a href=\"https:\/\/rv-stg.fera.miewstudio.com\/percursos-circulares\/\">Parcours Circulaires<\/a>.<\/p>\n","protected":false},"excerpt":{"rendered":"<p>Pr\u00e9parez votre rando sur la c\u00f4te de l&rsquo;Alentejo et de la Vicentina en toute simplicit\u00e9 ! Un seul guide pour tout savoir : itin\u00e9raires, conseils et infos utiles \u00e9tape par \u00e9tape. <\/p>\n<p>Le E-book Topo Guide officiel de la Rota Vicentina existe en versions portugaise, anglaise, allemande et fran\u00e7aise.<\/p>\n","protected":false},"featured_media":124457,"template":"","meta":{"_acf_changed":false},"product_brand":[],"product_cat":[1599],"product_tag":[],"class_list":{"0":"post-124462","1":"product","2":"type-product","3":"status-publish","4":"has-post-thumbnail","6":"product_cat-topo-guides-fr","8":"first","9":"instock","10":"product-type-external"},"acf":[],"yoast_head":"<!-- This site is optimized with the Yoast SEO Premium plugin v19.5 (Yoast SEO v27.0) - https:\/\/yoast.com\/product\/yoast-seo-premium-wordpress\/ -->\n<title>E-Book Topo Guide - Rota Vicentina<\/title>\n<meta name=\"description\" content=\"Descriptions, avertissements et conseils pratiques pour chaque \u00e9tape des Sentiers de Randonn\u00e9e de la Rota Vicentina - le tout dans un guide, au format e-book.\" \/>\n<meta name=\"robots\" content=\"noindex, follow, max-snippet:-1, max-image-preview:large, max-video-preview:-1\" \/>\n<meta property=\"og:locale\" content=\"fr_FR\" \/>\n<meta property=\"og:type\" content=\"article\" \/>\n<meta property=\"og:title\" content=\"E-Book Topo Guide - Rota Vicentina\" \/>\n<meta property=\"og:description\" content=\"Descriptions, avertissements et conseils pratiques pour chaque \u00e9tape des Sentiers de Randonn\u00e9e de la Rota Vicentina - le tout dans un guide, au format e-book.\" \/>\n<meta property=\"og:url\" content=\"https:\/\/rv-stg.fera.miewstudio.com\/fr\/produit\/ebook\/\" \/>\n<meta property=\"og:site_name\" content=\"[STG] Rota Vicentina\" \/>\n<meta property=\"article:publisher\" content=\"https:\/\/www.facebook.com\/rotavicentina\" \/>\n<meta property=\"article:modified_time\" content=\"2025-05-12T10:04:25+00:00\" \/>\n<meta property=\"og:image\" content=\"https:\/\/rv-stg.fera.miewstudio.com\/wp-content\/uploads\/2025\/05\/mockup-e-book-Guia-de-Campo-Rota-Vicentina-1024x691.png\" \/>\n\t<meta property=\"og:image:width\" content=\"1024\" \/>\n\t<meta property=\"og:image:height\" content=\"691\" \/>\n\t<meta property=\"og:image:type\" content=\"image\/png\" \/>\n<meta name=\"twitter:card\" content=\"summary_large_image\" \/>\n<meta name=\"twitter:site\" content=\"@RotaVicentina\" \/>\n<meta name=\"twitter:label1\" content=\"Dur\u00e9e de lecture estim\u00e9e\" \/>\n\t<meta name=\"twitter:data1\" content=\"1 minute\" \/>\n<script type=\"application\/ld+json\" class=\"yoast-schema-graph\">{\"@context\":\"https:\/\/schema.org\",\"@graph\":[{\"@type\":\"WebPage\",\"@id\":\"https:\/\/rv-stg.fera.miewstudio.com\/fr\/produit\/ebook\/\",\"url\":\"https:\/\/rv-stg.fera.miewstudio.com\/fr\/produit\/ebook\/\",\"name\":\"E-Book Topo Guide - Rota Vicentina\",\"isPartOf\":{\"@id\":\"https:\/\/rv-stg.fera.miewstudio.com\/fr\/#website\"},\"primaryImageOfPage\":{\"@id\":\"https:\/\/rv-stg.fera.miewstudio.com\/fr\/produit\/ebook\/#primaryimage\"},\"image\":{\"@id\":\"https:\/\/rv-stg.fera.miewstudio.com\/fr\/produit\/ebook\/#primaryimage\"},\"thumbnailUrl\":\"https:\/\/rv-stg.fera.miewstudio.com\/wp-content\/uploads\/2025\/05\/mockup-e-book-Guia-de-Campo-Rota-Vicentina.png\",\"datePublished\":\"2025-05-12T09:18:18+00:00\",\"dateModified\":\"2025-05-12T10:04:25+00:00\",\"description\":\"Descriptions, avertissements et conseils pratiques pour chaque \u00e9tape des Sentiers de Randonn\u00e9e de la Rota Vicentina - le tout dans un guide, au format e-book.\",\"breadcrumb\":{\"@id\":\"https:\/\/rv-stg.fera.miewstudio.com\/fr\/produit\/ebook\/#breadcrumb\"},\"inLanguage\":\"fr-FR\",\"potentialAction\":[{\"@type\":\"ReadAction\",\"target\":[\"https:\/\/rv-stg.fera.miewstudio.com\/fr\/produit\/ebook\/\"]}]},{\"@type\":\"ImageObject\",\"inLanguage\":\"fr-FR\",\"@id\":\"https:\/\/rv-stg.fera.miewstudio.com\/fr\/produit\/ebook\/#primaryimage\",\"url\":\"https:\/\/rv-stg.fera.miewstudio.com\/wp-content\/uploads\/2025\/05\/mockup-e-book-Guia-de-Campo-Rota-Vicentina.png\",\"contentUrl\":\"https:\/\/rv-stg.fera.miewstudio.com\/wp-content\/uploads\/2025\/05\/mockup-e-book-Guia-de-Campo-Rota-Vicentina.png\",\"width\":1600,\"height\":1080},{\"@type\":\"BreadcrumbList\",\"@id\":\"https:\/\/rv-stg.fera.miewstudio.com\/fr\/produit\/ebook\/#breadcrumb\",\"itemListElement\":[{\"@type\":\"ListItem\",\"position\":1,\"name\":\"Boutique\",\"item\":\"https:\/\/rv-stg.fera.miewstudio.com\/fr\/boutique\/\"},{\"@type\":\"ListItem\",\"position\":2,\"name\":\"Topo Guide E-Book\"}]},{\"@type\":\"WebSite\",\"@id\":\"https:\/\/rv-stg.fera.miewstudio.com\/fr\/#website\",\"url\":\"https:\/\/rv-stg.fera.miewstudio.com\/fr\/\",\"name\":\"[STG] Rota Vicentina\",\"description\":\"A p\u00e9 pelo Trilho dos Pescadores, Caminho Hist\u00f3rico ou Percursos Circulares ou v\u00e1 de bicicleta pelos mais de 1000km de Trilhos de Bicicleta na Rota Vicentina.\",\"publisher\":{\"@id\":\"https:\/\/rv-stg.fera.miewstudio.com\/fr\/#organization\"},\"potentialAction\":[{\"@type\":\"SearchAction\",\"target\":{\"@type\":\"EntryPoint\",\"urlTemplate\":\"https:\/\/rv-stg.fera.miewstudio.com\/fr\/?s={search_term_string}\"},\"query-input\":{\"@type\":\"PropertyValueSpecification\",\"valueRequired\":true,\"valueName\":\"search_term_string\"}}],\"inLanguage\":\"fr-FR\"},{\"@type\":\"Organization\",\"@id\":\"https:\/\/rv-stg.fera.miewstudio.com\/fr\/#organization\",\"name\":\"[STG] Rota Vicentina\",\"url\":\"https:\/\/rv-stg.fera.miewstudio.com\/fr\/\",\"logo\":{\"@type\":\"ImageObject\",\"inLanguage\":\"fr-FR\",\"@id\":\"https:\/\/rv-stg.fera.miewstudio.com\/fr\/#\/schema\/logo\/image\/\",\"url\":\"https:\/\/rv-stg.fera.miewstudio.com\/wp-content\/uploads\/2023\/02\/Rota-Vicentina-SW-Portugal.jpg\",\"contentUrl\":\"https:\/\/rv-stg.fera.miewstudio.com\/wp-content\/uploads\/2023\/02\/Rota-Vicentina-SW-Portugal.jpg\",\"width\":\"852\",\"height\":\"480\",\"caption\":\"[STG] Rota Vicentina\"},\"image\":{\"@id\":\"https:\/\/rv-stg.fera.miewstudio.com\/fr\/#\/schema\/logo\/image\/\"},\"sameAs\":[\"https:\/\/www.facebook.com\/rotavicentina\",\"https:\/\/x.com\/RotaVicentina\",\"https:\/\/www.instagram.com\/rotavicentina\/\",\"https:\/\/pt.linkedin.com\/company\/rota-vicentina\"]}]}<\/script>\n<!-- \/ Yoast SEO Premium plugin. -->","yoast_head_json":{"title":"E-Book Topo Guide - Rota Vicentina","description":"Descriptions, avertissements et conseils pratiques pour chaque \u00e9tape des Sentiers de Randonn\u00e9e de la Rota Vicentina - le tout dans un guide, au format e-book.","robots":{"index":"noindex","follow":"follow","max-snippet":"max-snippet:-1","max-image-preview":"max-image-preview:large","max-video-preview":"max-video-preview:-1"},"og_locale":"fr_FR","og_type":"article","og_title":"E-Book Topo Guide - Rota Vicentina","og_description":"Descriptions, avertissements et conseils pratiques pour chaque \u00e9tape des Sentiers de Randonn\u00e9e de la Rota Vicentina - le tout dans un guide, au format e-book.","og_url":"https:\/\/rv-stg.fera.miewstudio.com\/fr\/produit\/ebook\/","og_site_name":"[STG] Rota Vicentina","article_publisher":"https:\/\/www.facebook.com\/rotavicentina","article_modified_time":"2025-05-12T10:04:25+00:00","og_image":[{"width":1024,"height":691,"url":"https:\/\/rv-stg.fera.miewstudio.com\/wp-content\/uploads\/2025\/05\/mockup-e-book-Guia-de-Campo-Rota-Vicentina-1024x691.png","type":"image\/png"}],"twitter_card":"summary_large_image","twitter_site":"@RotaVicentina","twitter_misc":{"Dur\u00e9e de lecture estim\u00e9e":"1 minute"},"schema":{"@context":"https:\/\/schema.org","@graph":[{"@type":"WebPage","@id":"https:\/\/rv-stg.fera.miewstudio.com\/fr\/produit\/ebook\/","url":"https:\/\/rv-stg.fera.miewstudio.com\/fr\/produit\/ebook\/","name":"E-Book Topo Guide - Rota Vicentina","isPartOf":{"@id":"https:\/\/rv-stg.fera.miewstudio.com\/fr\/#website"},"primaryImageOfPage":{"@id":"https:\/\/rv-stg.fera.miewstudio.com\/fr\/produit\/ebook\/#primaryimage"},"image":{"@id":"https:\/\/rv-stg.fera.miewstudio.com\/fr\/produit\/ebook\/#primaryimage"},"thumbnailUrl":"https:\/\/rv-stg.fera.miewstudio.com\/wp-content\/uploads\/2025\/05\/mockup-e-book-Guia-de-Campo-Rota-Vicentina.png","datePublished":"2025-05-12T09:18:18+00:00","dateModified":"2025-05-12T10:04:25+00:00","description":"Descriptions, avertissements et conseils pratiques pour chaque \u00e9tape des Sentiers de Randonn\u00e9e de la Rota Vicentina - le tout dans un guide, au format e-book.","breadcrumb":{"@id":"https:\/\/rv-stg.fera.miewstudio.com\/fr\/produit\/ebook\/#breadcrumb"},"inLanguage":"fr-FR","potentialAction":[{"@type":"ReadAction","target":["https:\/\/rv-stg.fera.miewstudio.com\/fr\/produit\/ebook\/"]}]},{"@type":"ImageObject","inLanguage":"fr-FR","@id":"https:\/\/rv-stg.fera.miewstudio.com\/fr\/produit\/ebook\/#primaryimage","url":"https:\/\/rv-stg.fera.miewstudio.com\/wp-content\/uploads\/2025\/05\/mockup-e-book-Guia-de-Campo-Rota-Vicentina.png","contentUrl":"https:\/\/rv-stg.fera.miewstudio.com\/wp-content\/uploads\/2025\/05\/mockup-e-book-Guia-de-Campo-Rota-Vicentina.png","width":1600,"height":1080},{"@type":"BreadcrumbList","@id":"https:\/\/rv-stg.fera.miewstudio.com\/fr\/produit\/ebook\/#breadcrumb","itemListElement":[{"@type":"ListItem","position":1,"name":"Boutique","item":"https:\/\/rv-stg.fera.miewstudio.com\/fr\/boutique\/"},{"@type":"ListItem","position":2,"name":"Topo Guide E-Book"}]},{"@type":"WebSite","@id":"https:\/\/rv-stg.fera.miewstudio.com\/fr\/#website","url":"https:\/\/rv-stg.fera.miewstudio.com\/fr\/","name":"[STG] Rota Vicentina","description":"A p\u00e9 pelo Trilho dos Pescadores, Caminho Hist\u00f3rico ou Percursos Circulares ou v\u00e1 de bicicleta pelos mais de 1000km de Trilhos de Bicicleta na Rota Vicentina.","publisher":{"@id":"https:\/\/rv-stg.fera.miewstudio.com\/fr\/#organization"},"potentialAction":[{"@type":"SearchAction","target":{"@type":"EntryPoint","urlTemplate":"https:\/\/rv-stg.fera.miewstudio.com\/fr\/?s={search_term_string}"},"query-input":{"@type":"PropertyValueSpecification","valueRequired":true,"valueName":"search_term_string"}}],"inLanguage":"fr-FR"},{"@type":"Organization","@id":"https:\/\/rv-stg.fera.miewstudio.com\/fr\/#organization","name":"[STG] Rota Vicentina","url":"https:\/\/rv-stg.fera.miewstudio.com\/fr\/","logo":{"@type":"ImageObject","inLanguage":"fr-FR","@id":"https:\/\/rv-stg.fera.miewstudio.com\/fr\/#\/schema\/logo\/image\/","url":"https:\/\/rv-stg.fera.miewstudio.com\/wp-content\/uploads\/2023\/02\/Rota-Vicentina-SW-Portugal.jpg","contentUrl":"https:\/\/rv-stg.fera.miewstudio.com\/wp-content\/uploads\/2023\/02\/Rota-Vicentina-SW-Portugal.jpg","width":"852","height":"480","caption":"[STG] Rota Vicentina"},"image":{"@id":"https:\/\/rv-stg.fera.miewstudio.com\/fr\/#\/schema\/logo\/image\/"},"sameAs":["https:\/\/www.facebook.com\/rotavicentina","https:\/\/x.com\/RotaVicentina","https:\/\/www.instagram.com\/rotavicentina\/","https:\/\/pt.linkedin.com\/company\/rota-vicentina"]}]}},"_links":{"self":[{"href":"https:\/\/rv-stg.fera.miewstudio.com\/fr\/wp-json\/wp\/v2\/product\/124462","targetHints":{"allow":["GET"]}}],"collection":[{"href":"https:\/\/rv-stg.fera.miewstudio.com\/fr\/wp-json\/wp\/v2\/product"}],"about":[{"href":"https:\/\/rv-stg.fera.miewstudio.com\/fr\/wp-json\/wp\/v2\/types\/product"}],"wp:featuredmedia":[{"embeddable":true,"href":"https:\/\/rv-stg.fera.miewstudio.com\/fr\/wp-json\/wp\/v2\/media\/124457"}],"wp:attachment":[{"href":"https:\/\/rv-stg.fera.miewstudio.com\/fr\/wp-json\/wp\/v2\/media?parent=124462"}],"wp:term":[{"taxonomy":"product_brand","embeddable":true,"href":"https:\/\/rv-stg.fera.miewstudio.com\/fr\/wp-json\/wp\/v2\/product_brand?post=124462"},{"taxonomy":"product_cat","embeddable":true,"href":"https:\/\/rv-stg.fera.miewstudio.com\/fr\/wp-json\/wp\/v2\/product_cat?post=124462"},{"taxonomy":"product_tag","embeddable":true,"href":"https:\/\/rv-stg.fera.miewstudio.com\/fr\/wp-json\/wp\/v2\/product_tag?post=124462"}],"curies":[{"name":"wp","href":"https:\/\/api.w.org\/{rel}","templated":true}]}}