{"id":124443,"date":"2025-02-11T17:57:09","date_gmt":"2025-02-11T17:57:09","guid":{"rendered":"https:\/\/rotavicentina.miewstudio.com\/product\/topo-guide-6eme-edition-2\/"},"modified":"2025-11-09T12:29:09","modified_gmt":"2025-11-09T12:29:09","slug":"topo-guide-6eme-edition-2","status":"publish","type":"product","link":"https:\/\/rv-stg.fera.miewstudio.com\/fr\/produit\/topo-guide-6eme-edition-2\/","title":{"rendered":"Topo Guide 6\u00e8me \u00e9dition"},"content":{"rendered":"<div class=\"wpb-content-wrapper\"><p>[vc_row][vc_column width=\u00a0\u00bb1\/1&Prime;][vc_column_text]<strong>6\u00e8me \u00e9dition du Topo Guide officiel de la Rota Vicentina\u00ae.<\/strong><\/p>\n<p>Il comprend toutes les informations concernant les 750 km de Sentiers P\u00e9destres de la Rota Vicentina : <a href=\"https:\/\/rv-stg.fera.miewstudio.com\/fr\/chemin-historique\/\"><strong>Chemin Historique<\/strong><\/a>, <a href=\"https:\/\/rv-stg.fera.miewstudio.com\/fr\/sentier-des-pecheurs\/\"><strong>Sentier des P\u00eacheurs<\/strong><\/a> et <a href=\"https:\/\/rv-stg.fera.miewstudio.com\/fr\/percursos-circulares\/\"><strong>Parcours Circulaires<\/strong><\/a>.<\/p>\n<p>Le Topo Guide officiel de la Rota Vicentina existe en versions <strong>anglaise et allemande<\/strong>.<\/p>\n<p><strong>\u00c9galement disponible en format <a href=\"https:\/\/issuu.com\/rotavicentina\" target=\"_blank\" rel=\"noopener\">e-book<\/a>.<\/strong> L\u2019achat se fait sur la plateforme ISSUU (pour cette version, par carte de cr\u00e9dit uniquement). <span style=\"font-weight: 400;\"><strong>Le t\u00e9l\u00e9chargement sur les liseuses n\u2019est pas autoris\u00e9<\/strong>, mais vous pouvez le consulter en ligne sur n\u2019importe quel ordinateur ou smartphone.<\/span><\/p>\n<p><span style=\"font-weight: 300;\">Cette \u00e9dition du Topo Guide a \u00e9t\u00e9 mise \u00e0 jour avec des informations sur les \u00e9tapes <a href=\"https:\/\/rv-stg.fera.miewstudio.com\/fr\/walking\/santiago-do-cacem-vale-seco-3\/\">Santiago do Cac\u00e9m \u00bb Vale Seco<\/a> et <a href=\"https:\/\/rv-stg.fera.miewstudio.com\/fr\/walking\/vale-seco-cercal-do-alentejo-3\/\">Vale Seco \u00bb Cercal do Alentejo<\/a> du Chemin Historique (2024).<\/span>[\/vc_column_text][\/vc_column][\/vc_row]<\/p>\n<\/div>","protected":false},"excerpt":{"rendered":"<p>Avec le Topo Guide, il est plus facile de pr\u00e9parer sa randonn\u00e9e p\u00e9destre sur la Rota Vicentina et de bien en profiter. Ayez sur vous, dans votre poche, toute l\u2019information pratique et tirez encore davantage parti de votre marche.<\/p>\n<p><u><a href=\"https:\/\/issuu.com\/rotavicentina\" target=\"_blank\" rel=\"noopener\"><strong>D\u00e9sormais disponible en format E-BOOK. <span style=\"color: #bacba6;\">Acheter ici.<\/span><\/strong><\/a><\/u><\/p>\n","protected":false},"featured_media":123593,"template":"","meta":{"_acf_changed":false},"product_brand":[],"product_cat":[1599],"product_tag":[],"class_list":{"0":"post-124443","1":"product","2":"type-product","3":"status-publish","4":"has-post-thumbnail","6":"product_cat-topo-guides-fr","7":"product_shipping_class-padrao-fr","9":"first","10":"instock","11":"purchasable","12":"product-type-variable"},"acf":[],"yoast_head":"<!-- This site is optimized with the Yoast SEO Premium plugin v19.5 (Yoast SEO v27.0) - https:\/\/yoast.com\/product\/yoast-seo-premium-wordpress\/ -->\n<title>Topo Guide officiel de la Rota Vicentina<\/title>\n<meta name=\"description\" content=\"Il comprend toutes les informations concernant les 750 km de Sentiers P\u00e9destres de la Rota Vicentina : Chemin Historique, Sentier des P\u00eacheurs et Parcours Circulaires.\" \/>\n<meta name=\"robots\" content=\"noindex, follow, max-snippet:-1, max-image-preview:large, max-video-preview:-1\" \/>\n<meta property=\"og:locale\" content=\"fr_FR\" \/>\n<meta property=\"og:type\" content=\"article\" \/>\n<meta property=\"og:title\" content=\"Topo Guide officiel de la Rota Vicentina\" \/>\n<meta property=\"og:description\" content=\"Il comprend toutes les informations concernant les 750 km de Sentiers P\u00e9destres de la Rota Vicentina : Chemin Historique, Sentier des P\u00eacheurs et Parcours Circulaires.\" \/>\n<meta property=\"og:url\" content=\"https:\/\/rv-stg.fera.miewstudio.com\/fr\/produit\/topo-guide-6eme-edition-2\/\" \/>\n<meta property=\"og:site_name\" content=\"[STG] Rota Vicentina\" \/>\n<meta property=\"article:publisher\" content=\"https:\/\/www.facebook.com\/rotavicentina\" \/>\n<meta property=\"article:modified_time\" content=\"2025-11-09T12:29:09+00:00\" \/>\n<meta property=\"og:image\" content=\"https:\/\/rv-stg.fera.miewstudio.com\/wp-content\/uploads\/2025\/02\/6\u00b0-edicao-Guide-Book-EN-1-1024x691.png\" \/>\n\t<meta property=\"og:image:width\" content=\"1024\" \/>\n\t<meta property=\"og:image:height\" content=\"691\" \/>\n\t<meta property=\"og:image:type\" content=\"image\/png\" \/>\n<meta name=\"twitter:card\" content=\"summary_large_image\" \/>\n<meta name=\"twitter:site\" content=\"@RotaVicentina\" \/>\n<meta name=\"twitter:label1\" content=\"Dur\u00e9e de lecture estim\u00e9e\" \/>\n\t<meta name=\"twitter:data1\" content=\"1 minute\" \/>\n<script type=\"application\/ld+json\" class=\"yoast-schema-graph\">{\"@context\":\"https:\/\/schema.org\",\"@graph\":[{\"@type\":\"WebPage\",\"@id\":\"https:\/\/rv-stg.fera.miewstudio.com\/fr\/produit\/topo-guide-6eme-edition-2\/\",\"url\":\"https:\/\/rv-stg.fera.miewstudio.com\/fr\/produit\/topo-guide-6eme-edition-2\/\",\"name\":\"Topo Guide officiel de la Rota Vicentina\",\"isPartOf\":{\"@id\":\"https:\/\/rv-stg.fera.miewstudio.com\/fr\/#website\"},\"primaryImageOfPage\":{\"@id\":\"https:\/\/rv-stg.fera.miewstudio.com\/fr\/produit\/topo-guide-6eme-edition-2\/#primaryimage\"},\"image\":{\"@id\":\"https:\/\/rv-stg.fera.miewstudio.com\/fr\/produit\/topo-guide-6eme-edition-2\/#primaryimage\"},\"thumbnailUrl\":\"https:\/\/rv-stg.fera.miewstudio.com\/wp-content\/uploads\/2025\/02\/6\u00b0-edicao-Guide-Book-EN-1.png\",\"datePublished\":\"2025-02-11T17:57:09+00:00\",\"dateModified\":\"2025-11-09T12:29:09+00:00\",\"description\":\"Il comprend toutes les informations concernant les 750 km de Sentiers P\u00e9destres de la Rota Vicentina : Chemin Historique, Sentier des P\u00eacheurs et Parcours Circulaires.\",\"breadcrumb\":{\"@id\":\"https:\/\/rv-stg.fera.miewstudio.com\/fr\/produit\/topo-guide-6eme-edition-2\/#breadcrumb\"},\"inLanguage\":\"fr-FR\",\"potentialAction\":[{\"@type\":\"ReadAction\",\"target\":[\"https:\/\/rv-stg.fera.miewstudio.com\/fr\/produit\/topo-guide-6eme-edition-2\/\"]}]},{\"@type\":\"ImageObject\",\"inLanguage\":\"fr-FR\",\"@id\":\"https:\/\/rv-stg.fera.miewstudio.com\/fr\/produit\/topo-guide-6eme-edition-2\/#primaryimage\",\"url\":\"https:\/\/rv-stg.fera.miewstudio.com\/wp-content\/uploads\/2025\/02\/6\u00b0-edicao-Guide-Book-EN-1.png\",\"contentUrl\":\"https:\/\/rv-stg.fera.miewstudio.com\/wp-content\/uploads\/2025\/02\/6\u00b0-edicao-Guide-Book-EN-1.png\",\"width\":1600,\"height\":1080,\"caption\":\"Cover Guide Book 6th Edition\"},{\"@type\":\"BreadcrumbList\",\"@id\":\"https:\/\/rv-stg.fera.miewstudio.com\/fr\/produit\/topo-guide-6eme-edition-2\/#breadcrumb\",\"itemListElement\":[{\"@type\":\"ListItem\",\"position\":1,\"name\":\"Boutique\",\"item\":\"https:\/\/rv-stg.fera.miewstudio.com\/fr\/boutique\/\"},{\"@type\":\"ListItem\",\"position\":2,\"name\":\"Topo Guide 6\u00e8me \u00e9dition\"}]},{\"@type\":\"WebSite\",\"@id\":\"https:\/\/rv-stg.fera.miewstudio.com\/fr\/#website\",\"url\":\"https:\/\/rv-stg.fera.miewstudio.com\/fr\/\",\"name\":\"[STG] Rota Vicentina\",\"description\":\"A p\u00e9 pelo Trilho dos Pescadores, Caminho Hist\u00f3rico ou Percursos Circulares ou v\u00e1 de bicicleta pelos mais de 1000km de Trilhos de Bicicleta na Rota Vicentina.\",\"publisher\":{\"@id\":\"https:\/\/rv-stg.fera.miewstudio.com\/fr\/#organization\"},\"potentialAction\":[{\"@type\":\"SearchAction\",\"target\":{\"@type\":\"EntryPoint\",\"urlTemplate\":\"https:\/\/rv-stg.fera.miewstudio.com\/fr\/?s={search_term_string}\"},\"query-input\":{\"@type\":\"PropertyValueSpecification\",\"valueRequired\":true,\"valueName\":\"search_term_string\"}}],\"inLanguage\":\"fr-FR\"},{\"@type\":\"Organization\",\"@id\":\"https:\/\/rv-stg.fera.miewstudio.com\/fr\/#organization\",\"name\":\"[STG] Rota Vicentina\",\"url\":\"https:\/\/rv-stg.fera.miewstudio.com\/fr\/\",\"logo\":{\"@type\":\"ImageObject\",\"inLanguage\":\"fr-FR\",\"@id\":\"https:\/\/rv-stg.fera.miewstudio.com\/fr\/#\/schema\/logo\/image\/\",\"url\":\"https:\/\/rv-stg.fera.miewstudio.com\/wp-content\/uploads\/2023\/02\/Rota-Vicentina-SW-Portugal.jpg\",\"contentUrl\":\"https:\/\/rv-stg.fera.miewstudio.com\/wp-content\/uploads\/2023\/02\/Rota-Vicentina-SW-Portugal.jpg\",\"width\":\"852\",\"height\":\"480\",\"caption\":\"[STG] Rota Vicentina\"},\"image\":{\"@id\":\"https:\/\/rv-stg.fera.miewstudio.com\/fr\/#\/schema\/logo\/image\/\"},\"sameAs\":[\"https:\/\/www.facebook.com\/rotavicentina\",\"https:\/\/x.com\/RotaVicentina\",\"https:\/\/www.instagram.com\/rotavicentina\/\",\"https:\/\/pt.linkedin.com\/company\/rota-vicentina\"]}]}<\/script>\n<!-- \/ Yoast SEO Premium plugin. -->","yoast_head_json":{"title":"Topo Guide officiel de la Rota Vicentina","description":"Il comprend toutes les informations concernant les 750 km de Sentiers P\u00e9destres de la Rota Vicentina : Chemin Historique, Sentier des P\u00eacheurs et Parcours Circulaires.","robots":{"index":"noindex","follow":"follow","max-snippet":"max-snippet:-1","max-image-preview":"max-image-preview:large","max-video-preview":"max-video-preview:-1"},"og_locale":"fr_FR","og_type":"article","og_title":"Topo Guide officiel de la Rota Vicentina","og_description":"Il comprend toutes les informations concernant les 750 km de Sentiers P\u00e9destres de la Rota Vicentina : Chemin Historique, Sentier des P\u00eacheurs et Parcours Circulaires.","og_url":"https:\/\/rv-stg.fera.miewstudio.com\/fr\/produit\/topo-guide-6eme-edition-2\/","og_site_name":"[STG] Rota Vicentina","article_publisher":"https:\/\/www.facebook.com\/rotavicentina","article_modified_time":"2025-11-09T12:29:09+00:00","og_image":[{"width":1024,"height":691,"url":"https:\/\/rv-stg.fera.miewstudio.com\/wp-content\/uploads\/2025\/02\/6\u00b0-edicao-Guide-Book-EN-1-1024x691.png","type":"image\/png"}],"twitter_card":"summary_large_image","twitter_site":"@RotaVicentina","twitter_misc":{"Dur\u00e9e de lecture estim\u00e9e":"1 minute"},"schema":{"@context":"https:\/\/schema.org","@graph":[{"@type":"WebPage","@id":"https:\/\/rv-stg.fera.miewstudio.com\/fr\/produit\/topo-guide-6eme-edition-2\/","url":"https:\/\/rv-stg.fera.miewstudio.com\/fr\/produit\/topo-guide-6eme-edition-2\/","name":"Topo Guide officiel de la Rota Vicentina","isPartOf":{"@id":"https:\/\/rv-stg.fera.miewstudio.com\/fr\/#website"},"primaryImageOfPage":{"@id":"https:\/\/rv-stg.fera.miewstudio.com\/fr\/produit\/topo-guide-6eme-edition-2\/#primaryimage"},"image":{"@id":"https:\/\/rv-stg.fera.miewstudio.com\/fr\/produit\/topo-guide-6eme-edition-2\/#primaryimage"},"thumbnailUrl":"https:\/\/rv-stg.fera.miewstudio.com\/wp-content\/uploads\/2025\/02\/6\u00b0-edicao-Guide-Book-EN-1.png","datePublished":"2025-02-11T17:57:09+00:00","dateModified":"2025-11-09T12:29:09+00:00","description":"Il comprend toutes les informations concernant les 750 km de Sentiers P\u00e9destres de la Rota Vicentina : Chemin Historique, Sentier des P\u00eacheurs et Parcours Circulaires.","breadcrumb":{"@id":"https:\/\/rv-stg.fera.miewstudio.com\/fr\/produit\/topo-guide-6eme-edition-2\/#breadcrumb"},"inLanguage":"fr-FR","potentialAction":[{"@type":"ReadAction","target":["https:\/\/rv-stg.fera.miewstudio.com\/fr\/produit\/topo-guide-6eme-edition-2\/"]}]},{"@type":"ImageObject","inLanguage":"fr-FR","@id":"https:\/\/rv-stg.fera.miewstudio.com\/fr\/produit\/topo-guide-6eme-edition-2\/#primaryimage","url":"https:\/\/rv-stg.fera.miewstudio.com\/wp-content\/uploads\/2025\/02\/6\u00b0-edicao-Guide-Book-EN-1.png","contentUrl":"https:\/\/rv-stg.fera.miewstudio.com\/wp-content\/uploads\/2025\/02\/6\u00b0-edicao-Guide-Book-EN-1.png","width":1600,"height":1080,"caption":"Cover Guide Book 6th Edition"},{"@type":"BreadcrumbList","@id":"https:\/\/rv-stg.fera.miewstudio.com\/fr\/produit\/topo-guide-6eme-edition-2\/#breadcrumb","itemListElement":[{"@type":"ListItem","position":1,"name":"Boutique","item":"https:\/\/rv-stg.fera.miewstudio.com\/fr\/boutique\/"},{"@type":"ListItem","position":2,"name":"Topo Guide 6\u00e8me \u00e9dition"}]},{"@type":"WebSite","@id":"https:\/\/rv-stg.fera.miewstudio.com\/fr\/#website","url":"https:\/\/rv-stg.fera.miewstudio.com\/fr\/","name":"[STG] Rota Vicentina","description":"A p\u00e9 pelo Trilho dos Pescadores, Caminho Hist\u00f3rico ou Percursos Circulares ou v\u00e1 de bicicleta pelos mais de 1000km de Trilhos de Bicicleta na Rota Vicentina.","publisher":{"@id":"https:\/\/rv-stg.fera.miewstudio.com\/fr\/#organization"},"potentialAction":[{"@type":"SearchAction","target":{"@type":"EntryPoint","urlTemplate":"https:\/\/rv-stg.fera.miewstudio.com\/fr\/?s={search_term_string}"},"query-input":{"@type":"PropertyValueSpecification","valueRequired":true,"valueName":"search_term_string"}}],"inLanguage":"fr-FR"},{"@type":"Organization","@id":"https:\/\/rv-stg.fera.miewstudio.com\/fr\/#organization","name":"[STG] Rota Vicentina","url":"https:\/\/rv-stg.fera.miewstudio.com\/fr\/","logo":{"@type":"ImageObject","inLanguage":"fr-FR","@id":"https:\/\/rv-stg.fera.miewstudio.com\/fr\/#\/schema\/logo\/image\/","url":"https:\/\/rv-stg.fera.miewstudio.com\/wp-content\/uploads\/2023\/02\/Rota-Vicentina-SW-Portugal.jpg","contentUrl":"https:\/\/rv-stg.fera.miewstudio.com\/wp-content\/uploads\/2023\/02\/Rota-Vicentina-SW-Portugal.jpg","width":"852","height":"480","caption":"[STG] Rota Vicentina"},"image":{"@id":"https:\/\/rv-stg.fera.miewstudio.com\/fr\/#\/schema\/logo\/image\/"},"sameAs":["https:\/\/www.facebook.com\/rotavicentina","https:\/\/x.com\/RotaVicentina","https:\/\/www.instagram.com\/rotavicentina\/","https:\/\/pt.linkedin.com\/company\/rota-vicentina"]}]}},"_links":{"self":[{"href":"https:\/\/rv-stg.fera.miewstudio.com\/fr\/wp-json\/wp\/v2\/product\/124443","targetHints":{"allow":["GET"]}}],"collection":[{"href":"https:\/\/rv-stg.fera.miewstudio.com\/fr\/wp-json\/wp\/v2\/product"}],"about":[{"href":"https:\/\/rv-stg.fera.miewstudio.com\/fr\/wp-json\/wp\/v2\/types\/product"}],"wp:featuredmedia":[{"embeddable":true,"href":"https:\/\/rv-stg.fera.miewstudio.com\/fr\/wp-json\/wp\/v2\/media\/123593"}],"wp:attachment":[{"href":"https:\/\/rv-stg.fera.miewstudio.com\/fr\/wp-json\/wp\/v2\/media?parent=124443"}],"wp:term":[{"taxonomy":"product_brand","embeddable":true,"href":"https:\/\/rv-stg.fera.miewstudio.com\/fr\/wp-json\/wp\/v2\/product_brand?post=124443"},{"taxonomy":"product_cat","embeddable":true,"href":"https:\/\/rv-stg.fera.miewstudio.com\/fr\/wp-json\/wp\/v2\/product_cat?post=124443"},{"taxonomy":"product_tag","embeddable":true,"href":"https:\/\/rv-stg.fera.miewstudio.com\/fr\/wp-json\/wp\/v2\/product_tag?post=124443"}],"curies":[{"name":"wp","href":"https:\/\/api.w.org\/{rel}","templated":true}]}}