{"id":124432,"date":"2025-05-09T14:18:13","date_gmt":"2025-05-09T14:18:13","guid":{"rendered":"https:\/\/rotavicentina.miewstudio.com\/?post_type=product&#038;p=124432"},"modified":"2025-10-24T07:49:50","modified_gmt":"2025-10-24T07:49:50","slug":"topo-guide","status":"publish","type":"product","link":"https:\/\/rv-stg.fera.miewstudio.com\/fr\/produit\/topo-guide\/","title":{"rendered":"Topo Guide 5\u00e8me \u00e9dition"},"content":{"rendered":"<p><strong>5\u00e8me \u00e9dition du Topo Guide officiel de la Rota Vicentina\u00ae.<\/strong><\/p>\n<p>Il comprend toutes les informations concernant les 750 km de Sentiers P\u00e9destres de la Rota Vicentina : <a href=\"https:\/\/rv-stg.fera.miewstudio.com\/walking\/caminho-historico\/\"><strong>Chemin Historique<\/strong><\/a>, <a href=\"https:\/\/rv-stg.fera.miewstudio.com\/walking\/trilho-dos-pescadores\/\"><strong>Sentier des P\u00eacheurs<\/strong><\/a> et <a href=\"https:\/\/rv-stg.fera.miewstudio.com\/walking\/percursos-circulares\/\"><strong>Parcours Circulaires<\/strong><\/a>.<\/p>\n<p>Le Topo Guide officiel de la Rota Vicentina existe en versions <strong>portugais et fran\u00e7ais<\/strong>. Les versions<strong> anglaise et allemande<\/strong> sont disponibles dans <a href=\"https:\/\/rv-stg.fera.miewstudio.com\/produto\/guia-de-campo-6a-edicao\/\"><strong>la 6\u00e8me \u00e9dition<\/strong><\/a>.<\/p>\n<p>\u00c9galement disponible en format<a href=\"https:\/\/rv-stg.fera.miewstudio.com\/produto\/ebook\/\"> e-book<\/a>.<\/p>\n<p><span style=\"font-weight: 300;\">Cette \u00e9dition du Topo Guide contient deux errata sur les \u00e9tapes <a href=\"https:\/\/rv-stg.fera.miewstudio.com\/walking\/santiago-do-cacem-vale-seco\/\">Santiago do Cac\u00e9m \u00bb Vale Seco<\/a> et <a href=\"https:\/\/rv-stg.fera.miewstudio.com\/walking\/vale-seco-cercal-do-alentejo\/\">Vale Seco \u00bb Cercal do Alentejo<\/a> du Chemin Historique (2024).<\/span><\/p>\n","protected":false},"excerpt":{"rendered":"<p><strong>5\u00e8me \u00e9dition du Topo Guide officiel de la Rota Vicentina\u00ae.<\/strong><\/p>\n<p>Avec le Topo Guide, il est plus facile de pr\u00e9parer sa randonn\u00e9e p\u00e9destre sur la Rota Vicentina et de bien en profiter. Ayez sur vous, dans votre poche, toute l\u2019information pratique et tirez encore davantage parti de votre marche.<\/p>\n<p>Disponible en 2 langues : <strong>portugais et fran\u00e7ais<\/strong>. Les versions <strong>anglaise et allemande<\/strong> sont disponibles dans la <strong><a href=\"https:\/\/rv-stg.fera.miewstudio.com\/produto\/guia-de-campo-6a-edicao\/\">6e \u00e9dition du Topo Guide<\/a><\/strong> ou en format<a href=\"https:\/\/rv-stg.fera.miewstudio.com\/produto\/ebook\/\"><strong> e-book<\/strong><\/a>.<\/p>\n","protected":false},"featured_media":59796,"template":"","meta":{"_acf_changed":false},"product_brand":[],"product_cat":[1599],"product_tag":[],"class_list":{"0":"post-124432","1":"product","2":"type-product","3":"status-publish","4":"has-post-thumbnail","6":"product_cat-topo-guides-fr","7":"product_shipping_class-padrao-fr","9":"first","10":"instock","11":"purchasable","12":"product-type-variable"},"acf":[],"yoast_head":"<!-- This site is optimized with the Yoast SEO Premium plugin v19.5 (Yoast SEO v27.0) - https:\/\/yoast.com\/product\/yoast-seo-premium-wordpress\/ -->\n<title>Topo Guide de Sentiers P\u00e9destres de la Rota Vicentina<\/title>\n<meta name=\"description\" content=\"Avec le Topo Guide, il est plus facile de pr\u00e9parer sa randonn\u00e9e p\u00e9destre sur la Rota Vicentina et de bien en profiter. Ayez sur vous, dans votre poche, toute l\u2019information pratique et tirez encore davantage parti de votre marche. La 5\u00e8me \u00e9dition est disponible en portugais et en fran\u00e7ais.\" \/>\n<meta name=\"robots\" content=\"noindex, follow, max-snippet:-1, max-image-preview:large, max-video-preview:-1\" \/>\n<meta property=\"og:locale\" content=\"fr_FR\" \/>\n<meta property=\"og:type\" content=\"article\" \/>\n<meta property=\"og:title\" content=\"Topo Guide de Sentiers P\u00e9destres de la Rota Vicentina\" \/>\n<meta property=\"og:description\" content=\"Avec le Topo Guide, il est plus facile de pr\u00e9parer sa randonn\u00e9e p\u00e9destre sur la Rota Vicentina et de bien en profiter. Ayez sur vous, dans votre poche, toute l\u2019information pratique et tirez encore davantage parti de votre marche. La 5\u00e8me \u00e9dition est disponible en portugais et en fran\u00e7ais.\" \/>\n<meta property=\"og:url\" content=\"https:\/\/rv-stg.fera.miewstudio.com\/fr\/produit\/topo-guide\/\" \/>\n<meta property=\"og:site_name\" content=\"[STG] Rota Vicentina\" \/>\n<meta property=\"article:publisher\" content=\"https:\/\/www.facebook.com\/rotavicentina\" \/>\n<meta property=\"article:modified_time\" content=\"2025-10-24T07:49:50+00:00\" \/>\n<meta property=\"og:image\" content=\"https:\/\/rv-stg.fera.miewstudio.com\/wp-content\/uploads\/2022\/09\/guia-rota-vicentina-1.jpg\" \/>\n\t<meta property=\"og:image:width\" content=\"1000\" \/>\n\t<meta property=\"og:image:height\" content=\"667\" \/>\n\t<meta property=\"og:image:type\" content=\"image\/jpeg\" \/>\n<meta name=\"twitter:card\" content=\"summary_large_image\" \/>\n<meta name=\"twitter:site\" content=\"@RotaVicentina\" \/>\n<meta name=\"twitter:label1\" content=\"Dur\u00e9e de lecture estim\u00e9e\" \/>\n\t<meta name=\"twitter:data1\" content=\"1 minute\" \/>\n<script type=\"application\/ld+json\" class=\"yoast-schema-graph\">{\"@context\":\"https:\/\/schema.org\",\"@graph\":[{\"@type\":\"WebPage\",\"@id\":\"https:\/\/rv-stg.fera.miewstudio.com\/fr\/produit\/topo-guide\/\",\"url\":\"https:\/\/rv-stg.fera.miewstudio.com\/fr\/produit\/topo-guide\/\",\"name\":\"Topo Guide de Sentiers P\u00e9destres de la Rota Vicentina\",\"isPartOf\":{\"@id\":\"https:\/\/rv-stg.fera.miewstudio.com\/fr\/#website\"},\"primaryImageOfPage\":{\"@id\":\"https:\/\/rv-stg.fera.miewstudio.com\/fr\/produit\/topo-guide\/#primaryimage\"},\"image\":{\"@id\":\"https:\/\/rv-stg.fera.miewstudio.com\/fr\/produit\/topo-guide\/#primaryimage\"},\"thumbnailUrl\":\"https:\/\/rv-stg.fera.miewstudio.com\/wp-content\/uploads\/2022\/09\/guia-rota-vicentina-1.jpg\",\"datePublished\":\"2025-05-09T14:18:13+00:00\",\"dateModified\":\"2025-10-24T07:49:50+00:00\",\"description\":\"Avec le Topo Guide, il est plus facile de pr\u00e9parer sa randonn\u00e9e p\u00e9destre sur la Rota Vicentina et de bien en profiter. Ayez sur vous, dans votre poche, toute l\u2019information pratique et tirez encore davantage parti de votre marche. La 5\u00e8me \u00e9dition est disponible en portugais et en fran\u00e7ais.\",\"breadcrumb\":{\"@id\":\"https:\/\/rv-stg.fera.miewstudio.com\/fr\/produit\/topo-guide\/#breadcrumb\"},\"inLanguage\":\"fr-FR\",\"potentialAction\":[{\"@type\":\"ReadAction\",\"target\":[\"https:\/\/rv-stg.fera.miewstudio.com\/fr\/produit\/topo-guide\/\"]}]},{\"@type\":\"ImageObject\",\"inLanguage\":\"fr-FR\",\"@id\":\"https:\/\/rv-stg.fera.miewstudio.com\/fr\/produit\/topo-guide\/#primaryimage\",\"url\":\"https:\/\/rv-stg.fera.miewstudio.com\/wp-content\/uploads\/2022\/09\/guia-rota-vicentina-1.jpg\",\"contentUrl\":\"https:\/\/rv-stg.fera.miewstudio.com\/wp-content\/uploads\/2022\/09\/guia-rota-vicentina-1.jpg\",\"width\":1000,\"height\":667,\"caption\":\"Guia de Campo Rota Vicentina\"},{\"@type\":\"BreadcrumbList\",\"@id\":\"https:\/\/rv-stg.fera.miewstudio.com\/fr\/produit\/topo-guide\/#breadcrumb\",\"itemListElement\":[{\"@type\":\"ListItem\",\"position\":1,\"name\":\"Boutique\",\"item\":\"https:\/\/rv-stg.fera.miewstudio.com\/fr\/boutique\/\"},{\"@type\":\"ListItem\",\"position\":2,\"name\":\"Topo Guide 5\u00e8me \u00e9dition\"}]},{\"@type\":\"WebSite\",\"@id\":\"https:\/\/rv-stg.fera.miewstudio.com\/fr\/#website\",\"url\":\"https:\/\/rv-stg.fera.miewstudio.com\/fr\/\",\"name\":\"[STG] Rota Vicentina\",\"description\":\"A p\u00e9 pelo Trilho dos Pescadores, Caminho Hist\u00f3rico ou Percursos Circulares ou v\u00e1 de bicicleta pelos mais de 1000km de Trilhos de Bicicleta na Rota Vicentina.\",\"publisher\":{\"@id\":\"https:\/\/rv-stg.fera.miewstudio.com\/fr\/#organization\"},\"potentialAction\":[{\"@type\":\"SearchAction\",\"target\":{\"@type\":\"EntryPoint\",\"urlTemplate\":\"https:\/\/rv-stg.fera.miewstudio.com\/fr\/?s={search_term_string}\"},\"query-input\":{\"@type\":\"PropertyValueSpecification\",\"valueRequired\":true,\"valueName\":\"search_term_string\"}}],\"inLanguage\":\"fr-FR\"},{\"@type\":\"Organization\",\"@id\":\"https:\/\/rv-stg.fera.miewstudio.com\/fr\/#organization\",\"name\":\"[STG] Rota Vicentina\",\"url\":\"https:\/\/rv-stg.fera.miewstudio.com\/fr\/\",\"logo\":{\"@type\":\"ImageObject\",\"inLanguage\":\"fr-FR\",\"@id\":\"https:\/\/rv-stg.fera.miewstudio.com\/fr\/#\/schema\/logo\/image\/\",\"url\":\"https:\/\/rv-stg.fera.miewstudio.com\/wp-content\/uploads\/2023\/02\/Rota-Vicentina-SW-Portugal.jpg\",\"contentUrl\":\"https:\/\/rv-stg.fera.miewstudio.com\/wp-content\/uploads\/2023\/02\/Rota-Vicentina-SW-Portugal.jpg\",\"width\":\"852\",\"height\":\"480\",\"caption\":\"[STG] Rota Vicentina\"},\"image\":{\"@id\":\"https:\/\/rv-stg.fera.miewstudio.com\/fr\/#\/schema\/logo\/image\/\"},\"sameAs\":[\"https:\/\/www.facebook.com\/rotavicentina\",\"https:\/\/x.com\/RotaVicentina\",\"https:\/\/www.instagram.com\/rotavicentina\/\",\"https:\/\/pt.linkedin.com\/company\/rota-vicentina\"]}]}<\/script>\n<!-- \/ Yoast SEO Premium plugin. -->","yoast_head_json":{"title":"Topo Guide de Sentiers P\u00e9destres de la Rota Vicentina","description":"Avec le Topo Guide, il est plus facile de pr\u00e9parer sa randonn\u00e9e p\u00e9destre sur la Rota Vicentina et de bien en profiter. Ayez sur vous, dans votre poche, toute l\u2019information pratique et tirez encore davantage parti de votre marche. La 5\u00e8me \u00e9dition est disponible en portugais et en fran\u00e7ais.","robots":{"index":"noindex","follow":"follow","max-snippet":"max-snippet:-1","max-image-preview":"max-image-preview:large","max-video-preview":"max-video-preview:-1"},"og_locale":"fr_FR","og_type":"article","og_title":"Topo Guide de Sentiers P\u00e9destres de la Rota Vicentina","og_description":"Avec le Topo Guide, il est plus facile de pr\u00e9parer sa randonn\u00e9e p\u00e9destre sur la Rota Vicentina et de bien en profiter. Ayez sur vous, dans votre poche, toute l\u2019information pratique et tirez encore davantage parti de votre marche. La 5\u00e8me \u00e9dition est disponible en portugais et en fran\u00e7ais.","og_url":"https:\/\/rv-stg.fera.miewstudio.com\/fr\/produit\/topo-guide\/","og_site_name":"[STG] Rota Vicentina","article_publisher":"https:\/\/www.facebook.com\/rotavicentina","article_modified_time":"2025-10-24T07:49:50+00:00","og_image":[{"width":1000,"height":667,"url":"https:\/\/rv-stg.fera.miewstudio.com\/wp-content\/uploads\/2022\/09\/guia-rota-vicentina-1.jpg","type":"image\/jpeg"}],"twitter_card":"summary_large_image","twitter_site":"@RotaVicentina","twitter_misc":{"Dur\u00e9e de lecture estim\u00e9e":"1 minute"},"schema":{"@context":"https:\/\/schema.org","@graph":[{"@type":"WebPage","@id":"https:\/\/rv-stg.fera.miewstudio.com\/fr\/produit\/topo-guide\/","url":"https:\/\/rv-stg.fera.miewstudio.com\/fr\/produit\/topo-guide\/","name":"Topo Guide de Sentiers P\u00e9destres de la Rota Vicentina","isPartOf":{"@id":"https:\/\/rv-stg.fera.miewstudio.com\/fr\/#website"},"primaryImageOfPage":{"@id":"https:\/\/rv-stg.fera.miewstudio.com\/fr\/produit\/topo-guide\/#primaryimage"},"image":{"@id":"https:\/\/rv-stg.fera.miewstudio.com\/fr\/produit\/topo-guide\/#primaryimage"},"thumbnailUrl":"https:\/\/rv-stg.fera.miewstudio.com\/wp-content\/uploads\/2022\/09\/guia-rota-vicentina-1.jpg","datePublished":"2025-05-09T14:18:13+00:00","dateModified":"2025-10-24T07:49:50+00:00","description":"Avec le Topo Guide, il est plus facile de pr\u00e9parer sa randonn\u00e9e p\u00e9destre sur la Rota Vicentina et de bien en profiter. Ayez sur vous, dans votre poche, toute l\u2019information pratique et tirez encore davantage parti de votre marche. La 5\u00e8me \u00e9dition est disponible en portugais et en fran\u00e7ais.","breadcrumb":{"@id":"https:\/\/rv-stg.fera.miewstudio.com\/fr\/produit\/topo-guide\/#breadcrumb"},"inLanguage":"fr-FR","potentialAction":[{"@type":"ReadAction","target":["https:\/\/rv-stg.fera.miewstudio.com\/fr\/produit\/topo-guide\/"]}]},{"@type":"ImageObject","inLanguage":"fr-FR","@id":"https:\/\/rv-stg.fera.miewstudio.com\/fr\/produit\/topo-guide\/#primaryimage","url":"https:\/\/rv-stg.fera.miewstudio.com\/wp-content\/uploads\/2022\/09\/guia-rota-vicentina-1.jpg","contentUrl":"https:\/\/rv-stg.fera.miewstudio.com\/wp-content\/uploads\/2022\/09\/guia-rota-vicentina-1.jpg","width":1000,"height":667,"caption":"Guia de Campo Rota Vicentina"},{"@type":"BreadcrumbList","@id":"https:\/\/rv-stg.fera.miewstudio.com\/fr\/produit\/topo-guide\/#breadcrumb","itemListElement":[{"@type":"ListItem","position":1,"name":"Boutique","item":"https:\/\/rv-stg.fera.miewstudio.com\/fr\/boutique\/"},{"@type":"ListItem","position":2,"name":"Topo Guide 5\u00e8me \u00e9dition"}]},{"@type":"WebSite","@id":"https:\/\/rv-stg.fera.miewstudio.com\/fr\/#website","url":"https:\/\/rv-stg.fera.miewstudio.com\/fr\/","name":"[STG] Rota Vicentina","description":"A p\u00e9 pelo Trilho dos Pescadores, Caminho Hist\u00f3rico ou Percursos Circulares ou v\u00e1 de bicicleta pelos mais de 1000km de Trilhos de Bicicleta na Rota Vicentina.","publisher":{"@id":"https:\/\/rv-stg.fera.miewstudio.com\/fr\/#organization"},"potentialAction":[{"@type":"SearchAction","target":{"@type":"EntryPoint","urlTemplate":"https:\/\/rv-stg.fera.miewstudio.com\/fr\/?s={search_term_string}"},"query-input":{"@type":"PropertyValueSpecification","valueRequired":true,"valueName":"search_term_string"}}],"inLanguage":"fr-FR"},{"@type":"Organization","@id":"https:\/\/rv-stg.fera.miewstudio.com\/fr\/#organization","name":"[STG] Rota Vicentina","url":"https:\/\/rv-stg.fera.miewstudio.com\/fr\/","logo":{"@type":"ImageObject","inLanguage":"fr-FR","@id":"https:\/\/rv-stg.fera.miewstudio.com\/fr\/#\/schema\/logo\/image\/","url":"https:\/\/rv-stg.fera.miewstudio.com\/wp-content\/uploads\/2023\/02\/Rota-Vicentina-SW-Portugal.jpg","contentUrl":"https:\/\/rv-stg.fera.miewstudio.com\/wp-content\/uploads\/2023\/02\/Rota-Vicentina-SW-Portugal.jpg","width":"852","height":"480","caption":"[STG] Rota Vicentina"},"image":{"@id":"https:\/\/rv-stg.fera.miewstudio.com\/fr\/#\/schema\/logo\/image\/"},"sameAs":["https:\/\/www.facebook.com\/rotavicentina","https:\/\/x.com\/RotaVicentina","https:\/\/www.instagram.com\/rotavicentina\/","https:\/\/pt.linkedin.com\/company\/rota-vicentina"]}]}},"_links":{"self":[{"href":"https:\/\/rv-stg.fera.miewstudio.com\/fr\/wp-json\/wp\/v2\/product\/124432","targetHints":{"allow":["GET"]}}],"collection":[{"href":"https:\/\/rv-stg.fera.miewstudio.com\/fr\/wp-json\/wp\/v2\/product"}],"about":[{"href":"https:\/\/rv-stg.fera.miewstudio.com\/fr\/wp-json\/wp\/v2\/types\/product"}],"wp:featuredmedia":[{"embeddable":true,"href":"https:\/\/rv-stg.fera.miewstudio.com\/fr\/wp-json\/wp\/v2\/media\/59796"}],"wp:attachment":[{"href":"https:\/\/rv-stg.fera.miewstudio.com\/fr\/wp-json\/wp\/v2\/media?parent=124432"}],"wp:term":[{"taxonomy":"product_brand","embeddable":true,"href":"https:\/\/rv-stg.fera.miewstudio.com\/fr\/wp-json\/wp\/v2\/product_brand?post=124432"},{"taxonomy":"product_cat","embeddable":true,"href":"https:\/\/rv-stg.fera.miewstudio.com\/fr\/wp-json\/wp\/v2\/product_cat?post=124432"},{"taxonomy":"product_tag","embeddable":true,"href":"https:\/\/rv-stg.fera.miewstudio.com\/fr\/wp-json\/wp\/v2\/product_tag?post=124432"}],"curies":[{"name":"wp","href":"https:\/\/api.w.org\/{rel}","templated":true}]}}