{"id":112861,"date":"2023-12-22T15:25:49","date_gmt":"2023-12-22T15:25:49","guid":{"rendered":"https:\/\/rotavicentina.miewstudio.com\/?post_type=product&#038;p=112861"},"modified":"2025-10-07T00:07:29","modified_gmt":"2025-10-07T00:07:29","slug":"embleme","status":"publish","type":"product","link":"https:\/\/rv-stg.fera.miewstudio.com\/fr\/produit\/embleme\/","title":{"rendered":"Embl\u00e8me"},"content":{"rendered":"<p><span style=\"font-weight: 300;\">Embl\u00e8me rond brod\u00e9 au Portugal avec le logotype de la Rota Vicentina. Bordure marron et tissu beige. \u00c0 appliquer \u00e0 l&rsquo;aide d&rsquo;un film thermocollant. Consultez les recommandations d&rsquo;application dans la section \u00ab Informations suppl\u00e9mentaires \u00bb. <\/span><\/p>\n","protected":false},"excerpt":{"rendered":"<p><strong>Embl\u00e8me officiel de la Rota Vicentina, brod\u00e9 au Portugal.<\/strong><\/p>\n<p>Plus qu\u2019un accessoire, c\u2019est une tradition de randonn\u00e9e qui c\u00e9l\u00e8bre chaque pas fait sur les sentiers de la Rota Vicentina!<\/p>\n<p>Appliquez cet embl\u00e8me sur vos v\u00eatements ou votre sac \u00e0 dos comme symbole des exploits et des souvenirs v\u00e9cus dans le sud-ouest du Portugal.<\/p>\n","protected":false},"featured_media":112832,"template":"","meta":{"_acf_changed":false},"product_brand":[],"product_cat":[1623],"product_tag":[],"class_list":{"0":"post-112861","1":"product","2":"type-product","3":"status-publish","4":"has-post-thumbnail","6":"product_cat-sans-categorie","7":"product_shipping_class-leger","9":"first","10":"instock","11":"purchasable","12":"product-type-simple"},"acf":[],"yoast_head":"<!-- This site is optimized with the Yoast SEO Premium plugin v19.5 (Yoast SEO v27.0) - https:\/\/yoast.com\/product\/yoast-seo-premium-wordpress\/ -->\n<title>Embl\u00e8me Brod\u00e9 Rota Vicentina<\/title>\n<meta name=\"description\" content=\"Embl\u00e8me officiel de la Rota Vicentina, brod\u00e9 au Portugal. Appliquez cet embl\u00e8me sur vos v\u00eatements ou votre sac \u00e0 dos comme symbole des exploits et des souvenirs v\u00e9cus dans le sud-ouest du Portugal.\" \/>\n<meta name=\"robots\" content=\"noindex, follow, max-snippet:-1, max-image-preview:large, max-video-preview:-1\" \/>\n<meta property=\"og:locale\" content=\"fr_FR\" \/>\n<meta property=\"og:type\" content=\"article\" \/>\n<meta property=\"og:title\" content=\"Embl\u00e8me Brod\u00e9 Rota Vicentina\" \/>\n<meta property=\"og:description\" content=\"Embl\u00e8me officiel de la Rota Vicentina, brod\u00e9 au Portugal. Appliquez cet embl\u00e8me sur vos v\u00eatements ou votre sac \u00e0 dos comme symbole des exploits et des souvenirs v\u00e9cus dans le sud-ouest du Portugal.\" \/>\n<meta property=\"og:url\" content=\"https:\/\/rv-stg.fera.miewstudio.com\/fr\/produit\/embleme\/\" \/>\n<meta property=\"og:site_name\" content=\"[STG] Rota Vicentina\" \/>\n<meta property=\"article:publisher\" content=\"https:\/\/www.facebook.com\/rotavicentina\" \/>\n<meta property=\"article:modified_time\" content=\"2025-10-07T00:07:29+00:00\" \/>\n<meta property=\"og:image\" content=\"https:\/\/rv-stg.fera.miewstudio.com\/wp-content\/uploads\/2023\/12\/Fotos-Emblema-Rota-Vicentina.jpg\" \/>\n\t<meta property=\"og:image:width\" content=\"1200\" \/>\n\t<meta property=\"og:image:height\" content=\"750\" \/>\n\t<meta property=\"og:image:type\" content=\"image\/jpeg\" \/>\n<meta name=\"twitter:card\" content=\"summary_large_image\" \/>\n<meta name=\"twitter:site\" content=\"@RotaVicentina\" \/>\n<meta name=\"twitter:label1\" content=\"Dur\u00e9e de lecture estim\u00e9e\" \/>\n\t<meta name=\"twitter:data1\" content=\"1 minute\" \/>\n<script type=\"application\/ld+json\" class=\"yoast-schema-graph\">{\"@context\":\"https:\/\/schema.org\",\"@graph\":[{\"@type\":\"WebPage\",\"@id\":\"https:\/\/rv-stg.fera.miewstudio.com\/fr\/produit\/embleme\/\",\"url\":\"https:\/\/rv-stg.fera.miewstudio.com\/fr\/produit\/embleme\/\",\"name\":\"Embl\u00e8me Brod\u00e9 Rota Vicentina\",\"isPartOf\":{\"@id\":\"https:\/\/rv-stg.fera.miewstudio.com\/fr\/#website\"},\"primaryImageOfPage\":{\"@id\":\"https:\/\/rv-stg.fera.miewstudio.com\/fr\/produit\/embleme\/#primaryimage\"},\"image\":{\"@id\":\"https:\/\/rv-stg.fera.miewstudio.com\/fr\/produit\/embleme\/#primaryimage\"},\"thumbnailUrl\":\"https:\/\/rv-stg.fera.miewstudio.com\/wp-content\/uploads\/2023\/12\/Fotos-Emblema-Rota-Vicentina.jpg\",\"datePublished\":\"2023-12-22T15:25:49+00:00\",\"dateModified\":\"2025-10-07T00:07:29+00:00\",\"description\":\"Embl\u00e8me officiel de la Rota Vicentina, brod\u00e9 au Portugal. Appliquez cet embl\u00e8me sur vos v\u00eatements ou votre sac \u00e0 dos comme symbole des exploits et des souvenirs v\u00e9cus dans le sud-ouest du Portugal.\",\"breadcrumb\":{\"@id\":\"https:\/\/rv-stg.fera.miewstudio.com\/fr\/produit\/embleme\/#breadcrumb\"},\"inLanguage\":\"fr-FR\",\"potentialAction\":[{\"@type\":\"ReadAction\",\"target\":[\"https:\/\/rv-stg.fera.miewstudio.com\/fr\/produit\/embleme\/\"]}]},{\"@type\":\"ImageObject\",\"inLanguage\":\"fr-FR\",\"@id\":\"https:\/\/rv-stg.fera.miewstudio.com\/fr\/produit\/embleme\/#primaryimage\",\"url\":\"https:\/\/rv-stg.fera.miewstudio.com\/wp-content\/uploads\/2023\/12\/Fotos-Emblema-Rota-Vicentina.jpg\",\"contentUrl\":\"https:\/\/rv-stg.fera.miewstudio.com\/wp-content\/uploads\/2023\/12\/Fotos-Emblema-Rota-Vicentina.jpg\",\"width\":1200,\"height\":750,\"caption\":\"Embl\u00e8me de la Rota Vicentina\"},{\"@type\":\"BreadcrumbList\",\"@id\":\"https:\/\/rv-stg.fera.miewstudio.com\/fr\/produit\/embleme\/#breadcrumb\",\"itemListElement\":[{\"@type\":\"ListItem\",\"position\":1,\"name\":\"Boutique\",\"item\":\"https:\/\/rv-stg.fera.miewstudio.com\/fr\/boutique\/\"},{\"@type\":\"ListItem\",\"position\":2,\"name\":\"Embl\u00e8me\"}]},{\"@type\":\"WebSite\",\"@id\":\"https:\/\/rv-stg.fera.miewstudio.com\/fr\/#website\",\"url\":\"https:\/\/rv-stg.fera.miewstudio.com\/fr\/\",\"name\":\"[STG] Rota Vicentina\",\"description\":\"A p\u00e9 pelo Trilho dos Pescadores, Caminho Hist\u00f3rico ou Percursos Circulares ou v\u00e1 de bicicleta pelos mais de 1000km de Trilhos de Bicicleta na Rota Vicentina.\",\"publisher\":{\"@id\":\"https:\/\/rv-stg.fera.miewstudio.com\/fr\/#organization\"},\"potentialAction\":[{\"@type\":\"SearchAction\",\"target\":{\"@type\":\"EntryPoint\",\"urlTemplate\":\"https:\/\/rv-stg.fera.miewstudio.com\/fr\/?s={search_term_string}\"},\"query-input\":{\"@type\":\"PropertyValueSpecification\",\"valueRequired\":true,\"valueName\":\"search_term_string\"}}],\"inLanguage\":\"fr-FR\"},{\"@type\":\"Organization\",\"@id\":\"https:\/\/rv-stg.fera.miewstudio.com\/fr\/#organization\",\"name\":\"[STG] Rota Vicentina\",\"url\":\"https:\/\/rv-stg.fera.miewstudio.com\/fr\/\",\"logo\":{\"@type\":\"ImageObject\",\"inLanguage\":\"fr-FR\",\"@id\":\"https:\/\/rv-stg.fera.miewstudio.com\/fr\/#\/schema\/logo\/image\/\",\"url\":\"https:\/\/rv-stg.fera.miewstudio.com\/wp-content\/uploads\/2023\/02\/Rota-Vicentina-SW-Portugal.jpg\",\"contentUrl\":\"https:\/\/rv-stg.fera.miewstudio.com\/wp-content\/uploads\/2023\/02\/Rota-Vicentina-SW-Portugal.jpg\",\"width\":\"852\",\"height\":\"480\",\"caption\":\"[STG] Rota Vicentina\"},\"image\":{\"@id\":\"https:\/\/rv-stg.fera.miewstudio.com\/fr\/#\/schema\/logo\/image\/\"},\"sameAs\":[\"https:\/\/www.facebook.com\/rotavicentina\",\"https:\/\/x.com\/RotaVicentina\",\"https:\/\/www.instagram.com\/rotavicentina\/\",\"https:\/\/pt.linkedin.com\/company\/rota-vicentina\"]}]}<\/script>\n<!-- \/ Yoast SEO Premium plugin. -->","yoast_head_json":{"title":"Embl\u00e8me Brod\u00e9 Rota Vicentina","description":"Embl\u00e8me officiel de la Rota Vicentina, brod\u00e9 au Portugal. Appliquez cet embl\u00e8me sur vos v\u00eatements ou votre sac \u00e0 dos comme symbole des exploits et des souvenirs v\u00e9cus dans le sud-ouest du Portugal.","robots":{"index":"noindex","follow":"follow","max-snippet":"max-snippet:-1","max-image-preview":"max-image-preview:large","max-video-preview":"max-video-preview:-1"},"og_locale":"fr_FR","og_type":"article","og_title":"Embl\u00e8me Brod\u00e9 Rota Vicentina","og_description":"Embl\u00e8me officiel de la Rota Vicentina, brod\u00e9 au Portugal. Appliquez cet embl\u00e8me sur vos v\u00eatements ou votre sac \u00e0 dos comme symbole des exploits et des souvenirs v\u00e9cus dans le sud-ouest du Portugal.","og_url":"https:\/\/rv-stg.fera.miewstudio.com\/fr\/produit\/embleme\/","og_site_name":"[STG] Rota Vicentina","article_publisher":"https:\/\/www.facebook.com\/rotavicentina","article_modified_time":"2025-10-07T00:07:29+00:00","og_image":[{"width":1200,"height":750,"url":"https:\/\/rv-stg.fera.miewstudio.com\/wp-content\/uploads\/2023\/12\/Fotos-Emblema-Rota-Vicentina.jpg","type":"image\/jpeg"}],"twitter_card":"summary_large_image","twitter_site":"@RotaVicentina","twitter_misc":{"Dur\u00e9e de lecture estim\u00e9e":"1 minute"},"schema":{"@context":"https:\/\/schema.org","@graph":[{"@type":"WebPage","@id":"https:\/\/rv-stg.fera.miewstudio.com\/fr\/produit\/embleme\/","url":"https:\/\/rv-stg.fera.miewstudio.com\/fr\/produit\/embleme\/","name":"Embl\u00e8me Brod\u00e9 Rota Vicentina","isPartOf":{"@id":"https:\/\/rv-stg.fera.miewstudio.com\/fr\/#website"},"primaryImageOfPage":{"@id":"https:\/\/rv-stg.fera.miewstudio.com\/fr\/produit\/embleme\/#primaryimage"},"image":{"@id":"https:\/\/rv-stg.fera.miewstudio.com\/fr\/produit\/embleme\/#primaryimage"},"thumbnailUrl":"https:\/\/rv-stg.fera.miewstudio.com\/wp-content\/uploads\/2023\/12\/Fotos-Emblema-Rota-Vicentina.jpg","datePublished":"2023-12-22T15:25:49+00:00","dateModified":"2025-10-07T00:07:29+00:00","description":"Embl\u00e8me officiel de la Rota Vicentina, brod\u00e9 au Portugal. Appliquez cet embl\u00e8me sur vos v\u00eatements ou votre sac \u00e0 dos comme symbole des exploits et des souvenirs v\u00e9cus dans le sud-ouest du Portugal.","breadcrumb":{"@id":"https:\/\/rv-stg.fera.miewstudio.com\/fr\/produit\/embleme\/#breadcrumb"},"inLanguage":"fr-FR","potentialAction":[{"@type":"ReadAction","target":["https:\/\/rv-stg.fera.miewstudio.com\/fr\/produit\/embleme\/"]}]},{"@type":"ImageObject","inLanguage":"fr-FR","@id":"https:\/\/rv-stg.fera.miewstudio.com\/fr\/produit\/embleme\/#primaryimage","url":"https:\/\/rv-stg.fera.miewstudio.com\/wp-content\/uploads\/2023\/12\/Fotos-Emblema-Rota-Vicentina.jpg","contentUrl":"https:\/\/rv-stg.fera.miewstudio.com\/wp-content\/uploads\/2023\/12\/Fotos-Emblema-Rota-Vicentina.jpg","width":1200,"height":750,"caption":"Embl\u00e8me de la Rota Vicentina"},{"@type":"BreadcrumbList","@id":"https:\/\/rv-stg.fera.miewstudio.com\/fr\/produit\/embleme\/#breadcrumb","itemListElement":[{"@type":"ListItem","position":1,"name":"Boutique","item":"https:\/\/rv-stg.fera.miewstudio.com\/fr\/boutique\/"},{"@type":"ListItem","position":2,"name":"Embl\u00e8me"}]},{"@type":"WebSite","@id":"https:\/\/rv-stg.fera.miewstudio.com\/fr\/#website","url":"https:\/\/rv-stg.fera.miewstudio.com\/fr\/","name":"[STG] Rota Vicentina","description":"A p\u00e9 pelo Trilho dos Pescadores, Caminho Hist\u00f3rico ou Percursos Circulares ou v\u00e1 de bicicleta pelos mais de 1000km de Trilhos de Bicicleta na Rota Vicentina.","publisher":{"@id":"https:\/\/rv-stg.fera.miewstudio.com\/fr\/#organization"},"potentialAction":[{"@type":"SearchAction","target":{"@type":"EntryPoint","urlTemplate":"https:\/\/rv-stg.fera.miewstudio.com\/fr\/?s={search_term_string}"},"query-input":{"@type":"PropertyValueSpecification","valueRequired":true,"valueName":"search_term_string"}}],"inLanguage":"fr-FR"},{"@type":"Organization","@id":"https:\/\/rv-stg.fera.miewstudio.com\/fr\/#organization","name":"[STG] Rota Vicentina","url":"https:\/\/rv-stg.fera.miewstudio.com\/fr\/","logo":{"@type":"ImageObject","inLanguage":"fr-FR","@id":"https:\/\/rv-stg.fera.miewstudio.com\/fr\/#\/schema\/logo\/image\/","url":"https:\/\/rv-stg.fera.miewstudio.com\/wp-content\/uploads\/2023\/02\/Rota-Vicentina-SW-Portugal.jpg","contentUrl":"https:\/\/rv-stg.fera.miewstudio.com\/wp-content\/uploads\/2023\/02\/Rota-Vicentina-SW-Portugal.jpg","width":"852","height":"480","caption":"[STG] Rota Vicentina"},"image":{"@id":"https:\/\/rv-stg.fera.miewstudio.com\/fr\/#\/schema\/logo\/image\/"},"sameAs":["https:\/\/www.facebook.com\/rotavicentina","https:\/\/x.com\/RotaVicentina","https:\/\/www.instagram.com\/rotavicentina\/","https:\/\/pt.linkedin.com\/company\/rota-vicentina"]}]}},"_links":{"self":[{"href":"https:\/\/rv-stg.fera.miewstudio.com\/fr\/wp-json\/wp\/v2\/product\/112861","targetHints":{"allow":["GET"]}}],"collection":[{"href":"https:\/\/rv-stg.fera.miewstudio.com\/fr\/wp-json\/wp\/v2\/product"}],"about":[{"href":"https:\/\/rv-stg.fera.miewstudio.com\/fr\/wp-json\/wp\/v2\/types\/product"}],"wp:featuredmedia":[{"embeddable":true,"href":"https:\/\/rv-stg.fera.miewstudio.com\/fr\/wp-json\/wp\/v2\/media\/112832"}],"wp:attachment":[{"href":"https:\/\/rv-stg.fera.miewstudio.com\/fr\/wp-json\/wp\/v2\/media?parent=112861"}],"wp:term":[{"taxonomy":"product_brand","embeddable":true,"href":"https:\/\/rv-stg.fera.miewstudio.com\/fr\/wp-json\/wp\/v2\/product_brand?post=112861"},{"taxonomy":"product_cat","embeddable":true,"href":"https:\/\/rv-stg.fera.miewstudio.com\/fr\/wp-json\/wp\/v2\/product_cat?post=112861"},{"taxonomy":"product_tag","embeddable":true,"href":"https:\/\/rv-stg.fera.miewstudio.com\/fr\/wp-json\/wp\/v2\/product_tag?post=112861"}],"curies":[{"name":"wp","href":"https:\/\/api.w.org\/{rel}","templated":true}]}}