{"id":89575,"date":"2022-11-24T14:54:19","date_gmt":"2022-11-24T14:54:19","guid":{"rendered":"https:\/\/rotavicentina.miewstudio.com\/tourisme-accessible\/"},"modified":"2023-01-23T17:34:22","modified_gmt":"2023-01-23T17:34:22","slug":"tourisme-accessible","status":"publish","type":"page","link":"https:\/\/rv-stg.fera.miewstudio.com\/fr\/tourisme-accessible\/","title":{"rendered":"Tourisme accessible"},"content":{"rendered":"<div class=\"wpb-content-wrapper\"><p>[vc_row unlock_row_content=\u00a0\u00bb\u00a0\u00bb row_height_percent=\u00a0\u00bb0&Prime; back_image=\u00a0\u00bb73276&Prime; shift_y=\u00a0\u00bb0&Prime; z_index=\u00a0\u00bb0&Prime; row_height_pixel=\u00a0\u00bb465px\u00a0\u00bb][vc_column position_horizontal=\u00a0\u00bb\u00a0\u00bb position_vertical=\u00a0\u00bbd-md-flex align-items-md-end\u00a0\u00bb style=\u00a0\u00bbdark\u00a0\u00bb mobile_width=\u00a0\u00bb11&Prime; shift_x=\u00a0\u00bb0&Prime; shift_y=\u00a0\u00bb0&Prime; z_index=\u00a0\u00bb0&Prime; width=\u00a0\u00bb1\/1&Prime;][vc_custom_heading auto_text=\u00a0\u00bbyes\u00a0\u00bb heading_semantic=\u00a0\u00bbh1&Prime; text_size=\u00a0\u00bb\u00a0\u00bb el_class=\u00a0\u00bbalternative-font big-title\u00a0\u00bb]Tourisme accessible[\/vc_custom_heading][\/vc_column][\/vc_row][vc_row unlock_row_content=\u00a0\u00bb\u00a0\u00bb row_height_percent=\u00a0\u00bb0&Prime; override_padding=\u00a0\u00bbyes\u00a0\u00bb h_padding=\u00a0\u00bb0&Prime; top_padding=\u00a0\u00bb4&Prime; bottom_padding=\u00a0\u00bb4&Prime; shift_y=\u00a0\u00bb0&Prime; z_index=\u00a0\u00bb0&Prime;][vc_column position_horizontal=\u00a0\u00bb\u00a0\u00bb position_vertical=\u00a0\u00bbd-md-flex align-items-md-center\u00a0\u00bb mobile_width=\u00a0\u00bb11&Prime; shift_x=\u00a0\u00bb0&Prime; shift_y=\u00a0\u00bb0&Prime; z_index=\u00a0\u00bb0&Prime; width=\u00a0\u00bb5\/12&Prime;][vc_custom_heading heading_semantic=\u00a0\u00bbh1&Prime; css_animation=\u00a0\u00bbalpha-anim\u00a0\u00bb el_class=\u00a0\u00bbtitle-stroked mt-adapt-3&Prime;]Une r\u00e9gion pour <del datetime=\"2022-11-24T12:05:25+00:00\"><ins>tous<\/ins><\/del>![\/vc_custom_heading][vc_column_text css_animation=\u00a0\u00bbalpha-anim\u00a0\u00bb el_class=\u00a0\u00bbmt-adapt-5&Prime;]<strong>Il existe plusieurs fa\u00e7ons d\u2019adapter \u00e0 vos besoins la Rota Vicentina et tout ce qu\u2019elle propose. Pour l&rsquo;instant, vous pouvez choisir le Parcours circulaire Pontal da Carrapateira &#8211; un tron\u00e7on de 5 km adapt\u00e9 aux personnes ayant besoins sp\u00e9cifiques.<\/strong><\/p>\n<p>Si vous effectuez une randonn\u00e9e, vous pouvez opter pour des \u00e9tapes plus courtes. Il y a toujours, au cours de l\u2019\u00e9tape du <a href=\"https:\/\/rv-stg.fera.miewstudio.com\/caminho-historico\/\"><strong>Chemin Historique<\/strong><\/a> ou du <strong><a href=\"https:\/\/rv-stg.fera.miewstudio.com\/trilho-dos-pescadores\/\">Sentier des P\u00eacheurs<\/a><\/strong> , une localit\u00e9 o\u00f9 vous pouvez vous reposer durant une nuit avant de poursuivre votre chemin.<\/p>\n<p>Lorsque vous souhaiterez all\u00e9ger votre effort, vous aurez toujours la possibilit\u00e9 de recourir \u00e0 certains services d\u2019assistance tels que les transferts de bagages ou la prise en charge des passagers en taxis.<\/p>\n<p>Nous divulguerons bient\u00f4t les sentiers du r\u00e9seau de parcours de la Rota Vicentina qui peuvent \u00eatre utilis\u00e9s par les personnes \u00e0 mobilit\u00e9 r\u00e9duite. L\u2019un d\u2019eux est le <strong>Parcours Circulaire Pontal da Carrapateira<\/strong>, o\u00f9 il existe un tron\u00e7on de 5km adapt\u00e9 aux personnes \u00e0 mobilit\u00e9 r\u00e9duite[\/vc_column_text][\/vc_column][vc_column position_horizontal=\u00a0\u00bb\u00a0\u00bb mobile_visibility=\u00a0\u00bbyes\u00a0\u00bb mobile_width=\u00a0\u00bb11&Prime; shift_x=\u00a0\u00bb0&Prime; shift_y=\u00a0\u00bb0&Prime; z_index=\u00a0\u00bb0&Prime; width=\u00a0\u00bb1\/12&Prime;][\/vc_column][vc_column position_horizontal=\u00a0\u00bb\u00a0\u00bb position_vertical=\u00a0\u00bbd-md-flex align-items-md-center\u00a0\u00bb mobile_width=\u00a0\u00bb11&Prime; shift_x=\u00a0\u00bb0&Prime; shift_y=\u00a0\u00bb0&Prime; z_index=\u00a0\u00bb0&Prime; css_animation=\u00a0\u00bbalpha-anim\u00a0\u00bb width=\u00a0\u00bb1\/2&Prime;][vc_single_image media=\u00a0\u00bb73258&Prime; css_animation=\u00a0\u00bbmasked\u00a0\u00bb el_class=\u00a0\u00bbmt-adapt-4 mb-adapt-4&Prime;][\/vc_single_image][\/vc_column][\/vc_row][vc_row unlock_row_content=\u00a0\u00bb\u00a0\u00bb row_height_percent=\u00a0\u00bb0&Prime; override_padding=\u00a0\u00bbyes\u00a0\u00bb h_padding=\u00a0\u00bb0&Prime; top_padding=\u00a0\u00bb3&Prime; bottom_padding=\u00a0\u00bb2&Prime; shift_y=\u00a0\u00bb0&Prime; z_index=\u00a0\u00bb0&Prime;][vc_column position_horizontal=\u00a0\u00bb\u00a0\u00bb align_horizontal=\u00a0\u00bbtext-md-center\u00a0\u00bb override_padding=\u00a0\u00bbyes\u00a0\u00bb column_padding=\u00a0\u00bb3&Prime; back_image=\u00a0\u00bb73235&Prime; back_repeat=\u00a0\u00bbno-repeat\u00a0\u00bb back_position=\u00a0\u00bbright top\u00a0\u00bb mobile_width=\u00a0\u00bb11&Prime; shift_x=\u00a0\u00bb0&Prime; shift_y=\u00a0\u00bb0&Prime; z_index=\u00a0\u00bb0&Prime; width=\u00a0\u00bb1\/1&Prime; back_color=\u00a0\u00bb#b2c39d\u00a0\u00bb el_class=\u00a0\u00bbrounded-cell\u00a0\u00bb back_size=\u00a0\u00bbauto\u00a0\u00bb][vc_custom_heading heading_semantic=\u00a0\u00bbh3&Prime; text_size=\u00a0\u00bbh4&Prime; text_weight=\u00a0\u00bbfont-weight-bold\u00a0\u00bb el_class=\u00a0\u00bbmt-adapt-6&Prime;]<strong>Consultez notre guide d&rsquo;aide<\/strong>[\/vc_custom_heading][vc_column_text css_animation=\u00a0\u00bbalpha-anim\u00a0\u00bb max_width=\u00a0\u00bb420px\u00a0\u00bb el_class=\u00a0\u00bbmt-adapt-4&Prime;]Trouvez les r\u00e9ponses \u00e0 vos questions ![\/vc_column_text][vc_btn display=\u00a0\u00bbinline-block\u00a0\u00bb btn_size=\u00a0\u00bbbutton-big\u00a0\u00bb css_animation=\u00a0\u00bbalpha-anim\u00a0\u00bb id=\u00a0\u00bbekccfzg6l\u00a0\u00bb el_class=\u00a0\u00bbstyle-dark mt-adapt-6 mb-adapt-6&Prime; link=\u00a0\u00bburl:https%3A%2F%2Frotavicentina.miewstudio.com%2Fguia-de-ajuda%2F|title:Consulter%20le%20guide%20d%27aide|target:_blank|\u00a0\u00bb]Consulter le guide d&rsquo;aide[\/vc_btn][\/vc_column][\/vc_row][vc_row][vc_column width=\u00a0\u00bb1\/1&Prime;][miew_block id=\u00a0\u00bb126&Prime;][\/vc_column][\/vc_row]<\/p>\n<\/div>","protected":false},"excerpt":{"rendered":"<p>[vc_row unlock_row_content=\u00a0\u00bb\u00a0\u00bb row_height_percent=\u00a0\u00bb0&Prime; back_image=\u00a0\u00bb73276&Prime; shift_y=\u00a0\u00bb0&Prime; z_index=\u00a0\u00bb0&Prime; row_height_pixel=\u00a0\u00bb465px\u00a0\u00bb][vc_column position_horizontal=\u00a0\u00bb\u00a0\u00bb position_vertical=\u00a0\u00bbd-md-flex align-items-md-end\u00a0\u00bb style=\u00a0\u00bbdark\u00a0\u00bb mobile_width=\u00a0\u00bb11&Prime; shift_x=\u00a0\u00bb0&Prime; shift_y=\u00a0\u00bb0&Prime; z_index=\u00a0\u00bb0&Prime; width=\u00a0\u00bb1\/1&Prime;][vc_custom_heading auto_text=\u00a0\u00bbyes\u00a0\u00bb heading_semantic=\u00a0\u00bbh1&Prime; text_size=\u00a0\u00bb\u00a0\u00bb el_class=\u00a0\u00bbalternative-font big-title\u00a0\u00bb]Tourisme accessible[\/vc_custom_heading][\/vc_column][\/vc_row][vc_row unlock_row_content=\u00a0\u00bb\u00a0\u00bb row_height_percent=\u00a0\u00bb0&Prime; override_padding=\u00a0\u00bbyes\u00a0\u00bb h_padding=\u00a0\u00bb0&Prime; top_padding=\u00a0\u00bb4&Prime; bottom_padding=\u00a0\u00bb4&Prime; shift_y=\u00a0\u00bb0&Prime; z_index=\u00a0\u00bb0&Prime;][vc_column position_horizontal=\u00a0\u00bb\u00a0\u00bb position_vertical=\u00a0\u00bbd-md-flex align-items-md-center\u00a0\u00bb mobile_width=\u00a0\u00bb11&Prime; shift_x=\u00a0\u00bb0&Prime; shift_y=\u00a0\u00bb0&Prime; z_index=\u00a0\u00bb0&Prime; width=\u00a0\u00bb5\/12&Prime;][vc_custom_heading heading_semantic=\u00a0\u00bbh1&Prime; css_animation=\u00a0\u00bbalpha-anim\u00a0\u00bb el_class=\u00a0\u00bbtitle-stroked mt-adapt-3&Prime;]Une r\u00e9gion pour tous![\/vc_custom_heading][vc_column_text css_animation=\u00a0\u00bbalpha-anim\u00a0\u00bb el_class=\u00a0\u00bbmt-adapt-5&Prime;]Il existe plusieurs fa\u00e7ons d\u2019adapter \u00e0 vos besoins la [&hellip;]<\/p>\n","protected":false},"author":1,"featured_media":0,"parent":0,"menu_order":0,"comment_status":"closed","ping_status":"closed","template":"","meta":{"_acf_changed":false,"footnotes":""},"page-category":[],"class_list":["post-89575","page","type-page","status-publish","hentry"],"acf":[],"yoast_head":"<!-- This site is optimized with the Yoast SEO Premium plugin v19.5 (Yoast SEO v27.0) - https:\/\/yoast.com\/product\/yoast-seo-premium-wordpress\/ -->\n<title>Tourisme accessible - [STG] Rota Vicentina<\/title>\n<meta name=\"robots\" content=\"noindex, follow, max-snippet:-1, max-image-preview:large, max-video-preview:-1\" \/>\n<meta property=\"og:locale\" content=\"fr_FR\" \/>\n<meta property=\"og:type\" content=\"article\" \/>\n<meta property=\"og:title\" content=\"Tourisme accessible - [STG] Rota Vicentina\" \/>\n<meta property=\"og:description\" content=\"[vc_row unlock_row_content=\u00a0\u00bb\u00a0\u00bb row_height_percent=\u00a0\u00bb0&Prime; back_image=\u00a0\u00bb73276&Prime; shift_y=\u00a0\u00bb0&Prime; z_index=\u00a0\u00bb0&Prime; row_height_pixel=\u00a0\u00bb465px\u00a0\u00bb][vc_column position_horizontal=\u00a0\u00bb\u00a0\u00bb position_vertical=\u00a0\u00bbd-md-flex align-items-md-end\u00a0\u00bb style=\u00a0\u00bbdark\u00a0\u00bb mobile_width=\u00a0\u00bb11&Prime; shift_x=\u00a0\u00bb0&Prime; shift_y=\u00a0\u00bb0&Prime; z_index=\u00a0\u00bb0&Prime; width=\u00a0\u00bb1\/1&Prime;][vc_custom_heading auto_text=\u00a0\u00bbyes\u00a0\u00bb heading_semantic=\u00a0\u00bbh1&Prime; text_size=\u00a0\u00bb\u00a0\u00bb el_class=\u00a0\u00bbalternative-font big-title\u00a0\u00bb]Tourisme accessible[\/vc_custom_heading][\/vc_column][\/vc_row][vc_row unlock_row_content=\u00a0\u00bb\u00a0\u00bb row_height_percent=\u00a0\u00bb0&Prime; override_padding=\u00a0\u00bbyes\u00a0\u00bb h_padding=\u00a0\u00bb0&Prime; top_padding=\u00a0\u00bb4&Prime; bottom_padding=\u00a0\u00bb4&Prime; shift_y=\u00a0\u00bb0&Prime; z_index=\u00a0\u00bb0&Prime;][vc_column position_horizontal=\u00a0\u00bb\u00a0\u00bb position_vertical=\u00a0\u00bbd-md-flex align-items-md-center\u00a0\u00bb mobile_width=\u00a0\u00bb11&Prime; shift_x=\u00a0\u00bb0&Prime; shift_y=\u00a0\u00bb0&Prime; z_index=\u00a0\u00bb0&Prime; width=\u00a0\u00bb5\/12&Prime;][vc_custom_heading heading_semantic=\u00a0\u00bbh1&Prime; css_animation=\u00a0\u00bbalpha-anim\u00a0\u00bb el_class=\u00a0\u00bbtitle-stroked mt-adapt-3&Prime;]Une r\u00e9gion pour tous![\/vc_custom_heading][vc_column_text css_animation=\u00a0\u00bbalpha-anim\u00a0\u00bb el_class=\u00a0\u00bbmt-adapt-5&Prime;]Il existe plusieurs fa\u00e7ons d\u2019adapter \u00e0 vos besoins la [&hellip;]\" \/>\n<meta property=\"og:url\" content=\"https:\/\/rv-stg.fera.miewstudio.com\/fr\/tourisme-accessible\/\" \/>\n<meta property=\"og:site_name\" content=\"[STG] Rota Vicentina\" \/>\n<meta property=\"article:publisher\" content=\"https:\/\/www.facebook.com\/rotavicentina\" \/>\n<meta property=\"article:modified_time\" content=\"2023-01-23T17:34:22+00:00\" \/>\n<meta name=\"twitter:card\" content=\"summary_large_image\" \/>\n<meta name=\"twitter:site\" content=\"@RotaVicentina\" \/>\n<meta name=\"twitter:label1\" content=\"Dur\u00e9e de lecture estim\u00e9e\" \/>\n\t<meta name=\"twitter:data1\" content=\"3 minutes\" \/>\n<script type=\"application\/ld+json\" class=\"yoast-schema-graph\">{\"@context\":\"https:\/\/schema.org\",\"@graph\":[{\"@type\":\"WebPage\",\"@id\":\"https:\/\/rv-stg.fera.miewstudio.com\/fr\/tourisme-accessible\/\",\"url\":\"https:\/\/rv-stg.fera.miewstudio.com\/fr\/tourisme-accessible\/\",\"name\":\"Tourisme accessible - [STG] Rota Vicentina\",\"isPartOf\":{\"@id\":\"https:\/\/rv-stg.fera.miewstudio.com\/fr\/#website\"},\"datePublished\":\"2022-11-24T14:54:19+00:00\",\"dateModified\":\"2023-01-23T17:34:22+00:00\",\"inLanguage\":\"fr-FR\",\"potentialAction\":[{\"@type\":\"ReadAction\",\"target\":[\"https:\/\/rv-stg.fera.miewstudio.com\/fr\/tourisme-accessible\/\"]}]},{\"@type\":\"WebSite\",\"@id\":\"https:\/\/rv-stg.fera.miewstudio.com\/fr\/#website\",\"url\":\"https:\/\/rv-stg.fera.miewstudio.com\/fr\/\",\"name\":\"[STG] Rota Vicentina\",\"description\":\"A p\u00e9 pelo Trilho dos Pescadores, Caminho Hist\u00f3rico ou Percursos Circulares ou v\u00e1 de bicicleta pelos mais de 1000km de Trilhos de Bicicleta na Rota Vicentina.\",\"publisher\":{\"@id\":\"https:\/\/rv-stg.fera.miewstudio.com\/fr\/#organization\"},\"potentialAction\":[{\"@type\":\"SearchAction\",\"target\":{\"@type\":\"EntryPoint\",\"urlTemplate\":\"https:\/\/rv-stg.fera.miewstudio.com\/fr\/?s={search_term_string}\"},\"query-input\":{\"@type\":\"PropertyValueSpecification\",\"valueRequired\":true,\"valueName\":\"search_term_string\"}}],\"inLanguage\":\"fr-FR\"},{\"@type\":\"Organization\",\"@id\":\"https:\/\/rv-stg.fera.miewstudio.com\/fr\/#organization\",\"name\":\"[STG] Rota Vicentina\",\"url\":\"https:\/\/rv-stg.fera.miewstudio.com\/fr\/\",\"logo\":{\"@type\":\"ImageObject\",\"inLanguage\":\"fr-FR\",\"@id\":\"https:\/\/rv-stg.fera.miewstudio.com\/fr\/#\/schema\/logo\/image\/\",\"url\":\"https:\/\/rv-stg.fera.miewstudio.com\/wp-content\/uploads\/2023\/02\/Rota-Vicentina-SW-Portugal.jpg\",\"contentUrl\":\"https:\/\/rv-stg.fera.miewstudio.com\/wp-content\/uploads\/2023\/02\/Rota-Vicentina-SW-Portugal.jpg\",\"width\":\"852\",\"height\":\"480\",\"caption\":\"[STG] Rota Vicentina\"},\"image\":{\"@id\":\"https:\/\/rv-stg.fera.miewstudio.com\/fr\/#\/schema\/logo\/image\/\"},\"sameAs\":[\"https:\/\/www.facebook.com\/rotavicentina\",\"https:\/\/x.com\/RotaVicentina\",\"https:\/\/www.instagram.com\/rotavicentina\/\",\"https:\/\/pt.linkedin.com\/company\/rota-vicentina\"]}]}<\/script>\n<!-- \/ Yoast SEO Premium plugin. -->","yoast_head_json":{"title":"Tourisme accessible - [STG] Rota Vicentina","robots":{"index":"noindex","follow":"follow","max-snippet":"max-snippet:-1","max-image-preview":"max-image-preview:large","max-video-preview":"max-video-preview:-1"},"og_locale":"fr_FR","og_type":"article","og_title":"Tourisme accessible - [STG] Rota Vicentina","og_description":"[vc_row unlock_row_content=\u00a0\u00bb\u00a0\u00bb row_height_percent=\u00a0\u00bb0&Prime; back_image=\u00a0\u00bb73276&Prime; shift_y=\u00a0\u00bb0&Prime; z_index=\u00a0\u00bb0&Prime; row_height_pixel=\u00a0\u00bb465px\u00a0\u00bb][vc_column position_horizontal=\u00a0\u00bb\u00a0\u00bb position_vertical=\u00a0\u00bbd-md-flex align-items-md-end\u00a0\u00bb style=\u00a0\u00bbdark\u00a0\u00bb mobile_width=\u00a0\u00bb11&Prime; shift_x=\u00a0\u00bb0&Prime; shift_y=\u00a0\u00bb0&Prime; z_index=\u00a0\u00bb0&Prime; width=\u00a0\u00bb1\/1&Prime;][vc_custom_heading auto_text=\u00a0\u00bbyes\u00a0\u00bb heading_semantic=\u00a0\u00bbh1&Prime; text_size=\u00a0\u00bb\u00a0\u00bb el_class=\u00a0\u00bbalternative-font big-title\u00a0\u00bb]Tourisme accessible[\/vc_custom_heading][\/vc_column][\/vc_row][vc_row unlock_row_content=\u00a0\u00bb\u00a0\u00bb row_height_percent=\u00a0\u00bb0&Prime; override_padding=\u00a0\u00bbyes\u00a0\u00bb h_padding=\u00a0\u00bb0&Prime; top_padding=\u00a0\u00bb4&Prime; bottom_padding=\u00a0\u00bb4&Prime; shift_y=\u00a0\u00bb0&Prime; z_index=\u00a0\u00bb0&Prime;][vc_column position_horizontal=\u00a0\u00bb\u00a0\u00bb position_vertical=\u00a0\u00bbd-md-flex align-items-md-center\u00a0\u00bb mobile_width=\u00a0\u00bb11&Prime; shift_x=\u00a0\u00bb0&Prime; shift_y=\u00a0\u00bb0&Prime; z_index=\u00a0\u00bb0&Prime; width=\u00a0\u00bb5\/12&Prime;][vc_custom_heading heading_semantic=\u00a0\u00bbh1&Prime; css_animation=\u00a0\u00bbalpha-anim\u00a0\u00bb el_class=\u00a0\u00bbtitle-stroked mt-adapt-3&Prime;]Une r\u00e9gion pour tous![\/vc_custom_heading][vc_column_text css_animation=\u00a0\u00bbalpha-anim\u00a0\u00bb el_class=\u00a0\u00bbmt-adapt-5&Prime;]Il existe plusieurs fa\u00e7ons d\u2019adapter \u00e0 vos besoins la [&hellip;]","og_url":"https:\/\/rv-stg.fera.miewstudio.com\/fr\/tourisme-accessible\/","og_site_name":"[STG] Rota Vicentina","article_publisher":"https:\/\/www.facebook.com\/rotavicentina","article_modified_time":"2023-01-23T17:34:22+00:00","twitter_card":"summary_large_image","twitter_site":"@RotaVicentina","twitter_misc":{"Dur\u00e9e de lecture estim\u00e9e":"3 minutes"},"schema":{"@context":"https:\/\/schema.org","@graph":[{"@type":"WebPage","@id":"https:\/\/rv-stg.fera.miewstudio.com\/fr\/tourisme-accessible\/","url":"https:\/\/rv-stg.fera.miewstudio.com\/fr\/tourisme-accessible\/","name":"Tourisme accessible - [STG] Rota Vicentina","isPartOf":{"@id":"https:\/\/rv-stg.fera.miewstudio.com\/fr\/#website"},"datePublished":"2022-11-24T14:54:19+00:00","dateModified":"2023-01-23T17:34:22+00:00","inLanguage":"fr-FR","potentialAction":[{"@type":"ReadAction","target":["https:\/\/rv-stg.fera.miewstudio.com\/fr\/tourisme-accessible\/"]}]},{"@type":"WebSite","@id":"https:\/\/rv-stg.fera.miewstudio.com\/fr\/#website","url":"https:\/\/rv-stg.fera.miewstudio.com\/fr\/","name":"[STG] Rota Vicentina","description":"A p\u00e9 pelo Trilho dos Pescadores, Caminho Hist\u00f3rico ou Percursos Circulares ou v\u00e1 de bicicleta pelos mais de 1000km de Trilhos de Bicicleta na Rota Vicentina.","publisher":{"@id":"https:\/\/rv-stg.fera.miewstudio.com\/fr\/#organization"},"potentialAction":[{"@type":"SearchAction","target":{"@type":"EntryPoint","urlTemplate":"https:\/\/rv-stg.fera.miewstudio.com\/fr\/?s={search_term_string}"},"query-input":{"@type":"PropertyValueSpecification","valueRequired":true,"valueName":"search_term_string"}}],"inLanguage":"fr-FR"},{"@type":"Organization","@id":"https:\/\/rv-stg.fera.miewstudio.com\/fr\/#organization","name":"[STG] Rota Vicentina","url":"https:\/\/rv-stg.fera.miewstudio.com\/fr\/","logo":{"@type":"ImageObject","inLanguage":"fr-FR","@id":"https:\/\/rv-stg.fera.miewstudio.com\/fr\/#\/schema\/logo\/image\/","url":"https:\/\/rv-stg.fera.miewstudio.com\/wp-content\/uploads\/2023\/02\/Rota-Vicentina-SW-Portugal.jpg","contentUrl":"https:\/\/rv-stg.fera.miewstudio.com\/wp-content\/uploads\/2023\/02\/Rota-Vicentina-SW-Portugal.jpg","width":"852","height":"480","caption":"[STG] Rota Vicentina"},"image":{"@id":"https:\/\/rv-stg.fera.miewstudio.com\/fr\/#\/schema\/logo\/image\/"},"sameAs":["https:\/\/www.facebook.com\/rotavicentina","https:\/\/x.com\/RotaVicentina","https:\/\/www.instagram.com\/rotavicentina\/","https:\/\/pt.linkedin.com\/company\/rota-vicentina"]}]}},"_links":{"self":[{"href":"https:\/\/rv-stg.fera.miewstudio.com\/fr\/wp-json\/wp\/v2\/pages\/89575","targetHints":{"allow":["GET"]}}],"collection":[{"href":"https:\/\/rv-stg.fera.miewstudio.com\/fr\/wp-json\/wp\/v2\/pages"}],"about":[{"href":"https:\/\/rv-stg.fera.miewstudio.com\/fr\/wp-json\/wp\/v2\/types\/page"}],"author":[{"embeddable":true,"href":"https:\/\/rv-stg.fera.miewstudio.com\/fr\/wp-json\/wp\/v2\/users\/1"}],"replies":[{"embeddable":true,"href":"https:\/\/rv-stg.fera.miewstudio.com\/fr\/wp-json\/wp\/v2\/comments?post=89575"}],"version-history":[{"count":0,"href":"https:\/\/rv-stg.fera.miewstudio.com\/fr\/wp-json\/wp\/v2\/pages\/89575\/revisions"}],"wp:attachment":[{"href":"https:\/\/rv-stg.fera.miewstudio.com\/fr\/wp-json\/wp\/v2\/media?parent=89575"}],"wp:term":[{"taxonomy":"page-category","embeddable":true,"href":"https:\/\/rv-stg.fera.miewstudio.com\/fr\/wp-json\/wp\/v2\/page-category?post=89575"}],"curies":[{"name":"wp","href":"https:\/\/api.w.org\/{rel}","templated":true}]}}