{"id":89513,"date":"2021-11-09T11:56:07","date_gmt":"2021-11-09T11:56:07","guid":{"rendered":"https:\/\/rotavicentina.miewstudio.com\/volontariat\/"},"modified":"2025-09-30T15:49:00","modified_gmt":"2025-09-30T15:49:00","slug":"volontariat","status":"publish","type":"page","link":"https:\/\/rv-stg.fera.miewstudio.com\/fr\/volontariat\/","title":{"rendered":"Volontariat"},"content":{"rendered":"<div class=\"wpb-content-wrapper\"><p>[vc_row unlock_row_content=\u00a0\u00bb\u00a0\u00bb row_height_percent=\u00a0\u00bb0&Prime; back_image=\u00a0\u00bb79115&Prime; shift_y=\u00a0\u00bb0&Prime; z_index=\u00a0\u00bb0&Prime; row_height_pixel=\u00a0\u00bb465px\u00a0\u00bb][vc_column position_horizontal=\u00a0\u00bb\u00a0\u00bb position_vertical=\u00a0\u00bbd-md-flex align-items-md-end\u00a0\u00bb style=\u00a0\u00bbdark\u00a0\u00bb mobile_width=\u00a0\u00bb11&Prime; shift_x=\u00a0\u00bb0&Prime; shift_y=\u00a0\u00bb0&Prime; z_index=\u00a0\u00bb0&Prime; width=\u00a0\u00bb1\/1&Prime;][vc_custom_heading auto_text=\u00a0\u00bbyes\u00a0\u00bb heading_semantic=\u00a0\u00bbh1&Prime; text_size=\u00a0\u00bb\u00a0\u00bb el_class=\u00a0\u00bbalternative-font big-title\u00a0\u00bb]Volontariat[\/vc_custom_heading][\/vc_column][\/vc_row][vc_row unlock_row_content=\u00a0\u00bb\u00a0\u00bb row_height_percent=\u00a0\u00bb0&Prime; override_padding=\u00a0\u00bbyes\u00a0\u00bb h_padding=\u00a0\u00bb0&Prime; top_padding=\u00a0\u00bb4&Prime; bottom_padding=\u00a0\u00bb4&Prime; shift_y=\u00a0\u00bb0&Prime; z_index=\u00a0\u00bb0&Prime;][vc_column position_horizontal=\u00a0\u00bb\u00a0\u00bb position_vertical=\u00a0\u00bbd-md-flex align-items-md-center\u00a0\u00bb mobile_width=\u00a0\u00bb11&Prime; shift_x=\u00a0\u00bb0&Prime; shift_y=\u00a0\u00bb0&Prime; z_index=\u00a0\u00bb0&Prime; width=\u00a0\u00bb5\/12&Prime; mobile_order=\u00a0\u00bb2&Prime;][vc_single_image media_div=\u00a0\u00bbsvginline\u00a0\u00bb media=\u00a0\u00bb59325&Prime; css_animation=\u00a0\u00bbalpha-anim\u00a0\u00bb media_width_pixel=\u00a0\u00bb60px\u00a0\u00bb][\/vc_single_image][vc_custom_heading css_animation=\u00a0\u00bbalpha-anim\u00a0\u00bb el_class=\u00a0\u00bbtitle-stroked mt-adapt-3&Prime;]Soyez <del>partie prenante<\/del> de ce projet ![\/vc_custom_heading][vc_column_text css_animation=\u00a0\u00bbalpha-anim\u00a0\u00bb el_class=\u00a0\u00bbmt-adapt-5&Prime;]La Rota Vicentina est bien plus qu\u2019un simple sentier p\u00e9destre offrant de nombreuses possibilit\u00e9s. Il s\u2019agit d\u2019un r\u00e9seau vivant qui cr\u00e9e des liens entre les personnes, le territoire et le patrimoine, contribuant ainsi \u00e0 la soutenabilit\u00e9 des zones rurales de cette r\u00e9gion.<\/p>\n<p>l y a diff\u00e9rentes fa\u00e7ons d\u2019apporter sa contribution et de collaborer dans les coulisses \u00e0 la strat\u00e9gie de d\u00e9veloppement et de pr\u00e9servation de la Rota Vicentina et de sa r\u00e9gion. Vous pouvez l\u2019aider en lui accordant votre temps, occasionnellement ou de mani\u00e8re plus r\u00e9guli\u00e8re, ou encore en la soutenant financi\u00e8rement au moyen d\u2019un <a href=\"https:\/\/rv-stg.fera.miewstudio.com\/fr\/dons\/\">don<\/a>.[\/vc_column_text][\/vc_column][vc_column position_horizontal=\u00a0\u00bb\u00a0\u00bb mobile_visibility=\u00a0\u00bbyes\u00a0\u00bb mobile_width=\u00a0\u00bb11&Prime; shift_x=\u00a0\u00bb0&Prime; shift_y=\u00a0\u00bb0&Prime; z_index=\u00a0\u00bb0&Prime; width=\u00a0\u00bb1\/12&Prime;][\/vc_column][vc_column position_horizontal=\u00a0\u00bb\u00a0\u00bb position_vertical=\u00a0\u00bbd-md-flex align-items-md-center\u00a0\u00bb mobile_width=\u00a0\u00bb11&Prime; shift_x=\u00a0\u00bb0&Prime; shift_y=\u00a0\u00bb0&Prime; z_index=\u00a0\u00bb0&Prime; css_animation=\u00a0\u00bbalpha-anim\u00a0\u00bb width=\u00a0\u00bb1\/2&Prime; mobile_order=\u00a0\u00bb1&Prime;][vc_video cover_image=\u00a0\u00bb79601&Prime; controls=\u00a0\u00bbyes\u00a0\u00bb muted=\u00a0\u00bbyes\u00a0\u00bb autoplay=\u00a0\u00bbyes\u00a0\u00bb video_link=\u00a0\u00bbhttps:\/\/youtu.be\/RBKKHFZd4-o\u00a0\u00bb el_class=\u00a0\u00bbmt-adapt-4 mb-adapt-4&Prime;][\/vc_column][\/vc_row][vc_row unlock_row_content=\u00a0\u00bb\u00a0\u00bb row_height_percent=\u00a0\u00bb0&Prime; columns_gutter=\u00a0\u00bb\u00a0\u00bb override_padding=\u00a0\u00bbyes\u00a0\u00bb h_padding=\u00a0\u00bb0&Prime; top_padding=\u00a0\u00bb0&Prime; bottom_padding=\u00a0\u00bb0&Prime; shift_y=\u00a0\u00bb0&Prime; z_index=\u00a0\u00bb0&Prime; el_class=\u00a0\u00bbmb-adapt-8 mb-adapt-md-0&Prime;][vc_column position_horizontal=\u00a0\u00bb\u00a0\u00bb position_vertical=\u00a0\u00bbd-md-flex align-items-md-center\u00a0\u00bb mobile_width=\u00a0\u00bb11&Prime; shift_x=\u00a0\u00bb0&Prime; shift_y=\u00a0\u00bb0&Prime; z_index=\u00a0\u00bb0&Prime; width=\u00a0\u00bb5\/12&Prime; mobile_order=\u00a0\u00bb2&Prime; el_class=\u00a0\u00bbpt-adapt-4 pb-adapt-4&Prime;][vc_custom_heading heading_semantic=\u00a0\u00bbh3&Prime; text_size=\u00a0\u00bbh3&Prime; css_animation=\u00a0\u00bbalpha-anim\u00a0\u00bb el_class=\u00a0\u00bbtitle-stroked mt-adapt-3&Prime;]Sorties sur le terrain avec la Rota Vicentina[\/vc_custom_heading][vc_column_text css_animation=\u00a0\u00bbalpha-anim\u00a0\u00bb el_class=\u00a0\u00bbmt-adapt-4&Prime;]Au d\u00e9but de la saison de randonn\u00e9e, nous lan\u00e7ons un nouveau calendrier de sorties sur le terrain, avec divers types de travail impliqu\u00e9s.<br \/>\nCertains travaux sont plus exigeants que d&rsquo;autres, alors v\u00e9rifiez chaque cas et essayez \u2014 qui sait, vous pourriez devenir fan et rejoindre le groupe des b\u00e9n\u00e9voles r\u00e9guliers de Rota Vicentina ![\/vc_column_text][vc_btn display=\u00a0\u00bbinline-block\u00a0\u00bb btn_size=\u00a0\u00bbbutton-big\u00a0\u00bb css_animation=\u00a0\u00bbalpha-anim\u00a0\u00bb link=\u00a0\u00bburl:https%3A%2F%2Fblog.rotavicentina.miewstudio.com%2Fen%2Fvolunteering-calendar-autumn-winter-2025%2F|title:A%20New%20Volunteering%20Calendar%20for%20the%202025!|target:_blank\u00a0\u00bb id=\u00a0\u00bbsbn9vmg0v\u00a0\u00bb el_class=\u00a0\u00bbmt-adapt-4&Prime;]Consultez le calendrier du automne 2025![\/vc_btn][\/vc_column][vc_column position_horizontal=\u00a0\u00bb\u00a0\u00bb mobile_visibility=\u00a0\u00bbyes\u00a0\u00bb mobile_width=\u00a0\u00bb11&Prime; shift_x=\u00a0\u00bb0&Prime; shift_y=\u00a0\u00bb0&Prime; z_index=\u00a0\u00bb0&Prime; width=\u00a0\u00bb1\/12&Prime;][\/vc_column][vc_column position_horizontal=\u00a0\u00bb\u00a0\u00bb position_vertical=\u00a0\u00bbd-md-flex align-items-md-center\u00a0\u00bb mobile_width=\u00a0\u00bb11&Prime; shift_x=\u00a0\u00bb0&Prime; shift_y=\u00a0\u00bb0&Prime; z_index=\u00a0\u00bb0&Prime; width=\u00a0\u00bb1\/2&Prime; mobile_order=\u00a0\u00bb1&Prime;][vc_single_image media=\u00a0\u00bb79296&Prime;][\/vc_single_image][\/vc_column][\/vc_row][vc_row unlock_row_content=\u00a0\u00bb\u00a0\u00bb row_height_percent=\u00a0\u00bb0&Prime; columns_gutter=\u00a0\u00bb\u00a0\u00bb override_padding=\u00a0\u00bbyes\u00a0\u00bb h_padding=\u00a0\u00bb0&Prime; top_padding=\u00a0\u00bb0&Prime; bottom_padding=\u00a0\u00bb0&Prime; shift_y=\u00a0\u00bb0&Prime; z_index=\u00a0\u00bb0&Prime; el_class=\u00a0\u00bbmb-adapt-8 mb-adapt-md-0&Prime;][vc_column position_horizontal=\u00a0\u00bb\u00a0\u00bb position_vertical=\u00a0\u00bbd-md-flex align-items-md-center\u00a0\u00bb mobile_width=\u00a0\u00bb11&Prime; shift_x=\u00a0\u00bb0&Prime; shift_y=\u00a0\u00bb0&Prime; z_index=\u00a0\u00bb0&Prime; width=\u00a0\u00bb1\/2&Prime; mobile_order=\u00a0\u00bb1&Prime;][vc_single_image media_div=\u00a0\u00bbbackground\u00a0\u00bb media=\u00a0\u00bb79288&Prime; css_animation=\u00a0\u00bbmasked\u00a0\u00bb][\/vc_single_image][\/vc_column][vc_column position_horizontal=\u00a0\u00bb\u00a0\u00bb mobile_visibility=\u00a0\u00bbyes\u00a0\u00bb mobile_width=\u00a0\u00bb11&Prime; shift_x=\u00a0\u00bb0&Prime; shift_y=\u00a0\u00bb0&Prime; z_index=\u00a0\u00bb0&Prime; width=\u00a0\u00bb1\/12&Prime;][\/vc_column][vc_column position_horizontal=\u00a0\u00bb\u00a0\u00bb position_vertical=\u00a0\u00bbd-md-flex align-items-md-center\u00a0\u00bb mobile_width=\u00a0\u00bb11&Prime; shift_x=\u00a0\u00bb0&Prime; shift_y=\u00a0\u00bb0&Prime; z_index=\u00a0\u00bb0&Prime; width=\u00a0\u00bb5\/12&Prime; mobile_order=\u00a0\u00bb2&Prime; el_class=\u00a0\u00bbpt-adapt-4 pb-adapt-4&Prime;][vc_custom_heading heading_semantic=\u00a0\u00bbh3&Prime; text_size=\u00a0\u00bbh3&Prime; css_animation=\u00a0\u00bbalpha-anim\u00a0\u00bb el_class=\u00a0\u00bbtitle-stroked mt-adapt-3&Prime;]Parrainer un parcours[\/vc_custom_heading][vc_column_text css_animation=\u00a0\u00bbalpha-anim\u00a0\u00bb el_class=\u00a0\u00bbmt-adapt-4&Prime;]Des personnes de tout \u00e2ge et de tout niveau d\u2019exp\u00e9rience, des \u00e9coles, des associations, des entreprises ont choisi de parrainer des \u00e9tapes ou des parcours sp\u00e9cifiques, et cette forme de b\u00e9n\u00e9volat tend \u00e0 devenir de plus en plus courante \u2013 et efficace ! Le balisage rigoureux permet d\u2019organiser et de prot\u00e9ger. Traitez avec soin les sentiers que vous aimez et aidez-nous \u00e0 les pr\u00e9server tout en les partageant avec d\u2019autres.<br \/>\nSi vous \u00eates dispos\u00e9 \u00e0 parrainer un parcours, nous vous proposons un engagement d\u2019un an, inscrivez-vous.[\/vc_column_text][vc_btn display=\u00a0\u00bbinline-block\u00a0\u00bb btn_size=\u00a0\u00bbbutton-big\u00a0\u00bb css_animation=\u00a0\u00bbalpha-anim\u00a0\u00bb link=\u00a0\u00bburl:https%3A%2F%2Frotavicentina.miewstudio.com%2Ffr%2Fformulaire-de-volontariat%2F|title:Formulaire%20de%20volontariat|\u00a0\u00bb id=\u00a0\u00bbsbn9vmg0v\u00a0\u00bb el_class=\u00a0\u00bbmt-adapt-4&Prime;]Pour en savoir plus[\/vc_btn][\/vc_column][\/vc_row][vc_row unlock_row_content=\u00a0\u00bb\u00a0\u00bb row_height_percent=\u00a0\u00bb0&Prime; columns_gutter=\u00a0\u00bb\u00a0\u00bb override_padding=\u00a0\u00bbyes\u00a0\u00bb h_padding=\u00a0\u00bb0&Prime; top_padding=\u00a0\u00bb0&Prime; bottom_padding=\u00a0\u00bb0&Prime; shift_y=\u00a0\u00bb0&Prime; z_index=\u00a0\u00bb0&Prime; el_class=\u00a0\u00bbmb-adapt-8 mb-adapt-md-0&Prime;][vc_column position_horizontal=\u00a0\u00bb\u00a0\u00bb position_vertical=\u00a0\u00bbd-md-flex align-items-md-center\u00a0\u00bb mobile_width=\u00a0\u00bb11&Prime; shift_x=\u00a0\u00bb0&Prime; shift_y=\u00a0\u00bb0&Prime; z_index=\u00a0\u00bb0&Prime; width=\u00a0\u00bb5\/12&Prime; mobile_order=\u00a0\u00bb2&Prime; el_class=\u00a0\u00bbpt-adapt-4 pb-adapt-4&Prime;][vc_custom_heading heading_semantic=\u00a0\u00bbh3&Prime; text_size=\u00a0\u00bbh3&Prime; css_animation=\u00a0\u00bbalpha-anim\u00a0\u00bb el_class=\u00a0\u00bbtitle-stroked mt-adapt-3&Prime;]Volontariat de longue dur\u00e9e[\/vc_custom_heading][vc_column_text css_animation=\u00a0\u00bbalpha-anim\u00a0\u00bb el_class=\u00a0\u00bbmt-adapt-4&Prime;]\u00catre b\u00e9n\u00e9vole est un acte d&rsquo;amour. C\u2019est pour cela que l\u2019association Rota Vicentina re\u00e7oit toujours \u00e0 bras ouverts ceux qui se consacrent \u00e0 la m\u00eame cause que nous. Gr\u00e2ce au Corps Europ\u00e9en de Solidarit\u00e9, il est maintenant possible de faire partie de Rota Vicentina et de parcourir ses sentiers comme personne, en aidant l\u2019association pendant pr\u00e8s d\u2019un an. Soyez attentif aux opportunit\u00e9s \u00e0 venir ![\/vc_column_text][vc_btn display=\u00a0\u00bbinline-block\u00a0\u00bb btn_size=\u00a0\u00bbbutton-big\u00a0\u00bb css_animation=\u00a0\u00bbalpha-anim\u00a0\u00bb link=\u00a0\u00bburl:https%3A%2F%2Fwww.europasolidaria.pt%2Fpt%2F|title:En%20savoir%20plus%20sur%20le%20Corps%20Europ%C3%A9en%20de%20Solidarit%C3%A9|target:_blank|\u00a0\u00bb id=\u00a0\u00bbsbn9vmg0v\u00a0\u00bb el_class=\u00a0\u00bbmt-adapt-4&Prime;]Pour en savoir plus[\/vc_btn][\/vc_column][vc_column position_horizontal=\u00a0\u00bb\u00a0\u00bb mobile_visibility=\u00a0\u00bbyes\u00a0\u00bb mobile_width=\u00a0\u00bb11&Prime; shift_x=\u00a0\u00bb0&Prime; shift_y=\u00a0\u00bb0&Prime; z_index=\u00a0\u00bb0&Prime; width=\u00a0\u00bb1\/12&Prime;][\/vc_column][vc_column position_horizontal=\u00a0\u00bb\u00a0\u00bb position_vertical=\u00a0\u00bbd-md-flex align-items-md-center\u00a0\u00bb mobile_width=\u00a0\u00bb11&Prime; shift_x=\u00a0\u00bb0&Prime; shift_y=\u00a0\u00bb0&Prime; z_index=\u00a0\u00bb0&Prime; width=\u00a0\u00bb1\/2&Prime; mobile_order=\u00a0\u00bb1&Prime;][vc_single_image media_div=\u00a0\u00bbbackground\u00a0\u00bb media=\u00a0\u00bb79300&Prime; css_animation=\u00a0\u00bbmasked\u00a0\u00bb][\/vc_single_image][\/vc_column][\/vc_row][vc_row unlock_row_content=\u00a0\u00bb\u00a0\u00bb row_height_percent=\u00a0\u00bb0&Prime; columns_gutter=\u00a0\u00bb\u00a0\u00bb override_padding=\u00a0\u00bbyes\u00a0\u00bb h_padding=\u00a0\u00bb0&Prime; top_padding=\u00a0\u00bb0&Prime; bottom_padding=\u00a0\u00bb0&Prime; shift_y=\u00a0\u00bb0&Prime; z_index=\u00a0\u00bb0&Prime; el_class=\u00a0\u00bbmb-adapt-8 mb-adapt-md-0&Prime;][vc_column position_horizontal=\u00a0\u00bb\u00a0\u00bb position_vertical=\u00a0\u00bbd-md-flex align-items-md-center\u00a0\u00bb mobile_width=\u00a0\u00bb11&Prime; shift_x=\u00a0\u00bb0&Prime; shift_y=\u00a0\u00bb0&Prime; z_index=\u00a0\u00bb0&Prime; width=\u00a0\u00bb1\/2&Prime; mobile_order=\u00a0\u00bb1&Prime;][vc_single_image media_div=\u00a0\u00bbbackground\u00a0\u00bb media=\u00a0\u00bb59331&Prime; css_animation=\u00a0\u00bbmasked\u00a0\u00bb][\/vc_single_image][\/vc_column][vc_column position_horizontal=\u00a0\u00bb\u00a0\u00bb mobile_visibility=\u00a0\u00bbyes\u00a0\u00bb mobile_width=\u00a0\u00bb11&Prime; shift_x=\u00a0\u00bb0&Prime; shift_y=\u00a0\u00bb0&Prime; z_index=\u00a0\u00bb0&Prime; width=\u00a0\u00bb1\/12&Prime;][\/vc_column][vc_column position_horizontal=\u00a0\u00bb\u00a0\u00bb position_vertical=\u00a0\u00bbd-md-flex align-items-md-center\u00a0\u00bb mobile_width=\u00a0\u00bb11&Prime; shift_x=\u00a0\u00bb0&Prime; shift_y=\u00a0\u00bb0&Prime; z_index=\u00a0\u00bb0&Prime; width=\u00a0\u00bb5\/12&Prime; mobile_order=\u00a0\u00bb2&Prime; el_class=\u00a0\u00bbpt-adapt-4 pb-adapt-4&Prime;][vc_custom_heading heading_semantic=\u00a0\u00bbh3&Prime; text_size=\u00a0\u00bbh3&Prime; css_animation=\u00a0\u00bbalpha-anim\u00a0\u00bb el_class=\u00a0\u00bbtitle-stroked mt-adapt-3&Prime;]S\u2019abonner a la <em>newsletter benevolat-volontariat<\/em>[\/vc_custom_heading][vc_column_text css_animation=\u00a0\u00bbalpha-anim\u00a0\u00bb el_class=\u00a0\u00bbmt-adapt-4 mb-adapt-4&Prime;]Se tenir au courant de nos diff\u00e9rents objectifs et du calendrier de nos actions est une mani\u00e8re de faire le premier pas. Qui sait si un jour toutes les conditions n\u00e9cessaires ne seront pas r\u00e9unies pour vous d\u00e9cider \u00e0 vous lancer dans l\u2019aventure en tant que b\u00e9n\u00e9vole? Nous envoyons un e-mail tous les trois mois, et vous pouvez bien s\u00fbr vous d\u00e9sabonner \u00e0 tout moment.[\/vc_column_text][vc_raw_html]W21jNHdwX2Zvcm0gaWQ9IjQxIl0=[\/vc_raw_html][\/vc_column][\/vc_row]<\/p>\n<\/div>","protected":false},"excerpt":{"rendered":"<p>[vc_row unlock_row_content=\u00a0\u00bb\u00a0\u00bb row_height_percent=\u00a0\u00bb0&Prime; back_image=\u00a0\u00bb79115&Prime; shift_y=\u00a0\u00bb0&Prime; z_index=\u00a0\u00bb0&Prime; row_height_pixel=\u00a0\u00bb465px\u00a0\u00bb][vc_column position_horizontal=\u00a0\u00bb\u00a0\u00bb position_vertical=\u00a0\u00bbd-md-flex align-items-md-end\u00a0\u00bb style=\u00a0\u00bbdark\u00a0\u00bb mobile_width=\u00a0\u00bb11&Prime; shift_x=\u00a0\u00bb0&Prime; shift_y=\u00a0\u00bb0&Prime; z_index=\u00a0\u00bb0&Prime; width=\u00a0\u00bb1\/1&Prime;][vc_custom_heading auto_text=\u00a0\u00bbyes\u00a0\u00bb heading_semantic=\u00a0\u00bbh1&Prime; text_size=\u00a0\u00bb\u00a0\u00bb el_class=\u00a0\u00bbalternative-font big-title\u00a0\u00bb]Volontariat[\/vc_custom_heading][\/vc_column][\/vc_row][vc_row unlock_row_content=\u00a0\u00bb\u00a0\u00bb row_height_percent=\u00a0\u00bb0&Prime; override_padding=\u00a0\u00bbyes\u00a0\u00bb h_padding=\u00a0\u00bb0&Prime; top_padding=\u00a0\u00bb4&Prime; bottom_padding=\u00a0\u00bb4&Prime; shift_y=\u00a0\u00bb0&Prime; z_index=\u00a0\u00bb0&Prime;][vc_column position_horizontal=\u00a0\u00bb\u00a0\u00bb position_vertical=\u00a0\u00bbd-md-flex align-items-md-center\u00a0\u00bb mobile_width=\u00a0\u00bb11&Prime; shift_x=\u00a0\u00bb0&Prime; shift_y=\u00a0\u00bb0&Prime; z_index=\u00a0\u00bb0&Prime; width=\u00a0\u00bb5\/12&Prime; mobile_order=\u00a0\u00bb2&Prime;][vc_single_image media_div=\u00a0\u00bbsvginline\u00a0\u00bb media=\u00a0\u00bb59325&Prime; css_animation=\u00a0\u00bbalpha-anim\u00a0\u00bb media_width_pixel=\u00a0\u00bb60px\u00a0\u00bb][\/vc_single_image][vc_custom_heading css_animation=\u00a0\u00bbalpha-anim\u00a0\u00bb el_class=\u00a0\u00bbtitle-stroked mt-adapt-3&Prime;]Soyez partie prenante de ce projet ![\/vc_custom_heading][vc_column_text css_animation=\u00a0\u00bbalpha-anim\u00a0\u00bb el_class=\u00a0\u00bbmt-adapt-5&Prime;]La Rota Vicentina [&hellip;]<\/p>\n","protected":false},"author":1,"featured_media":79296,"parent":0,"menu_order":0,"comment_status":"closed","ping_status":"closed","template":"","meta":{"_acf_changed":false,"footnotes":""},"page-category":[],"class_list":["post-89513","page","type-page","status-publish","has-post-thumbnail","hentry"],"acf":[],"yoast_head":"<!-- This site is optimized with the Yoast SEO Premium plugin v19.5 (Yoast SEO v27.0) - https:\/\/yoast.com\/product\/yoast-seo-premium-wordpress\/ -->\n<title>Volontariat dans la Rota Vicentina<\/title>\n<meta name=\"description\" content=\"Parrainez un parcours, participez \u00e0 une marche de maintenance ou \u00e0 un programme de volontariat par d&#039;interm\u00e9diaire du Corps europ\u00e9en de solidarit\u00e9.\" \/>\n<meta name=\"robots\" content=\"noindex, follow, max-snippet:-1, max-image-preview:large, max-video-preview:-1\" \/>\n<meta property=\"og:locale\" content=\"fr_FR\" \/>\n<meta property=\"og:type\" content=\"article\" \/>\n<meta property=\"og:title\" content=\"Volontariat dans la Rota Vicentina\" \/>\n<meta property=\"og:description\" content=\"Parrainez un parcours, participez \u00e0 une marche de maintenance ou \u00e0 un programme de volontariat par d&#039;interm\u00e9diaire du Corps europ\u00e9en de solidarit\u00e9.\" \/>\n<meta property=\"og:url\" content=\"https:\/\/rv-stg.fera.miewstudio.com\/fr\/volontariat\/\" \/>\n<meta property=\"og:site_name\" content=\"[STG] Rota Vicentina\" \/>\n<meta property=\"article:publisher\" content=\"https:\/\/www.facebook.com\/rotavicentina\" \/>\n<meta property=\"article:modified_time\" content=\"2025-09-30T15:49:00+00:00\" \/>\n<meta property=\"og:image\" content=\"https:\/\/rv-stg.fera.miewstudio.com\/wp-content\/uploads\/2022\/12\/2-2.jpg\" \/>\n\t<meta property=\"og:image:width\" content=\"719\" \/>\n\t<meta property=\"og:image:height\" content=\"470\" \/>\n\t<meta property=\"og:image:type\" content=\"image\/jpeg\" \/>\n<meta name=\"twitter:card\" content=\"summary_large_image\" \/>\n<meta name=\"twitter:site\" content=\"@RotaVicentina\" \/>\n<meta name=\"twitter:label1\" content=\"Dur\u00e9e de lecture estim\u00e9e\" \/>\n\t<meta name=\"twitter:data1\" content=\"4 minutes\" \/>\n<script type=\"application\/ld+json\" class=\"yoast-schema-graph\">{\"@context\":\"https:\/\/schema.org\",\"@graph\":[{\"@type\":\"WebPage\",\"@id\":\"https:\/\/rv-stg.fera.miewstudio.com\/fr\/volontariat\/\",\"url\":\"https:\/\/rv-stg.fera.miewstudio.com\/fr\/volontariat\/\",\"name\":\"Volontariat dans la Rota Vicentina\",\"isPartOf\":{\"@id\":\"https:\/\/rv-stg.fera.miewstudio.com\/fr\/#website\"},\"primaryImageOfPage\":{\"@id\":\"https:\/\/rv-stg.fera.miewstudio.com\/fr\/volontariat\/#primaryimage\"},\"image\":{\"@id\":\"https:\/\/rv-stg.fera.miewstudio.com\/fr\/volontariat\/#primaryimage\"},\"thumbnailUrl\":\"https:\/\/rv-stg.fera.miewstudio.com\/wp-content\/uploads\/2022\/12\/2-2.jpg\",\"datePublished\":\"2021-11-09T11:56:07+00:00\",\"dateModified\":\"2025-09-30T15:49:00+00:00\",\"description\":\"Parrainez un parcours, participez \u00e0 une marche de maintenance ou \u00e0 un programme de volontariat par d'interm\u00e9diaire du Corps europ\u00e9en de solidarit\u00e9.\",\"inLanguage\":\"fr-FR\",\"potentialAction\":[{\"@type\":\"ReadAction\",\"target\":[\"https:\/\/rv-stg.fera.miewstudio.com\/fr\/volontariat\/\"]}]},{\"@type\":\"ImageObject\",\"inLanguage\":\"fr-FR\",\"@id\":\"https:\/\/rv-stg.fera.miewstudio.com\/fr\/volontariat\/#primaryimage\",\"url\":\"https:\/\/rv-stg.fera.miewstudio.com\/wp-content\/uploads\/2022\/12\/2-2.jpg\",\"contentUrl\":\"https:\/\/rv-stg.fera.miewstudio.com\/wp-content\/uploads\/2022\/12\/2-2.jpg\",\"width\":719,\"height\":470,\"caption\":\"famille de volontaires\"},{\"@type\":\"WebSite\",\"@id\":\"https:\/\/rv-stg.fera.miewstudio.com\/fr\/#website\",\"url\":\"https:\/\/rv-stg.fera.miewstudio.com\/fr\/\",\"name\":\"[STG] Rota Vicentina\",\"description\":\"A p\u00e9 pelo Trilho dos Pescadores, Caminho Hist\u00f3rico ou Percursos Circulares ou v\u00e1 de bicicleta pelos mais de 1000km de Trilhos de Bicicleta na Rota Vicentina.\",\"publisher\":{\"@id\":\"https:\/\/rv-stg.fera.miewstudio.com\/fr\/#organization\"},\"potentialAction\":[{\"@type\":\"SearchAction\",\"target\":{\"@type\":\"EntryPoint\",\"urlTemplate\":\"https:\/\/rv-stg.fera.miewstudio.com\/fr\/?s={search_term_string}\"},\"query-input\":{\"@type\":\"PropertyValueSpecification\",\"valueRequired\":true,\"valueName\":\"search_term_string\"}}],\"inLanguage\":\"fr-FR\"},{\"@type\":\"Organization\",\"@id\":\"https:\/\/rv-stg.fera.miewstudio.com\/fr\/#organization\",\"name\":\"[STG] Rota Vicentina\",\"url\":\"https:\/\/rv-stg.fera.miewstudio.com\/fr\/\",\"logo\":{\"@type\":\"ImageObject\",\"inLanguage\":\"fr-FR\",\"@id\":\"https:\/\/rv-stg.fera.miewstudio.com\/fr\/#\/schema\/logo\/image\/\",\"url\":\"https:\/\/rv-stg.fera.miewstudio.com\/wp-content\/uploads\/2023\/02\/Rota-Vicentina-SW-Portugal.jpg\",\"contentUrl\":\"https:\/\/rv-stg.fera.miewstudio.com\/wp-content\/uploads\/2023\/02\/Rota-Vicentina-SW-Portugal.jpg\",\"width\":\"852\",\"height\":\"480\",\"caption\":\"[STG] Rota Vicentina\"},\"image\":{\"@id\":\"https:\/\/rv-stg.fera.miewstudio.com\/fr\/#\/schema\/logo\/image\/\"},\"sameAs\":[\"https:\/\/www.facebook.com\/rotavicentina\",\"https:\/\/x.com\/RotaVicentina\",\"https:\/\/www.instagram.com\/rotavicentina\/\",\"https:\/\/pt.linkedin.com\/company\/rota-vicentina\"]}]}<\/script>\n<!-- \/ Yoast SEO Premium plugin. -->","yoast_head_json":{"title":"Volontariat dans la Rota Vicentina","description":"Parrainez un parcours, participez \u00e0 une marche de maintenance ou \u00e0 un programme de volontariat par d'interm\u00e9diaire du Corps europ\u00e9en de solidarit\u00e9.","robots":{"index":"noindex","follow":"follow","max-snippet":"max-snippet:-1","max-image-preview":"max-image-preview:large","max-video-preview":"max-video-preview:-1"},"og_locale":"fr_FR","og_type":"article","og_title":"Volontariat dans la Rota Vicentina","og_description":"Parrainez un parcours, participez \u00e0 une marche de maintenance ou \u00e0 un programme de volontariat par d'interm\u00e9diaire du Corps europ\u00e9en de solidarit\u00e9.","og_url":"https:\/\/rv-stg.fera.miewstudio.com\/fr\/volontariat\/","og_site_name":"[STG] Rota Vicentina","article_publisher":"https:\/\/www.facebook.com\/rotavicentina","article_modified_time":"2025-09-30T15:49:00+00:00","og_image":[{"width":719,"height":470,"url":"https:\/\/rv-stg.fera.miewstudio.com\/wp-content\/uploads\/2022\/12\/2-2.jpg","type":"image\/jpeg"}],"twitter_card":"summary_large_image","twitter_site":"@RotaVicentina","twitter_misc":{"Dur\u00e9e de lecture estim\u00e9e":"4 minutes"},"schema":{"@context":"https:\/\/schema.org","@graph":[{"@type":"WebPage","@id":"https:\/\/rv-stg.fera.miewstudio.com\/fr\/volontariat\/","url":"https:\/\/rv-stg.fera.miewstudio.com\/fr\/volontariat\/","name":"Volontariat dans la Rota Vicentina","isPartOf":{"@id":"https:\/\/rv-stg.fera.miewstudio.com\/fr\/#website"},"primaryImageOfPage":{"@id":"https:\/\/rv-stg.fera.miewstudio.com\/fr\/volontariat\/#primaryimage"},"image":{"@id":"https:\/\/rv-stg.fera.miewstudio.com\/fr\/volontariat\/#primaryimage"},"thumbnailUrl":"https:\/\/rv-stg.fera.miewstudio.com\/wp-content\/uploads\/2022\/12\/2-2.jpg","datePublished":"2021-11-09T11:56:07+00:00","dateModified":"2025-09-30T15:49:00+00:00","description":"Parrainez un parcours, participez \u00e0 une marche de maintenance ou \u00e0 un programme de volontariat par d'interm\u00e9diaire du Corps europ\u00e9en de solidarit\u00e9.","inLanguage":"fr-FR","potentialAction":[{"@type":"ReadAction","target":["https:\/\/rv-stg.fera.miewstudio.com\/fr\/volontariat\/"]}]},{"@type":"ImageObject","inLanguage":"fr-FR","@id":"https:\/\/rv-stg.fera.miewstudio.com\/fr\/volontariat\/#primaryimage","url":"https:\/\/rv-stg.fera.miewstudio.com\/wp-content\/uploads\/2022\/12\/2-2.jpg","contentUrl":"https:\/\/rv-stg.fera.miewstudio.com\/wp-content\/uploads\/2022\/12\/2-2.jpg","width":719,"height":470,"caption":"famille de volontaires"},{"@type":"WebSite","@id":"https:\/\/rv-stg.fera.miewstudio.com\/fr\/#website","url":"https:\/\/rv-stg.fera.miewstudio.com\/fr\/","name":"[STG] Rota Vicentina","description":"A p\u00e9 pelo Trilho dos Pescadores, Caminho Hist\u00f3rico ou Percursos Circulares ou v\u00e1 de bicicleta pelos mais de 1000km de Trilhos de Bicicleta na Rota Vicentina.","publisher":{"@id":"https:\/\/rv-stg.fera.miewstudio.com\/fr\/#organization"},"potentialAction":[{"@type":"SearchAction","target":{"@type":"EntryPoint","urlTemplate":"https:\/\/rv-stg.fera.miewstudio.com\/fr\/?s={search_term_string}"},"query-input":{"@type":"PropertyValueSpecification","valueRequired":true,"valueName":"search_term_string"}}],"inLanguage":"fr-FR"},{"@type":"Organization","@id":"https:\/\/rv-stg.fera.miewstudio.com\/fr\/#organization","name":"[STG] Rota Vicentina","url":"https:\/\/rv-stg.fera.miewstudio.com\/fr\/","logo":{"@type":"ImageObject","inLanguage":"fr-FR","@id":"https:\/\/rv-stg.fera.miewstudio.com\/fr\/#\/schema\/logo\/image\/","url":"https:\/\/rv-stg.fera.miewstudio.com\/wp-content\/uploads\/2023\/02\/Rota-Vicentina-SW-Portugal.jpg","contentUrl":"https:\/\/rv-stg.fera.miewstudio.com\/wp-content\/uploads\/2023\/02\/Rota-Vicentina-SW-Portugal.jpg","width":"852","height":"480","caption":"[STG] Rota Vicentina"},"image":{"@id":"https:\/\/rv-stg.fera.miewstudio.com\/fr\/#\/schema\/logo\/image\/"},"sameAs":["https:\/\/www.facebook.com\/rotavicentina","https:\/\/x.com\/RotaVicentina","https:\/\/www.instagram.com\/rotavicentina\/","https:\/\/pt.linkedin.com\/company\/rota-vicentina"]}]}},"_links":{"self":[{"href":"https:\/\/rv-stg.fera.miewstudio.com\/fr\/wp-json\/wp\/v2\/pages\/89513","targetHints":{"allow":["GET"]}}],"collection":[{"href":"https:\/\/rv-stg.fera.miewstudio.com\/fr\/wp-json\/wp\/v2\/pages"}],"about":[{"href":"https:\/\/rv-stg.fera.miewstudio.com\/fr\/wp-json\/wp\/v2\/types\/page"}],"author":[{"embeddable":true,"href":"https:\/\/rv-stg.fera.miewstudio.com\/fr\/wp-json\/wp\/v2\/users\/1"}],"replies":[{"embeddable":true,"href":"https:\/\/rv-stg.fera.miewstudio.com\/fr\/wp-json\/wp\/v2\/comments?post=89513"}],"version-history":[{"count":0,"href":"https:\/\/rv-stg.fera.miewstudio.com\/fr\/wp-json\/wp\/v2\/pages\/89513\/revisions"}],"wp:featuredmedia":[{"embeddable":true,"href":"https:\/\/rv-stg.fera.miewstudio.com\/fr\/wp-json\/wp\/v2\/media\/79296"}],"wp:attachment":[{"href":"https:\/\/rv-stg.fera.miewstudio.com\/fr\/wp-json\/wp\/v2\/media?parent=89513"}],"wp:term":[{"taxonomy":"page-category","embeddable":true,"href":"https:\/\/rv-stg.fera.miewstudio.com\/fr\/wp-json\/wp\/v2\/page-category?post=89513"}],"curies":[{"name":"wp","href":"https:\/\/api.w.org\/{rel}","templated":true}]}}