{"id":80496,"date":"2022-11-28T12:35:56","date_gmt":"2022-11-28T12:35:56","guid":{"rendered":"https:\/\/rotavicentina.miewstudio.com\/tourisme-responsable\/"},"modified":"2023-01-17T14:05:26","modified_gmt":"2023-01-17T14:05:26","slug":"tourisme-responsable","status":"publish","type":"page","link":"https:\/\/rv-stg.fera.miewstudio.com\/fr\/tourisme-responsable\/","title":{"rendered":"Tourisme Responsable"},"content":{"rendered":"<div class=\"wpb-content-wrapper\"><p>[vc_row unlock_row_content=\u00a0\u00bb\u00a0\u00bb row_height_percent=\u00a0\u00bb0&Prime; back_image=\u00a0\u00bb79175&Prime; shift_y=\u00a0\u00bb0&Prime; z_index=\u00a0\u00bb0&Prime; row_height_pixel=\u00a0\u00bb465px\u00a0\u00bb][vc_column position_horizontal=\u00a0\u00bb\u00a0\u00bb position_vertical=\u00a0\u00bbd-md-flex align-items-md-end\u00a0\u00bb style=\u00a0\u00bbdark\u00a0\u00bb mobile_width=\u00a0\u00bb11&Prime; shift_x=\u00a0\u00bb0&Prime; shift_y=\u00a0\u00bb0&Prime; z_index=\u00a0\u00bb0&Prime; width=\u00a0\u00bb1\/1&Prime;][vc_custom_heading auto_text=\u00a0\u00bbyes\u00a0\u00bb heading_semantic=\u00a0\u00bbh1&Prime; text_size=\u00a0\u00bb\u00a0\u00bb el_class=\u00a0\u00bbalternative-font big-title\u00a0\u00bb]Tourisme Responsable[\/vc_custom_heading][\/vc_column][\/vc_row][vc_row unlock_row_content=\u00a0\u00bb\u00a0\u00bb row_height_percent=\u00a0\u00bb0&Prime; override_padding=\u00a0\u00bbyes\u00a0\u00bb h_padding=\u00a0\u00bb0&Prime; top_padding=\u00a0\u00bb4&Prime; bottom_padding=\u00a0\u00bb4&Prime; shift_y=\u00a0\u00bb0&Prime; z_index=\u00a0\u00bb0&Prime;][vc_column width=\u00a0\u00bb5\/12&Prime;][vc_custom_heading text_size=\u00a0\u00bbh3&Prime; css_animation=\u00a0\u00bbalpha-anim\u00a0\u00bb]De nos jours, le grand voyage de l\u2019\u00catre humain se fait en lui-m\u00eame.[\/vc_custom_heading][\/vc_column][vc_column width=\u00a0\u00bb7\/12&Prime;][vc_column_text]\u00c9tant une association locale, Rota Vicentina s\u2019emploie \u00e0 vous guider dans un voyage qui aura un impact, pour vous, en tant que visiteur, et pour nous, en tant que communaut\u00e9.[\/vc_column_text][\/vc_column][\/vc_row][vc_section back_color=\u00a0\u00bb#ffffff\u00a0\u00bb][vc_row unlock_row_content=\u00a0\u00bb\u00a0\u00bb row_height_percent=\u00a0\u00bb0&Prime; override_padding=\u00a0\u00bbyes\u00a0\u00bb h_padding=\u00a0\u00bb0&Prime; top_padding=\u00a0\u00bb2&Prime; bottom_padding=\u00a0\u00bb1&Prime; shift_y=\u00a0\u00bb0&Prime; z_index=\u00a0\u00bb0&Prime;][vc_column position_horizontal=\u00a0\u00bb\u00a0\u00bb mobile_width=\u00a0\u00bb11&Prime; shift_x=\u00a0\u00bb0&Prime; shift_y=\u00a0\u00bb0&Prime; z_index=\u00a0\u00bb0&Prime; width=\u00a0\u00bb1\/3&Prime; el_class=\u00a0\u00bbpt-adapt-6&Prime;][vc_single_image media=\u00a0\u00bb235&Prime; media_link=\u00a0\u00bburl:https%3A%2F%2Frotavicentina.miewstudio.com%2Fid%2F|target:_blank|rel:nofollow\u00a0\u00bb media_width_pixel=\u00a0\u00bb110px\u00a0\u00bb el_class=\u00a0\u00bbd-inline-block footer-logos\u00a0\u00bb][\/vc_single_image][vc_single_image media=\u00a0\u00bb239&Prime; media_link=\u00a0\u00bburl:http%3A%2F%2Frotavicentina.miewstudio.com%2Fturismo-responsavel%2F|title:Turismo%20Respons%C3%A1vel|rel:nofollow\u00a0\u00bb media_width_pixel=\u00a0\u00bb110px\u00a0\u00bb el_class=\u00a0\u00bbd-inline-block footer-logos\u00a0\u00bb][\/vc_single_image][vc_single_image media=\u00a0\u00bb240&Prime; media_link=\u00a0\u00bburl:https%3A%2F%2Frotavicentina.miewstudio.com%2Freserve-connosco%2F|target:_blank|rel:nofollow\u00a0\u00bb media_width_pixel=\u00a0\u00bb110px\u00a0\u00bb el_class=\u00a0\u00bbd-inline-block footer-logos\u00a0\u00bb][\/vc_single_image][\/vc_column][vc_column width=\u00a0\u00bb1\/12&Prime;][\/vc_column][vc_column position_horizontal=\u00a0\u00bb\u00a0\u00bb mobile_width=\u00a0\u00bb11&Prime; shift_x=\u00a0\u00bb0&Prime; shift_y=\u00a0\u00bb0&Prime; z_index=\u00a0\u00bb0&Prime; width=\u00a0\u00bb1\/2&Prime; el_class=\u00a0\u00bbpt-adapt-6&Prime;][vc_custom_heading heading_semantic=\u00a0\u00bbh3&Prime; text_size=\u00a0\u00bbh3&Prime; text_weight=\u00a0\u00bbfont-weight-bold\u00a0\u00bb]<em>Embrace \u2013 Protect \u2013 Support<\/em>[\/vc_custom_heading][vc_column_text el_class=\u00a0\u00bbmt-adapt-4&Prime;]Un endroit n\u2019est pas bon \u00e0 visiter s\u2019il n\u2019y fait pas bon vivre. C\u2019est pourquoi, nous, Rota Vicentina, souhaitons que chaque personne soit \u00e9galement responsable de ce territoire : ceux qui y vivent et ceux qui le visitent. Notre mission en commun qu\u2019il faut partager, consiste \u00e0 embrasser la communaut\u00e9, prot\u00e9ger le paysage et soutenir les entreprises locales.[\/vc_column_text][\/vc_column][vc_column width=\u00a0\u00bb1\/12&Prime;][\/vc_column][\/vc_row][vc_row unlock_row_content=\u00a0\u00bb\u00a0\u00bb row_height_percent=\u00a0\u00bb0&Prime; override_padding=\u00a0\u00bbyes\u00a0\u00bb h_padding=\u00a0\u00bb0&Prime; top_padding=\u00a0\u00bb4&Prime; bottom_padding=\u00a0\u00bb4&Prime; shift_y=\u00a0\u00bb0&Prime; z_index=\u00a0\u00bb0&Prime; back_color=\u00a0\u00bb#ffffff\u00a0\u00bb][vc_column width=\u00a0\u00bb1\/1&Prime;][vc_tabs heading_semantic=\u00a0\u00bbp\u00a0\u00bb text_size=\u00a0\u00bb\u00a0\u00bb vertical=\u00a0\u00bbyes\u00a0\u00bb el_class=\u00a0\u00bbstyled\u00a0\u00bb][vc_tab title=\u00a0\u00bbEn se rapprochant de la communaut\u00e9\u00a0\u00bb tab_id=\u00a0\u00bb1669369263-1-20&Prime;][vc_column_text el_class=\u00a0\u00bbmt-adapt-4&Prime;]Un lieu ne peut jamais \u00eatre agr\u00e9able \u00e0 visiter s\u2019il n\u2019est pas agr\u00e9able \u00e0 vivre. Et vivre dans cette r\u00e9gion ne peut signifier seulement s\u2019y r\u00e9veiller chaque matin. Cela signifie aussi appartenir \u00e0 la communaut\u00e9 qui est partie int\u00e9grante de ce territoire et qui rend possible qu\u2019on le visite de mani\u00e8re s\u00fbre et agr\u00e9able.<\/p>\n<p>Soyez ouvert au partage d\u2019exp\u00e9riences et \u00e0 une meilleure connaissance du mode de vie local. Choisissez des activit\u00e9s propos\u00e9es par la communaut\u00e9. Vous serez fascin\u00e9s par tout ce qu\u2019elle peut vous offrir.<\/p>\n<p>\u00c9vitez les foules qui se rassemblent sur la c\u00f4te et explorez l\u2019ensemble de la r\u00e9gion. Ce territoire est vivant et a besoin qu\u2019on le ch\u00e9risse. On peut y d\u00e9couvrir de merveilleux tr\u00e9sors et les communaut\u00e9s r\u00e9sidentes sont pr\u00eates \u00e0 vous accueillir.[\/vc_column_text][\/vc_tab][vc_tab title=\u00a0\u00bbEn prot\u00e9geant l&rsquo;environnement\u00a0\u00bb tab_id=\u00a0\u00bb1669369263-2-24&Prime;][vc_column_text el_class=\u00a0\u00bbmt-adapt-4&Prime;]La Rota Vicentina \u00e9tant situ\u00e9e \u00e0 l\u2019int\u00e9rieur d\u2019un parc naturel, sa protection repr\u00e9sente un d\u00e9fi puisqu\u2019elle traverse des paysages encore intacts, mais comporte aussi des zones agricoles, des villages, des entreprises locales et des activit\u00e9s touristiques. C\u2019est seulement gr\u00e2ce \u00e0 l\u2019attention et \u00e0 la vigilance de chacun que nous pourrons pr\u00e9server cette r\u00e9gion unique.<\/p>\n<p>Ne vous \u00e9loignez pas des sentiers balis\u00e9s, car en plus de vous indiquer le bon chemin, ils prot\u00e8gent l\u2019habitat de centaines d\u2019animaux et de plantes end\u00e9miques de cette r\u00e9gion.<\/p>\n<p>Bien davantage que des falaises \u00e0 couper le souffle. N\u2019h\u00e9sitez pas \u00e0 emprunter le Sentier des P\u00eacheurs, mais profitez-en pour d\u00e9couvrir le Chemin Historique et les Parcours circulaires. Souvenez-vous que chaque \u00e9tape est un voyage dans le temps, \u00e0 travers des paysages naturels intacts et des villages qui demeurent fid\u00e8les aux traditions.<\/p>\n<p>Ne laissez aucune empreinte environnementale. Rota Vicentina travaille dur pour prot\u00e9ger cette r\u00e9gion. Mais il faut faire chacun sa part et laisser la nature aussi intacte et belle qu\u2019on l\u2019a trouv\u00e9e. \u00c0 chaque pas, avec chaque sourire, donnez le meilleur de vous-m\u00eame. Pour en savoir plus, cliquez ici.<\/p>\n<p>La communaut\u00e9 r\u00e9sidente est de plus en plus consciente de l\u2019importance de la protection de l\u2019environnement. Mais nous avons besoin que les visiteurs assument aussi cet engagement. Relevez ce d\u00e9fi et faites partie de cet \u00e9cosyst\u00e8me.[\/vc_column_text][\/vc_tab][vc_tab title=\u00a0\u00bbEn soutenant les entreprises locales\u00a0\u00bb tab_id=\u00a0\u00bb1669369325873-2-2&Prime;][vc_column_text el_class=\u00a0\u00bbmt-adapt-4&Prime;]La communaut\u00e9 locale ne vit pas seulement sur cette portion de territoire, mais vit aussi de ce que la terre lui donne et des services qu\u2019elle peut offrir ici. Les visiteurs peuvent contribuer \u00e0 son d\u00e9veloppement en privil\u00e9giant les commerces et les produits locaux.<\/p>\n<p>Choisissez des produits et des services r\u00e9gionaux, respectueux de l\u2019identit\u00e9 locale et de l\u2019environnement.<\/p>\n<p>Optez pour les entreprises partenaires de Rota Vicentina. Elles se sont engag\u00e9es depuis de nombreuses ann\u00e9es \u00e0 vous offrir, en plus d\u2019installations d\u00e9di\u00e9es au tourisme durable, les meilleurs sentiers !<\/p>\n<p>Pr\u00e9f\u00e9rez la qualit\u00e9 \u00e0 la quantit\u00e9. Les entreprises locales tentent de r\u00e9pondre \u00e0 l\u2019urgence mondiale que repr\u00e9sentent la r\u00e9duction de leur impact et l\u2019am\u00e9lioration des conditions de vie de tous.[\/vc_column_text][\/vc_tab][\/vc_tabs][\/vc_column][\/vc_row][\/vc_section][vc_row unlock_row_content=\u00a0\u00bb\u00a0\u00bb row_height_percent=\u00a0\u00bb0&Prime; override_padding=\u00a0\u00bbyes\u00a0\u00bb h_padding=\u00a0\u00bb0&Prime; top_padding=\u00a0\u00bb4&Prime; bottom_padding=\u00a0\u00bb0&Prime; shift_y=\u00a0\u00bb0&Prime; z_index=\u00a0\u00bb0&Prime;][vc_column width=\u00a0\u00bb1\/2&Prime;][vc_custom_heading text_size=\u00a0\u00bbh3&Prime; css_animation=\u00a0\u00bbalpha-anim\u00a0\u00bb el_class=\u00a0\u00bbtitle-stroked\u00a0\u00bb]Comment l\u2019association Rota Vicentina contribue-t-elle au <del><ins>tourisme responsable<\/ins><\/del> dans la r\u00e9gion ?[\/vc_custom_heading][\/vc_column][vc_column width=\u00a0\u00bb1\/2&Prime;][\/vc_column][\/vc_row][vc_row unlock_row_content=\u00a0\u00bb\u00a0\u00bb row_height_percent=\u00a0\u00bb0&Prime; override_padding=\u00a0\u00bbyes\u00a0\u00bb h_padding=\u00a0\u00bb0&Prime; top_padding=\u00a0\u00bb0&Prime; bottom_padding=\u00a0\u00bb1&Prime; shift_y=\u00a0\u00bb0&Prime; z_index=\u00a0\u00bb0&Prime;][vc_column width=\u00a0\u00bb1\/4&Prime;][vc_single_image media_div=\u00a0\u00bbbackground\u00a0\u00bb media=\u00a0\u00bb79179&Prime; media_title_dimension=\u00a0\u00bbh4&Prime; media_title_weight=\u00a0\u00bbfont-weight-bold\u00a0\u00bb title=\u00a0\u00bbCours pour guides locaux\u00a0\u00bb media_link=\u00a0\u00bburl:https%3A%2F%2Fblog.rotavicentina.miewstudio.com%2Fcurso-guias-2022%2F|title:Turismo%20Respons%C3%A1vel|target:_blank\u00a0\u00bb el_class=\u00a0\u00bbcards-blurb mt-adapt-6&Prime;]Lors de la 1re \u00e9dition du Cours de tourisme responsable destin\u00e9s aux guides locaux, les th\u00e8mes \u00ab \u00c9thique \u00bb et \u00ab Affectivit\u00e9 \u00bb dans le secteur du tourisme ont jou\u00e9 un r\u00f4le cl\u00e9 dans la d\u00e9finition des concepts de base.[\/vc_single_image][\/vc_column][vc_column width=\u00a0\u00bb1\/4&Prime;][vc_single_image media_div=\u00a0\u00bbbackground\u00a0\u00bb media=\u00a0\u00bb79567&Prime; media_title_dimension=\u00a0\u00bbh4&Prime; media_title_weight=\u00a0\u00bbfont-weight-bold\u00a0\u00bb title=\u00a0\u00bbManifeste\u00a0\u00bb media_link=\u00a0\u00bburl:https%3A%2F%2Fyoutu.be%2FKLv91a4hx4g|title:Manifesto%20Rota%20Vicentina|target:_blank\u00a0\u00bb el_class=\u00a0\u00bbcards-blurb mt-adapt-6&Prime;]Il s\u2019agit d\u2019un message qui porte la voix du chemin que nous voulons suivre et du mouvement qui est en marche dans le sud-ouest.[\/vc_single_image][\/vc_column][vc_column width=\u00a0\u00bb1\/4&Prime;][vc_single_image media_div=\u00a0\u00bbbackground\u00a0\u00bb media=\u00a0\u00bb79170&Prime; media_title_dimension=\u00a0\u00bbh4&Prime; media_title_weight=\u00a0\u00bbfont-weight-bold\u00a0\u00bb title=\u00a0\u00bbB\u00e9n\u00e9volat\u00a0\u00bb media_link=\u00a0\u00bburl:https%3A%2F%2Fblog.rotavicentina.miewstudio.com%2Ftag%2Fvoluntariado%2F|title:Voluntariado|target:_blank\u00a0\u00bb el_class=\u00a0\u00bbcards-blurb mt-adapt-6&Prime;]D\u00e8s le premier jour, l\u2019entretien des sentiers p\u00e9destres s\u2019effectue avec le concours de b\u00e9n\u00e9voles, de mani\u00e8re \u00e0 ce que la communaut\u00e9 partage les responsabilit\u00e9s relativement \u00e0 un projet et \u00e0 une infrastructure d\u2019int\u00e9r\u00eat public et, par cons\u00e9quent, en assure son avenir.[\/vc_single_image][\/vc_column][vc_column width=\u00a0\u00bb1\/4&Prime;][vc_single_image media_div=\u00a0\u00bbbackground\u00a0\u00bb media=\u00a0\u00bb79571&Prime; media_title_dimension=\u00a0\u00bbh4&Prime; media_title_weight=\u00a0\u00bbfont-weight-bold\u00a0\u00bb title=\u00a0\u00bbSuivi\u00a0\u00bb media_link=\u00a0\u00bburl:http%3A%2F%2Frotavicentina.miewstudio.com%2Fimpacto-na-regiao%2F|title:Impacto%20na%20regi%C3%A3o|target:_blank\u00a0\u00bb el_class=\u00a0\u00bbcards-blurb mt-adapt-6&Prime;]L\u2019impact \u00e9cologique et socio-\u00e9conomique de Rota Vicentina est r\u00e9guli\u00e8rement mesur\u00e9 depuis l\u2019ann\u00e9e z\u00e9ro, \u00e0 l\u2019aide d\u2019approches quantitatives et qualitatives. Quant \u00e0 l\u2019impact \u00e9conomique, il tient compte du pourcentage d\u2019\u00e9conomie endog\u00e8ne et qualifi\u00e9e.[\/vc_single_image][\/vc_column][\/vc_row][vc_row][vc_column width=\u00a0\u00bb1\/1&Prime;][miew_block id=\u00a0\u00bb126&Prime;][\/vc_column][\/vc_row]<\/p>\n<\/div>","protected":false},"excerpt":{"rendered":"<p>[vc_row unlock_row_content=\u00a0\u00bb\u00a0\u00bb row_height_percent=\u00a0\u00bb0&Prime; back_image=\u00a0\u00bb79175&Prime; shift_y=\u00a0\u00bb0&Prime; z_index=\u00a0\u00bb0&Prime; row_height_pixel=\u00a0\u00bb465px\u00a0\u00bb][vc_column position_horizontal=\u00a0\u00bb\u00a0\u00bb position_vertical=\u00a0\u00bbd-md-flex align-items-md-end\u00a0\u00bb style=\u00a0\u00bbdark\u00a0\u00bb mobile_width=\u00a0\u00bb11&Prime; shift_x=\u00a0\u00bb0&Prime; shift_y=\u00a0\u00bb0&Prime; z_index=\u00a0\u00bb0&Prime; width=\u00a0\u00bb1\/1&Prime;][vc_custom_heading auto_text=\u00a0\u00bbyes\u00a0\u00bb heading_semantic=\u00a0\u00bbh1&Prime; text_size=\u00a0\u00bb\u00a0\u00bb el_class=\u00a0\u00bbalternative-font big-title\u00a0\u00bb]Tourisme Responsable[\/vc_custom_heading][\/vc_column][\/vc_row][vc_row unlock_row_content=\u00a0\u00bb\u00a0\u00bb row_height_percent=\u00a0\u00bb0&Prime; override_padding=\u00a0\u00bbyes\u00a0\u00bb h_padding=\u00a0\u00bb0&Prime; top_padding=\u00a0\u00bb4&Prime; bottom_padding=\u00a0\u00bb4&Prime; shift_y=\u00a0\u00bb0&Prime; z_index=\u00a0\u00bb0&Prime;][vc_column width=\u00a0\u00bb5\/12&Prime;][vc_custom_heading text_size=\u00a0\u00bbh3&Prime; css_animation=\u00a0\u00bbalpha-anim\u00a0\u00bb]De nos jours, le grand voyage de l\u2019\u00catre humain se fait en lui-m\u00eame.[\/vc_custom_heading][\/vc_column][vc_column width=\u00a0\u00bb7\/12&Prime;][vc_column_text]\u00c9tant une association locale, Rota Vicentina s\u2019emploie \u00e0 vous guider [&hellip;]<\/p>\n","protected":false},"author":1,"featured_media":0,"parent":0,"menu_order":0,"comment_status":"closed","ping_status":"closed","template":"","meta":{"_acf_changed":false,"footnotes":""},"page-category":[],"class_list":["post-80496","page","type-page","status-publish","hentry"],"acf":[],"yoast_head":"<!-- This site is optimized with the Yoast SEO Premium plugin v19.5 (Yoast SEO v27.0) - https:\/\/yoast.com\/product\/yoast-seo-premium-wordpress\/ -->\n<title>Tourisme Responsable - [STG] Rota Vicentina<\/title>\n<meta name=\"robots\" content=\"noindex, follow, max-snippet:-1, max-image-preview:large, max-video-preview:-1\" \/>\n<meta property=\"og:locale\" content=\"fr_FR\" \/>\n<meta property=\"og:type\" content=\"article\" \/>\n<meta property=\"og:title\" content=\"Tourisme Responsable - [STG] Rota Vicentina\" \/>\n<meta property=\"og:description\" content=\"[vc_row unlock_row_content=\u00a0\u00bb\u00a0\u00bb row_height_percent=\u00a0\u00bb0&Prime; back_image=\u00a0\u00bb79175&Prime; shift_y=\u00a0\u00bb0&Prime; z_index=\u00a0\u00bb0&Prime; row_height_pixel=\u00a0\u00bb465px\u00a0\u00bb][vc_column position_horizontal=\u00a0\u00bb\u00a0\u00bb position_vertical=\u00a0\u00bbd-md-flex align-items-md-end\u00a0\u00bb style=\u00a0\u00bbdark\u00a0\u00bb mobile_width=\u00a0\u00bb11&Prime; shift_x=\u00a0\u00bb0&Prime; shift_y=\u00a0\u00bb0&Prime; z_index=\u00a0\u00bb0&Prime; width=\u00a0\u00bb1\/1&Prime;][vc_custom_heading auto_text=\u00a0\u00bbyes\u00a0\u00bb heading_semantic=\u00a0\u00bbh1&Prime; text_size=\u00a0\u00bb\u00a0\u00bb el_class=\u00a0\u00bbalternative-font big-title\u00a0\u00bb]Tourisme Responsable[\/vc_custom_heading][\/vc_column][\/vc_row][vc_row unlock_row_content=\u00a0\u00bb\u00a0\u00bb row_height_percent=\u00a0\u00bb0&Prime; override_padding=\u00a0\u00bbyes\u00a0\u00bb h_padding=\u00a0\u00bb0&Prime; top_padding=\u00a0\u00bb4&Prime; bottom_padding=\u00a0\u00bb4&Prime; shift_y=\u00a0\u00bb0&Prime; z_index=\u00a0\u00bb0&Prime;][vc_column width=\u00a0\u00bb5\/12&Prime;][vc_custom_heading text_size=\u00a0\u00bbh3&Prime; css_animation=\u00a0\u00bbalpha-anim\u00a0\u00bb]De nos jours, le grand voyage de l\u2019\u00catre humain se fait en lui-m\u00eame.[\/vc_custom_heading][\/vc_column][vc_column width=\u00a0\u00bb7\/12&Prime;][vc_column_text]\u00c9tant une association locale, Rota Vicentina s\u2019emploie \u00e0 vous guider [&hellip;]\" \/>\n<meta property=\"og:url\" content=\"https:\/\/rv-stg.fera.miewstudio.com\/fr\/tourisme-responsable\/\" \/>\n<meta property=\"og:site_name\" content=\"[STG] Rota Vicentina\" \/>\n<meta property=\"article:publisher\" content=\"https:\/\/www.facebook.com\/rotavicentina\" \/>\n<meta property=\"article:modified_time\" content=\"2023-01-17T14:05:26+00:00\" \/>\n<meta name=\"twitter:card\" content=\"summary_large_image\" \/>\n<meta name=\"twitter:site\" content=\"@RotaVicentina\" \/>\n<meta name=\"twitter:label1\" content=\"Dur\u00e9e de lecture estim\u00e9e\" \/>\n\t<meta name=\"twitter:data1\" content=\"8 minutes\" \/>\n<script type=\"application\/ld+json\" class=\"yoast-schema-graph\">{\"@context\":\"https:\/\/schema.org\",\"@graph\":[{\"@type\":\"WebPage\",\"@id\":\"https:\/\/rv-stg.fera.miewstudio.com\/fr\/tourisme-responsable\/\",\"url\":\"https:\/\/rv-stg.fera.miewstudio.com\/fr\/tourisme-responsable\/\",\"name\":\"Tourisme Responsable - [STG] Rota Vicentina\",\"isPartOf\":{\"@id\":\"https:\/\/rv-stg.fera.miewstudio.com\/fr\/#website\"},\"datePublished\":\"2022-11-28T12:35:56+00:00\",\"dateModified\":\"2023-01-17T14:05:26+00:00\",\"inLanguage\":\"fr-FR\",\"potentialAction\":[{\"@type\":\"ReadAction\",\"target\":[\"https:\/\/rv-stg.fera.miewstudio.com\/fr\/tourisme-responsable\/\"]}]},{\"@type\":\"WebSite\",\"@id\":\"https:\/\/rv-stg.fera.miewstudio.com\/fr\/#website\",\"url\":\"https:\/\/rv-stg.fera.miewstudio.com\/fr\/\",\"name\":\"[STG] Rota Vicentina\",\"description\":\"A p\u00e9 pelo Trilho dos Pescadores, Caminho Hist\u00f3rico ou Percursos Circulares ou v\u00e1 de bicicleta pelos mais de 1000km de Trilhos de Bicicleta na Rota Vicentina.\",\"publisher\":{\"@id\":\"https:\/\/rv-stg.fera.miewstudio.com\/fr\/#organization\"},\"potentialAction\":[{\"@type\":\"SearchAction\",\"target\":{\"@type\":\"EntryPoint\",\"urlTemplate\":\"https:\/\/rv-stg.fera.miewstudio.com\/fr\/?s={search_term_string}\"},\"query-input\":{\"@type\":\"PropertyValueSpecification\",\"valueRequired\":true,\"valueName\":\"search_term_string\"}}],\"inLanguage\":\"fr-FR\"},{\"@type\":\"Organization\",\"@id\":\"https:\/\/rv-stg.fera.miewstudio.com\/fr\/#organization\",\"name\":\"[STG] Rota Vicentina\",\"url\":\"https:\/\/rv-stg.fera.miewstudio.com\/fr\/\",\"logo\":{\"@type\":\"ImageObject\",\"inLanguage\":\"fr-FR\",\"@id\":\"https:\/\/rv-stg.fera.miewstudio.com\/fr\/#\/schema\/logo\/image\/\",\"url\":\"https:\/\/rv-stg.fera.miewstudio.com\/wp-content\/uploads\/2023\/02\/Rota-Vicentina-SW-Portugal.jpg\",\"contentUrl\":\"https:\/\/rv-stg.fera.miewstudio.com\/wp-content\/uploads\/2023\/02\/Rota-Vicentina-SW-Portugal.jpg\",\"width\":\"852\",\"height\":\"480\",\"caption\":\"[STG] Rota Vicentina\"},\"image\":{\"@id\":\"https:\/\/rv-stg.fera.miewstudio.com\/fr\/#\/schema\/logo\/image\/\"},\"sameAs\":[\"https:\/\/www.facebook.com\/rotavicentina\",\"https:\/\/x.com\/RotaVicentina\",\"https:\/\/www.instagram.com\/rotavicentina\/\",\"https:\/\/pt.linkedin.com\/company\/rota-vicentina\"]}]}<\/script>\n<!-- \/ Yoast SEO Premium plugin. -->","yoast_head_json":{"title":"Tourisme Responsable - [STG] Rota Vicentina","robots":{"index":"noindex","follow":"follow","max-snippet":"max-snippet:-1","max-image-preview":"max-image-preview:large","max-video-preview":"max-video-preview:-1"},"og_locale":"fr_FR","og_type":"article","og_title":"Tourisme Responsable - [STG] Rota Vicentina","og_description":"[vc_row unlock_row_content=\u00a0\u00bb\u00a0\u00bb row_height_percent=\u00a0\u00bb0&Prime; back_image=\u00a0\u00bb79175&Prime; shift_y=\u00a0\u00bb0&Prime; z_index=\u00a0\u00bb0&Prime; row_height_pixel=\u00a0\u00bb465px\u00a0\u00bb][vc_column position_horizontal=\u00a0\u00bb\u00a0\u00bb position_vertical=\u00a0\u00bbd-md-flex align-items-md-end\u00a0\u00bb style=\u00a0\u00bbdark\u00a0\u00bb mobile_width=\u00a0\u00bb11&Prime; shift_x=\u00a0\u00bb0&Prime; shift_y=\u00a0\u00bb0&Prime; z_index=\u00a0\u00bb0&Prime; width=\u00a0\u00bb1\/1&Prime;][vc_custom_heading auto_text=\u00a0\u00bbyes\u00a0\u00bb heading_semantic=\u00a0\u00bbh1&Prime; text_size=\u00a0\u00bb\u00a0\u00bb el_class=\u00a0\u00bbalternative-font big-title\u00a0\u00bb]Tourisme Responsable[\/vc_custom_heading][\/vc_column][\/vc_row][vc_row unlock_row_content=\u00a0\u00bb\u00a0\u00bb row_height_percent=\u00a0\u00bb0&Prime; override_padding=\u00a0\u00bbyes\u00a0\u00bb h_padding=\u00a0\u00bb0&Prime; top_padding=\u00a0\u00bb4&Prime; bottom_padding=\u00a0\u00bb4&Prime; shift_y=\u00a0\u00bb0&Prime; z_index=\u00a0\u00bb0&Prime;][vc_column width=\u00a0\u00bb5\/12&Prime;][vc_custom_heading text_size=\u00a0\u00bbh3&Prime; css_animation=\u00a0\u00bbalpha-anim\u00a0\u00bb]De nos jours, le grand voyage de l\u2019\u00catre humain se fait en lui-m\u00eame.[\/vc_custom_heading][\/vc_column][vc_column width=\u00a0\u00bb7\/12&Prime;][vc_column_text]\u00c9tant une association locale, Rota Vicentina s\u2019emploie \u00e0 vous guider [&hellip;]","og_url":"https:\/\/rv-stg.fera.miewstudio.com\/fr\/tourisme-responsable\/","og_site_name":"[STG] Rota Vicentina","article_publisher":"https:\/\/www.facebook.com\/rotavicentina","article_modified_time":"2023-01-17T14:05:26+00:00","twitter_card":"summary_large_image","twitter_site":"@RotaVicentina","twitter_misc":{"Dur\u00e9e de lecture estim\u00e9e":"8 minutes"},"schema":{"@context":"https:\/\/schema.org","@graph":[{"@type":"WebPage","@id":"https:\/\/rv-stg.fera.miewstudio.com\/fr\/tourisme-responsable\/","url":"https:\/\/rv-stg.fera.miewstudio.com\/fr\/tourisme-responsable\/","name":"Tourisme Responsable - [STG] Rota Vicentina","isPartOf":{"@id":"https:\/\/rv-stg.fera.miewstudio.com\/fr\/#website"},"datePublished":"2022-11-28T12:35:56+00:00","dateModified":"2023-01-17T14:05:26+00:00","inLanguage":"fr-FR","potentialAction":[{"@type":"ReadAction","target":["https:\/\/rv-stg.fera.miewstudio.com\/fr\/tourisme-responsable\/"]}]},{"@type":"WebSite","@id":"https:\/\/rv-stg.fera.miewstudio.com\/fr\/#website","url":"https:\/\/rv-stg.fera.miewstudio.com\/fr\/","name":"[STG] Rota Vicentina","description":"A p\u00e9 pelo Trilho dos Pescadores, Caminho Hist\u00f3rico ou Percursos Circulares ou v\u00e1 de bicicleta pelos mais de 1000km de Trilhos de Bicicleta na Rota Vicentina.","publisher":{"@id":"https:\/\/rv-stg.fera.miewstudio.com\/fr\/#organization"},"potentialAction":[{"@type":"SearchAction","target":{"@type":"EntryPoint","urlTemplate":"https:\/\/rv-stg.fera.miewstudio.com\/fr\/?s={search_term_string}"},"query-input":{"@type":"PropertyValueSpecification","valueRequired":true,"valueName":"search_term_string"}}],"inLanguage":"fr-FR"},{"@type":"Organization","@id":"https:\/\/rv-stg.fera.miewstudio.com\/fr\/#organization","name":"[STG] Rota Vicentina","url":"https:\/\/rv-stg.fera.miewstudio.com\/fr\/","logo":{"@type":"ImageObject","inLanguage":"fr-FR","@id":"https:\/\/rv-stg.fera.miewstudio.com\/fr\/#\/schema\/logo\/image\/","url":"https:\/\/rv-stg.fera.miewstudio.com\/wp-content\/uploads\/2023\/02\/Rota-Vicentina-SW-Portugal.jpg","contentUrl":"https:\/\/rv-stg.fera.miewstudio.com\/wp-content\/uploads\/2023\/02\/Rota-Vicentina-SW-Portugal.jpg","width":"852","height":"480","caption":"[STG] Rota Vicentina"},"image":{"@id":"https:\/\/rv-stg.fera.miewstudio.com\/fr\/#\/schema\/logo\/image\/"},"sameAs":["https:\/\/www.facebook.com\/rotavicentina","https:\/\/x.com\/RotaVicentina","https:\/\/www.instagram.com\/rotavicentina\/","https:\/\/pt.linkedin.com\/company\/rota-vicentina"]}]}},"_links":{"self":[{"href":"https:\/\/rv-stg.fera.miewstudio.com\/fr\/wp-json\/wp\/v2\/pages\/80496","targetHints":{"allow":["GET"]}}],"collection":[{"href":"https:\/\/rv-stg.fera.miewstudio.com\/fr\/wp-json\/wp\/v2\/pages"}],"about":[{"href":"https:\/\/rv-stg.fera.miewstudio.com\/fr\/wp-json\/wp\/v2\/types\/page"}],"author":[{"embeddable":true,"href":"https:\/\/rv-stg.fera.miewstudio.com\/fr\/wp-json\/wp\/v2\/users\/1"}],"replies":[{"embeddable":true,"href":"https:\/\/rv-stg.fera.miewstudio.com\/fr\/wp-json\/wp\/v2\/comments?post=80496"}],"version-history":[{"count":0,"href":"https:\/\/rv-stg.fera.miewstudio.com\/fr\/wp-json\/wp\/v2\/pages\/80496\/revisions"}],"wp:attachment":[{"href":"https:\/\/rv-stg.fera.miewstudio.com\/fr\/wp-json\/wp\/v2\/media?parent=80496"}],"wp:term":[{"taxonomy":"page-category","embeddable":true,"href":"https:\/\/rv-stg.fera.miewstudio.com\/fr\/wp-json\/wp\/v2\/page-category?post=80496"}],"curies":[{"name":"wp","href":"https:\/\/api.w.org\/{rel}","templated":true}]}}