{"id":80487,"date":"2022-12-05T09:04:09","date_gmt":"2022-12-05T09:04:09","guid":{"rendered":"https:\/\/rotavicentina.miewstudio.com\/dons\/"},"modified":"2025-09-02T10:55:14","modified_gmt":"2025-09-02T10:55:14","slug":"dons","status":"publish","type":"page","link":"https:\/\/rv-stg.fera.miewstudio.com\/fr\/dons\/","title":{"rendered":"Dons"},"content":{"rendered":"<div class=\"wpb-content-wrapper\"><p>[vc_row unlock_row_content=\u00a0\u00bb\u00a0\u00bb row_height_percent=\u00a0\u00bb0&Prime; back_image=\u00a0\u00bb78877&Prime; shift_y=\u00a0\u00bb0&Prime; z_index=\u00a0\u00bb0&Prime; row_height_pixel=\u00a0\u00bb465px\u00a0\u00bb][vc_column position_horizontal=\u00a0\u00bb\u00a0\u00bb position_vertical=\u00a0\u00bbd-md-flex align-items-md-end\u00a0\u00bb style=\u00a0\u00bbdark\u00a0\u00bb mobile_width=\u00a0\u00bb11&Prime; shift_x=\u00a0\u00bb0&Prime; shift_y=\u00a0\u00bb0&Prime; z_index=\u00a0\u00bb0&Prime; width=\u00a0\u00bb1\/1&Prime;][vc_custom_heading auto_text=\u00a0\u00bbyes\u00a0\u00bb heading_semantic=\u00a0\u00bbh1&Prime; text_size=\u00a0\u00bb\u00a0\u00bb el_class=\u00a0\u00bbalternative-font big-title\u00a0\u00bb]Dons[\/vc_custom_heading][\/vc_column][\/vc_row][vc_row unlock_row_content=\u00a0\u00bb\u00a0\u00bb row_height_percent=\u00a0\u00bb0&Prime; override_padding=\u00a0\u00bbyes\u00a0\u00bb h_padding=\u00a0\u00bb0&Prime; top_padding=\u00a0\u00bb4&Prime; bottom_padding=\u00a0\u00bb0&Prime; shift_y=\u00a0\u00bb0&Prime; z_index=\u00a0\u00bb0&Prime;][vc_column position_horizontal=\u00a0\u00bb\u00a0\u00bb position_vertical=\u00a0\u00bbd-md-flex align-items-md-center\u00a0\u00bb mobile_width=\u00a0\u00bb11&Prime; shift_x=\u00a0\u00bb0&Prime; shift_y=\u00a0\u00bb0&Prime; z_index=\u00a0\u00bb0&Prime; width=\u00a0\u00bb1\/1&Prime; mobile_order=\u00a0\u00bb2&Prime;][vc_custom_heading css_animation=\u00a0\u00bbalpha-anim\u00a0\u00bb el_class=\u00a0\u00bbtitle-stroked mt-adapt-3&Prime;]Vous souhaitez consolider le travail de l\u2019association Rota Vicentina ? Faites un don ![\/vc_custom_heading][\/vc_column][\/vc_row][vc_row unlock_row_content=\u00a0\u00bb\u00a0\u00bb row_height_percent=\u00a0\u00bb0&Prime; override_padding=\u00a0\u00bbyes\u00a0\u00bb h_padding=\u00a0\u00bb0&Prime; top_padding=\u00a0\u00bb0&Prime; bottom_padding=\u00a0\u00bb4&Prime; shift_y=\u00a0\u00bb0&Prime; z_index=\u00a0\u00bb0&Prime;][vc_column position_horizontal=\u00a0\u00bb\u00a0\u00bb mobile_width=\u00a0\u00bb11&Prime; shift_x=\u00a0\u00bb0&Prime; shift_y=\u00a0\u00bb0&Prime; z_index=\u00a0\u00bb0&Prime; width=\u00a0\u00bb1\/2&Prime; mobile_order=\u00a0\u00bb1&Prime;][vc_column_text css_animation=\u00a0\u00bbalpha-anim\u00a0\u00bb el_class=\u00a0\u00bbmt-adapt-5&Prime;]Rota Vicentina est bien plus qu\u2019un sentier p\u00e9destre ! Il s\u2019agit d\u2019un r\u00e9seau vivant qui qui tisse des liens entre les gens, le territoire et le patrimoine, en contribuant au d\u00e9veloppement durable de la r\u00e9gion.<\/p>\n<p>Il existe plusieurs fa\u00e7ons de contribuer et de collaborer dans les coulisses du d\u00e9veloppement et de la sauvegarde de cette association \u00e0 but non lucratif. Vous pouvez l\u2019aider en lui accordant votre temps, occasionnellement ou de mani\u00e8re plus r\u00e9guli\u00e8re, ou encore en la soutenant financi\u00e8rement au moyen d\u2019un don.[\/vc_column_text][\/vc_column][vc_column position_horizontal=\u00a0\u00bb\u00a0\u00bb mobile_width=\u00a0\u00bb11&Prime; shift_x=\u00a0\u00bb0&Prime; shift_y=\u00a0\u00bb0&Prime; z_index=\u00a0\u00bb0&Prime; width=\u00a0\u00bb1\/2&Prime; mobile_order=\u00a0\u00bb2&Prime;][vc_column_text css_animation=\u00a0\u00bbalpha-anim\u00a0\u00bb el_class=\u00a0\u00bbmt-adapt-5&Prime;]<strong>L\u2019association Rota Vicentina est reconnue pour son travail de recherche et d\u2019exp\u00e9rimentation, r\u00e9alis\u00e9 avec le concours d\u2019une communaut\u00e9 qui investit son temps, son argent et ses connaissances dans les valeurs locales les plus pr\u00e9cieuses.<\/strong><\/p>\n<p><strong>Un simple don contribue de mani\u00e8re importante \u00e0 la restructuration essentielle de la forme que doit prendre le tourisme dans les zones rurales et naturelles, de nos jours.<\/strong>[\/vc_column_text][\/vc_column][\/vc_row][vc_row unlock_row_content=\u00a0\u00bb\u00a0\u00bb row_height_percent=\u00a0\u00bb0&Prime; override_padding=\u00a0\u00bbyes\u00a0\u00bb h_padding=\u00a0\u00bb0&Prime; top_padding=\u00a0\u00bb0&Prime; bottom_padding=\u00a0\u00bb4&Prime; shift_y=\u00a0\u00bb0&Prime; z_index=\u00a0\u00bb0&Prime;][vc_column position_horizontal=\u00a0\u00bb\u00a0\u00bb mobile_width=\u00a0\u00bb11&Prime; shift_x=\u00a0\u00bb0&Prime; shift_y=\u00a0\u00bb0&Prime; z_index=\u00a0\u00bb0&Prime; width=\u00a0\u00bb1\/1&Prime; mobile_order=\u00a0\u00bb2&Prime;][vc_custom_heading heading_semantic=\u00a0\u00bbh3&Prime; text_size=\u00a0\u00bbh4&Prime; text_weight=\u00a0\u00bbfont-weight-bold\u00a0\u00bb]Faire un don par :[\/vc_custom_heading][vc_single_image media=\u00a0\u00bb78771&Prime; media_link=\u00a0\u00bburl:https%3A%2F%2Fwww.paypal.com%2Fdonate%2F%3Fhosted_button_id%3D279EQSXK6LES6|target:_blank|rel:nofollow\u00a0\u00bb media_width_pixel=\u00a0\u00bb310px\u00a0\u00bb el_class=\u00a0\u00bbd-inline-block mt-adapt-3 mr-adapt-3 donations-cta\u00a0\u00bb][\/vc_single_image][vc_single_image media=\u00a0\u00bb78887&Prime; media_link=\u00a0\u00bburl:https%3A%2F%2Fpinpay.pt%2FXxiHdkwvyu|target:_blank|rel:nofollow\u00a0\u00bb media_width_pixel=\u00a0\u00bb310px\u00a0\u00bb el_class=\u00a0\u00bbd-inline-block mt-adapt-3 donations-cta\u00a0\u00bb][\/vc_single_image][\/vc_column][\/vc_row][vc_row unlock_row_content=\u00a0\u00bbyes\u00a0\u00bb row_height_percent=\u00a0\u00bb0&Prime; override_padding=\u00a0\u00bbyes\u00a0\u00bb h_padding=\u00a0\u00bb2&Prime; top_padding=\u00a0\u00bb0&Prime; bottom_padding=\u00a0\u00bb0&Prime; shift_y=\u00a0\u00bb0&Prime; z_index=\u00a0\u00bb0&Prime; back_color=\u00a0\u00bb#b2c39d\u00a0\u00bb][vc_column position_horizontal=\u00a0\u00bb\u00a0\u00bb position_vertical=\u00a0\u00bbd-md-flex align-items-md-center\u00a0\u00bb override_padding=\u00a0\u00bbyes\u00a0\u00bb column_padding=\u00a0\u00bb4&Prime; mobile_width=\u00a0\u00bb11&Prime; shift_x=\u00a0\u00bb0&Prime; shift_y=\u00a0\u00bb0&Prime; z_index=\u00a0\u00bb0&Prime; width=\u00a0\u00bb1\/2&Prime;][vc_custom_heading heading_semantic=\u00a0\u00bbh4&Prime; text_size=\u00a0\u00bbh4&Prime; text_weight=\u00a0\u00bbfont-weight-bold\u00a0\u00bb]O\u00f9 vont vos dons ?[\/vc_custom_heading][vc_column_text el_class=\u00a0\u00bbmt-adapt-4&Prime;]<strong>Voici la liste des domaines dans lesquels nous investissons vos dons :<\/strong><\/p>\n<ul>\n<li>Entretien des sentiers p\u00e9destres et cyclables<\/li>\n<li>Gestion de leurs informations<\/li>\n<li>R\u00e9flexion strat\u00e9gique et politique territoriale<\/li>\n<li>Implication des entreprises et de la communaut\u00e9 locale<\/li>\n<li>Sensibilisation et travail dans le domaine environnemental et socioculturel<\/li>\n<\/ul>\n<p>[\/vc_column_text][vc_btn display=\u00a0\u00bbinline-block\u00a0\u00bb btn_size=\u00a0\u00bbbutton-big\u00a0\u00bb css_animation=\u00a0\u00bbalpha-anim\u00a0\u00bb id=\u00a0\u00bbha11tvs36&Prime; el_class=\u00a0\u00bbstyle-dark mt-adapt-4&Prime; link=\u00a0\u00bburl:https%3A%2F%2Fblog.rotavicentina.miewstudio.com%2Fdonativo%2F|target:_blank|\u00a0\u00bb]Lire article[\/vc_btn][\/vc_column][vc_column position_horizontal=\u00a0\u00bb\u00a0\u00bb back_image=\u00a0\u00bb78824&Prime; mobile_visibility=\u00a0\u00bbyes\u00a0\u00bb mobile_width=\u00a0\u00bb11&Prime; shift_x=\u00a0\u00bb0&Prime; shift_y=\u00a0\u00bb0&Prime; z_index=\u00a0\u00bb0&Prime; width=\u00a0\u00bb1\/2&Prime; mobile_height=\u00a0\u00bb480px\u00a0\u00bb][\/vc_column][\/vc_row][vc_row unlock_row_content=\u00a0\u00bbyes\u00a0\u00bb row_height_percent=\u00a0\u00bb0&Prime; columns_gutter=\u00a0\u00bb\u00a0\u00bb override_padding=\u00a0\u00bbyes\u00a0\u00bb h_padding=\u00a0\u00bb0&Prime; top_padding=\u00a0\u00bb3&Prime; bottom_padding=\u00a0\u00bb3&Prime; shift_y=\u00a0\u00bb0&Prime; z_index=\u00a0\u00bb0&Prime;][vc_column width=\u00a0\u00bb1\/1&Prime;][vc_row_inner][vc_column_inner width=\u00a0\u00bb1\/1&Prime;][vc_custom_heading heading_semantic=\u00a0\u00bbh4&Prime; text_size=\u00a0\u00bbh4&Prime; text_weight=\u00a0\u00bbfont-weight-bold\u00a0\u00bb]Aider autrement l\u2019association Rota Vicentina :[\/vc_custom_heading][\/vc_column_inner][\/vc_row_inner][vc_row_inner unlock_row_content=\u00a0\u00bb\u00a0\u00bb row_height_percent=\u00a0\u00bb0&Prime; override_padding=\u00a0\u00bbyes\u00a0\u00bb h_padding=\u00a0\u00bb0&Prime; top_padding=\u00a0\u00bb0&Prime; bottom_padding=\u00a0\u00bb0&Prime; shift_y=\u00a0\u00bb0&Prime; z_index=\u00a0\u00bb0&Prime;][vc_column_inner width=\u00a0\u00bb1\/3&Prime;][vc_btn btn_size=\u00a0\u00bbbutton-big\u00a0\u00bb css_animation=\u00a0\u00bbalpha-anim\u00a0\u00bb link=\u00a0\u00bburl:https%3A%2F%2Frotavicentina.miewstudio.com%2Ffr%2Fdevenir-membre-de-rota-vicentina%2F|title:Devenir%20Membre|\u00a0\u00bb id=\u00a0\u00bb6ax8uq3bd\u00a0\u00bb el_class=\u00a0\u00bbw-100 mt-adapt-3&Prime;]Devenir membre (entreprise ou particulier)[\/vc_btn][\/vc_column_inner][vc_column_inner width=\u00a0\u00bb1\/3&Prime;][vc_btn btn_size=\u00a0\u00bbbutton-big\u00a0\u00bb css_animation=\u00a0\u00bbalpha-anim\u00a0\u00bb link=\u00a0\u00bburl:https%3A%2F%2Frotavicentina.miewstudio.com%2Ffr%2Fvolontariat%2F|title:Volontariat|\u00a0\u00bb id=\u00a0\u00bb6ax8uq3bx\u00a0\u00bb el_class=\u00a0\u00bbw-100 mt-adapt-3&Prime;]Devenir b\u00e9n\u00e9vole[\/vc_btn][\/vc_column_inner][vc_column_inner width=\u00a0\u00bb1\/3&Prime;][vc_btn btn_size=\u00a0\u00bbbutton-big\u00a0\u00bb css_animation=\u00a0\u00bbalpha-anim\u00a0\u00bb link=\u00a0\u00bburl:https%3A%2F%2Frotavicentina.miewstudio.com%2Ffr%2Fcontactez-nous%2F|title:Parrainer%20un%20parcours|target:_blank|\u00a0\u00bb id=\u00a0\u00bb6ax8uq3bt\u00a0\u00bb el_class=\u00a0\u00bbw-100 mt-adapt-3&Prime;]Parrainer un parcours[\/vc_btn][\/vc_column_inner][\/vc_row_inner][vc_row_inner unlock_row_content=\u00a0\u00bb\u00a0\u00bb row_height_percent=\u00a0\u00bb0&Prime; override_padding=\u00a0\u00bbyes\u00a0\u00bb h_padding=\u00a0\u00bb0&Prime; top_padding=\u00a0\u00bb0&Prime; bottom_padding=\u00a0\u00bb0&Prime; shift_y=\u00a0\u00bb0&Prime; z_index=\u00a0\u00bb0&Prime;][vc_column_inner width=\u00a0\u00bb1\/3&Prime;][vc_btn btn_size=\u00a0\u00bbbutton-big\u00a0\u00bb css_animation=\u00a0\u00bbalpha-anim\u00a0\u00bb link=\u00a0\u00bburl:https%3A%2F%2Fwww.tripadvisor.pt%2FUserReviewEdit-d3916619|title:Contactez-nous|target:_blank|\u00a0\u00bb id=\u00a0\u00bb6ax8uq3bd\u00a0\u00bb el_class=\u00a0\u00bbw-100 mt-adapt-3&Prime;]Donner son avis[\/vc_btn][\/vc_column_inner][vc_column_inner width=\u00a0\u00bb1\/3&Prime;][vc_btn btn_size=\u00a0\u00bbbutton-big\u00a0\u00bb css_animation=\u00a0\u00bbalpha-anim\u00a0\u00bb id=\u00a0\u00bb6ax8uq3be\u00a0\u00bb el_class=\u00a0\u00bbw-100 mt-adapt-3&Prime; link=\u00a0\u00bburl:https%3A%2F%2Frotavicentina.miewstudio.com%2Ffr%2Fcontactez-nous%2F|target:_blank|\u00a0\u00bb]Faire une suggestion[\/vc_btn][\/vc_column_inner][vc_column_inner width=\u00a0\u00bb1\/3&Prime;][vc_btn btn_size=\u00a0\u00bbbutton-big\u00a0\u00bb css_animation=\u00a0\u00bbalpha-anim\u00a0\u00bb id=\u00a0\u00bb6ax8uq3be\u00a0\u00bb el_class=\u00a0\u00bbw-100 mt-adapt-3&Prime; link=\u00a0\u00bburl:https%3A%2F%2Fmailchi.mp%2Frotavicentina%2Fsubscrever-neswletter-pt|title:Suivre%20et%20partager|target:_blank|\u00a0\u00bb]Suivre et partager[\/vc_btn][\/vc_column_inner][\/vc_row_inner][\/vc_column][\/vc_row]<\/p>\n<\/div>","protected":false},"excerpt":{"rendered":"<p>[vc_row unlock_row_content=\u00a0\u00bb\u00a0\u00bb row_height_percent=\u00a0\u00bb0&Prime; back_image=\u00a0\u00bb78877&Prime; shift_y=\u00a0\u00bb0&Prime; z_index=\u00a0\u00bb0&Prime; row_height_pixel=\u00a0\u00bb465px\u00a0\u00bb][vc_column position_horizontal=\u00a0\u00bb\u00a0\u00bb position_vertical=\u00a0\u00bbd-md-flex align-items-md-end\u00a0\u00bb style=\u00a0\u00bbdark\u00a0\u00bb mobile_width=\u00a0\u00bb11&Prime; shift_x=\u00a0\u00bb0&Prime; shift_y=\u00a0\u00bb0&Prime; z_index=\u00a0\u00bb0&Prime; width=\u00a0\u00bb1\/1&Prime;][vc_custom_heading auto_text=\u00a0\u00bbyes\u00a0\u00bb heading_semantic=\u00a0\u00bbh1&Prime; text_size=\u00a0\u00bb\u00a0\u00bb el_class=\u00a0\u00bbalternative-font big-title\u00a0\u00bb]Dons[\/vc_custom_heading][\/vc_column][\/vc_row][vc_row unlock_row_content=\u00a0\u00bb\u00a0\u00bb row_height_percent=\u00a0\u00bb0&Prime; override_padding=\u00a0\u00bbyes\u00a0\u00bb h_padding=\u00a0\u00bb0&Prime; top_padding=\u00a0\u00bb4&Prime; bottom_padding=\u00a0\u00bb0&Prime; shift_y=\u00a0\u00bb0&Prime; z_index=\u00a0\u00bb0&Prime;][vc_column position_horizontal=\u00a0\u00bb\u00a0\u00bb position_vertical=\u00a0\u00bbd-md-flex align-items-md-center\u00a0\u00bb mobile_width=\u00a0\u00bb11&Prime; shift_x=\u00a0\u00bb0&Prime; shift_y=\u00a0\u00bb0&Prime; z_index=\u00a0\u00bb0&Prime; width=\u00a0\u00bb1\/1&Prime; mobile_order=\u00a0\u00bb2&Prime;][vc_custom_heading css_animation=\u00a0\u00bbalpha-anim\u00a0\u00bb el_class=\u00a0\u00bbtitle-stroked mt-adapt-3&Prime;]Vous souhaitez consolider le travail de l\u2019association Rota Vicentina ? Faites un don ![\/vc_custom_heading][\/vc_column][\/vc_row][vc_row unlock_row_content=\u00a0\u00bb\u00a0\u00bb [&hellip;]<\/p>\n","protected":false},"author":1,"featured_media":0,"parent":0,"menu_order":0,"comment_status":"closed","ping_status":"closed","template":"","meta":{"_acf_changed":false,"footnotes":""},"page-category":[],"class_list":["post-80487","page","type-page","status-publish","hentry"],"acf":[],"yoast_head":"<!-- This site is optimized with the Yoast SEO Premium plugin v19.5 (Yoast SEO v27.0) - https:\/\/yoast.com\/product\/yoast-seo-premium-wordpress\/ -->\n<title>Dons - [STG] Rota Vicentina<\/title>\n<meta name=\"robots\" content=\"noindex, follow, max-snippet:-1, max-image-preview:large, max-video-preview:-1\" \/>\n<meta property=\"og:locale\" content=\"fr_FR\" \/>\n<meta property=\"og:type\" content=\"article\" \/>\n<meta property=\"og:title\" content=\"Dons - [STG] Rota Vicentina\" \/>\n<meta property=\"og:description\" content=\"[vc_row unlock_row_content=\u00a0\u00bb\u00a0\u00bb row_height_percent=\u00a0\u00bb0&Prime; back_image=\u00a0\u00bb78877&Prime; shift_y=\u00a0\u00bb0&Prime; z_index=\u00a0\u00bb0&Prime; row_height_pixel=\u00a0\u00bb465px\u00a0\u00bb][vc_column position_horizontal=\u00a0\u00bb\u00a0\u00bb position_vertical=\u00a0\u00bbd-md-flex align-items-md-end\u00a0\u00bb style=\u00a0\u00bbdark\u00a0\u00bb mobile_width=\u00a0\u00bb11&Prime; shift_x=\u00a0\u00bb0&Prime; shift_y=\u00a0\u00bb0&Prime; z_index=\u00a0\u00bb0&Prime; width=\u00a0\u00bb1\/1&Prime;][vc_custom_heading auto_text=\u00a0\u00bbyes\u00a0\u00bb heading_semantic=\u00a0\u00bbh1&Prime; text_size=\u00a0\u00bb\u00a0\u00bb el_class=\u00a0\u00bbalternative-font big-title\u00a0\u00bb]Dons[\/vc_custom_heading][\/vc_column][\/vc_row][vc_row unlock_row_content=\u00a0\u00bb\u00a0\u00bb row_height_percent=\u00a0\u00bb0&Prime; override_padding=\u00a0\u00bbyes\u00a0\u00bb h_padding=\u00a0\u00bb0&Prime; top_padding=\u00a0\u00bb4&Prime; bottom_padding=\u00a0\u00bb0&Prime; shift_y=\u00a0\u00bb0&Prime; z_index=\u00a0\u00bb0&Prime;][vc_column position_horizontal=\u00a0\u00bb\u00a0\u00bb position_vertical=\u00a0\u00bbd-md-flex align-items-md-center\u00a0\u00bb mobile_width=\u00a0\u00bb11&Prime; shift_x=\u00a0\u00bb0&Prime; shift_y=\u00a0\u00bb0&Prime; z_index=\u00a0\u00bb0&Prime; width=\u00a0\u00bb1\/1&Prime; mobile_order=\u00a0\u00bb2&Prime;][vc_custom_heading css_animation=\u00a0\u00bbalpha-anim\u00a0\u00bb el_class=\u00a0\u00bbtitle-stroked mt-adapt-3&Prime;]Vous souhaitez consolider le travail de l\u2019association Rota Vicentina ? Faites un don ![\/vc_custom_heading][\/vc_column][\/vc_row][vc_row unlock_row_content=\u00a0\u00bb\u00a0\u00bb [&hellip;]\" \/>\n<meta property=\"og:url\" content=\"https:\/\/rv-stg.fera.miewstudio.com\/fr\/dons\/\" \/>\n<meta property=\"og:site_name\" content=\"[STG] Rota Vicentina\" \/>\n<meta property=\"article:publisher\" content=\"https:\/\/www.facebook.com\/rotavicentina\" \/>\n<meta property=\"article:modified_time\" content=\"2025-09-02T10:55:14+00:00\" \/>\n<meta name=\"twitter:card\" content=\"summary_large_image\" \/>\n<meta name=\"twitter:site\" content=\"@RotaVicentina\" \/>\n<meta name=\"twitter:label1\" content=\"Dur\u00e9e de lecture estim\u00e9e\" \/>\n\t<meta name=\"twitter:data1\" content=\"5 minutes\" \/>\n<script type=\"application\/ld+json\" class=\"yoast-schema-graph\">{\"@context\":\"https:\/\/schema.org\",\"@graph\":[{\"@type\":\"WebPage\",\"@id\":\"https:\/\/rv-stg.fera.miewstudio.com\/fr\/dons\/\",\"url\":\"https:\/\/rv-stg.fera.miewstudio.com\/fr\/dons\/\",\"name\":\"Dons - [STG] Rota Vicentina\",\"isPartOf\":{\"@id\":\"https:\/\/rv-stg.fera.miewstudio.com\/fr\/#website\"},\"datePublished\":\"2022-12-05T09:04:09+00:00\",\"dateModified\":\"2025-09-02T10:55:14+00:00\",\"inLanguage\":\"fr-FR\",\"potentialAction\":[{\"@type\":\"ReadAction\",\"target\":[\"https:\/\/rv-stg.fera.miewstudio.com\/fr\/dons\/\"]}]},{\"@type\":\"WebSite\",\"@id\":\"https:\/\/rv-stg.fera.miewstudio.com\/fr\/#website\",\"url\":\"https:\/\/rv-stg.fera.miewstudio.com\/fr\/\",\"name\":\"[STG] Rota Vicentina\",\"description\":\"A p\u00e9 pelo Trilho dos Pescadores, Caminho Hist\u00f3rico ou Percursos Circulares ou v\u00e1 de bicicleta pelos mais de 1000km de Trilhos de Bicicleta na Rota Vicentina.\",\"publisher\":{\"@id\":\"https:\/\/rv-stg.fera.miewstudio.com\/fr\/#organization\"},\"potentialAction\":[{\"@type\":\"SearchAction\",\"target\":{\"@type\":\"EntryPoint\",\"urlTemplate\":\"https:\/\/rv-stg.fera.miewstudio.com\/fr\/?s={search_term_string}\"},\"query-input\":{\"@type\":\"PropertyValueSpecification\",\"valueRequired\":true,\"valueName\":\"search_term_string\"}}],\"inLanguage\":\"fr-FR\"},{\"@type\":\"Organization\",\"@id\":\"https:\/\/rv-stg.fera.miewstudio.com\/fr\/#organization\",\"name\":\"[STG] Rota Vicentina\",\"url\":\"https:\/\/rv-stg.fera.miewstudio.com\/fr\/\",\"logo\":{\"@type\":\"ImageObject\",\"inLanguage\":\"fr-FR\",\"@id\":\"https:\/\/rv-stg.fera.miewstudio.com\/fr\/#\/schema\/logo\/image\/\",\"url\":\"https:\/\/rv-stg.fera.miewstudio.com\/wp-content\/uploads\/2023\/02\/Rota-Vicentina-SW-Portugal.jpg\",\"contentUrl\":\"https:\/\/rv-stg.fera.miewstudio.com\/wp-content\/uploads\/2023\/02\/Rota-Vicentina-SW-Portugal.jpg\",\"width\":\"852\",\"height\":\"480\",\"caption\":\"[STG] Rota Vicentina\"},\"image\":{\"@id\":\"https:\/\/rv-stg.fera.miewstudio.com\/fr\/#\/schema\/logo\/image\/\"},\"sameAs\":[\"https:\/\/www.facebook.com\/rotavicentina\",\"https:\/\/x.com\/RotaVicentina\",\"https:\/\/www.instagram.com\/rotavicentina\/\",\"https:\/\/pt.linkedin.com\/company\/rota-vicentina\"]}]}<\/script>\n<!-- \/ Yoast SEO Premium plugin. -->","yoast_head_json":{"title":"Dons - [STG] Rota Vicentina","robots":{"index":"noindex","follow":"follow","max-snippet":"max-snippet:-1","max-image-preview":"max-image-preview:large","max-video-preview":"max-video-preview:-1"},"og_locale":"fr_FR","og_type":"article","og_title":"Dons - [STG] Rota Vicentina","og_description":"[vc_row unlock_row_content=\u00a0\u00bb\u00a0\u00bb row_height_percent=\u00a0\u00bb0&Prime; back_image=\u00a0\u00bb78877&Prime; shift_y=\u00a0\u00bb0&Prime; z_index=\u00a0\u00bb0&Prime; row_height_pixel=\u00a0\u00bb465px\u00a0\u00bb][vc_column position_horizontal=\u00a0\u00bb\u00a0\u00bb position_vertical=\u00a0\u00bbd-md-flex align-items-md-end\u00a0\u00bb style=\u00a0\u00bbdark\u00a0\u00bb mobile_width=\u00a0\u00bb11&Prime; shift_x=\u00a0\u00bb0&Prime; shift_y=\u00a0\u00bb0&Prime; z_index=\u00a0\u00bb0&Prime; width=\u00a0\u00bb1\/1&Prime;][vc_custom_heading auto_text=\u00a0\u00bbyes\u00a0\u00bb heading_semantic=\u00a0\u00bbh1&Prime; text_size=\u00a0\u00bb\u00a0\u00bb el_class=\u00a0\u00bbalternative-font big-title\u00a0\u00bb]Dons[\/vc_custom_heading][\/vc_column][\/vc_row][vc_row unlock_row_content=\u00a0\u00bb\u00a0\u00bb row_height_percent=\u00a0\u00bb0&Prime; override_padding=\u00a0\u00bbyes\u00a0\u00bb h_padding=\u00a0\u00bb0&Prime; top_padding=\u00a0\u00bb4&Prime; bottom_padding=\u00a0\u00bb0&Prime; shift_y=\u00a0\u00bb0&Prime; z_index=\u00a0\u00bb0&Prime;][vc_column position_horizontal=\u00a0\u00bb\u00a0\u00bb position_vertical=\u00a0\u00bbd-md-flex align-items-md-center\u00a0\u00bb mobile_width=\u00a0\u00bb11&Prime; shift_x=\u00a0\u00bb0&Prime; shift_y=\u00a0\u00bb0&Prime; z_index=\u00a0\u00bb0&Prime; width=\u00a0\u00bb1\/1&Prime; mobile_order=\u00a0\u00bb2&Prime;][vc_custom_heading css_animation=\u00a0\u00bbalpha-anim\u00a0\u00bb el_class=\u00a0\u00bbtitle-stroked mt-adapt-3&Prime;]Vous souhaitez consolider le travail de l\u2019association Rota Vicentina ? Faites un don ![\/vc_custom_heading][\/vc_column][\/vc_row][vc_row unlock_row_content=\u00a0\u00bb\u00a0\u00bb [&hellip;]","og_url":"https:\/\/rv-stg.fera.miewstudio.com\/fr\/dons\/","og_site_name":"[STG] Rota Vicentina","article_publisher":"https:\/\/www.facebook.com\/rotavicentina","article_modified_time":"2025-09-02T10:55:14+00:00","twitter_card":"summary_large_image","twitter_site":"@RotaVicentina","twitter_misc":{"Dur\u00e9e de lecture estim\u00e9e":"5 minutes"},"schema":{"@context":"https:\/\/schema.org","@graph":[{"@type":"WebPage","@id":"https:\/\/rv-stg.fera.miewstudio.com\/fr\/dons\/","url":"https:\/\/rv-stg.fera.miewstudio.com\/fr\/dons\/","name":"Dons - [STG] Rota Vicentina","isPartOf":{"@id":"https:\/\/rv-stg.fera.miewstudio.com\/fr\/#website"},"datePublished":"2022-12-05T09:04:09+00:00","dateModified":"2025-09-02T10:55:14+00:00","inLanguage":"fr-FR","potentialAction":[{"@type":"ReadAction","target":["https:\/\/rv-stg.fera.miewstudio.com\/fr\/dons\/"]}]},{"@type":"WebSite","@id":"https:\/\/rv-stg.fera.miewstudio.com\/fr\/#website","url":"https:\/\/rv-stg.fera.miewstudio.com\/fr\/","name":"[STG] Rota Vicentina","description":"A p\u00e9 pelo Trilho dos Pescadores, Caminho Hist\u00f3rico ou Percursos Circulares ou v\u00e1 de bicicleta pelos mais de 1000km de Trilhos de Bicicleta na Rota Vicentina.","publisher":{"@id":"https:\/\/rv-stg.fera.miewstudio.com\/fr\/#organization"},"potentialAction":[{"@type":"SearchAction","target":{"@type":"EntryPoint","urlTemplate":"https:\/\/rv-stg.fera.miewstudio.com\/fr\/?s={search_term_string}"},"query-input":{"@type":"PropertyValueSpecification","valueRequired":true,"valueName":"search_term_string"}}],"inLanguage":"fr-FR"},{"@type":"Organization","@id":"https:\/\/rv-stg.fera.miewstudio.com\/fr\/#organization","name":"[STG] Rota Vicentina","url":"https:\/\/rv-stg.fera.miewstudio.com\/fr\/","logo":{"@type":"ImageObject","inLanguage":"fr-FR","@id":"https:\/\/rv-stg.fera.miewstudio.com\/fr\/#\/schema\/logo\/image\/","url":"https:\/\/rv-stg.fera.miewstudio.com\/wp-content\/uploads\/2023\/02\/Rota-Vicentina-SW-Portugal.jpg","contentUrl":"https:\/\/rv-stg.fera.miewstudio.com\/wp-content\/uploads\/2023\/02\/Rota-Vicentina-SW-Portugal.jpg","width":"852","height":"480","caption":"[STG] Rota Vicentina"},"image":{"@id":"https:\/\/rv-stg.fera.miewstudio.com\/fr\/#\/schema\/logo\/image\/"},"sameAs":["https:\/\/www.facebook.com\/rotavicentina","https:\/\/x.com\/RotaVicentina","https:\/\/www.instagram.com\/rotavicentina\/","https:\/\/pt.linkedin.com\/company\/rota-vicentina"]}]}},"_links":{"self":[{"href":"https:\/\/rv-stg.fera.miewstudio.com\/fr\/wp-json\/wp\/v2\/pages\/80487","targetHints":{"allow":["GET"]}}],"collection":[{"href":"https:\/\/rv-stg.fera.miewstudio.com\/fr\/wp-json\/wp\/v2\/pages"}],"about":[{"href":"https:\/\/rv-stg.fera.miewstudio.com\/fr\/wp-json\/wp\/v2\/types\/page"}],"author":[{"embeddable":true,"href":"https:\/\/rv-stg.fera.miewstudio.com\/fr\/wp-json\/wp\/v2\/users\/1"}],"replies":[{"embeddable":true,"href":"https:\/\/rv-stg.fera.miewstudio.com\/fr\/wp-json\/wp\/v2\/comments?post=80487"}],"version-history":[{"count":0,"href":"https:\/\/rv-stg.fera.miewstudio.com\/fr\/wp-json\/wp\/v2\/pages\/80487\/revisions"}],"wp:attachment":[{"href":"https:\/\/rv-stg.fera.miewstudio.com\/fr\/wp-json\/wp\/v2\/media?parent=80487"}],"wp:term":[{"taxonomy":"page-category","embeddable":true,"href":"https:\/\/rv-stg.fera.miewstudio.com\/fr\/wp-json\/wp\/v2\/page-category?post=80487"}],"curies":[{"name":"wp","href":"https:\/\/api.w.org\/{rel}","templated":true}]}}