{"id":80478,"date":"2022-11-29T12:31:17","date_gmt":"2022-11-29T12:31:17","guid":{"rendered":"https:\/\/rotavicentina.miewstudio.com\/conservation\/"},"modified":"2023-01-17T12:27:52","modified_gmt":"2023-01-17T12:27:52","slug":"conservation","status":"publish","type":"page","link":"https:\/\/rv-stg.fera.miewstudio.com\/fr\/conservation\/","title":{"rendered":"Conservation"},"content":{"rendered":"<div class=\"wpb-content-wrapper\"><p>[vc_row unlock_row_content=\u00a0\u00bb\u00a0\u00bb row_height_percent=\u00a0\u00bb0&Prime; back_image=\u00a0\u00bb79551&Prime; shift_y=\u00a0\u00bb0&Prime; z_index=\u00a0\u00bb0&Prime; row_height_pixel=\u00a0\u00bb465px\u00a0\u00bb][vc_column position_horizontal=\u00a0\u00bb\u00a0\u00bb position_vertical=\u00a0\u00bbd-md-flex align-items-md-end\u00a0\u00bb style=\u00a0\u00bbdark\u00a0\u00bb mobile_width=\u00a0\u00bb11&Prime; shift_x=\u00a0\u00bb0&Prime; shift_y=\u00a0\u00bb0&Prime; z_index=\u00a0\u00bb0&Prime; width=\u00a0\u00bb1\/1&Prime;][vc_custom_heading auto_text=\u00a0\u00bbyes\u00a0\u00bb heading_semantic=\u00a0\u00bbh1&Prime; text_size=\u00a0\u00bb\u00a0\u00bb el_class=\u00a0\u00bbalternative-font big-title\u00a0\u00bb]Conservation[\/vc_custom_heading][\/vc_column][\/vc_row][vc_row unlock_row_content=\u00a0\u00bb\u00a0\u00bb row_height_percent=\u00a0\u00bb0&Prime; override_padding=\u00a0\u00bbyes\u00a0\u00bb h_padding=\u00a0\u00bb0&Prime; top_padding=\u00a0\u00bb4&Prime; bottom_padding=\u00a0\u00bb4&Prime; shift_y=\u00a0\u00bb0&Prime; z_index=\u00a0\u00bb0&Prime;][vc_column position_horizontal=\u00a0\u00bb\u00a0\u00bb position_vertical=\u00a0\u00bbd-md-flex align-items-md-center\u00a0\u00bb mobile_width=\u00a0\u00bb11&Prime; shift_x=\u00a0\u00bb0&Prime; shift_y=\u00a0\u00bb0&Prime; z_index=\u00a0\u00bb0&Prime; width=\u00a0\u00bb5\/12&Prime;][vc_single_image media_div=\u00a0\u00bbsvginline\u00a0\u00bb media=\u00a0\u00bb73682&Prime; css_animation=\u00a0\u00bbalpha-anim\u00a0\u00bb media_width_pixel=\u00a0\u00bb60px\u00a0\u00bb][\/vc_single_image][vc_custom_heading css_animation=\u00a0\u00bbalpha-anim\u00a0\u00bb el_class=\u00a0\u00bbtitle-stroked mt-adapt-3&Prime;]\u201c Qui aime bien, <del><ins>prend bien soin<\/ins><\/del> \u201d[\/vc_custom_heading][vc_column_text css_animation=\u00a0\u00bbalpha-anim\u00a0\u00bb el_class=\u00a0\u00bbmt-adapt-5&Prime;]Ce sont 110 km de c\u00f4tes sauvages et environ 75 000 hectares de zone prot\u00e9g\u00e9e, peupl\u00e9e d\u2019habitats et d\u2019esp\u00e8ces uniques, qui int\u00e8gre le parc naturel du sud-ouest de l\u2019Alentejo et de la c\u00f4te Vicentine.<\/p>\n<p>L\u2019une des missions de l\u2019association Rota Vicentina est de conna\u00eetre la richesse de cette r\u00e9gion et savoir la prot\u00e9ger.<\/p>\n<p>Il s\u2019agit d\u2019une mission qui n\u2019est possible que gr\u00e2ce \u00e0 l\u2019aide des p\u00eacheurs, chasseurs, parrainages, b\u00e9n\u00e9voles, biologistes, g\u00e9ologues, guides locaux de la nature et de toute une communaut\u00e9 unie par l\u2019amour qu\u2019elle porte \u00e0 cette terre.[\/vc_column_text][\/vc_column][vc_column position_horizontal=\u00a0\u00bb\u00a0\u00bb mobile_visibility=\u00a0\u00bbyes\u00a0\u00bb mobile_width=\u00a0\u00bb11&Prime; shift_x=\u00a0\u00bb0&Prime; shift_y=\u00a0\u00bb0&Prime; z_index=\u00a0\u00bb0&Prime; width=\u00a0\u00bb1\/12&Prime;][\/vc_column][vc_column position_horizontal=\u00a0\u00bb\u00a0\u00bb position_vertical=\u00a0\u00bbd-md-flex align-items-md-center\u00a0\u00bb mobile_width=\u00a0\u00bb11&Prime; shift_x=\u00a0\u00bb0&Prime; shift_y=\u00a0\u00bb0&Prime; z_index=\u00a0\u00bb0&Prime; css_animation=\u00a0\u00bbalpha-anim\u00a0\u00bb width=\u00a0\u00bb1\/2&Prime;][vc_video controls=\u00a0\u00bbyes\u00a0\u00bb muted=\u00a0\u00bbyes\u00a0\u00bb autoplay=\u00a0\u00bbyes\u00a0\u00bb video_link=\u00a0\u00bbhttps:\/\/youtu.be\/MXiDugzMvLc\u00a0\u00bb el_class=\u00a0\u00bbmt-adapt-4 mb-adapt-4&Prime;][\/vc_column][\/vc_row][vc_row unlock_row_content=\u00a0\u00bb\u00a0\u00bb row_height_percent=\u00a0\u00bb0&Prime; columns_gutter=\u00a0\u00bb\u00a0\u00bb override_padding=\u00a0\u00bbyes\u00a0\u00bb h_padding=\u00a0\u00bb0&Prime; top_padding=\u00a0\u00bb0&Prime; bottom_padding=\u00a0\u00bb0&Prime; shift_y=\u00a0\u00bb0&Prime; z_index=\u00a0\u00bb0&Prime; el_class=\u00a0\u00bbmb-adapt-8 mb-adapt-md-0&Prime;][vc_column position_horizontal=\u00a0\u00bb\u00a0\u00bb position_vertical=\u00a0\u00bbd-md-flex align-items-md-center\u00a0\u00bb mobile_width=\u00a0\u00bb11&Prime; shift_x=\u00a0\u00bb0&Prime; shift_y=\u00a0\u00bb0&Prime; z_index=\u00a0\u00bb0&Prime; width=\u00a0\u00bb5\/12&Prime; mobile_order=\u00a0\u00bb2&Prime; el_class=\u00a0\u00bbpt-adapt-4 pb-adapt-4&Prime;][vc_custom_heading heading_semantic=\u00a0\u00bbh3&Prime; text_size=\u00a0\u00bbh3&Prime; css_animation=\u00a0\u00bbalpha-anim\u00a0\u00bb el_class=\u00a0\u00bbtitle-stroked mt-adapt-3&Prime;]Activit\u00e9s de conservation[\/vc_custom_heading][vc_column_text css_animation=\u00a0\u00bbalpha-anim\u00a0\u00bb el_class=\u00a0\u00bbmt-adapt-4&Prime;]Entre 2018 et 2020, l\u2019association Rota Vicentina a fait partie du projet pionnier au Portugal : <strong>Life Volunteer Escapes<\/strong>. \u00c0 travers ce projet, nous avons mobilis\u00e9 plus de 5 volontaires pour collaborer dans le cadre de plusieurs actions de protection de la nature, notamment sur des sites du r\u00e9seau Natura 2000.<\/p>\n<p>Nous avons fait nos premiers pas dans un projet pilote de lutte contre les plantes envahissantes le long du <a href=\"https:\/\/rv-stg.fera.miewstudio.com\/trilho-dos-pescadores\/\"><strong>Sentier des P\u00eacheurs<\/strong><\/a>, en comptant sur des b\u00e9n\u00e9voles recrut\u00e9s dans le cadre de ce projet et sur l\u2019aide pr\u00e9cieuse de notre r\u00e9seau de m\u00e9c\u00e8nes et volontaires locaux ![\/vc_column_text][vc_btn display=\u00a0\u00bbinline-block\u00a0\u00bb btn_size=\u00a0\u00bbbutton-big\u00a0\u00bb css_animation=\u00a0\u00bbalpha-anim\u00a0\u00bb link=\u00a0\u00bburl:https%3A%2F%2Fblog.rotavicentina.miewstudio.com%2Ftag%2Fcorpo-europeu-de-solidariedade%2F|title:Formulaire%20de%20volontariat|\u00a0\u00bb id=\u00a0\u00bbsbn9vmg0v\u00a0\u00bb el_class=\u00a0\u00bbmt-adapt-4&Prime;]En savoir plus[\/vc_btn][\/vc_column][vc_column position_horizontal=\u00a0\u00bb\u00a0\u00bb mobile_visibility=\u00a0\u00bbyes\u00a0\u00bb mobile_width=\u00a0\u00bb11&Prime; shift_x=\u00a0\u00bb0&Prime; shift_y=\u00a0\u00bb0&Prime; z_index=\u00a0\u00bb0&Prime; width=\u00a0\u00bb1\/12&Prime;][\/vc_column][vc_column position_horizontal=\u00a0\u00bb\u00a0\u00bb position_vertical=\u00a0\u00bbd-md-flex align-items-md-center\u00a0\u00bb mobile_width=\u00a0\u00bb11&Prime; shift_x=\u00a0\u00bb0&Prime; shift_y=\u00a0\u00bb0&Prime; z_index=\u00a0\u00bb0&Prime; width=\u00a0\u00bb1\/2&Prime; mobile_order=\u00a0\u00bb1&Prime;][vc_video video_link=\u00a0\u00bbhttps:\/\/youtu.be\/WfbXUkrAGCU\u00a0\u00bb][\/vc_column][\/vc_row][vc_row unlock_row_content=\u00a0\u00bb\u00a0\u00bb row_height_percent=\u00a0\u00bb0&Prime; columns_gutter=\u00a0\u00bb\u00a0\u00bb override_padding=\u00a0\u00bbyes\u00a0\u00bb h_padding=\u00a0\u00bb0&Prime; top_padding=\u00a0\u00bb0&Prime; bottom_padding=\u00a0\u00bb0&Prime; shift_y=\u00a0\u00bb0&Prime; z_index=\u00a0\u00bb0&Prime; el_class=\u00a0\u00bbmb-adapt-8 mb-adapt-md-0&Prime;][vc_column position_horizontal=\u00a0\u00bb\u00a0\u00bb position_vertical=\u00a0\u00bbd-md-flex align-items-md-center\u00a0\u00bb mobile_width=\u00a0\u00bb11&Prime; shift_x=\u00a0\u00bb0&Prime; shift_y=\u00a0\u00bb0&Prime; z_index=\u00a0\u00bb0&Prime; width=\u00a0\u00bb1\/2&Prime; mobile_order=\u00a0\u00bb1&Prime;][vc_single_image media_div=\u00a0\u00bbbackground\u00a0\u00bb media=\u00a0\u00bb79110&Prime; css_animation=\u00a0\u00bbmasked\u00a0\u00bb][\/vc_single_image][\/vc_column][vc_column position_horizontal=\u00a0\u00bb\u00a0\u00bb mobile_visibility=\u00a0\u00bbyes\u00a0\u00bb mobile_width=\u00a0\u00bb11&Prime; shift_x=\u00a0\u00bb0&Prime; shift_y=\u00a0\u00bb0&Prime; z_index=\u00a0\u00bb0&Prime; width=\u00a0\u00bb1\/12&Prime;][\/vc_column][vc_column position_horizontal=\u00a0\u00bb\u00a0\u00bb position_vertical=\u00a0\u00bbd-md-flex align-items-md-center\u00a0\u00bb mobile_width=\u00a0\u00bb11&Prime; shift_x=\u00a0\u00bb0&Prime; shift_y=\u00a0\u00bb0&Prime; z_index=\u00a0\u00bb0&Prime; width=\u00a0\u00bb5\/12&Prime; mobile_order=\u00a0\u00bb2&Prime; el_class=\u00a0\u00bbpt-adapt-4 pb-adapt-4&Prime;][vc_custom_heading heading_semantic=\u00a0\u00bbh3&Prime; text_size=\u00a0\u00bbh3&Prime; css_animation=\u00a0\u00bbalpha-anim\u00a0\u00bb el_class=\u00a0\u00bbtitle-stroked mt-adapt-3&Prime;]Sensibilisation \u00e0 l\u2019environnement[\/vc_custom_heading][vc_column_text css_animation=\u00a0\u00bbalpha-anim\u00a0\u00bb el_class=\u00a0\u00bbmt-adapt-4&Prime;]La force de l\u2019association Rota Vicentina r\u00e9side \u00e9galement dans son potentiel de sensibilisation \u00e0 l\u2019environnement, qui a accompagn\u00e9 l\u2019ensemble du projet de mani\u00e8re plus ou moins \u00e9vidente.<\/p>\n<p>L\u2019activisme anti-exploitation p\u00e9troli\u00e8re et l\u2019agriculture intensive, le nettoyage des plages, les sorties scolaires, la pr\u00e9sence dans des foires et march\u00e9s locaux ou encore l\u2019\u00e9ducation \u00e0 l\u2019environnement, sont autant d\u2019exemples qui se sont d\u00e9velopp\u00e9s gr\u00e2ce au soutien de nos b\u00e9n\u00e9voles.[\/vc_column_text][vc_btn display=\u00a0\u00bbinline-block\u00a0\u00bb btn_size=\u00a0\u00bbbutton-big\u00a0\u00bb css_animation=\u00a0\u00bbalpha-anim\u00a0\u00bb link=\u00a0\u00bburl:https%3A%2F%2Fblog.rotavicentina.miewstudio.com%2Ftag%2Fsensibilizacao%2F|title:Formulaire%20de%20volontariat|\u00a0\u00bb id=\u00a0\u00bbsbn9vmg0v\u00a0\u00bb el_class=\u00a0\u00bbmt-adapt-4&Prime;]En savoir plus[\/vc_btn][\/vc_column][\/vc_row][vc_row unlock_row_content=\u00a0\u00bb\u00a0\u00bb row_height_percent=\u00a0\u00bb0&Prime; columns_gutter=\u00a0\u00bb\u00a0\u00bb override_padding=\u00a0\u00bbyes\u00a0\u00bb h_padding=\u00a0\u00bb0&Prime; top_padding=\u00a0\u00bb0&Prime; bottom_padding=\u00a0\u00bb0&Prime; shift_y=\u00a0\u00bb0&Prime; z_index=\u00a0\u00bb0&Prime; el_class=\u00a0\u00bbmb-adapt-8 mb-adapt-md-0&Prime;][vc_column position_horizontal=\u00a0\u00bb\u00a0\u00bb position_vertical=\u00a0\u00bbd-md-flex align-items-md-center\u00a0\u00bb mobile_width=\u00a0\u00bb11&Prime; shift_x=\u00a0\u00bb0&Prime; shift_y=\u00a0\u00bb0&Prime; z_index=\u00a0\u00bb0&Prime; width=\u00a0\u00bb5\/12&Prime; mobile_order=\u00a0\u00bb2&Prime; el_class=\u00a0\u00bbpt-adapt-4 pb-adapt-4&Prime;][vc_custom_heading heading_semantic=\u00a0\u00bbh3&Prime; text_size=\u00a0\u00bbh3&Prime; css_animation=\u00a0\u00bbalpha-anim\u00a0\u00bb el_class=\u00a0\u00bbtitle-stroked mt-adapt-3&Prime;]Impact[\/vc_custom_heading][vc_column_text css_animation=\u00a0\u00bbalpha-anim\u00a0\u00bb el_class=\u00a0\u00bbmt-adapt-4&Prime;]Depuis sa cr\u00e9ation, l\u2019association s\u2019est toujours souci\u00e9e d\u2019\u00e9valuer son impact dans la r\u00e9gion au niveau \u00e9conomique, social et environnemental.<\/p>\n<p>En 2013, une 1e \u00e9tude d\u2019impact environnemental relative \u00e0 l\u2019association Rota Vicentina a \u00e9t\u00e9 r\u00e9alis\u00e9e. En 2017, cette \u00e9tude a \u00e9t\u00e9 compl\u00e9t\u00e9e par les donn\u00e9es issues des relev\u00e9s des compteurs automatiques et des enqu\u00eates aupr\u00e8s des randonneurs, men\u00e9es sur le terrain par ces centaines de b\u00e9n\u00e9voles locaux.<\/p>\n<p>En 2022, elle proc\u00e8dera \u00e0 une nouvelle \u00e9valuation des diff\u00e9rents impacts du tourisme dans cette r\u00e9gion[\/vc_column_text][vc_btn display=\u00a0\u00bbinline-block\u00a0\u00bb btn_size=\u00a0\u00bbbutton-big\u00a0\u00bb css_animation=\u00a0\u00bbalpha-anim\u00a0\u00bb link=\u00a0\u00bburl:https%3A%2F%2Frotavicentina.miewstudio.com%2Fimpacto-na-regiao%2F|title:Impact|\u00a0\u00bb id=\u00a0\u00bbsbn9vmg0v\u00a0\u00bb el_class=\u00a0\u00bbmt-adapt-4&Prime;]En savoir plus[\/vc_btn][\/vc_column][vc_column position_horizontal=\u00a0\u00bb\u00a0\u00bb mobile_visibility=\u00a0\u00bbyes\u00a0\u00bb mobile_width=\u00a0\u00bb11&Prime; shift_x=\u00a0\u00bb0&Prime; shift_y=\u00a0\u00bb0&Prime; z_index=\u00a0\u00bb0&Prime; width=\u00a0\u00bb1\/12&Prime;][\/vc_column][vc_column position_horizontal=\u00a0\u00bb\u00a0\u00bb position_vertical=\u00a0\u00bbd-md-flex align-items-md-center\u00a0\u00bb mobile_width=\u00a0\u00bb11&Prime; shift_x=\u00a0\u00bb0&Prime; shift_y=\u00a0\u00bb0&Prime; z_index=\u00a0\u00bb0&Prime; width=\u00a0\u00bb1\/2&Prime; mobile_order=\u00a0\u00bb1&Prime;][vc_single_image media_div=\u00a0\u00bbbackground\u00a0\u00bb media=\u00a0\u00bb79106&Prime; css_animation=\u00a0\u00bbmasked\u00a0\u00bb][\/vc_single_image][\/vc_column][\/vc_row][vc_row][vc_column width=\u00a0\u00bb1\/1&Prime;][miew_block id=\u00a0\u00bb126&Prime;][\/vc_column][\/vc_row]<\/p>\n<\/div>","protected":false},"excerpt":{"rendered":"<p>[vc_row unlock_row_content=\u00a0\u00bb\u00a0\u00bb row_height_percent=\u00a0\u00bb0&Prime; back_image=\u00a0\u00bb79551&Prime; shift_y=\u00a0\u00bb0&Prime; z_index=\u00a0\u00bb0&Prime; row_height_pixel=\u00a0\u00bb465px\u00a0\u00bb][vc_column position_horizontal=\u00a0\u00bb\u00a0\u00bb position_vertical=\u00a0\u00bbd-md-flex align-items-md-end\u00a0\u00bb style=\u00a0\u00bbdark\u00a0\u00bb mobile_width=\u00a0\u00bb11&Prime; shift_x=\u00a0\u00bb0&Prime; shift_y=\u00a0\u00bb0&Prime; z_index=\u00a0\u00bb0&Prime; width=\u00a0\u00bb1\/1&Prime;][vc_custom_heading auto_text=\u00a0\u00bbyes\u00a0\u00bb heading_semantic=\u00a0\u00bbh1&Prime; text_size=\u00a0\u00bb\u00a0\u00bb el_class=\u00a0\u00bbalternative-font big-title\u00a0\u00bb]Conservation[\/vc_custom_heading][\/vc_column][\/vc_row][vc_row unlock_row_content=\u00a0\u00bb\u00a0\u00bb row_height_percent=\u00a0\u00bb0&Prime; override_padding=\u00a0\u00bbyes\u00a0\u00bb h_padding=\u00a0\u00bb0&Prime; top_padding=\u00a0\u00bb4&Prime; bottom_padding=\u00a0\u00bb4&Prime; shift_y=\u00a0\u00bb0&Prime; z_index=\u00a0\u00bb0&Prime;][vc_column position_horizontal=\u00a0\u00bb\u00a0\u00bb position_vertical=\u00a0\u00bbd-md-flex align-items-md-center\u00a0\u00bb mobile_width=\u00a0\u00bb11&Prime; shift_x=\u00a0\u00bb0&Prime; shift_y=\u00a0\u00bb0&Prime; z_index=\u00a0\u00bb0&Prime; width=\u00a0\u00bb5\/12&Prime;][vc_single_image media_div=\u00a0\u00bbsvginline\u00a0\u00bb media=\u00a0\u00bb73682&Prime; css_animation=\u00a0\u00bbalpha-anim\u00a0\u00bb media_width_pixel=\u00a0\u00bb60px\u00a0\u00bb][\/vc_single_image][vc_custom_heading css_animation=\u00a0\u00bbalpha-anim\u00a0\u00bb el_class=\u00a0\u00bbtitle-stroked mt-adapt-3&Prime;]\u201c Qui aime bien, prend bien soin \u201d[\/vc_custom_heading][vc_column_text css_animation=\u00a0\u00bbalpha-anim\u00a0\u00bb el_class=\u00a0\u00bbmt-adapt-5&Prime;]Ce sont 110 [&hellip;]<\/p>\n","protected":false},"author":1,"featured_media":0,"parent":0,"menu_order":0,"comment_status":"closed","ping_status":"closed","template":"","meta":{"_acf_changed":false,"footnotes":""},"page-category":[],"class_list":["post-80478","page","type-page","status-publish","hentry"],"acf":[],"yoast_head":"<!-- This site is optimized with the Yoast SEO Premium plugin v19.5 (Yoast SEO v27.0) - https:\/\/yoast.com\/product\/yoast-seo-premium-wordpress\/ -->\n<title>Conservation - [STG] Rota Vicentina<\/title>\n<meta name=\"robots\" content=\"noindex, follow, max-snippet:-1, max-image-preview:large, max-video-preview:-1\" \/>\n<meta property=\"og:locale\" content=\"fr_FR\" \/>\n<meta property=\"og:type\" content=\"article\" \/>\n<meta property=\"og:title\" content=\"Conservation - [STG] Rota Vicentina\" \/>\n<meta property=\"og:description\" content=\"[vc_row unlock_row_content=\u00a0\u00bb\u00a0\u00bb row_height_percent=\u00a0\u00bb0&Prime; back_image=\u00a0\u00bb79551&Prime; shift_y=\u00a0\u00bb0&Prime; z_index=\u00a0\u00bb0&Prime; row_height_pixel=\u00a0\u00bb465px\u00a0\u00bb][vc_column position_horizontal=\u00a0\u00bb\u00a0\u00bb position_vertical=\u00a0\u00bbd-md-flex align-items-md-end\u00a0\u00bb style=\u00a0\u00bbdark\u00a0\u00bb mobile_width=\u00a0\u00bb11&Prime; shift_x=\u00a0\u00bb0&Prime; shift_y=\u00a0\u00bb0&Prime; z_index=\u00a0\u00bb0&Prime; width=\u00a0\u00bb1\/1&Prime;][vc_custom_heading auto_text=\u00a0\u00bbyes\u00a0\u00bb heading_semantic=\u00a0\u00bbh1&Prime; text_size=\u00a0\u00bb\u00a0\u00bb el_class=\u00a0\u00bbalternative-font big-title\u00a0\u00bb]Conservation[\/vc_custom_heading][\/vc_column][\/vc_row][vc_row unlock_row_content=\u00a0\u00bb\u00a0\u00bb row_height_percent=\u00a0\u00bb0&Prime; override_padding=\u00a0\u00bbyes\u00a0\u00bb h_padding=\u00a0\u00bb0&Prime; top_padding=\u00a0\u00bb4&Prime; bottom_padding=\u00a0\u00bb4&Prime; shift_y=\u00a0\u00bb0&Prime; z_index=\u00a0\u00bb0&Prime;][vc_column position_horizontal=\u00a0\u00bb\u00a0\u00bb position_vertical=\u00a0\u00bbd-md-flex align-items-md-center\u00a0\u00bb mobile_width=\u00a0\u00bb11&Prime; shift_x=\u00a0\u00bb0&Prime; shift_y=\u00a0\u00bb0&Prime; z_index=\u00a0\u00bb0&Prime; width=\u00a0\u00bb5\/12&Prime;][vc_single_image media_div=\u00a0\u00bbsvginline\u00a0\u00bb media=\u00a0\u00bb73682&Prime; css_animation=\u00a0\u00bbalpha-anim\u00a0\u00bb media_width_pixel=\u00a0\u00bb60px\u00a0\u00bb][\/vc_single_image][vc_custom_heading css_animation=\u00a0\u00bbalpha-anim\u00a0\u00bb el_class=\u00a0\u00bbtitle-stroked mt-adapt-3&Prime;]\u201c Qui aime bien, prend bien soin \u201d[\/vc_custom_heading][vc_column_text css_animation=\u00a0\u00bbalpha-anim\u00a0\u00bb el_class=\u00a0\u00bbmt-adapt-5&Prime;]Ce sont 110 [&hellip;]\" \/>\n<meta property=\"og:url\" content=\"https:\/\/rv-stg.fera.miewstudio.com\/fr\/conservation\/\" \/>\n<meta property=\"og:site_name\" content=\"[STG] Rota Vicentina\" \/>\n<meta property=\"article:publisher\" content=\"https:\/\/www.facebook.com\/rotavicentina\" \/>\n<meta property=\"article:modified_time\" content=\"2023-01-17T12:27:52+00:00\" \/>\n<meta name=\"twitter:card\" content=\"summary_large_image\" \/>\n<meta name=\"twitter:site\" content=\"@RotaVicentina\" \/>\n<meta name=\"twitter:label1\" content=\"Dur\u00e9e de lecture estim\u00e9e\" \/>\n\t<meta name=\"twitter:data1\" content=\"6 minutes\" \/>\n<script type=\"application\/ld+json\" class=\"yoast-schema-graph\">{\"@context\":\"https:\/\/schema.org\",\"@graph\":[{\"@type\":\"WebPage\",\"@id\":\"https:\/\/rv-stg.fera.miewstudio.com\/fr\/conservation\/\",\"url\":\"https:\/\/rv-stg.fera.miewstudio.com\/fr\/conservation\/\",\"name\":\"Conservation - [STG] Rota Vicentina\",\"isPartOf\":{\"@id\":\"https:\/\/rv-stg.fera.miewstudio.com\/fr\/#website\"},\"datePublished\":\"2022-11-29T12:31:17+00:00\",\"dateModified\":\"2023-01-17T12:27:52+00:00\",\"inLanguage\":\"fr-FR\",\"potentialAction\":[{\"@type\":\"ReadAction\",\"target\":[\"https:\/\/rv-stg.fera.miewstudio.com\/fr\/conservation\/\"]}]},{\"@type\":\"WebSite\",\"@id\":\"https:\/\/rv-stg.fera.miewstudio.com\/fr\/#website\",\"url\":\"https:\/\/rv-stg.fera.miewstudio.com\/fr\/\",\"name\":\"[STG] Rota Vicentina\",\"description\":\"A p\u00e9 pelo Trilho dos Pescadores, Caminho Hist\u00f3rico ou Percursos Circulares ou v\u00e1 de bicicleta pelos mais de 1000km de Trilhos de Bicicleta na Rota Vicentina.\",\"publisher\":{\"@id\":\"https:\/\/rv-stg.fera.miewstudio.com\/fr\/#organization\"},\"potentialAction\":[{\"@type\":\"SearchAction\",\"target\":{\"@type\":\"EntryPoint\",\"urlTemplate\":\"https:\/\/rv-stg.fera.miewstudio.com\/fr\/?s={search_term_string}\"},\"query-input\":{\"@type\":\"PropertyValueSpecification\",\"valueRequired\":true,\"valueName\":\"search_term_string\"}}],\"inLanguage\":\"fr-FR\"},{\"@type\":\"Organization\",\"@id\":\"https:\/\/rv-stg.fera.miewstudio.com\/fr\/#organization\",\"name\":\"[STG] Rota Vicentina\",\"url\":\"https:\/\/rv-stg.fera.miewstudio.com\/fr\/\",\"logo\":{\"@type\":\"ImageObject\",\"inLanguage\":\"fr-FR\",\"@id\":\"https:\/\/rv-stg.fera.miewstudio.com\/fr\/#\/schema\/logo\/image\/\",\"url\":\"https:\/\/rv-stg.fera.miewstudio.com\/wp-content\/uploads\/2023\/02\/Rota-Vicentina-SW-Portugal.jpg\",\"contentUrl\":\"https:\/\/rv-stg.fera.miewstudio.com\/wp-content\/uploads\/2023\/02\/Rota-Vicentina-SW-Portugal.jpg\",\"width\":\"852\",\"height\":\"480\",\"caption\":\"[STG] Rota Vicentina\"},\"image\":{\"@id\":\"https:\/\/rv-stg.fera.miewstudio.com\/fr\/#\/schema\/logo\/image\/\"},\"sameAs\":[\"https:\/\/www.facebook.com\/rotavicentina\",\"https:\/\/x.com\/RotaVicentina\",\"https:\/\/www.instagram.com\/rotavicentina\/\",\"https:\/\/pt.linkedin.com\/company\/rota-vicentina\"]}]}<\/script>\n<!-- \/ Yoast SEO Premium plugin. -->","yoast_head_json":{"title":"Conservation - [STG] Rota Vicentina","robots":{"index":"noindex","follow":"follow","max-snippet":"max-snippet:-1","max-image-preview":"max-image-preview:large","max-video-preview":"max-video-preview:-1"},"og_locale":"fr_FR","og_type":"article","og_title":"Conservation - [STG] Rota Vicentina","og_description":"[vc_row unlock_row_content=\u00a0\u00bb\u00a0\u00bb row_height_percent=\u00a0\u00bb0&Prime; back_image=\u00a0\u00bb79551&Prime; shift_y=\u00a0\u00bb0&Prime; z_index=\u00a0\u00bb0&Prime; row_height_pixel=\u00a0\u00bb465px\u00a0\u00bb][vc_column position_horizontal=\u00a0\u00bb\u00a0\u00bb position_vertical=\u00a0\u00bbd-md-flex align-items-md-end\u00a0\u00bb style=\u00a0\u00bbdark\u00a0\u00bb mobile_width=\u00a0\u00bb11&Prime; shift_x=\u00a0\u00bb0&Prime; shift_y=\u00a0\u00bb0&Prime; z_index=\u00a0\u00bb0&Prime; width=\u00a0\u00bb1\/1&Prime;][vc_custom_heading auto_text=\u00a0\u00bbyes\u00a0\u00bb heading_semantic=\u00a0\u00bbh1&Prime; text_size=\u00a0\u00bb\u00a0\u00bb el_class=\u00a0\u00bbalternative-font big-title\u00a0\u00bb]Conservation[\/vc_custom_heading][\/vc_column][\/vc_row][vc_row unlock_row_content=\u00a0\u00bb\u00a0\u00bb row_height_percent=\u00a0\u00bb0&Prime; override_padding=\u00a0\u00bbyes\u00a0\u00bb h_padding=\u00a0\u00bb0&Prime; top_padding=\u00a0\u00bb4&Prime; bottom_padding=\u00a0\u00bb4&Prime; shift_y=\u00a0\u00bb0&Prime; z_index=\u00a0\u00bb0&Prime;][vc_column position_horizontal=\u00a0\u00bb\u00a0\u00bb position_vertical=\u00a0\u00bbd-md-flex align-items-md-center\u00a0\u00bb mobile_width=\u00a0\u00bb11&Prime; shift_x=\u00a0\u00bb0&Prime; shift_y=\u00a0\u00bb0&Prime; z_index=\u00a0\u00bb0&Prime; width=\u00a0\u00bb5\/12&Prime;][vc_single_image media_div=\u00a0\u00bbsvginline\u00a0\u00bb media=\u00a0\u00bb73682&Prime; css_animation=\u00a0\u00bbalpha-anim\u00a0\u00bb media_width_pixel=\u00a0\u00bb60px\u00a0\u00bb][\/vc_single_image][vc_custom_heading css_animation=\u00a0\u00bbalpha-anim\u00a0\u00bb el_class=\u00a0\u00bbtitle-stroked mt-adapt-3&Prime;]\u201c Qui aime bien, prend bien soin \u201d[\/vc_custom_heading][vc_column_text css_animation=\u00a0\u00bbalpha-anim\u00a0\u00bb el_class=\u00a0\u00bbmt-adapt-5&Prime;]Ce sont 110 [&hellip;]","og_url":"https:\/\/rv-stg.fera.miewstudio.com\/fr\/conservation\/","og_site_name":"[STG] Rota Vicentina","article_publisher":"https:\/\/www.facebook.com\/rotavicentina","article_modified_time":"2023-01-17T12:27:52+00:00","twitter_card":"summary_large_image","twitter_site":"@RotaVicentina","twitter_misc":{"Dur\u00e9e de lecture estim\u00e9e":"6 minutes"},"schema":{"@context":"https:\/\/schema.org","@graph":[{"@type":"WebPage","@id":"https:\/\/rv-stg.fera.miewstudio.com\/fr\/conservation\/","url":"https:\/\/rv-stg.fera.miewstudio.com\/fr\/conservation\/","name":"Conservation - [STG] Rota Vicentina","isPartOf":{"@id":"https:\/\/rv-stg.fera.miewstudio.com\/fr\/#website"},"datePublished":"2022-11-29T12:31:17+00:00","dateModified":"2023-01-17T12:27:52+00:00","inLanguage":"fr-FR","potentialAction":[{"@type":"ReadAction","target":["https:\/\/rv-stg.fera.miewstudio.com\/fr\/conservation\/"]}]},{"@type":"WebSite","@id":"https:\/\/rv-stg.fera.miewstudio.com\/fr\/#website","url":"https:\/\/rv-stg.fera.miewstudio.com\/fr\/","name":"[STG] Rota Vicentina","description":"A p\u00e9 pelo Trilho dos Pescadores, Caminho Hist\u00f3rico ou Percursos Circulares ou v\u00e1 de bicicleta pelos mais de 1000km de Trilhos de Bicicleta na Rota Vicentina.","publisher":{"@id":"https:\/\/rv-stg.fera.miewstudio.com\/fr\/#organization"},"potentialAction":[{"@type":"SearchAction","target":{"@type":"EntryPoint","urlTemplate":"https:\/\/rv-stg.fera.miewstudio.com\/fr\/?s={search_term_string}"},"query-input":{"@type":"PropertyValueSpecification","valueRequired":true,"valueName":"search_term_string"}}],"inLanguage":"fr-FR"},{"@type":"Organization","@id":"https:\/\/rv-stg.fera.miewstudio.com\/fr\/#organization","name":"[STG] Rota Vicentina","url":"https:\/\/rv-stg.fera.miewstudio.com\/fr\/","logo":{"@type":"ImageObject","inLanguage":"fr-FR","@id":"https:\/\/rv-stg.fera.miewstudio.com\/fr\/#\/schema\/logo\/image\/","url":"https:\/\/rv-stg.fera.miewstudio.com\/wp-content\/uploads\/2023\/02\/Rota-Vicentina-SW-Portugal.jpg","contentUrl":"https:\/\/rv-stg.fera.miewstudio.com\/wp-content\/uploads\/2023\/02\/Rota-Vicentina-SW-Portugal.jpg","width":"852","height":"480","caption":"[STG] Rota Vicentina"},"image":{"@id":"https:\/\/rv-stg.fera.miewstudio.com\/fr\/#\/schema\/logo\/image\/"},"sameAs":["https:\/\/www.facebook.com\/rotavicentina","https:\/\/x.com\/RotaVicentina","https:\/\/www.instagram.com\/rotavicentina\/","https:\/\/pt.linkedin.com\/company\/rota-vicentina"]}]}},"_links":{"self":[{"href":"https:\/\/rv-stg.fera.miewstudio.com\/fr\/wp-json\/wp\/v2\/pages\/80478","targetHints":{"allow":["GET"]}}],"collection":[{"href":"https:\/\/rv-stg.fera.miewstudio.com\/fr\/wp-json\/wp\/v2\/pages"}],"about":[{"href":"https:\/\/rv-stg.fera.miewstudio.com\/fr\/wp-json\/wp\/v2\/types\/page"}],"author":[{"embeddable":true,"href":"https:\/\/rv-stg.fera.miewstudio.com\/fr\/wp-json\/wp\/v2\/users\/1"}],"replies":[{"embeddable":true,"href":"https:\/\/rv-stg.fera.miewstudio.com\/fr\/wp-json\/wp\/v2\/comments?post=80478"}],"version-history":[{"count":0,"href":"https:\/\/rv-stg.fera.miewstudio.com\/fr\/wp-json\/wp\/v2\/pages\/80478\/revisions"}],"wp:attachment":[{"href":"https:\/\/rv-stg.fera.miewstudio.com\/fr\/wp-json\/wp\/v2\/media?parent=80478"}],"wp:term":[{"taxonomy":"page-category","embeddable":true,"href":"https:\/\/rv-stg.fera.miewstudio.com\/fr\/wp-json\/wp\/v2\/page-category?post=80478"}],"curies":[{"name":"wp","href":"https:\/\/api.w.org\/{rel}","templated":true}]}}