{"id":80327,"date":"2022-09-21T09:55:04","date_gmt":"2022-09-21T09:55:04","guid":{"rendered":"https:\/\/rotavicentina.miewstudio.com\/downloads\/"},"modified":"2023-01-16T14:43:59","modified_gmt":"2023-01-16T14:43:59","slug":"downloads","status":"publish","type":"page","link":"https:\/\/rv-stg.fera.miewstudio.com\/fr\/downloads\/","title":{"rendered":"Downloads"},"content":{"rendered":"<div class=\"wpb-content-wrapper\"><p>[vc_row unlock_row_content=\u00a0\u00bb\u00a0\u00bb row_height_percent=\u00a0\u00bb0&Prime; override_padding=\u00a0\u00bbyes\u00a0\u00bb h_padding=\u00a0\u00bb0&Prime; top_padding=\u00a0\u00bb4&Prime; bottom_padding=\u00a0\u00bb4&Prime; shift_y=\u00a0\u00bb0&Prime; z_index=\u00a0\u00bb0&Prime;][vc_column width=\u00a0\u00bb1\/6&Prime;][\/vc_column][vc_column width=\u00a0\u00bb2\/3&Prime;][vc_icon position=\"left\" media_div=\"fonticon\" heading_semantic=\"p\" text_size=\"\" text_weight=\"font-weight-bold\" icon=\"icon-downloads\" icon_size=\"28px\" title=\"Downloads\"][\/vc_icon]\n    <div class=\"accordion-container\" id=\"accordion_downloads\">\n      <ul class=\"accordion\" role=\"tree\" data-multiopen=\"no\" data-allclosed=\"yes\">\n        <li class=\"accordion-item elements_animated bottom-t-top\" role=\"tablist\">\n            <a data-toggle=\"collapse\" data-parent=\"#accordion_downloads\" href=\"javascript:;\" id=\"voir+plus\" data-label=\"voir+plus\" class=\"accordion-title\">\n              \n              <i class=\"icon-pasta\"><\/i>\n              <p class=\"\">Voir plus<\/p>\n            <\/a>\n            <div class=\"accordion-content\" role=\"tabpanel\" aria-hidden=\"false\">\n                <div class=\"d-block\">\n                  <div class=\"accordion-container\" id=\"accordion_downloads\">\n                    <ul class=\"accordion\" role=\"tree\" data-multiopen=\"no\" data-allclosed=\"yes\">\n                      <li class=\"elements_animated bottom-t-top pt-adapt-1\" role=\"tablist\">\n          <a href=\"https:\/\/rv-stg.fera.miewstudio.com\/wp-content\/uploads\/2022\/09\/Tabela-de-Distancias-RV-Junho2024.pdf\" class=\"button btn-left-icon\" title=\"Distance Table | Updated: June 2024\" target=\"_blank\">\n            <span style=\"display: flex; align-items: center;\">\n              <svg xmlns=\"http:\/\/www.w3.org\/2000\/svg\" fill=\"none\" viewBox=\"0 0 20 14\"><path fill=\"#4A3225\" fill-rule=\"evenodd\" d=\"M1.17645 0H0v10.08h14.1178V14L20 9.51998l-5.8822-4.48001v3.92006H1.17645V0Z\" clip-rule=\"evenodd\"\/><\/svg>\n              <i class=\"icon-downloads\"><\/i>\n              <span style=\"margin-top: 4px;\">Distance Table | Updated: June 2024<\/span>\n            <\/span>\n          <\/a>\n        <\/li>\n                    <\/ul>\n                  <\/div>\n                <\/div>\n            <\/div>\n          <\/li><li class=\"accordion-item elements_animated bottom-t-top\" role=\"tablist\">\n            <a data-toggle=\"collapse\" data-parent=\"#accordion_downloads\" href=\"javascript:;\" id=\"sentiers+p%C3%A9destres\" data-label=\"sentiers+p%C3%A9destres\" class=\"accordion-title\">\n              \n              <i class=\"icon-pasta\"><\/i>\n              <p class=\"\">Sentiers P\u00e9destres<\/p>\n            <\/a>\n            <div class=\"accordion-content\" role=\"tabpanel\" aria-hidden=\"false\">\n                <div class=\"d-block\">\n                  <div class=\"accordion-container\" id=\"accordion_downloads\">\n                    <ul class=\"accordion\" role=\"tree\" data-multiopen=\"no\" data-allclosed=\"yes\">\n                      <li class=\"accordion-item elements_animated bottom-t-top\" role=\"tablist\">\n            <a data-toggle=\"collapse\" data-parent=\"#bnaEdxMdvu\" href=\"javascript:;\" id=\"tracks+gps\" data-label=\"tracks+gps\" class=\"accordion-title\">\n              <svg xmlns=\"http:\/\/www.w3.org\/2000\/svg\" fill=\"none\" viewBox=\"0 0 20 14\"><path fill=\"#4A3225\" fill-rule=\"evenodd\" d=\"M1.17645 0H0v10.08h14.1178V14L20 9.51998l-5.8822-4.48001v3.92006H1.17645V0Z\" clip-rule=\"evenodd\"\/><\/svg>\n              <i class=\"icon-pasta\"><\/i>\n              <p class=\"\">Tracks GPS<\/p>\n            <\/a>\n            <div class=\"accordion-content\" role=\"tabpanel\" aria-hidden=\"false\">\n                <div class=\"d-block\">\n                  <div class=\"accordion-container\" id=\"bnaEdxMdvu\">\n                    <ul class=\"accordion\" role=\"tree\" data-multiopen=\"no\" data-allclosed=\"yes\">\n                      <li class=\"elements_animated bottom-t-top pt-adapt-1\" role=\"tablist\">\n          <a href=\"90142\" class=\"button btn-left-icon\" title=\"Parcours Circulaires \u2013 Pack Tracks GPS\" target=\"_blank\">\n            <span style=\"display: flex; align-items: center;\">\n              <svg xmlns=\"http:\/\/www.w3.org\/2000\/svg\" fill=\"none\" viewBox=\"0 0 20 14\"><path fill=\"#4A3225\" fill-rule=\"evenodd\" d=\"M1.17645 0H0v10.08h14.1178V14L20 9.51998l-5.8822-4.48001v3.92006H1.17645V0Z\" clip-rule=\"evenodd\"\/><\/svg>\n              <i class=\"icon-downloads\"><\/i>\n              <span style=\"margin-top: 4px;\">Parcours Circulaires \u2013 Pack Tracks GPS<\/span>\n            <\/span>\n          <\/a>\n        <\/li><li class=\"elements_animated bottom-t-top pt-adapt-1\" role=\"tablist\">\n          <a href=\"125381\" class=\"button btn-left-icon\" title=\"Sentier des P\u00eacheurs &#8211; Trac\u00e9 GPX complet\" target=\"_blank\">\n            <span style=\"display: flex; align-items: center;\">\n              <svg xmlns=\"http:\/\/www.w3.org\/2000\/svg\" fill=\"none\" viewBox=\"0 0 20 14\"><path fill=\"#4A3225\" fill-rule=\"evenodd\" d=\"M1.17645 0H0v10.08h14.1178V14L20 9.51998l-5.8822-4.48001v3.92006H1.17645V0Z\" clip-rule=\"evenodd\"\/><\/svg>\n              <i class=\"icon-downloads\"><\/i>\n              <span style=\"margin-top: 4px;\">Sentier des P\u00eacheurs &#8211; Trac\u00e9 GPX complet<\/span>\n            <\/span>\n          <\/a>\n        <\/li><li class=\"elements_animated bottom-t-top pt-adapt-1\" role=\"tablist\">\n          <a href=\"122222\" class=\"button btn-left-icon\" title=\"Chemin Historique &#8211; Trac\u00e9 GPX complet\" target=\"_blank\">\n            <span style=\"display: flex; align-items: center;\">\n              <svg xmlns=\"http:\/\/www.w3.org\/2000\/svg\" fill=\"none\" viewBox=\"0 0 20 14\"><path fill=\"#4A3225\" fill-rule=\"evenodd\" d=\"M1.17645 0H0v10.08h14.1178V14L20 9.51998l-5.8822-4.48001v3.92006H1.17645V0Z\" clip-rule=\"evenodd\"\/><\/svg>\n              <i class=\"icon-downloads\"><\/i>\n              <span style=\"margin-top: 4px;\">Chemin Historique &#8211; Trac\u00e9 GPX complet<\/span>\n            <\/span>\n          <\/a>\n        <\/li>\n                    <\/ul>\n                  <\/div>\n                <\/div>\n            <\/div>\n          <\/li>\n                    <\/ul>\n                  <\/div>\n                <\/div>\n            <\/div>\n          <\/li>\n      <\/ul>\n    <\/div>[\/vc_column][vc_column width=\u00a0\u00bb1\/6&Prime;][\/vc_column][\/vc_row]<\/p>\n<\/div>","protected":false},"excerpt":{"rendered":"<p>[vc_row unlock_row_content=\u00a0\u00bb\u00a0\u00bb row_height_percent=\u00a0\u00bb0&Prime; override_padding=\u00a0\u00bbyes\u00a0\u00bb h_padding=\u00a0\u00bb0&Prime; top_padding=\u00a0\u00bb4&Prime; bottom_padding=\u00a0\u00bb4&Prime; shift_y=\u00a0\u00bb0&Prime; z_index=\u00a0\u00bb0&Prime;][vc_column width=\u00a0\u00bb1\/6&Prime;][\/vc_column][vc_column width=\u00a0\u00bb2\/3&Prime;][\/vc_column][vc_column width=\u00a0\u00bb1\/6&Prime;][\/vc_column][\/vc_row]<\/p>\n","protected":false},"author":1,"featured_media":0,"parent":0,"menu_order":0,"comment_status":"closed","ping_status":"closed","template":"","meta":{"_acf_changed":false,"footnotes":""},"page-category":[],"class_list":["post-80327","page","type-page","status-publish","hentry"],"acf":[],"yoast_head":"<!-- This site is optimized with the Yoast SEO Premium plugin v19.5 (Yoast SEO v27.0) - https:\/\/yoast.com\/product\/yoast-seo-premium-wordpress\/ -->\n<title>Downloads - [STG] Rota Vicentina<\/title>\n<meta name=\"robots\" content=\"noindex, follow, max-snippet:-1, max-image-preview:large, max-video-preview:-1\" \/>\n<meta property=\"og:locale\" content=\"fr_FR\" \/>\n<meta property=\"og:type\" content=\"article\" \/>\n<meta property=\"og:title\" content=\"Downloads - [STG] Rota Vicentina\" \/>\n<meta property=\"og:description\" content=\"[vc_row unlock_row_content=\u00a0\u00bb\u00a0\u00bb row_height_percent=\u00a0\u00bb0&Prime; override_padding=\u00a0\u00bbyes\u00a0\u00bb h_padding=\u00a0\u00bb0&Prime; top_padding=\u00a0\u00bb4&Prime; bottom_padding=\u00a0\u00bb4&Prime; shift_y=\u00a0\u00bb0&Prime; z_index=\u00a0\u00bb0&Prime;][vc_column width=\u00a0\u00bb1\/6&Prime;][\/vc_column][vc_column width=\u00a0\u00bb2\/3&Prime;][\/vc_column][vc_column width=\u00a0\u00bb1\/6&Prime;][\/vc_column][\/vc_row]\" \/>\n<meta property=\"og:url\" content=\"https:\/\/rv-stg.fera.miewstudio.com\/fr\/downloads\/\" \/>\n<meta property=\"og:site_name\" content=\"[STG] Rota Vicentina\" \/>\n<meta property=\"article:publisher\" content=\"https:\/\/www.facebook.com\/rotavicentina\" \/>\n<meta property=\"article:modified_time\" content=\"2023-01-16T14:43:59+00:00\" \/>\n<meta name=\"twitter:card\" content=\"summary_large_image\" \/>\n<meta name=\"twitter:site\" content=\"@RotaVicentina\" \/>\n<script type=\"application\/ld+json\" class=\"yoast-schema-graph\">{\"@context\":\"https:\/\/schema.org\",\"@graph\":[{\"@type\":\"WebPage\",\"@id\":\"https:\/\/rv-stg.fera.miewstudio.com\/fr\/downloads\/\",\"url\":\"https:\/\/rv-stg.fera.miewstudio.com\/fr\/downloads\/\",\"name\":\"Downloads - [STG] Rota Vicentina\",\"isPartOf\":{\"@id\":\"https:\/\/rv-stg.fera.miewstudio.com\/fr\/#website\"},\"datePublished\":\"2022-09-21T09:55:04+00:00\",\"dateModified\":\"2023-01-16T14:43:59+00:00\",\"inLanguage\":\"fr-FR\",\"potentialAction\":[{\"@type\":\"ReadAction\",\"target\":[\"https:\/\/rv-stg.fera.miewstudio.com\/fr\/downloads\/\"]}]},{\"@type\":\"WebSite\",\"@id\":\"https:\/\/rv-stg.fera.miewstudio.com\/fr\/#website\",\"url\":\"https:\/\/rv-stg.fera.miewstudio.com\/fr\/\",\"name\":\"[STG] Rota Vicentina\",\"description\":\"A p\u00e9 pelo Trilho dos Pescadores, Caminho Hist\u00f3rico ou Percursos Circulares ou v\u00e1 de bicicleta pelos mais de 1000km de Trilhos de Bicicleta na Rota Vicentina.\",\"publisher\":{\"@id\":\"https:\/\/rv-stg.fera.miewstudio.com\/fr\/#organization\"},\"potentialAction\":[{\"@type\":\"SearchAction\",\"target\":{\"@type\":\"EntryPoint\",\"urlTemplate\":\"https:\/\/rv-stg.fera.miewstudio.com\/fr\/?s={search_term_string}\"},\"query-input\":{\"@type\":\"PropertyValueSpecification\",\"valueRequired\":true,\"valueName\":\"search_term_string\"}}],\"inLanguage\":\"fr-FR\"},{\"@type\":\"Organization\",\"@id\":\"https:\/\/rv-stg.fera.miewstudio.com\/fr\/#organization\",\"name\":\"[STG] Rota Vicentina\",\"url\":\"https:\/\/rv-stg.fera.miewstudio.com\/fr\/\",\"logo\":{\"@type\":\"ImageObject\",\"inLanguage\":\"fr-FR\",\"@id\":\"https:\/\/rv-stg.fera.miewstudio.com\/fr\/#\/schema\/logo\/image\/\",\"url\":\"https:\/\/rv-stg.fera.miewstudio.com\/wp-content\/uploads\/2023\/02\/Rota-Vicentina-SW-Portugal.jpg\",\"contentUrl\":\"https:\/\/rv-stg.fera.miewstudio.com\/wp-content\/uploads\/2023\/02\/Rota-Vicentina-SW-Portugal.jpg\",\"width\":\"852\",\"height\":\"480\",\"caption\":\"[STG] Rota Vicentina\"},\"image\":{\"@id\":\"https:\/\/rv-stg.fera.miewstudio.com\/fr\/#\/schema\/logo\/image\/\"},\"sameAs\":[\"https:\/\/www.facebook.com\/rotavicentina\",\"https:\/\/x.com\/RotaVicentina\",\"https:\/\/www.instagram.com\/rotavicentina\/\",\"https:\/\/pt.linkedin.com\/company\/rota-vicentina\"]}]}<\/script>\n<!-- \/ Yoast SEO Premium plugin. -->","yoast_head_json":{"title":"Downloads - [STG] Rota Vicentina","robots":{"index":"noindex","follow":"follow","max-snippet":"max-snippet:-1","max-image-preview":"max-image-preview:large","max-video-preview":"max-video-preview:-1"},"og_locale":"fr_FR","og_type":"article","og_title":"Downloads - [STG] Rota Vicentina","og_description":"[vc_row unlock_row_content=\u00a0\u00bb\u00a0\u00bb row_height_percent=\u00a0\u00bb0&Prime; override_padding=\u00a0\u00bbyes\u00a0\u00bb h_padding=\u00a0\u00bb0&Prime; top_padding=\u00a0\u00bb4&Prime; bottom_padding=\u00a0\u00bb4&Prime; shift_y=\u00a0\u00bb0&Prime; z_index=\u00a0\u00bb0&Prime;][vc_column width=\u00a0\u00bb1\/6&Prime;][\/vc_column][vc_column width=\u00a0\u00bb2\/3&Prime;][\/vc_column][vc_column width=\u00a0\u00bb1\/6&Prime;][\/vc_column][\/vc_row]","og_url":"https:\/\/rv-stg.fera.miewstudio.com\/fr\/downloads\/","og_site_name":"[STG] Rota Vicentina","article_publisher":"https:\/\/www.facebook.com\/rotavicentina","article_modified_time":"2023-01-16T14:43:59+00:00","twitter_card":"summary_large_image","twitter_site":"@RotaVicentina","schema":{"@context":"https:\/\/schema.org","@graph":[{"@type":"WebPage","@id":"https:\/\/rv-stg.fera.miewstudio.com\/fr\/downloads\/","url":"https:\/\/rv-stg.fera.miewstudio.com\/fr\/downloads\/","name":"Downloads - [STG] Rota Vicentina","isPartOf":{"@id":"https:\/\/rv-stg.fera.miewstudio.com\/fr\/#website"},"datePublished":"2022-09-21T09:55:04+00:00","dateModified":"2023-01-16T14:43:59+00:00","inLanguage":"fr-FR","potentialAction":[{"@type":"ReadAction","target":["https:\/\/rv-stg.fera.miewstudio.com\/fr\/downloads\/"]}]},{"@type":"WebSite","@id":"https:\/\/rv-stg.fera.miewstudio.com\/fr\/#website","url":"https:\/\/rv-stg.fera.miewstudio.com\/fr\/","name":"[STG] Rota Vicentina","description":"A p\u00e9 pelo Trilho dos Pescadores, Caminho Hist\u00f3rico ou Percursos Circulares ou v\u00e1 de bicicleta pelos mais de 1000km de Trilhos de Bicicleta na Rota Vicentina.","publisher":{"@id":"https:\/\/rv-stg.fera.miewstudio.com\/fr\/#organization"},"potentialAction":[{"@type":"SearchAction","target":{"@type":"EntryPoint","urlTemplate":"https:\/\/rv-stg.fera.miewstudio.com\/fr\/?s={search_term_string}"},"query-input":{"@type":"PropertyValueSpecification","valueRequired":true,"valueName":"search_term_string"}}],"inLanguage":"fr-FR"},{"@type":"Organization","@id":"https:\/\/rv-stg.fera.miewstudio.com\/fr\/#organization","name":"[STG] Rota Vicentina","url":"https:\/\/rv-stg.fera.miewstudio.com\/fr\/","logo":{"@type":"ImageObject","inLanguage":"fr-FR","@id":"https:\/\/rv-stg.fera.miewstudio.com\/fr\/#\/schema\/logo\/image\/","url":"https:\/\/rv-stg.fera.miewstudio.com\/wp-content\/uploads\/2023\/02\/Rota-Vicentina-SW-Portugal.jpg","contentUrl":"https:\/\/rv-stg.fera.miewstudio.com\/wp-content\/uploads\/2023\/02\/Rota-Vicentina-SW-Portugal.jpg","width":"852","height":"480","caption":"[STG] Rota Vicentina"},"image":{"@id":"https:\/\/rv-stg.fera.miewstudio.com\/fr\/#\/schema\/logo\/image\/"},"sameAs":["https:\/\/www.facebook.com\/rotavicentina","https:\/\/x.com\/RotaVicentina","https:\/\/www.instagram.com\/rotavicentina\/","https:\/\/pt.linkedin.com\/company\/rota-vicentina"]}]}},"_links":{"self":[{"href":"https:\/\/rv-stg.fera.miewstudio.com\/fr\/wp-json\/wp\/v2\/pages\/80327","targetHints":{"allow":["GET"]}}],"collection":[{"href":"https:\/\/rv-stg.fera.miewstudio.com\/fr\/wp-json\/wp\/v2\/pages"}],"about":[{"href":"https:\/\/rv-stg.fera.miewstudio.com\/fr\/wp-json\/wp\/v2\/types\/page"}],"author":[{"embeddable":true,"href":"https:\/\/rv-stg.fera.miewstudio.com\/fr\/wp-json\/wp\/v2\/users\/1"}],"replies":[{"embeddable":true,"href":"https:\/\/rv-stg.fera.miewstudio.com\/fr\/wp-json\/wp\/v2\/comments?post=80327"}],"version-history":[{"count":0,"href":"https:\/\/rv-stg.fera.miewstudio.com\/fr\/wp-json\/wp\/v2\/pages\/80327\/revisions"}],"wp:attachment":[{"href":"https:\/\/rv-stg.fera.miewstudio.com\/fr\/wp-json\/wp\/v2\/media?parent=80327"}],"wp:term":[{"taxonomy":"page-category","embeddable":true,"href":"https:\/\/rv-stg.fera.miewstudio.com\/fr\/wp-json\/wp\/v2\/page-category?post=80327"}],"curies":[{"name":"wp","href":"https:\/\/api.w.org\/{rel}","templated":true}]}}