{"id":80303,"date":"2022-11-29T14:09:41","date_gmt":"2022-11-29T14:09:41","guid":{"rendered":"https:\/\/rotavicentina.miewstudio.com\/impact-sur-la-region\/"},"modified":"2023-01-22T22:48:32","modified_gmt":"2023-01-22T22:48:32","slug":"impact-sur-la-region","status":"publish","type":"page","link":"https:\/\/rv-stg.fera.miewstudio.com\/fr\/impact-sur-la-region\/","title":{"rendered":"Impact sur la r\u00e9gion"},"content":{"rendered":"<div class=\"wpb-content-wrapper\"><p>[vc_row unlock_row_content=\u00a0\u00bb\u00a0\u00bb row_height_percent=\u00a0\u00bb0&Prime; back_image=\u00a0\u00bb79003&Prime; shift_y=\u00a0\u00bb0&Prime; z_index=\u00a0\u00bb0&Prime; row_height_pixel=\u00a0\u00bb465px\u00a0\u00bb][vc_column position_horizontal=\u00a0\u00bb\u00a0\u00bb position_vertical=\u00a0\u00bbd-md-flex align-items-md-end\u00a0\u00bb style=\u00a0\u00bbdark\u00a0\u00bb mobile_width=\u00a0\u00bb11&Prime; shift_x=\u00a0\u00bb0&Prime; shift_y=\u00a0\u00bb0&Prime; z_index=\u00a0\u00bb0&Prime; width=\u00a0\u00bb1\/1&Prime;][vc_custom_heading auto_text=\u00a0\u00bbyes\u00a0\u00bb heading_semantic=\u00a0\u00bbh1&Prime; text_size=\u00a0\u00bb\u00a0\u00bb el_class=\u00a0\u00bbalternative-font big-title\u00a0\u00bb]Impact sur la r\u00e9gion[\/vc_custom_heading][\/vc_column][\/vc_row][vc_row unlock_row_content=\u00a0\u00bb\u00a0\u00bb row_height_percent=\u00a0\u00bb0&Prime; override_padding=\u00a0\u00bbyes\u00a0\u00bb h_padding=\u00a0\u00bb0&Prime; top_padding=\u00a0\u00bb3&Prime; bottom_padding=\u00a0\u00bb4&Prime; shift_y=\u00a0\u00bb0&Prime; z_index=\u00a0\u00bb0&Prime;][vc_column position_horizontal=\u00a0\u00bb\u00a0\u00bb position_vertical=\u00a0\u00bbd-md-flex align-items-md-center\u00a0\u00bb mobile_width=\u00a0\u00bb11&Prime; shift_x=\u00a0\u00bb0&Prime; shift_y=\u00a0\u00bb0&Prime; z_index=\u00a0\u00bb0&Prime; width=\u00a0\u00bb5\/12&Prime;][vc_single_image media_div=\u00a0\u00bbsvginline\u00a0\u00bb media=\u00a0\u00bb73702&Prime; css_animation=\u00a0\u00bbalpha-anim\u00a0\u00bb media_width_pixel=\u00a0\u00bb60px\u00a0\u00bb][\/vc_single_image][vc_custom_heading css_animation=\u00a0\u00bbalpha-anim\u00a0\u00bb el_class=\u00a0\u00bbtitle-stroked mt-adapt-3&Prime;]Suivi<br \/>\n<del><ins>depuis 2013<\/ins><\/del>[\/vc_custom_heading][vc_column_text css_animation=\u00a0\u00bbalpha-anim\u00a0\u00bb el_class=\u00a0\u00bbmt-adapt-5&Prime;]Depuis sa cr\u00e9ation, Rota Vicentina s\u2019est attach\u00e9e \u00e0 \u00e9valuer son impact sur la r\u00e9gion sur les plans \u00e9conomique, social et environnemental.<\/p>\n<p>La vid\u00e9o <a href=\"https:\/\/youtu.be\/orQBnulTxMI\"><strong>Um outro olhar<\/strong><\/a> (Un autre regard) r\u00e9sume 3 \u00e9tudes et quelques-uns de leurs principaux r\u00e9sultats, mais vous trouverez \u00e9galement sur cette page une information compl\u00e8te et d\u00e9taill\u00e9e.[\/vc_column_text][\/vc_column][vc_column position_horizontal=\u00a0\u00bb\u00a0\u00bb mobile_visibility=\u00a0\u00bbyes\u00a0\u00bb mobile_width=\u00a0\u00bb11&Prime; shift_x=\u00a0\u00bb0&Prime; shift_y=\u00a0\u00bb0&Prime; z_index=\u00a0\u00bb0&Prime; width=\u00a0\u00bb1\/12&Prime;][\/vc_column][vc_column position_horizontal=\u00a0\u00bb\u00a0\u00bb position_vertical=\u00a0\u00bbd-md-flex align-items-md-center\u00a0\u00bb mobile_width=\u00a0\u00bb11&Prime; shift_x=\u00a0\u00bb0&Prime; shift_y=\u00a0\u00bb0&Prime; z_index=\u00a0\u00bb0&Prime; css_animation=\u00a0\u00bbalpha-anim\u00a0\u00bb width=\u00a0\u00bb1\/2&Prime;][vc_video controls=\u00a0\u00bbyes\u00a0\u00bb muted=\u00a0\u00bbyes\u00a0\u00bb autoplay=\u00a0\u00bbyes\u00a0\u00bb video_link=\u00a0\u00bbhttps:\/\/www.youtube.com\/watch?v=orQBnulTxMI\u00a0\u00bb el_class=\u00a0\u00bbmt-adapt-4 mb-adapt-4&Prime;][\/vc_column][\/vc_row][vc_row][vc_column position_horizontal=\u00a0\u00bb\u00a0\u00bb mobile_width=\u00a0\u00bb11&Prime; shift_x=\u00a0\u00bb0&Prime; shift_y=\u00a0\u00bb0&Prime; z_index=\u00a0\u00bb0&Prime; width=\u00a0\u00bb5\/12&Prime; el_class=\u00a0\u00bbmt-adapt-6&Prime;][vc_custom_heading heading_semantic=\u00a0\u00bbh3&Prime; text_size=\u00a0\u00bbh3&Prime;]Principaux r\u00e9sultats[\/vc_custom_heading][vc_column_text el_class=\u00a0\u00bbmt-adapt-4&Prime;]L\u2019\u00e9tude d\u2019impact environnemental a \u00e9t\u00e9 initi\u00e9e en 2013, et, en 2017, le suivi a \u00e9t\u00e9 compl\u00e9t\u00e9 par des enqu\u00eates, des compteurs automatiques et une \u00e9tude quantitative et comportementale.<\/p>\n<p>Qui sont les randonneurs ? Comment sont-ils per\u00e7us par la communaut\u00e9 locale ? Quel est leur impact sur le territoire ? Ce sont l\u00e0 quelques donn\u00e9es quantitatives, mais il y a beaucoup d\u2019autres choses \u00e0 savoir sur l\u2019impact r\u00e9el de la Rota Vicentina dans la r\u00e9gion.<\/p>\n<p>Ce sont l\u00e0 quelques donn\u00e9es qualitatives, mais il y a beaucoup d\u2019autres choses \u00e0 savoir sur l\u2019impact r\u00e9el de la Rota Vicentina dans la r\u00e9gion.[\/vc_column_text][vc_btn display=\u00a0\u00bbinline-block\u00a0\u00bb btn_size=\u00a0\u00bbbutton-big\u00a0\u00bb css_animation=\u00a0\u00bbalpha-anim\u00a0\u00bb id=\u00a0\u00bbnxcd07m2s\u00a0\u00bb el_class=\u00a0\u00bbmt-adapt-6&Prime; link=\u00a0\u00bburl:https%3A%2F%2Frotavicentina.miewstudio.com%2Fwp-content%2Fuploads%2F2022%2F11%2Finfografia-rv_compressed.pdf|target:_blank|rel:nofollow|\u00a0\u00bb]Resum\u00e9 des r\u00e9sultats des 3 \u00e9tudes[\/vc_btn][\/vc_column][vc_column position_horizontal=\u00a0\u00bb\u00a0\u00bb position_vertical=\u00a0\u00bbd-md-flex align-items-md-center\u00a0\u00bb override_padding=\u00a0\u00bbyes\u00a0\u00bb column_padding=\u00a0\u00bb3&Prime; mobile_width=\u00a0\u00bb11&Prime; shift_x=\u00a0\u00bb0&Prime; shift_y=\u00a0\u00bb0&Prime; z_index=\u00a0\u00bb0&Prime; width=\u00a0\u00bb7\/12&Prime; back_color=\u00a0\u00bb#ffffff\u00a0\u00bb el_class=\u00a0\u00bbradius-cell mt-adapt-6&Prime;][vc_column_text]<\/p>\n<ul>\n<li><strong>24 000 randonneurs<\/strong><\/li>\n<li><strong>S\u00e9jour moyen de 11 nuits<\/strong><\/li>\n<li><strong>Haute saison en automne et au printemps<\/strong><\/li>\n<li><strong>1400 nouveaux emplois<\/strong><\/li>\n<li><strong>Un chiffre d\u2019affaires direct de 15 millions d\u2019euros<\/strong><\/li>\n<li><strong>Une valeur ajout\u00e9e brute de 8 millions d\u2019euros (le montant qui profite \u00e0 la r\u00e9gion)<\/strong><\/li>\n<\/ul>\n<p>[\/vc_column_text][\/vc_column][\/vc_row][vc_row unlock_row_content=\u00a0\u00bb\u00a0\u00bb row_height_percent=\u00a0\u00bb0&Prime; override_padding=\u00a0\u00bbyes\u00a0\u00bb h_padding=\u00a0\u00bb0&Prime; top_padding=\u00a0\u00bb1&Prime; bottom_padding=\u00a0\u00bb3&Prime; shift_y=\u00a0\u00bb0&Prime; z_index=\u00a0\u00bb0&Prime;][vc_column position_horizontal=\u00a0\u00bb\u00a0\u00bb align_horizontal=\u00a0\u00bbtext-md-center\u00a0\u00bb mobile_width=\u00a0\u00bb11&Prime; shift_x=\u00a0\u00bb0&Prime; shift_y=\u00a0\u00bb0&Prime; z_index=\u00a0\u00bb0&Prime; width=\u00a0\u00bb1\/3&Prime; el_class=\u00a0\u00bbmt-adapt-6&Prime;][vc_single_image media_div=\u00a0\u00bbbackground\u00a0\u00bb media=\u00a0\u00bb79011&Prime; css_animation=\u00a0\u00bbmasked\u00a0\u00bb el_class=\u00a0\u00bbradius-img\u00a0\u00bb][\/vc_single_image][vc_row_inner unlock_row_content=\u00a0\u00bb\u00a0\u00bb row_height_percent=\u00a0\u00bb0&Prime; shift_y=\u00a0\u00bb0&Prime; z_index=\u00a0\u00bb0&Prime; back_color=\u00a0\u00bb#ffffff\u00a0\u00bb el_class=\u00a0\u00bbradius-box mt-adapt-3&Prime;][vc_column_inner position_horizontal=\u00a0\u00bb\u00a0\u00bb align_horizontal=\u00a0\u00bbtext-md-center\u00a0\u00bb mobile_width=\u00a0\u00bb11&Prime; shift_x=\u00a0\u00bb0&Prime; shift_y=\u00a0\u00bb0&Prime; z_index=\u00a0\u00bb0&Prime; width=\u00a0\u00bb1\/1&Prime;][vc_column_text css_animation=\u00a0\u00bbalpha-anim\u00a0\u00bb]<strong>Surveillance \u00e9cologique<\/strong><\/p>\n<p>Sur le plan environnemental, l\u2019objectif \u00e9tait de mesurer l\u2019impact de la cr\u00e9ation et de l\u2019utilisation de sentiers dans les zones sensibles du Sentier des P\u00eacheurs.<strong><br \/>\n<\/strong>[\/vc_column_text][vc_btn btn_size=\u00a0\u00bbbutton-big\u00a0\u00bb css_animation=\u00a0\u00bbalpha-anim\u00a0\u00bb id=\u00a0\u00bbmiyrgh5pe\u00a0\u00bb el_class=\u00a0\u00bbmt-adapt-6&Prime; link=\u00a0\u00bburl:https%3A%2F%2Fdrive.google.com%2Ffile%2Fd%2F1H5eFLYBLbqCYzp2yvgja9pM6Hi9SbMDe%2Fview%3Fusp%3Dshare_link|target:_blank|\u00a0\u00bb]\u00c9tude environnementale[\/vc_btn][\/vc_column_inner][\/vc_row_inner][\/vc_column][vc_column position_horizontal=\u00a0\u00bb\u00a0\u00bb align_horizontal=\u00a0\u00bbtext-md-center\u00a0\u00bb mobile_width=\u00a0\u00bb11&Prime; shift_x=\u00a0\u00bb0&Prime; shift_y=\u00a0\u00bb0&Prime; z_index=\u00a0\u00bb0&Prime; width=\u00a0\u00bb1\/3&Prime; el_class=\u00a0\u00bbmt-adapt-6&Prime;][vc_single_image media_div=\u00a0\u00bbbackground\u00a0\u00bb media=\u00a0\u00bb79007&Prime; css_animation=\u00a0\u00bbmasked\u00a0\u00bb el_class=\u00a0\u00bbradius-img\u00a0\u00bb][\/vc_single_image][vc_row_inner unlock_row_content=\u00a0\u00bb\u00a0\u00bb row_height_percent=\u00a0\u00bb0&Prime; shift_y=\u00a0\u00bb0&Prime; z_index=\u00a0\u00bb0&Prime; back_color=\u00a0\u00bb#ffffff\u00a0\u00bb el_class=\u00a0\u00bbradius-box mt-adapt-3&Prime;][vc_column_inner position_horizontal=\u00a0\u00bb\u00a0\u00bb align_horizontal=\u00a0\u00bbtext-md-center\u00a0\u00bb mobile_width=\u00a0\u00bb11&Prime; shift_x=\u00a0\u00bb0&Prime; shift_y=\u00a0\u00bb0&Prime; z_index=\u00a0\u00bb0&Prime; width=\u00a0\u00bb1\/1&Prime;][vc_column_text css_animation=\u00a0\u00bbalpha-anim\u00a0\u00bb]<strong>Utilisation des Sentiers P\u00e9destres<\/strong><\/p>\n<p>D\u2019o\u00f9 vient-il ? Combien de nuits reste-t-il dans la r\u00e9gion ? Quel est l\u2019\u00e2ge du randonneur qui nous sollicite ? Nous voulions aussi mieux comprendre quel \u00e9tait notre public cible en termes quantitatifs.[\/vc_column_text][vc_btn btn_size=\u00a0\u00bbbutton-big\u00a0\u00bb css_animation=\u00a0\u00bbalpha-anim\u00a0\u00bb id=\u00a0\u00bbmiyrgh5pe\u00a0\u00bb el_class=\u00a0\u00bbmt-adapt-6&Prime; link=\u00a0\u00bburl:https%3A%2F%2Fdrive.google.com%2Ffile%2Fd%2F1Q4ZMfcs0WJqorGWSSdtFXO8S5b-_FUvr%2Fview%3Fusp%3Dshare_link|target:_blank|\u00a0\u00bb]\u00c9tude quantitative[\/vc_btn][\/vc_column_inner][\/vc_row_inner][\/vc_column][vc_column position_horizontal=\u00a0\u00bb\u00a0\u00bb align_horizontal=\u00a0\u00bbtext-md-center\u00a0\u00bb mobile_width=\u00a0\u00bb11&Prime; shift_x=\u00a0\u00bb0&Prime; shift_y=\u00a0\u00bb0&Prime; z_index=\u00a0\u00bb0&Prime; width=\u00a0\u00bb1\/3&Prime; el_class=\u00a0\u00bbmt-adapt-6&Prime;][vc_single_image media_div=\u00a0\u00bbbackground\u00a0\u00bb media=\u00a0\u00bb79015&Prime; css_animation=\u00a0\u00bbmasked\u00a0\u00bb el_class=\u00a0\u00bbradius-img\u00a0\u00bb][\/vc_single_image][vc_row_inner unlock_row_content=\u00a0\u00bb\u00a0\u00bb row_height_percent=\u00a0\u00bb0&Prime; shift_y=\u00a0\u00bb0&Prime; z_index=\u00a0\u00bb0&Prime; back_color=\u00a0\u00bb#ffffff\u00a0\u00bb el_class=\u00a0\u00bbradius-box mt-adapt-3&Prime;][vc_column_inner position_horizontal=\u00a0\u00bb\u00a0\u00bb align_horizontal=\u00a0\u00bbtext-md-center\u00a0\u00bb mobile_width=\u00a0\u00bb11&Prime; shift_x=\u00a0\u00bb0&Prime; shift_y=\u00a0\u00bb0&Prime; z_index=\u00a0\u00bb0&Prime; width=\u00a0\u00bb1\/1&Prime;][vc_column_text css_animation=\u00a0\u00bbalpha-anim\u00a0\u00bb]<strong>Impact socio-\u00e9conomique<\/strong><\/p>\n<p>Nous avons d\u00e9cid\u00e9 d\u2019abandonner les chiffres et d\u2019essayer de comprendre les intentions et les motivations des gens qui parcourent la Rota Vicentina.[\/vc_column_text][vc_btn btn_size=\u00a0\u00bbbutton-big\u00a0\u00bb css_animation=\u00a0\u00bbalpha-anim\u00a0\u00bb id=\u00a0\u00bbmiyrgh5pe\u00a0\u00bb el_class=\u00a0\u00bbmt-adapt-6&Prime; link=\u00a0\u00bburl:https%3A%2F%2Fdrive.google.com%2Ffile%2Fd%2F1tFIQ3_OvSHyeACKgcBEAyat_jt4d_PsG%2Fview%3Fusp%3Dshare_link|target:_blank|\u00a0\u00bb]\u00c9tude qualitatitive[\/vc_btn][\/vc_column_inner][\/vc_row_inner][\/vc_column][\/vc_row][vc_row unlock_row_content=\u00a0\u00bb\u00a0\u00bb row_height_percent=\u00a0\u00bb0&Prime; override_padding=\u00a0\u00bbyes\u00a0\u00bb h_padding=\u00a0\u00bb0&Prime; top_padding=\u00a0\u00bb3&Prime; bottom_padding=\u00a0\u00bb2&Prime; shift_y=\u00a0\u00bb0&Prime; z_index=\u00a0\u00bb0&Prime;][vc_column position_horizontal=\u00a0\u00bb\u00a0\u00bb align_horizontal=\u00a0\u00bbtext-md-center\u00a0\u00bb override_padding=\u00a0\u00bbyes\u00a0\u00bb column_padding=\u00a0\u00bb3&Prime; back_image=\u00a0\u00bb73235&Prime; back_repeat=\u00a0\u00bbno-repeat\u00a0\u00bb back_position=\u00a0\u00bbright top\u00a0\u00bb mobile_width=\u00a0\u00bb11&Prime; shift_x=\u00a0\u00bb0&Prime; shift_y=\u00a0\u00bb0&Prime; z_index=\u00a0\u00bb0&Prime; width=\u00a0\u00bb1\/1&Prime; back_color=\u00a0\u00bb#b2c39d\u00a0\u00bb el_class=\u00a0\u00bbrounded-cell\u00a0\u00bb back_size=\u00a0\u00bbauto\u00a0\u00bb][vc_custom_heading heading_semantic=\u00a0\u00bbh3&Prime; text_size=\u00a0\u00bbh4&Prime; text_weight=\u00a0\u00bbfont-weight-bold\u00a0\u00bb el_class=\u00a0\u00bbmt-adapt-6&Prime;]<strong>Vous pouvez contribuer \u00e0 cette mission<\/strong>[\/vc_custom_heading][vc_column_text css_animation=\u00a0\u00bbalpha-anim\u00a0\u00bb max_width=\u00a0\u00bb420px\u00a0\u00bb el_class=\u00a0\u00bbmt-adapt-4&Prime;]Si vous souhaitez participer \u00e0 cette enqu\u00eate, veuillez remplir le <em>questionnaire en ligne<\/em>.[\/vc_column_text][vc_btn display=\u00a0\u00bbinline-block\u00a0\u00bb btn_size=\u00a0\u00bbbutton-big\u00a0\u00bb css_animation=\u00a0\u00bbalpha-anim\u00a0\u00bb id=\u00a0\u00bbekccfzg6l\u00a0\u00bb el_class=\u00a0\u00bbstyle-dark mt-adapt-6 mb-adapt-6&Prime; link=\u00a0\u00bburl:https%3A%2F%2Fee.kobotoolbox.org%2Fx%2FYKQU|target:_blank|\u00a0\u00bb]Compl\u00e9ter le questionnaire[\/vc_btn][\/vc_column][\/vc_row][vc_row][vc_column width=\u00a0\u00bb1\/1&Prime;][miew_block id=\u00a0\u00bb126&Prime;][\/vc_column][\/vc_row]<\/p>\n<\/div>","protected":false},"excerpt":{"rendered":"<p>[vc_row unlock_row_content=\u00a0\u00bb\u00a0\u00bb row_height_percent=\u00a0\u00bb0&Prime; back_image=\u00a0\u00bb79003&Prime; shift_y=\u00a0\u00bb0&Prime; z_index=\u00a0\u00bb0&Prime; row_height_pixel=\u00a0\u00bb465px\u00a0\u00bb][vc_column position_horizontal=\u00a0\u00bb\u00a0\u00bb position_vertical=\u00a0\u00bbd-md-flex align-items-md-end\u00a0\u00bb style=\u00a0\u00bbdark\u00a0\u00bb mobile_width=\u00a0\u00bb11&Prime; shift_x=\u00a0\u00bb0&Prime; shift_y=\u00a0\u00bb0&Prime; z_index=\u00a0\u00bb0&Prime; width=\u00a0\u00bb1\/1&Prime;][vc_custom_heading auto_text=\u00a0\u00bbyes\u00a0\u00bb heading_semantic=\u00a0\u00bbh1&Prime; text_size=\u00a0\u00bb\u00a0\u00bb el_class=\u00a0\u00bbalternative-font big-title\u00a0\u00bb]Impact sur la r\u00e9gion[\/vc_custom_heading][\/vc_column][\/vc_row][vc_row unlock_row_content=\u00a0\u00bb\u00a0\u00bb row_height_percent=\u00a0\u00bb0&Prime; override_padding=\u00a0\u00bbyes\u00a0\u00bb h_padding=\u00a0\u00bb0&Prime; top_padding=\u00a0\u00bb3&Prime; bottom_padding=\u00a0\u00bb4&Prime; shift_y=\u00a0\u00bb0&Prime; z_index=\u00a0\u00bb0&Prime;][vc_column position_horizontal=\u00a0\u00bb\u00a0\u00bb position_vertical=\u00a0\u00bbd-md-flex align-items-md-center\u00a0\u00bb mobile_width=\u00a0\u00bb11&Prime; shift_x=\u00a0\u00bb0&Prime; shift_y=\u00a0\u00bb0&Prime; z_index=\u00a0\u00bb0&Prime; width=\u00a0\u00bb5\/12&Prime;][vc_single_image media_div=\u00a0\u00bbsvginline\u00a0\u00bb media=\u00a0\u00bb73702&Prime; css_animation=\u00a0\u00bbalpha-anim\u00a0\u00bb media_width_pixel=\u00a0\u00bb60px\u00a0\u00bb][\/vc_single_image][vc_custom_heading css_animation=\u00a0\u00bbalpha-anim\u00a0\u00bb el_class=\u00a0\u00bbtitle-stroked mt-adapt-3&Prime;]Suivi depuis 2013[\/vc_custom_heading][vc_column_text css_animation=\u00a0\u00bbalpha-anim\u00a0\u00bb el_class=\u00a0\u00bbmt-adapt-5&Prime;]Depuis sa cr\u00e9ation, Rota Vicentina [&hellip;]<\/p>\n","protected":false},"author":1,"featured_media":0,"parent":0,"menu_order":0,"comment_status":"closed","ping_status":"closed","template":"","meta":{"_acf_changed":false,"footnotes":""},"page-category":[],"class_list":["post-80303","page","type-page","status-publish","hentry"],"acf":[],"yoast_head":"<!-- This site is optimized with the Yoast SEO Premium plugin v19.5 (Yoast SEO v27.0) - https:\/\/yoast.com\/product\/yoast-seo-premium-wordpress\/ -->\n<title>Impact sur la r\u00e9gion - [STG] Rota Vicentina<\/title>\n<meta name=\"robots\" content=\"noindex, follow, max-snippet:-1, max-image-preview:large, max-video-preview:-1\" \/>\n<meta property=\"og:locale\" content=\"fr_FR\" \/>\n<meta property=\"og:type\" content=\"article\" \/>\n<meta property=\"og:title\" content=\"Impact sur la r\u00e9gion - [STG] Rota Vicentina\" \/>\n<meta property=\"og:description\" content=\"[vc_row unlock_row_content=\u00a0\u00bb\u00a0\u00bb row_height_percent=\u00a0\u00bb0&Prime; back_image=\u00a0\u00bb79003&Prime; shift_y=\u00a0\u00bb0&Prime; z_index=\u00a0\u00bb0&Prime; row_height_pixel=\u00a0\u00bb465px\u00a0\u00bb][vc_column position_horizontal=\u00a0\u00bb\u00a0\u00bb position_vertical=\u00a0\u00bbd-md-flex align-items-md-end\u00a0\u00bb style=\u00a0\u00bbdark\u00a0\u00bb mobile_width=\u00a0\u00bb11&Prime; shift_x=\u00a0\u00bb0&Prime; shift_y=\u00a0\u00bb0&Prime; z_index=\u00a0\u00bb0&Prime; width=\u00a0\u00bb1\/1&Prime;][vc_custom_heading auto_text=\u00a0\u00bbyes\u00a0\u00bb heading_semantic=\u00a0\u00bbh1&Prime; text_size=\u00a0\u00bb\u00a0\u00bb el_class=\u00a0\u00bbalternative-font big-title\u00a0\u00bb]Impact sur la r\u00e9gion[\/vc_custom_heading][\/vc_column][\/vc_row][vc_row unlock_row_content=\u00a0\u00bb\u00a0\u00bb row_height_percent=\u00a0\u00bb0&Prime; override_padding=\u00a0\u00bbyes\u00a0\u00bb h_padding=\u00a0\u00bb0&Prime; top_padding=\u00a0\u00bb3&Prime; bottom_padding=\u00a0\u00bb4&Prime; shift_y=\u00a0\u00bb0&Prime; z_index=\u00a0\u00bb0&Prime;][vc_column position_horizontal=\u00a0\u00bb\u00a0\u00bb position_vertical=\u00a0\u00bbd-md-flex align-items-md-center\u00a0\u00bb mobile_width=\u00a0\u00bb11&Prime; shift_x=\u00a0\u00bb0&Prime; shift_y=\u00a0\u00bb0&Prime; z_index=\u00a0\u00bb0&Prime; width=\u00a0\u00bb5\/12&Prime;][vc_single_image media_div=\u00a0\u00bbsvginline\u00a0\u00bb media=\u00a0\u00bb73702&Prime; css_animation=\u00a0\u00bbalpha-anim\u00a0\u00bb media_width_pixel=\u00a0\u00bb60px\u00a0\u00bb][\/vc_single_image][vc_custom_heading css_animation=\u00a0\u00bbalpha-anim\u00a0\u00bb el_class=\u00a0\u00bbtitle-stroked mt-adapt-3&Prime;]Suivi depuis 2013[\/vc_custom_heading][vc_column_text css_animation=\u00a0\u00bbalpha-anim\u00a0\u00bb el_class=\u00a0\u00bbmt-adapt-5&Prime;]Depuis sa cr\u00e9ation, Rota Vicentina [&hellip;]\" \/>\n<meta property=\"og:url\" content=\"https:\/\/rv-stg.fera.miewstudio.com\/fr\/impact-sur-la-region\/\" \/>\n<meta property=\"og:site_name\" content=\"[STG] Rota Vicentina\" \/>\n<meta property=\"article:publisher\" content=\"https:\/\/www.facebook.com\/rotavicentina\" \/>\n<meta property=\"article:modified_time\" content=\"2023-01-22T22:48:32+00:00\" \/>\n<meta name=\"twitter:card\" content=\"summary_large_image\" \/>\n<meta name=\"twitter:site\" content=\"@RotaVicentina\" \/>\n<meta name=\"twitter:label1\" content=\"Dur\u00e9e de lecture estim\u00e9e\" \/>\n\t<meta name=\"twitter:data1\" content=\"6 minutes\" \/>\n<script type=\"application\/ld+json\" class=\"yoast-schema-graph\">{\"@context\":\"https:\/\/schema.org\",\"@graph\":[{\"@type\":\"WebPage\",\"@id\":\"https:\/\/rv-stg.fera.miewstudio.com\/fr\/impact-sur-la-region\/\",\"url\":\"https:\/\/rv-stg.fera.miewstudio.com\/fr\/impact-sur-la-region\/\",\"name\":\"Impact sur la r\u00e9gion - [STG] Rota Vicentina\",\"isPartOf\":{\"@id\":\"https:\/\/rv-stg.fera.miewstudio.com\/fr\/#website\"},\"datePublished\":\"2022-11-29T14:09:41+00:00\",\"dateModified\":\"2023-01-22T22:48:32+00:00\",\"inLanguage\":\"fr-FR\",\"potentialAction\":[{\"@type\":\"ReadAction\",\"target\":[\"https:\/\/rv-stg.fera.miewstudio.com\/fr\/impact-sur-la-region\/\"]}]},{\"@type\":\"WebSite\",\"@id\":\"https:\/\/rv-stg.fera.miewstudio.com\/fr\/#website\",\"url\":\"https:\/\/rv-stg.fera.miewstudio.com\/fr\/\",\"name\":\"[STG] Rota Vicentina\",\"description\":\"A p\u00e9 pelo Trilho dos Pescadores, Caminho Hist\u00f3rico ou Percursos Circulares ou v\u00e1 de bicicleta pelos mais de 1000km de Trilhos de Bicicleta na Rota Vicentina.\",\"publisher\":{\"@id\":\"https:\/\/rv-stg.fera.miewstudio.com\/fr\/#organization\"},\"potentialAction\":[{\"@type\":\"SearchAction\",\"target\":{\"@type\":\"EntryPoint\",\"urlTemplate\":\"https:\/\/rv-stg.fera.miewstudio.com\/fr\/?s={search_term_string}\"},\"query-input\":{\"@type\":\"PropertyValueSpecification\",\"valueRequired\":true,\"valueName\":\"search_term_string\"}}],\"inLanguage\":\"fr-FR\"},{\"@type\":\"Organization\",\"@id\":\"https:\/\/rv-stg.fera.miewstudio.com\/fr\/#organization\",\"name\":\"[STG] Rota Vicentina\",\"url\":\"https:\/\/rv-stg.fera.miewstudio.com\/fr\/\",\"logo\":{\"@type\":\"ImageObject\",\"inLanguage\":\"fr-FR\",\"@id\":\"https:\/\/rv-stg.fera.miewstudio.com\/fr\/#\/schema\/logo\/image\/\",\"url\":\"https:\/\/rv-stg.fera.miewstudio.com\/wp-content\/uploads\/2023\/02\/Rota-Vicentina-SW-Portugal.jpg\",\"contentUrl\":\"https:\/\/rv-stg.fera.miewstudio.com\/wp-content\/uploads\/2023\/02\/Rota-Vicentina-SW-Portugal.jpg\",\"width\":\"852\",\"height\":\"480\",\"caption\":\"[STG] Rota Vicentina\"},\"image\":{\"@id\":\"https:\/\/rv-stg.fera.miewstudio.com\/fr\/#\/schema\/logo\/image\/\"},\"sameAs\":[\"https:\/\/www.facebook.com\/rotavicentina\",\"https:\/\/x.com\/RotaVicentina\",\"https:\/\/www.instagram.com\/rotavicentina\/\",\"https:\/\/pt.linkedin.com\/company\/rota-vicentina\"]}]}<\/script>\n<!-- \/ Yoast SEO Premium plugin. -->","yoast_head_json":{"title":"Impact sur la r\u00e9gion - [STG] Rota Vicentina","robots":{"index":"noindex","follow":"follow","max-snippet":"max-snippet:-1","max-image-preview":"max-image-preview:large","max-video-preview":"max-video-preview:-1"},"og_locale":"fr_FR","og_type":"article","og_title":"Impact sur la r\u00e9gion - [STG] Rota Vicentina","og_description":"[vc_row unlock_row_content=\u00a0\u00bb\u00a0\u00bb row_height_percent=\u00a0\u00bb0&Prime; back_image=\u00a0\u00bb79003&Prime; shift_y=\u00a0\u00bb0&Prime; z_index=\u00a0\u00bb0&Prime; row_height_pixel=\u00a0\u00bb465px\u00a0\u00bb][vc_column position_horizontal=\u00a0\u00bb\u00a0\u00bb position_vertical=\u00a0\u00bbd-md-flex align-items-md-end\u00a0\u00bb style=\u00a0\u00bbdark\u00a0\u00bb mobile_width=\u00a0\u00bb11&Prime; shift_x=\u00a0\u00bb0&Prime; shift_y=\u00a0\u00bb0&Prime; z_index=\u00a0\u00bb0&Prime; width=\u00a0\u00bb1\/1&Prime;][vc_custom_heading auto_text=\u00a0\u00bbyes\u00a0\u00bb heading_semantic=\u00a0\u00bbh1&Prime; text_size=\u00a0\u00bb\u00a0\u00bb el_class=\u00a0\u00bbalternative-font big-title\u00a0\u00bb]Impact sur la r\u00e9gion[\/vc_custom_heading][\/vc_column][\/vc_row][vc_row unlock_row_content=\u00a0\u00bb\u00a0\u00bb row_height_percent=\u00a0\u00bb0&Prime; override_padding=\u00a0\u00bbyes\u00a0\u00bb h_padding=\u00a0\u00bb0&Prime; top_padding=\u00a0\u00bb3&Prime; bottom_padding=\u00a0\u00bb4&Prime; shift_y=\u00a0\u00bb0&Prime; z_index=\u00a0\u00bb0&Prime;][vc_column position_horizontal=\u00a0\u00bb\u00a0\u00bb position_vertical=\u00a0\u00bbd-md-flex align-items-md-center\u00a0\u00bb mobile_width=\u00a0\u00bb11&Prime; shift_x=\u00a0\u00bb0&Prime; shift_y=\u00a0\u00bb0&Prime; z_index=\u00a0\u00bb0&Prime; width=\u00a0\u00bb5\/12&Prime;][vc_single_image media_div=\u00a0\u00bbsvginline\u00a0\u00bb media=\u00a0\u00bb73702&Prime; css_animation=\u00a0\u00bbalpha-anim\u00a0\u00bb media_width_pixel=\u00a0\u00bb60px\u00a0\u00bb][\/vc_single_image][vc_custom_heading css_animation=\u00a0\u00bbalpha-anim\u00a0\u00bb el_class=\u00a0\u00bbtitle-stroked mt-adapt-3&Prime;]Suivi depuis 2013[\/vc_custom_heading][vc_column_text css_animation=\u00a0\u00bbalpha-anim\u00a0\u00bb el_class=\u00a0\u00bbmt-adapt-5&Prime;]Depuis sa cr\u00e9ation, Rota Vicentina [&hellip;]","og_url":"https:\/\/rv-stg.fera.miewstudio.com\/fr\/impact-sur-la-region\/","og_site_name":"[STG] Rota Vicentina","article_publisher":"https:\/\/www.facebook.com\/rotavicentina","article_modified_time":"2023-01-22T22:48:32+00:00","twitter_card":"summary_large_image","twitter_site":"@RotaVicentina","twitter_misc":{"Dur\u00e9e de lecture estim\u00e9e":"6 minutes"},"schema":{"@context":"https:\/\/schema.org","@graph":[{"@type":"WebPage","@id":"https:\/\/rv-stg.fera.miewstudio.com\/fr\/impact-sur-la-region\/","url":"https:\/\/rv-stg.fera.miewstudio.com\/fr\/impact-sur-la-region\/","name":"Impact sur la r\u00e9gion - [STG] Rota Vicentina","isPartOf":{"@id":"https:\/\/rv-stg.fera.miewstudio.com\/fr\/#website"},"datePublished":"2022-11-29T14:09:41+00:00","dateModified":"2023-01-22T22:48:32+00:00","inLanguage":"fr-FR","potentialAction":[{"@type":"ReadAction","target":["https:\/\/rv-stg.fera.miewstudio.com\/fr\/impact-sur-la-region\/"]}]},{"@type":"WebSite","@id":"https:\/\/rv-stg.fera.miewstudio.com\/fr\/#website","url":"https:\/\/rv-stg.fera.miewstudio.com\/fr\/","name":"[STG] Rota Vicentina","description":"A p\u00e9 pelo Trilho dos Pescadores, Caminho Hist\u00f3rico ou Percursos Circulares ou v\u00e1 de bicicleta pelos mais de 1000km de Trilhos de Bicicleta na Rota Vicentina.","publisher":{"@id":"https:\/\/rv-stg.fera.miewstudio.com\/fr\/#organization"},"potentialAction":[{"@type":"SearchAction","target":{"@type":"EntryPoint","urlTemplate":"https:\/\/rv-stg.fera.miewstudio.com\/fr\/?s={search_term_string}"},"query-input":{"@type":"PropertyValueSpecification","valueRequired":true,"valueName":"search_term_string"}}],"inLanguage":"fr-FR"},{"@type":"Organization","@id":"https:\/\/rv-stg.fera.miewstudio.com\/fr\/#organization","name":"[STG] Rota Vicentina","url":"https:\/\/rv-stg.fera.miewstudio.com\/fr\/","logo":{"@type":"ImageObject","inLanguage":"fr-FR","@id":"https:\/\/rv-stg.fera.miewstudio.com\/fr\/#\/schema\/logo\/image\/","url":"https:\/\/rv-stg.fera.miewstudio.com\/wp-content\/uploads\/2023\/02\/Rota-Vicentina-SW-Portugal.jpg","contentUrl":"https:\/\/rv-stg.fera.miewstudio.com\/wp-content\/uploads\/2023\/02\/Rota-Vicentina-SW-Portugal.jpg","width":"852","height":"480","caption":"[STG] Rota Vicentina"},"image":{"@id":"https:\/\/rv-stg.fera.miewstudio.com\/fr\/#\/schema\/logo\/image\/"},"sameAs":["https:\/\/www.facebook.com\/rotavicentina","https:\/\/x.com\/RotaVicentina","https:\/\/www.instagram.com\/rotavicentina\/","https:\/\/pt.linkedin.com\/company\/rota-vicentina"]}]}},"_links":{"self":[{"href":"https:\/\/rv-stg.fera.miewstudio.com\/fr\/wp-json\/wp\/v2\/pages\/80303","targetHints":{"allow":["GET"]}}],"collection":[{"href":"https:\/\/rv-stg.fera.miewstudio.com\/fr\/wp-json\/wp\/v2\/pages"}],"about":[{"href":"https:\/\/rv-stg.fera.miewstudio.com\/fr\/wp-json\/wp\/v2\/types\/page"}],"author":[{"embeddable":true,"href":"https:\/\/rv-stg.fera.miewstudio.com\/fr\/wp-json\/wp\/v2\/users\/1"}],"replies":[{"embeddable":true,"href":"https:\/\/rv-stg.fera.miewstudio.com\/fr\/wp-json\/wp\/v2\/comments?post=80303"}],"version-history":[{"count":0,"href":"https:\/\/rv-stg.fera.miewstudio.com\/fr\/wp-json\/wp\/v2\/pages\/80303\/revisions"}],"wp:attachment":[{"href":"https:\/\/rv-stg.fera.miewstudio.com\/fr\/wp-json\/wp\/v2\/media?parent=80303"}],"wp:term":[{"taxonomy":"page-category","embeddable":true,"href":"https:\/\/rv-stg.fera.miewstudio.com\/fr\/wp-json\/wp\/v2\/page-category?post=80303"}],"curies":[{"name":"wp","href":"https:\/\/api.w.org\/{rel}","templated":true}]}}