{"id":124461,"date":"2025-05-12T09:18:18","date_gmt":"2025-05-12T09:18:18","guid":{"rendered":"https:\/\/rotavicentina.miewstudio.com\/product\/guide-book-e-book\/"},"modified":"2025-05-12T10:03:27","modified_gmt":"2025-05-12T10:03:27","slug":"ebook","status":"publish","type":"product","link":"https:\/\/rv-stg.fera.miewstudio.com\/en\/product\/ebook\/","title":{"rendered":"Guide E-Book"},"content":{"rendered":"<p>The official E-book of Rota Vicentina includes all the information about the Walking Trails: <a href=\"https:\/\/rv-stg.fera.miewstudio.com\/caminho-historico\/\">Historical Way<\/a>, <a href=\"https:\/\/rv-stg.fera.miewstudio.com\/trilho-dos-pescadores\/\">Fishermen\u2019s Trail<\/a> and <a href=\"https:\/\/rv-stg.fera.miewstudio.com\/percursos-circulares\/\">Circular Routes<\/a>.<\/p>\n","protected":false},"excerpt":{"rendered":"<p>Now it&#8217;s easier to prepare your hike along the Southwest of Portugal. Descriptions, warnings and practical tips for every trail sections of Rota Vicentina Walking Trails \u2014 all in one Guide Book. <\/p>\n<p>Available in 4 languages: Portuguese, English, French and German.<\/p>\n","protected":false},"featured_media":124456,"template":"","meta":{"_acf_changed":false},"product_brand":[],"product_cat":[1580],"product_tag":[],"class_list":{"0":"post-124461","1":"product","2":"type-product","3":"status-publish","4":"has-post-thumbnail","6":"product_cat-books-en","8":"first","9":"instock","10":"product-type-external"},"acf":[],"yoast_head":"<!-- This site is optimized with the Yoast SEO Premium plugin v19.5 (Yoast SEO v27.0) - https:\/\/yoast.com\/product\/yoast-seo-premium-wordpress\/ -->\n<title>E-Book Guide Book - Rota Vicentina<\/title>\n<meta name=\"description\" content=\"Descriptions, warnings and practical tips for each trail section of Rota Vicentina Walking Trails - all in one guide, in e-book format.\" \/>\n<meta name=\"robots\" content=\"noindex, follow, max-snippet:-1, max-image-preview:large, max-video-preview:-1\" \/>\n<meta property=\"og:locale\" content=\"en_US\" \/>\n<meta property=\"og:type\" content=\"article\" \/>\n<meta property=\"og:title\" content=\"E-Book Guide Book - Rota Vicentina\" \/>\n<meta property=\"og:description\" content=\"Descriptions, warnings and practical tips for each trail section of Rota Vicentina Walking Trails - all in one guide, in e-book format.\" \/>\n<meta property=\"og:url\" content=\"https:\/\/rv-stg.fera.miewstudio.com\/en\/product\/ebook\/\" \/>\n<meta property=\"og:site_name\" content=\"[STG] Rota Vicentina\" \/>\n<meta property=\"article:publisher\" content=\"https:\/\/www.facebook.com\/rotavicentina\" \/>\n<meta property=\"article:modified_time\" content=\"2025-05-12T10:03:27+00:00\" \/>\n<meta property=\"og:image\" content=\"https:\/\/rv-stg.fera.miewstudio.com\/wp-content\/uploads\/2025\/05\/mockup-e-book-Guia-de-Campo-Rota-Vicentina-1024x691.png\" \/>\n\t<meta property=\"og:image:width\" content=\"1024\" \/>\n\t<meta property=\"og:image:height\" content=\"691\" \/>\n\t<meta property=\"og:image:type\" content=\"image\/png\" \/>\n<meta name=\"twitter:card\" content=\"summary_large_image\" \/>\n<meta name=\"twitter:site\" content=\"@RotaVicentina\" \/>\n<meta name=\"twitter:label1\" content=\"Est. reading time\" \/>\n\t<meta name=\"twitter:data1\" content=\"1 minute\" \/>\n<script type=\"application\/ld+json\" class=\"yoast-schema-graph\">{\"@context\":\"https:\/\/schema.org\",\"@graph\":[{\"@type\":\"WebPage\",\"@id\":\"https:\/\/rv-stg.fera.miewstudio.com\/en\/product\/ebook\/\",\"url\":\"https:\/\/rv-stg.fera.miewstudio.com\/en\/product\/ebook\/\",\"name\":\"E-Book Guide Book - Rota Vicentina\",\"isPartOf\":{\"@id\":\"https:\/\/rv-stg.fera.miewstudio.com\/en\/#website\"},\"primaryImageOfPage\":{\"@id\":\"https:\/\/rv-stg.fera.miewstudio.com\/en\/product\/ebook\/#primaryimage\"},\"image\":{\"@id\":\"https:\/\/rv-stg.fera.miewstudio.com\/en\/product\/ebook\/#primaryimage\"},\"thumbnailUrl\":\"https:\/\/rv-stg.fera.miewstudio.com\/wp-content\/uploads\/2025\/05\/mockup-e-book-Guia-de-Campo-Rota-Vicentina.png\",\"datePublished\":\"2025-05-12T09:18:18+00:00\",\"dateModified\":\"2025-05-12T10:03:27+00:00\",\"description\":\"Descriptions, warnings and practical tips for each trail section of Rota Vicentina Walking Trails - all in one guide, in e-book format.\",\"breadcrumb\":{\"@id\":\"https:\/\/rv-stg.fera.miewstudio.com\/en\/product\/ebook\/#breadcrumb\"},\"inLanguage\":\"en-US\",\"potentialAction\":[{\"@type\":\"ReadAction\",\"target\":[\"https:\/\/rv-stg.fera.miewstudio.com\/en\/product\/ebook\/\"]}]},{\"@type\":\"ImageObject\",\"inLanguage\":\"en-US\",\"@id\":\"https:\/\/rv-stg.fera.miewstudio.com\/en\/product\/ebook\/#primaryimage\",\"url\":\"https:\/\/rv-stg.fera.miewstudio.com\/wp-content\/uploads\/2025\/05\/mockup-e-book-Guia-de-Campo-Rota-Vicentina.png\",\"contentUrl\":\"https:\/\/rv-stg.fera.miewstudio.com\/wp-content\/uploads\/2025\/05\/mockup-e-book-Guia-de-Campo-Rota-Vicentina.png\",\"width\":1600,\"height\":1080},{\"@type\":\"BreadcrumbList\",\"@id\":\"https:\/\/rv-stg.fera.miewstudio.com\/en\/product\/ebook\/#breadcrumb\",\"itemListElement\":[{\"@type\":\"ListItem\",\"position\":1,\"name\":\"Shop\",\"item\":\"https:\/\/rv-stg.fera.miewstudio.com\/en\/shop\/\"},{\"@type\":\"ListItem\",\"position\":2,\"name\":\"Guide E-Book\"}]},{\"@type\":\"WebSite\",\"@id\":\"https:\/\/rv-stg.fera.miewstudio.com\/en\/#website\",\"url\":\"https:\/\/rv-stg.fera.miewstudio.com\/en\/\",\"name\":\"[STG] Rota Vicentina\",\"description\":\"A p\u00e9 pelo Trilho dos Pescadores, Caminho Hist\u00f3rico ou Percursos Circulares ou v\u00e1 de bicicleta pelos mais de 1000km de Trilhos de Bicicleta na Rota Vicentina.\",\"publisher\":{\"@id\":\"https:\/\/rv-stg.fera.miewstudio.com\/en\/#organization\"},\"potentialAction\":[{\"@type\":\"SearchAction\",\"target\":{\"@type\":\"EntryPoint\",\"urlTemplate\":\"https:\/\/rv-stg.fera.miewstudio.com\/en\/?s={search_term_string}\"},\"query-input\":{\"@type\":\"PropertyValueSpecification\",\"valueRequired\":true,\"valueName\":\"search_term_string\"}}],\"inLanguage\":\"en-US\"},{\"@type\":\"Organization\",\"@id\":\"https:\/\/rv-stg.fera.miewstudio.com\/en\/#organization\",\"name\":\"[STG] Rota Vicentina\",\"url\":\"https:\/\/rv-stg.fera.miewstudio.com\/en\/\",\"logo\":{\"@type\":\"ImageObject\",\"inLanguage\":\"en-US\",\"@id\":\"https:\/\/rv-stg.fera.miewstudio.com\/en\/#\/schema\/logo\/image\/\",\"url\":\"https:\/\/rv-stg.fera.miewstudio.com\/wp-content\/uploads\/2023\/02\/Rota-Vicentina-SW-Portugal.jpg\",\"contentUrl\":\"https:\/\/rv-stg.fera.miewstudio.com\/wp-content\/uploads\/2023\/02\/Rota-Vicentina-SW-Portugal.jpg\",\"width\":\"852\",\"height\":\"480\",\"caption\":\"[STG] Rota Vicentina\"},\"image\":{\"@id\":\"https:\/\/rv-stg.fera.miewstudio.com\/en\/#\/schema\/logo\/image\/\"},\"sameAs\":[\"https:\/\/www.facebook.com\/rotavicentina\",\"https:\/\/x.com\/RotaVicentina\",\"https:\/\/www.instagram.com\/rotavicentina\/\",\"https:\/\/pt.linkedin.com\/company\/rota-vicentina\"]}]}<\/script>\n<!-- \/ Yoast SEO Premium plugin. -->","yoast_head_json":{"title":"E-Book Guide Book - Rota Vicentina","description":"Descriptions, warnings and practical tips for each trail section of Rota Vicentina Walking Trails - all in one guide, in e-book format.","robots":{"index":"noindex","follow":"follow","max-snippet":"max-snippet:-1","max-image-preview":"max-image-preview:large","max-video-preview":"max-video-preview:-1"},"og_locale":"en_US","og_type":"article","og_title":"E-Book Guide Book - Rota Vicentina","og_description":"Descriptions, warnings and practical tips for each trail section of Rota Vicentina Walking Trails - all in one guide, in e-book format.","og_url":"https:\/\/rv-stg.fera.miewstudio.com\/en\/product\/ebook\/","og_site_name":"[STG] Rota Vicentina","article_publisher":"https:\/\/www.facebook.com\/rotavicentina","article_modified_time":"2025-05-12T10:03:27+00:00","og_image":[{"width":1024,"height":691,"url":"https:\/\/rv-stg.fera.miewstudio.com\/wp-content\/uploads\/2025\/05\/mockup-e-book-Guia-de-Campo-Rota-Vicentina-1024x691.png","type":"image\/png"}],"twitter_card":"summary_large_image","twitter_site":"@RotaVicentina","twitter_misc":{"Est. reading time":"1 minute"},"schema":{"@context":"https:\/\/schema.org","@graph":[{"@type":"WebPage","@id":"https:\/\/rv-stg.fera.miewstudio.com\/en\/product\/ebook\/","url":"https:\/\/rv-stg.fera.miewstudio.com\/en\/product\/ebook\/","name":"E-Book Guide Book - Rota Vicentina","isPartOf":{"@id":"https:\/\/rv-stg.fera.miewstudio.com\/en\/#website"},"primaryImageOfPage":{"@id":"https:\/\/rv-stg.fera.miewstudio.com\/en\/product\/ebook\/#primaryimage"},"image":{"@id":"https:\/\/rv-stg.fera.miewstudio.com\/en\/product\/ebook\/#primaryimage"},"thumbnailUrl":"https:\/\/rv-stg.fera.miewstudio.com\/wp-content\/uploads\/2025\/05\/mockup-e-book-Guia-de-Campo-Rota-Vicentina.png","datePublished":"2025-05-12T09:18:18+00:00","dateModified":"2025-05-12T10:03:27+00:00","description":"Descriptions, warnings and practical tips for each trail section of Rota Vicentina Walking Trails - all in one guide, in e-book format.","breadcrumb":{"@id":"https:\/\/rv-stg.fera.miewstudio.com\/en\/product\/ebook\/#breadcrumb"},"inLanguage":"en-US","potentialAction":[{"@type":"ReadAction","target":["https:\/\/rv-stg.fera.miewstudio.com\/en\/product\/ebook\/"]}]},{"@type":"ImageObject","inLanguage":"en-US","@id":"https:\/\/rv-stg.fera.miewstudio.com\/en\/product\/ebook\/#primaryimage","url":"https:\/\/rv-stg.fera.miewstudio.com\/wp-content\/uploads\/2025\/05\/mockup-e-book-Guia-de-Campo-Rota-Vicentina.png","contentUrl":"https:\/\/rv-stg.fera.miewstudio.com\/wp-content\/uploads\/2025\/05\/mockup-e-book-Guia-de-Campo-Rota-Vicentina.png","width":1600,"height":1080},{"@type":"BreadcrumbList","@id":"https:\/\/rv-stg.fera.miewstudio.com\/en\/product\/ebook\/#breadcrumb","itemListElement":[{"@type":"ListItem","position":1,"name":"Shop","item":"https:\/\/rv-stg.fera.miewstudio.com\/en\/shop\/"},{"@type":"ListItem","position":2,"name":"Guide E-Book"}]},{"@type":"WebSite","@id":"https:\/\/rv-stg.fera.miewstudio.com\/en\/#website","url":"https:\/\/rv-stg.fera.miewstudio.com\/en\/","name":"[STG] Rota Vicentina","description":"A p\u00e9 pelo Trilho dos Pescadores, Caminho Hist\u00f3rico ou Percursos Circulares ou v\u00e1 de bicicleta pelos mais de 1000km de Trilhos de Bicicleta na Rota Vicentina.","publisher":{"@id":"https:\/\/rv-stg.fera.miewstudio.com\/en\/#organization"},"potentialAction":[{"@type":"SearchAction","target":{"@type":"EntryPoint","urlTemplate":"https:\/\/rv-stg.fera.miewstudio.com\/en\/?s={search_term_string}"},"query-input":{"@type":"PropertyValueSpecification","valueRequired":true,"valueName":"search_term_string"}}],"inLanguage":"en-US"},{"@type":"Organization","@id":"https:\/\/rv-stg.fera.miewstudio.com\/en\/#organization","name":"[STG] Rota Vicentina","url":"https:\/\/rv-stg.fera.miewstudio.com\/en\/","logo":{"@type":"ImageObject","inLanguage":"en-US","@id":"https:\/\/rv-stg.fera.miewstudio.com\/en\/#\/schema\/logo\/image\/","url":"https:\/\/rv-stg.fera.miewstudio.com\/wp-content\/uploads\/2023\/02\/Rota-Vicentina-SW-Portugal.jpg","contentUrl":"https:\/\/rv-stg.fera.miewstudio.com\/wp-content\/uploads\/2023\/02\/Rota-Vicentina-SW-Portugal.jpg","width":"852","height":"480","caption":"[STG] Rota Vicentina"},"image":{"@id":"https:\/\/rv-stg.fera.miewstudio.com\/en\/#\/schema\/logo\/image\/"},"sameAs":["https:\/\/www.facebook.com\/rotavicentina","https:\/\/x.com\/RotaVicentina","https:\/\/www.instagram.com\/rotavicentina\/","https:\/\/pt.linkedin.com\/company\/rota-vicentina"]}]}},"_links":{"self":[{"href":"https:\/\/rv-stg.fera.miewstudio.com\/en\/wp-json\/wp\/v2\/product\/124461","targetHints":{"allow":["GET"]}}],"collection":[{"href":"https:\/\/rv-stg.fera.miewstudio.com\/en\/wp-json\/wp\/v2\/product"}],"about":[{"href":"https:\/\/rv-stg.fera.miewstudio.com\/en\/wp-json\/wp\/v2\/types\/product"}],"wp:featuredmedia":[{"embeddable":true,"href":"https:\/\/rv-stg.fera.miewstudio.com\/en\/wp-json\/wp\/v2\/media\/124456"}],"wp:attachment":[{"href":"https:\/\/rv-stg.fera.miewstudio.com\/en\/wp-json\/wp\/v2\/media?parent=124461"}],"wp:term":[{"taxonomy":"product_brand","embeddable":true,"href":"https:\/\/rv-stg.fera.miewstudio.com\/en\/wp-json\/wp\/v2\/product_brand?post=124461"},{"taxonomy":"product_cat","embeddable":true,"href":"https:\/\/rv-stg.fera.miewstudio.com\/en\/wp-json\/wp\/v2\/product_cat?post=124461"},{"taxonomy":"product_tag","embeddable":true,"href":"https:\/\/rv-stg.fera.miewstudio.com\/en\/wp-json\/wp\/v2\/product_tag?post=124461"}],"curies":[{"name":"wp","href":"https:\/\/api.w.org\/{rel}","templated":true}]}}