{"id":124426,"date":"2025-05-09T14:18:13","date_gmt":"2025-05-09T14:18:13","guid":{"rendered":"https:\/\/rotavicentina.miewstudio.com\/?post_type=product&#038;p=124426"},"modified":"2025-11-04T04:37:53","modified_gmt":"2025-11-04T04:37:53","slug":"guide-book","status":"publish","type":"product","link":"https:\/\/rv-stg.fera.miewstudio.com\/en\/product\/guide-book\/","title":{"rendered":"Guide Book 5th Edition"},"content":{"rendered":"<p><strong>5th edition of official Guide Book of Rota Vicentina\u00ae.<\/strong><\/p>\n<p>The official Guide Book of Rota Vicentina includes all the information about the Walking Trails: <a href=\"https:\/\/rv-stg.fera.miewstudio.com\/walking\/caminho-historico\/\"><strong>Historical Way<\/strong><\/a>, <a href=\"https:\/\/rv-stg.fera.miewstudio.com\/walking\/trilho-dos-pescadores\/\"><strong>Fishermen&#8217;s Trail<\/strong><\/a> and <a href=\"https:\/\/rv-stg.fera.miewstudio.com\/walking\/percursos-circulares\/\"><strong>Circular Routes<\/strong><\/a>.<\/p>\n<p>This Guide Book is available in 2 languages: <strong>Portuguese and French<\/strong>. The English and <strong>German <\/strong>versions are available in the <a href=\"https:\/\/rv-stg.fera.miewstudio.com\/produto\/guia-de-campo-6a-edicao\/\"><strong>6th edition<\/strong><\/a>.<\/p>\n<p>Any of these languages are also available in <a href=\"https:\/\/rv-stg.fera.miewstudio.com\/produto\/ebook\/\">e-book<\/a> format.<\/p>\n<p><span style=\"font-weight: 300;\">In order to keep the content updated, this edition includes two errata with information on the <a href=\"https:\/\/rv-stg.fera.miewstudio.com\/walking\/santiago-do-cacem-vale-seco\/\">Santiago do Cac\u00e9m &gt;&gt; Vale Seco<\/a> and <a href=\"https:\/\/rv-stg.fera.miewstudio.com\/walking\/vale-seco-cercal-do-alentejo\/\">Vale Seco &gt;&gt; Cercal do Alentejo<\/a> trails sections of the Historical Way (2024).<\/span><\/p>\n","protected":false},"excerpt":{"rendered":"<p><strong>5th edition of official Guide Book of Rota Vicentina\u00ae.<\/strong><\/p>\n<p>With the official Guide Book of Rota Vicentina it\u2019s easier to prepare and enjoy your hike in the Southwest of Portugal. Bring all practical information in your pocket!<\/p>\n<p>This Guide Book is available in 2 languages: <strong>Portuguese and French<\/strong>. The <strong>English and German<\/strong> versions are available in the <strong><a href=\"https:\/\/rv-stg.fera.miewstudio.com\/produto\/guia-de-campo-6a-edicao\/\">6th edition of the Guide Book<\/a><\/strong> or in <a href=\"https:\/\/rv-stg.fera.miewstudio.com\/produto\/ebook\/\"><strong>e-book<\/strong><\/a> format.<\/p>\n","protected":false},"featured_media":59795,"template":"","meta":{"_acf_changed":false},"product_brand":[],"product_cat":[1580],"product_tag":[],"class_list":{"0":"post-124426","1":"product","2":"type-product","3":"status-publish","4":"has-post-thumbnail","6":"product_cat-books-en","7":"product_shipping_class-padrao-en","9":"first","10":"instock","11":"purchasable","12":"product-type-variable"},"acf":[],"yoast_head":"<!-- This site is optimized with the Yoast SEO Premium plugin v19.5 (Yoast SEO v27.0) - https:\/\/yoast.com\/product\/yoast-seo-premium-wordpress\/ -->\n<title>Guide Book of Rota Vicentina&#039;s Walking Trails<\/title>\n<meta name=\"description\" content=\"With the official Guide Book of Rota Vicentina it\u2019s easier to prepare and enjoy your hike in the Southwest of Portugal. The 5th edition is only available in Portuguese and French.\" \/>\n<meta name=\"robots\" content=\"noindex, follow, max-snippet:-1, max-image-preview:large, max-video-preview:-1\" \/>\n<meta property=\"og:locale\" content=\"en_US\" \/>\n<meta property=\"og:type\" content=\"article\" \/>\n<meta property=\"og:title\" content=\"Guide Book of Rota Vicentina&#039;s Walking Trails\" \/>\n<meta property=\"og:description\" content=\"With the official Guide Book of Rota Vicentina it\u2019s easier to prepare and enjoy your hike in the Southwest of Portugal. The 5th edition is only available in Portuguese and French.\" \/>\n<meta property=\"og:url\" content=\"https:\/\/rv-stg.fera.miewstudio.com\/en\/product\/guide-book\/\" \/>\n<meta property=\"og:site_name\" content=\"[STG] Rota Vicentina\" \/>\n<meta property=\"article:publisher\" content=\"https:\/\/www.facebook.com\/rotavicentina\" \/>\n<meta property=\"article:modified_time\" content=\"2025-11-04T04:37:53+00:00\" \/>\n<meta property=\"og:image\" content=\"https:\/\/rv-stg.fera.miewstudio.com\/wp-content\/uploads\/2022\/09\/guia-rota-vicentina-1.jpg\" \/>\n\t<meta property=\"og:image:width\" content=\"1000\" \/>\n\t<meta property=\"og:image:height\" content=\"667\" \/>\n\t<meta property=\"og:image:type\" content=\"image\/jpeg\" \/>\n<meta name=\"twitter:card\" content=\"summary_large_image\" \/>\n<meta name=\"twitter:site\" content=\"@RotaVicentina\" \/>\n<meta name=\"twitter:label1\" content=\"Est. reading time\" \/>\n\t<meta name=\"twitter:data1\" content=\"1 minute\" \/>\n<script type=\"application\/ld+json\" class=\"yoast-schema-graph\">{\"@context\":\"https:\/\/schema.org\",\"@graph\":[{\"@type\":\"WebPage\",\"@id\":\"https:\/\/rv-stg.fera.miewstudio.com\/en\/product\/guide-book\/\",\"url\":\"https:\/\/rv-stg.fera.miewstudio.com\/en\/product\/guide-book\/\",\"name\":\"Guide Book of Rota Vicentina's Walking Trails\",\"isPartOf\":{\"@id\":\"https:\/\/rv-stg.fera.miewstudio.com\/en\/#website\"},\"primaryImageOfPage\":{\"@id\":\"https:\/\/rv-stg.fera.miewstudio.com\/en\/product\/guide-book\/#primaryimage\"},\"image\":{\"@id\":\"https:\/\/rv-stg.fera.miewstudio.com\/en\/product\/guide-book\/#primaryimage\"},\"thumbnailUrl\":\"https:\/\/rv-stg.fera.miewstudio.com\/wp-content\/uploads\/2022\/09\/guia-rota-vicentina-1.jpg\",\"datePublished\":\"2025-05-09T14:18:13+00:00\",\"dateModified\":\"2025-11-04T04:37:53+00:00\",\"description\":\"With the official Guide Book of Rota Vicentina it\u2019s easier to prepare and enjoy your hike in the Southwest of Portugal. The 5th edition is only available in Portuguese and French.\",\"breadcrumb\":{\"@id\":\"https:\/\/rv-stg.fera.miewstudio.com\/en\/product\/guide-book\/#breadcrumb\"},\"inLanguage\":\"en-US\",\"potentialAction\":[{\"@type\":\"ReadAction\",\"target\":[\"https:\/\/rv-stg.fera.miewstudio.com\/en\/product\/guide-book\/\"]}]},{\"@type\":\"ImageObject\",\"inLanguage\":\"en-US\",\"@id\":\"https:\/\/rv-stg.fera.miewstudio.com\/en\/product\/guide-book\/#primaryimage\",\"url\":\"https:\/\/rv-stg.fera.miewstudio.com\/wp-content\/uploads\/2022\/09\/guia-rota-vicentina-1.jpg\",\"contentUrl\":\"https:\/\/rv-stg.fera.miewstudio.com\/wp-content\/uploads\/2022\/09\/guia-rota-vicentina-1.jpg\",\"width\":\"1000\",\"height\":\"667\",\"caption\":\"Guia de Campo Rota Vicentina\"},{\"@type\":\"BreadcrumbList\",\"@id\":\"https:\/\/rv-stg.fera.miewstudio.com\/en\/product\/guide-book\/#breadcrumb\",\"itemListElement\":[{\"@type\":\"ListItem\",\"position\":1,\"name\":\"Shop\",\"item\":\"https:\/\/rv-stg.fera.miewstudio.com\/en\/shop\/\"},{\"@type\":\"ListItem\",\"position\":2,\"name\":\"Guide Book 5th Edition\"}]},{\"@type\":\"WebSite\",\"@id\":\"https:\/\/rv-stg.fera.miewstudio.com\/en\/#website\",\"url\":\"https:\/\/rv-stg.fera.miewstudio.com\/en\/\",\"name\":\"[STG] Rota Vicentina\",\"description\":\"A p\u00e9 pelo Trilho dos Pescadores, Caminho Hist\u00f3rico ou Percursos Circulares ou v\u00e1 de bicicleta pelos mais de 1000km de Trilhos de Bicicleta na Rota Vicentina.\",\"publisher\":{\"@id\":\"https:\/\/rv-stg.fera.miewstudio.com\/en\/#organization\"},\"potentialAction\":[{\"@type\":\"SearchAction\",\"target\":{\"@type\":\"EntryPoint\",\"urlTemplate\":\"https:\/\/rv-stg.fera.miewstudio.com\/en\/?s={search_term_string}\"},\"query-input\":{\"@type\":\"PropertyValueSpecification\",\"valueRequired\":true,\"valueName\":\"search_term_string\"}}],\"inLanguage\":\"en-US\"},{\"@type\":\"Organization\",\"@id\":\"https:\/\/rv-stg.fera.miewstudio.com\/en\/#organization\",\"name\":\"[STG] Rota Vicentina\",\"url\":\"https:\/\/rv-stg.fera.miewstudio.com\/en\/\",\"logo\":{\"@type\":\"ImageObject\",\"inLanguage\":\"en-US\",\"@id\":\"https:\/\/rv-stg.fera.miewstudio.com\/en\/#\/schema\/logo\/image\/\",\"url\":\"https:\/\/rv-stg.fera.miewstudio.com\/wp-content\/uploads\/2023\/02\/Rota-Vicentina-SW-Portugal.jpg\",\"contentUrl\":\"https:\/\/rv-stg.fera.miewstudio.com\/wp-content\/uploads\/2023\/02\/Rota-Vicentina-SW-Portugal.jpg\",\"width\":\"852\",\"height\":\"480\",\"caption\":\"[STG] Rota Vicentina\"},\"image\":{\"@id\":\"https:\/\/rv-stg.fera.miewstudio.com\/en\/#\/schema\/logo\/image\/\"},\"sameAs\":[\"https:\/\/www.facebook.com\/rotavicentina\",\"https:\/\/x.com\/RotaVicentina\",\"https:\/\/www.instagram.com\/rotavicentina\/\",\"https:\/\/pt.linkedin.com\/company\/rota-vicentina\"]}]}<\/script>\n<!-- \/ Yoast SEO Premium plugin. -->","yoast_head_json":{"title":"Guide Book of Rota Vicentina's Walking Trails","description":"With the official Guide Book of Rota Vicentina it\u2019s easier to prepare and enjoy your hike in the Southwest of Portugal. The 5th edition is only available in Portuguese and French.","robots":{"index":"noindex","follow":"follow","max-snippet":"max-snippet:-1","max-image-preview":"max-image-preview:large","max-video-preview":"max-video-preview:-1"},"og_locale":"en_US","og_type":"article","og_title":"Guide Book of Rota Vicentina's Walking Trails","og_description":"With the official Guide Book of Rota Vicentina it\u2019s easier to prepare and enjoy your hike in the Southwest of Portugal. The 5th edition is only available in Portuguese and French.","og_url":"https:\/\/rv-stg.fera.miewstudio.com\/en\/product\/guide-book\/","og_site_name":"[STG] Rota Vicentina","article_publisher":"https:\/\/www.facebook.com\/rotavicentina","article_modified_time":"2025-11-04T04:37:53+00:00","og_image":[{"width":1000,"height":667,"url":"https:\/\/rv-stg.fera.miewstudio.com\/wp-content\/uploads\/2022\/09\/guia-rota-vicentina-1.jpg","type":"image\/jpeg"}],"twitter_card":"summary_large_image","twitter_site":"@RotaVicentina","twitter_misc":{"Est. reading time":"1 minute"},"schema":{"@context":"https:\/\/schema.org","@graph":[{"@type":"WebPage","@id":"https:\/\/rv-stg.fera.miewstudio.com\/en\/product\/guide-book\/","url":"https:\/\/rv-stg.fera.miewstudio.com\/en\/product\/guide-book\/","name":"Guide Book of Rota Vicentina's Walking Trails","isPartOf":{"@id":"https:\/\/rv-stg.fera.miewstudio.com\/en\/#website"},"primaryImageOfPage":{"@id":"https:\/\/rv-stg.fera.miewstudio.com\/en\/product\/guide-book\/#primaryimage"},"image":{"@id":"https:\/\/rv-stg.fera.miewstudio.com\/en\/product\/guide-book\/#primaryimage"},"thumbnailUrl":"https:\/\/rv-stg.fera.miewstudio.com\/wp-content\/uploads\/2022\/09\/guia-rota-vicentina-1.jpg","datePublished":"2025-05-09T14:18:13+00:00","dateModified":"2025-11-04T04:37:53+00:00","description":"With the official Guide Book of Rota Vicentina it\u2019s easier to prepare and enjoy your hike in the Southwest of Portugal. The 5th edition is only available in Portuguese and French.","breadcrumb":{"@id":"https:\/\/rv-stg.fera.miewstudio.com\/en\/product\/guide-book\/#breadcrumb"},"inLanguage":"en-US","potentialAction":[{"@type":"ReadAction","target":["https:\/\/rv-stg.fera.miewstudio.com\/en\/product\/guide-book\/"]}]},{"@type":"ImageObject","inLanguage":"en-US","@id":"https:\/\/rv-stg.fera.miewstudio.com\/en\/product\/guide-book\/#primaryimage","url":"https:\/\/rv-stg.fera.miewstudio.com\/wp-content\/uploads\/2022\/09\/guia-rota-vicentina-1.jpg","contentUrl":"https:\/\/rv-stg.fera.miewstudio.com\/wp-content\/uploads\/2022\/09\/guia-rota-vicentina-1.jpg","width":"1000","height":"667","caption":"Guia de Campo Rota Vicentina"},{"@type":"BreadcrumbList","@id":"https:\/\/rv-stg.fera.miewstudio.com\/en\/product\/guide-book\/#breadcrumb","itemListElement":[{"@type":"ListItem","position":1,"name":"Shop","item":"https:\/\/rv-stg.fera.miewstudio.com\/en\/shop\/"},{"@type":"ListItem","position":2,"name":"Guide Book 5th Edition"}]},{"@type":"WebSite","@id":"https:\/\/rv-stg.fera.miewstudio.com\/en\/#website","url":"https:\/\/rv-stg.fera.miewstudio.com\/en\/","name":"[STG] Rota Vicentina","description":"A p\u00e9 pelo Trilho dos Pescadores, Caminho Hist\u00f3rico ou Percursos Circulares ou v\u00e1 de bicicleta pelos mais de 1000km de Trilhos de Bicicleta na Rota Vicentina.","publisher":{"@id":"https:\/\/rv-stg.fera.miewstudio.com\/en\/#organization"},"potentialAction":[{"@type":"SearchAction","target":{"@type":"EntryPoint","urlTemplate":"https:\/\/rv-stg.fera.miewstudio.com\/en\/?s={search_term_string}"},"query-input":{"@type":"PropertyValueSpecification","valueRequired":true,"valueName":"search_term_string"}}],"inLanguage":"en-US"},{"@type":"Organization","@id":"https:\/\/rv-stg.fera.miewstudio.com\/en\/#organization","name":"[STG] Rota Vicentina","url":"https:\/\/rv-stg.fera.miewstudio.com\/en\/","logo":{"@type":"ImageObject","inLanguage":"en-US","@id":"https:\/\/rv-stg.fera.miewstudio.com\/en\/#\/schema\/logo\/image\/","url":"https:\/\/rv-stg.fera.miewstudio.com\/wp-content\/uploads\/2023\/02\/Rota-Vicentina-SW-Portugal.jpg","contentUrl":"https:\/\/rv-stg.fera.miewstudio.com\/wp-content\/uploads\/2023\/02\/Rota-Vicentina-SW-Portugal.jpg","width":"852","height":"480","caption":"[STG] Rota Vicentina"},"image":{"@id":"https:\/\/rv-stg.fera.miewstudio.com\/en\/#\/schema\/logo\/image\/"},"sameAs":["https:\/\/www.facebook.com\/rotavicentina","https:\/\/x.com\/RotaVicentina","https:\/\/www.instagram.com\/rotavicentina\/","https:\/\/pt.linkedin.com\/company\/rota-vicentina"]}]}},"_links":{"self":[{"href":"https:\/\/rv-stg.fera.miewstudio.com\/en\/wp-json\/wp\/v2\/product\/124426","targetHints":{"allow":["GET"]}}],"collection":[{"href":"https:\/\/rv-stg.fera.miewstudio.com\/en\/wp-json\/wp\/v2\/product"}],"about":[{"href":"https:\/\/rv-stg.fera.miewstudio.com\/en\/wp-json\/wp\/v2\/types\/product"}],"wp:featuredmedia":[{"embeddable":true,"href":"https:\/\/rv-stg.fera.miewstudio.com\/en\/wp-json\/wp\/v2\/media\/59795"}],"wp:attachment":[{"href":"https:\/\/rv-stg.fera.miewstudio.com\/en\/wp-json\/wp\/v2\/media?parent=124426"}],"wp:term":[{"taxonomy":"product_brand","embeddable":true,"href":"https:\/\/rv-stg.fera.miewstudio.com\/en\/wp-json\/wp\/v2\/product_brand?post=124426"},{"taxonomy":"product_cat","embeddable":true,"href":"https:\/\/rv-stg.fera.miewstudio.com\/en\/wp-json\/wp\/v2\/product_cat?post=124426"},{"taxonomy":"product_tag","embeddable":true,"href":"https:\/\/rv-stg.fera.miewstudio.com\/en\/wp-json\/wp\/v2\/product_tag?post=124426"}],"curies":[{"name":"wp","href":"https:\/\/api.w.org\/{rel}","templated":true}]}}