{"id":124201,"date":"2025-02-11T17:57:09","date_gmt":"2025-02-11T17:57:09","guid":{"rendered":"https:\/\/rotavicentina.miewstudio.com\/product\/guia-de-campo-6a-edicao\/"},"modified":"2025-11-09T00:09:02","modified_gmt":"2025-11-09T00:09:02","slug":"guia-de-campo-6a-edicao","status":"publish","type":"product","link":"https:\/\/rv-stg.fera.miewstudio.com\/en\/product\/guia-de-campo-6a-edicao\/","title":{"rendered":"Guide Book 6th Edition"},"content":{"rendered":"<div class=\"wpb-content-wrapper\"><p>[vc_row][vc_column width=&#8221;1\/1&#8243;][vc_column_text]<strong>6\u00aa edi\u00e7\u00e3o do Guia de Campo oficial da Rota Vicentina\u00ae.<\/strong><\/p>\n<p>The official Guide Book of Rota Vicentina includes all the information about the Walking Trails: <a href=\"https:\/\/rv-stg.fera.miewstudio.com\/en\/historical-way\/\"><strong>Historical Way<\/strong><\/a>, <a href=\"https:\/\/rv-stg.fera.miewstudio.com\/en\/fishermens-trail\/\"><strong>Fishermen&#8217;s Trail<\/strong><\/a> and <a href=\"https:\/\/rv-stg.fera.miewstudio.com\/en\/percursos-circulares\/\"><strong>Circular Routes<\/strong><\/a>.<\/p>\n<p>Este livro de bolso est\u00e1 dispon\u00edvel em 2 idiomas: <strong>Ingl\u00eas e Alem\u00e3o.<\/strong><\/p>\n<p><strong>Now, the Guide Book is also available in <a href=\"https:\/\/issuu.com\/rotavicentina\" target=\"_blank\" rel=\"noopener\">e-book<\/a> format.<\/strong> Buy through the ISSUU platform (for this e-book version the payment method available is credit card only). <span style=\"font-weight: 400;\"><strong>It is not allowed to download it to e-readers<\/strong>, but you can access it online from any computer or smartphone.<\/span><\/p>\n<p><span style=\"font-weight: 300;\">Esta edi\u00e7\u00e3o do Guia de Campo inclui informa\u00e7\u00f5es atualizadas sobre as etapas <a href=\"https:\/\/rv-stg.fera.miewstudio.com\/en\/walking\/santiago-do-cacem-vale-seco-2\/\">Santiago do Cac\u00e9m \u00bb Vale Seco<\/a> e <a href=\"https:\/\/rv-stg.fera.miewstudio.com\/en\/walking\/vale-seco-cercal-do-alentejo-2\/\">Vale Seco \u00bb Cercal do Alentejo<\/a> do Caminho Hist\u00f3rico (2024).<\/span>[\/vc_column_text][\/vc_column][\/vc_row]<\/p>\n<\/div>","protected":false},"excerpt":{"rendered":"<p>With the official Guide Book of Rota Vicentina it\u2019s easier to prepare and enjoy your hike in the Southwest of Portugal. Bring all practical information in your pocket!<\/p>\n<p><u><a href=\"https:\/\/issuu.com\/rotavicentina\" target=\"_blank\" rel=\"noopener\"><strong>Now available in E-BOOK. <span style=\"color: #bacba6;\">Buy here.<\/span><\/strong><\/a><\/u><\/p>\n","protected":false},"featured_media":123592,"template":"","meta":{"_acf_changed":false},"product_brand":[],"product_cat":[1580],"product_tag":[],"class_list":{"0":"post-124201","1":"product","2":"type-product","3":"status-publish","4":"has-post-thumbnail","6":"product_cat-books-en","7":"product_shipping_class-padrao-en","9":"first","10":"instock","11":"purchasable","12":"product-type-variable"},"acf":[],"yoast_head":"<!-- This site is optimized with the Yoast SEO Premium plugin v19.5 (Yoast SEO v27.0) - https:\/\/yoast.com\/product\/yoast-seo-premium-wordpress\/ -->\n<title>Official Guide Book of Rota Vicentina Walking Trails<\/title>\n<meta name=\"description\" content=\"The official Guide Book of Rota Vicentina includes all the information about the Walking Trails: Historical Way, Fishermen\u2019s Trail and Circular Routes.\" \/>\n<meta name=\"robots\" content=\"noindex, follow, max-snippet:-1, max-image-preview:large, max-video-preview:-1\" \/>\n<meta property=\"og:locale\" content=\"en_US\" \/>\n<meta property=\"og:type\" content=\"article\" \/>\n<meta property=\"og:title\" content=\"Official Guide Book of Rota Vicentina Walking Trails\" \/>\n<meta property=\"og:description\" content=\"The official Guide Book of Rota Vicentina includes all the information about the Walking Trails: Historical Way, Fishermen\u2019s Trail and Circular Routes.\" \/>\n<meta property=\"og:url\" content=\"https:\/\/rv-stg.fera.miewstudio.com\/en\/product\/guia-de-campo-6a-edicao\/\" \/>\n<meta property=\"og:site_name\" content=\"[STG] Rota Vicentina\" \/>\n<meta property=\"article:publisher\" content=\"https:\/\/www.facebook.com\/rotavicentina\" \/>\n<meta property=\"article:modified_time\" content=\"2025-11-09T00:09:02+00:00\" \/>\n<meta property=\"og:image\" content=\"https:\/\/rv-stg.fera.miewstudio.com\/wp-content\/uploads\/2025\/02\/6\u00b0-edicao-Guide-Book-EN-1-1024x691.png\" \/>\n\t<meta property=\"og:image:width\" content=\"1024\" \/>\n\t<meta property=\"og:image:height\" content=\"691\" \/>\n\t<meta property=\"og:image:type\" content=\"image\/png\" \/>\n<meta name=\"twitter:card\" content=\"summary_large_image\" \/>\n<meta name=\"twitter:site\" content=\"@RotaVicentina\" \/>\n<meta name=\"twitter:label1\" content=\"Est. reading time\" \/>\n\t<meta name=\"twitter:data1\" content=\"1 minute\" \/>\n<script type=\"application\/ld+json\" class=\"yoast-schema-graph\">{\"@context\":\"https:\/\/schema.org\",\"@graph\":[{\"@type\":\"WebPage\",\"@id\":\"https:\/\/rv-stg.fera.miewstudio.com\/en\/product\/guia-de-campo-6a-edicao\/\",\"url\":\"https:\/\/rv-stg.fera.miewstudio.com\/en\/product\/guia-de-campo-6a-edicao\/\",\"name\":\"Official Guide Book of Rota Vicentina Walking Trails\",\"isPartOf\":{\"@id\":\"https:\/\/rv-stg.fera.miewstudio.com\/en\/#website\"},\"primaryImageOfPage\":{\"@id\":\"https:\/\/rv-stg.fera.miewstudio.com\/en\/product\/guia-de-campo-6a-edicao\/#primaryimage\"},\"image\":{\"@id\":\"https:\/\/rv-stg.fera.miewstudio.com\/en\/product\/guia-de-campo-6a-edicao\/#primaryimage\"},\"thumbnailUrl\":\"https:\/\/rv-stg.fera.miewstudio.com\/wp-content\/uploads\/2025\/02\/6\u00b0-edicao-Guide-Book-EN-1.png\",\"datePublished\":\"2025-02-11T17:57:09+00:00\",\"dateModified\":\"2025-11-09T00:09:02+00:00\",\"description\":\"The official Guide Book of Rota Vicentina includes all the information about the Walking Trails: Historical Way, Fishermen\u2019s Trail and Circular Routes.\",\"breadcrumb\":{\"@id\":\"https:\/\/rv-stg.fera.miewstudio.com\/en\/product\/guia-de-campo-6a-edicao\/#breadcrumb\"},\"inLanguage\":\"en-US\",\"potentialAction\":[{\"@type\":\"ReadAction\",\"target\":[\"https:\/\/rv-stg.fera.miewstudio.com\/en\/product\/guia-de-campo-6a-edicao\/\"]}]},{\"@type\":\"ImageObject\",\"inLanguage\":\"en-US\",\"@id\":\"https:\/\/rv-stg.fera.miewstudio.com\/en\/product\/guia-de-campo-6a-edicao\/#primaryimage\",\"url\":\"https:\/\/rv-stg.fera.miewstudio.com\/wp-content\/uploads\/2025\/02\/6\u00b0-edicao-Guide-Book-EN-1.png\",\"contentUrl\":\"https:\/\/rv-stg.fera.miewstudio.com\/wp-content\/uploads\/2025\/02\/6\u00b0-edicao-Guide-Book-EN-1.png\",\"width\":\"1600\",\"height\":\"1080\",\"caption\":\"Cover Guide Book 6th Edition\"},{\"@type\":\"BreadcrumbList\",\"@id\":\"https:\/\/rv-stg.fera.miewstudio.com\/en\/product\/guia-de-campo-6a-edicao\/#breadcrumb\",\"itemListElement\":[{\"@type\":\"ListItem\",\"position\":1,\"name\":\"Shop\",\"item\":\"https:\/\/rv-stg.fera.miewstudio.com\/en\/shop\/\"},{\"@type\":\"ListItem\",\"position\":2,\"name\":\"Guide Book 6th Edition\"}]},{\"@type\":\"WebSite\",\"@id\":\"https:\/\/rv-stg.fera.miewstudio.com\/en\/#website\",\"url\":\"https:\/\/rv-stg.fera.miewstudio.com\/en\/\",\"name\":\"[STG] Rota Vicentina\",\"description\":\"A p\u00e9 pelo Trilho dos Pescadores, Caminho Hist\u00f3rico ou Percursos Circulares ou v\u00e1 de bicicleta pelos mais de 1000km de Trilhos de Bicicleta na Rota Vicentina.\",\"publisher\":{\"@id\":\"https:\/\/rv-stg.fera.miewstudio.com\/en\/#organization\"},\"potentialAction\":[{\"@type\":\"SearchAction\",\"target\":{\"@type\":\"EntryPoint\",\"urlTemplate\":\"https:\/\/rv-stg.fera.miewstudio.com\/en\/?s={search_term_string}\"},\"query-input\":{\"@type\":\"PropertyValueSpecification\",\"valueRequired\":true,\"valueName\":\"search_term_string\"}}],\"inLanguage\":\"en-US\"},{\"@type\":\"Organization\",\"@id\":\"https:\/\/rv-stg.fera.miewstudio.com\/en\/#organization\",\"name\":\"[STG] Rota Vicentina\",\"url\":\"https:\/\/rv-stg.fera.miewstudio.com\/en\/\",\"logo\":{\"@type\":\"ImageObject\",\"inLanguage\":\"en-US\",\"@id\":\"https:\/\/rv-stg.fera.miewstudio.com\/en\/#\/schema\/logo\/image\/\",\"url\":\"https:\/\/rv-stg.fera.miewstudio.com\/wp-content\/uploads\/2023\/02\/Rota-Vicentina-SW-Portugal.jpg\",\"contentUrl\":\"https:\/\/rv-stg.fera.miewstudio.com\/wp-content\/uploads\/2023\/02\/Rota-Vicentina-SW-Portugal.jpg\",\"width\":\"852\",\"height\":\"480\",\"caption\":\"[STG] Rota Vicentina\"},\"image\":{\"@id\":\"https:\/\/rv-stg.fera.miewstudio.com\/en\/#\/schema\/logo\/image\/\"},\"sameAs\":[\"https:\/\/www.facebook.com\/rotavicentina\",\"https:\/\/x.com\/RotaVicentina\",\"https:\/\/www.instagram.com\/rotavicentina\/\",\"https:\/\/pt.linkedin.com\/company\/rota-vicentina\"]}]}<\/script>\n<!-- \/ Yoast SEO Premium plugin. -->","yoast_head_json":{"title":"Official Guide Book of Rota Vicentina Walking Trails","description":"The official Guide Book of Rota Vicentina includes all the information about the Walking Trails: Historical Way, Fishermen\u2019s Trail and Circular Routes.","robots":{"index":"noindex","follow":"follow","max-snippet":"max-snippet:-1","max-image-preview":"max-image-preview:large","max-video-preview":"max-video-preview:-1"},"og_locale":"en_US","og_type":"article","og_title":"Official Guide Book of Rota Vicentina Walking Trails","og_description":"The official Guide Book of Rota Vicentina includes all the information about the Walking Trails: Historical Way, Fishermen\u2019s Trail and Circular Routes.","og_url":"https:\/\/rv-stg.fera.miewstudio.com\/en\/product\/guia-de-campo-6a-edicao\/","og_site_name":"[STG] Rota Vicentina","article_publisher":"https:\/\/www.facebook.com\/rotavicentina","article_modified_time":"2025-11-09T00:09:02+00:00","og_image":[{"width":1024,"height":691,"url":"https:\/\/rv-stg.fera.miewstudio.com\/wp-content\/uploads\/2025\/02\/6\u00b0-edicao-Guide-Book-EN-1-1024x691.png","type":"image\/png"}],"twitter_card":"summary_large_image","twitter_site":"@RotaVicentina","twitter_misc":{"Est. reading time":"1 minute"},"schema":{"@context":"https:\/\/schema.org","@graph":[{"@type":"WebPage","@id":"https:\/\/rv-stg.fera.miewstudio.com\/en\/product\/guia-de-campo-6a-edicao\/","url":"https:\/\/rv-stg.fera.miewstudio.com\/en\/product\/guia-de-campo-6a-edicao\/","name":"Official Guide Book of Rota Vicentina Walking Trails","isPartOf":{"@id":"https:\/\/rv-stg.fera.miewstudio.com\/en\/#website"},"primaryImageOfPage":{"@id":"https:\/\/rv-stg.fera.miewstudio.com\/en\/product\/guia-de-campo-6a-edicao\/#primaryimage"},"image":{"@id":"https:\/\/rv-stg.fera.miewstudio.com\/en\/product\/guia-de-campo-6a-edicao\/#primaryimage"},"thumbnailUrl":"https:\/\/rv-stg.fera.miewstudio.com\/wp-content\/uploads\/2025\/02\/6\u00b0-edicao-Guide-Book-EN-1.png","datePublished":"2025-02-11T17:57:09+00:00","dateModified":"2025-11-09T00:09:02+00:00","description":"The official Guide Book of Rota Vicentina includes all the information about the Walking Trails: Historical Way, Fishermen\u2019s Trail and Circular Routes.","breadcrumb":{"@id":"https:\/\/rv-stg.fera.miewstudio.com\/en\/product\/guia-de-campo-6a-edicao\/#breadcrumb"},"inLanguage":"en-US","potentialAction":[{"@type":"ReadAction","target":["https:\/\/rv-stg.fera.miewstudio.com\/en\/product\/guia-de-campo-6a-edicao\/"]}]},{"@type":"ImageObject","inLanguage":"en-US","@id":"https:\/\/rv-stg.fera.miewstudio.com\/en\/product\/guia-de-campo-6a-edicao\/#primaryimage","url":"https:\/\/rv-stg.fera.miewstudio.com\/wp-content\/uploads\/2025\/02\/6\u00b0-edicao-Guide-Book-EN-1.png","contentUrl":"https:\/\/rv-stg.fera.miewstudio.com\/wp-content\/uploads\/2025\/02\/6\u00b0-edicao-Guide-Book-EN-1.png","width":"1600","height":"1080","caption":"Cover Guide Book 6th Edition"},{"@type":"BreadcrumbList","@id":"https:\/\/rv-stg.fera.miewstudio.com\/en\/product\/guia-de-campo-6a-edicao\/#breadcrumb","itemListElement":[{"@type":"ListItem","position":1,"name":"Shop","item":"https:\/\/rv-stg.fera.miewstudio.com\/en\/shop\/"},{"@type":"ListItem","position":2,"name":"Guide Book 6th Edition"}]},{"@type":"WebSite","@id":"https:\/\/rv-stg.fera.miewstudio.com\/en\/#website","url":"https:\/\/rv-stg.fera.miewstudio.com\/en\/","name":"[STG] Rota Vicentina","description":"A p\u00e9 pelo Trilho dos Pescadores, Caminho Hist\u00f3rico ou Percursos Circulares ou v\u00e1 de bicicleta pelos mais de 1000km de Trilhos de Bicicleta na Rota Vicentina.","publisher":{"@id":"https:\/\/rv-stg.fera.miewstudio.com\/en\/#organization"},"potentialAction":[{"@type":"SearchAction","target":{"@type":"EntryPoint","urlTemplate":"https:\/\/rv-stg.fera.miewstudio.com\/en\/?s={search_term_string}"},"query-input":{"@type":"PropertyValueSpecification","valueRequired":true,"valueName":"search_term_string"}}],"inLanguage":"en-US"},{"@type":"Organization","@id":"https:\/\/rv-stg.fera.miewstudio.com\/en\/#organization","name":"[STG] Rota Vicentina","url":"https:\/\/rv-stg.fera.miewstudio.com\/en\/","logo":{"@type":"ImageObject","inLanguage":"en-US","@id":"https:\/\/rv-stg.fera.miewstudio.com\/en\/#\/schema\/logo\/image\/","url":"https:\/\/rv-stg.fera.miewstudio.com\/wp-content\/uploads\/2023\/02\/Rota-Vicentina-SW-Portugal.jpg","contentUrl":"https:\/\/rv-stg.fera.miewstudio.com\/wp-content\/uploads\/2023\/02\/Rota-Vicentina-SW-Portugal.jpg","width":"852","height":"480","caption":"[STG] Rota Vicentina"},"image":{"@id":"https:\/\/rv-stg.fera.miewstudio.com\/en\/#\/schema\/logo\/image\/"},"sameAs":["https:\/\/www.facebook.com\/rotavicentina","https:\/\/x.com\/RotaVicentina","https:\/\/www.instagram.com\/rotavicentina\/","https:\/\/pt.linkedin.com\/company\/rota-vicentina"]}]}},"_links":{"self":[{"href":"https:\/\/rv-stg.fera.miewstudio.com\/en\/wp-json\/wp\/v2\/product\/124201","targetHints":{"allow":["GET"]}}],"collection":[{"href":"https:\/\/rv-stg.fera.miewstudio.com\/en\/wp-json\/wp\/v2\/product"}],"about":[{"href":"https:\/\/rv-stg.fera.miewstudio.com\/en\/wp-json\/wp\/v2\/types\/product"}],"wp:featuredmedia":[{"embeddable":true,"href":"https:\/\/rv-stg.fera.miewstudio.com\/en\/wp-json\/wp\/v2\/media\/123592"}],"wp:attachment":[{"href":"https:\/\/rv-stg.fera.miewstudio.com\/en\/wp-json\/wp\/v2\/media?parent=124201"}],"wp:term":[{"taxonomy":"product_brand","embeddable":true,"href":"https:\/\/rv-stg.fera.miewstudio.com\/en\/wp-json\/wp\/v2\/product_brand?post=124201"},{"taxonomy":"product_cat","embeddable":true,"href":"https:\/\/rv-stg.fera.miewstudio.com\/en\/wp-json\/wp\/v2\/product_cat?post=124201"},{"taxonomy":"product_tag","embeddable":true,"href":"https:\/\/rv-stg.fera.miewstudio.com\/en\/wp-json\/wp\/v2\/product_tag?post=124201"}],"curies":[{"name":"wp","href":"https:\/\/api.w.org\/{rel}","templated":true}]}}