{"id":87962,"date":"2021-11-10T09:28:20","date_gmt":"2021-11-10T09:28:20","guid":{"rendered":"https:\/\/rotavicentina.miewstudio.com\/cycling-trails\/"},"modified":"2023-02-07T18:27:50","modified_gmt":"2023-02-07T18:27:50","slug":"cycling","status":"publish","type":"page","link":"https:\/\/rv-stg.fera.miewstudio.com\/en\/cycling\/","title":{"rendered":"Cycling"},"content":{"rendered":"<div class=\"wpb-content-wrapper\"><p>[vc_row unlock_row_content=&#8221;&#8221; row_height_percent=&#8221;0&#8243; back_image=&#8221;79230&#8243; shift_y=&#8221;0&#8243; z_index=&#8221;0&#8243; row_height_pixel=&#8221;465px&#8221;][vc_column position_horizontal=&#8221;&#8221; position_vertical=&#8221;d-md-flex align-items-md-end&#8221; style=&#8221;dark&#8221; mobile_width=&#8221;11&#8243; shift_x=&#8221;0&#8243; shift_y=&#8221;0&#8243; z_index=&#8221;0&#8243; width=&#8221;1\/1&#8243;][vc_custom_heading auto_text=&#8221;yes&#8221; heading_semantic=&#8221;h1&#8243; text_size=&#8221;&#8221; el_class=&#8221;alternative-font big-title&#8221;][\/vc_custom_heading][\/vc_column][\/vc_row][vc_row unlock_row_content=&#8221;&#8221; row_height_percent=&#8221;0&#8243; override_padding=&#8221;yes&#8221; h_padding=&#8221;0&#8243; top_padding=&#8221;4&#8243; bottom_padding=&#8221;0&#8243; shift_y=&#8221;0&#8243; z_index=&#8221;0&#8243;][vc_column position_horizontal=&#8221;&#8221; mobile_width=&#8221;11&#8243; shift_x=&#8221;0&#8243; shift_y=&#8221;0&#8243; z_index=&#8221;0&#8243; width=&#8221;1\/1&#8243;][vc_icon position=&#8221;left&#8221; media_div=&#8221;fonticon&#8221; heading_semantic=&#8221;h5&#8243; text_size=&#8221;h5&#8243; text_weight=&#8221;font-weight-semi-bold&#8221; css_animation=&#8221;alpha-anim&#8221; icon_max=&#8221;40px&#8221; el_class=&#8221;bg-round-icon&#8221; icon=&#8221;icon-bicicleta&#8221;][\/vc_icon][\/vc_column][\/vc_row][vc_row unlock_row_content=&#8221;&#8221; row_height_percent=&#8221;0&#8243; override_padding=&#8221;yes&#8221; h_padding=&#8221;0&#8243; top_padding=&#8221;0&#8243; bottom_padding=&#8221;3&#8243; shift_y=&#8221;0&#8243; z_index=&#8221;0&#8243;][vc_column position_horizontal=&#8221;&#8221; mobile_width=&#8221;11&#8243; shift_x=&#8221;0&#8243; shift_y=&#8221;0&#8243; z_index=&#8221;0&#8243; width=&#8221;5\/12&#8243;][vc_custom_heading css_animation=&#8221;alpha-anim&#8221; el_class=&#8221;title-stroked mt-adapt-3&#8243;]<del><ins>Cycling<\/ins><\/del> Trails[\/vc_custom_heading][vc_custom_heading heading_semantic=&#8221;div&#8221; text_size=&#8221;h4&#8243; css_animation=&#8221;bottom-t-top&#8221; el_class=&#8221;mt-adapt-3&#8243;]<strong>A new opportunity for bike lovers!<\/strong>[\/vc_custom_heading][\/vc_column][vc_column position_horizontal=&#8221;&#8221; mobile_visibility=&#8221;yes&#8221; mobile_width=&#8221;11&#8243; shift_x=&#8221;0&#8243; shift_y=&#8221;0&#8243; z_index=&#8221;0&#8243; width=&#8221;1\/12&#8243;][\/vc_column][vc_column position_horizontal=&#8221;&#8221; mobile_width=&#8221;11&#8243; shift_x=&#8221;0&#8243; shift_y=&#8221;0&#8243; z_index=&#8221;0&#8243; width=&#8221;1\/2&#8243;][vc_column_text css_animation=&#8221;alpha-anim&#8221; el_class=&#8221;mt-adapt-3&#8243;]If up until now the <a href=\"https:\/\/rv-stg.fera.miewstudio.com\/caminho-historico\/\"><strong>Historical Way<\/strong><\/a> constituted the only opportunity for cyclists, the Rota Vicentina has gone further and started to offer a network of routes dedicated exclusively to bicycles!<\/p>\n<p>There are more than 1000 km of <a href=\"https:\/\/rv-stg.fera.miewstudio.com\/percursos-btt\/\"><strong>MTB<\/strong><\/a> \/ <a href=\"https:\/\/rv-stg.fera.miewstudio.com\/percursos-btt\/\"><strong>Gravel<\/strong><\/a> trails, a <a href=\"https:\/\/rv-stg.fera.miewstudio.com\/grande-travessia\/\"><strong>Long Distance MTB Trail<\/strong><\/a> and a <a href=\"https:\/\/rv-stg.fera.miewstudio.com\/touring-bike\/\"><strong>Touring Bike <\/strong><\/a>\/ <strong><a href=\"https:\/\/rv-stg.fera.miewstudio.com\/touring-bike\/\">Cycletourism<\/a><\/strong> path for all those who are looking for nature, adrenalin and a contact with the rural world that is so typical of the Southwest of Portugal.[\/vc_column_text][\/vc_column][\/vc_row][vc_row unlock_row_content=&#8221;&#8221; row_height_percent=&#8221;0&#8243; shift_y=&#8221;0&#8243; z_index=&#8221;0&#8243; el_class=&#8221;cycling-services&#8221;][vc_column position_horizontal=&#8221;&#8221; mobile_width=&#8221;11&#8243; shift_x=&#8221;0&#8243; shift_y=&#8221;0&#8243; z_index=&#8221;0&#8243; width=&#8221;1\/3&#8243; el_class=&#8221;mt-adapt-6&#8243;][vc_row_inner unlock_row_content=&#8221;yes&#8221; row_height_percent=&#8221;0&#8243; columns_gutter=&#8221;&#8221; override_padding=&#8221;yes&#8221; h_padding=&#8221;0&#8243; top_padding=&#8221;0&#8243; bottom_padding=&#8221;0&#8243; shift_y=&#8221;0&#8243; z_index=&#8221;0&#8243;][vc_column_inner position_horizontal=&#8221;&#8221; style=&#8221;dark&#8221; mobile_width=&#8221;11&#8243; shift_x=&#8221;0&#8243; shift_y=&#8221;0&#8243; z_index=&#8221;0&#8243; width=&#8221;1\/1&#8243;][vc_single_image media_div=&#8221;background&#8221; media=&#8221;79242&#8243; css_animation=&#8221;masked&#8221;][\/vc_single_image][vc_icon position=&#8221;left&#8221; media_div=&#8221;fonticon&#8221; heading_semantic=&#8221;h5&#8243; text_size=&#8221;h5&#8243; text_weight=&#8221;font-weight-semi-bold&#8221; css_animation=&#8221;alpha-anim&#8221; animation_delay=&#8221;300&#8243; icon_max=&#8221;25px&#8221; title=&#8221;MTB \/ Gravel&#8221; el_class=&#8221;services-icon&#8221; icon=&#8221;icon-btt&#8221;][\/vc_icon][\/vc_column_inner][\/vc_row_inner][vc_row_inner unlock_row_content=&#8221;&#8221; row_height_percent=&#8221;0&#8243; shift_y=&#8221;0&#8243; z_index=&#8221;0&#8243; back_color=&#8221;#ffffff&#8221; el_class=&#8221;cycling-box&#8221;][vc_column_inner position_horizontal=&#8221;&#8221; mobile_width=&#8221;11&#8243; shift_x=&#8221;0&#8243; shift_y=&#8221;0&#8243; z_index=&#8221;0&#8243; css_animation=&#8221;alpha-anim&#8221; width=&#8221;1\/1&#8243;][vc_icon position=&#8221;left&#8221; media_div=&#8221;fonticon&#8221; heading_semantic=&#8221;p&#8221; text_size=&#8221;&#8221; icon=&#8221;icon-distancia&#8221; icon_max=&#8221;20px&#8221; title=&#8221;More than 1000 km of trails&#8221;][\/vc_icon][vc_icon position=&#8221;left&#8221; media_div=&#8221;fonticon&#8221; heading_semantic=&#8221;p&#8221; text_size=&#8221;&#8221; icon=&#8221;icon-dificuldade&#8221; icon_max=&#8221;20px&#8221; title=&#8221;4 difficulty levels&#8221;][\/vc_icon][vc_icon position=&#8221;left&#8221; media_div=&#8221;fonticon&#8221; heading_semantic=&#8221;p&#8221; text_size=&#8221;&#8221; icon=&#8221;icon-btt&#8221; icon_max=&#8221;20px&#8221; title=&#8221;38 trails&#8221;][\/vc_icon][vc_icon position=&#8221;left&#8221; media_div=&#8221;fonticon&#8221; heading_semantic=&#8221;p&#8221; text_size=&#8221;&#8221; icon=&#8221;icon-btt&#8221; icon_max=&#8221;20px&#8221; title=&#8221;Suitable for MTB and Gravel bikes&#8221;][\/vc_icon][vc_icon position=&#8221;left&#8221; media_div=&#8221;fonticon&#8221; heading_semantic=&#8221;p&#8221; text_size=&#8221;&#8221; icon=&#8221;icon-downloads&#8221; icon_max=&#8221;20px&#8221; title=&#8221;Downloadable GPS tracks&#8221;][\/vc_icon][vc_icon position=&#8221;left&#8221; media_div=&#8221;fonticon&#8221; heading_semantic=&#8221;p&#8221; text_size=&#8221;&#8221; icon=&#8221;icon-bike-friendly&#8221; icon_max=&#8221;20px&#8221; title=&#8221;14 Bike stations&#8221;][\/vc_icon][vc_icon position=&#8221;left&#8221; media_div=&#8221;fonticon&#8221; heading_semantic=&#8221;p&#8221; text_size=&#8221;&#8221; icon=&#8221;icon-info&#8221; icon_max=&#8221;20px&#8221; title=&#8221;1 Cyclin&#8217; Portugal Centre in Odemira&#8221; link=&#8221;url:https%3A%2F%2Frotavicentina.miewstudio.com%2Fcentros-btt%2Fodemira%2F|target:_blank&#8221;][\/vc_icon][vc_btn btn_size=&#8221;button-big&#8221; css_animation=&#8221;bottom-t-top&#8221; link=&#8221;url:https%3A%2F%2Frotavicentina.miewstudio.com%2Fpercursos-btt%2F|title:MTB%20Trails|&#8221; id=&#8221;n2cx1fchp&#8221; el_class=&#8221;mt-adapt-6 w-100&#8243;]Find out more[\/vc_btn][\/vc_column_inner][\/vc_row_inner][\/vc_column][vc_column position_horizontal=&#8221;&#8221; mobile_width=&#8221;11&#8243; shift_x=&#8221;0&#8243; shift_y=&#8221;0&#8243; z_index=&#8221;0&#8243; width=&#8221;1\/3&#8243; el_class=&#8221;mt-adapt-6&#8243;][vc_row_inner unlock_row_content=&#8221;yes&#8221; row_height_percent=&#8221;0&#8243; columns_gutter=&#8221;&#8221; override_padding=&#8221;yes&#8221; h_padding=&#8221;0&#8243; top_padding=&#8221;0&#8243; bottom_padding=&#8221;0&#8243; shift_y=&#8221;0&#8243; z_index=&#8221;0&#8243;][vc_column_inner position_horizontal=&#8221;&#8221; style=&#8221;dark&#8221; mobile_width=&#8221;11&#8243; shift_x=&#8221;0&#8243; shift_y=&#8221;0&#8243; z_index=&#8221;0&#8243; width=&#8221;1\/1&#8243;][vc_single_image media_div=&#8221;background&#8221; media=&#8221;79246&#8243; css_animation=&#8221;masked&#8221;][\/vc_single_image][vc_icon position=&#8221;left&#8221; media_div=&#8221;fonticon&#8221; heading_semantic=&#8221;h5&#8243; text_size=&#8221;h5&#8243; text_weight=&#8221;font-weight-semi-bold&#8221; css_animation=&#8221;alpha-anim&#8221; animation_delay=&#8221;300&#8243; icon_max=&#8221;25px&#8221; title=&#8221;Long Distance MTB Trail&#8221; el_class=&#8221;services-icon&#8221; icon=&#8221;icon-grande-travessia&#8221;][\/vc_icon][\/vc_column_inner][\/vc_row_inner][vc_row_inner unlock_row_content=&#8221;&#8221; row_height_percent=&#8221;0&#8243; shift_y=&#8221;0&#8243; z_index=&#8221;0&#8243; back_color=&#8221;#ffffff&#8221; el_class=&#8221;cycling-box&#8221;][vc_column_inner position_horizontal=&#8221;&#8221; mobile_width=&#8221;11&#8243; shift_x=&#8221;0&#8243; shift_y=&#8221;0&#8243; z_index=&#8221;0&#8243; css_animation=&#8221;alpha-anim&#8221; width=&#8221;1\/1&#8243;][vc_icon position=&#8221;left&#8221; media_div=&#8221;fonticon&#8221; heading_semantic=&#8221;p&#8221; text_size=&#8221;&#8221; icon=&#8221;icon-distancia&#8221; icon_max=&#8221;20px&#8221; title=&#8221;145 km through the Odemira area&#8221;][\/vc_icon][vc_icon position=&#8221;left&#8221; media_div=&#8221;fonticon&#8221; heading_semantic=&#8221;p&#8221; text_size=&#8221;&#8221; icon=&#8221;icon-info&#8221; icon_max=&#8221;20px&#8221; title=&#8221;Connection to Train Stations&#8221;][\/vc_icon][vc_icon position=&#8221;left&#8221; media_div=&#8221;fonticon&#8221; heading_semantic=&#8221;p&#8221; text_size=&#8221;&#8221; icon=&#8221;icon-bicicleta&#8221; icon_max=&#8221;20px&#8221; title=&#8221;Suitable for MTB and Gravel bikes&#8221;][\/vc_icon][vc_icon position=&#8221;left&#8221; media_div=&#8221;fonticon&#8221; heading_semantic=&#8221;p&#8221; text_size=&#8221;&#8221; icon=&#8221;icon-sinaletica&#8221; icon_max=&#8221;20px&#8221; title=&#8221;All marked in the terrain&#8221;][\/vc_icon][vc_icon position=&#8221;left&#8221; media_div=&#8221;fonticon&#8221; heading_semantic=&#8221;p&#8221; text_size=&#8221;&#8221; icon=&#8221;icon-downloads&#8221; icon_max=&#8221;20px&#8221; title=&#8221;Downloadable GPS tracks&#8221;][\/vc_icon][vc_btn btn_size=&#8221;button-big&#8221; css_animation=&#8221;bottom-t-top&#8221; link=&#8221;url:https%3A%2F%2Frotavicentina.miewstudio.com%2Fgrande-travessia%2F|title:Long%20Distance%20MTB%20Trail|&#8221; id=&#8221;n2cx1fchl&#8221; el_class=&#8221;mt-adapt-6 w-100&#8243;]Find out more[\/vc_btn][\/vc_column_inner][\/vc_row_inner][\/vc_column][vc_column position_horizontal=&#8221;&#8221; mobile_width=&#8221;11&#8243; shift_x=&#8221;0&#8243; shift_y=&#8221;0&#8243; z_index=&#8221;0&#8243; width=&#8221;1\/3&#8243; el_class=&#8221;mt-adapt-6&#8243;][vc_row_inner unlock_row_content=&#8221;yes&#8221; row_height_percent=&#8221;0&#8243; columns_gutter=&#8221;&#8221; override_padding=&#8221;yes&#8221; h_padding=&#8221;0&#8243; top_padding=&#8221;0&#8243; bottom_padding=&#8221;0&#8243; shift_y=&#8221;0&#8243; z_index=&#8221;0&#8243;][vc_column_inner position_horizontal=&#8221;&#8221; style=&#8221;dark&#8221; mobile_width=&#8221;11&#8243; shift_x=&#8221;0&#8243; shift_y=&#8221;0&#8243; z_index=&#8221;0&#8243; width=&#8221;1\/1&#8243;][vc_single_image media_div=&#8221;background&#8221; media=&#8221;79250&#8243; css_animation=&#8221;masked&#8221;][\/vc_single_image][vc_icon position=&#8221;left&#8221; media_div=&#8221;fonticon&#8221; heading_semantic=&#8221;h5&#8243; text_size=&#8221;h5&#8243; text_weight=&#8221;font-weight-semi-bold&#8221; css_animation=&#8221;alpha-anim&#8221; animation_delay=&#8221;300&#8243; icon_max=&#8221;25px&#8221; title=&#8221;Touring Bike \/ Cycle Tourism&#8221; el_class=&#8221;services-icon&#8221; icon=&#8221;icon-touring-bike&#8221;][\/vc_icon][\/vc_column_inner][\/vc_row_inner][vc_row_inner unlock_row_content=&#8221;&#8221; row_height_percent=&#8221;0&#8243; shift_y=&#8221;0&#8243; z_index=&#8221;0&#8243; back_color=&#8221;#ffffff&#8221; el_class=&#8221;cycling-box&#8221;][vc_column_inner position_horizontal=&#8221;&#8221; mobile_width=&#8221;11&#8243; shift_x=&#8221;0&#8243; shift_y=&#8221;0&#8243; z_index=&#8221;0&#8243; css_animation=&#8221;alpha-anim&#8221; width=&#8221;1\/1&#8243;][vc_icon position=&#8221;left&#8221; media_div=&#8221;fonticon&#8221; heading_semantic=&#8221;p&#8221; text_size=&#8221;&#8221; icon=&#8221;icon-distancia&#8221; icon_max=&#8221;20px&#8221; title=&#8221;500 km between Lisbon and Faro&#8221;][\/vc_icon][vc_icon position=&#8221;left&#8221; media_div=&#8221;fonticon&#8221; heading_semantic=&#8221;p&#8221; text_size=&#8221;&#8221; icon=&#8221;icon-touring-bike&#8221; icon_max=&#8221;20px&#8221; title=&#8221;Suitable for hybrid, gravel and touring bikes&#8221;][\/vc_icon][vc_icon position=&#8221;left&#8221; media_div=&#8221;fonticon&#8221; heading_semantic=&#8221;p&#8221; text_size=&#8221;&#8221; icon=&#8221;icon-alojamento&#8221; icon_max=&#8221;20px&#8221; title=&#8221;Accommodation and other services for cyclists along the route.&#8221;][\/vc_icon][vc_icon position=&#8221;left&#8221; media_div=&#8221;fonticon&#8221; heading_semantic=&#8221;p&#8221; text_size=&#8221;&#8221; icon=&#8221;icon-downloads&#8221; icon_max=&#8221;20px&#8221; title=&#8221;Downloadable GPS tracks&#8221;][\/vc_icon][vc_btn btn_size=&#8221;button-big&#8221; css_animation=&#8221;bottom-t-top&#8221; link=&#8221;url:https%3A%2F%2Frotavicentina.miewstudio.com%2Ftouring-bike%2F|title:Touring%20Bike|&#8221; id=&#8221;n2cx1fchp&#8221; el_class=&#8221;mt-adapt-6 w-100&#8243;]Find out more[\/vc_btn][\/vc_column_inner][\/vc_row_inner][\/vc_column][\/vc_row][vc_row][vc_column width=&#8221;1\/1&#8243;][miew_block id=&#8221;71&#8243;][\/vc_column][\/vc_row][vc_row][vc_column width=&#8221;1\/1&#8243;][miew_block id=&#8221;60&#8243;][\/vc_column][\/vc_row]<\/p>\n<\/div>","protected":false},"excerpt":{"rendered":"<p>[vc_row unlock_row_content=&#8221;&#8221; row_height_percent=&#8221;0&#8243; back_image=&#8221;79230&#8243; shift_y=&#8221;0&#8243; z_index=&#8221;0&#8243; row_height_pixel=&#8221;465px&#8221;][vc_column position_horizontal=&#8221;&#8221; position_vertical=&#8221;d-md-flex align-items-md-end&#8221; style=&#8221;dark&#8221; mobile_width=&#8221;11&#8243; shift_x=&#8221;0&#8243; shift_y=&#8221;0&#8243; z_index=&#8221;0&#8243; width=&#8221;1\/1&#8243;][vc_custom_heading auto_text=&#8221;yes&#8221; heading_semantic=&#8221;h1&#8243; text_size=&#8221;&#8221; el_class=&#8221;alternative-font big-title&#8221;][\/vc_custom_heading][\/vc_column][\/vc_row][vc_row unlock_row_content=&#8221;&#8221; row_height_percent=&#8221;0&#8243; override_padding=&#8221;yes&#8221; h_padding=&#8221;0&#8243; top_padding=&#8221;4&#8243; bottom_padding=&#8221;0&#8243; shift_y=&#8221;0&#8243; z_index=&#8221;0&#8243;][vc_column position_horizontal=&#8221;&#8221; mobile_width=&#8221;11&#8243; shift_x=&#8221;0&#8243; shift_y=&#8221;0&#8243; z_index=&#8221;0&#8243; width=&#8221;1\/1&#8243;][vc_icon position=&#8221;left&#8221; media_div=&#8221;fonticon&#8221; heading_semantic=&#8221;h5&#8243; text_size=&#8221;h5&#8243; text_weight=&#8221;font-weight-semi-bold&#8221; css_animation=&#8221;alpha-anim&#8221; icon_max=&#8221;40px&#8221; el_class=&#8221;bg-round-icon&#8221; icon=&#8221;icon-bicicleta&#8221;][\/vc_icon][\/vc_column][\/vc_row][vc_row unlock_row_content=&#8221;&#8221; row_height_percent=&#8221;0&#8243; override_padding=&#8221;yes&#8221; h_padding=&#8221;0&#8243; top_padding=&#8221;0&#8243; bottom_padding=&#8221;3&#8243; shift_y=&#8221;0&#8243; z_index=&#8221;0&#8243;][vc_column position_horizontal=&#8221;&#8221; mobile_width=&#8221;11&#8243; shift_x=&#8221;0&#8243; [&hellip;]<\/p>\n","protected":false},"author":1,"featured_media":0,"parent":0,"menu_order":0,"comment_status":"closed","ping_status":"closed","template":"","meta":{"_acf_changed":false,"footnotes":""},"page-category":[1194],"class_list":["post-87962","page","type-page","status-publish","hentry","page-category-cycling-en"],"acf":[],"yoast_head":"<!-- This site is optimized with the Yoast SEO Premium plugin v19.5 (Yoast SEO v27.0) - https:\/\/yoast.com\/product\/yoast-seo-premium-wordpress\/ -->\n<title>Cycling - [STG] Rota Vicentina<\/title>\n<meta name=\"robots\" content=\"noindex, follow, max-snippet:-1, max-image-preview:large, max-video-preview:-1\" \/>\n<meta property=\"og:locale\" content=\"en_US\" \/>\n<meta property=\"og:type\" content=\"article\" \/>\n<meta property=\"og:title\" content=\"Cycling - [STG] Rota Vicentina\" \/>\n<meta property=\"og:description\" content=\"[vc_row unlock_row_content=&#8221;&#8221; row_height_percent=&#8221;0&#8243; back_image=&#8221;79230&#8243; shift_y=&#8221;0&#8243; z_index=&#8221;0&#8243; row_height_pixel=&#8221;465px&#8221;][vc_column position_horizontal=&#8221;&#8221; position_vertical=&#8221;d-md-flex align-items-md-end&#8221; style=&#8221;dark&#8221; mobile_width=&#8221;11&#8243; shift_x=&#8221;0&#8243; shift_y=&#8221;0&#8243; z_index=&#8221;0&#8243; width=&#8221;1\/1&#8243;][vc_custom_heading auto_text=&#8221;yes&#8221; heading_semantic=&#8221;h1&#8243; text_size=&#8221;&#8221; el_class=&#8221;alternative-font big-title&#8221;][\/vc_custom_heading][\/vc_column][\/vc_row][vc_row unlock_row_content=&#8221;&#8221; row_height_percent=&#8221;0&#8243; override_padding=&#8221;yes&#8221; h_padding=&#8221;0&#8243; top_padding=&#8221;4&#8243; bottom_padding=&#8221;0&#8243; shift_y=&#8221;0&#8243; z_index=&#8221;0&#8243;][vc_column position_horizontal=&#8221;&#8221; mobile_width=&#8221;11&#8243; shift_x=&#8221;0&#8243; shift_y=&#8221;0&#8243; z_index=&#8221;0&#8243; width=&#8221;1\/1&#8243;][vc_icon position=&#8221;left&#8221; media_div=&#8221;fonticon&#8221; heading_semantic=&#8221;h5&#8243; text_size=&#8221;h5&#8243; text_weight=&#8221;font-weight-semi-bold&#8221; css_animation=&#8221;alpha-anim&#8221; icon_max=&#8221;40px&#8221; el_class=&#8221;bg-round-icon&#8221; icon=&#8221;icon-bicicleta&#8221;][\/vc_icon][\/vc_column][\/vc_row][vc_row unlock_row_content=&#8221;&#8221; row_height_percent=&#8221;0&#8243; override_padding=&#8221;yes&#8221; h_padding=&#8221;0&#8243; top_padding=&#8221;0&#8243; bottom_padding=&#8221;3&#8243; shift_y=&#8221;0&#8243; z_index=&#8221;0&#8243;][vc_column position_horizontal=&#8221;&#8221; mobile_width=&#8221;11&#8243; shift_x=&#8221;0&#8243; [&hellip;]\" \/>\n<meta property=\"og:url\" content=\"https:\/\/rv-stg.fera.miewstudio.com\/en\/cycling\/\" \/>\n<meta property=\"og:site_name\" content=\"[STG] Rota Vicentina\" \/>\n<meta property=\"article:publisher\" content=\"https:\/\/www.facebook.com\/rotavicentina\" \/>\n<meta property=\"article:modified_time\" content=\"2023-02-07T18:27:50+00:00\" \/>\n<meta name=\"twitter:card\" content=\"summary_large_image\" \/>\n<meta name=\"twitter:site\" content=\"@RotaVicentina\" \/>\n<meta name=\"twitter:label1\" content=\"Est. reading time\" \/>\n\t<meta name=\"twitter:data1\" content=\"3 minutes\" \/>\n<script type=\"application\/ld+json\" class=\"yoast-schema-graph\">{\"@context\":\"https:\/\/schema.org\",\"@graph\":[{\"@type\":\"WebPage\",\"@id\":\"https:\/\/rv-stg.fera.miewstudio.com\/en\/cycling\/\",\"url\":\"https:\/\/rv-stg.fera.miewstudio.com\/en\/cycling\/\",\"name\":\"Cycling - [STG] Rota Vicentina\",\"isPartOf\":{\"@id\":\"https:\/\/rv-stg.fera.miewstudio.com\/en\/#website\"},\"datePublished\":\"2021-11-10T09:28:20+00:00\",\"dateModified\":\"2023-02-07T18:27:50+00:00\",\"inLanguage\":\"en-US\",\"potentialAction\":[{\"@type\":\"ReadAction\",\"target\":[\"https:\/\/rv-stg.fera.miewstudio.com\/en\/cycling\/\"]}]},{\"@type\":\"WebSite\",\"@id\":\"https:\/\/rv-stg.fera.miewstudio.com\/en\/#website\",\"url\":\"https:\/\/rv-stg.fera.miewstudio.com\/en\/\",\"name\":\"[STG] Rota Vicentina\",\"description\":\"A p\u00e9 pelo Trilho dos Pescadores, Caminho Hist\u00f3rico ou Percursos Circulares ou v\u00e1 de bicicleta pelos mais de 1000km de Trilhos de Bicicleta na Rota Vicentina.\",\"publisher\":{\"@id\":\"https:\/\/rv-stg.fera.miewstudio.com\/en\/#organization\"},\"potentialAction\":[{\"@type\":\"SearchAction\",\"target\":{\"@type\":\"EntryPoint\",\"urlTemplate\":\"https:\/\/rv-stg.fera.miewstudio.com\/en\/?s={search_term_string}\"},\"query-input\":{\"@type\":\"PropertyValueSpecification\",\"valueRequired\":true,\"valueName\":\"search_term_string\"}}],\"inLanguage\":\"en-US\"},{\"@type\":\"Organization\",\"@id\":\"https:\/\/rv-stg.fera.miewstudio.com\/en\/#organization\",\"name\":\"[STG] Rota Vicentina\",\"url\":\"https:\/\/rv-stg.fera.miewstudio.com\/en\/\",\"logo\":{\"@type\":\"ImageObject\",\"inLanguage\":\"en-US\",\"@id\":\"https:\/\/rv-stg.fera.miewstudio.com\/en\/#\/schema\/logo\/image\/\",\"url\":\"https:\/\/rv-stg.fera.miewstudio.com\/wp-content\/uploads\/2023\/02\/Rota-Vicentina-SW-Portugal.jpg\",\"contentUrl\":\"https:\/\/rv-stg.fera.miewstudio.com\/wp-content\/uploads\/2023\/02\/Rota-Vicentina-SW-Portugal.jpg\",\"width\":\"852\",\"height\":\"480\",\"caption\":\"[STG] Rota Vicentina\"},\"image\":{\"@id\":\"https:\/\/rv-stg.fera.miewstudio.com\/en\/#\/schema\/logo\/image\/\"},\"sameAs\":[\"https:\/\/www.facebook.com\/rotavicentina\",\"https:\/\/x.com\/RotaVicentina\",\"https:\/\/www.instagram.com\/rotavicentina\/\",\"https:\/\/pt.linkedin.com\/company\/rota-vicentina\"]}]}<\/script>\n<!-- \/ Yoast SEO Premium plugin. -->","yoast_head_json":{"title":"Cycling - [STG] Rota Vicentina","robots":{"index":"noindex","follow":"follow","max-snippet":"max-snippet:-1","max-image-preview":"max-image-preview:large","max-video-preview":"max-video-preview:-1"},"og_locale":"en_US","og_type":"article","og_title":"Cycling - [STG] Rota Vicentina","og_description":"[vc_row unlock_row_content=&#8221;&#8221; row_height_percent=&#8221;0&#8243; back_image=&#8221;79230&#8243; shift_y=&#8221;0&#8243; z_index=&#8221;0&#8243; row_height_pixel=&#8221;465px&#8221;][vc_column position_horizontal=&#8221;&#8221; position_vertical=&#8221;d-md-flex align-items-md-end&#8221; style=&#8221;dark&#8221; mobile_width=&#8221;11&#8243; shift_x=&#8221;0&#8243; shift_y=&#8221;0&#8243; z_index=&#8221;0&#8243; width=&#8221;1\/1&#8243;][vc_custom_heading auto_text=&#8221;yes&#8221; heading_semantic=&#8221;h1&#8243; text_size=&#8221;&#8221; el_class=&#8221;alternative-font big-title&#8221;][\/vc_custom_heading][\/vc_column][\/vc_row][vc_row unlock_row_content=&#8221;&#8221; row_height_percent=&#8221;0&#8243; override_padding=&#8221;yes&#8221; h_padding=&#8221;0&#8243; top_padding=&#8221;4&#8243; bottom_padding=&#8221;0&#8243; shift_y=&#8221;0&#8243; z_index=&#8221;0&#8243;][vc_column position_horizontal=&#8221;&#8221; mobile_width=&#8221;11&#8243; shift_x=&#8221;0&#8243; shift_y=&#8221;0&#8243; z_index=&#8221;0&#8243; width=&#8221;1\/1&#8243;][vc_icon position=&#8221;left&#8221; media_div=&#8221;fonticon&#8221; heading_semantic=&#8221;h5&#8243; text_size=&#8221;h5&#8243; text_weight=&#8221;font-weight-semi-bold&#8221; css_animation=&#8221;alpha-anim&#8221; icon_max=&#8221;40px&#8221; el_class=&#8221;bg-round-icon&#8221; icon=&#8221;icon-bicicleta&#8221;][\/vc_icon][\/vc_column][\/vc_row][vc_row unlock_row_content=&#8221;&#8221; row_height_percent=&#8221;0&#8243; override_padding=&#8221;yes&#8221; h_padding=&#8221;0&#8243; top_padding=&#8221;0&#8243; bottom_padding=&#8221;3&#8243; shift_y=&#8221;0&#8243; z_index=&#8221;0&#8243;][vc_column position_horizontal=&#8221;&#8221; mobile_width=&#8221;11&#8243; shift_x=&#8221;0&#8243; [&hellip;]","og_url":"https:\/\/rv-stg.fera.miewstudio.com\/en\/cycling\/","og_site_name":"[STG] Rota Vicentina","article_publisher":"https:\/\/www.facebook.com\/rotavicentina","article_modified_time":"2023-02-07T18:27:50+00:00","twitter_card":"summary_large_image","twitter_site":"@RotaVicentina","twitter_misc":{"Est. reading time":"3 minutes"},"schema":{"@context":"https:\/\/schema.org","@graph":[{"@type":"WebPage","@id":"https:\/\/rv-stg.fera.miewstudio.com\/en\/cycling\/","url":"https:\/\/rv-stg.fera.miewstudio.com\/en\/cycling\/","name":"Cycling - [STG] Rota Vicentina","isPartOf":{"@id":"https:\/\/rv-stg.fera.miewstudio.com\/en\/#website"},"datePublished":"2021-11-10T09:28:20+00:00","dateModified":"2023-02-07T18:27:50+00:00","inLanguage":"en-US","potentialAction":[{"@type":"ReadAction","target":["https:\/\/rv-stg.fera.miewstudio.com\/en\/cycling\/"]}]},{"@type":"WebSite","@id":"https:\/\/rv-stg.fera.miewstudio.com\/en\/#website","url":"https:\/\/rv-stg.fera.miewstudio.com\/en\/","name":"[STG] Rota Vicentina","description":"A p\u00e9 pelo Trilho dos Pescadores, Caminho Hist\u00f3rico ou Percursos Circulares ou v\u00e1 de bicicleta pelos mais de 1000km de Trilhos de Bicicleta na Rota Vicentina.","publisher":{"@id":"https:\/\/rv-stg.fera.miewstudio.com\/en\/#organization"},"potentialAction":[{"@type":"SearchAction","target":{"@type":"EntryPoint","urlTemplate":"https:\/\/rv-stg.fera.miewstudio.com\/en\/?s={search_term_string}"},"query-input":{"@type":"PropertyValueSpecification","valueRequired":true,"valueName":"search_term_string"}}],"inLanguage":"en-US"},{"@type":"Organization","@id":"https:\/\/rv-stg.fera.miewstudio.com\/en\/#organization","name":"[STG] Rota Vicentina","url":"https:\/\/rv-stg.fera.miewstudio.com\/en\/","logo":{"@type":"ImageObject","inLanguage":"en-US","@id":"https:\/\/rv-stg.fera.miewstudio.com\/en\/#\/schema\/logo\/image\/","url":"https:\/\/rv-stg.fera.miewstudio.com\/wp-content\/uploads\/2023\/02\/Rota-Vicentina-SW-Portugal.jpg","contentUrl":"https:\/\/rv-stg.fera.miewstudio.com\/wp-content\/uploads\/2023\/02\/Rota-Vicentina-SW-Portugal.jpg","width":"852","height":"480","caption":"[STG] Rota Vicentina"},"image":{"@id":"https:\/\/rv-stg.fera.miewstudio.com\/en\/#\/schema\/logo\/image\/"},"sameAs":["https:\/\/www.facebook.com\/rotavicentina","https:\/\/x.com\/RotaVicentina","https:\/\/www.instagram.com\/rotavicentina\/","https:\/\/pt.linkedin.com\/company\/rota-vicentina"]}]}},"_links":{"self":[{"href":"https:\/\/rv-stg.fera.miewstudio.com\/en\/wp-json\/wp\/v2\/pages\/87962","targetHints":{"allow":["GET"]}}],"collection":[{"href":"https:\/\/rv-stg.fera.miewstudio.com\/en\/wp-json\/wp\/v2\/pages"}],"about":[{"href":"https:\/\/rv-stg.fera.miewstudio.com\/en\/wp-json\/wp\/v2\/types\/page"}],"author":[{"embeddable":true,"href":"https:\/\/rv-stg.fera.miewstudio.com\/en\/wp-json\/wp\/v2\/users\/1"}],"replies":[{"embeddable":true,"href":"https:\/\/rv-stg.fera.miewstudio.com\/en\/wp-json\/wp\/v2\/comments?post=87962"}],"version-history":[{"count":0,"href":"https:\/\/rv-stg.fera.miewstudio.com\/en\/wp-json\/wp\/v2\/pages\/87962\/revisions"}],"wp:attachment":[{"href":"https:\/\/rv-stg.fera.miewstudio.com\/en\/wp-json\/wp\/v2\/media?parent=87962"}],"wp:term":[{"taxonomy":"page-category","embeddable":true,"href":"https:\/\/rv-stg.fera.miewstudio.com\/en\/wp-json\/wp\/v2\/page-category?post=87962"}],"curies":[{"name":"wp","href":"https:\/\/api.w.org\/{rel}","templated":true}]}}