{"id":87432,"date":"2021-11-09T09:53:35","date_gmt":"2021-11-09T09:53:35","guid":{"rendered":"https:\/\/rotavicentina.miewstudio.com\/homepage\/"},"modified":"2025-10-13T15:45:32","modified_gmt":"2025-10-13T15:45:32","slug":"homepage","status":"publish","type":"page","link":"https:\/\/rv-stg.fera.miewstudio.com\/en\/","title":{"rendered":"Homepage"},"content":{"rendered":"<div class=\"wpb-content-wrapper\"><p>[vc_row unlock_row_content=&#8221;yes&#8221; row_height_percent=&#8221;85&#8243; columns_gutter=&#8221;&#8221; override_padding=&#8221;yes&#8221; h_padding=&#8221;0&#8243; top_padding=&#8221;0&#8243; bottom_padding=&#8221;2&#8243; shift_y=&#8221;0&#8243; z_index=&#8221;0&#8243; row_height_pixel=&#8221;520px&#8221;][vc_column position_horizontal=&#8221;&#8221; position_vertical=&#8221;d-md-flex align-items-md-center&#8221; align_horizontal=&#8221;text-md-center&#8221; mobile_width=&#8221;11&#8243; shift_x=&#8221;0&#8243; shift_y=&#8221;0&#8243; z_index=&#8221;0&#8243;][vc_video video_file=&#8221;79278&#8243; muted=&#8221;yes&#8221; autoplay=&#8221;yes&#8221; loop=&#8221;yes&#8221; el_class=&#8221;position-absolute h-100&#8243;][vc_row_inner unlock_row_content=&#8221;&#8221; row_height_percent=&#8221;0&#8243; shift_y=&#8221;0&#8243; z_index=&#8221;5&#8243;][vc_column_inner position_horizontal=&#8221;d-md-flex justify-content-md-center&#8221; position_vertical=&#8221;d-md-flex align-items-md-center&#8221; align_horizontal=&#8221;text-md-center&#8221; style=&#8221;dark&#8221; mobile_width=&#8221;11&#8243; shift_x=&#8221;0&#8243; shift_y=&#8221;0&#8243; z_index=&#8221;0&#8243; width=&#8221;1\/1&#8243;][vc_custom_heading heading_semantic=&#8221;h4&#8243; text_size=&#8221;h4&#8243;]Welcome to[\/vc_custom_heading][vc_custom_heading heading_semantic=&#8221;h1&#8243; text_size=&#8221;h1&#8243; el_class=&#8221;alternative-font big-title mt-adapt-4&#8243;]Rota Vicentina[\/vc_custom_heading][vc_btn display=&#8221;inline-block&#8221; btn_size=&#8221;button-big&#8221; css_animation=&#8221;alpha-anim&#8221; link=&#8221;url:%23modal-video|&#8221; id=&#8221;sr3i3ltf0&#8243; el_class=&#8221;mt-adapt-6&#8243;]Watch full video[\/vc_btn][\/vc_column_inner][\/vc_row_inner][vc_row_inner unlock_row_content=&#8221;&#8221; row_height_percent=&#8221;0&#8243; back_image=&#8221;79637&#8243; back_repeat=&#8221;no-repeat&#8221; back_position=&#8221;right top&#8221; shift_y=&#8221;0&#8243; z_index=&#8221;6&#8243; back_color=&#8221;#ffffff&#8221; el_class=&#8221;home-btns&#8221; back_size=&#8221;auto 100%&#8221;][vc_column_inner position_horizontal=&#8221;&#8221; align_horizontal=&#8221;text-md-center&#8221; mobile_width=&#8221;5&#8243; shift_x=&#8221;0&#8243; shift_y=&#8221;0&#8243; z_index=&#8221;0&#8243; width=&#8221;1\/2&#8243;][vc_btn display=&#8221;inline-block&#8221; btn_size=&#8221;&#8221; i_align=&#8221;right&#8221; css_animation=&#8221;alpha-anim&#8221; link=&#8221;url:http%3A%2F%2Frotavicentina.miewstudio.com%2Fde-visita%2F|title:I%E2%80%99m%20visiting|&#8221; id=&#8221;vf8tb2opj&#8221; icon=&#8221;icon-direita&#8221; el_class=&#8221;h3 mt-adapt-3 mb-adapt-3&#8243;]I\u2019m visiting[\/vc_btn][\/vc_column_inner][vc_column_inner position_horizontal=&#8221;&#8221; align_horizontal=&#8221;text-md-center&#8221; mobile_width=&#8221;5&#8243; shift_x=&#8221;0&#8243; shift_y=&#8221;0&#8243; z_index=&#8221;0&#8243; width=&#8221;1\/2&#8243;][vc_btn display=&#8221;inline-block&#8221; btn_size=&#8221;&#8221; i_align=&#8221;right&#8221; css_animation=&#8221;alpha-anim&#8221; link=&#8221;url:http%3A%2F%2Frotavicentina.miewstudio.com%2Fvivo-ca%2F|title:I%E2%80%99m%20a%20local|&#8221; id=&#8221;vf8tb2opx&#8221; icon=&#8221;icon-direita&#8221; el_class=&#8221;h3 mt-adapt-3 mb-adapt-3&#8243;]I\u2019m a local[\/vc_btn][\/vc_column_inner][\/vc_row_inner][\/vc_column][\/vc_row][vc_section back_image=&#8221;79617&#8243; back_position=&#8221;left bottom&#8221; back_size=&#8221;auto&#8221; el_class=&#8221;gradient-bg&#8221;][vc_row unlock_row_content=&#8221;&#8221; row_height_percent=&#8221;0&#8243; override_padding=&#8221;yes&#8221; h_padding=&#8221;0&#8243; top_padding=&#8221;5&#8243; bottom_padding=&#8221;0&#8243; shift_y=&#8221;0&#8243; z_index=&#8221;0&#8243;][vc_column width=&#8221;1\/1&#8243;][vc_custom_heading]Plan your trip[\/vc_custom_heading][\/vc_column][\/vc_row][vc_row unlock_row_content=&#8221;&#8221; row_height_percent=&#8221;0&#8243; override_padding=&#8221;yes&#8221; h_padding=&#8221;0&#8243; top_padding=&#8221;0&#8243; bottom_padding=&#8221;3&#8243; shift_y=&#8221;0&#8243; z_index=&#8221;0&#8243;][vc_column position_horizontal=&#8221;&#8221; mobile_width=&#8221;11&#8243; shift_x=&#8221;0&#8243; shift_y=&#8221;0&#8243; z_index=&#8221;0&#8243; width=&#8221;1\/3&#8243; el_class=&#8221;mt-adapt-6&#8243;][vc_single_image media_div=&#8221;background&#8221; media=&#8221;79903&#8243; media_style=&#8221;dark&#8221; media_title_dimension=&#8221;h3&#8243; css_animation=&#8221;alpha-anim&#8221; el_class=&#8221;card-image&#8221; title=&#8221;Walking&#8221; media_link=&#8221;url:http%3A%2F%2Frotavicentina.miewstudio.com%2Ftrilhos-pedestres%2F|title:Trilhos%20pedestres%20da%20Rota%20Vicentina&#8221;][\/vc_single_image][\/vc_column][vc_column position_horizontal=&#8221;&#8221; mobile_width=&#8221;11&#8243; shift_x=&#8221;0&#8243; shift_y=&#8221;0&#8243; z_index=&#8221;0&#8243; width=&#8221;1\/3&#8243; el_class=&#8221;mt-adapt-6&#8243;][vc_single_image media_div=&#8221;background&#8221; media=&#8221;79911&#8243; media_style=&#8221;dark&#8221; media_title_dimension=&#8221;h3&#8243; css_animation=&#8221;alpha-anim&#8221; el_class=&#8221;card-image&#8221; title=&#8221;Cycling&#8221; media_link=&#8221;url:http%3A%2F%2Frotavicentina.miewstudio.com%2Fpercursos-de-bicicleta%2F|title:Percursos%20de%20bicicleta%20da%20Rota%20Vicentina&#8221;][\/vc_single_image][\/vc_column][vc_column position_horizontal=&#8221;&#8221; mobile_width=&#8221;11&#8243; shift_x=&#8221;0&#8243; shift_y=&#8221;0&#8243; z_index=&#8221;0&#8243; width=&#8221;1\/3&#8243; el_class=&#8221;mt-adapt-6&#8243;][vc_single_image media_div=&#8221;background&#8221; media=&#8221;79907&#8243; media_style=&#8221;dark&#8221; media_title_dimension=&#8221;h3&#8243; css_animation=&#8221;alpha-anim&#8221; el_class=&#8221;card-image&#8221; title=&#8221;Holidays &amp; Activities&#8221; media_link=&#8221;url:http%3A%2F%2Frotavicentina.miewstudio.com%2Fprogramas%2F|title:Programas%20e%20Actividades%20na%20Rota%20Vicentina&#8221;][\/vc_single_image][\/vc_column][\/vc_row][vc_row][vc_column width=&#8221;1\/1&#8243;][vc_custom_heading heading_semantic=&#8221;h3&#8243;]<a href=\"https:\/\/rv-stg.fera.miewstudio.com\/en\/book-with-us\/\">Book with us<\/a>[\/vc_custom_heading][\/vc_column][\/vc_row][vc_row unlock_row_content=&#8221;&#8221; row_height_percent=&#8221;0&#8243; shift_y=&#8221;0&#8243; z_index=&#8221;0&#8243; el_class=&#8221;home-reserve&#8221;][vc_column width=&#8221;5\/12&#8243;][vc_btn btn_size=&#8221;button-big&#8221; link=&#8221;url:http%3A%2F%2Frotavicentina.miewstudio.com%2Falojamentos%2F|title:Accommodations|&#8221; id=&#8221;fpuxj9w6i&#8221; icon=&#8221;icon-alojamento&#8221;]Accommodations[\/vc_btn][vc_btn btn_size=&#8221;button-big&#8221; link=&#8221;url:http%3A%2F%2Frotavicentina.miewstudio.com%2Ftransportes%2F|title:Transports|&#8221; id=&#8221;fpuxj9w5c&#8221; icon=&#8221;icon-aluguer-transporte&#8221;]Transports[\/vc_btn][vc_btn btn_size=&#8221;button-big&#8221; link=&#8221;url:http%3A%2F%2Frotavicentina.miewstudio.com%2Factividades%2F|title:Activities|&#8221; id=&#8221;fpexj9w6i&#8221; icon=&#8221;icon-atividades&#8221;]Activities[\/vc_btn][vc_btn btn_size=&#8221;button-big&#8221; link=&#8221;url:http%3A%2F%2Frotavicentina.miewstudio.com%2Frestaurantes%2F|title:Restaurants|&#8221; id=&#8221;fpuxj9w6c&#8221; icon=&#8221;icon-restaurantes&#8221;]Restaurants[\/vc_btn][vc_btn btn_size=&#8221;button-big&#8221; link=&#8221;url:http%3A%2F%2Frotavicentina.miewstudio.com%2Fprodutos-locais%2F|title:Local%20products|&#8221; id=&#8221;fpuxxsw6i&#8221; icon=&#8221;icon-loja&#8221;]Local products &amp; services[\/vc_btn][vc_btn btn_size=&#8221;button-big&#8221; link=&#8221;url:http%3A%2F%2Frotavicentina.miewstudio.com%2Fagencias-e-operadores%2F|title:Travel%20Agencies%20%26amp%3B%20Tour%20Operators|&#8221; id=&#8221;fpuxj9sei&#8221; icon=&#8221;icon-agencia-operador&#8221;]Travel Agencies &amp; Tour Operators[\/vc_btn][\/vc_column][vc_column width=&#8221;7\/12&#8243;][vc_single_image media_div=&#8221;background&#8221; media=&#8221;79931&#8243;][\/vc_single_image][vc_single_image media_div=&#8221;background&#8221; media=&#8221;79509&#8243;][\/vc_single_image][vc_single_image media_div=&#8221;background&#8221; media=&#8221;79935&#8243;][\/vc_single_image][vc_single_image media_div=&#8221;background&#8221; media=&#8221;79947&#8243;][\/vc_single_image][vc_single_image media_div=&#8221;background&#8221; media=&#8221;79943&#8243;][\/vc_single_image][vc_single_image media_div=&#8221;background&#8221; media=&#8221;79939&#8243;][\/vc_single_image][vc_single_image media_div=&#8221;background&#8221; media=&#8221;79951&#8243;][\/vc_single_image][\/vc_column][\/vc_row][vc_row unlock_row_content=&#8221;&#8221; row_height_percent=&#8221;0&#8243; override_padding=&#8221;yes&#8221; h_padding=&#8221;0&#8243; top_padding=&#8221;4&#8243; bottom_padding=&#8221;0&#8243; shift_y=&#8221;0&#8243; z_index=&#8221;0&#8243;][vc_column width=&#8221;1\/1&#8243;][vc_custom_heading heading_semantic=&#8221;h3&#8243;]<a href=\"https:\/\/blog.rotavicentina.miewstudio.com\/\" target=\"_blank\" rel=\"noopener\">Blog Rota Vicentina<\/a>[\/vc_custom_heading][\/vc_column][\/vc_row][vc_row unlock_row_content=&#8221;&#8221; row_height_percent=&#8221;0&#8243; override_padding=&#8221;yes&#8221; h_padding=&#8221;0&#8243; top_padding=&#8221;0&#8243; bottom_padding=&#8221;5&#8243; shift_y=&#8221;0&#8243; z_index=&#8221;0&#8243;][vc_column position_horizontal=&#8221;&#8221; mobile_width=&#8221;11&#8243; shift_x=&#8221;0&#8243; shift_y=&#8221;0&#8243; z_index=&#8221;0&#8243; width=&#8221;1\/3&#8243; el_class=&#8221;mt-adapt-6&#8243;][vc_single_image media_div=&#8221;background&#8221; media=&#8221;125045&#8243; media_style=&#8221;dark&#8221; media_title_dimension=&#8221;h4&#8243; css_animation=&#8221;alpha-anim&#8221; el_class=&#8221;card-image&#8221; title=&#8221;A new Board of Directors for the 2025\u20132028 term&#8221; media_link=&#8221;url:https%3A%2F%2Fblog.rotavicentina.miewstudio.com%2Fdirecao-2025-2028%2F|target:_blank&#8221;][\/vc_single_image][\/vc_column][vc_column position_horizontal=&#8221;&#8221; mobile_width=&#8221;11&#8243; shift_x=&#8221;0&#8243; shift_y=&#8221;0&#8243; z_index=&#8221;0&#8243; width=&#8221;1\/3&#8243; el_class=&#8221;mt-adapt-6&#8243;][vc_single_image media_div=&#8221;background&#8221; media=&#8221;125053&#8243; media_style=&#8221;dark&#8221; media_title_dimension=&#8221;h4&#8243; css_animation=&#8221;alpha-anim&#8221; el_class=&#8221;card-image&#8221; title=&#8221;Introducing our New Associates&#8221; media_link=&#8221;url:https%3A%2F%2Fblog.rotavicentina.miewstudio.com%2Fos-nossos-novos-associados%2F|target:_blank&#8221;][\/vc_single_image][\/vc_column][vc_column position_horizontal=&#8221;&#8221; mobile_width=&#8221;11&#8243; shift_x=&#8221;0&#8243; shift_y=&#8221;0&#8243; z_index=&#8221;0&#8243; width=&#8221;1\/3&#8243; el_class=&#8221;mt-adapt-6&#8243;][vc_single_image media_div=&#8221;background&#8221; media=&#8221;125800&#8243; media_style=&#8221;dark&#8221; media_title_dimension=&#8221;h4&#8243; css_animation=&#8221;alpha-anim&#8221; el_class=&#8221;card-image&#8221; title=&#8221;Volunteering Calendar: Autumn 2025&#8243; media_link=&#8221;url:https%3A%2F%2Fblog.rotavicentina.miewstudio.com%2Fen%2Fvolunteering-calendar-autumn-winter-2025%2F|title:Volunteering%20Calendar%3A%20Autumn%202025|target:_blank&#8221;][\/vc_single_image][\/vc_column][\/vc_row][\/vc_section][vc_row unlock_row_content=&#8221;&#8221; row_height_percent=&#8221;0&#8243; override_padding=&#8221;yes&#8221; h_padding=&#8221;0&#8243; top_padding=&#8221;3&#8243; bottom_padding=&#8221;3&#8243; shift_y=&#8221;0&#8243; z_index=&#8221;0&#8243;][vc_column width=&#8221;1\/12&#8243;][\/vc_column][vc_column position_horizontal=&#8221;&#8221; position_vertical=&#8221;d-md-flex align-items-md-center&#8221; mobile_visibility=&#8221;yes&#8221; mobile_width=&#8221;11&#8243; shift_x=&#8221;0&#8243; shift_y=&#8221;0&#8243; z_index=&#8221;0&#8243; width=&#8221;1\/3&#8243;][vc_single_image media_div=&#8221;background&#8221; media=&#8221;79881&#8243; css_animation=&#8221;masked&#8221; el_class=&#8221;mt-adapt-6 mb-adapt-6&#8243;][\/vc_single_image][\/vc_column][vc_column width=&#8221;1\/12&#8243;][\/vc_column][vc_column position_horizontal=&#8221;&#8221; position_vertical=&#8221;d-md-flex align-items-md-center&#8221; mobile_width=&#8221;11&#8243; shift_x=&#8221;0&#8243; shift_y=&#8221;0&#8243; z_index=&#8221;0&#8243; width=&#8221;5\/12&#8243;][vc_single_image media=&#8221;59414&#8243; media_width_pixel=&#8221;110px&#8221;][\/vc_single_image][vc_custom_heading heading_semantic=&#8221;h5&#8243; css_animation=&#8221;alpha-anim&#8221; el_class=&#8221;mt-adapt-3&#8243;]<a href=\"https:\/\/rv-stg.fera.miewstudio.com\/en\/responsible-travel\/\">Responsible <del><ins>Travel<\/ins><\/del><\/a>[\/vc_custom_heading][vc_column_text css_animation=&#8221;alpha-anim&#8221; el_class=&#8221;mt-adapt-4&#8243;]A place cannot be good to visit if it is not good to live in. In Rota Vicentina, we work as a local association to guide you in a journey with impact, for you, the visitor, and for us, the community.[\/vc_column_text][vc_btn btn_size=&#8221;button-big&#8221; css_animation=&#8221;alpha-anim&#8221; link=&#8221;url:http%3A%2F%2Frotavicentina.miewstudio.com%2Fturismo-responsavel%2F|title:Responsible%20Travel|&#8221; id=&#8221;xgldam3v3&#8243; el_class=&#8221;mt-adapt-6&#8243;]Find out more[\/vc_btn][\/vc_column][vc_column width=&#8221;1\/12&#8243;][\/vc_column][\/vc_row][vc_row][vc_column width=&#8221;1\/1&#8243;][miew_block id=&#8221;126&#8243;][\/vc_column][\/vc_row][vc_row unlock_row_content=&#8221;&#8221; row_height_percent=&#8221;0&#8243; shift_y=&#8221;0&#8243; z_index=&#8221;0&#8243; el_class=&#8221;modal-row&#8221;][vc_column width=&#8221;1\/1&#8243;]<div id=\"modal-video\" class=\"miew-modal\" role=\"dialog\" aria-hidden=\"true\">\n        <span class=\"close-button miew-modal-close\" aria-label=\"Close reveal\" role=\"button\" type=\"button\"><\/span>\n        <div class=\"miew-modal-content\"><div class=\"miew-modal-body\">[vc_video controls=&#8221;yes&#8221; muted=&#8221;yes&#8221; autoplay=&#8221;yes&#8221; video_link=&#8221;https:\/\/www.youtube.com\/watch?v=xnabsip_w88&#8243;]<\/div>\n\t\t\t\t<\/div>\n\t\t\t<\/div>[\/vc_column][\/vc_row]<\/p>\n<\/div>","protected":false},"excerpt":{"rendered":"<p>[vc_row unlock_row_content=&#8221;yes&#8221; row_height_percent=&#8221;85&#8243; columns_gutter=&#8221;&#8221; override_padding=&#8221;yes&#8221; h_padding=&#8221;0&#8243; top_padding=&#8221;0&#8243; bottom_padding=&#8221;2&#8243; shift_y=&#8221;0&#8243; z_index=&#8221;0&#8243; row_height_pixel=&#8221;520px&#8221;][vc_column position_horizontal=&#8221;&#8221; position_vertical=&#8221;d-md-flex align-items-md-center&#8221; align_horizontal=&#8221;text-md-center&#8221; mobile_width=&#8221;11&#8243; shift_x=&#8221;0&#8243; shift_y=&#8221;0&#8243; z_index=&#8221;0&#8243;][vc_video video_file=&#8221;79278&#8243; muted=&#8221;yes&#8221; autoplay=&#8221;yes&#8221; loop=&#8221;yes&#8221; el_class=&#8221;position-absolute h-100&#8243;][vc_row_inner unlock_row_content=&#8221;&#8221; row_height_percent=&#8221;0&#8243; shift_y=&#8221;0&#8243; z_index=&#8221;5&#8243;][vc_column_inner position_horizontal=&#8221;d-md-flex justify-content-md-center&#8221; position_vertical=&#8221;d-md-flex align-items-md-center&#8221; align_horizontal=&#8221;text-md-center&#8221; style=&#8221;dark&#8221; mobile_width=&#8221;11&#8243; shift_x=&#8221;0&#8243; shift_y=&#8221;0&#8243; z_index=&#8221;0&#8243; width=&#8221;1\/1&#8243;][vc_custom_heading heading_semantic=&#8221;h4&#8243; text_size=&#8221;h4&#8243;]Welcome to[\/vc_custom_heading][vc_custom_heading heading_semantic=&#8221;h1&#8243; text_size=&#8221;h1&#8243; el_class=&#8221;alternative-font big-title mt-adapt-4&#8243;]Rota Vicentina[\/vc_custom_heading][vc_btn display=&#8221;inline-block&#8221; btn_size=&#8221;button-big&#8221; css_animation=&#8221;alpha-anim&#8221; link=&#8221;url:%23modal-video|&#8221; id=&#8221;sr3i3ltf0&#8243; el_class=&#8221;mt-adapt-6&#8243;]Watch [&hellip;]<\/p>\n","protected":false},"author":1,"featured_media":92417,"parent":0,"menu_order":0,"comment_status":"closed","ping_status":"closed","template":"","meta":{"_acf_changed":false,"footnotes":""},"page-category":[],"class_list":["post-87432","page","type-page","status-publish","has-post-thumbnail","hentry"],"acf":[],"yoast_head":"<!-- This site is optimized with the Yoast SEO Premium plugin v19.5 (Yoast SEO v27.0) - https:\/\/yoast.com\/product\/yoast-seo-premium-wordpress\/ -->\n<title>Rota Vicentina<\/title>\n<meta name=\"description\" content=\"Hiking or cycling through Portugal Southwest Coast. Explore the Fishermen&#039;s Trail, the Historical Way or the Circular Routes of Rota Vicentina.\" \/>\n<meta name=\"robots\" content=\"noindex, follow, max-snippet:-1, max-image-preview:large, max-video-preview:-1\" \/>\n<meta property=\"og:locale\" content=\"en_US\" \/>\n<meta property=\"og:type\" content=\"article\" \/>\n<meta property=\"og:title\" content=\"Rota Vicentina\" \/>\n<meta property=\"og:description\" content=\"Hiking or cycling through Portugal Southwest Coast. Explore the Fishermen&#039;s Trail, the Historical Way or the Circular Routes of Rota Vicentina.\" \/>\n<meta property=\"og:url\" content=\"https:\/\/rv-stg.fera.miewstudio.com\/en\/\" \/>\n<meta property=\"og:site_name\" content=\"[STG] Rota Vicentina\" \/>\n<meta property=\"article:publisher\" content=\"https:\/\/www.facebook.com\/rotavicentina\" \/>\n<meta property=\"article:modified_time\" content=\"2025-10-13T15:45:32+00:00\" \/>\n<meta property=\"og:image\" content=\"https:\/\/rv-stg.fera.miewstudio.com\/wp-content\/uploads\/2023\/02\/Rota-Vicentina-SW-Portugal.jpg\" \/>\n<meta name=\"twitter:card\" content=\"summary_large_image\" \/>\n<meta name=\"twitter:title\" content=\"Rota Vicentina\" \/>\n<meta name=\"twitter:description\" content=\"Hiking or cycling through Portugal Southwest Coast. Explore the Fishermen&#039;s Trail, the Historical Way or the Circular Routes of Rota Vicentina.\" \/>\n<meta name=\"twitter:image\" content=\"https:\/\/rv-stg.fera.miewstudio.com\/wp-content\/uploads\/2023\/02\/Rota-Vicentina-SW-Portugal.jpg\" \/>\n<meta name=\"twitter:site\" content=\"@RotaVicentina\" \/>\n<meta name=\"twitter:label1\" content=\"Est. reading time\" \/>\n\t<meta name=\"twitter:data1\" content=\"6 minutes\" \/>\n<script type=\"application\/ld+json\" class=\"yoast-schema-graph\">{\"@context\":\"https:\/\/schema.org\",\"@graph\":[{\"@type\":\"WebPage\",\"@id\":\"https:\/\/rv-stg.fera.miewstudio.com\/en\/\",\"url\":\"https:\/\/rv-stg.fera.miewstudio.com\/en\/\",\"name\":\"Rota Vicentina\",\"isPartOf\":{\"@id\":\"https:\/\/rv-stg.fera.miewstudio.com\/en\/#website\"},\"primaryImageOfPage\":{\"@id\":\"https:\/\/rv-stg.fera.miewstudio.com\/en\/#primaryimage\"},\"image\":{\"@id\":\"https:\/\/rv-stg.fera.miewstudio.com\/en\/#primaryimage\"},\"thumbnailUrl\":\"https:\/\/rv-stg.fera.miewstudio.com\/wp-content\/uploads\/2023\/02\/Rota-Vicentina-SW-Portugal.jpg\",\"datePublished\":\"2021-11-09T09:53:35+00:00\",\"dateModified\":\"2025-10-13T15:45:32+00:00\",\"description\":\"Hiking or cycling through Portugal Southwest Coast. Explore the Fishermen's Trail, the Historical Way or the Circular Routes of Rota Vicentina.\",\"inLanguage\":\"en-US\",\"potentialAction\":[{\"@type\":\"ReadAction\",\"target\":[\"https:\/\/rv-stg.fera.miewstudio.com\/en\/\"]}]},{\"@type\":\"ImageObject\",\"inLanguage\":\"en-US\",\"@id\":\"https:\/\/rv-stg.fera.miewstudio.com\/en\/#primaryimage\",\"url\":\"https:\/\/rv-stg.fera.miewstudio.com\/wp-content\/uploads\/2023\/02\/Rota-Vicentina-SW-Portugal.jpg\",\"contentUrl\":\"https:\/\/rv-stg.fera.miewstudio.com\/wp-content\/uploads\/2023\/02\/Rota-Vicentina-SW-Portugal.jpg\",\"width\":852,\"height\":480,\"caption\":\"Logo Rota Vicentina SW Portugal\"},{\"@type\":\"WebSite\",\"@id\":\"https:\/\/rv-stg.fera.miewstudio.com\/en\/#website\",\"url\":\"https:\/\/rv-stg.fera.miewstudio.com\/en\/\",\"name\":\"[STG] Rota Vicentina\",\"description\":\"A p\u00e9 pelo Trilho dos Pescadores, Caminho Hist\u00f3rico ou Percursos Circulares ou v\u00e1 de bicicleta pelos mais de 1000km de Trilhos de Bicicleta na Rota Vicentina.\",\"publisher\":{\"@id\":\"https:\/\/rv-stg.fera.miewstudio.com\/en\/#organization\"},\"potentialAction\":[{\"@type\":\"SearchAction\",\"target\":{\"@type\":\"EntryPoint\",\"urlTemplate\":\"https:\/\/rv-stg.fera.miewstudio.com\/en\/?s={search_term_string}\"},\"query-input\":{\"@type\":\"PropertyValueSpecification\",\"valueRequired\":true,\"valueName\":\"search_term_string\"}}],\"inLanguage\":\"en-US\"},{\"@type\":\"Organization\",\"@id\":\"https:\/\/rv-stg.fera.miewstudio.com\/en\/#organization\",\"name\":\"[STG] Rota Vicentina\",\"url\":\"https:\/\/rv-stg.fera.miewstudio.com\/en\/\",\"logo\":{\"@type\":\"ImageObject\",\"inLanguage\":\"en-US\",\"@id\":\"https:\/\/rv-stg.fera.miewstudio.com\/en\/#\/schema\/logo\/image\/\",\"url\":\"https:\/\/rv-stg.fera.miewstudio.com\/wp-content\/uploads\/2023\/02\/Rota-Vicentina-SW-Portugal.jpg\",\"contentUrl\":\"https:\/\/rv-stg.fera.miewstudio.com\/wp-content\/uploads\/2023\/02\/Rota-Vicentina-SW-Portugal.jpg\",\"width\":\"852\",\"height\":\"480\",\"caption\":\"[STG] Rota Vicentina\"},\"image\":{\"@id\":\"https:\/\/rv-stg.fera.miewstudio.com\/en\/#\/schema\/logo\/image\/\"},\"sameAs\":[\"https:\/\/www.facebook.com\/rotavicentina\",\"https:\/\/x.com\/RotaVicentina\",\"https:\/\/www.instagram.com\/rotavicentina\/\",\"https:\/\/pt.linkedin.com\/company\/rota-vicentina\"]}]}<\/script>\n<!-- \/ Yoast SEO Premium plugin. -->","yoast_head_json":{"title":"Rota Vicentina","description":"Hiking or cycling through Portugal Southwest Coast. Explore the Fishermen's Trail, the Historical Way or the Circular Routes of Rota Vicentina.","robots":{"index":"noindex","follow":"follow","max-snippet":"max-snippet:-1","max-image-preview":"max-image-preview:large","max-video-preview":"max-video-preview:-1"},"og_locale":"en_US","og_type":"article","og_title":"Rota Vicentina","og_description":"Hiking or cycling through Portugal Southwest Coast. Explore the Fishermen's Trail, the Historical Way or the Circular Routes of Rota Vicentina.","og_url":"https:\/\/rv-stg.fera.miewstudio.com\/en\/","og_site_name":"[STG] Rota Vicentina","article_publisher":"https:\/\/www.facebook.com\/rotavicentina","article_modified_time":"2025-10-13T15:45:32+00:00","og_image":[{"url":"https:\/\/rv-stg.fera.miewstudio.com\/wp-content\/uploads\/2023\/02\/Rota-Vicentina-SW-Portugal.jpg","type":"","width":"","height":""}],"twitter_card":"summary_large_image","twitter_title":"Rota Vicentina","twitter_description":"Hiking or cycling through Portugal Southwest Coast. Explore the Fishermen's Trail, the Historical Way or the Circular Routes of Rota Vicentina.","twitter_image":"https:\/\/rv-stg.fera.miewstudio.com\/wp-content\/uploads\/2023\/02\/Rota-Vicentina-SW-Portugal.jpg","twitter_site":"@RotaVicentina","twitter_misc":{"Est. reading time":"6 minutes"},"schema":{"@context":"https:\/\/schema.org","@graph":[{"@type":"WebPage","@id":"https:\/\/rv-stg.fera.miewstudio.com\/en\/","url":"https:\/\/rv-stg.fera.miewstudio.com\/en\/","name":"Rota Vicentina","isPartOf":{"@id":"https:\/\/rv-stg.fera.miewstudio.com\/en\/#website"},"primaryImageOfPage":{"@id":"https:\/\/rv-stg.fera.miewstudio.com\/en\/#primaryimage"},"image":{"@id":"https:\/\/rv-stg.fera.miewstudio.com\/en\/#primaryimage"},"thumbnailUrl":"https:\/\/rv-stg.fera.miewstudio.com\/wp-content\/uploads\/2023\/02\/Rota-Vicentina-SW-Portugal.jpg","datePublished":"2021-11-09T09:53:35+00:00","dateModified":"2025-10-13T15:45:32+00:00","description":"Hiking or cycling through Portugal Southwest Coast. Explore the Fishermen's Trail, the Historical Way or the Circular Routes of Rota Vicentina.","inLanguage":"en-US","potentialAction":[{"@type":"ReadAction","target":["https:\/\/rv-stg.fera.miewstudio.com\/en\/"]}]},{"@type":"ImageObject","inLanguage":"en-US","@id":"https:\/\/rv-stg.fera.miewstudio.com\/en\/#primaryimage","url":"https:\/\/rv-stg.fera.miewstudio.com\/wp-content\/uploads\/2023\/02\/Rota-Vicentina-SW-Portugal.jpg","contentUrl":"https:\/\/rv-stg.fera.miewstudio.com\/wp-content\/uploads\/2023\/02\/Rota-Vicentina-SW-Portugal.jpg","width":852,"height":480,"caption":"Logo Rota Vicentina SW Portugal"},{"@type":"WebSite","@id":"https:\/\/rv-stg.fera.miewstudio.com\/en\/#website","url":"https:\/\/rv-stg.fera.miewstudio.com\/en\/","name":"[STG] Rota Vicentina","description":"A p\u00e9 pelo Trilho dos Pescadores, Caminho Hist\u00f3rico ou Percursos Circulares ou v\u00e1 de bicicleta pelos mais de 1000km de Trilhos de Bicicleta na Rota Vicentina.","publisher":{"@id":"https:\/\/rv-stg.fera.miewstudio.com\/en\/#organization"},"potentialAction":[{"@type":"SearchAction","target":{"@type":"EntryPoint","urlTemplate":"https:\/\/rv-stg.fera.miewstudio.com\/en\/?s={search_term_string}"},"query-input":{"@type":"PropertyValueSpecification","valueRequired":true,"valueName":"search_term_string"}}],"inLanguage":"en-US"},{"@type":"Organization","@id":"https:\/\/rv-stg.fera.miewstudio.com\/en\/#organization","name":"[STG] Rota Vicentina","url":"https:\/\/rv-stg.fera.miewstudio.com\/en\/","logo":{"@type":"ImageObject","inLanguage":"en-US","@id":"https:\/\/rv-stg.fera.miewstudio.com\/en\/#\/schema\/logo\/image\/","url":"https:\/\/rv-stg.fera.miewstudio.com\/wp-content\/uploads\/2023\/02\/Rota-Vicentina-SW-Portugal.jpg","contentUrl":"https:\/\/rv-stg.fera.miewstudio.com\/wp-content\/uploads\/2023\/02\/Rota-Vicentina-SW-Portugal.jpg","width":"852","height":"480","caption":"[STG] Rota Vicentina"},"image":{"@id":"https:\/\/rv-stg.fera.miewstudio.com\/en\/#\/schema\/logo\/image\/"},"sameAs":["https:\/\/www.facebook.com\/rotavicentina","https:\/\/x.com\/RotaVicentina","https:\/\/www.instagram.com\/rotavicentina\/","https:\/\/pt.linkedin.com\/company\/rota-vicentina"]}]}},"_links":{"self":[{"href":"https:\/\/rv-stg.fera.miewstudio.com\/en\/wp-json\/wp\/v2\/pages\/87432","targetHints":{"allow":["GET"]}}],"collection":[{"href":"https:\/\/rv-stg.fera.miewstudio.com\/en\/wp-json\/wp\/v2\/pages"}],"about":[{"href":"https:\/\/rv-stg.fera.miewstudio.com\/en\/wp-json\/wp\/v2\/types\/page"}],"author":[{"embeddable":true,"href":"https:\/\/rv-stg.fera.miewstudio.com\/en\/wp-json\/wp\/v2\/users\/1"}],"replies":[{"embeddable":true,"href":"https:\/\/rv-stg.fera.miewstudio.com\/en\/wp-json\/wp\/v2\/comments?post=87432"}],"version-history":[{"count":0,"href":"https:\/\/rv-stg.fera.miewstudio.com\/en\/wp-json\/wp\/v2\/pages\/87432\/revisions"}],"wp:featuredmedia":[{"embeddable":true,"href":"https:\/\/rv-stg.fera.miewstudio.com\/en\/wp-json\/wp\/v2\/media\/92417"}],"wp:attachment":[{"href":"https:\/\/rv-stg.fera.miewstudio.com\/en\/wp-json\/wp\/v2\/media?parent=87432"}],"wp:term":[{"taxonomy":"page-category","embeddable":true,"href":"https:\/\/rv-stg.fera.miewstudio.com\/en\/wp-json\/wp\/v2\/page-category?post=87432"}],"curies":[{"name":"wp","href":"https:\/\/api.w.org\/{rel}","templated":true}]}}