{"id":80493,"date":"2022-11-28T12:35:56","date_gmt":"2022-11-28T12:35:56","guid":{"rendered":"https:\/\/rotavicentina.miewstudio.com\/responsible-travel\/"},"modified":"2023-01-17T13:53:32","modified_gmt":"2023-01-17T13:53:32","slug":"responsible-travel","status":"publish","type":"page","link":"https:\/\/rv-stg.fera.miewstudio.com\/en\/responsible-travel\/","title":{"rendered":"Responsible Travel"},"content":{"rendered":"<div class=\"wpb-content-wrapper\"><p>[vc_row unlock_row_content=&#8221;&#8221; row_height_percent=&#8221;0&#8243; back_image=&#8221;79175&#8243; shift_y=&#8221;0&#8243; z_index=&#8221;0&#8243; row_height_pixel=&#8221;465px&#8221;][vc_column position_horizontal=&#8221;&#8221; position_vertical=&#8221;d-md-flex align-items-md-end&#8221; style=&#8221;dark&#8221; mobile_width=&#8221;11&#8243; shift_x=&#8221;0&#8243; shift_y=&#8221;0&#8243; z_index=&#8221;0&#8243; width=&#8221;1\/1&#8243;][vc_custom_heading auto_text=&#8221;yes&#8221; heading_semantic=&#8221;h1&#8243; text_size=&#8221;&#8221; el_class=&#8221;alternative-font big-title&#8221;]Responsible Travel[\/vc_custom_heading][\/vc_column][\/vc_row][vc_row unlock_row_content=&#8221;&#8221; row_height_percent=&#8221;0&#8243; override_padding=&#8221;yes&#8221; h_padding=&#8221;0&#8243; top_padding=&#8221;4&#8243; bottom_padding=&#8221;4&#8243; shift_y=&#8221;0&#8243; z_index=&#8221;0&#8243;][vc_column width=&#8221;5\/12&#8243;][vc_custom_heading text_size=&#8221;h3&#8243; css_animation=&#8221;alpha-anim&#8221;]The great journey of the human being today is an inward one.[\/vc_custom_heading][\/vc_column][vc_column width=&#8221;7\/12&#8243;][vc_column_text]In Rota Vicentina, we work as a local association to guide you in a journey with impact, for you, the visitor, and for us, the community.[\/vc_column_text][\/vc_column][\/vc_row][vc_section back_color=&#8221;#ffffff&#8221;][vc_row unlock_row_content=&#8221;&#8221; row_height_percent=&#8221;0&#8243; override_padding=&#8221;yes&#8221; h_padding=&#8221;0&#8243; top_padding=&#8221;2&#8243; bottom_padding=&#8221;1&#8243; shift_y=&#8221;0&#8243; z_index=&#8221;0&#8243;][vc_column position_horizontal=&#8221;&#8221; mobile_width=&#8221;11&#8243; shift_x=&#8221;0&#8243; shift_y=&#8221;0&#8243; z_index=&#8221;0&#8243; width=&#8221;1\/3&#8243; el_class=&#8221;pt-adapt-6&#8243;][vc_single_image media=&#8221;235&#8243; media_link=&#8221;url:https%3A%2F%2Frotavicentina.miewstudio.com%2Fid%2F|target:_blank|rel:nofollow&#8221; media_width_pixel=&#8221;110px&#8221; el_class=&#8221;d-inline-block footer-logos&#8221;][\/vc_single_image][vc_single_image media=&#8221;239&#8243; media_link=&#8221;url:http%3A%2F%2Frotavicentina.miewstudio.com%2Fturismo-responsavel%2F|title:Turismo%20Respons%C3%A1vel|rel:nofollow&#8221; media_width_pixel=&#8221;110px&#8221; el_class=&#8221;d-inline-block footer-logos&#8221;][\/vc_single_image][vc_single_image media=&#8221;240&#8243; media_link=&#8221;url:https%3A%2F%2Frotavicentina.miewstudio.com%2Freserve-connosco%2F|target:_blank|rel:nofollow&#8221; media_width_pixel=&#8221;110px&#8221; el_class=&#8221;d-inline-block footer-logos&#8221;][\/vc_single_image][\/vc_column][vc_column width=&#8221;1\/12&#8243;][\/vc_column][vc_column position_horizontal=&#8221;&#8221; mobile_width=&#8221;11&#8243; shift_x=&#8221;0&#8243; shift_y=&#8221;0&#8243; z_index=&#8221;0&#8243; width=&#8221;1\/2&#8243; el_class=&#8221;pt-adapt-6&#8243;][vc_custom_heading heading_semantic=&#8221;h3&#8243; text_size=&#8221;h3&#8243; text_weight=&#8221;font-weight-bold&#8221;]<em>Embrace \u2013 Protect \u2013 Support<\/em>[\/vc_custom_heading][vc_column_text el_class=&#8221;mt-adapt-4&#8243;]A place cannot be good to visit if it is not good to live in. That&#8217;s why, in Rota Vicentina, we want everyone to be equally responsible for this territory, those who live here and those who are visiting. Embracing the community, protecting the landscape, and supporting local businesses is a common mission that is important to share:[\/vc_column_text][\/vc_column][vc_column width=&#8221;1\/12&#8243;][\/vc_column][\/vc_row][vc_row unlock_row_content=&#8221;&#8221; row_height_percent=&#8221;0&#8243; override_padding=&#8221;yes&#8221; h_padding=&#8221;0&#8243; top_padding=&#8221;4&#8243; bottom_padding=&#8221;4&#8243; shift_y=&#8221;0&#8243; z_index=&#8221;0&#8243; back_color=&#8221;#ffffff&#8221;][vc_column width=&#8221;1\/1&#8243;][vc_tabs heading_semantic=&#8221;p&#8221; text_size=&#8221;&#8221; vertical=&#8221;yes&#8221; el_class=&#8221;styled&#8221;][vc_tab title=&#8221;Embracing the community&#8221; tab_id=&#8221;1669369263-1-20&#8243;][vc_column_text el_class=&#8221;mt-adapt-4&#8243;]A place cannot be good to visit if it is not good to live in. And to live in this area doesn\u2019t only mean to wake up here every morning; it also means to be responsible for it, to belong to a community that makes this place what it is today and that makes it possible to be visited in a safe and comfortable way.<\/p>\n<p>Be open by sharing experiences, learn about the local way of living. Choose activities provided by the community. You\u2019ll be amazed on how much you would be missing otherwise!<\/p>\n<p>Get away from the crowds on the coast by spreading along the region. The region is alive and needs to be cherished. There are amazing treasures hidden everywhere and local people will really welcome you behind the hill.[\/vc_column_text][\/vc_tab][vc_tab title=&#8221;Protect the environment&#8221; tab_id=&#8221;1669369263-2-24&#8243;][vc_column_text el_class=&#8221;mt-adapt-4&#8243;]Rota Vicentina is based on a Natural Park, and its protection is challenging. It has amazing untouched landscapes living side by side with agriculture, villages, local businesses and tourism. It takes everyone\u2019s care and awareness to preserve this unique region.<\/p>\n<p>Follow the trails. They were carefully marked not only to show you the right way, but also to protect the natural habitat of hundreds of animals and plants of the region.<\/p>\n<p>Rota Vicentina is so much more then breath-taking cliffs. Take a look at the Fishermen\u2019s Trail, but take your time in the Historical Way and the Circular Routes. Every step is a travel in time, with untouched landscapes and villages.<\/p>\n<p>Leave no trace, just your grace. We work hard to keep this region unspoiled. Do your part by leaving everything as you find it, natural and beautiful. In every step, in every smile, just leave the best part of you. Learn more here.<\/p>\n<p>Locals are more and more alert to the importance of protecting the environment. But we also need visitors to take this pledge. Step forward and take your place in this ecosystem![\/vc_column_text][\/vc_tab][vc_tab title=&#8221;Supporting local businesses&#8221; tab_id=&#8221;1669369325873-2-2&#8243;][vc_column_text el_class=&#8221;mt-adapt-4&#8243;]People own the land, they make their living from it. Visitors can contribute by choosing to shop locally and preferring local products.<\/p>\n<p>Get to know the endogenous products and services that support local identity and the environment.<\/p>\n<p>Choose the businesses that are partners of Rota Vicentina. They are investing for many years to provide you the best quality trails, besides dedicated facilities!<\/p>\n<p>Choose quality over quantity. Local businesses are trying to align with the global urgency of reducing impact and levelling everyone\u2019s conditions[\/vc_column_text][\/vc_tab][\/vc_tabs][\/vc_column][\/vc_row][\/vc_section][vc_row unlock_row_content=&#8221;&#8221; row_height_percent=&#8221;0&#8243; override_padding=&#8221;yes&#8221; h_padding=&#8221;0&#8243; top_padding=&#8221;4&#8243; bottom_padding=&#8221;0&#8243; shift_y=&#8221;0&#8243; z_index=&#8221;0&#8243;][vc_column width=&#8221;1\/2&#8243;][vc_custom_heading text_size=&#8221;h3&#8243; css_animation=&#8221;alpha-anim&#8221; el_class=&#8221;title-stroked&#8221;]How does Rota Vicentina contribute to <del><ins>Responsible Travel<\/ins><\/del> in the region?[\/vc_custom_heading][\/vc_column][vc_column width=&#8221;1\/2&#8243;][\/vc_column][\/vc_row][vc_row unlock_row_content=&#8221;&#8221; row_height_percent=&#8221;0&#8243; override_padding=&#8221;yes&#8221; h_padding=&#8221;0&#8243; top_padding=&#8221;0&#8243; bottom_padding=&#8221;1&#8243; shift_y=&#8221;0&#8243; z_index=&#8221;0&#8243;][vc_column width=&#8221;1\/4&#8243;][vc_single_image media_div=&#8221;background&#8221; media=&#8221;79179&#8243; media_title_dimension=&#8221;h4&#8243; media_title_weight=&#8221;font-weight-bold&#8221; title=&#8221;Local Guides Course&#8221; media_link=&#8221;url:https%3A%2F%2Fblog.rotavicentina.miewstudio.com%2Fcurso-guias-2022%2F|title:Turismo%20Respons%C3%A1vel|target:_blank&#8221; el_class=&#8221;cards-blurb mt-adapt-6&#8243;]In the first edition of the Responsible Tourism Course for Local Guides, the themes &#8220;Ethics&#8221; and &#8220;Affectivity&#8221; in Tourism played a key role in defining the basic concepts.[\/vc_single_image][\/vc_column][vc_column width=&#8221;1\/4&#8243;][vc_single_image media_div=&#8221;background&#8221; media=&#8221;79567&#8243; media_title_dimension=&#8221;h4&#8243; media_title_weight=&#8221;font-weight-bold&#8221; title=&#8221;Manifesto&#8221; media_link=&#8221;url:https%3A%2F%2Fyoutu.be%2FKLv91a4hx4g|title:Manifesto%20Rota%20Vicentina|target:_blank&#8221; el_class=&#8221;cards-blurb mt-adapt-6&#8243;]A message that gives voice to the path we want to follow, to the movement that is underway in the Southwest.[\/vc_single_image][\/vc_column][vc_column width=&#8221;1\/4&#8243;][vc_single_image media_div=&#8221;background&#8221; media=&#8221;79170&#8243; media_title_dimension=&#8221;h4&#8243; media_title_weight=&#8221;font-weight-bold&#8221; title=&#8221;Volunteering&#8221; media_link=&#8221;url:https%3A%2F%2Fblog.rotavicentina.miewstudio.com%2Ftag%2Fvoluntariado%2F|title:Voluntariado|target:_blank&#8221; el_class=&#8221;cards-blurb mt-adapt-6&#8243;]Since day one, the maintenance of the Walking Trails has been carried out with the support of volunteers, as a way of making the community co-responsible for a project and an infrastructure of public interest and thus guaranteeing its future.[\/vc_single_image][\/vc_column][vc_column width=&#8221;1\/4&#8243;][vc_single_image media_div=&#8221;background&#8221; media=&#8221;79571&#8243; media_title_dimension=&#8221;h4&#8243; media_title_weight=&#8221;font-weight-bold&#8221; title=&#8221;Monitoring the impact&#8221; media_link=&#8221;url:http%3A%2F%2Frotavicentina.miewstudio.com%2Fimpacto-na-regiao%2F|title:Impacto%20na%20regi%C3%A3o|target:_blank&#8221; el_class=&#8221;cards-blurb mt-adapt-6&#8243;]The ecological and socio-economic impact of the Rota Vicentina is measured regularly since year zero, with quantitative and qualitative approaches; the economic impact takes into account the percentage of endogenous and qualified economy.[\/vc_single_image][\/vc_column][\/vc_row][vc_row][vc_column width=&#8221;1\/1&#8243;][miew_block id=&#8221;126&#8243;][\/vc_column][\/vc_row]<\/p>\n<\/div>","protected":false},"excerpt":{"rendered":"<p>[vc_row unlock_row_content=&#8221;&#8221; row_height_percent=&#8221;0&#8243; back_image=&#8221;79175&#8243; shift_y=&#8221;0&#8243; z_index=&#8221;0&#8243; row_height_pixel=&#8221;465px&#8221;][vc_column position_horizontal=&#8221;&#8221; position_vertical=&#8221;d-md-flex align-items-md-end&#8221; style=&#8221;dark&#8221; mobile_width=&#8221;11&#8243; shift_x=&#8221;0&#8243; shift_y=&#8221;0&#8243; z_index=&#8221;0&#8243; width=&#8221;1\/1&#8243;][vc_custom_heading auto_text=&#8221;yes&#8221; heading_semantic=&#8221;h1&#8243; text_size=&#8221;&#8221; el_class=&#8221;alternative-font big-title&#8221;]Responsible Travel[\/vc_custom_heading][\/vc_column][\/vc_row][vc_row unlock_row_content=&#8221;&#8221; row_height_percent=&#8221;0&#8243; override_padding=&#8221;yes&#8221; h_padding=&#8221;0&#8243; top_padding=&#8221;4&#8243; bottom_padding=&#8221;4&#8243; shift_y=&#8221;0&#8243; z_index=&#8221;0&#8243;][vc_column width=&#8221;5\/12&#8243;][vc_custom_heading text_size=&#8221;h3&#8243; css_animation=&#8221;alpha-anim&#8221;]The great journey of the human being today is an inward one.[\/vc_custom_heading][\/vc_column][vc_column width=&#8221;7\/12&#8243;][vc_column_text]In Rota Vicentina, we work as a local association to guide [&hellip;]<\/p>\n","protected":false},"author":1,"featured_media":0,"parent":0,"menu_order":0,"comment_status":"closed","ping_status":"closed","template":"","meta":{"_acf_changed":false,"footnotes":""},"page-category":[],"class_list":["post-80493","page","type-page","status-publish","hentry"],"acf":[],"yoast_head":"<!-- This site is optimized with the Yoast SEO Premium plugin v19.5 (Yoast SEO v27.0) - https:\/\/yoast.com\/product\/yoast-seo-premium-wordpress\/ -->\n<title>Responsible Travel - [STG] Rota Vicentina<\/title>\n<meta name=\"robots\" content=\"noindex, follow, max-snippet:-1, max-image-preview:large, max-video-preview:-1\" \/>\n<meta property=\"og:locale\" content=\"en_US\" \/>\n<meta property=\"og:type\" content=\"article\" \/>\n<meta property=\"og:title\" content=\"Responsible Travel - [STG] Rota Vicentina\" \/>\n<meta property=\"og:description\" content=\"[vc_row unlock_row_content=&#8221;&#8221; row_height_percent=&#8221;0&#8243; back_image=&#8221;79175&#8243; shift_y=&#8221;0&#8243; z_index=&#8221;0&#8243; row_height_pixel=&#8221;465px&#8221;][vc_column position_horizontal=&#8221;&#8221; position_vertical=&#8221;d-md-flex align-items-md-end&#8221; style=&#8221;dark&#8221; mobile_width=&#8221;11&#8243; shift_x=&#8221;0&#8243; shift_y=&#8221;0&#8243; z_index=&#8221;0&#8243; width=&#8221;1\/1&#8243;][vc_custom_heading auto_text=&#8221;yes&#8221; heading_semantic=&#8221;h1&#8243; text_size=&#8221;&#8221; el_class=&#8221;alternative-font big-title&#8221;]Responsible Travel[\/vc_custom_heading][\/vc_column][\/vc_row][vc_row unlock_row_content=&#8221;&#8221; row_height_percent=&#8221;0&#8243; override_padding=&#8221;yes&#8221; h_padding=&#8221;0&#8243; top_padding=&#8221;4&#8243; bottom_padding=&#8221;4&#8243; shift_y=&#8221;0&#8243; z_index=&#8221;0&#8243;][vc_column width=&#8221;5\/12&#8243;][vc_custom_heading text_size=&#8221;h3&#8243; css_animation=&#8221;alpha-anim&#8221;]The great journey of the human being today is an inward one.[\/vc_custom_heading][\/vc_column][vc_column width=&#8221;7\/12&#8243;][vc_column_text]In Rota Vicentina, we work as a local association to guide [&hellip;]\" \/>\n<meta property=\"og:url\" content=\"https:\/\/rv-stg.fera.miewstudio.com\/en\/responsible-travel\/\" \/>\n<meta property=\"og:site_name\" content=\"[STG] Rota Vicentina\" \/>\n<meta property=\"article:publisher\" content=\"https:\/\/www.facebook.com\/rotavicentina\" \/>\n<meta property=\"article:modified_time\" content=\"2023-01-17T13:53:32+00:00\" \/>\n<meta name=\"twitter:card\" content=\"summary_large_image\" \/>\n<meta name=\"twitter:site\" content=\"@RotaVicentina\" \/>\n<meta name=\"twitter:label1\" content=\"Est. reading time\" \/>\n\t<meta name=\"twitter:data1\" content=\"7 minutes\" \/>\n<script type=\"application\/ld+json\" class=\"yoast-schema-graph\">{\"@context\":\"https:\/\/schema.org\",\"@graph\":[{\"@type\":\"WebPage\",\"@id\":\"https:\/\/rv-stg.fera.miewstudio.com\/en\/responsible-travel\/\",\"url\":\"https:\/\/rv-stg.fera.miewstudio.com\/en\/responsible-travel\/\",\"name\":\"Responsible Travel - [STG] Rota Vicentina\",\"isPartOf\":{\"@id\":\"https:\/\/rv-stg.fera.miewstudio.com\/en\/#website\"},\"datePublished\":\"2022-11-28T12:35:56+00:00\",\"dateModified\":\"2023-01-17T13:53:32+00:00\",\"inLanguage\":\"en-US\",\"potentialAction\":[{\"@type\":\"ReadAction\",\"target\":[\"https:\/\/rv-stg.fera.miewstudio.com\/en\/responsible-travel\/\"]}]},{\"@type\":\"WebSite\",\"@id\":\"https:\/\/rv-stg.fera.miewstudio.com\/en\/#website\",\"url\":\"https:\/\/rv-stg.fera.miewstudio.com\/en\/\",\"name\":\"[STG] Rota Vicentina\",\"description\":\"A p\u00e9 pelo Trilho dos Pescadores, Caminho Hist\u00f3rico ou Percursos Circulares ou v\u00e1 de bicicleta pelos mais de 1000km de Trilhos de Bicicleta na Rota Vicentina.\",\"publisher\":{\"@id\":\"https:\/\/rv-stg.fera.miewstudio.com\/en\/#organization\"},\"potentialAction\":[{\"@type\":\"SearchAction\",\"target\":{\"@type\":\"EntryPoint\",\"urlTemplate\":\"https:\/\/rv-stg.fera.miewstudio.com\/en\/?s={search_term_string}\"},\"query-input\":{\"@type\":\"PropertyValueSpecification\",\"valueRequired\":true,\"valueName\":\"search_term_string\"}}],\"inLanguage\":\"en-US\"},{\"@type\":\"Organization\",\"@id\":\"https:\/\/rv-stg.fera.miewstudio.com\/en\/#organization\",\"name\":\"[STG] Rota Vicentina\",\"url\":\"https:\/\/rv-stg.fera.miewstudio.com\/en\/\",\"logo\":{\"@type\":\"ImageObject\",\"inLanguage\":\"en-US\",\"@id\":\"https:\/\/rv-stg.fera.miewstudio.com\/en\/#\/schema\/logo\/image\/\",\"url\":\"https:\/\/rv-stg.fera.miewstudio.com\/wp-content\/uploads\/2023\/02\/Rota-Vicentina-SW-Portugal.jpg\",\"contentUrl\":\"https:\/\/rv-stg.fera.miewstudio.com\/wp-content\/uploads\/2023\/02\/Rota-Vicentina-SW-Portugal.jpg\",\"width\":\"852\",\"height\":\"480\",\"caption\":\"[STG] Rota Vicentina\"},\"image\":{\"@id\":\"https:\/\/rv-stg.fera.miewstudio.com\/en\/#\/schema\/logo\/image\/\"},\"sameAs\":[\"https:\/\/www.facebook.com\/rotavicentina\",\"https:\/\/x.com\/RotaVicentina\",\"https:\/\/www.instagram.com\/rotavicentina\/\",\"https:\/\/pt.linkedin.com\/company\/rota-vicentina\"]}]}<\/script>\n<!-- \/ Yoast SEO Premium plugin. -->","yoast_head_json":{"title":"Responsible Travel - [STG] Rota Vicentina","robots":{"index":"noindex","follow":"follow","max-snippet":"max-snippet:-1","max-image-preview":"max-image-preview:large","max-video-preview":"max-video-preview:-1"},"og_locale":"en_US","og_type":"article","og_title":"Responsible Travel - [STG] Rota Vicentina","og_description":"[vc_row unlock_row_content=&#8221;&#8221; row_height_percent=&#8221;0&#8243; back_image=&#8221;79175&#8243; shift_y=&#8221;0&#8243; z_index=&#8221;0&#8243; row_height_pixel=&#8221;465px&#8221;][vc_column position_horizontal=&#8221;&#8221; position_vertical=&#8221;d-md-flex align-items-md-end&#8221; style=&#8221;dark&#8221; mobile_width=&#8221;11&#8243; shift_x=&#8221;0&#8243; shift_y=&#8221;0&#8243; z_index=&#8221;0&#8243; width=&#8221;1\/1&#8243;][vc_custom_heading auto_text=&#8221;yes&#8221; heading_semantic=&#8221;h1&#8243; text_size=&#8221;&#8221; el_class=&#8221;alternative-font big-title&#8221;]Responsible Travel[\/vc_custom_heading][\/vc_column][\/vc_row][vc_row unlock_row_content=&#8221;&#8221; row_height_percent=&#8221;0&#8243; override_padding=&#8221;yes&#8221; h_padding=&#8221;0&#8243; top_padding=&#8221;4&#8243; bottom_padding=&#8221;4&#8243; shift_y=&#8221;0&#8243; z_index=&#8221;0&#8243;][vc_column width=&#8221;5\/12&#8243;][vc_custom_heading text_size=&#8221;h3&#8243; css_animation=&#8221;alpha-anim&#8221;]The great journey of the human being today is an inward one.[\/vc_custom_heading][\/vc_column][vc_column width=&#8221;7\/12&#8243;][vc_column_text]In Rota Vicentina, we work as a local association to guide [&hellip;]","og_url":"https:\/\/rv-stg.fera.miewstudio.com\/en\/responsible-travel\/","og_site_name":"[STG] Rota Vicentina","article_publisher":"https:\/\/www.facebook.com\/rotavicentina","article_modified_time":"2023-01-17T13:53:32+00:00","twitter_card":"summary_large_image","twitter_site":"@RotaVicentina","twitter_misc":{"Est. reading time":"7 minutes"},"schema":{"@context":"https:\/\/schema.org","@graph":[{"@type":"WebPage","@id":"https:\/\/rv-stg.fera.miewstudio.com\/en\/responsible-travel\/","url":"https:\/\/rv-stg.fera.miewstudio.com\/en\/responsible-travel\/","name":"Responsible Travel - [STG] Rota Vicentina","isPartOf":{"@id":"https:\/\/rv-stg.fera.miewstudio.com\/en\/#website"},"datePublished":"2022-11-28T12:35:56+00:00","dateModified":"2023-01-17T13:53:32+00:00","inLanguage":"en-US","potentialAction":[{"@type":"ReadAction","target":["https:\/\/rv-stg.fera.miewstudio.com\/en\/responsible-travel\/"]}]},{"@type":"WebSite","@id":"https:\/\/rv-stg.fera.miewstudio.com\/en\/#website","url":"https:\/\/rv-stg.fera.miewstudio.com\/en\/","name":"[STG] Rota Vicentina","description":"A p\u00e9 pelo Trilho dos Pescadores, Caminho Hist\u00f3rico ou Percursos Circulares ou v\u00e1 de bicicleta pelos mais de 1000km de Trilhos de Bicicleta na Rota Vicentina.","publisher":{"@id":"https:\/\/rv-stg.fera.miewstudio.com\/en\/#organization"},"potentialAction":[{"@type":"SearchAction","target":{"@type":"EntryPoint","urlTemplate":"https:\/\/rv-stg.fera.miewstudio.com\/en\/?s={search_term_string}"},"query-input":{"@type":"PropertyValueSpecification","valueRequired":true,"valueName":"search_term_string"}}],"inLanguage":"en-US"},{"@type":"Organization","@id":"https:\/\/rv-stg.fera.miewstudio.com\/en\/#organization","name":"[STG] Rota Vicentina","url":"https:\/\/rv-stg.fera.miewstudio.com\/en\/","logo":{"@type":"ImageObject","inLanguage":"en-US","@id":"https:\/\/rv-stg.fera.miewstudio.com\/en\/#\/schema\/logo\/image\/","url":"https:\/\/rv-stg.fera.miewstudio.com\/wp-content\/uploads\/2023\/02\/Rota-Vicentina-SW-Portugal.jpg","contentUrl":"https:\/\/rv-stg.fera.miewstudio.com\/wp-content\/uploads\/2023\/02\/Rota-Vicentina-SW-Portugal.jpg","width":"852","height":"480","caption":"[STG] Rota Vicentina"},"image":{"@id":"https:\/\/rv-stg.fera.miewstudio.com\/en\/#\/schema\/logo\/image\/"},"sameAs":["https:\/\/www.facebook.com\/rotavicentina","https:\/\/x.com\/RotaVicentina","https:\/\/www.instagram.com\/rotavicentina\/","https:\/\/pt.linkedin.com\/company\/rota-vicentina"]}]}},"_links":{"self":[{"href":"https:\/\/rv-stg.fera.miewstudio.com\/en\/wp-json\/wp\/v2\/pages\/80493","targetHints":{"allow":["GET"]}}],"collection":[{"href":"https:\/\/rv-stg.fera.miewstudio.com\/en\/wp-json\/wp\/v2\/pages"}],"about":[{"href":"https:\/\/rv-stg.fera.miewstudio.com\/en\/wp-json\/wp\/v2\/types\/page"}],"author":[{"embeddable":true,"href":"https:\/\/rv-stg.fera.miewstudio.com\/en\/wp-json\/wp\/v2\/users\/1"}],"replies":[{"embeddable":true,"href":"https:\/\/rv-stg.fera.miewstudio.com\/en\/wp-json\/wp\/v2\/comments?post=80493"}],"version-history":[{"count":0,"href":"https:\/\/rv-stg.fera.miewstudio.com\/en\/wp-json\/wp\/v2\/pages\/80493\/revisions"}],"wp:attachment":[{"href":"https:\/\/rv-stg.fera.miewstudio.com\/en\/wp-json\/wp\/v2\/media?parent=80493"}],"wp:term":[{"taxonomy":"page-category","embeddable":true,"href":"https:\/\/rv-stg.fera.miewstudio.com\/en\/wp-json\/wp\/v2\/page-category?post=80493"}],"curies":[{"name":"wp","href":"https:\/\/api.w.org\/{rel}","templated":true}]}}