{"id":80300,"date":"2022-11-29T14:09:41","date_gmt":"2022-11-29T14:09:41","guid":{"rendered":"https:\/\/rotavicentina.miewstudio.com\/impact-on-the-region\/"},"modified":"2023-01-22T22:48:32","modified_gmt":"2023-01-22T22:48:32","slug":"impact-on-the-region","status":"publish","type":"page","link":"https:\/\/rv-stg.fera.miewstudio.com\/en\/impact-on-the-region\/","title":{"rendered":"Impact on the region"},"content":{"rendered":"<div class=\"wpb-content-wrapper\"><p>[vc_row unlock_row_content=&#8221;&#8221; row_height_percent=&#8221;0&#8243; back_image=&#8221;79003&#8243; shift_y=&#8221;0&#8243; z_index=&#8221;0&#8243; row_height_pixel=&#8221;465px&#8221;][vc_column position_horizontal=&#8221;&#8221; position_vertical=&#8221;d-md-flex align-items-md-end&#8221; style=&#8221;dark&#8221; mobile_width=&#8221;11&#8243; shift_x=&#8221;0&#8243; shift_y=&#8221;0&#8243; z_index=&#8221;0&#8243; width=&#8221;1\/1&#8243;][vc_custom_heading auto_text=&#8221;yes&#8221; heading_semantic=&#8221;h1&#8243; text_size=&#8221;&#8221; el_class=&#8221;alternative-font big-title&#8221;]Impact on the region[\/vc_custom_heading][\/vc_column][\/vc_row][vc_row unlock_row_content=&#8221;&#8221; row_height_percent=&#8221;0&#8243; override_padding=&#8221;yes&#8221; h_padding=&#8221;0&#8243; top_padding=&#8221;3&#8243; bottom_padding=&#8221;4&#8243; shift_y=&#8221;0&#8243; z_index=&#8221;0&#8243;][vc_column position_horizontal=&#8221;&#8221; position_vertical=&#8221;d-md-flex align-items-md-center&#8221; mobile_width=&#8221;11&#8243; shift_x=&#8221;0&#8243; shift_y=&#8221;0&#8243; z_index=&#8221;0&#8243; width=&#8221;5\/12&#8243;][vc_single_image media_div=&#8221;svginline&#8221; media=&#8221;73702&#8243; css_animation=&#8221;alpha-anim&#8221; media_width_pixel=&#8221;60px&#8221;][\/vc_single_image][vc_custom_heading css_animation=&#8221;alpha-anim&#8221; el_class=&#8221;title-stroked mt-adapt-3&#8243;]Monitoring the impact of Rota Vicentina in the region<br \/>\n<del><ins>since 2013<\/ins><\/del>[\/vc_custom_heading][vc_column_text css_animation=&#8221;alpha-anim&#8221; el_class=&#8221;mt-adapt-5&#8243;]Since its beginning, Rota Vicentina has been concerned with assessing its impact on the region in economic, social and environmental terms<\/p>\n<p>Our video <a href=\"https:\/\/youtu.be\/orQBnulTxMI\"><strong>Another Look<\/strong><\/a> summarizes the 3 studies conducted, and shares some of the main results. On this page you can find all the detailed information regarding the findings.[\/vc_column_text][\/vc_column][vc_column position_horizontal=&#8221;&#8221; mobile_visibility=&#8221;yes&#8221; mobile_width=&#8221;11&#8243; shift_x=&#8221;0&#8243; shift_y=&#8221;0&#8243; z_index=&#8221;0&#8243; width=&#8221;1\/12&#8243;][\/vc_column][vc_column position_horizontal=&#8221;&#8221; position_vertical=&#8221;d-md-flex align-items-md-center&#8221; mobile_width=&#8221;11&#8243; shift_x=&#8221;0&#8243; shift_y=&#8221;0&#8243; z_index=&#8221;0&#8243; css_animation=&#8221;alpha-anim&#8221; width=&#8221;1\/2&#8243;][vc_video controls=&#8221;yes&#8221; muted=&#8221;yes&#8221; autoplay=&#8221;yes&#8221; video_link=&#8221;https:\/\/www.youtube.com\/watch?v=orQBnulTxMI&#8221; el_class=&#8221;mt-adapt-4 mb-adapt-4&#8243;][\/vc_column][\/vc_row][vc_row][vc_column position_horizontal=&#8221;&#8221; mobile_width=&#8221;11&#8243; shift_x=&#8221;0&#8243; shift_y=&#8221;0&#8243; z_index=&#8221;0&#8243; width=&#8221;5\/12&#8243; el_class=&#8221;mt-adapt-6&#8243;][vc_custom_heading heading_semantic=&#8221;h3&#8243; text_size=&#8221;h3&#8243;]Main results[\/vc_custom_heading][vc_column_text el_class=&#8221;mt-adapt-4&#8243;]In 2013 the environmental impact study began, and in 2017 monitoring was complemented with surveys, automatic counters and a quantitative and behavioral study.<\/p>\n<p>Who are the hikers? How are they seen by the local community? What is their impact on the territory? This is quantitative data, but there is much more to learn about the real impact of Rota Vicentina in the region.<\/p>\n<p>This is qualitative data, but there is much more to learn about the real impact of Rota Vicentina in the region![\/vc_column_text][vc_btn display=&#8221;inline-block&#8221; btn_size=&#8221;button-big&#8221; css_animation=&#8221;alpha-anim&#8221; id=&#8221;nxcd07m2s&#8221; el_class=&#8221;mt-adapt-6&#8243; link=&#8221;url:https%3A%2F%2Frotavicentina.miewstudio.com%2Fwp-content%2Fuploads%2F2022%2F11%2Finfografia-rv_compressed.pdf|target:_blank|rel:nofollow|&#8221;]Summary of results[\/vc_btn][\/vc_column][vc_column position_horizontal=&#8221;&#8221; position_vertical=&#8221;d-md-flex align-items-md-center&#8221; override_padding=&#8221;yes&#8221; column_padding=&#8221;3&#8243; mobile_width=&#8221;11&#8243; shift_x=&#8221;0&#8243; shift_y=&#8221;0&#8243; z_index=&#8221;0&#8243; width=&#8221;7\/12&#8243; back_color=&#8221;#ffffff&#8221; el_class=&#8221;radius-cell mt-adapt-6&#8243;][vc_column_text]<\/p>\n<ul>\n<li><strong>24 000 hikers<\/strong><\/li>\n<li><strong>Average stay of 11 nights<\/strong><\/li>\n<li><strong>High season in Autumn and Spring<\/strong><\/li>\n<li><strong>1400 new jobs<\/strong><\/li>\n<li><strong>Direct revenue of 15 million euros<\/strong><\/li>\n<li><strong>Gross value added of 8 million (the value staying in the region)<\/strong><\/li>\n<\/ul>\n<p>[\/vc_column_text][\/vc_column][\/vc_row][vc_row unlock_row_content=&#8221;&#8221; row_height_percent=&#8221;0&#8243; override_padding=&#8221;yes&#8221; h_padding=&#8221;0&#8243; top_padding=&#8221;1&#8243; bottom_padding=&#8221;3&#8243; shift_y=&#8221;0&#8243; z_index=&#8221;0&#8243;][vc_column position_horizontal=&#8221;&#8221; align_horizontal=&#8221;text-md-center&#8221; mobile_width=&#8221;11&#8243; shift_x=&#8221;0&#8243; shift_y=&#8221;0&#8243; z_index=&#8221;0&#8243; width=&#8221;1\/3&#8243; el_class=&#8221;mt-adapt-6&#8243;][vc_single_image media_div=&#8221;background&#8221; media=&#8221;79011&#8243; css_animation=&#8221;masked&#8221; el_class=&#8221;radius-img&#8221;][\/vc_single_image][vc_row_inner unlock_row_content=&#8221;&#8221; row_height_percent=&#8221;0&#8243; shift_y=&#8221;0&#8243; z_index=&#8221;0&#8243; back_color=&#8221;#ffffff&#8221; el_class=&#8221;radius-box mt-adapt-3&#8243;][vc_column_inner position_horizontal=&#8221;&#8221; align_horizontal=&#8221;text-md-center&#8221; mobile_width=&#8221;11&#8243; shift_x=&#8221;0&#8243; shift_y=&#8221;0&#8243; z_index=&#8221;0&#8243; width=&#8221;1\/1&#8243;][vc_column_text css_animation=&#8221;alpha-anim&#8221;]<strong>Ecological monitoring<\/strong><\/p>\n<p>At the environmental level, the objective was to measure the impact of the creation and use of trails on the sensitive areas of the Fishermen\u2019s Trail.<strong><br \/>\n<\/strong>[\/vc_column_text][vc_btn btn_size=&#8221;button-big&#8221; css_animation=&#8221;alpha-anim&#8221; id=&#8221;miyrgh5pe&#8221; el_class=&#8221;mt-adapt-6&#8243; link=&#8221;url:https%3A%2F%2Fdrive.google.com%2Ffile%2Fd%2F1H5eFLYBLbqCYzp2yvgja9pM6Hi9SbMDe%2Fview%3Fusp%3Dshare_link|target:_blank|&#8221;]Environmental study[\/vc_btn][\/vc_column_inner][\/vc_row_inner][\/vc_column][vc_column position_horizontal=&#8221;&#8221; align_horizontal=&#8221;text-md-center&#8221; mobile_width=&#8221;11&#8243; shift_x=&#8221;0&#8243; shift_y=&#8221;0&#8243; z_index=&#8221;0&#8243; width=&#8221;1\/3&#8243; el_class=&#8221;mt-adapt-6&#8243;][vc_single_image media_div=&#8221;background&#8221; media=&#8221;79007&#8243; css_animation=&#8221;masked&#8221; el_class=&#8221;radius-img&#8221;][\/vc_single_image][vc_row_inner unlock_row_content=&#8221;&#8221; row_height_percent=&#8221;0&#8243; shift_y=&#8221;0&#8243; z_index=&#8221;0&#8243; back_color=&#8221;#ffffff&#8221; el_class=&#8221;radius-box mt-adapt-3&#8243;][vc_column_inner position_horizontal=&#8221;&#8221; align_horizontal=&#8221;text-md-center&#8221; mobile_width=&#8221;11&#8243; shift_x=&#8221;0&#8243; shift_y=&#8221;0&#8243; z_index=&#8221;0&#8243; width=&#8221;1\/1&#8243;][vc_column_text css_animation=&#8221;alpha-anim&#8221;]<strong>Utilisation of the trails<\/strong><\/p>\n<p>Where does our hikers come from? How many nights does he or she stay in the area? What are the sections where they walk? We wanted to get to know those who visit us.[\/vc_column_text][vc_btn btn_size=&#8221;button-big&#8221; css_animation=&#8221;alpha-anim&#8221; id=&#8221;miyrgh5pe&#8221; el_class=&#8221;mt-adapt-6&#8243; link=&#8221;url:https%3A%2F%2Fdrive.google.com%2Ffile%2Fd%2F1Q4ZMfcs0WJqorGWSSdtFXO8S5b-_FUvr%2Fview%3Fusp%3Dshare_link|target:_blank|&#8221;]Quantitative study[\/vc_btn][\/vc_column_inner][\/vc_row_inner][\/vc_column][vc_column position_horizontal=&#8221;&#8221; align_horizontal=&#8221;text-md-center&#8221; mobile_width=&#8221;11&#8243; shift_x=&#8221;0&#8243; shift_y=&#8221;0&#8243; z_index=&#8221;0&#8243; width=&#8221;1\/3&#8243; el_class=&#8221;mt-adapt-6&#8243;][vc_single_image media_div=&#8221;background&#8221; media=&#8221;79015&#8243; css_animation=&#8221;masked&#8221; el_class=&#8221;radius-img&#8221;][\/vc_single_image][vc_row_inner unlock_row_content=&#8221;&#8221; row_height_percent=&#8221;0&#8243; shift_y=&#8221;0&#8243; z_index=&#8221;0&#8243; back_color=&#8221;#ffffff&#8221; el_class=&#8221;radius-box mt-adapt-3&#8243;][vc_column_inner position_horizontal=&#8221;&#8221; align_horizontal=&#8221;text-md-center&#8221; mobile_width=&#8221;11&#8243; shift_x=&#8221;0&#8243; shift_y=&#8221;0&#8243; z_index=&#8221;0&#8243; width=&#8221;1\/1&#8243;][vc_column_text css_animation=&#8221;alpha-anim&#8221;]<strong>Social-economic impact<\/strong><\/p>\n<p>We decided to look beyond the numbers, and try to understand the intentions and motivations of the people who hike the Rota Vicentina.[\/vc_column_text][vc_btn btn_size=&#8221;button-big&#8221; css_animation=&#8221;alpha-anim&#8221; id=&#8221;miyrgh5pe&#8221; el_class=&#8221;mt-adapt-6&#8243; link=&#8221;url:https%3A%2F%2Fdrive.google.com%2Ffile%2Fd%2F1tFIQ3_OvSHyeACKgcBEAyat_jt4d_PsG%2Fview%3Fusp%3Dshare_link|target:_blank|&#8221;]Qualitative study[\/vc_btn][\/vc_column_inner][\/vc_row_inner][\/vc_column][\/vc_row][vc_row unlock_row_content=&#8221;&#8221; row_height_percent=&#8221;0&#8243; override_padding=&#8221;yes&#8221; h_padding=&#8221;0&#8243; top_padding=&#8221;3&#8243; bottom_padding=&#8221;2&#8243; shift_y=&#8221;0&#8243; z_index=&#8221;0&#8243;][vc_column position_horizontal=&#8221;&#8221; align_horizontal=&#8221;text-md-center&#8221; override_padding=&#8221;yes&#8221; column_padding=&#8221;3&#8243; back_image=&#8221;73235&#8243; back_repeat=&#8221;no-repeat&#8221; back_position=&#8221;right top&#8221; mobile_width=&#8221;11&#8243; shift_x=&#8221;0&#8243; shift_y=&#8221;0&#8243; z_index=&#8221;0&#8243; width=&#8221;1\/1&#8243; back_color=&#8221;#b2c39d&#8221; el_class=&#8221;rounded-cell&#8221; back_size=&#8221;auto&#8221;][vc_custom_heading heading_semantic=&#8221;h3&#8243; text_size=&#8221;h4&#8243; text_weight=&#8221;font-weight-bold&#8221; el_class=&#8221;mt-adapt-6&#8243;]<strong>Help this mission!<\/strong>[\/vc_custom_heading][vc_column_text css_animation=&#8221;alpha-anim&#8221; max_width=&#8221;420px&#8221; el_class=&#8221;mt-adapt-4&#8243;]If you want to help this mission, please contribute by filling out the questionnaire <em>online<\/em>.[\/vc_column_text][vc_btn display=&#8221;inline-block&#8221; btn_size=&#8221;button-big&#8221; css_animation=&#8221;alpha-anim&#8221; id=&#8221;ekccfzg6l&#8221; el_class=&#8221;style-dark mt-adapt-6 mb-adapt-6&#8243; link=&#8221;url:https%3A%2F%2Fee.kobotoolbox.org%2Fx%2FYKQU|target:_blank|&#8221;]Fill out the form[\/vc_btn][\/vc_column][\/vc_row][vc_row][vc_column width=&#8221;1\/1&#8243;][miew_block id=&#8221;126&#8243;][\/vc_column][\/vc_row]<\/p>\n<\/div>","protected":false},"excerpt":{"rendered":"<p>[vc_row unlock_row_content=&#8221;&#8221; row_height_percent=&#8221;0&#8243; back_image=&#8221;79003&#8243; shift_y=&#8221;0&#8243; z_index=&#8221;0&#8243; row_height_pixel=&#8221;465px&#8221;][vc_column position_horizontal=&#8221;&#8221; position_vertical=&#8221;d-md-flex align-items-md-end&#8221; style=&#8221;dark&#8221; mobile_width=&#8221;11&#8243; shift_x=&#8221;0&#8243; shift_y=&#8221;0&#8243; z_index=&#8221;0&#8243; width=&#8221;1\/1&#8243;][vc_custom_heading auto_text=&#8221;yes&#8221; heading_semantic=&#8221;h1&#8243; text_size=&#8221;&#8221; el_class=&#8221;alternative-font big-title&#8221;]Impact on the region[\/vc_custom_heading][\/vc_column][\/vc_row][vc_row unlock_row_content=&#8221;&#8221; row_height_percent=&#8221;0&#8243; override_padding=&#8221;yes&#8221; h_padding=&#8221;0&#8243; top_padding=&#8221;3&#8243; bottom_padding=&#8221;4&#8243; shift_y=&#8221;0&#8243; z_index=&#8221;0&#8243;][vc_column position_horizontal=&#8221;&#8221; position_vertical=&#8221;d-md-flex align-items-md-center&#8221; mobile_width=&#8221;11&#8243; shift_x=&#8221;0&#8243; shift_y=&#8221;0&#8243; z_index=&#8221;0&#8243; width=&#8221;5\/12&#8243;][vc_single_image media_div=&#8221;svginline&#8221; media=&#8221;73702&#8243; css_animation=&#8221;alpha-anim&#8221; media_width_pixel=&#8221;60px&#8221;][\/vc_single_image][vc_custom_heading css_animation=&#8221;alpha-anim&#8221; el_class=&#8221;title-stroked mt-adapt-3&#8243;]Monitoring the impact of Rota Vicentina in the region [&hellip;]<\/p>\n","protected":false},"author":1,"featured_media":0,"parent":0,"menu_order":0,"comment_status":"closed","ping_status":"closed","template":"","meta":{"_acf_changed":false,"footnotes":""},"page-category":[],"class_list":["post-80300","page","type-page","status-publish","hentry"],"acf":[],"yoast_head":"<!-- This site is optimized with the Yoast SEO Premium plugin v19.5 (Yoast SEO v27.0) - https:\/\/yoast.com\/product\/yoast-seo-premium-wordpress\/ -->\n<title>Impact on the region - [STG] Rota Vicentina<\/title>\n<meta name=\"robots\" content=\"noindex, follow, max-snippet:-1, max-image-preview:large, max-video-preview:-1\" \/>\n<meta property=\"og:locale\" content=\"en_US\" \/>\n<meta property=\"og:type\" content=\"article\" \/>\n<meta property=\"og:title\" content=\"Impact on the region - [STG] Rota Vicentina\" \/>\n<meta property=\"og:description\" content=\"[vc_row unlock_row_content=&#8221;&#8221; row_height_percent=&#8221;0&#8243; back_image=&#8221;79003&#8243; shift_y=&#8221;0&#8243; z_index=&#8221;0&#8243; row_height_pixel=&#8221;465px&#8221;][vc_column position_horizontal=&#8221;&#8221; position_vertical=&#8221;d-md-flex align-items-md-end&#8221; style=&#8221;dark&#8221; mobile_width=&#8221;11&#8243; shift_x=&#8221;0&#8243; shift_y=&#8221;0&#8243; z_index=&#8221;0&#8243; width=&#8221;1\/1&#8243;][vc_custom_heading auto_text=&#8221;yes&#8221; heading_semantic=&#8221;h1&#8243; text_size=&#8221;&#8221; el_class=&#8221;alternative-font big-title&#8221;]Impact on the region[\/vc_custom_heading][\/vc_column][\/vc_row][vc_row unlock_row_content=&#8221;&#8221; row_height_percent=&#8221;0&#8243; override_padding=&#8221;yes&#8221; h_padding=&#8221;0&#8243; top_padding=&#8221;3&#8243; bottom_padding=&#8221;4&#8243; shift_y=&#8221;0&#8243; z_index=&#8221;0&#8243;][vc_column position_horizontal=&#8221;&#8221; position_vertical=&#8221;d-md-flex align-items-md-center&#8221; mobile_width=&#8221;11&#8243; shift_x=&#8221;0&#8243; shift_y=&#8221;0&#8243; z_index=&#8221;0&#8243; width=&#8221;5\/12&#8243;][vc_single_image media_div=&#8221;svginline&#8221; media=&#8221;73702&#8243; css_animation=&#8221;alpha-anim&#8221; media_width_pixel=&#8221;60px&#8221;][\/vc_single_image][vc_custom_heading css_animation=&#8221;alpha-anim&#8221; el_class=&#8221;title-stroked mt-adapt-3&#8243;]Monitoring the impact of Rota Vicentina in the region [&hellip;]\" \/>\n<meta property=\"og:url\" content=\"https:\/\/rv-stg.fera.miewstudio.com\/en\/impact-on-the-region\/\" \/>\n<meta property=\"og:site_name\" content=\"[STG] Rota Vicentina\" \/>\n<meta property=\"article:publisher\" content=\"https:\/\/www.facebook.com\/rotavicentina\" \/>\n<meta property=\"article:modified_time\" content=\"2023-01-22T22:48:32+00:00\" \/>\n<meta name=\"twitter:card\" content=\"summary_large_image\" \/>\n<meta name=\"twitter:site\" content=\"@RotaVicentina\" \/>\n<meta name=\"twitter:label1\" content=\"Est. reading time\" \/>\n\t<meta name=\"twitter:data1\" content=\"6 minutes\" \/>\n<script type=\"application\/ld+json\" class=\"yoast-schema-graph\">{\"@context\":\"https:\/\/schema.org\",\"@graph\":[{\"@type\":\"WebPage\",\"@id\":\"https:\/\/rv-stg.fera.miewstudio.com\/en\/impact-on-the-region\/\",\"url\":\"https:\/\/rv-stg.fera.miewstudio.com\/en\/impact-on-the-region\/\",\"name\":\"Impact on the region - [STG] Rota Vicentina\",\"isPartOf\":{\"@id\":\"https:\/\/rv-stg.fera.miewstudio.com\/en\/#website\"},\"datePublished\":\"2022-11-29T14:09:41+00:00\",\"dateModified\":\"2023-01-22T22:48:32+00:00\",\"inLanguage\":\"en-US\",\"potentialAction\":[{\"@type\":\"ReadAction\",\"target\":[\"https:\/\/rv-stg.fera.miewstudio.com\/en\/impact-on-the-region\/\"]}]},{\"@type\":\"WebSite\",\"@id\":\"https:\/\/rv-stg.fera.miewstudio.com\/en\/#website\",\"url\":\"https:\/\/rv-stg.fera.miewstudio.com\/en\/\",\"name\":\"[STG] Rota Vicentina\",\"description\":\"A p\u00e9 pelo Trilho dos Pescadores, Caminho Hist\u00f3rico ou Percursos Circulares ou v\u00e1 de bicicleta pelos mais de 1000km de Trilhos de Bicicleta na Rota Vicentina.\",\"publisher\":{\"@id\":\"https:\/\/rv-stg.fera.miewstudio.com\/en\/#organization\"},\"potentialAction\":[{\"@type\":\"SearchAction\",\"target\":{\"@type\":\"EntryPoint\",\"urlTemplate\":\"https:\/\/rv-stg.fera.miewstudio.com\/en\/?s={search_term_string}\"},\"query-input\":{\"@type\":\"PropertyValueSpecification\",\"valueRequired\":true,\"valueName\":\"search_term_string\"}}],\"inLanguage\":\"en-US\"},{\"@type\":\"Organization\",\"@id\":\"https:\/\/rv-stg.fera.miewstudio.com\/en\/#organization\",\"name\":\"[STG] Rota Vicentina\",\"url\":\"https:\/\/rv-stg.fera.miewstudio.com\/en\/\",\"logo\":{\"@type\":\"ImageObject\",\"inLanguage\":\"en-US\",\"@id\":\"https:\/\/rv-stg.fera.miewstudio.com\/en\/#\/schema\/logo\/image\/\",\"url\":\"https:\/\/rv-stg.fera.miewstudio.com\/wp-content\/uploads\/2023\/02\/Rota-Vicentina-SW-Portugal.jpg\",\"contentUrl\":\"https:\/\/rv-stg.fera.miewstudio.com\/wp-content\/uploads\/2023\/02\/Rota-Vicentina-SW-Portugal.jpg\",\"width\":\"852\",\"height\":\"480\",\"caption\":\"[STG] Rota Vicentina\"},\"image\":{\"@id\":\"https:\/\/rv-stg.fera.miewstudio.com\/en\/#\/schema\/logo\/image\/\"},\"sameAs\":[\"https:\/\/www.facebook.com\/rotavicentina\",\"https:\/\/x.com\/RotaVicentina\",\"https:\/\/www.instagram.com\/rotavicentina\/\",\"https:\/\/pt.linkedin.com\/company\/rota-vicentina\"]}]}<\/script>\n<!-- \/ Yoast SEO Premium plugin. -->","yoast_head_json":{"title":"Impact on the region - [STG] Rota Vicentina","robots":{"index":"noindex","follow":"follow","max-snippet":"max-snippet:-1","max-image-preview":"max-image-preview:large","max-video-preview":"max-video-preview:-1"},"og_locale":"en_US","og_type":"article","og_title":"Impact on the region - [STG] Rota Vicentina","og_description":"[vc_row unlock_row_content=&#8221;&#8221; row_height_percent=&#8221;0&#8243; back_image=&#8221;79003&#8243; shift_y=&#8221;0&#8243; z_index=&#8221;0&#8243; row_height_pixel=&#8221;465px&#8221;][vc_column position_horizontal=&#8221;&#8221; position_vertical=&#8221;d-md-flex align-items-md-end&#8221; style=&#8221;dark&#8221; mobile_width=&#8221;11&#8243; shift_x=&#8221;0&#8243; shift_y=&#8221;0&#8243; z_index=&#8221;0&#8243; width=&#8221;1\/1&#8243;][vc_custom_heading auto_text=&#8221;yes&#8221; heading_semantic=&#8221;h1&#8243; text_size=&#8221;&#8221; el_class=&#8221;alternative-font big-title&#8221;]Impact on the region[\/vc_custom_heading][\/vc_column][\/vc_row][vc_row unlock_row_content=&#8221;&#8221; row_height_percent=&#8221;0&#8243; override_padding=&#8221;yes&#8221; h_padding=&#8221;0&#8243; top_padding=&#8221;3&#8243; bottom_padding=&#8221;4&#8243; shift_y=&#8221;0&#8243; z_index=&#8221;0&#8243;][vc_column position_horizontal=&#8221;&#8221; position_vertical=&#8221;d-md-flex align-items-md-center&#8221; mobile_width=&#8221;11&#8243; shift_x=&#8221;0&#8243; shift_y=&#8221;0&#8243; z_index=&#8221;0&#8243; width=&#8221;5\/12&#8243;][vc_single_image media_div=&#8221;svginline&#8221; media=&#8221;73702&#8243; css_animation=&#8221;alpha-anim&#8221; media_width_pixel=&#8221;60px&#8221;][\/vc_single_image][vc_custom_heading css_animation=&#8221;alpha-anim&#8221; el_class=&#8221;title-stroked mt-adapt-3&#8243;]Monitoring the impact of Rota Vicentina in the region [&hellip;]","og_url":"https:\/\/rv-stg.fera.miewstudio.com\/en\/impact-on-the-region\/","og_site_name":"[STG] Rota Vicentina","article_publisher":"https:\/\/www.facebook.com\/rotavicentina","article_modified_time":"2023-01-22T22:48:32+00:00","twitter_card":"summary_large_image","twitter_site":"@RotaVicentina","twitter_misc":{"Est. reading time":"6 minutes"},"schema":{"@context":"https:\/\/schema.org","@graph":[{"@type":"WebPage","@id":"https:\/\/rv-stg.fera.miewstudio.com\/en\/impact-on-the-region\/","url":"https:\/\/rv-stg.fera.miewstudio.com\/en\/impact-on-the-region\/","name":"Impact on the region - [STG] Rota Vicentina","isPartOf":{"@id":"https:\/\/rv-stg.fera.miewstudio.com\/en\/#website"},"datePublished":"2022-11-29T14:09:41+00:00","dateModified":"2023-01-22T22:48:32+00:00","inLanguage":"en-US","potentialAction":[{"@type":"ReadAction","target":["https:\/\/rv-stg.fera.miewstudio.com\/en\/impact-on-the-region\/"]}]},{"@type":"WebSite","@id":"https:\/\/rv-stg.fera.miewstudio.com\/en\/#website","url":"https:\/\/rv-stg.fera.miewstudio.com\/en\/","name":"[STG] Rota Vicentina","description":"A p\u00e9 pelo Trilho dos Pescadores, Caminho Hist\u00f3rico ou Percursos Circulares ou v\u00e1 de bicicleta pelos mais de 1000km de Trilhos de Bicicleta na Rota Vicentina.","publisher":{"@id":"https:\/\/rv-stg.fera.miewstudio.com\/en\/#organization"},"potentialAction":[{"@type":"SearchAction","target":{"@type":"EntryPoint","urlTemplate":"https:\/\/rv-stg.fera.miewstudio.com\/en\/?s={search_term_string}"},"query-input":{"@type":"PropertyValueSpecification","valueRequired":true,"valueName":"search_term_string"}}],"inLanguage":"en-US"},{"@type":"Organization","@id":"https:\/\/rv-stg.fera.miewstudio.com\/en\/#organization","name":"[STG] Rota Vicentina","url":"https:\/\/rv-stg.fera.miewstudio.com\/en\/","logo":{"@type":"ImageObject","inLanguage":"en-US","@id":"https:\/\/rv-stg.fera.miewstudio.com\/en\/#\/schema\/logo\/image\/","url":"https:\/\/rv-stg.fera.miewstudio.com\/wp-content\/uploads\/2023\/02\/Rota-Vicentina-SW-Portugal.jpg","contentUrl":"https:\/\/rv-stg.fera.miewstudio.com\/wp-content\/uploads\/2023\/02\/Rota-Vicentina-SW-Portugal.jpg","width":"852","height":"480","caption":"[STG] Rota Vicentina"},"image":{"@id":"https:\/\/rv-stg.fera.miewstudio.com\/en\/#\/schema\/logo\/image\/"},"sameAs":["https:\/\/www.facebook.com\/rotavicentina","https:\/\/x.com\/RotaVicentina","https:\/\/www.instagram.com\/rotavicentina\/","https:\/\/pt.linkedin.com\/company\/rota-vicentina"]}]}},"_links":{"self":[{"href":"https:\/\/rv-stg.fera.miewstudio.com\/en\/wp-json\/wp\/v2\/pages\/80300","targetHints":{"allow":["GET"]}}],"collection":[{"href":"https:\/\/rv-stg.fera.miewstudio.com\/en\/wp-json\/wp\/v2\/pages"}],"about":[{"href":"https:\/\/rv-stg.fera.miewstudio.com\/en\/wp-json\/wp\/v2\/types\/page"}],"author":[{"embeddable":true,"href":"https:\/\/rv-stg.fera.miewstudio.com\/en\/wp-json\/wp\/v2\/users\/1"}],"replies":[{"embeddable":true,"href":"https:\/\/rv-stg.fera.miewstudio.com\/en\/wp-json\/wp\/v2\/comments?post=80300"}],"version-history":[{"count":0,"href":"https:\/\/rv-stg.fera.miewstudio.com\/en\/wp-json\/wp\/v2\/pages\/80300\/revisions"}],"wp:attachment":[{"href":"https:\/\/rv-stg.fera.miewstudio.com\/en\/wp-json\/wp\/v2\/media?parent=80300"}],"wp:term":[{"taxonomy":"page-category","embeddable":true,"href":"https:\/\/rv-stg.fera.miewstudio.com\/en\/wp-json\/wp\/v2\/page-category?post=80300"}],"curies":[{"name":"wp","href":"https:\/\/api.w.org\/{rel}","templated":true}]}}