{"id":122523,"date":"2021-11-09T12:23:02","date_gmt":"2021-11-09T12:23:02","guid":{"rendered":"https:\/\/rotavicentina.miewstudio.com\/volunteering-form\/"},"modified":"2024-10-17T09:08:55","modified_gmt":"2024-10-17T09:08:55","slug":"volunteering-form","status":"publish","type":"page","link":"https:\/\/rv-stg.fera.miewstudio.com\/en\/volunteering-form\/","title":{"rendered":"Volunteering Form"},"content":{"rendered":"<div class=\"wpb-content-wrapper\"><p>[vc_row unlock_row_content=&#8221;&#8221; row_height_percent=&#8221;0&#8243; back_image=&#8221;79531&#8243; shift_y=&#8221;0&#8243; z_index=&#8221;0&#8243; row_height_pixel=&#8221;465px&#8221;][vc_column position_horizontal=&#8221;&#8221; position_vertical=&#8221;d-md-flex align-items-md-end&#8221; style=&#8221;dark&#8221; mobile_width=&#8221;11&#8243; shift_x=&#8221;0&#8243; shift_y=&#8221;0&#8243; z_index=&#8221;0&#8243; width=&#8221;1\/1&#8243;][vc_custom_heading heading_semantic=&#8221;h1&#8243; text_size=&#8221;&#8221; el_class=&#8221;alternative-font big-title&#8221;]Volunteering[\/vc_custom_heading][\/vc_column][\/vc_row][vc_row unlock_row_content=&#8221;&#8221; row_height_percent=&#8221;0&#8243; override_padding=&#8221;yes&#8221; h_padding=&#8221;0&#8243; top_padding=&#8221;3&#8243; bottom_padding=&#8221;4&#8243; shift_y=&#8221;0&#8243; z_index=&#8221;0&#8243;][vc_column position_horizontal=&#8221;&#8221; mobile_width=&#8221;11&#8243; shift_x=&#8221;0&#8243; shift_y=&#8221;0&#8243; z_index=&#8221;0&#8243; width=&#8221;5\/12&#8243;][vc_single_image media_div=&#8221;svginline&#8221; media=&#8221;21&#8243; css_animation=&#8221;alpha-anim&#8221; media_width_pixel=&#8221;60px&#8221;][\/vc_single_image][vc_custom_heading css_animation=&#8221;alpha-anim&#8221; el_class=&#8221;title-stroked mt-adapt-3&#8243;]Inscription as a <del>volunteer<\/del>[\/vc_custom_heading][\/vc_column][vc_column position_horizontal=&#8221;&#8221; mobile_visibility=&#8221;yes&#8221; mobile_width=&#8221;11&#8243; shift_x=&#8221;0&#8243; shift_y=&#8221;0&#8243; z_index=&#8221;0&#8243; width=&#8221;1\/12&#8243;][\/vc_column][vc_column position_horizontal=&#8221;&#8221; mobile_width=&#8221;11&#8243; shift_x=&#8221;0&#8243; shift_y=&#8221;0&#8243; z_index=&#8221;0&#8243; width=&#8221;1\/2&#8243;][vc_column_text css_animation=&#8221;alpha-anim&#8221; el_class=&#8221;mt-adapt-3&#8243;]Thank you for deciding to volunteer at Rota Vicentina! Please fill out this registration form so that we can better accommodate your interests and skills.[\/vc_column_text][\/vc_column][\/vc_row][vc_row unlock_row_content=&#8221;&#8221; row_height_percent=&#8221;0&#8243; override_padding=&#8221;yes&#8221; h_padding=&#8221;0&#8243; top_padding=&#8221;4&#8243; bottom_padding=&#8221;4&#8243; shift_y=&#8221;0&#8243; z_index=&#8221;0&#8243; el_class=&#8221;voluntariado_bg&#8221;][vc_column width=&#8221;1\/12&#8243;][\/vc_column][vc_column position_horizontal=&#8221;&#8221; mobile_width=&#8221;11&#8243; shift_x=&#8221;0&#8243; shift_y=&#8221;0&#8243; z_index=&#8221;0&#8243; css_animation=&#8221;bottom-t-top&#8221; width=&#8221;5\/6&#8243; back_color=&#8221;#ffffff&#8221; el_class=&#8221;voluntariado_form&#8221;]\n<div class=\"wpcf7 no-js\" id=\"wpcf7-f87562-o1\" lang=\"en-US\" dir=\"ltr\" data-wpcf7-id=\"87562\">\n<div class=\"screen-reader-response\"><p role=\"status\" aria-live=\"polite\" aria-atomic=\"true\"><\/p> <ul><\/ul><\/div>\n<form action=\"\/en\/wp-json\/wp\/v2\/pages\/122523#wpcf7-f87562-o1\" method=\"post\" class=\"wpcf7-form init\" aria-label=\"Contact form\" novalidate=\"novalidate\" data-status=\"init\">\n<fieldset class=\"hidden-fields-container\"><input type=\"hidden\" name=\"_wpcf7\" value=\"87562\" \/><input type=\"hidden\" name=\"_wpcf7_version\" value=\"6.1.5\" \/><input type=\"hidden\" name=\"_wpcf7_locale\" value=\"en_US\" \/><input type=\"hidden\" name=\"_wpcf7_unit_tag\" value=\"wpcf7-f87562-o1\" \/><input type=\"hidden\" name=\"_wpcf7_container_post\" value=\"0\" \/><input type=\"hidden\" name=\"_wpcf7_posted_data_hash\" value=\"\" \/><input type=\"hidden\" name=\"_wpcf7dtx_version\" value=\"5.0.5\" \/><input type=\"hidden\" name=\"_wpcf7_recaptcha_response\" value=\"\" \/>\n<\/fieldset>\n<fieldset>\n\t<h4 class=\"d-block h5 font-weight-bold mb-adapt-2\">Informa\u00e7\u00e3o de contacto\n\t<\/h4>\n\t<div class=\"d-block font-size-0\">\n\t\t<div class=\"field-cells mt-adapt-3\">\n\t\t\t<div class=\"field_holder\">\n\t\t\t\t<p><label for=\"nome\" class=\"field_label\">Nome<\/label><br \/>\n<span class=\"wpcf7-form-control-wrap\" data-name=\"nome\"><input size=\"40\" maxlength=\"400\" class=\"wpcf7-form-control wpcf7-text wpcf7-validates-as-required\"  required=\"required\" aria-required=\"true\" aria-invalid=\"false\" placeholder=\"O seu nome\" value=\"\" type=\"text\" name=\"nome\" \/><\/span>\n\t\t\t\t<\/p>\n\t\t\t<\/div>\n\t\t<\/div>\n\t\t<div class=\"field-cells mt-adapt-3\">\n\t\t\t<div class=\"field_holder\">\n\t\t\t\t<p><label for=\"apelido\" class=\"field_label\">Apelido<\/label><br \/>\n<span class=\"wpcf7-form-control-wrap\" data-name=\"apelido\"><input size=\"40\" maxlength=\"400\" class=\"wpcf7-form-control wpcf7-text wpcf7-validates-as-required\" aria-required=\"true\" aria-invalid=\"false\" placeholder=\"O seu apelido\" value=\"\" type=\"text\" name=\"apelido\" \/><\/span>\n\t\t\t\t<\/p>\n\t\t\t<\/div>\n\t\t<\/div>\n\t<\/div>\n\t<div class=\"d-block font-size-0\">\n\t\t<div class=\"field-cells mt-adapt-3\">\n\t\t\t<div class=\"field_holder\">\n\t\t\t\t<p><label for=\"morada\" class=\"field_label\">Morada<\/label><br \/>\n<span class=\"wpcf7-form-control-wrap\" data-name=\"morada\"><input size=\"40\" maxlength=\"400\" class=\"wpcf7-form-control wpcf7-text wpcf7-validates-as-required\" aria-required=\"true\" aria-invalid=\"false\" placeholder=\"A sua morada\" value=\"\" type=\"text\" name=\"morada\" \/><\/span>\n\t\t\t\t<\/p>\n\t\t\t<\/div>\n\t\t<\/div>\n\t\t<div class=\"field-cells\">\n\t\t<\/div>\n\t<\/div>\n\t<div class=\"d-block font-size-0\">\n\t\t<div class=\"field-cells mt-adapt-3\">\n\t\t\t<div class=\"field_holder\">\n\t\t\t\t<p><label for=\"cidade\" class=\"field_label\">Cidade<\/label><br \/>\n<span class=\"wpcf7-form-control-wrap\" data-name=\"cidade\"><input size=\"40\" maxlength=\"400\" class=\"wpcf7-form-control wpcf7-text wpcf7-validates-as-required\" aria-required=\"true\" aria-invalid=\"false\" placeholder=\"A sua cidade\" value=\"\" type=\"text\" name=\"cidade\" \/><\/span>\n\t\t\t\t<\/p>\n\t\t\t<\/div>\n\t\t<\/div>\n\t\t<div class=\"field-cells mt-adapt-3\">\n\t\t\t<div class=\"field_holder\">\n\t\t\t\t<p><label for=\"codpostal\" class=\"field_label\">C\u00f3digo postal<\/label><br \/>\n<span class=\"wpcf7-form-control-wrap\" data-name=\"codpostal\"><input size=\"40\" maxlength=\"400\" class=\"wpcf7-form-control wpcf7-text wpcf7-validates-as-required\" aria-required=\"true\" aria-invalid=\"false\" placeholder=\"XXXX-YYY\" value=\"\" type=\"text\" name=\"codpostal\" \/><\/span>\n\t\t\t\t<\/p>\n\t\t\t<\/div>\n\t\t<\/div>\n\t<\/div>\n\t<div class=\"d-block font-size-0\">\n\t\t<div class=\"field-cells mt-adapt-3\">\n\t\t\t<div class=\"field_holder\">\n\t\t\t\t<p><label for=\"email\" class=\"field_label\">Email<\/label><br \/>\n<span class=\"wpcf7-form-control-wrap\" data-name=\"email\"><input size=\"40\" maxlength=\"400\" class=\"wpcf7-form-control wpcf7-email wpcf7-validates-as-required wpcf7-text wpcf7-validates-as-email\" aria-required=\"true\" aria-invalid=\"false\" placeholder=\"oseu@email.com\" value=\"\" type=\"email\" name=\"email\" \/><\/span>\n\t\t\t\t<\/p>\n\t\t\t<\/div>\n\t\t<\/div>\n\t\t<div class=\"field-cells mt-adapt-3\">\n\t\t\t<div class=\"field_holder\">\n\t\t\t\t<p><label for=\"contacto\" class=\"field_label\">Telem\u00f3vel<\/label><br \/>\n<span class=\"wpcf7-form-control-wrap\" data-name=\"contacto\"><input size=\"40\" maxlength=\"400\" class=\"wpcf7-form-control wpcf7-text\" aria-invalid=\"false\" placeholder=\"+351 283 327 669\" value=\"\" type=\"text\" name=\"contacto\" \/><\/span>\n\t\t\t\t<\/p>\n\t\t\t<\/div>\n\t\t<\/div>\n\t<\/div>\n<\/fieldset>\n<fieldset>\n\t<h4 class=\"d-block h5 font-weight-bold mb-adapt-2\">Sobre mim\n\t<\/h4>\n\t<p>A Rota Vicentina recolhe dados biograficos dos volunt\u00e1rios para assegurar que os seus programas chegam a uma popula\u00e7\u00e3o diversa. Esta informa\u00e7\u00e3o \u00e9 confidencial, sendo usada apenas para fins estat\u00edsticos.\n\t<\/p>\n\t<div class=\"d-block font-size-0\">\n\t\t<div class=\"field-cells mt-adapt-3\">\n\t\t\t<div class=\"field_holder\">\n\t\t\t\t<p><label for=\"nascimento\" class=\"field_label\">Data de Nascimento<\/label><br \/>\n<span class=\"wpcf7-form-control-wrap\" data-name=\"nascimento\"><input size=\"40\" maxlength=\"400\" class=\"wpcf7-form-control wpcf7-text wpcf7-validates-as-required\" aria-required=\"true\" aria-invalid=\"false\" placeholder=\"01\/01\/1999\" value=\"\" type=\"text\" name=\"nascimento\" \/><\/span>\n\t\t\t\t<\/p>\n\t\t\t<\/div>\n\t\t<\/div>\n\t\t<div class=\"field-cells mt-adapt-3\">\n\t\t\t<div class=\"field_holder\">\n\t\t\t\t<p><label for=\"genero\" class=\"field_label\">G\u00e9nero<\/label><br \/>\n<span class=\"wpcf7-form-control-wrap\" data-name=\"genero\"><select class=\"wpcf7-form-control wpcf7-select wpcf7-validates-as-required\" aria-required=\"true\" aria-invalid=\"false\" name=\"genero\"><option value=\"\">&#8212;Please choose an option&#8212;<\/option><option value=\"Masculino\">Masculino<\/option><option value=\"Feminino\">Feminino<\/option><\/select><\/span>\n\t\t\t\t<\/p>\n\t\t\t<\/div>\n\t\t<\/div>\n\t<\/div>\n<\/fieldset>\n<fieldset>\n\t<h4 class=\"d-block h5 font-weight-bold mb-adapt-2\">Contacto de emerg\u00eancia\n\t<\/h4>\n\t<p>A Rota Vicentina recolhe dados biogr\u00baaficos dos volunt\u00e1rios para assegurar que os seus programas chegam a uma popula\u00e7\u00e3o diversa. Esta informa\u00e7\u00e3o \u00e9 confidencial, sendo usada apenas para fins estat\u00edsticos.\n\t<\/p>\n\t<div class=\"d-block font-size-0\">\n\t\t<div class=\"field-cells mt-adapt-3\">\n\t\t\t<div class=\"field_holder\">\n\t\t\t\t<p><label for=\"nome_emergencia\" class=\"field_label\">Nome<\/label><br \/>\n<span class=\"wpcf7-form-control-wrap\" data-name=\"nome_emergencia\"><input size=\"40\" maxlength=\"400\" class=\"wpcf7-form-control wpcf7-text wpcf7-validates-as-required\" aria-required=\"true\" aria-invalid=\"false\" placeholder=\"O nome da pessoa\" value=\"\" type=\"text\" name=\"nome_emergencia\" \/><\/span>\n\t\t\t\t<\/p>\n\t\t\t<\/div>\n\t\t<\/div>\n\t\t<div class=\"field-cells\">\n\t\t<\/div>\n\t<\/div>\n\t<div class=\"d-block font-size-0\">\n\t\t<div class=\"field-cells mt-adapt-3\">\n\t\t\t<div class=\"field_holder\">\n\t\t\t\t<p><label for=\"contacto_emergencia\" class=\"field_label\">Telem\u00f3vel<\/label><br \/>\n<span class=\"wpcf7-form-control-wrap\" data-name=\"contacto_emergencia\"><input size=\"40\" maxlength=\"400\" class=\"wpcf7-form-control wpcf7-text wpcf7-validates-as-required\" aria-required=\"true\" aria-invalid=\"false\" placeholder=\"+351 283 327 669\" value=\"\" type=\"text\" name=\"contacto_emergencia\" \/><\/span>\n\t\t\t\t<\/p>\n\t\t\t<\/div>\n\t\t<\/div>\n\t\t<div class=\"field-cells mt-adapt-3\">\n\t\t\t<div class=\"field_holder\">\n\t\t\t\t<p><label for=\"nascimento\" class=\"field_label\">Parentesco<\/label><br \/>\n<span class=\"wpcf7-form-control-wrap\" data-name=\"parentesco\"><input size=\"40\" maxlength=\"400\" class=\"wpcf7-form-control wpcf7-text wpcf7-validates-as-required\" aria-required=\"true\" aria-invalid=\"false\" placeholder=\"Parentesco\" value=\"\" type=\"text\" name=\"parentesco\" \/><\/span>\n\t\t\t\t<\/p>\n\t\t\t<\/div>\n\t\t<\/div>\n\t<\/div>\n<\/fieldset>\n<fieldset>\n\t<h4 class=\"d-block h5 font-weight-bold mb-adapt-2\">Como soubeste das nossas oportunidades de Voluntariado?\n\t<\/h4>\n\t<div class=\"field_holder\">\n\t\t<p><span class=\"wpcf7-form-control-wrap\" data-name=\"your-message\"><textarea cols=\"40\" rows=\"10\" maxlength=\"2000\" class=\"wpcf7-form-control wpcf7-textarea\" aria-invalid=\"false\" placeholder=\"Mensagem\" name=\"your-message\"><\/textarea><\/span>\n\t\t<\/p>\n\t<\/div>\n<\/fieldset>\n<fieldset>\n\t<h4 class=\"d-block h5 font-weight-bold mb-adapt-2\">Como queres ajudar?\n\t<\/h4>\n\t<div class=\"field_holder\">\n\t\t<p><span class=\"wpcf7-form-control-wrap\" data-name=\"como_ajudar\"><span class=\"wpcf7-form-control wpcf7-checkbox wpcf7-validates-as-required row_checkbox\"><span class=\"wpcf7-list-item first\"><input type=\"checkbox\" name=\"como_ajudar[]\" value=\"Tornando-me s\u00f3cio\" \/><span class=\"wpcf7-list-item-label\">Tornando-me s\u00f3cio<\/span><\/span><span class=\"wpcf7-list-item\"><input type=\"checkbox\" name=\"como_ajudar[]\" value=\"Como padrinho de um percurso\" \/><span class=\"wpcf7-list-item-label\">Como padrinho de um percurso<\/span><\/span><span class=\"wpcf7-list-item\"><input type=\"checkbox\" name=\"como_ajudar[]\" value=\"Como volunt\u00e1rio \u00e0 dist\u00e2ncia\" \/><span class=\"wpcf7-list-item-label\">Como volunt\u00e1rio \u00e0 dist\u00e2ncia<\/span><\/span><span class=\"wpcf7-list-item\"><input type=\"checkbox\" name=\"como_ajudar[]\" value=\"Como volunt\u00e1rio nos nossos eventos\" \/><span class=\"wpcf7-list-item-label\">Como volunt\u00e1rio nos nossos eventos<\/span><\/span><span class=\"wpcf7-list-item last\"><input type=\"checkbox\" name=\"como_ajudar[]\" value=\"Todos\" \/><span class=\"wpcf7-list-item-label\">Todos<\/span><\/span><\/span><\/span>\n\t\t<\/p>\n\t<\/div>\n<\/fieldset>\n<span class=\"wpcf7-form-control-wrap page-title\" data-name=\"page-title\"><input type=\"hidden\" name=\"page-title\" class=\"wpcf7-form-control wpcf7-hidden wpcf7dtx wpcf7dtx-hidden\" aria-invalid=\"false\" value=\"Volunteering Form\"><\/span>\n<p><input class=\"wpcf7-form-control wpcf7-submit has-spinner button-big mt-adapt-4 w-100\" type=\"submit\" value=\"Enviar\" \/>\n<\/p><div class=\"wpcf7-response-output\" aria-hidden=\"true\"><\/div>\n<\/form>\n<\/div>\n[\/vc_column][vc_column width=&#8221;1\/12&#8243;][\/vc_column][\/vc_row][vc_row][vc_column width=&#8221;1\/1&#8243;][miew_block id=&#8221;60&#8243;][\/vc_column][\/vc_row]<\/p>\n<\/div>","protected":false},"excerpt":{"rendered":"<p>[vc_row unlock_row_content=&#8221;&#8221; row_height_percent=&#8221;0&#8243; back_image=&#8221;79531&#8243; shift_y=&#8221;0&#8243; z_index=&#8221;0&#8243; row_height_pixel=&#8221;465px&#8221;][vc_column position_horizontal=&#8221;&#8221; position_vertical=&#8221;d-md-flex align-items-md-end&#8221; style=&#8221;dark&#8221; mobile_width=&#8221;11&#8243; shift_x=&#8221;0&#8243; shift_y=&#8221;0&#8243; z_index=&#8221;0&#8243; width=&#8221;1\/1&#8243;][vc_custom_heading heading_semantic=&#8221;h1&#8243; text_size=&#8221;&#8221; el_class=&#8221;alternative-font big-title&#8221;]Volunteering[\/vc_custom_heading][\/vc_column][\/vc_row][vc_row unlock_row_content=&#8221;&#8221; row_height_percent=&#8221;0&#8243; override_padding=&#8221;yes&#8221; h_padding=&#8221;0&#8243; top_padding=&#8221;3&#8243; bottom_padding=&#8221;4&#8243; shift_y=&#8221;0&#8243; z_index=&#8221;0&#8243;][vc_column position_horizontal=&#8221;&#8221; mobile_width=&#8221;11&#8243; shift_x=&#8221;0&#8243; shift_y=&#8221;0&#8243; z_index=&#8221;0&#8243; width=&#8221;5\/12&#8243;][vc_single_image media_div=&#8221;svginline&#8221; media=&#8221;21&#8243; css_animation=&#8221;alpha-anim&#8221; media_width_pixel=&#8221;60px&#8221;][\/vc_single_image][vc_custom_heading css_animation=&#8221;alpha-anim&#8221; el_class=&#8221;title-stroked mt-adapt-3&#8243;]Inscription as a volunteer[\/vc_custom_heading][\/vc_column][vc_column position_horizontal=&#8221;&#8221; mobile_visibility=&#8221;yes&#8221; mobile_width=&#8221;11&#8243; shift_x=&#8221;0&#8243; shift_y=&#8221;0&#8243; z_index=&#8221;0&#8243; width=&#8221;1\/12&#8243;][\/vc_column][vc_column position_horizontal=&#8221;&#8221; mobile_width=&#8221;11&#8243; shift_x=&#8221;0&#8243; shift_y=&#8221;0&#8243; [&hellip;]<\/p>\n","protected":false},"author":1,"featured_media":0,"parent":0,"menu_order":0,"comment_status":"closed","ping_status":"closed","template":"","meta":{"_acf_changed":false,"footnotes":""},"page-category":[],"class_list":["post-122523","page","type-page","status-publish","hentry"],"acf":[],"yoast_head":"<!-- This site is optimized with the Yoast SEO Premium plugin v19.5 (Yoast SEO v27.0) - https:\/\/yoast.com\/product\/yoast-seo-premium-wordpress\/ -->\n<title>Volunteering Form - [STG] Rota Vicentina<\/title>\n<meta name=\"robots\" content=\"noindex, follow, max-snippet:-1, max-image-preview:large, max-video-preview:-1\" \/>\n<meta property=\"og:locale\" content=\"en_US\" \/>\n<meta property=\"og:type\" content=\"article\" \/>\n<meta property=\"og:title\" content=\"Volunteering Form - [STG] Rota Vicentina\" \/>\n<meta property=\"og:description\" content=\"[vc_row unlock_row_content=&#8221;&#8221; row_height_percent=&#8221;0&#8243; back_image=&#8221;79531&#8243; shift_y=&#8221;0&#8243; z_index=&#8221;0&#8243; row_height_pixel=&#8221;465px&#8221;][vc_column position_horizontal=&#8221;&#8221; position_vertical=&#8221;d-md-flex align-items-md-end&#8221; style=&#8221;dark&#8221; mobile_width=&#8221;11&#8243; shift_x=&#8221;0&#8243; shift_y=&#8221;0&#8243; z_index=&#8221;0&#8243; width=&#8221;1\/1&#8243;][vc_custom_heading heading_semantic=&#8221;h1&#8243; text_size=&#8221;&#8221; el_class=&#8221;alternative-font big-title&#8221;]Volunteering[\/vc_custom_heading][\/vc_column][\/vc_row][vc_row unlock_row_content=&#8221;&#8221; row_height_percent=&#8221;0&#8243; override_padding=&#8221;yes&#8221; h_padding=&#8221;0&#8243; top_padding=&#8221;3&#8243; bottom_padding=&#8221;4&#8243; shift_y=&#8221;0&#8243; z_index=&#8221;0&#8243;][vc_column position_horizontal=&#8221;&#8221; mobile_width=&#8221;11&#8243; shift_x=&#8221;0&#8243; shift_y=&#8221;0&#8243; z_index=&#8221;0&#8243; width=&#8221;5\/12&#8243;][vc_single_image media_div=&#8221;svginline&#8221; media=&#8221;21&#8243; css_animation=&#8221;alpha-anim&#8221; media_width_pixel=&#8221;60px&#8221;][\/vc_single_image][vc_custom_heading css_animation=&#8221;alpha-anim&#8221; el_class=&#8221;title-stroked mt-adapt-3&#8243;]Inscription as a volunteer[\/vc_custom_heading][\/vc_column][vc_column position_horizontal=&#8221;&#8221; mobile_visibility=&#8221;yes&#8221; mobile_width=&#8221;11&#8243; shift_x=&#8221;0&#8243; shift_y=&#8221;0&#8243; z_index=&#8221;0&#8243; width=&#8221;1\/12&#8243;][\/vc_column][vc_column position_horizontal=&#8221;&#8221; mobile_width=&#8221;11&#8243; shift_x=&#8221;0&#8243; shift_y=&#8221;0&#8243; [&hellip;]\" \/>\n<meta property=\"og:url\" content=\"https:\/\/rv-stg.fera.miewstudio.com\/en\/volunteering-form\/\" \/>\n<meta property=\"og:site_name\" content=\"[STG] Rota Vicentina\" \/>\n<meta property=\"article:publisher\" content=\"https:\/\/www.facebook.com\/rotavicentina\" \/>\n<meta property=\"article:modified_time\" content=\"2024-10-17T09:08:55+00:00\" \/>\n<meta name=\"twitter:card\" content=\"summary_large_image\" \/>\n<meta name=\"twitter:site\" content=\"@RotaVicentina\" \/>\n<meta name=\"twitter:label1\" content=\"Est. reading time\" \/>\n\t<meta name=\"twitter:data1\" content=\"1 minute\" \/>\n<script type=\"application\/ld+json\" class=\"yoast-schema-graph\">{\"@context\":\"https:\/\/schema.org\",\"@graph\":[{\"@type\":\"WebPage\",\"@id\":\"https:\/\/rv-stg.fera.miewstudio.com\/en\/volunteering-form\/\",\"url\":\"https:\/\/rv-stg.fera.miewstudio.com\/en\/volunteering-form\/\",\"name\":\"Volunteering Form - [STG] Rota Vicentina\",\"isPartOf\":{\"@id\":\"https:\/\/rv-stg.fera.miewstudio.com\/en\/#website\"},\"datePublished\":\"2021-11-09T12:23:02+00:00\",\"dateModified\":\"2024-10-17T09:08:55+00:00\",\"inLanguage\":\"en-US\",\"potentialAction\":[{\"@type\":\"ReadAction\",\"target\":[\"https:\/\/rv-stg.fera.miewstudio.com\/en\/volunteering-form\/\"]}]},{\"@type\":\"WebSite\",\"@id\":\"https:\/\/rv-stg.fera.miewstudio.com\/en\/#website\",\"url\":\"https:\/\/rv-stg.fera.miewstudio.com\/en\/\",\"name\":\"[STG] Rota Vicentina\",\"description\":\"A p\u00e9 pelo Trilho dos Pescadores, Caminho Hist\u00f3rico ou Percursos Circulares ou v\u00e1 de bicicleta pelos mais de 1000km de Trilhos de Bicicleta na Rota Vicentina.\",\"publisher\":{\"@id\":\"https:\/\/rv-stg.fera.miewstudio.com\/en\/#organization\"},\"potentialAction\":[{\"@type\":\"SearchAction\",\"target\":{\"@type\":\"EntryPoint\",\"urlTemplate\":\"https:\/\/rv-stg.fera.miewstudio.com\/en\/?s={search_term_string}\"},\"query-input\":{\"@type\":\"PropertyValueSpecification\",\"valueRequired\":true,\"valueName\":\"search_term_string\"}}],\"inLanguage\":\"en-US\"},{\"@type\":\"Organization\",\"@id\":\"https:\/\/rv-stg.fera.miewstudio.com\/en\/#organization\",\"name\":\"[STG] Rota Vicentina\",\"url\":\"https:\/\/rv-stg.fera.miewstudio.com\/en\/\",\"logo\":{\"@type\":\"ImageObject\",\"inLanguage\":\"en-US\",\"@id\":\"https:\/\/rv-stg.fera.miewstudio.com\/en\/#\/schema\/logo\/image\/\",\"url\":\"https:\/\/rv-stg.fera.miewstudio.com\/wp-content\/uploads\/2023\/02\/Rota-Vicentina-SW-Portugal.jpg\",\"contentUrl\":\"https:\/\/rv-stg.fera.miewstudio.com\/wp-content\/uploads\/2023\/02\/Rota-Vicentina-SW-Portugal.jpg\",\"width\":\"852\",\"height\":\"480\",\"caption\":\"[STG] Rota Vicentina\"},\"image\":{\"@id\":\"https:\/\/rv-stg.fera.miewstudio.com\/en\/#\/schema\/logo\/image\/\"},\"sameAs\":[\"https:\/\/www.facebook.com\/rotavicentina\",\"https:\/\/x.com\/RotaVicentina\",\"https:\/\/www.instagram.com\/rotavicentina\/\",\"https:\/\/pt.linkedin.com\/company\/rota-vicentina\"]}]}<\/script>\n<!-- \/ Yoast SEO Premium plugin. -->","yoast_head_json":{"title":"Volunteering Form - [STG] Rota Vicentina","robots":{"index":"noindex","follow":"follow","max-snippet":"max-snippet:-1","max-image-preview":"max-image-preview:large","max-video-preview":"max-video-preview:-1"},"og_locale":"en_US","og_type":"article","og_title":"Volunteering Form - [STG] Rota Vicentina","og_description":"[vc_row unlock_row_content=&#8221;&#8221; row_height_percent=&#8221;0&#8243; back_image=&#8221;79531&#8243; shift_y=&#8221;0&#8243; z_index=&#8221;0&#8243; row_height_pixel=&#8221;465px&#8221;][vc_column position_horizontal=&#8221;&#8221; position_vertical=&#8221;d-md-flex align-items-md-end&#8221; style=&#8221;dark&#8221; mobile_width=&#8221;11&#8243; shift_x=&#8221;0&#8243; shift_y=&#8221;0&#8243; z_index=&#8221;0&#8243; width=&#8221;1\/1&#8243;][vc_custom_heading heading_semantic=&#8221;h1&#8243; text_size=&#8221;&#8221; el_class=&#8221;alternative-font big-title&#8221;]Volunteering[\/vc_custom_heading][\/vc_column][\/vc_row][vc_row unlock_row_content=&#8221;&#8221; row_height_percent=&#8221;0&#8243; override_padding=&#8221;yes&#8221; h_padding=&#8221;0&#8243; top_padding=&#8221;3&#8243; bottom_padding=&#8221;4&#8243; shift_y=&#8221;0&#8243; z_index=&#8221;0&#8243;][vc_column position_horizontal=&#8221;&#8221; mobile_width=&#8221;11&#8243; shift_x=&#8221;0&#8243; shift_y=&#8221;0&#8243; z_index=&#8221;0&#8243; width=&#8221;5\/12&#8243;][vc_single_image media_div=&#8221;svginline&#8221; media=&#8221;21&#8243; css_animation=&#8221;alpha-anim&#8221; media_width_pixel=&#8221;60px&#8221;][\/vc_single_image][vc_custom_heading css_animation=&#8221;alpha-anim&#8221; el_class=&#8221;title-stroked mt-adapt-3&#8243;]Inscription as a volunteer[\/vc_custom_heading][\/vc_column][vc_column position_horizontal=&#8221;&#8221; mobile_visibility=&#8221;yes&#8221; mobile_width=&#8221;11&#8243; shift_x=&#8221;0&#8243; shift_y=&#8221;0&#8243; z_index=&#8221;0&#8243; width=&#8221;1\/12&#8243;][\/vc_column][vc_column position_horizontal=&#8221;&#8221; mobile_width=&#8221;11&#8243; shift_x=&#8221;0&#8243; shift_y=&#8221;0&#8243; [&hellip;]","og_url":"https:\/\/rv-stg.fera.miewstudio.com\/en\/volunteering-form\/","og_site_name":"[STG] Rota Vicentina","article_publisher":"https:\/\/www.facebook.com\/rotavicentina","article_modified_time":"2024-10-17T09:08:55+00:00","twitter_card":"summary_large_image","twitter_site":"@RotaVicentina","twitter_misc":{"Est. reading time":"1 minute"},"schema":{"@context":"https:\/\/schema.org","@graph":[{"@type":"WebPage","@id":"https:\/\/rv-stg.fera.miewstudio.com\/en\/volunteering-form\/","url":"https:\/\/rv-stg.fera.miewstudio.com\/en\/volunteering-form\/","name":"Volunteering Form - [STG] Rota Vicentina","isPartOf":{"@id":"https:\/\/rv-stg.fera.miewstudio.com\/en\/#website"},"datePublished":"2021-11-09T12:23:02+00:00","dateModified":"2024-10-17T09:08:55+00:00","inLanguage":"en-US","potentialAction":[{"@type":"ReadAction","target":["https:\/\/rv-stg.fera.miewstudio.com\/en\/volunteering-form\/"]}]},{"@type":"WebSite","@id":"https:\/\/rv-stg.fera.miewstudio.com\/en\/#website","url":"https:\/\/rv-stg.fera.miewstudio.com\/en\/","name":"[STG] Rota Vicentina","description":"A p\u00e9 pelo Trilho dos Pescadores, Caminho Hist\u00f3rico ou Percursos Circulares ou v\u00e1 de bicicleta pelos mais de 1000km de Trilhos de Bicicleta na Rota Vicentina.","publisher":{"@id":"https:\/\/rv-stg.fera.miewstudio.com\/en\/#organization"},"potentialAction":[{"@type":"SearchAction","target":{"@type":"EntryPoint","urlTemplate":"https:\/\/rv-stg.fera.miewstudio.com\/en\/?s={search_term_string}"},"query-input":{"@type":"PropertyValueSpecification","valueRequired":true,"valueName":"search_term_string"}}],"inLanguage":"en-US"},{"@type":"Organization","@id":"https:\/\/rv-stg.fera.miewstudio.com\/en\/#organization","name":"[STG] Rota Vicentina","url":"https:\/\/rv-stg.fera.miewstudio.com\/en\/","logo":{"@type":"ImageObject","inLanguage":"en-US","@id":"https:\/\/rv-stg.fera.miewstudio.com\/en\/#\/schema\/logo\/image\/","url":"https:\/\/rv-stg.fera.miewstudio.com\/wp-content\/uploads\/2023\/02\/Rota-Vicentina-SW-Portugal.jpg","contentUrl":"https:\/\/rv-stg.fera.miewstudio.com\/wp-content\/uploads\/2023\/02\/Rota-Vicentina-SW-Portugal.jpg","width":"852","height":"480","caption":"[STG] Rota Vicentina"},"image":{"@id":"https:\/\/rv-stg.fera.miewstudio.com\/en\/#\/schema\/logo\/image\/"},"sameAs":["https:\/\/www.facebook.com\/rotavicentina","https:\/\/x.com\/RotaVicentina","https:\/\/www.instagram.com\/rotavicentina\/","https:\/\/pt.linkedin.com\/company\/rota-vicentina"]}]}},"_links":{"self":[{"href":"https:\/\/rv-stg.fera.miewstudio.com\/en\/wp-json\/wp\/v2\/pages\/122523","targetHints":{"allow":["GET"]}}],"collection":[{"href":"https:\/\/rv-stg.fera.miewstudio.com\/en\/wp-json\/wp\/v2\/pages"}],"about":[{"href":"https:\/\/rv-stg.fera.miewstudio.com\/en\/wp-json\/wp\/v2\/types\/page"}],"author":[{"embeddable":true,"href":"https:\/\/rv-stg.fera.miewstudio.com\/en\/wp-json\/wp\/v2\/users\/1"}],"replies":[{"embeddable":true,"href":"https:\/\/rv-stg.fera.miewstudio.com\/en\/wp-json\/wp\/v2\/comments?post=122523"}],"version-history":[{"count":0,"href":"https:\/\/rv-stg.fera.miewstudio.com\/en\/wp-json\/wp\/v2\/pages\/122523\/revisions"}],"wp:attachment":[{"href":"https:\/\/rv-stg.fera.miewstudio.com\/en\/wp-json\/wp\/v2\/media?parent=122523"}],"wp:term":[{"taxonomy":"page-category","embeddable":true,"href":"https:\/\/rv-stg.fera.miewstudio.com\/en\/wp-json\/wp\/v2\/page-category?post=122523"}],"curies":[{"name":"wp","href":"https:\/\/api.w.org\/{rel}","templated":true}]}}