{"id":91182,"date":"2022-10-03T08:58:00","date_gmt":"2022-10-03T08:58:00","guid":{"rendered":"https:\/\/rotavicentina.miewstudio.com\/product\/t-shirt-weiss\/"},"modified":"2025-01-03T18:04:19","modified_gmt":"2025-01-03T18:04:19","slug":"t-shirt-weiss","status":"publish","type":"product","link":"https:\/\/rv-stg.fera.miewstudio.com\/de\/produkt\/t-shirt-weiss\/","title":{"rendered":"T-Shirt \u2013 Wei\u00df"},"content":{"rendered":"<p>Wei\u00dfes T-Shirt mit Linie\/Karte von <a href=\"https:\/\/rv-stg.fera.miewstudio.com\/walking\/trilho-dos-pescadores\/\"><strong>Fischerpfad<\/strong><\/a> und <a href=\"https:\/\/rv-stg.fera.miewstudio.com\/walking\/caminho-historico\/\"><strong>Historischer Weg<\/strong><\/a>.<\/p>\n","protected":false},"excerpt":{"rendered":"<p>Das offizielle T-Shirt der Rota Vicentina, in Portugal aus sozial- und umweltverantwortlichen Stoffen hergestellt. Es ist in verschiedenen Gr\u00f6\u00dfen erh\u00e4ltlich, von XS bis XL.<\/p>\n","protected":false},"featured_media":59551,"template":"","meta":{"_acf_changed":false},"product_brand":[],"product_cat":[1655],"product_tag":[],"class_list":{"0":"post-91182","1":"product","2":"type-product","3":"status-publish","4":"has-post-thumbnail","6":"product_cat-kleidung-de","7":"product_shipping_class-padrao-de","8":"product_shipping_class-padrao-en","10":"first","11":"outofstock","12":"purchasable","13":"product-type-variable"},"acf":[],"yoast_head":"<!-- This site is optimized with the Yoast SEO Premium plugin v19.5 (Yoast SEO v27.0) - https:\/\/yoast.com\/product\/yoast-seo-premium-wordpress\/ -->\n<title>T-Shirt \u2013 Wei\u00df - [STG] Rota Vicentina<\/title>\n<meta name=\"description\" content=\"Das offizielle T-Shirt der Rota Vicentina, in Portugal aus sozial- und umweltverantwortlichen Stoffen hergestellt. Es ist in verschiedenen Gr\u00f6\u00dfen erh\u00e4ltlich, von XS bis XL.\" \/>\n<meta name=\"robots\" content=\"noindex, follow, max-snippet:-1, max-image-preview:large, max-video-preview:-1\" \/>\n<meta property=\"og:locale\" content=\"de_DE\" \/>\n<meta property=\"og:type\" content=\"article\" \/>\n<meta property=\"og:title\" content=\"T-Shirt \u2013 Wei\u00df - [STG] Rota Vicentina\" \/>\n<meta property=\"og:description\" content=\"Das offizielle T-Shirt der Rota Vicentina, in Portugal aus sozial- und umweltverantwortlichen Stoffen hergestellt. Es ist in verschiedenen Gr\u00f6\u00dfen erh\u00e4ltlich, von XS bis XL.\" \/>\n<meta property=\"og:url\" content=\"https:\/\/rv-stg.fera.miewstudio.com\/de\/produkt\/t-shirt-weiss\/\" \/>\n<meta property=\"og:site_name\" content=\"[STG] Rota Vicentina\" \/>\n<meta property=\"article:publisher\" content=\"https:\/\/www.facebook.com\/rotavicentina\" \/>\n<meta property=\"article:modified_time\" content=\"2025-01-03T18:04:19+00:00\" \/>\n<meta property=\"og:image\" content=\"https:\/\/rv-stg.fera.miewstudio.com\/wp-content\/uploads\/2019\/09\/principal-2.jpg\" \/>\n\t<meta property=\"og:image:width\" content=\"1000\" \/>\n\t<meta property=\"og:image:height\" content=\"667\" \/>\n\t<meta property=\"og:image:type\" content=\"image\/jpeg\" \/>\n<meta name=\"twitter:card\" content=\"summary_large_image\" \/>\n<meta name=\"twitter:site\" content=\"@RotaVicentina\" \/>\n<meta name=\"twitter:label1\" content=\"Gesch\u00e4tzte Lesezeit\" \/>\n\t<meta name=\"twitter:data1\" content=\"1\u00a0Minute\" \/>\n<script type=\"application\/ld+json\" class=\"yoast-schema-graph\">{\"@context\":\"https:\/\/schema.org\",\"@graph\":[{\"@type\":\"WebPage\",\"@id\":\"https:\/\/rv-stg.fera.miewstudio.com\/de\/produkt\/t-shirt-weiss\/\",\"url\":\"https:\/\/rv-stg.fera.miewstudio.com\/de\/produkt\/t-shirt-weiss\/\",\"name\":\"T-Shirt \u2013 Wei\u00df - [STG] Rota Vicentina\",\"isPartOf\":{\"@id\":\"https:\/\/rv-stg.fera.miewstudio.com\/de\/#website\"},\"primaryImageOfPage\":{\"@id\":\"https:\/\/rv-stg.fera.miewstudio.com\/de\/produkt\/t-shirt-weiss\/#primaryimage\"},\"image\":{\"@id\":\"https:\/\/rv-stg.fera.miewstudio.com\/de\/produkt\/t-shirt-weiss\/#primaryimage\"},\"thumbnailUrl\":\"https:\/\/rv-stg.fera.miewstudio.com\/wp-content\/uploads\/2019\/09\/principal-2.jpg\",\"datePublished\":\"2022-10-03T08:58:00+00:00\",\"dateModified\":\"2025-01-03T18:04:19+00:00\",\"description\":\"Das offizielle T-Shirt der Rota Vicentina, in Portugal aus sozial- und umweltverantwortlichen Stoffen hergestellt. Es ist in verschiedenen Gr\u00f6\u00dfen erh\u00e4ltlich, von XS bis XL.\",\"breadcrumb\":{\"@id\":\"https:\/\/rv-stg.fera.miewstudio.com\/de\/produkt\/t-shirt-weiss\/#breadcrumb\"},\"inLanguage\":\"de\",\"potentialAction\":[{\"@type\":\"ReadAction\",\"target\":[\"https:\/\/rv-stg.fera.miewstudio.com\/de\/produkt\/t-shirt-weiss\/\"]}]},{\"@type\":\"ImageObject\",\"inLanguage\":\"de\",\"@id\":\"https:\/\/rv-stg.fera.miewstudio.com\/de\/produkt\/t-shirt-weiss\/#primaryimage\",\"url\":\"https:\/\/rv-stg.fera.miewstudio.com\/wp-content\/uploads\/2019\/09\/principal-2.jpg\",\"contentUrl\":\"https:\/\/rv-stg.fera.miewstudio.com\/wp-content\/uploads\/2019\/09\/principal-2.jpg\",\"width\":1000,\"height\":667},{\"@type\":\"BreadcrumbList\",\"@id\":\"https:\/\/rv-stg.fera.miewstudio.com\/de\/produkt\/t-shirt-weiss\/#breadcrumb\",\"itemListElement\":[{\"@type\":\"ListItem\",\"position\":1,\"name\":\"Online-Shop\",\"item\":\"https:\/\/rv-stg.fera.miewstudio.com\/de\/shop\/\"},{\"@type\":\"ListItem\",\"position\":2,\"name\":\"T-Shirt \u2013 Wei\u00df\"}]},{\"@type\":\"WebSite\",\"@id\":\"https:\/\/rv-stg.fera.miewstudio.com\/de\/#website\",\"url\":\"https:\/\/rv-stg.fera.miewstudio.com\/de\/\",\"name\":\"[STG] Rota Vicentina\",\"description\":\"A p\u00e9 pelo Trilho dos Pescadores, Caminho Hist\u00f3rico ou Percursos Circulares ou v\u00e1 de bicicleta pelos mais de 1000km de Trilhos de Bicicleta na Rota Vicentina.\",\"publisher\":{\"@id\":\"https:\/\/rv-stg.fera.miewstudio.com\/de\/#organization\"},\"potentialAction\":[{\"@type\":\"SearchAction\",\"target\":{\"@type\":\"EntryPoint\",\"urlTemplate\":\"https:\/\/rv-stg.fera.miewstudio.com\/de\/?s={search_term_string}\"},\"query-input\":{\"@type\":\"PropertyValueSpecification\",\"valueRequired\":true,\"valueName\":\"search_term_string\"}}],\"inLanguage\":\"de\"},{\"@type\":\"Organization\",\"@id\":\"https:\/\/rv-stg.fera.miewstudio.com\/de\/#organization\",\"name\":\"[STG] Rota Vicentina\",\"url\":\"https:\/\/rv-stg.fera.miewstudio.com\/de\/\",\"logo\":{\"@type\":\"ImageObject\",\"inLanguage\":\"de\",\"@id\":\"https:\/\/rv-stg.fera.miewstudio.com\/de\/#\/schema\/logo\/image\/\",\"url\":\"https:\/\/rv-stg.fera.miewstudio.com\/wp-content\/uploads\/2023\/02\/Rota-Vicentina-SW-Portugal.jpg\",\"contentUrl\":\"https:\/\/rv-stg.fera.miewstudio.com\/wp-content\/uploads\/2023\/02\/Rota-Vicentina-SW-Portugal.jpg\",\"width\":\"852\",\"height\":\"480\",\"caption\":\"[STG] Rota Vicentina\"},\"image\":{\"@id\":\"https:\/\/rv-stg.fera.miewstudio.com\/de\/#\/schema\/logo\/image\/\"},\"sameAs\":[\"https:\/\/www.facebook.com\/rotavicentina\",\"https:\/\/x.com\/RotaVicentina\",\"https:\/\/www.instagram.com\/rotavicentina\/\",\"https:\/\/pt.linkedin.com\/company\/rota-vicentina\"]}]}<\/script>\n<!-- \/ Yoast SEO Premium plugin. -->","yoast_head_json":{"title":"T-Shirt \u2013 Wei\u00df - [STG] Rota Vicentina","description":"Das offizielle T-Shirt der Rota Vicentina, in Portugal aus sozial- und umweltverantwortlichen Stoffen hergestellt. Es ist in verschiedenen Gr\u00f6\u00dfen erh\u00e4ltlich, von XS bis XL.","robots":{"index":"noindex","follow":"follow","max-snippet":"max-snippet:-1","max-image-preview":"max-image-preview:large","max-video-preview":"max-video-preview:-1"},"og_locale":"de_DE","og_type":"article","og_title":"T-Shirt \u2013 Wei\u00df - [STG] Rota Vicentina","og_description":"Das offizielle T-Shirt der Rota Vicentina, in Portugal aus sozial- und umweltverantwortlichen Stoffen hergestellt. Es ist in verschiedenen Gr\u00f6\u00dfen erh\u00e4ltlich, von XS bis XL.","og_url":"https:\/\/rv-stg.fera.miewstudio.com\/de\/produkt\/t-shirt-weiss\/","og_site_name":"[STG] Rota Vicentina","article_publisher":"https:\/\/www.facebook.com\/rotavicentina","article_modified_time":"2025-01-03T18:04:19+00:00","og_image":[{"width":1000,"height":667,"url":"https:\/\/rv-stg.fera.miewstudio.com\/wp-content\/uploads\/2019\/09\/principal-2.jpg","type":"image\/jpeg"}],"twitter_card":"summary_large_image","twitter_site":"@RotaVicentina","twitter_misc":{"Gesch\u00e4tzte Lesezeit":"1\u00a0Minute"},"schema":{"@context":"https:\/\/schema.org","@graph":[{"@type":"WebPage","@id":"https:\/\/rv-stg.fera.miewstudio.com\/de\/produkt\/t-shirt-weiss\/","url":"https:\/\/rv-stg.fera.miewstudio.com\/de\/produkt\/t-shirt-weiss\/","name":"T-Shirt \u2013 Wei\u00df - [STG] Rota Vicentina","isPartOf":{"@id":"https:\/\/rv-stg.fera.miewstudio.com\/de\/#website"},"primaryImageOfPage":{"@id":"https:\/\/rv-stg.fera.miewstudio.com\/de\/produkt\/t-shirt-weiss\/#primaryimage"},"image":{"@id":"https:\/\/rv-stg.fera.miewstudio.com\/de\/produkt\/t-shirt-weiss\/#primaryimage"},"thumbnailUrl":"https:\/\/rv-stg.fera.miewstudio.com\/wp-content\/uploads\/2019\/09\/principal-2.jpg","datePublished":"2022-10-03T08:58:00+00:00","dateModified":"2025-01-03T18:04:19+00:00","description":"Das offizielle T-Shirt der Rota Vicentina, in Portugal aus sozial- und umweltverantwortlichen Stoffen hergestellt. Es ist in verschiedenen Gr\u00f6\u00dfen erh\u00e4ltlich, von XS bis XL.","breadcrumb":{"@id":"https:\/\/rv-stg.fera.miewstudio.com\/de\/produkt\/t-shirt-weiss\/#breadcrumb"},"inLanguage":"de","potentialAction":[{"@type":"ReadAction","target":["https:\/\/rv-stg.fera.miewstudio.com\/de\/produkt\/t-shirt-weiss\/"]}]},{"@type":"ImageObject","inLanguage":"de","@id":"https:\/\/rv-stg.fera.miewstudio.com\/de\/produkt\/t-shirt-weiss\/#primaryimage","url":"https:\/\/rv-stg.fera.miewstudio.com\/wp-content\/uploads\/2019\/09\/principal-2.jpg","contentUrl":"https:\/\/rv-stg.fera.miewstudio.com\/wp-content\/uploads\/2019\/09\/principal-2.jpg","width":1000,"height":667},{"@type":"BreadcrumbList","@id":"https:\/\/rv-stg.fera.miewstudio.com\/de\/produkt\/t-shirt-weiss\/#breadcrumb","itemListElement":[{"@type":"ListItem","position":1,"name":"Online-Shop","item":"https:\/\/rv-stg.fera.miewstudio.com\/de\/shop\/"},{"@type":"ListItem","position":2,"name":"T-Shirt \u2013 Wei\u00df"}]},{"@type":"WebSite","@id":"https:\/\/rv-stg.fera.miewstudio.com\/de\/#website","url":"https:\/\/rv-stg.fera.miewstudio.com\/de\/","name":"[STG] Rota Vicentina","description":"A p\u00e9 pelo Trilho dos Pescadores, Caminho Hist\u00f3rico ou Percursos Circulares ou v\u00e1 de bicicleta pelos mais de 1000km de Trilhos de Bicicleta na Rota Vicentina.","publisher":{"@id":"https:\/\/rv-stg.fera.miewstudio.com\/de\/#organization"},"potentialAction":[{"@type":"SearchAction","target":{"@type":"EntryPoint","urlTemplate":"https:\/\/rv-stg.fera.miewstudio.com\/de\/?s={search_term_string}"},"query-input":{"@type":"PropertyValueSpecification","valueRequired":true,"valueName":"search_term_string"}}],"inLanguage":"de"},{"@type":"Organization","@id":"https:\/\/rv-stg.fera.miewstudio.com\/de\/#organization","name":"[STG] Rota Vicentina","url":"https:\/\/rv-stg.fera.miewstudio.com\/de\/","logo":{"@type":"ImageObject","inLanguage":"de","@id":"https:\/\/rv-stg.fera.miewstudio.com\/de\/#\/schema\/logo\/image\/","url":"https:\/\/rv-stg.fera.miewstudio.com\/wp-content\/uploads\/2023\/02\/Rota-Vicentina-SW-Portugal.jpg","contentUrl":"https:\/\/rv-stg.fera.miewstudio.com\/wp-content\/uploads\/2023\/02\/Rota-Vicentina-SW-Portugal.jpg","width":"852","height":"480","caption":"[STG] Rota Vicentina"},"image":{"@id":"https:\/\/rv-stg.fera.miewstudio.com\/de\/#\/schema\/logo\/image\/"},"sameAs":["https:\/\/www.facebook.com\/rotavicentina","https:\/\/x.com\/RotaVicentina","https:\/\/www.instagram.com\/rotavicentina\/","https:\/\/pt.linkedin.com\/company\/rota-vicentina"]}]}},"_links":{"self":[{"href":"https:\/\/rv-stg.fera.miewstudio.com\/de\/wp-json\/wp\/v2\/product\/91182","targetHints":{"allow":["GET"]}}],"collection":[{"href":"https:\/\/rv-stg.fera.miewstudio.com\/de\/wp-json\/wp\/v2\/product"}],"about":[{"href":"https:\/\/rv-stg.fera.miewstudio.com\/de\/wp-json\/wp\/v2\/types\/product"}],"wp:featuredmedia":[{"embeddable":true,"href":"https:\/\/rv-stg.fera.miewstudio.com\/de\/wp-json\/wp\/v2\/media\/59551"}],"wp:attachment":[{"href":"https:\/\/rv-stg.fera.miewstudio.com\/de\/wp-json\/wp\/v2\/media?parent=91182"}],"wp:term":[{"taxonomy":"product_brand","embeddable":true,"href":"https:\/\/rv-stg.fera.miewstudio.com\/de\/wp-json\/wp\/v2\/product_brand?post=91182"},{"taxonomy":"product_cat","embeddable":true,"href":"https:\/\/rv-stg.fera.miewstudio.com\/de\/wp-json\/wp\/v2\/product_cat?post=91182"},{"taxonomy":"product_tag","embeddable":true,"href":"https:\/\/rv-stg.fera.miewstudio.com\/de\/wp-json\/wp\/v2\/product_tag?post=91182"}],"curies":[{"name":"wp","href":"https:\/\/api.w.org\/{rel}","templated":true}]}}