{"id":91181,"date":"2022-10-03T08:58:00","date_gmt":"2022-10-03T08:58:00","guid":{"rendered":"https:\/\/rotavicentina.miewstudio.com\/product\/karte\/"},"modified":"2025-11-11T09:57:52","modified_gmt":"2025-11-11T09:57:52","slug":"karte","status":"publish","type":"product","link":"https:\/\/rv-stg.fera.miewstudio.com\/de\/produkt\/karte\/","title":{"rendered":"Karte 1:55 000"},"content":{"rendered":"<p>Topografische Karte des <a href=\"https:\/\/rv-stg.fera.miewstudio.com\/walking\/trilho-dos-pescadores\/\"><strong>Fu\u00dfwanderwegenetzwerks<\/strong><\/a> der Rota Vicentina im Ma\u00dfstab 1:55.000, staub- und spritzwasserbest\u00e4ndig.<\/p>\n<p>Sie enth\u00e4lt alle Einzelheiten zum <strong>Historischen Weg<\/strong>, dem<strong> Fischerpfad<\/strong> und den <strong>Rundwegen sowie<\/strong> zu Dienstleistungen, touristischen Angeboten und Wissenswertem.<\/p>\n","protected":false},"excerpt":{"rendered":"<p><strong>Offiziell eine topografische Landkarte der Rota Vicentina-Wanderwege im Ma\u00dfstab 1:55 000!<br \/>\n<\/strong><strong><br \/>\n<\/strong>Wenn Sie auf der Rota Vicentina spazieren gehen oder Sw Portugal besuchen, ist eine gute Karte alles, was Sie brauchen, um einen Schritt voraus zu sein. Nehmen Sie alle wichtigen Informationen mit!<\/p>\n","protected":false},"featured_media":59560,"template":"","meta":{"_acf_changed":false},"product_brand":[],"product_cat":[1598],"product_tag":[],"class_list":{"0":"post-91181","1":"product","2":"type-product","3":"status-publish","4":"has-post-thumbnail","6":"product_cat-karten-de","7":"product_shipping_class-padrao-de","8":"product_shipping_class-padrao-en","10":"first","11":"instock","12":"purchasable","13":"product-type-simple"},"acf":[],"yoast_head":"<!-- This site is optimized with the Yoast SEO Premium plugin v19.5 (Yoast SEO v27.0) - https:\/\/yoast.com\/product\/yoast-seo-premium-wordpress\/ -->\n<title>Offiziell eine topografische Landkarte der Rota Vicentina-Wanderwege im Ma\u00dfstab 1:55 000!<\/title>\n<meta name=\"description\" content=\"Topografische Karte des Fu\u00dfwanderwegenetzwerks der Rota Vicentina im Ma\u00dfstab 1:55.000: Historischen Weg, dem Fischerpfad und den Rundwegen.\" \/>\n<meta name=\"robots\" content=\"noindex, follow, max-snippet:-1, max-image-preview:large, max-video-preview:-1\" \/>\n<meta property=\"og:locale\" content=\"de_DE\" \/>\n<meta property=\"og:type\" content=\"article\" \/>\n<meta property=\"og:title\" content=\"Offiziell eine topografische Landkarte der Rota Vicentina-Wanderwege im Ma\u00dfstab 1:55 000!\" \/>\n<meta property=\"og:description\" content=\"Topografische Karte des Fu\u00dfwanderwegenetzwerks der Rota Vicentina im Ma\u00dfstab 1:55.000: Historischen Weg, dem Fischerpfad und den Rundwegen.\" \/>\n<meta property=\"og:url\" content=\"https:\/\/rv-stg.fera.miewstudio.com\/de\/produkt\/karte\/\" \/>\n<meta property=\"og:site_name\" content=\"[STG] Rota Vicentina\" \/>\n<meta property=\"article:publisher\" content=\"https:\/\/www.facebook.com\/rotavicentina\" \/>\n<meta property=\"article:modified_time\" content=\"2025-11-11T09:57:52+00:00\" \/>\n<meta property=\"og:image\" content=\"https:\/\/rv-stg.fera.miewstudio.com\/wp-content\/uploads\/2019\/09\/principal-1.jpg\" \/>\n\t<meta property=\"og:image:width\" content=\"1000\" \/>\n\t<meta property=\"og:image:height\" content=\"667\" \/>\n\t<meta property=\"og:image:type\" content=\"image\/jpeg\" \/>\n<meta name=\"twitter:card\" content=\"summary_large_image\" \/>\n<meta name=\"twitter:site\" content=\"@RotaVicentina\" \/>\n<meta name=\"twitter:label1\" content=\"Gesch\u00e4tzte Lesezeit\" \/>\n\t<meta name=\"twitter:data1\" content=\"1\u00a0Minute\" \/>\n<script type=\"application\/ld+json\" class=\"yoast-schema-graph\">{\"@context\":\"https:\/\/schema.org\",\"@graph\":[{\"@type\":\"WebPage\",\"@id\":\"https:\/\/rv-stg.fera.miewstudio.com\/de\/produkt\/karte\/\",\"url\":\"https:\/\/rv-stg.fera.miewstudio.com\/de\/produkt\/karte\/\",\"name\":\"Offiziell eine topografische Landkarte der Rota Vicentina-Wanderwege im Ma\u00dfstab 1:55 000!\",\"isPartOf\":{\"@id\":\"https:\/\/rv-stg.fera.miewstudio.com\/de\/#website\"},\"primaryImageOfPage\":{\"@id\":\"https:\/\/rv-stg.fera.miewstudio.com\/de\/produkt\/karte\/#primaryimage\"},\"image\":{\"@id\":\"https:\/\/rv-stg.fera.miewstudio.com\/de\/produkt\/karte\/#primaryimage\"},\"thumbnailUrl\":\"https:\/\/rv-stg.fera.miewstudio.com\/wp-content\/uploads\/2019\/09\/principal-1.jpg\",\"datePublished\":\"2022-10-03T08:58:00+00:00\",\"dateModified\":\"2025-11-11T09:57:52+00:00\",\"description\":\"Topografische Karte des Fu\u00dfwanderwegenetzwerks der Rota Vicentina im Ma\u00dfstab 1:55.000: Historischen Weg, dem Fischerpfad und den Rundwegen.\",\"breadcrumb\":{\"@id\":\"https:\/\/rv-stg.fera.miewstudio.com\/de\/produkt\/karte\/#breadcrumb\"},\"inLanguage\":\"de\",\"potentialAction\":[{\"@type\":\"ReadAction\",\"target\":[\"https:\/\/rv-stg.fera.miewstudio.com\/de\/produkt\/karte\/\"]}]},{\"@type\":\"ImageObject\",\"inLanguage\":\"de\",\"@id\":\"https:\/\/rv-stg.fera.miewstudio.com\/de\/produkt\/karte\/#primaryimage\",\"url\":\"https:\/\/rv-stg.fera.miewstudio.com\/wp-content\/uploads\/2019\/09\/principal-1.jpg\",\"contentUrl\":\"https:\/\/rv-stg.fera.miewstudio.com\/wp-content\/uploads\/2019\/09\/principal-1.jpg\",\"width\":\"1000\",\"height\":\"667\",\"caption\":\"Offiziell eine topografische Landkarte der Rota Vicentina-Wanderwege\"},{\"@type\":\"BreadcrumbList\",\"@id\":\"https:\/\/rv-stg.fera.miewstudio.com\/de\/produkt\/karte\/#breadcrumb\",\"itemListElement\":[{\"@type\":\"ListItem\",\"position\":1,\"name\":\"Online-Shop\",\"item\":\"https:\/\/rv-stg.fera.miewstudio.com\/de\/shop\/\"},{\"@type\":\"ListItem\",\"position\":2,\"name\":\"Karte 1:55 000\"}]},{\"@type\":\"WebSite\",\"@id\":\"https:\/\/rv-stg.fera.miewstudio.com\/de\/#website\",\"url\":\"https:\/\/rv-stg.fera.miewstudio.com\/de\/\",\"name\":\"[STG] Rota Vicentina\",\"description\":\"A p\u00e9 pelo Trilho dos Pescadores, Caminho Hist\u00f3rico ou Percursos Circulares ou v\u00e1 de bicicleta pelos mais de 1000km de Trilhos de Bicicleta na Rota Vicentina.\",\"publisher\":{\"@id\":\"https:\/\/rv-stg.fera.miewstudio.com\/de\/#organization\"},\"potentialAction\":[{\"@type\":\"SearchAction\",\"target\":{\"@type\":\"EntryPoint\",\"urlTemplate\":\"https:\/\/rv-stg.fera.miewstudio.com\/de\/?s={search_term_string}\"},\"query-input\":{\"@type\":\"PropertyValueSpecification\",\"valueRequired\":true,\"valueName\":\"search_term_string\"}}],\"inLanguage\":\"de\"},{\"@type\":\"Organization\",\"@id\":\"https:\/\/rv-stg.fera.miewstudio.com\/de\/#organization\",\"name\":\"[STG] Rota Vicentina\",\"url\":\"https:\/\/rv-stg.fera.miewstudio.com\/de\/\",\"logo\":{\"@type\":\"ImageObject\",\"inLanguage\":\"de\",\"@id\":\"https:\/\/rv-stg.fera.miewstudio.com\/de\/#\/schema\/logo\/image\/\",\"url\":\"https:\/\/rv-stg.fera.miewstudio.com\/wp-content\/uploads\/2023\/02\/Rota-Vicentina-SW-Portugal.jpg\",\"contentUrl\":\"https:\/\/rv-stg.fera.miewstudio.com\/wp-content\/uploads\/2023\/02\/Rota-Vicentina-SW-Portugal.jpg\",\"width\":\"852\",\"height\":\"480\",\"caption\":\"[STG] Rota Vicentina\"},\"image\":{\"@id\":\"https:\/\/rv-stg.fera.miewstudio.com\/de\/#\/schema\/logo\/image\/\"},\"sameAs\":[\"https:\/\/www.facebook.com\/rotavicentina\",\"https:\/\/x.com\/RotaVicentina\",\"https:\/\/www.instagram.com\/rotavicentina\/\",\"https:\/\/pt.linkedin.com\/company\/rota-vicentina\"]}]}<\/script>\n<!-- \/ Yoast SEO Premium plugin. -->","yoast_head_json":{"title":"Offiziell eine topografische Landkarte der Rota Vicentina-Wanderwege im Ma\u00dfstab 1:55 000!","description":"Topografische Karte des Fu\u00dfwanderwegenetzwerks der Rota Vicentina im Ma\u00dfstab 1:55.000: Historischen Weg, dem Fischerpfad und den Rundwegen.","robots":{"index":"noindex","follow":"follow","max-snippet":"max-snippet:-1","max-image-preview":"max-image-preview:large","max-video-preview":"max-video-preview:-1"},"og_locale":"de_DE","og_type":"article","og_title":"Offiziell eine topografische Landkarte der Rota Vicentina-Wanderwege im Ma\u00dfstab 1:55 000!","og_description":"Topografische Karte des Fu\u00dfwanderwegenetzwerks der Rota Vicentina im Ma\u00dfstab 1:55.000: Historischen Weg, dem Fischerpfad und den Rundwegen.","og_url":"https:\/\/rv-stg.fera.miewstudio.com\/de\/produkt\/karte\/","og_site_name":"[STG] Rota Vicentina","article_publisher":"https:\/\/www.facebook.com\/rotavicentina","article_modified_time":"2025-11-11T09:57:52+00:00","og_image":[{"width":1000,"height":667,"url":"https:\/\/rv-stg.fera.miewstudio.com\/wp-content\/uploads\/2019\/09\/principal-1.jpg","type":"image\/jpeg"}],"twitter_card":"summary_large_image","twitter_site":"@RotaVicentina","twitter_misc":{"Gesch\u00e4tzte Lesezeit":"1\u00a0Minute"},"schema":{"@context":"https:\/\/schema.org","@graph":[{"@type":"WebPage","@id":"https:\/\/rv-stg.fera.miewstudio.com\/de\/produkt\/karte\/","url":"https:\/\/rv-stg.fera.miewstudio.com\/de\/produkt\/karte\/","name":"Offiziell eine topografische Landkarte der Rota Vicentina-Wanderwege im Ma\u00dfstab 1:55 000!","isPartOf":{"@id":"https:\/\/rv-stg.fera.miewstudio.com\/de\/#website"},"primaryImageOfPage":{"@id":"https:\/\/rv-stg.fera.miewstudio.com\/de\/produkt\/karte\/#primaryimage"},"image":{"@id":"https:\/\/rv-stg.fera.miewstudio.com\/de\/produkt\/karte\/#primaryimage"},"thumbnailUrl":"https:\/\/rv-stg.fera.miewstudio.com\/wp-content\/uploads\/2019\/09\/principal-1.jpg","datePublished":"2022-10-03T08:58:00+00:00","dateModified":"2025-11-11T09:57:52+00:00","description":"Topografische Karte des Fu\u00dfwanderwegenetzwerks der Rota Vicentina im Ma\u00dfstab 1:55.000: Historischen Weg, dem Fischerpfad und den Rundwegen.","breadcrumb":{"@id":"https:\/\/rv-stg.fera.miewstudio.com\/de\/produkt\/karte\/#breadcrumb"},"inLanguage":"de","potentialAction":[{"@type":"ReadAction","target":["https:\/\/rv-stg.fera.miewstudio.com\/de\/produkt\/karte\/"]}]},{"@type":"ImageObject","inLanguage":"de","@id":"https:\/\/rv-stg.fera.miewstudio.com\/de\/produkt\/karte\/#primaryimage","url":"https:\/\/rv-stg.fera.miewstudio.com\/wp-content\/uploads\/2019\/09\/principal-1.jpg","contentUrl":"https:\/\/rv-stg.fera.miewstudio.com\/wp-content\/uploads\/2019\/09\/principal-1.jpg","width":"1000","height":"667","caption":"Offiziell eine topografische Landkarte der Rota Vicentina-Wanderwege"},{"@type":"BreadcrumbList","@id":"https:\/\/rv-stg.fera.miewstudio.com\/de\/produkt\/karte\/#breadcrumb","itemListElement":[{"@type":"ListItem","position":1,"name":"Online-Shop","item":"https:\/\/rv-stg.fera.miewstudio.com\/de\/shop\/"},{"@type":"ListItem","position":2,"name":"Karte 1:55 000"}]},{"@type":"WebSite","@id":"https:\/\/rv-stg.fera.miewstudio.com\/de\/#website","url":"https:\/\/rv-stg.fera.miewstudio.com\/de\/","name":"[STG] Rota Vicentina","description":"A p\u00e9 pelo Trilho dos Pescadores, Caminho Hist\u00f3rico ou Percursos Circulares ou v\u00e1 de bicicleta pelos mais de 1000km de Trilhos de Bicicleta na Rota Vicentina.","publisher":{"@id":"https:\/\/rv-stg.fera.miewstudio.com\/de\/#organization"},"potentialAction":[{"@type":"SearchAction","target":{"@type":"EntryPoint","urlTemplate":"https:\/\/rv-stg.fera.miewstudio.com\/de\/?s={search_term_string}"},"query-input":{"@type":"PropertyValueSpecification","valueRequired":true,"valueName":"search_term_string"}}],"inLanguage":"de"},{"@type":"Organization","@id":"https:\/\/rv-stg.fera.miewstudio.com\/de\/#organization","name":"[STG] Rota Vicentina","url":"https:\/\/rv-stg.fera.miewstudio.com\/de\/","logo":{"@type":"ImageObject","inLanguage":"de","@id":"https:\/\/rv-stg.fera.miewstudio.com\/de\/#\/schema\/logo\/image\/","url":"https:\/\/rv-stg.fera.miewstudio.com\/wp-content\/uploads\/2023\/02\/Rota-Vicentina-SW-Portugal.jpg","contentUrl":"https:\/\/rv-stg.fera.miewstudio.com\/wp-content\/uploads\/2023\/02\/Rota-Vicentina-SW-Portugal.jpg","width":"852","height":"480","caption":"[STG] Rota Vicentina"},"image":{"@id":"https:\/\/rv-stg.fera.miewstudio.com\/de\/#\/schema\/logo\/image\/"},"sameAs":["https:\/\/www.facebook.com\/rotavicentina","https:\/\/x.com\/RotaVicentina","https:\/\/www.instagram.com\/rotavicentina\/","https:\/\/pt.linkedin.com\/company\/rota-vicentina"]}]}},"_links":{"self":[{"href":"https:\/\/rv-stg.fera.miewstudio.com\/de\/wp-json\/wp\/v2\/product\/91181","targetHints":{"allow":["GET"]}}],"collection":[{"href":"https:\/\/rv-stg.fera.miewstudio.com\/de\/wp-json\/wp\/v2\/product"}],"about":[{"href":"https:\/\/rv-stg.fera.miewstudio.com\/de\/wp-json\/wp\/v2\/types\/product"}],"wp:featuredmedia":[{"embeddable":true,"href":"https:\/\/rv-stg.fera.miewstudio.com\/de\/wp-json\/wp\/v2\/media\/59560"}],"wp:attachment":[{"href":"https:\/\/rv-stg.fera.miewstudio.com\/de\/wp-json\/wp\/v2\/media?parent=91181"}],"wp:term":[{"taxonomy":"product_brand","embeddable":true,"href":"https:\/\/rv-stg.fera.miewstudio.com\/de\/wp-json\/wp\/v2\/product_brand?post=91181"},{"taxonomy":"product_cat","embeddable":true,"href":"https:\/\/rv-stg.fera.miewstudio.com\/de\/wp-json\/wp\/v2\/product_cat?post=91181"},{"taxonomy":"product_tag","embeddable":true,"href":"https:\/\/rv-stg.fera.miewstudio.com\/de\/wp-json\/wp\/v2\/product_tag?post=91181"}],"curies":[{"name":"wp","href":"https:\/\/api.w.org\/{rel}","templated":true}]}}