{"id":124463,"date":"2025-05-12T09:18:18","date_gmt":"2025-05-12T09:18:18","guid":{"rendered":"https:\/\/rotavicentina.miewstudio.com\/product\/wanderfuehrer-e-book\/"},"modified":"2025-05-12T10:05:02","modified_gmt":"2025-05-12T10:05:02","slug":"ebook","status":"publish","type":"product","link":"https:\/\/rv-stg.fera.miewstudio.com\/de\/produkt\/ebook\/","title":{"rendered":"Wanderf\u00fchrer E-Book"},"content":{"rendered":"<p>Mit dem Reisef\u00fchrer ist es einfacher, Ihren Spaziergang auf der Rota Vicentina vorzubereiten und zu genie\u00dfen. Hier finden Sie alle Informationen zu den insgesamt 750 km an Wanderwegen der Rota Vicentina: dem <a href=\"https:\/\/rv-stg.fera.miewstudio.com\/trilho-dos-pescadores\/\">Fischerpfad<\/a>, dem <a href=\"https:\/\/rv-stg.fera.miewstudio.com\/caminho-historico\/\">Historischen Weg<\/a> und den <a href=\"https:\/\/rv-stg.fera.miewstudio.com\/percursos-circulares\/\">Rundwegen<\/a>.<\/p>\n","protected":false},"excerpt":{"rendered":"<p>Die Vorbereitung Ihrer Wanderung an der Alentejo- und Vicentina-K\u00fcste war noch nie so einfach.<br \/>Beschreibungen, Hinweise und praktische Tipps zu jeder Etappe der Rota Vicentina \u2013 alles in einem digitalen Wanderf\u00fchrer. <\/p>\n<p>Verf\u00fcgbar in 4 Sprachen: Portugiesisch, Englisch, Deutsch und Franz\u00f6sisch.<\/p>\n","protected":false},"featured_media":124458,"template":"","meta":{"_acf_changed":false},"product_brand":[],"product_cat":[1600],"product_tag":[],"class_list":{"0":"post-124463","1":"product","2":"type-product","3":"status-publish","4":"has-post-thumbnail","6":"product_cat-wanderfuhrer-de","8":"first","9":"instock","10":"product-type-external"},"acf":[],"yoast_head":"<!-- This site is optimized with the Yoast SEO Premium plugin v19.5 (Yoast SEO v27.0) - https:\/\/yoast.com\/product\/yoast-seo-premium-wordpress\/ -->\n<title>E-Book Wanderf\u00fchrer - Rota Vicentina<\/title>\n<meta name=\"description\" content=\"Beschreibungen, Hinweise und praktische Tipps zu jeder Etappe der Wanderwege der Rota Vicentina \u2013 alles in einem einzigen E-Book.\" \/>\n<meta name=\"robots\" content=\"noindex, follow, max-snippet:-1, max-image-preview:large, max-video-preview:-1\" \/>\n<meta property=\"og:locale\" content=\"de_DE\" \/>\n<meta property=\"og:type\" content=\"article\" \/>\n<meta property=\"og:title\" content=\"E-Book Wanderf\u00fchrer - Rota Vicentina\" \/>\n<meta property=\"og:description\" content=\"Beschreibungen, Hinweise und praktische Tipps zu jeder Etappe der Wanderwege der Rota Vicentina \u2013 alles in einem einzigen E-Book.\" \/>\n<meta property=\"og:url\" content=\"https:\/\/rv-stg.fera.miewstudio.com\/de\/produkt\/ebook\/\" \/>\n<meta property=\"og:site_name\" content=\"[STG] Rota Vicentina\" \/>\n<meta property=\"article:publisher\" content=\"https:\/\/www.facebook.com\/rotavicentina\" \/>\n<meta property=\"article:modified_time\" content=\"2025-05-12T10:05:02+00:00\" \/>\n<meta property=\"og:image\" content=\"https:\/\/rv-stg.fera.miewstudio.com\/wp-content\/uploads\/2025\/05\/mockup-e-book-Guia-de-Campo-Rota-Vicentina-1024x691.png\" \/>\n\t<meta property=\"og:image:width\" content=\"1024\" \/>\n\t<meta property=\"og:image:height\" content=\"691\" \/>\n\t<meta property=\"og:image:type\" content=\"image\/png\" \/>\n<meta name=\"twitter:card\" content=\"summary_large_image\" \/>\n<meta name=\"twitter:site\" content=\"@RotaVicentina\" \/>\n<meta name=\"twitter:label1\" content=\"Gesch\u00e4tzte Lesezeit\" \/>\n\t<meta name=\"twitter:data1\" content=\"1\u00a0Minute\" \/>\n<script type=\"application\/ld+json\" class=\"yoast-schema-graph\">{\"@context\":\"https:\/\/schema.org\",\"@graph\":[{\"@type\":\"WebPage\",\"@id\":\"https:\/\/rv-stg.fera.miewstudio.com\/de\/produkt\/ebook\/\",\"url\":\"https:\/\/rv-stg.fera.miewstudio.com\/de\/produkt\/ebook\/\",\"name\":\"E-Book Wanderf\u00fchrer - Rota Vicentina\",\"isPartOf\":{\"@id\":\"https:\/\/rv-stg.fera.miewstudio.com\/de\/#website\"},\"primaryImageOfPage\":{\"@id\":\"https:\/\/rv-stg.fera.miewstudio.com\/de\/produkt\/ebook\/#primaryimage\"},\"image\":{\"@id\":\"https:\/\/rv-stg.fera.miewstudio.com\/de\/produkt\/ebook\/#primaryimage\"},\"thumbnailUrl\":\"https:\/\/rv-stg.fera.miewstudio.com\/wp-content\/uploads\/2025\/05\/mockup-e-book-Guia-de-Campo-Rota-Vicentina.png\",\"datePublished\":\"2025-05-12T09:18:18+00:00\",\"dateModified\":\"2025-05-12T10:05:02+00:00\",\"description\":\"Beschreibungen, Hinweise und praktische Tipps zu jeder Etappe der Wanderwege der Rota Vicentina \u2013 alles in einem einzigen E-Book.\",\"breadcrumb\":{\"@id\":\"https:\/\/rv-stg.fera.miewstudio.com\/de\/produkt\/ebook\/#breadcrumb\"},\"inLanguage\":\"de\",\"potentialAction\":[{\"@type\":\"ReadAction\",\"target\":[\"https:\/\/rv-stg.fera.miewstudio.com\/de\/produkt\/ebook\/\"]}]},{\"@type\":\"ImageObject\",\"inLanguage\":\"de\",\"@id\":\"https:\/\/rv-stg.fera.miewstudio.com\/de\/produkt\/ebook\/#primaryimage\",\"url\":\"https:\/\/rv-stg.fera.miewstudio.com\/wp-content\/uploads\/2025\/05\/mockup-e-book-Guia-de-Campo-Rota-Vicentina.png\",\"contentUrl\":\"https:\/\/rv-stg.fera.miewstudio.com\/wp-content\/uploads\/2025\/05\/mockup-e-book-Guia-de-Campo-Rota-Vicentina.png\",\"width\":1600,\"height\":1080},{\"@type\":\"BreadcrumbList\",\"@id\":\"https:\/\/rv-stg.fera.miewstudio.com\/de\/produkt\/ebook\/#breadcrumb\",\"itemListElement\":[{\"@type\":\"ListItem\",\"position\":1,\"name\":\"Online-Shop\",\"item\":\"https:\/\/rv-stg.fera.miewstudio.com\/de\/shop\/\"},{\"@type\":\"ListItem\",\"position\":2,\"name\":\"Wanderf\u00fchrer E-Book\"}]},{\"@type\":\"WebSite\",\"@id\":\"https:\/\/rv-stg.fera.miewstudio.com\/de\/#website\",\"url\":\"https:\/\/rv-stg.fera.miewstudio.com\/de\/\",\"name\":\"[STG] Rota Vicentina\",\"description\":\"A p\u00e9 pelo Trilho dos Pescadores, Caminho Hist\u00f3rico ou Percursos Circulares ou v\u00e1 de bicicleta pelos mais de 1000km de Trilhos de Bicicleta na Rota Vicentina.\",\"publisher\":{\"@id\":\"https:\/\/rv-stg.fera.miewstudio.com\/de\/#organization\"},\"potentialAction\":[{\"@type\":\"SearchAction\",\"target\":{\"@type\":\"EntryPoint\",\"urlTemplate\":\"https:\/\/rv-stg.fera.miewstudio.com\/de\/?s={search_term_string}\"},\"query-input\":{\"@type\":\"PropertyValueSpecification\",\"valueRequired\":true,\"valueName\":\"search_term_string\"}}],\"inLanguage\":\"de\"},{\"@type\":\"Organization\",\"@id\":\"https:\/\/rv-stg.fera.miewstudio.com\/de\/#organization\",\"name\":\"[STG] Rota Vicentina\",\"url\":\"https:\/\/rv-stg.fera.miewstudio.com\/de\/\",\"logo\":{\"@type\":\"ImageObject\",\"inLanguage\":\"de\",\"@id\":\"https:\/\/rv-stg.fera.miewstudio.com\/de\/#\/schema\/logo\/image\/\",\"url\":\"https:\/\/rv-stg.fera.miewstudio.com\/wp-content\/uploads\/2023\/02\/Rota-Vicentina-SW-Portugal.jpg\",\"contentUrl\":\"https:\/\/rv-stg.fera.miewstudio.com\/wp-content\/uploads\/2023\/02\/Rota-Vicentina-SW-Portugal.jpg\",\"width\":\"852\",\"height\":\"480\",\"caption\":\"[STG] Rota Vicentina\"},\"image\":{\"@id\":\"https:\/\/rv-stg.fera.miewstudio.com\/de\/#\/schema\/logo\/image\/\"},\"sameAs\":[\"https:\/\/www.facebook.com\/rotavicentina\",\"https:\/\/x.com\/RotaVicentina\",\"https:\/\/www.instagram.com\/rotavicentina\/\",\"https:\/\/pt.linkedin.com\/company\/rota-vicentina\"]}]}<\/script>\n<!-- \/ Yoast SEO Premium plugin. -->","yoast_head_json":{"title":"E-Book Wanderf\u00fchrer - Rota Vicentina","description":"Beschreibungen, Hinweise und praktische Tipps zu jeder Etappe der Wanderwege der Rota Vicentina \u2013 alles in einem einzigen E-Book.","robots":{"index":"noindex","follow":"follow","max-snippet":"max-snippet:-1","max-image-preview":"max-image-preview:large","max-video-preview":"max-video-preview:-1"},"og_locale":"de_DE","og_type":"article","og_title":"E-Book Wanderf\u00fchrer - Rota Vicentina","og_description":"Beschreibungen, Hinweise und praktische Tipps zu jeder Etappe der Wanderwege der Rota Vicentina \u2013 alles in einem einzigen E-Book.","og_url":"https:\/\/rv-stg.fera.miewstudio.com\/de\/produkt\/ebook\/","og_site_name":"[STG] Rota Vicentina","article_publisher":"https:\/\/www.facebook.com\/rotavicentina","article_modified_time":"2025-05-12T10:05:02+00:00","og_image":[{"width":1024,"height":691,"url":"https:\/\/rv-stg.fera.miewstudio.com\/wp-content\/uploads\/2025\/05\/mockup-e-book-Guia-de-Campo-Rota-Vicentina-1024x691.png","type":"image\/png"}],"twitter_card":"summary_large_image","twitter_site":"@RotaVicentina","twitter_misc":{"Gesch\u00e4tzte Lesezeit":"1\u00a0Minute"},"schema":{"@context":"https:\/\/schema.org","@graph":[{"@type":"WebPage","@id":"https:\/\/rv-stg.fera.miewstudio.com\/de\/produkt\/ebook\/","url":"https:\/\/rv-stg.fera.miewstudio.com\/de\/produkt\/ebook\/","name":"E-Book Wanderf\u00fchrer - Rota Vicentina","isPartOf":{"@id":"https:\/\/rv-stg.fera.miewstudio.com\/de\/#website"},"primaryImageOfPage":{"@id":"https:\/\/rv-stg.fera.miewstudio.com\/de\/produkt\/ebook\/#primaryimage"},"image":{"@id":"https:\/\/rv-stg.fera.miewstudio.com\/de\/produkt\/ebook\/#primaryimage"},"thumbnailUrl":"https:\/\/rv-stg.fera.miewstudio.com\/wp-content\/uploads\/2025\/05\/mockup-e-book-Guia-de-Campo-Rota-Vicentina.png","datePublished":"2025-05-12T09:18:18+00:00","dateModified":"2025-05-12T10:05:02+00:00","description":"Beschreibungen, Hinweise und praktische Tipps zu jeder Etappe der Wanderwege der Rota Vicentina \u2013 alles in einem einzigen E-Book.","breadcrumb":{"@id":"https:\/\/rv-stg.fera.miewstudio.com\/de\/produkt\/ebook\/#breadcrumb"},"inLanguage":"de","potentialAction":[{"@type":"ReadAction","target":["https:\/\/rv-stg.fera.miewstudio.com\/de\/produkt\/ebook\/"]}]},{"@type":"ImageObject","inLanguage":"de","@id":"https:\/\/rv-stg.fera.miewstudio.com\/de\/produkt\/ebook\/#primaryimage","url":"https:\/\/rv-stg.fera.miewstudio.com\/wp-content\/uploads\/2025\/05\/mockup-e-book-Guia-de-Campo-Rota-Vicentina.png","contentUrl":"https:\/\/rv-stg.fera.miewstudio.com\/wp-content\/uploads\/2025\/05\/mockup-e-book-Guia-de-Campo-Rota-Vicentina.png","width":1600,"height":1080},{"@type":"BreadcrumbList","@id":"https:\/\/rv-stg.fera.miewstudio.com\/de\/produkt\/ebook\/#breadcrumb","itemListElement":[{"@type":"ListItem","position":1,"name":"Online-Shop","item":"https:\/\/rv-stg.fera.miewstudio.com\/de\/shop\/"},{"@type":"ListItem","position":2,"name":"Wanderf\u00fchrer E-Book"}]},{"@type":"WebSite","@id":"https:\/\/rv-stg.fera.miewstudio.com\/de\/#website","url":"https:\/\/rv-stg.fera.miewstudio.com\/de\/","name":"[STG] Rota Vicentina","description":"A p\u00e9 pelo Trilho dos Pescadores, Caminho Hist\u00f3rico ou Percursos Circulares ou v\u00e1 de bicicleta pelos mais de 1000km de Trilhos de Bicicleta na Rota Vicentina.","publisher":{"@id":"https:\/\/rv-stg.fera.miewstudio.com\/de\/#organization"},"potentialAction":[{"@type":"SearchAction","target":{"@type":"EntryPoint","urlTemplate":"https:\/\/rv-stg.fera.miewstudio.com\/de\/?s={search_term_string}"},"query-input":{"@type":"PropertyValueSpecification","valueRequired":true,"valueName":"search_term_string"}}],"inLanguage":"de"},{"@type":"Organization","@id":"https:\/\/rv-stg.fera.miewstudio.com\/de\/#organization","name":"[STG] Rota Vicentina","url":"https:\/\/rv-stg.fera.miewstudio.com\/de\/","logo":{"@type":"ImageObject","inLanguage":"de","@id":"https:\/\/rv-stg.fera.miewstudio.com\/de\/#\/schema\/logo\/image\/","url":"https:\/\/rv-stg.fera.miewstudio.com\/wp-content\/uploads\/2023\/02\/Rota-Vicentina-SW-Portugal.jpg","contentUrl":"https:\/\/rv-stg.fera.miewstudio.com\/wp-content\/uploads\/2023\/02\/Rota-Vicentina-SW-Portugal.jpg","width":"852","height":"480","caption":"[STG] Rota Vicentina"},"image":{"@id":"https:\/\/rv-stg.fera.miewstudio.com\/de\/#\/schema\/logo\/image\/"},"sameAs":["https:\/\/www.facebook.com\/rotavicentina","https:\/\/x.com\/RotaVicentina","https:\/\/www.instagram.com\/rotavicentina\/","https:\/\/pt.linkedin.com\/company\/rota-vicentina"]}]}},"_links":{"self":[{"href":"https:\/\/rv-stg.fera.miewstudio.com\/de\/wp-json\/wp\/v2\/product\/124463","targetHints":{"allow":["GET"]}}],"collection":[{"href":"https:\/\/rv-stg.fera.miewstudio.com\/de\/wp-json\/wp\/v2\/product"}],"about":[{"href":"https:\/\/rv-stg.fera.miewstudio.com\/de\/wp-json\/wp\/v2\/types\/product"}],"wp:featuredmedia":[{"embeddable":true,"href":"https:\/\/rv-stg.fera.miewstudio.com\/de\/wp-json\/wp\/v2\/media\/124458"}],"wp:attachment":[{"href":"https:\/\/rv-stg.fera.miewstudio.com\/de\/wp-json\/wp\/v2\/media?parent=124463"}],"wp:term":[{"taxonomy":"product_brand","embeddable":true,"href":"https:\/\/rv-stg.fera.miewstudio.com\/de\/wp-json\/wp\/v2\/product_brand?post=124463"},{"taxonomy":"product_cat","embeddable":true,"href":"https:\/\/rv-stg.fera.miewstudio.com\/de\/wp-json\/wp\/v2\/product_cat?post=124463"},{"taxonomy":"product_tag","embeddable":true,"href":"https:\/\/rv-stg.fera.miewstudio.com\/de\/wp-json\/wp\/v2\/product_tag?post=124463"}],"curies":[{"name":"wp","href":"https:\/\/api.w.org\/{rel}","templated":true}]}}