{"id":124446,"date":"2025-02-11T17:57:09","date_gmt":"2025-02-11T17:57:09","guid":{"rendered":"https:\/\/rotavicentina.miewstudio.com\/product\/wanderfuehrer-6-auflage-2\/"},"modified":"2025-11-11T09:57:59","modified_gmt":"2025-11-11T09:57:59","slug":"wanderfuehrer-6-auflage","status":"publish","type":"product","link":"https:\/\/rv-stg.fera.miewstudio.com\/de\/produkt\/wanderfuehrer-6-auflage\/","title":{"rendered":"Wanderf\u00fchrer 6.Auflage"},"content":{"rendered":"<div class=\"wpb-content-wrapper\"><p>[vc_row][vc_column width=&#8220;1\/1&#8243;][vc_column_text]<strong>6. Auflage des offiziellen Wanderf\u00fchrer der Rota Vicentina\u00ae.<\/strong><\/p>\n<p>Hier finden Sie alle Informationen zu den insgesamt 750 km an Wanderwegen der Rota Vicentina: dem <a href=\"https:\/\/rv-stg.fera.miewstudio.com\/de\/historischer-weg\/\"><strong>Fischerpfad<\/strong><\/a>, dem <a href=\"https:\/\/rv-stg.fera.miewstudio.com\/de\/fischerpfad\/\"><strong>Historischen Weg<\/strong><\/a> und den <a href=\"https:\/\/rv-stg.fera.miewstudio.com\/de\/percursos-circulares\/\"><strong>Rundwegen<\/strong><\/a>.<\/p>\n<p>Verf\u00fcgbar in 2 Sprachen: <strong>Englisch und Deutsch<\/strong>.<\/p>\n<p><strong>Erh\u00e4ltlich auch als<a href=\"https:\/\/issuu.com\/rotavicentina\" target=\"_blank\" rel=\"noopener\"> E-Book<\/a>.<\/strong> Kaufen Sie es \u00fcber die ISSUU-Plattform (f\u00fcr diese Version steht nur die Zahlungsmethode Kreditkarte zur Verf\u00fcgung). <span style=\"font-weight: 400;\"><strong>Das Herunterladen auf E-Reader ist nicht erlaubt<\/strong>, aber Sie k\u00f6nnen es online auf jedem Computer oder Smartphone einsehen.<\/span><\/p>\n<p><span style=\"font-weight: 300;\">Diese Auflage des Wanderf\u00fchrer wurde mit Informationen zu den Etappen <a href=\"https:\/\/rv-stg.fera.miewstudio.com\/de\/walking\/santiago-do-cacem-vale-seco-4\/\">Santiago do Cac\u00e9m \u00bb Vale Seco<\/a> und <a href=\"https:\/\/rv-stg.fera.miewstudio.com\/de\/walking\/vale-seco-cercal-do-alentejo-4\/\">Vale Seco \u00bb Cercal do Alentejo<\/a> des Historischen Weges (2024) aktualisiert.<\/span>[\/vc_column_text][\/vc_column][\/vc_row]<\/p>\n<\/div>","protected":false},"excerpt":{"rendered":"<p>Mit dem Reisef\u00fchrer ist es einfacher, Ihren Spaziergang auf der Rota Vicentina vorzubereiten und zu genie\u00dfen. Nehmen Sie alle praktischen Informationen in die Tasche.<\/p>\n<p><u><a href=\"https:\/\/issuu.com\/rotavicentina\" target=\"_blank\" rel=\"noopener\"><strong>Jetzt als E-BOOK erh\u00e4ltlich. <span style=\"color: #bacba6;\">Kaufen Sie es hier.<\/span><\/strong><\/a><\/u><\/p>\n","protected":false},"featured_media":123594,"template":"","meta":{"_acf_changed":false},"product_brand":[],"product_cat":[1600],"product_tag":[],"class_list":{"0":"post-124446","1":"product","2":"type-product","3":"status-publish","4":"has-post-thumbnail","6":"product_cat-wanderfuhrer-de","7":"product_shipping_class-padrao-de","9":"first","10":"instock","11":"purchasable","12":"product-type-variable"},"acf":[],"yoast_head":"<!-- This site is optimized with the Yoast SEO Premium plugin v19.5 (Yoast SEO v27.0) - https:\/\/yoast.com\/product\/yoast-seo-premium-wordpress\/ -->\n<title>Rota Vicentina Wanderf\u00fchrer<\/title>\n<meta name=\"description\" content=\"Hier finden Sie alle Informationen zu den insgesamt 750 km an Wanderwegen der Rota Vicentina: dem Fischerpfad, dem Historischen Weg und den Rundwegen.\" \/>\n<meta name=\"robots\" content=\"noindex, follow, max-snippet:-1, max-image-preview:large, max-video-preview:-1\" \/>\n<meta property=\"og:locale\" content=\"de_DE\" \/>\n<meta property=\"og:type\" content=\"article\" \/>\n<meta property=\"og:title\" content=\"Rota Vicentina Wanderf\u00fchrer\" \/>\n<meta property=\"og:description\" content=\"Hier finden Sie alle Informationen zu den insgesamt 750 km an Wanderwegen der Rota Vicentina: dem Fischerpfad, dem Historischen Weg und den Rundwegen.\" \/>\n<meta property=\"og:url\" content=\"https:\/\/rv-stg.fera.miewstudio.com\/de\/produkt\/wanderfuehrer-6-auflage\/\" \/>\n<meta property=\"og:site_name\" content=\"[STG] Rota Vicentina\" \/>\n<meta property=\"article:publisher\" content=\"https:\/\/www.facebook.com\/rotavicentina\" \/>\n<meta property=\"article:modified_time\" content=\"2025-11-11T09:57:59+00:00\" \/>\n<meta property=\"og:image\" content=\"https:\/\/rv-stg.fera.miewstudio.com\/wp-content\/uploads\/2025\/02\/6\u00b0-edicao-Guide-Book-EN-1-1024x691.png\" \/>\n\t<meta property=\"og:image:width\" content=\"1024\" \/>\n\t<meta property=\"og:image:height\" content=\"691\" \/>\n\t<meta property=\"og:image:type\" content=\"image\/png\" \/>\n<meta name=\"twitter:card\" content=\"summary_large_image\" \/>\n<meta name=\"twitter:site\" content=\"@RotaVicentina\" \/>\n<meta name=\"twitter:label1\" content=\"Gesch\u00e4tzte Lesezeit\" \/>\n\t<meta name=\"twitter:data1\" content=\"1\u00a0Minute\" \/>\n<script type=\"application\/ld+json\" class=\"yoast-schema-graph\">{\"@context\":\"https:\/\/schema.org\",\"@graph\":[{\"@type\":\"WebPage\",\"@id\":\"https:\/\/rv-stg.fera.miewstudio.com\/de\/produkt\/wanderfuehrer-6-auflage\/\",\"url\":\"https:\/\/rv-stg.fera.miewstudio.com\/de\/produkt\/wanderfuehrer-6-auflage\/\",\"name\":\"Rota Vicentina Wanderf\u00fchrer\",\"isPartOf\":{\"@id\":\"https:\/\/rv-stg.fera.miewstudio.com\/de\/#website\"},\"primaryImageOfPage\":{\"@id\":\"https:\/\/rv-stg.fera.miewstudio.com\/de\/produkt\/wanderfuehrer-6-auflage\/#primaryimage\"},\"image\":{\"@id\":\"https:\/\/rv-stg.fera.miewstudio.com\/de\/produkt\/wanderfuehrer-6-auflage\/#primaryimage\"},\"thumbnailUrl\":\"https:\/\/rv-stg.fera.miewstudio.com\/wp-content\/uploads\/2025\/02\/6\u00b0-edicao-Guide-Book-EN-1.png\",\"datePublished\":\"2025-02-11T17:57:09+00:00\",\"dateModified\":\"2025-11-11T09:57:59+00:00\",\"description\":\"Hier finden Sie alle Informationen zu den insgesamt 750 km an Wanderwegen der Rota Vicentina: dem Fischerpfad, dem Historischen Weg und den Rundwegen.\",\"breadcrumb\":{\"@id\":\"https:\/\/rv-stg.fera.miewstudio.com\/de\/produkt\/wanderfuehrer-6-auflage\/#breadcrumb\"},\"inLanguage\":\"de\",\"potentialAction\":[{\"@type\":\"ReadAction\",\"target\":[\"https:\/\/rv-stg.fera.miewstudio.com\/de\/produkt\/wanderfuehrer-6-auflage\/\"]}]},{\"@type\":\"ImageObject\",\"inLanguage\":\"de\",\"@id\":\"https:\/\/rv-stg.fera.miewstudio.com\/de\/produkt\/wanderfuehrer-6-auflage\/#primaryimage\",\"url\":\"https:\/\/rv-stg.fera.miewstudio.com\/wp-content\/uploads\/2025\/02\/6\u00b0-edicao-Guide-Book-EN-1.png\",\"contentUrl\":\"https:\/\/rv-stg.fera.miewstudio.com\/wp-content\/uploads\/2025\/02\/6\u00b0-edicao-Guide-Book-EN-1.png\",\"width\":1600,\"height\":1080,\"caption\":\"Cover Guide Book 6th Edition\"},{\"@type\":\"BreadcrumbList\",\"@id\":\"https:\/\/rv-stg.fera.miewstudio.com\/de\/produkt\/wanderfuehrer-6-auflage\/#breadcrumb\",\"itemListElement\":[{\"@type\":\"ListItem\",\"position\":1,\"name\":\"Online-Shop\",\"item\":\"https:\/\/rv-stg.fera.miewstudio.com\/de\/shop\/\"},{\"@type\":\"ListItem\",\"position\":2,\"name\":\"Wanderf\u00fchrer 6.Auflage\"}]},{\"@type\":\"WebSite\",\"@id\":\"https:\/\/rv-stg.fera.miewstudio.com\/de\/#website\",\"url\":\"https:\/\/rv-stg.fera.miewstudio.com\/de\/\",\"name\":\"[STG] Rota Vicentina\",\"description\":\"A p\u00e9 pelo Trilho dos Pescadores, Caminho Hist\u00f3rico ou Percursos Circulares ou v\u00e1 de bicicleta pelos mais de 1000km de Trilhos de Bicicleta na Rota Vicentina.\",\"publisher\":{\"@id\":\"https:\/\/rv-stg.fera.miewstudio.com\/de\/#organization\"},\"potentialAction\":[{\"@type\":\"SearchAction\",\"target\":{\"@type\":\"EntryPoint\",\"urlTemplate\":\"https:\/\/rv-stg.fera.miewstudio.com\/de\/?s={search_term_string}\"},\"query-input\":{\"@type\":\"PropertyValueSpecification\",\"valueRequired\":true,\"valueName\":\"search_term_string\"}}],\"inLanguage\":\"de\"},{\"@type\":\"Organization\",\"@id\":\"https:\/\/rv-stg.fera.miewstudio.com\/de\/#organization\",\"name\":\"[STG] Rota Vicentina\",\"url\":\"https:\/\/rv-stg.fera.miewstudio.com\/de\/\",\"logo\":{\"@type\":\"ImageObject\",\"inLanguage\":\"de\",\"@id\":\"https:\/\/rv-stg.fera.miewstudio.com\/de\/#\/schema\/logo\/image\/\",\"url\":\"https:\/\/rv-stg.fera.miewstudio.com\/wp-content\/uploads\/2023\/02\/Rota-Vicentina-SW-Portugal.jpg\",\"contentUrl\":\"https:\/\/rv-stg.fera.miewstudio.com\/wp-content\/uploads\/2023\/02\/Rota-Vicentina-SW-Portugal.jpg\",\"width\":\"852\",\"height\":\"480\",\"caption\":\"[STG] Rota Vicentina\"},\"image\":{\"@id\":\"https:\/\/rv-stg.fera.miewstudio.com\/de\/#\/schema\/logo\/image\/\"},\"sameAs\":[\"https:\/\/www.facebook.com\/rotavicentina\",\"https:\/\/x.com\/RotaVicentina\",\"https:\/\/www.instagram.com\/rotavicentina\/\",\"https:\/\/pt.linkedin.com\/company\/rota-vicentina\"]}]}<\/script>\n<!-- \/ Yoast SEO Premium plugin. -->","yoast_head_json":{"title":"Rota Vicentina Wanderf\u00fchrer","description":"Hier finden Sie alle Informationen zu den insgesamt 750 km an Wanderwegen der Rota Vicentina: dem Fischerpfad, dem Historischen Weg und den Rundwegen.","robots":{"index":"noindex","follow":"follow","max-snippet":"max-snippet:-1","max-image-preview":"max-image-preview:large","max-video-preview":"max-video-preview:-1"},"og_locale":"de_DE","og_type":"article","og_title":"Rota Vicentina Wanderf\u00fchrer","og_description":"Hier finden Sie alle Informationen zu den insgesamt 750 km an Wanderwegen der Rota Vicentina: dem Fischerpfad, dem Historischen Weg und den Rundwegen.","og_url":"https:\/\/rv-stg.fera.miewstudio.com\/de\/produkt\/wanderfuehrer-6-auflage\/","og_site_name":"[STG] Rota Vicentina","article_publisher":"https:\/\/www.facebook.com\/rotavicentina","article_modified_time":"2025-11-11T09:57:59+00:00","og_image":[{"width":1024,"height":691,"url":"https:\/\/rv-stg.fera.miewstudio.com\/wp-content\/uploads\/2025\/02\/6\u00b0-edicao-Guide-Book-EN-1-1024x691.png","type":"image\/png"}],"twitter_card":"summary_large_image","twitter_site":"@RotaVicentina","twitter_misc":{"Gesch\u00e4tzte Lesezeit":"1\u00a0Minute"},"schema":{"@context":"https:\/\/schema.org","@graph":[{"@type":"WebPage","@id":"https:\/\/rv-stg.fera.miewstudio.com\/de\/produkt\/wanderfuehrer-6-auflage\/","url":"https:\/\/rv-stg.fera.miewstudio.com\/de\/produkt\/wanderfuehrer-6-auflage\/","name":"Rota Vicentina Wanderf\u00fchrer","isPartOf":{"@id":"https:\/\/rv-stg.fera.miewstudio.com\/de\/#website"},"primaryImageOfPage":{"@id":"https:\/\/rv-stg.fera.miewstudio.com\/de\/produkt\/wanderfuehrer-6-auflage\/#primaryimage"},"image":{"@id":"https:\/\/rv-stg.fera.miewstudio.com\/de\/produkt\/wanderfuehrer-6-auflage\/#primaryimage"},"thumbnailUrl":"https:\/\/rv-stg.fera.miewstudio.com\/wp-content\/uploads\/2025\/02\/6\u00b0-edicao-Guide-Book-EN-1.png","datePublished":"2025-02-11T17:57:09+00:00","dateModified":"2025-11-11T09:57:59+00:00","description":"Hier finden Sie alle Informationen zu den insgesamt 750 km an Wanderwegen der Rota Vicentina: dem Fischerpfad, dem Historischen Weg und den Rundwegen.","breadcrumb":{"@id":"https:\/\/rv-stg.fera.miewstudio.com\/de\/produkt\/wanderfuehrer-6-auflage\/#breadcrumb"},"inLanguage":"de","potentialAction":[{"@type":"ReadAction","target":["https:\/\/rv-stg.fera.miewstudio.com\/de\/produkt\/wanderfuehrer-6-auflage\/"]}]},{"@type":"ImageObject","inLanguage":"de","@id":"https:\/\/rv-stg.fera.miewstudio.com\/de\/produkt\/wanderfuehrer-6-auflage\/#primaryimage","url":"https:\/\/rv-stg.fera.miewstudio.com\/wp-content\/uploads\/2025\/02\/6\u00b0-edicao-Guide-Book-EN-1.png","contentUrl":"https:\/\/rv-stg.fera.miewstudio.com\/wp-content\/uploads\/2025\/02\/6\u00b0-edicao-Guide-Book-EN-1.png","width":1600,"height":1080,"caption":"Cover Guide Book 6th Edition"},{"@type":"BreadcrumbList","@id":"https:\/\/rv-stg.fera.miewstudio.com\/de\/produkt\/wanderfuehrer-6-auflage\/#breadcrumb","itemListElement":[{"@type":"ListItem","position":1,"name":"Online-Shop","item":"https:\/\/rv-stg.fera.miewstudio.com\/de\/shop\/"},{"@type":"ListItem","position":2,"name":"Wanderf\u00fchrer 6.Auflage"}]},{"@type":"WebSite","@id":"https:\/\/rv-stg.fera.miewstudio.com\/de\/#website","url":"https:\/\/rv-stg.fera.miewstudio.com\/de\/","name":"[STG] Rota Vicentina","description":"A p\u00e9 pelo Trilho dos Pescadores, Caminho Hist\u00f3rico ou Percursos Circulares ou v\u00e1 de bicicleta pelos mais de 1000km de Trilhos de Bicicleta na Rota Vicentina.","publisher":{"@id":"https:\/\/rv-stg.fera.miewstudio.com\/de\/#organization"},"potentialAction":[{"@type":"SearchAction","target":{"@type":"EntryPoint","urlTemplate":"https:\/\/rv-stg.fera.miewstudio.com\/de\/?s={search_term_string}"},"query-input":{"@type":"PropertyValueSpecification","valueRequired":true,"valueName":"search_term_string"}}],"inLanguage":"de"},{"@type":"Organization","@id":"https:\/\/rv-stg.fera.miewstudio.com\/de\/#organization","name":"[STG] Rota Vicentina","url":"https:\/\/rv-stg.fera.miewstudio.com\/de\/","logo":{"@type":"ImageObject","inLanguage":"de","@id":"https:\/\/rv-stg.fera.miewstudio.com\/de\/#\/schema\/logo\/image\/","url":"https:\/\/rv-stg.fera.miewstudio.com\/wp-content\/uploads\/2023\/02\/Rota-Vicentina-SW-Portugal.jpg","contentUrl":"https:\/\/rv-stg.fera.miewstudio.com\/wp-content\/uploads\/2023\/02\/Rota-Vicentina-SW-Portugal.jpg","width":"852","height":"480","caption":"[STG] Rota Vicentina"},"image":{"@id":"https:\/\/rv-stg.fera.miewstudio.com\/de\/#\/schema\/logo\/image\/"},"sameAs":["https:\/\/www.facebook.com\/rotavicentina","https:\/\/x.com\/RotaVicentina","https:\/\/www.instagram.com\/rotavicentina\/","https:\/\/pt.linkedin.com\/company\/rota-vicentina"]}]}},"_links":{"self":[{"href":"https:\/\/rv-stg.fera.miewstudio.com\/de\/wp-json\/wp\/v2\/product\/124446","targetHints":{"allow":["GET"]}}],"collection":[{"href":"https:\/\/rv-stg.fera.miewstudio.com\/de\/wp-json\/wp\/v2\/product"}],"about":[{"href":"https:\/\/rv-stg.fera.miewstudio.com\/de\/wp-json\/wp\/v2\/types\/product"}],"wp:featuredmedia":[{"embeddable":true,"href":"https:\/\/rv-stg.fera.miewstudio.com\/de\/wp-json\/wp\/v2\/media\/123594"}],"wp:attachment":[{"href":"https:\/\/rv-stg.fera.miewstudio.com\/de\/wp-json\/wp\/v2\/media?parent=124446"}],"wp:term":[{"taxonomy":"product_brand","embeddable":true,"href":"https:\/\/rv-stg.fera.miewstudio.com\/de\/wp-json\/wp\/v2\/product_brand?post=124446"},{"taxonomy":"product_cat","embeddable":true,"href":"https:\/\/rv-stg.fera.miewstudio.com\/de\/wp-json\/wp\/v2\/product_cat?post=124446"},{"taxonomy":"product_tag","embeddable":true,"href":"https:\/\/rv-stg.fera.miewstudio.com\/de\/wp-json\/wp\/v2\/product_tag?post=124446"}],"curies":[{"name":"wp","href":"https:\/\/api.w.org\/{rel}","templated":true}]}}