{"id":124429,"date":"2025-05-09T14:18:13","date_gmt":"2025-05-09T14:18:13","guid":{"rendered":"https:\/\/rotavicentina.miewstudio.com\/?post_type=product&#038;p=124429"},"modified":"2025-05-09T14:20:42","modified_gmt":"2025-05-09T14:20:42","slug":"wanderfuehrer","status":"publish","type":"product","link":"https:\/\/rv-stg.fera.miewstudio.com\/de\/produkt\/wanderfuehrer\/","title":{"rendered":"Wanderf\u00fchrer 5.Auflage"},"content":{"rendered":"<p><strong>5. Auflage des offiziellen Feldf\u00fchrers der Rota Vicentina\u00ae.<\/strong><\/p>\n<p>Hier finden Sie alle Informationen zu den insgesamt 750 km an Wanderwegen der Rota Vicentina: dem <a href=\"https:\/\/rv-stg.fera.miewstudio.com\/walking\/caminho-historico\/\"><strong>Fischerpfad<\/strong><\/a>, dem <a href=\"https:\/\/rv-stg.fera.miewstudio.com\/walking\/trilho-dos-pescadores\/\"><strong>Historischen Weg<\/strong><\/a> und den <a href=\"https:\/\/rv-stg.fera.miewstudio.com\/walking\/percursos-circulares\/\"><strong>Rundwegen<\/strong><\/a>.<\/p>\n<p>Verf\u00fcgbar in 2 Sprachen: <strong>Portugiesisch und Franz\u00f6sisch<\/strong>. Die <a href=\"https:\/\/rv-stg.fera.miewstudio.com\/produto\/guia-de-campo-6a-edicao\/\"><strong>6. Auflage<\/strong><\/a> ist in <strong>deutscher und englischer<\/strong> Sprache erh\u00e4ltlich.<\/p>\n<p>Erh\u00e4ltlich auch als <a href=\"https:\/\/rv-stg.fera.miewstudio.com\/produto\/ebook\/\">E-Book<\/a>.<\/p>\n<p><span style=\"font-weight: 300;\">Um den Inhalt auf dem neuesten Stand zu halten, enth\u00e4lt diese Ausgabe des Feldf\u00fchrers zwei Bl\u00e4tter\/Errata mit Informationen zu den Etappen <a href=\"https:\/\/rv-stg.fera.miewstudio.com\/walking\/santiago-do-cacem-vale-seco\/\">Santiago do Cac\u00e9m \u00bb Vale Seco<\/a> und <a href=\"https:\/\/rv-stg.fera.miewstudio.com\/walking\/vale-seco-cercal-do-alentejo\/\">Vale Seco \u00bb Cercal do Alentejo<\/a> des Historischen Weges (2024).<\/span><\/p>\n","protected":false},"excerpt":{"rendered":"<p><strong>5. Auflage des offiziellen Feldf\u00fchrers der Rota Vicentina\u00ae.<\/strong><\/p>\n<p>Mit dem Reisef\u00fchrer ist es einfacher, Ihren Spaziergang auf der Rota Vicentina vorzubereiten und zu genie\u00dfen. Nehmen Sie alle praktischen Informationen in die Tasche.<\/p>\n<p>Die 5. Auflage ist in <strong>Portugiesisch und Franz\u00f6sisch<\/strong> erh\u00e4ltlich. Die <strong><a href=\"https:\/\/rv-stg.fera.miewstudio.com\/produto\/guia-de-campo-6a-edicao\/\">6. Auflage<\/a><\/strong> ist in <strong>deutscher und englischer<\/strong> Sprache erh\u00e4ltlich. Erh\u00e4ltlich auch als <a href=\"https:\/\/rv-stg.fera.miewstudio.com\/produto\/ebook\/\"><strong>E-Book<\/strong><\/a>.<\/p>\n","protected":false},"featured_media":59797,"template":"","meta":{"_acf_changed":false},"product_brand":[],"product_cat":[1600],"product_tag":[],"class_list":{"0":"post-124429","1":"product","2":"type-product","3":"status-publish","4":"has-post-thumbnail","6":"product_cat-wanderfuhrer-de","7":"product_shipping_class-padrao-de","9":"first","10":"instock","11":"purchasable","12":"product-type-variable"},"acf":[],"yoast_head":"<!-- This site is optimized with the Yoast SEO Premium plugin v19.5 (Yoast SEO v27.0) - https:\/\/yoast.com\/product\/yoast-seo-premium-wordpress\/ -->\n<title>5. Auflage des offiziellen Wanderf\u00fchrer der Rota Vicentina<\/title>\n<meta name=\"description\" content=\"Mit dem Reisef\u00fchrer ist es einfacher, Ihren Spaziergang auf der Rota Vicentina vorzubereiten und zu genie\u00dfen. Nehmen Sie alle praktischen Informationen in die Tasche. Die 5. Auflage ist in Portugiesisch und Franz\u00f6sisch erh\u00e4ltlich.\" \/>\n<meta name=\"robots\" content=\"noindex, follow, max-snippet:-1, max-image-preview:large, max-video-preview:-1\" \/>\n<meta property=\"og:locale\" content=\"de_DE\" \/>\n<meta property=\"og:type\" content=\"article\" \/>\n<meta property=\"og:title\" content=\"5. Auflage des offiziellen Wanderf\u00fchrer der Rota Vicentina\" \/>\n<meta property=\"og:description\" content=\"Mit dem Reisef\u00fchrer ist es einfacher, Ihren Spaziergang auf der Rota Vicentina vorzubereiten und zu genie\u00dfen. Nehmen Sie alle praktischen Informationen in die Tasche. Die 5. Auflage ist in Portugiesisch und Franz\u00f6sisch erh\u00e4ltlich.\" \/>\n<meta property=\"og:url\" content=\"https:\/\/rv-stg.fera.miewstudio.com\/de\/produkt\/wanderfuehrer\/\" \/>\n<meta property=\"og:site_name\" content=\"[STG] Rota Vicentina\" \/>\n<meta property=\"article:publisher\" content=\"https:\/\/www.facebook.com\/rotavicentina\" \/>\n<meta property=\"article:modified_time\" content=\"2025-05-09T14:20:42+00:00\" \/>\n<meta property=\"og:image\" content=\"https:\/\/rv-stg.fera.miewstudio.com\/wp-content\/uploads\/2022\/09\/guia-rota-vicentina-1.jpg\" \/>\n\t<meta property=\"og:image:width\" content=\"1000\" \/>\n\t<meta property=\"og:image:height\" content=\"667\" \/>\n\t<meta property=\"og:image:type\" content=\"image\/jpeg\" \/>\n<meta name=\"twitter:card\" content=\"summary_large_image\" \/>\n<meta name=\"twitter:site\" content=\"@RotaVicentina\" \/>\n<meta name=\"twitter:label1\" content=\"Gesch\u00e4tzte Lesezeit\" \/>\n\t<meta name=\"twitter:data1\" content=\"1\u00a0Minute\" \/>\n<script type=\"application\/ld+json\" class=\"yoast-schema-graph\">{\"@context\":\"https:\/\/schema.org\",\"@graph\":[{\"@type\":\"WebPage\",\"@id\":\"https:\/\/rv-stg.fera.miewstudio.com\/de\/produkt\/wanderfuehrer\/\",\"url\":\"https:\/\/rv-stg.fera.miewstudio.com\/de\/produkt\/wanderfuehrer\/\",\"name\":\"5. Auflage des offiziellen Wanderf\u00fchrer der Rota Vicentina\",\"isPartOf\":{\"@id\":\"https:\/\/rv-stg.fera.miewstudio.com\/de\/#website\"},\"primaryImageOfPage\":{\"@id\":\"https:\/\/rv-stg.fera.miewstudio.com\/de\/produkt\/wanderfuehrer\/#primaryimage\"},\"image\":{\"@id\":\"https:\/\/rv-stg.fera.miewstudio.com\/de\/produkt\/wanderfuehrer\/#primaryimage\"},\"thumbnailUrl\":\"https:\/\/rv-stg.fera.miewstudio.com\/wp-content\/uploads\/2022\/09\/guia-rota-vicentina-1.jpg\",\"datePublished\":\"2025-05-09T14:18:13+00:00\",\"dateModified\":\"2025-05-09T14:20:42+00:00\",\"description\":\"Mit dem Reisef\u00fchrer ist es einfacher, Ihren Spaziergang auf der Rota Vicentina vorzubereiten und zu genie\u00dfen. Nehmen Sie alle praktischen Informationen in die Tasche. Die 5. Auflage ist in Portugiesisch und Franz\u00f6sisch erh\u00e4ltlich.\",\"breadcrumb\":{\"@id\":\"https:\/\/rv-stg.fera.miewstudio.com\/de\/produkt\/wanderfuehrer\/#breadcrumb\"},\"inLanguage\":\"de\",\"potentialAction\":[{\"@type\":\"ReadAction\",\"target\":[\"https:\/\/rv-stg.fera.miewstudio.com\/de\/produkt\/wanderfuehrer\/\"]}]},{\"@type\":\"ImageObject\",\"inLanguage\":\"de\",\"@id\":\"https:\/\/rv-stg.fera.miewstudio.com\/de\/produkt\/wanderfuehrer\/#primaryimage\",\"url\":\"https:\/\/rv-stg.fera.miewstudio.com\/wp-content\/uploads\/2022\/09\/guia-rota-vicentina-1.jpg\",\"contentUrl\":\"https:\/\/rv-stg.fera.miewstudio.com\/wp-content\/uploads\/2022\/09\/guia-rota-vicentina-1.jpg\",\"width\":\"1000\",\"height\":\"667\",\"caption\":\"Guia de Campo Rota Vicentina\"},{\"@type\":\"BreadcrumbList\",\"@id\":\"https:\/\/rv-stg.fera.miewstudio.com\/de\/produkt\/wanderfuehrer\/#breadcrumb\",\"itemListElement\":[{\"@type\":\"ListItem\",\"position\":1,\"name\":\"Online-Shop\",\"item\":\"https:\/\/rv-stg.fera.miewstudio.com\/de\/shop\/\"},{\"@type\":\"ListItem\",\"position\":2,\"name\":\"Wanderf\u00fchrer 5.Auflage\"}]},{\"@type\":\"WebSite\",\"@id\":\"https:\/\/rv-stg.fera.miewstudio.com\/de\/#website\",\"url\":\"https:\/\/rv-stg.fera.miewstudio.com\/de\/\",\"name\":\"[STG] Rota Vicentina\",\"description\":\"A p\u00e9 pelo Trilho dos Pescadores, Caminho Hist\u00f3rico ou Percursos Circulares ou v\u00e1 de bicicleta pelos mais de 1000km de Trilhos de Bicicleta na Rota Vicentina.\",\"publisher\":{\"@id\":\"https:\/\/rv-stg.fera.miewstudio.com\/de\/#organization\"},\"potentialAction\":[{\"@type\":\"SearchAction\",\"target\":{\"@type\":\"EntryPoint\",\"urlTemplate\":\"https:\/\/rv-stg.fera.miewstudio.com\/de\/?s={search_term_string}\"},\"query-input\":{\"@type\":\"PropertyValueSpecification\",\"valueRequired\":true,\"valueName\":\"search_term_string\"}}],\"inLanguage\":\"de\"},{\"@type\":\"Organization\",\"@id\":\"https:\/\/rv-stg.fera.miewstudio.com\/de\/#organization\",\"name\":\"[STG] Rota Vicentina\",\"url\":\"https:\/\/rv-stg.fera.miewstudio.com\/de\/\",\"logo\":{\"@type\":\"ImageObject\",\"inLanguage\":\"de\",\"@id\":\"https:\/\/rv-stg.fera.miewstudio.com\/de\/#\/schema\/logo\/image\/\",\"url\":\"https:\/\/rv-stg.fera.miewstudio.com\/wp-content\/uploads\/2023\/02\/Rota-Vicentina-SW-Portugal.jpg\",\"contentUrl\":\"https:\/\/rv-stg.fera.miewstudio.com\/wp-content\/uploads\/2023\/02\/Rota-Vicentina-SW-Portugal.jpg\",\"width\":\"852\",\"height\":\"480\",\"caption\":\"[STG] Rota Vicentina\"},\"image\":{\"@id\":\"https:\/\/rv-stg.fera.miewstudio.com\/de\/#\/schema\/logo\/image\/\"},\"sameAs\":[\"https:\/\/www.facebook.com\/rotavicentina\",\"https:\/\/x.com\/RotaVicentina\",\"https:\/\/www.instagram.com\/rotavicentina\/\",\"https:\/\/pt.linkedin.com\/company\/rota-vicentina\"]}]}<\/script>\n<!-- \/ Yoast SEO Premium plugin. -->","yoast_head_json":{"title":"5. Auflage des offiziellen Wanderf\u00fchrer der Rota Vicentina","description":"Mit dem Reisef\u00fchrer ist es einfacher, Ihren Spaziergang auf der Rota Vicentina vorzubereiten und zu genie\u00dfen. Nehmen Sie alle praktischen Informationen in die Tasche. Die 5. Auflage ist in Portugiesisch und Franz\u00f6sisch erh\u00e4ltlich.","robots":{"index":"noindex","follow":"follow","max-snippet":"max-snippet:-1","max-image-preview":"max-image-preview:large","max-video-preview":"max-video-preview:-1"},"og_locale":"de_DE","og_type":"article","og_title":"5. Auflage des offiziellen Wanderf\u00fchrer der Rota Vicentina","og_description":"Mit dem Reisef\u00fchrer ist es einfacher, Ihren Spaziergang auf der Rota Vicentina vorzubereiten und zu genie\u00dfen. Nehmen Sie alle praktischen Informationen in die Tasche. Die 5. Auflage ist in Portugiesisch und Franz\u00f6sisch erh\u00e4ltlich.","og_url":"https:\/\/rv-stg.fera.miewstudio.com\/de\/produkt\/wanderfuehrer\/","og_site_name":"[STG] Rota Vicentina","article_publisher":"https:\/\/www.facebook.com\/rotavicentina","article_modified_time":"2025-05-09T14:20:42+00:00","og_image":[{"width":1000,"height":667,"url":"https:\/\/rv-stg.fera.miewstudio.com\/wp-content\/uploads\/2022\/09\/guia-rota-vicentina-1.jpg","type":"image\/jpeg"}],"twitter_card":"summary_large_image","twitter_site":"@RotaVicentina","twitter_misc":{"Gesch\u00e4tzte Lesezeit":"1\u00a0Minute"},"schema":{"@context":"https:\/\/schema.org","@graph":[{"@type":"WebPage","@id":"https:\/\/rv-stg.fera.miewstudio.com\/de\/produkt\/wanderfuehrer\/","url":"https:\/\/rv-stg.fera.miewstudio.com\/de\/produkt\/wanderfuehrer\/","name":"5. Auflage des offiziellen Wanderf\u00fchrer der Rota Vicentina","isPartOf":{"@id":"https:\/\/rv-stg.fera.miewstudio.com\/de\/#website"},"primaryImageOfPage":{"@id":"https:\/\/rv-stg.fera.miewstudio.com\/de\/produkt\/wanderfuehrer\/#primaryimage"},"image":{"@id":"https:\/\/rv-stg.fera.miewstudio.com\/de\/produkt\/wanderfuehrer\/#primaryimage"},"thumbnailUrl":"https:\/\/rv-stg.fera.miewstudio.com\/wp-content\/uploads\/2022\/09\/guia-rota-vicentina-1.jpg","datePublished":"2025-05-09T14:18:13+00:00","dateModified":"2025-05-09T14:20:42+00:00","description":"Mit dem Reisef\u00fchrer ist es einfacher, Ihren Spaziergang auf der Rota Vicentina vorzubereiten und zu genie\u00dfen. Nehmen Sie alle praktischen Informationen in die Tasche. Die 5. Auflage ist in Portugiesisch und Franz\u00f6sisch erh\u00e4ltlich.","breadcrumb":{"@id":"https:\/\/rv-stg.fera.miewstudio.com\/de\/produkt\/wanderfuehrer\/#breadcrumb"},"inLanguage":"de","potentialAction":[{"@type":"ReadAction","target":["https:\/\/rv-stg.fera.miewstudio.com\/de\/produkt\/wanderfuehrer\/"]}]},{"@type":"ImageObject","inLanguage":"de","@id":"https:\/\/rv-stg.fera.miewstudio.com\/de\/produkt\/wanderfuehrer\/#primaryimage","url":"https:\/\/rv-stg.fera.miewstudio.com\/wp-content\/uploads\/2022\/09\/guia-rota-vicentina-1.jpg","contentUrl":"https:\/\/rv-stg.fera.miewstudio.com\/wp-content\/uploads\/2022\/09\/guia-rota-vicentina-1.jpg","width":"1000","height":"667","caption":"Guia de Campo Rota Vicentina"},{"@type":"BreadcrumbList","@id":"https:\/\/rv-stg.fera.miewstudio.com\/de\/produkt\/wanderfuehrer\/#breadcrumb","itemListElement":[{"@type":"ListItem","position":1,"name":"Online-Shop","item":"https:\/\/rv-stg.fera.miewstudio.com\/de\/shop\/"},{"@type":"ListItem","position":2,"name":"Wanderf\u00fchrer 5.Auflage"}]},{"@type":"WebSite","@id":"https:\/\/rv-stg.fera.miewstudio.com\/de\/#website","url":"https:\/\/rv-stg.fera.miewstudio.com\/de\/","name":"[STG] Rota Vicentina","description":"A p\u00e9 pelo Trilho dos Pescadores, Caminho Hist\u00f3rico ou Percursos Circulares ou v\u00e1 de bicicleta pelos mais de 1000km de Trilhos de Bicicleta na Rota Vicentina.","publisher":{"@id":"https:\/\/rv-stg.fera.miewstudio.com\/de\/#organization"},"potentialAction":[{"@type":"SearchAction","target":{"@type":"EntryPoint","urlTemplate":"https:\/\/rv-stg.fera.miewstudio.com\/de\/?s={search_term_string}"},"query-input":{"@type":"PropertyValueSpecification","valueRequired":true,"valueName":"search_term_string"}}],"inLanguage":"de"},{"@type":"Organization","@id":"https:\/\/rv-stg.fera.miewstudio.com\/de\/#organization","name":"[STG] Rota Vicentina","url":"https:\/\/rv-stg.fera.miewstudio.com\/de\/","logo":{"@type":"ImageObject","inLanguage":"de","@id":"https:\/\/rv-stg.fera.miewstudio.com\/de\/#\/schema\/logo\/image\/","url":"https:\/\/rv-stg.fera.miewstudio.com\/wp-content\/uploads\/2023\/02\/Rota-Vicentina-SW-Portugal.jpg","contentUrl":"https:\/\/rv-stg.fera.miewstudio.com\/wp-content\/uploads\/2023\/02\/Rota-Vicentina-SW-Portugal.jpg","width":"852","height":"480","caption":"[STG] Rota Vicentina"},"image":{"@id":"https:\/\/rv-stg.fera.miewstudio.com\/de\/#\/schema\/logo\/image\/"},"sameAs":["https:\/\/www.facebook.com\/rotavicentina","https:\/\/x.com\/RotaVicentina","https:\/\/www.instagram.com\/rotavicentina\/","https:\/\/pt.linkedin.com\/company\/rota-vicentina"]}]}},"_links":{"self":[{"href":"https:\/\/rv-stg.fera.miewstudio.com\/de\/wp-json\/wp\/v2\/product\/124429","targetHints":{"allow":["GET"]}}],"collection":[{"href":"https:\/\/rv-stg.fera.miewstudio.com\/de\/wp-json\/wp\/v2\/product"}],"about":[{"href":"https:\/\/rv-stg.fera.miewstudio.com\/de\/wp-json\/wp\/v2\/types\/product"}],"wp:featuredmedia":[{"embeddable":true,"href":"https:\/\/rv-stg.fera.miewstudio.com\/de\/wp-json\/wp\/v2\/media\/59797"}],"wp:attachment":[{"href":"https:\/\/rv-stg.fera.miewstudio.com\/de\/wp-json\/wp\/v2\/media?parent=124429"}],"wp:term":[{"taxonomy":"product_brand","embeddable":true,"href":"https:\/\/rv-stg.fera.miewstudio.com\/de\/wp-json\/wp\/v2\/product_brand?post=124429"},{"taxonomy":"product_cat","embeddable":true,"href":"https:\/\/rv-stg.fera.miewstudio.com\/de\/wp-json\/wp\/v2\/product_cat?post=124429"},{"taxonomy":"product_tag","embeddable":true,"href":"https:\/\/rv-stg.fera.miewstudio.com\/de\/wp-json\/wp\/v2\/product_tag?post=124429"}],"curies":[{"name":"wp","href":"https:\/\/api.w.org\/{rel}","templated":true}]}}