{"id":89728,"date":"2021-11-09T11:56:07","date_gmt":"2021-11-09T11:56:07","guid":{"rendered":"https:\/\/rotavicentina.miewstudio.com\/volontariat\/"},"modified":"2025-09-30T15:50:14","modified_gmt":"2025-09-30T15:50:14","slug":"volontariat","status":"publish","type":"page","link":"https:\/\/rv-stg.fera.miewstudio.com\/de\/volontariat\/","title":{"rendered":"Freiwilligenarbeit"},"content":{"rendered":"<div class=\"wpb-content-wrapper\"><p>[vc_row unlock_row_content=&#8220;&#8220; row_height_percent=&#8220;0&#8243; back_image=&#8220;79115&#8243; shift_y=&#8220;0&#8243; z_index=&#8220;0&#8243; row_height_pixel=&#8220;465px&#8220;][vc_column position_horizontal=&#8220;&#8220; position_vertical=&#8220;d-md-flex align-items-md-end&#8220; style=&#8220;dark&#8220; mobile_width=&#8220;11&#8243; shift_x=&#8220;0&#8243; shift_y=&#8220;0&#8243; z_index=&#8220;0&#8243; width=&#8220;1\/1&#8243;][vc_custom_heading auto_text=&#8220;yes&#8220; heading_semantic=&#8220;h1&#8243; text_size=&#8220;&#8220; el_class=&#8220;alternative-font big-title&#8220;]Freiwilligenarbeit[\/vc_custom_heading][\/vc_column][\/vc_row][vc_row unlock_row_content=&#8220;&#8220; row_height_percent=&#8220;0&#8243; override_padding=&#8220;yes&#8220; h_padding=&#8220;0&#8243; top_padding=&#8220;4&#8243; bottom_padding=&#8220;4&#8243; shift_y=&#8220;0&#8243; z_index=&#8220;0&#8243;][vc_column position_horizontal=&#8220;&#8220; position_vertical=&#8220;d-md-flex align-items-md-center&#8220; mobile_width=&#8220;11&#8243; shift_x=&#8220;0&#8243; shift_y=&#8220;0&#8243; z_index=&#8220;0&#8243; width=&#8220;5\/12&#8243; mobile_order=&#8220;2&#8243;][vc_single_image media_div=&#8220;svginline&#8220; media=&#8220;59326&#8243; css_animation=&#8220;alpha-anim&#8220; media_width_pixel=&#8220;60px&#8220;][\/vc_single_image][vc_custom_heading css_animation=&#8220;alpha-anim&#8220; el_class=&#8220;title-stroked mt-adapt-3&#8243;]Beteiligen Sie sich an <del>diesem Projekt<\/del>![\/vc_custom_heading][vc_column_text css_animation=&#8220;alpha-anim&#8220; el_class=&#8220;mt-adapt-5&#8243;]Das Projekt Rota Vicentina ist um Einiges mehr als eine Vielzahl an Wanderwegen inklusive diverser, komplement\u00e4rer Angebote. Es ist ein lebendiges Netzwerk, das Personen, Gebiete und Eigentum verbindet und damit zur Nachhaltigkeit dieser Region beitr\u00e4gt.<\/p>\n<p>Es gibt verschiedene Formen der Teilnahme und Mitwirkung am Projekt Rota Vicentina \u2013 der Entwicklung und dem Erhalt dieses Fernwanderwegs und der Region. Sie k\u00f6nnen mit Ihrer Zeit &#8211; punktuell oder kontinuierlich, oder finanziell, durch eine <a href=\"https:\/\/rv-stg.fera.miewstudio.com\/de\/spenden\/\">Spende<\/a> dazu beitragen.[\/vc_column_text][\/vc_column][vc_column position_horizontal=&#8220;&#8220; mobile_visibility=&#8220;yes&#8220; mobile_width=&#8220;11&#8243; shift_x=&#8220;0&#8243; shift_y=&#8220;0&#8243; z_index=&#8220;0&#8243; width=&#8220;1\/12&#8243;][\/vc_column][vc_column position_horizontal=&#8220;&#8220; position_vertical=&#8220;d-md-flex align-items-md-center&#8220; mobile_width=&#8220;11&#8243; shift_x=&#8220;0&#8243; shift_y=&#8220;0&#8243; z_index=&#8220;0&#8243; css_animation=&#8220;alpha-anim&#8220; width=&#8220;1\/2&#8243; mobile_order=&#8220;1&#8243;][vc_video cover_image=&#8220;79601&#8243; controls=&#8220;yes&#8220; muted=&#8220;yes&#8220; autoplay=&#8220;yes&#8220; video_link=&#8220;https:\/\/youtu.be\/RBKKHFZd4-o&#8220; el_class=&#8220;mt-adapt-4 mb-adapt-4&#8243;][\/vc_column][\/vc_row][vc_row unlock_row_content=&#8220;&#8220; row_height_percent=&#8220;0&#8243; columns_gutter=&#8220;&#8220; override_padding=&#8220;yes&#8220; h_padding=&#8220;0&#8243; top_padding=&#8220;0&#8243; bottom_padding=&#8220;0&#8243; shift_y=&#8220;0&#8243; z_index=&#8220;0&#8243; el_class=&#8220;mb-adapt-8 mb-adapt-md-0&#8243;][vc_column position_horizontal=&#8220;&#8220; position_vertical=&#8220;d-md-flex align-items-md-center&#8220; mobile_width=&#8220;11&#8243; shift_x=&#8220;0&#8243; shift_y=&#8220;0&#8243; z_index=&#8220;0&#8243; width=&#8220;5\/12&#8243; mobile_order=&#8220;2&#8243; el_class=&#8220;pt-adapt-4 pb-adapt-4&#8243;][vc_custom_heading heading_semantic=&#8220;h3&#8243; text_size=&#8220;h3&#8243; css_animation=&#8220;alpha-anim&#8220; el_class=&#8220;title-stroked mt-adapt-3&#8243;]Ausfl\u00fcge ins Gel\u00e4nde mit Rota Vicentina[\/vc_custom_heading][vc_column_text css_animation=&#8220;alpha-anim&#8220; el_class=&#8220;mt-adapt-4&#8243;]Zu Beginn der Wandersaison ver\u00f6ffentlichen wir einen neuen Kalender mit verschiedenen Feldterminen, die unterschiedliche Arbeiten umfassen.<br \/>\nManche Aufgaben sind anspruchsvoller als andere, also schauen Sie sich jede einzeln an und probieren Sie es aus \u2013 wer wei\u00df, vielleicht werden Sie ein Fan und schlie\u00dfen sich der Gruppe der regelm\u00e4\u00dfigen Freiwilligen bei Rota Vicentina an![\/vc_column_text][vc_btn display=&#8220;inline-block&#8220; btn_size=&#8220;button-big&#8220; css_animation=&#8220;alpha-anim&#8220; link=&#8220;url:https%3A%2F%2Fblog.rotavicentina.miewstudio.com%2Fen%2Fvolunteering-calendar-autumn-winter-2025%2F|title:Fr%C3%BChjahrskalender%202025|target:_blank&#8220; id=&#8220;sbn9vmg0v&#8220; el_class=&#8220;mt-adapt-4&#8243;]Siehe Kalender Herbst 2025![\/vc_btn][\/vc_column][vc_column position_horizontal=&#8220;&#8220; mobile_visibility=&#8220;yes&#8220; mobile_width=&#8220;11&#8243; shift_x=&#8220;0&#8243; shift_y=&#8220;0&#8243; z_index=&#8220;0&#8243; width=&#8220;1\/12&#8243;][\/vc_column][vc_column position_horizontal=&#8220;&#8220; position_vertical=&#8220;d-md-flex align-items-md-center&#8220; mobile_width=&#8220;11&#8243; shift_x=&#8220;0&#8243; shift_y=&#8220;0&#8243; z_index=&#8220;0&#8243; width=&#8220;1\/2&#8243; mobile_order=&#8220;1&#8243;][vc_single_image media=&#8220;79297&#8243;][\/vc_single_image][\/vc_column][\/vc_row][vc_row unlock_row_content=&#8220;&#8220; row_height_percent=&#8220;0&#8243; columns_gutter=&#8220;&#8220; override_padding=&#8220;yes&#8220; h_padding=&#8220;0&#8243; top_padding=&#8220;0&#8243; bottom_padding=&#8220;0&#8243; shift_y=&#8220;0&#8243; z_index=&#8220;0&#8243; el_class=&#8220;mb-adapt-8 mb-adapt-md-0&#8243;][vc_column position_horizontal=&#8220;&#8220; position_vertical=&#8220;d-md-flex align-items-md-center&#8220; mobile_width=&#8220;11&#8243; shift_x=&#8220;0&#8243; shift_y=&#8220;0&#8243; z_index=&#8220;0&#8243; width=&#8220;1\/2&#8243; mobile_order=&#8220;1&#8243;][vc_single_image media_div=&#8220;background&#8220; media=&#8220;79289&#8243; css_animation=&#8220;masked&#8220;][\/vc_single_image][\/vc_column][vc_column position_horizontal=&#8220;&#8220; mobile_visibility=&#8220;yes&#8220; mobile_width=&#8220;11&#8243; shift_x=&#8220;0&#8243; shift_y=&#8220;0&#8243; z_index=&#8220;0&#8243; width=&#8220;1\/12&#8243;][\/vc_column][vc_column position_horizontal=&#8220;&#8220; position_vertical=&#8220;d-md-flex align-items-md-center&#8220; mobile_width=&#8220;11&#8243; shift_x=&#8220;0&#8243; shift_y=&#8220;0&#8243; z_index=&#8220;0&#8243; width=&#8220;5\/12&#8243; mobile_order=&#8220;2&#8243; el_class=&#8220;pt-adapt-4 pb-adapt-4&#8243;][vc_custom_heading heading_semantic=&#8220;h3&#8243; text_size=&#8220;h3&#8243; css_animation=&#8220;alpha-anim&#8220; el_class=&#8220;title-stroked mt-adapt-3&#8243;]Patenschaft f\u00fcr eine Wegstrecke[\/vc_custom_heading][vc_column_text css_animation=&#8220;alpha-anim&#8220; el_class=&#8220;mt-adapt-4&#8243;]Personen jeden Alters und Erfahrungshintergrunds, Schulen, Vereine und Unternehmen haben schon Patenschaften f\u00fcr Etappen oder bestimmte Wege \u00fcbernommen, denn dies ist eine M\u00f6glichkeit der freiwilligen Unterst\u00fctzung, die w\u00e4chst \u2013 und sehr wirkungsvoll ist.<br \/>\nWenn Sie bereit sind, eine Patenschaft f\u00fcr einen Weg zu \u00fcbernehmen, ist eine Verpflichtung f\u00fcr ein Jahr empfehlenswert, f\u00fcr die Sie sich anmelden k\u00f6nnen Wir bitten Sie um Ihre Meinung![\/vc_column_text][vc_btn display=&#8220;inline-block&#8220; btn_size=&#8220;button-big&#8220; css_animation=&#8220;alpha-anim&#8220; link=&#8220;url:https%3A%2F%2Frotavicentina.miewstudio.com%2Fde%2Ffreiwilligenformular%2F|title:Freiwilligenformular|&#8220; id=&#8220;sbn9vmg0v&#8220; el_class=&#8220;mt-adapt-4&#8243;]Sie m\u00f6chten spenden[\/vc_btn][\/vc_column][\/vc_row][vc_row unlock_row_content=&#8220;&#8220; row_height_percent=&#8220;0&#8243; columns_gutter=&#8220;&#8220; override_padding=&#8220;yes&#8220; h_padding=&#8220;0&#8243; top_padding=&#8220;0&#8243; bottom_padding=&#8220;0&#8243; shift_y=&#8220;0&#8243; z_index=&#8220;0&#8243; el_class=&#8220;mb-adapt-8 mb-adapt-md-0&#8243;][vc_column position_horizontal=&#8220;&#8220; position_vertical=&#8220;d-md-flex align-items-md-center&#8220; mobile_width=&#8220;11&#8243; shift_x=&#8220;0&#8243; shift_y=&#8220;0&#8243; z_index=&#8220;0&#8243; width=&#8220;5\/12&#8243; mobile_order=&#8220;2&#8243; el_class=&#8220;pt-adapt-4 pb-adapt-4&#8243;][vc_custom_heading heading_semantic=&#8220;h3&#8243; text_size=&#8220;h3&#8243; css_animation=&#8220;alpha-anim&#8220; el_class=&#8220;title-stroked mt-adapt-3&#8243;]Voluntariado de longa dura\u00e7\u00e3o[\/vc_custom_heading][vc_column_text css_animation=&#8220;alpha-anim&#8220; el_class=&#8220;mt-adapt-4&#8243;]Freiwilligenarbeit ist ein Akt der Liebe. Und in Rota Vicentina haben wir immer offene Arme, um diejenigen zu empfangen, die sich der gleichen Sache widmen wie wir. Durch das Europ\u00e4ische Solidarit\u00e4tskorps ist es m\u00f6glich, Teil des Vinzentinischen Weges zu sein und ihn wie kein anderer zu gehen, indem man der Vereinigung f\u00fcr etwa 1 Jahr hilft. Bleiben Sie auf dem Laufenden \u00fcber kommende Gelegenheiten![\/vc_column_text][vc_btn display=&#8220;inline-block&#8220; btn_size=&#8220;button-big&#8220; css_animation=&#8220;alpha-anim&#8220; link=&#8220;url:https%3A%2F%2Fwww.europasolidaria.pt%2Fpt%2F|title:Mehr%20erfahren|target:_blank|&#8220; id=&#8220;sbn9vmg0v&#8220; el_class=&#8220;mt-adapt-4&#8243;]Sie m\u00f6chten spenden[\/vc_btn][\/vc_column][vc_column position_horizontal=&#8220;&#8220; mobile_visibility=&#8220;yes&#8220; mobile_width=&#8220;11&#8243; shift_x=&#8220;0&#8243; shift_y=&#8220;0&#8243; z_index=&#8220;0&#8243; width=&#8220;1\/12&#8243;][\/vc_column][vc_column position_horizontal=&#8220;&#8220; position_vertical=&#8220;d-md-flex align-items-md-center&#8220; mobile_width=&#8220;11&#8243; shift_x=&#8220;0&#8243; shift_y=&#8220;0&#8243; z_index=&#8220;0&#8243; width=&#8220;1\/2&#8243; mobile_order=&#8220;1&#8243;][vc_single_image media_div=&#8220;background&#8220; media=&#8220;79301&#8243; css_animation=&#8220;masked&#8220;][\/vc_single_image][\/vc_column][\/vc_row][vc_row unlock_row_content=&#8220;&#8220; row_height_percent=&#8220;0&#8243; columns_gutter=&#8220;&#8220; override_padding=&#8220;yes&#8220; h_padding=&#8220;0&#8243; top_padding=&#8220;0&#8243; bottom_padding=&#8220;0&#8243; shift_y=&#8220;0&#8243; z_index=&#8220;0&#8243; el_class=&#8220;mb-adapt-8 mb-adapt-md-0&#8243;][vc_column position_horizontal=&#8220;&#8220; position_vertical=&#8220;d-md-flex align-items-md-center&#8220; mobile_width=&#8220;11&#8243; shift_x=&#8220;0&#8243; shift_y=&#8220;0&#8243; z_index=&#8220;0&#8243; width=&#8220;1\/2&#8243; mobile_order=&#8220;1&#8243;][vc_single_image media_div=&#8220;background&#8220; media=&#8220;59332&#8243; css_animation=&#8220;masked&#8220;][\/vc_single_image][\/vc_column][vc_column position_horizontal=&#8220;&#8220; mobile_visibility=&#8220;yes&#8220; mobile_width=&#8220;11&#8243; shift_x=&#8220;0&#8243; shift_y=&#8220;0&#8243; z_index=&#8220;0&#8243; width=&#8220;1\/12&#8243;][\/vc_column][vc_column position_horizontal=&#8220;&#8220; position_vertical=&#8220;d-md-flex align-items-md-center&#8220; mobile_width=&#8220;11&#8243; shift_x=&#8220;0&#8243; shift_y=&#8220;0&#8243; z_index=&#8220;0&#8243; width=&#8220;5\/12&#8243; mobile_order=&#8220;2&#8243; el_class=&#8220;pt-adapt-4 pb-adapt-4&#8243;][vc_custom_heading heading_semantic=&#8220;h3&#8243; text_size=&#8220;h3&#8243; css_animation=&#8220;alpha-anim&#8220; el_class=&#8220;title-stroked mt-adapt-3&#8243;]Newsletter f\u00fcr <em>Volont\u00e4re<\/em> abonnieren[\/vc_custom_heading][vc_column_text css_animation=&#8220;alpha-anim&#8220; el_class=&#8220;mt-adapt-4 mb-adapt-4&#8243;]Sich \u00fcber die verschiedenen Aufgaben und Aktionstermine zu informieren, kann ein erster Schritt sein. Vielleicht entdecken Sie einen Tag, an dem alles passt, um sich einen praktischen Eindruck der freiwilligen Mitwirkung zu verschaffen? Wir senden im Durchschnitt alle drei Monate eine E-Mail, und selbstverst\u00e4ndlich k\u00f6nnen Sie Ihr Abonnement jederzeit k\u00fcndigen.[\/vc_column_text][vc_raw_html]W21jNHdwX2Zvcm0gaWQ9IjQxIl0=[\/vc_raw_html][\/vc_column][\/vc_row]<\/p>\n<\/div>","protected":false},"excerpt":{"rendered":"<p>[vc_row unlock_row_content=&#8220;&#8220; row_height_percent=&#8220;0&#8243; back_image=&#8220;79115&#8243; shift_y=&#8220;0&#8243; z_index=&#8220;0&#8243; row_height_pixel=&#8220;465px&#8220;][vc_column position_horizontal=&#8220;&#8220; position_vertical=&#8220;d-md-flex align-items-md-end&#8220; style=&#8220;dark&#8220; mobile_width=&#8220;11&#8243; shift_x=&#8220;0&#8243; shift_y=&#8220;0&#8243; z_index=&#8220;0&#8243; width=&#8220;1\/1&#8243;][vc_custom_heading auto_text=&#8220;yes&#8220; heading_semantic=&#8220;h1&#8243; text_size=&#8220;&#8220; el_class=&#8220;alternative-font big-title&#8220;]Freiwilligenarbeit[\/vc_custom_heading][\/vc_column][\/vc_row][vc_row unlock_row_content=&#8220;&#8220; row_height_percent=&#8220;0&#8243; override_padding=&#8220;yes&#8220; h_padding=&#8220;0&#8243; top_padding=&#8220;4&#8243; bottom_padding=&#8220;4&#8243; shift_y=&#8220;0&#8243; z_index=&#8220;0&#8243;][vc_column position_horizontal=&#8220;&#8220; position_vertical=&#8220;d-md-flex align-items-md-center&#8220; mobile_width=&#8220;11&#8243; shift_x=&#8220;0&#8243; shift_y=&#8220;0&#8243; z_index=&#8220;0&#8243; width=&#8220;5\/12&#8243; mobile_order=&#8220;2&#8243;][vc_single_image media_div=&#8220;svginline&#8220; media=&#8220;59326&#8243; css_animation=&#8220;alpha-anim&#8220; media_width_pixel=&#8220;60px&#8220;][\/vc_single_image][vc_custom_heading css_animation=&#8220;alpha-anim&#8220; el_class=&#8220;title-stroked mt-adapt-3&#8243;]Beteiligen Sie sich an diesem Projekt![\/vc_custom_heading][vc_column_text css_animation=&#8220;alpha-anim&#8220; el_class=&#8220;mt-adapt-5&#8243;]Das Projekt Rota Vicentina [&hellip;]<\/p>\n","protected":false},"author":1,"featured_media":79297,"parent":0,"menu_order":0,"comment_status":"closed","ping_status":"closed","template":"","meta":{"_acf_changed":false,"footnotes":""},"page-category":[],"class_list":["post-89728","page","type-page","status-publish","has-post-thumbnail","hentry"],"acf":[],"yoast_head":"<!-- This site is optimized with the Yoast SEO Premium plugin v19.5 (Yoast SEO v27.0) - https:\/\/yoast.com\/product\/yoast-seo-premium-wordpress\/ -->\n<title>Volontariat auf der Rota Vicentina<\/title>\n<meta name=\"description\" content=\"\u00dcbernehmen Sie eine Streckenpatenschaft, nehmen Sie an einem Instandhaltungsspaziergang oder einem Freiwilligenprogramm im Rahmen des Europ\u00e4ischen Solidarit\u00e4tskorps teil.\" \/>\n<meta name=\"robots\" content=\"noindex, follow, max-snippet:-1, max-image-preview:large, max-video-preview:-1\" \/>\n<meta property=\"og:locale\" content=\"de_DE\" \/>\n<meta property=\"og:type\" content=\"article\" \/>\n<meta property=\"og:title\" content=\"Volontariat auf der Rota Vicentina\" \/>\n<meta property=\"og:description\" content=\"\u00dcbernehmen Sie eine Streckenpatenschaft, nehmen Sie an einem Instandhaltungsspaziergang oder einem Freiwilligenprogramm im Rahmen des Europ\u00e4ischen Solidarit\u00e4tskorps teil.\" \/>\n<meta property=\"og:url\" content=\"https:\/\/rv-stg.fera.miewstudio.com\/de\/volontariat\/\" \/>\n<meta property=\"og:site_name\" content=\"[STG] Rota Vicentina\" \/>\n<meta property=\"article:publisher\" content=\"https:\/\/www.facebook.com\/rotavicentina\" \/>\n<meta property=\"article:modified_time\" content=\"2025-09-30T15:50:14+00:00\" \/>\n<meta property=\"og:image\" content=\"https:\/\/rv-stg.fera.miewstudio.com\/wp-content\/uploads\/2022\/12\/2-2.jpg\" \/>\n\t<meta property=\"og:image:width\" content=\"719\" \/>\n\t<meta property=\"og:image:height\" content=\"470\" \/>\n\t<meta property=\"og:image:type\" content=\"image\/jpeg\" \/>\n<meta name=\"twitter:card\" content=\"summary_large_image\" \/>\n<meta name=\"twitter:site\" content=\"@RotaVicentina\" \/>\n<meta name=\"twitter:label1\" content=\"Gesch\u00e4tzte Lesezeit\" \/>\n\t<meta name=\"twitter:data1\" content=\"4\u00a0Minuten\" \/>\n<script type=\"application\/ld+json\" class=\"yoast-schema-graph\">{\"@context\":\"https:\/\/schema.org\",\"@graph\":[{\"@type\":\"WebPage\",\"@id\":\"https:\/\/rv-stg.fera.miewstudio.com\/de\/volontariat\/\",\"url\":\"https:\/\/rv-stg.fera.miewstudio.com\/de\/volontariat\/\",\"name\":\"Volontariat auf der Rota Vicentina\",\"isPartOf\":{\"@id\":\"https:\/\/rv-stg.fera.miewstudio.com\/de\/#website\"},\"primaryImageOfPage\":{\"@id\":\"https:\/\/rv-stg.fera.miewstudio.com\/de\/volontariat\/#primaryimage\"},\"image\":{\"@id\":\"https:\/\/rv-stg.fera.miewstudio.com\/de\/volontariat\/#primaryimage\"},\"thumbnailUrl\":\"https:\/\/rv-stg.fera.miewstudio.com\/wp-content\/uploads\/2022\/12\/2-2.jpg\",\"datePublished\":\"2021-11-09T11:56:07+00:00\",\"dateModified\":\"2025-09-30T15:50:14+00:00\",\"description\":\"\u00dcbernehmen Sie eine Streckenpatenschaft, nehmen Sie an einem Instandhaltungsspaziergang oder einem Freiwilligenprogramm im Rahmen des Europ\u00e4ischen Solidarit\u00e4tskorps teil.\",\"inLanguage\":\"de\",\"potentialAction\":[{\"@type\":\"ReadAction\",\"target\":[\"https:\/\/rv-stg.fera.miewstudio.com\/de\/volontariat\/\"]}]},{\"@type\":\"ImageObject\",\"inLanguage\":\"de\",\"@id\":\"https:\/\/rv-stg.fera.miewstudio.com\/de\/volontariat\/#primaryimage\",\"url\":\"https:\/\/rv-stg.fera.miewstudio.com\/wp-content\/uploads\/2022\/12\/2-2.jpg\",\"contentUrl\":\"https:\/\/rv-stg.fera.miewstudio.com\/wp-content\/uploads\/2022\/12\/2-2.jpg\",\"width\":719,\"height\":470,\"caption\":\"Volontariat auf der Rota Vicentina\"},{\"@type\":\"WebSite\",\"@id\":\"https:\/\/rv-stg.fera.miewstudio.com\/de\/#website\",\"url\":\"https:\/\/rv-stg.fera.miewstudio.com\/de\/\",\"name\":\"[STG] Rota Vicentina\",\"description\":\"A p\u00e9 pelo Trilho dos Pescadores, Caminho Hist\u00f3rico ou Percursos Circulares ou v\u00e1 de bicicleta pelos mais de 1000km de Trilhos de Bicicleta na Rota Vicentina.\",\"publisher\":{\"@id\":\"https:\/\/rv-stg.fera.miewstudio.com\/de\/#organization\"},\"potentialAction\":[{\"@type\":\"SearchAction\",\"target\":{\"@type\":\"EntryPoint\",\"urlTemplate\":\"https:\/\/rv-stg.fera.miewstudio.com\/de\/?s={search_term_string}\"},\"query-input\":{\"@type\":\"PropertyValueSpecification\",\"valueRequired\":true,\"valueName\":\"search_term_string\"}}],\"inLanguage\":\"de\"},{\"@type\":\"Organization\",\"@id\":\"https:\/\/rv-stg.fera.miewstudio.com\/de\/#organization\",\"name\":\"[STG] Rota Vicentina\",\"url\":\"https:\/\/rv-stg.fera.miewstudio.com\/de\/\",\"logo\":{\"@type\":\"ImageObject\",\"inLanguage\":\"de\",\"@id\":\"https:\/\/rv-stg.fera.miewstudio.com\/de\/#\/schema\/logo\/image\/\",\"url\":\"https:\/\/rv-stg.fera.miewstudio.com\/wp-content\/uploads\/2023\/02\/Rota-Vicentina-SW-Portugal.jpg\",\"contentUrl\":\"https:\/\/rv-stg.fera.miewstudio.com\/wp-content\/uploads\/2023\/02\/Rota-Vicentina-SW-Portugal.jpg\",\"width\":\"852\",\"height\":\"480\",\"caption\":\"[STG] Rota Vicentina\"},\"image\":{\"@id\":\"https:\/\/rv-stg.fera.miewstudio.com\/de\/#\/schema\/logo\/image\/\"},\"sameAs\":[\"https:\/\/www.facebook.com\/rotavicentina\",\"https:\/\/x.com\/RotaVicentina\",\"https:\/\/www.instagram.com\/rotavicentina\/\",\"https:\/\/pt.linkedin.com\/company\/rota-vicentina\"]}]}<\/script>\n<!-- \/ Yoast SEO Premium plugin. -->","yoast_head_json":{"title":"Volontariat auf der Rota Vicentina","description":"\u00dcbernehmen Sie eine Streckenpatenschaft, nehmen Sie an einem Instandhaltungsspaziergang oder einem Freiwilligenprogramm im Rahmen des Europ\u00e4ischen Solidarit\u00e4tskorps teil.","robots":{"index":"noindex","follow":"follow","max-snippet":"max-snippet:-1","max-image-preview":"max-image-preview:large","max-video-preview":"max-video-preview:-1"},"og_locale":"de_DE","og_type":"article","og_title":"Volontariat auf der Rota Vicentina","og_description":"\u00dcbernehmen Sie eine Streckenpatenschaft, nehmen Sie an einem Instandhaltungsspaziergang oder einem Freiwilligenprogramm im Rahmen des Europ\u00e4ischen Solidarit\u00e4tskorps teil.","og_url":"https:\/\/rv-stg.fera.miewstudio.com\/de\/volontariat\/","og_site_name":"[STG] Rota Vicentina","article_publisher":"https:\/\/www.facebook.com\/rotavicentina","article_modified_time":"2025-09-30T15:50:14+00:00","og_image":[{"width":719,"height":470,"url":"https:\/\/rv-stg.fera.miewstudio.com\/wp-content\/uploads\/2022\/12\/2-2.jpg","type":"image\/jpeg"}],"twitter_card":"summary_large_image","twitter_site":"@RotaVicentina","twitter_misc":{"Gesch\u00e4tzte Lesezeit":"4\u00a0Minuten"},"schema":{"@context":"https:\/\/schema.org","@graph":[{"@type":"WebPage","@id":"https:\/\/rv-stg.fera.miewstudio.com\/de\/volontariat\/","url":"https:\/\/rv-stg.fera.miewstudio.com\/de\/volontariat\/","name":"Volontariat auf der Rota Vicentina","isPartOf":{"@id":"https:\/\/rv-stg.fera.miewstudio.com\/de\/#website"},"primaryImageOfPage":{"@id":"https:\/\/rv-stg.fera.miewstudio.com\/de\/volontariat\/#primaryimage"},"image":{"@id":"https:\/\/rv-stg.fera.miewstudio.com\/de\/volontariat\/#primaryimage"},"thumbnailUrl":"https:\/\/rv-stg.fera.miewstudio.com\/wp-content\/uploads\/2022\/12\/2-2.jpg","datePublished":"2021-11-09T11:56:07+00:00","dateModified":"2025-09-30T15:50:14+00:00","description":"\u00dcbernehmen Sie eine Streckenpatenschaft, nehmen Sie an einem Instandhaltungsspaziergang oder einem Freiwilligenprogramm im Rahmen des Europ\u00e4ischen Solidarit\u00e4tskorps teil.","inLanguage":"de","potentialAction":[{"@type":"ReadAction","target":["https:\/\/rv-stg.fera.miewstudio.com\/de\/volontariat\/"]}]},{"@type":"ImageObject","inLanguage":"de","@id":"https:\/\/rv-stg.fera.miewstudio.com\/de\/volontariat\/#primaryimage","url":"https:\/\/rv-stg.fera.miewstudio.com\/wp-content\/uploads\/2022\/12\/2-2.jpg","contentUrl":"https:\/\/rv-stg.fera.miewstudio.com\/wp-content\/uploads\/2022\/12\/2-2.jpg","width":719,"height":470,"caption":"Volontariat auf der Rota Vicentina"},{"@type":"WebSite","@id":"https:\/\/rv-stg.fera.miewstudio.com\/de\/#website","url":"https:\/\/rv-stg.fera.miewstudio.com\/de\/","name":"[STG] Rota Vicentina","description":"A p\u00e9 pelo Trilho dos Pescadores, Caminho Hist\u00f3rico ou Percursos Circulares ou v\u00e1 de bicicleta pelos mais de 1000km de Trilhos de Bicicleta na Rota Vicentina.","publisher":{"@id":"https:\/\/rv-stg.fera.miewstudio.com\/de\/#organization"},"potentialAction":[{"@type":"SearchAction","target":{"@type":"EntryPoint","urlTemplate":"https:\/\/rv-stg.fera.miewstudio.com\/de\/?s={search_term_string}"},"query-input":{"@type":"PropertyValueSpecification","valueRequired":true,"valueName":"search_term_string"}}],"inLanguage":"de"},{"@type":"Organization","@id":"https:\/\/rv-stg.fera.miewstudio.com\/de\/#organization","name":"[STG] Rota Vicentina","url":"https:\/\/rv-stg.fera.miewstudio.com\/de\/","logo":{"@type":"ImageObject","inLanguage":"de","@id":"https:\/\/rv-stg.fera.miewstudio.com\/de\/#\/schema\/logo\/image\/","url":"https:\/\/rv-stg.fera.miewstudio.com\/wp-content\/uploads\/2023\/02\/Rota-Vicentina-SW-Portugal.jpg","contentUrl":"https:\/\/rv-stg.fera.miewstudio.com\/wp-content\/uploads\/2023\/02\/Rota-Vicentina-SW-Portugal.jpg","width":"852","height":"480","caption":"[STG] Rota Vicentina"},"image":{"@id":"https:\/\/rv-stg.fera.miewstudio.com\/de\/#\/schema\/logo\/image\/"},"sameAs":["https:\/\/www.facebook.com\/rotavicentina","https:\/\/x.com\/RotaVicentina","https:\/\/www.instagram.com\/rotavicentina\/","https:\/\/pt.linkedin.com\/company\/rota-vicentina"]}]}},"_links":{"self":[{"href":"https:\/\/rv-stg.fera.miewstudio.com\/de\/wp-json\/wp\/v2\/pages\/89728","targetHints":{"allow":["GET"]}}],"collection":[{"href":"https:\/\/rv-stg.fera.miewstudio.com\/de\/wp-json\/wp\/v2\/pages"}],"about":[{"href":"https:\/\/rv-stg.fera.miewstudio.com\/de\/wp-json\/wp\/v2\/types\/page"}],"author":[{"embeddable":true,"href":"https:\/\/rv-stg.fera.miewstudio.com\/de\/wp-json\/wp\/v2\/users\/1"}],"replies":[{"embeddable":true,"href":"https:\/\/rv-stg.fera.miewstudio.com\/de\/wp-json\/wp\/v2\/comments?post=89728"}],"version-history":[{"count":0,"href":"https:\/\/rv-stg.fera.miewstudio.com\/de\/wp-json\/wp\/v2\/pages\/89728\/revisions"}],"wp:featuredmedia":[{"embeddable":true,"href":"https:\/\/rv-stg.fera.miewstudio.com\/de\/wp-json\/wp\/v2\/media\/79297"}],"wp:attachment":[{"href":"https:\/\/rv-stg.fera.miewstudio.com\/de\/wp-json\/wp\/v2\/media?parent=89728"}],"wp:term":[{"taxonomy":"page-category","embeddable":true,"href":"https:\/\/rv-stg.fera.miewstudio.com\/de\/wp-json\/wp\/v2\/page-category?post=89728"}],"curies":[{"name":"wp","href":"https:\/\/api.w.org\/{rel}","templated":true}]}}