{"id":89241,"date":"2022-11-29T14:09:41","date_gmt":"2022-11-29T14:09:41","guid":{"rendered":"https:\/\/rotavicentina.miewstudio.com\/auswirkungen-auf-die-region\/"},"modified":"2023-01-22T22:48:32","modified_gmt":"2023-01-22T22:48:32","slug":"auswirkungen-auf-die-region","status":"publish","type":"page","link":"https:\/\/rv-stg.fera.miewstudio.com\/de\/auswirkungen-auf-die-region\/","title":{"rendered":"Auswirkungen auf die Region"},"content":{"rendered":"<div class=\"wpb-content-wrapper\"><p>[vc_row unlock_row_content=&#8220;&#8220; row_height_percent=&#8220;0&#8243; back_image=&#8220;79003&#8243; shift_y=&#8220;0&#8243; z_index=&#8220;0&#8243; row_height_pixel=&#8220;465px&#8220;][vc_column position_horizontal=&#8220;&#8220; position_vertical=&#8220;d-md-flex align-items-md-end&#8220; style=&#8220;dark&#8220; mobile_width=&#8220;11&#8243; shift_x=&#8220;0&#8243; shift_y=&#8220;0&#8243; z_index=&#8220;0&#8243; width=&#8220;1\/1&#8243;][vc_custom_heading auto_text=&#8220;yes&#8220; heading_semantic=&#8220;h1&#8243; text_size=&#8220;&#8220; el_class=&#8220;alternative-font big-title&#8220;]Auswirkungen auf die Region[\/vc_custom_heading][\/vc_column][\/vc_row][vc_row unlock_row_content=&#8220;&#8220; row_height_percent=&#8220;0&#8243; override_padding=&#8220;yes&#8220; h_padding=&#8220;0&#8243; top_padding=&#8220;3&#8243; bottom_padding=&#8220;4&#8243; shift_y=&#8220;0&#8243; z_index=&#8220;0&#8243;][vc_column position_horizontal=&#8220;&#8220; position_vertical=&#8220;d-md-flex align-items-md-center&#8220; mobile_width=&#8220;11&#8243; shift_x=&#8220;0&#8243; shift_y=&#8220;0&#8243; z_index=&#8220;0&#8243; width=&#8220;5\/12&#8243;][vc_single_image media_div=&#8220;svginline&#8220; media=&#8220;73702&#8243; css_animation=&#8220;alpha-anim&#8220; media_width_pixel=&#8220;60px&#8220;][\/vc_single_image][vc_custom_heading css_animation=&#8220;alpha-anim&#8220; el_class=&#8220;title-stroked mt-adapt-3&#8243;]Erhebungen<br \/>\n<del><ins>seit 2013<\/ins><\/del>[\/vc_custom_heading][vc_column_text css_animation=&#8220;alpha-anim&#8220; el_class=&#8220;mt-adapt-5&#8243;]Seit dem Start des Fernwanderwegs Rota Vicentina war es ein wichtiges Anliegen, dessen Auswirkungen auf die Region im Hinblick auf \u00d6konomie, Gesellschaft und Umwelt zu erfassen.<\/p>\n<p>Das Video <a href=\"https:\/\/youtu.be\/orQBnulTxMI\"><strong>\u201cAnother look\u201d<\/strong><\/a> fasst drei Studien zusammen und stellt einige der wesentlichen Ergebnisse vor. Auf dieser Seite finden sich nun auch die Details dazu.[\/vc_column_text][\/vc_column][vc_column position_horizontal=&#8220;&#8220; mobile_visibility=&#8220;yes&#8220; mobile_width=&#8220;11&#8243; shift_x=&#8220;0&#8243; shift_y=&#8220;0&#8243; z_index=&#8220;0&#8243; width=&#8220;1\/12&#8243;][\/vc_column][vc_column position_horizontal=&#8220;&#8220; position_vertical=&#8220;d-md-flex align-items-md-center&#8220; mobile_width=&#8220;11&#8243; shift_x=&#8220;0&#8243; shift_y=&#8220;0&#8243; z_index=&#8220;0&#8243; css_animation=&#8220;alpha-anim&#8220; width=&#8220;1\/2&#8243;][vc_video controls=&#8220;yes&#8220; muted=&#8220;yes&#8220; autoplay=&#8220;yes&#8220; video_link=&#8220;https:\/\/www.youtube.com\/watch?v=orQBnulTxMI&#8220; el_class=&#8220;mt-adapt-4 mb-adapt-4&#8243;][\/vc_column][\/vc_row][vc_row][vc_column position_horizontal=&#8220;&#8220; mobile_width=&#8220;11&#8243; shift_x=&#8220;0&#8243; shift_y=&#8220;0&#8243; z_index=&#8220;0&#8243; width=&#8220;5\/12&#8243; el_class=&#8220;mt-adapt-6&#8243;][vc_custom_heading heading_semantic=&#8220;h3&#8243; text_size=&#8220;h3&#8243;]Wesentliche Ergebnisse[\/vc_custom_heading][vc_column_text el_class=&#8220;mt-adapt-4&#8243;]2013 starteten die Erhebungen zu den Auswirkungen auf die Umwelt und 2017 wurden die Beobachtungen durch Umfragen, automatische Z\u00e4hler und eine quantitative und eine qualitative Studie erg\u00e4nzt.<\/p>\n<p>Wer sind die Wanderer? Wie werden sie von der \u00f6rtlichen Gemeinde wahrgenommen? Welche Auswirkungen haben sie auf das Gebiet? Diese quantitativen Daten werden durch Informationen \u00fcber die reellen Auswirkungen der Rota Vicentina in der Region erg\u00e4nzt.<\/p>\n<p>Diese quantitativen Daten werden durch Informationen \u00fcber die reellen Auswirkungen der Rota Vicentina in der Region erg\u00e4nzt.[\/vc_column_text][vc_btn display=&#8220;inline-block&#8220; btn_size=&#8220;button-big&#8220; css_animation=&#8220;alpha-anim&#8220; id=&#8220;nxcd07m2s&#8220; el_class=&#8220;mt-adapt-6&#8243; link=&#8220;url:https%3A%2F%2Frotavicentina.miewstudio.com%2Fwp-content%2Fuploads%2F2022%2F11%2Finfografia-rv_compressed.pdf|target:_blank|rel:nofollow|&#8220;]Zusammenfassung der Ergebnissse aus den drei Studien[\/vc_btn][\/vc_column][vc_column position_horizontal=&#8220;&#8220; position_vertical=&#8220;d-md-flex align-items-md-center&#8220; override_padding=&#8220;yes&#8220; column_padding=&#8220;3&#8243; mobile_width=&#8220;11&#8243; shift_x=&#8220;0&#8243; shift_y=&#8220;0&#8243; z_index=&#8220;0&#8243; width=&#8220;7\/12&#8243; back_color=&#8220;#ffffff&#8220; el_class=&#8220;radius-cell mt-adapt-6&#8243;][vc_column_text]<\/p>\n<ul>\n<li><strong>24 000 Wanderer<\/strong><\/li>\n<li><strong>Durchschnittlicher Aufenthalt von 11 N\u00e4chten<\/strong><\/li>\n<li><strong>H\u00f6hepunkte im Herbst und Fr\u00fchjahr<\/strong><\/li>\n<li><strong>1400 neue Arbeitspl\u00e4tze<\/strong><\/li>\n<li><strong>Direkte Einnahmen von 15 Mio. Euro<\/strong><\/li>\n<li><strong>Wertsch\u00f6pfung brutto von 8 Mio. Euro (der Betrag, der in der Region verblieb)<\/strong><\/li>\n<\/ul>\n<p>[\/vc_column_text][\/vc_column][\/vc_row][vc_row unlock_row_content=&#8220;&#8220; row_height_percent=&#8220;0&#8243; override_padding=&#8220;yes&#8220; h_padding=&#8220;0&#8243; top_padding=&#8220;1&#8243; bottom_padding=&#8220;3&#8243; shift_y=&#8220;0&#8243; z_index=&#8220;0&#8243;][vc_column position_horizontal=&#8220;&#8220; align_horizontal=&#8220;text-md-center&#8220; mobile_width=&#8220;11&#8243; shift_x=&#8220;0&#8243; shift_y=&#8220;0&#8243; z_index=&#8220;0&#8243; width=&#8220;1\/3&#8243; el_class=&#8220;mt-adapt-6&#8243;][vc_single_image media_div=&#8220;background&#8220; media=&#8220;79011&#8243; css_animation=&#8220;masked&#8220; el_class=&#8220;radius-img&#8220;][\/vc_single_image][vc_row_inner unlock_row_content=&#8220;&#8220; row_height_percent=&#8220;0&#8243; shift_y=&#8220;0&#8243; z_index=&#8220;0&#8243; back_color=&#8220;#ffffff&#8220; el_class=&#8220;radius-box mt-adapt-3&#8243;][vc_column_inner position_horizontal=&#8220;&#8220; align_horizontal=&#8220;text-md-center&#8220; mobile_width=&#8220;11&#8243; shift_x=&#8220;0&#8243; shift_y=&#8220;0&#8243; z_index=&#8220;0&#8243; width=&#8220;1\/1&#8243;][vc_column_text css_animation=&#8220;alpha-anim&#8220;]<strong>Umwelt-Studie<\/strong><\/p>\n<p>Im Hinblick auf die Umwelt war es das Ziel, die Auswirkungen der Schaffung und Nutzung der Wege in \u00f6kologisch empfindlichen Bereichen des Fischerpfads zu messen.<strong><br \/>\n<\/strong>[\/vc_column_text][vc_btn btn_size=&#8220;button-big&#8220; css_animation=&#8220;alpha-anim&#8220; id=&#8220;miyrgh5pe&#8220; el_class=&#8220;mt-adapt-6&#8243; link=&#8220;url:https%3A%2F%2Fdrive.google.com%2Ffile%2Fd%2F1H5eFLYBLbqCYzp2yvgja9pM6Hi9SbMDe%2Fview%3Fusp%3Dshare_link|target:_blank|&#8220;]Umwelt-Studie[\/vc_btn][\/vc_column_inner][\/vc_row_inner][\/vc_column][vc_column position_horizontal=&#8220;&#8220; align_horizontal=&#8220;text-md-center&#8220; mobile_width=&#8220;11&#8243; shift_x=&#8220;0&#8243; shift_y=&#8220;0&#8243; z_index=&#8220;0&#8243; width=&#8220;1\/3&#8243; el_class=&#8220;mt-adapt-6&#8243;][vc_single_image media_div=&#8220;background&#8220; media=&#8220;79007&#8243; css_animation=&#8220;masked&#8220; el_class=&#8220;radius-img&#8220;][\/vc_single_image][vc_row_inner unlock_row_content=&#8220;&#8220; row_height_percent=&#8220;0&#8243; shift_y=&#8220;0&#8243; z_index=&#8220;0&#8243; back_color=&#8220;#ffffff&#8220; el_class=&#8220;radius-box mt-adapt-3&#8243;][vc_column_inner position_horizontal=&#8220;&#8220; align_horizontal=&#8220;text-md-center&#8220; mobile_width=&#8220;11&#8243; shift_x=&#8220;0&#8243; shift_y=&#8220;0&#8243; z_index=&#8220;0&#8243; width=&#8220;1\/1&#8243;][vc_column_text css_animation=&#8220;alpha-anim&#8220;]<strong>Die Pfade nutzen<\/strong><\/p>\n<p>Von woher kommen sie? Wieviele N\u00e4chte hielten sie sich in der Region auf? Welches Alter haben die Wanderer, die uns besuchen? Wir wollten zudem genauer verstehen, wer unser Zielpublikum in quantitativer Weise ist.[\/vc_column_text][vc_btn btn_size=&#8220;button-big&#8220; css_animation=&#8220;alpha-anim&#8220; id=&#8220;miyrgh5pe&#8220; el_class=&#8220;mt-adapt-6&#8243; link=&#8220;url:https%3A%2F%2Fdrive.google.com%2Ffile%2Fd%2F1Q4ZMfcs0WJqorGWSSdtFXO8S5b-_FUvr%2Fview%3Fusp%3Dshare_link|target:_blank|&#8220;]Quantitative studie[\/vc_btn][\/vc_column_inner][\/vc_row_inner][\/vc_column][vc_column position_horizontal=&#8220;&#8220; align_horizontal=&#8220;text-md-center&#8220; mobile_width=&#8220;11&#8243; shift_x=&#8220;0&#8243; shift_y=&#8220;0&#8243; z_index=&#8220;0&#8243; width=&#8220;1\/3&#8243; el_class=&#8220;mt-adapt-6&#8243;][vc_single_image media_div=&#8220;background&#8220; media=&#8220;79015&#8243; css_animation=&#8220;masked&#8220; el_class=&#8220;radius-img&#8220;][\/vc_single_image][vc_row_inner unlock_row_content=&#8220;&#8220; row_height_percent=&#8220;0&#8243; shift_y=&#8220;0&#8243; z_index=&#8220;0&#8243; back_color=&#8220;#ffffff&#8220; el_class=&#8220;radius-box mt-adapt-3&#8243;][vc_column_inner position_horizontal=&#8220;&#8220; align_horizontal=&#8220;text-md-center&#8220; mobile_width=&#8220;11&#8243; shift_x=&#8220;0&#8243; shift_y=&#8220;0&#8243; z_index=&#8220;0&#8243; width=&#8220;1\/1&#8243;][vc_column_text css_animation=&#8220;alpha-anim&#8220;]<strong>Sozio\u00f6konomische Auswirkungen<\/strong><\/p>\n<p>Jenseits der Zahlen wollten wir schlie\u00dflich auch wissen, welche Absichten und Motive die Personen haben, die auf der Rota Vientina wandern.[\/vc_column_text][vc_btn btn_size=&#8220;button-big&#8220; css_animation=&#8220;alpha-anim&#8220; id=&#8220;miyrgh5pe&#8220; el_class=&#8220;mt-adapt-6&#8243; link=&#8220;url:https%3A%2F%2Fdrive.google.com%2Ffile%2Fd%2F1tFIQ3_OvSHyeACKgcBEAyat_jt4d_PsG%2Fview%3Fusp%3Dshare_link|target:_blank|&#8220;]Qualitative studie[\/vc_btn][\/vc_column_inner][\/vc_row_inner][\/vc_column][\/vc_row][vc_row unlock_row_content=&#8220;&#8220; row_height_percent=&#8220;0&#8243; override_padding=&#8220;yes&#8220; h_padding=&#8220;0&#8243; top_padding=&#8220;3&#8243; bottom_padding=&#8220;2&#8243; shift_y=&#8220;0&#8243; z_index=&#8220;0&#8243;][vc_column position_horizontal=&#8220;&#8220; align_horizontal=&#8220;text-md-center&#8220; override_padding=&#8220;yes&#8220; column_padding=&#8220;3&#8243; back_image=&#8220;73235&#8243; back_repeat=&#8220;no-repeat&#8220; back_position=&#8220;right top&#8220; mobile_width=&#8220;11&#8243; shift_x=&#8220;0&#8243; shift_y=&#8220;0&#8243; z_index=&#8220;0&#8243; width=&#8220;1\/1&#8243; back_color=&#8220;#b2c39d&#8220; el_class=&#8220;rounded-cell&#8220; back_size=&#8220;auto&#8220;][vc_custom_heading heading_semantic=&#8220;h3&#8243; text_size=&#8220;h4&#8243; text_weight=&#8220;font-weight-bold&#8220; el_class=&#8220;mt-adapt-6&#8243;]<strong>Sie k\u00f6nnen zu dieser Zielsetzung beitragen<\/strong>[\/vc_custom_heading][vc_column_text css_animation=&#8220;alpha-anim&#8220; max_width=&#8220;420px&#8220; el_class=&#8220;mt-adapt-4&#8243;]Wenn Sie diese Mission unterst\u00fctzen wollen, beantworten Sie bitte die Fragen <em>online.<\/em>[\/vc_column_text][vc_btn display=&#8220;inline-block&#8220; btn_size=&#8220;button-big&#8220; css_animation=&#8220;alpha-anim&#8220; id=&#8220;ekccfzg6l&#8220; el_class=&#8220;style-dark mt-adapt-6 mb-adapt-6&#8243; link=&#8220;url:https%3A%2F%2Fee.kobotoolbox.org%2Fx%2FYKQU|target:_blank|&#8220;]Fragebogen ausf\u00fcllen[\/vc_btn][\/vc_column][\/vc_row][vc_row][vc_column width=&#8220;1\/1&#8243;][miew_block id=&#8220;126&#8243;][\/vc_column][\/vc_row]<\/p>\n<\/div>","protected":false},"excerpt":{"rendered":"<p>[vc_row unlock_row_content=&#8220;&#8220; row_height_percent=&#8220;0&#8243; back_image=&#8220;79003&#8243; shift_y=&#8220;0&#8243; z_index=&#8220;0&#8243; row_height_pixel=&#8220;465px&#8220;][vc_column position_horizontal=&#8220;&#8220; position_vertical=&#8220;d-md-flex align-items-md-end&#8220; style=&#8220;dark&#8220; mobile_width=&#8220;11&#8243; shift_x=&#8220;0&#8243; shift_y=&#8220;0&#8243; z_index=&#8220;0&#8243; width=&#8220;1\/1&#8243;][vc_custom_heading auto_text=&#8220;yes&#8220; heading_semantic=&#8220;h1&#8243; text_size=&#8220;&#8220; el_class=&#8220;alternative-font big-title&#8220;]Auswirkungen auf die Region[\/vc_custom_heading][\/vc_column][\/vc_row][vc_row unlock_row_content=&#8220;&#8220; row_height_percent=&#8220;0&#8243; override_padding=&#8220;yes&#8220; h_padding=&#8220;0&#8243; top_padding=&#8220;3&#8243; bottom_padding=&#8220;4&#8243; shift_y=&#8220;0&#8243; z_index=&#8220;0&#8243;][vc_column position_horizontal=&#8220;&#8220; position_vertical=&#8220;d-md-flex align-items-md-center&#8220; mobile_width=&#8220;11&#8243; shift_x=&#8220;0&#8243; shift_y=&#8220;0&#8243; z_index=&#8220;0&#8243; width=&#8220;5\/12&#8243;][vc_single_image media_div=&#8220;svginline&#8220; media=&#8220;73702&#8243; css_animation=&#8220;alpha-anim&#8220; media_width_pixel=&#8220;60px&#8220;][\/vc_single_image][vc_custom_heading css_animation=&#8220;alpha-anim&#8220; el_class=&#8220;title-stroked mt-adapt-3&#8243;]Erhebungen seit 2013[\/vc_custom_heading][vc_column_text css_animation=&#8220;alpha-anim&#8220; el_class=&#8220;mt-adapt-5&#8243;]Seit dem Start des Fernwanderwegs [&hellip;]<\/p>\n","protected":false},"author":1,"featured_media":0,"parent":0,"menu_order":0,"comment_status":"closed","ping_status":"closed","template":"","meta":{"_acf_changed":false,"footnotes":""},"page-category":[],"class_list":["post-89241","page","type-page","status-publish","hentry"],"acf":[],"yoast_head":"<!-- This site is optimized with the Yoast SEO Premium plugin v19.5 (Yoast SEO v27.0) - https:\/\/yoast.com\/product\/yoast-seo-premium-wordpress\/ -->\n<title>Auswirkungen auf die Region - [STG] Rota Vicentina<\/title>\n<meta name=\"robots\" content=\"noindex, follow, max-snippet:-1, max-image-preview:large, max-video-preview:-1\" \/>\n<meta property=\"og:locale\" content=\"de_DE\" \/>\n<meta property=\"og:type\" content=\"article\" \/>\n<meta property=\"og:title\" content=\"Auswirkungen auf die Region - [STG] Rota Vicentina\" \/>\n<meta property=\"og:description\" content=\"[vc_row unlock_row_content=&#8220;&#8220; row_height_percent=&#8220;0&#8243; back_image=&#8220;79003&#8243; shift_y=&#8220;0&#8243; z_index=&#8220;0&#8243; row_height_pixel=&#8220;465px&#8220;][vc_column position_horizontal=&#8220;&#8220; position_vertical=&#8220;d-md-flex align-items-md-end&#8220; style=&#8220;dark&#8220; mobile_width=&#8220;11&#8243; shift_x=&#8220;0&#8243; shift_y=&#8220;0&#8243; z_index=&#8220;0&#8243; width=&#8220;1\/1&#8243;][vc_custom_heading auto_text=&#8220;yes&#8220; heading_semantic=&#8220;h1&#8243; text_size=&#8220;&#8220; el_class=&#8220;alternative-font big-title&#8220;]Auswirkungen auf die Region[\/vc_custom_heading][\/vc_column][\/vc_row][vc_row unlock_row_content=&#8220;&#8220; row_height_percent=&#8220;0&#8243; override_padding=&#8220;yes&#8220; h_padding=&#8220;0&#8243; top_padding=&#8220;3&#8243; bottom_padding=&#8220;4&#8243; shift_y=&#8220;0&#8243; z_index=&#8220;0&#8243;][vc_column position_horizontal=&#8220;&#8220; position_vertical=&#8220;d-md-flex align-items-md-center&#8220; mobile_width=&#8220;11&#8243; shift_x=&#8220;0&#8243; shift_y=&#8220;0&#8243; z_index=&#8220;0&#8243; width=&#8220;5\/12&#8243;][vc_single_image media_div=&#8220;svginline&#8220; media=&#8220;73702&#8243; css_animation=&#8220;alpha-anim&#8220; media_width_pixel=&#8220;60px&#8220;][\/vc_single_image][vc_custom_heading css_animation=&#8220;alpha-anim&#8220; el_class=&#8220;title-stroked mt-adapt-3&#8243;]Erhebungen seit 2013[\/vc_custom_heading][vc_column_text css_animation=&#8220;alpha-anim&#8220; el_class=&#8220;mt-adapt-5&#8243;]Seit dem Start des Fernwanderwegs [&hellip;]\" \/>\n<meta property=\"og:url\" content=\"https:\/\/rv-stg.fera.miewstudio.com\/de\/auswirkungen-auf-die-region\/\" \/>\n<meta property=\"og:site_name\" content=\"[STG] Rota Vicentina\" \/>\n<meta property=\"article:publisher\" content=\"https:\/\/www.facebook.com\/rotavicentina\" \/>\n<meta property=\"article:modified_time\" content=\"2023-01-22T22:48:32+00:00\" \/>\n<meta name=\"twitter:card\" content=\"summary_large_image\" \/>\n<meta name=\"twitter:site\" content=\"@RotaVicentina\" \/>\n<meta name=\"twitter:label1\" content=\"Gesch\u00e4tzte Lesezeit\" \/>\n\t<meta name=\"twitter:data1\" content=\"6\u00a0Minuten\" \/>\n<script type=\"application\/ld+json\" class=\"yoast-schema-graph\">{\"@context\":\"https:\/\/schema.org\",\"@graph\":[{\"@type\":\"WebPage\",\"@id\":\"https:\/\/rv-stg.fera.miewstudio.com\/de\/auswirkungen-auf-die-region\/\",\"url\":\"https:\/\/rv-stg.fera.miewstudio.com\/de\/auswirkungen-auf-die-region\/\",\"name\":\"Auswirkungen auf die Region - [STG] Rota Vicentina\",\"isPartOf\":{\"@id\":\"https:\/\/rv-stg.fera.miewstudio.com\/de\/#website\"},\"datePublished\":\"2022-11-29T14:09:41+00:00\",\"dateModified\":\"2023-01-22T22:48:32+00:00\",\"inLanguage\":\"de\",\"potentialAction\":[{\"@type\":\"ReadAction\",\"target\":[\"https:\/\/rv-stg.fera.miewstudio.com\/de\/auswirkungen-auf-die-region\/\"]}]},{\"@type\":\"WebSite\",\"@id\":\"https:\/\/rv-stg.fera.miewstudio.com\/de\/#website\",\"url\":\"https:\/\/rv-stg.fera.miewstudio.com\/de\/\",\"name\":\"[STG] Rota Vicentina\",\"description\":\"A p\u00e9 pelo Trilho dos Pescadores, Caminho Hist\u00f3rico ou Percursos Circulares ou v\u00e1 de bicicleta pelos mais de 1000km de Trilhos de Bicicleta na Rota Vicentina.\",\"publisher\":{\"@id\":\"https:\/\/rv-stg.fera.miewstudio.com\/de\/#organization\"},\"potentialAction\":[{\"@type\":\"SearchAction\",\"target\":{\"@type\":\"EntryPoint\",\"urlTemplate\":\"https:\/\/rv-stg.fera.miewstudio.com\/de\/?s={search_term_string}\"},\"query-input\":{\"@type\":\"PropertyValueSpecification\",\"valueRequired\":true,\"valueName\":\"search_term_string\"}}],\"inLanguage\":\"de\"},{\"@type\":\"Organization\",\"@id\":\"https:\/\/rv-stg.fera.miewstudio.com\/de\/#organization\",\"name\":\"[STG] Rota Vicentina\",\"url\":\"https:\/\/rv-stg.fera.miewstudio.com\/de\/\",\"logo\":{\"@type\":\"ImageObject\",\"inLanguage\":\"de\",\"@id\":\"https:\/\/rv-stg.fera.miewstudio.com\/de\/#\/schema\/logo\/image\/\",\"url\":\"https:\/\/rv-stg.fera.miewstudio.com\/wp-content\/uploads\/2023\/02\/Rota-Vicentina-SW-Portugal.jpg\",\"contentUrl\":\"https:\/\/rv-stg.fera.miewstudio.com\/wp-content\/uploads\/2023\/02\/Rota-Vicentina-SW-Portugal.jpg\",\"width\":\"852\",\"height\":\"480\",\"caption\":\"[STG] Rota Vicentina\"},\"image\":{\"@id\":\"https:\/\/rv-stg.fera.miewstudio.com\/de\/#\/schema\/logo\/image\/\"},\"sameAs\":[\"https:\/\/www.facebook.com\/rotavicentina\",\"https:\/\/x.com\/RotaVicentina\",\"https:\/\/www.instagram.com\/rotavicentina\/\",\"https:\/\/pt.linkedin.com\/company\/rota-vicentina\"]}]}<\/script>\n<!-- \/ Yoast SEO Premium plugin. -->","yoast_head_json":{"title":"Auswirkungen auf die Region - [STG] Rota Vicentina","robots":{"index":"noindex","follow":"follow","max-snippet":"max-snippet:-1","max-image-preview":"max-image-preview:large","max-video-preview":"max-video-preview:-1"},"og_locale":"de_DE","og_type":"article","og_title":"Auswirkungen auf die Region - [STG] Rota Vicentina","og_description":"[vc_row unlock_row_content=&#8220;&#8220; row_height_percent=&#8220;0&#8243; back_image=&#8220;79003&#8243; shift_y=&#8220;0&#8243; z_index=&#8220;0&#8243; row_height_pixel=&#8220;465px&#8220;][vc_column position_horizontal=&#8220;&#8220; position_vertical=&#8220;d-md-flex align-items-md-end&#8220; style=&#8220;dark&#8220; mobile_width=&#8220;11&#8243; shift_x=&#8220;0&#8243; shift_y=&#8220;0&#8243; z_index=&#8220;0&#8243; width=&#8220;1\/1&#8243;][vc_custom_heading auto_text=&#8220;yes&#8220; heading_semantic=&#8220;h1&#8243; text_size=&#8220;&#8220; el_class=&#8220;alternative-font big-title&#8220;]Auswirkungen auf die Region[\/vc_custom_heading][\/vc_column][\/vc_row][vc_row unlock_row_content=&#8220;&#8220; row_height_percent=&#8220;0&#8243; override_padding=&#8220;yes&#8220; h_padding=&#8220;0&#8243; top_padding=&#8220;3&#8243; bottom_padding=&#8220;4&#8243; shift_y=&#8220;0&#8243; z_index=&#8220;0&#8243;][vc_column position_horizontal=&#8220;&#8220; position_vertical=&#8220;d-md-flex align-items-md-center&#8220; mobile_width=&#8220;11&#8243; shift_x=&#8220;0&#8243; shift_y=&#8220;0&#8243; z_index=&#8220;0&#8243; width=&#8220;5\/12&#8243;][vc_single_image media_div=&#8220;svginline&#8220; media=&#8220;73702&#8243; css_animation=&#8220;alpha-anim&#8220; media_width_pixel=&#8220;60px&#8220;][\/vc_single_image][vc_custom_heading css_animation=&#8220;alpha-anim&#8220; el_class=&#8220;title-stroked mt-adapt-3&#8243;]Erhebungen seit 2013[\/vc_custom_heading][vc_column_text css_animation=&#8220;alpha-anim&#8220; el_class=&#8220;mt-adapt-5&#8243;]Seit dem Start des Fernwanderwegs [&hellip;]","og_url":"https:\/\/rv-stg.fera.miewstudio.com\/de\/auswirkungen-auf-die-region\/","og_site_name":"[STG] Rota Vicentina","article_publisher":"https:\/\/www.facebook.com\/rotavicentina","article_modified_time":"2023-01-22T22:48:32+00:00","twitter_card":"summary_large_image","twitter_site":"@RotaVicentina","twitter_misc":{"Gesch\u00e4tzte Lesezeit":"6\u00a0Minuten"},"schema":{"@context":"https:\/\/schema.org","@graph":[{"@type":"WebPage","@id":"https:\/\/rv-stg.fera.miewstudio.com\/de\/auswirkungen-auf-die-region\/","url":"https:\/\/rv-stg.fera.miewstudio.com\/de\/auswirkungen-auf-die-region\/","name":"Auswirkungen auf die Region - [STG] Rota Vicentina","isPartOf":{"@id":"https:\/\/rv-stg.fera.miewstudio.com\/de\/#website"},"datePublished":"2022-11-29T14:09:41+00:00","dateModified":"2023-01-22T22:48:32+00:00","inLanguage":"de","potentialAction":[{"@type":"ReadAction","target":["https:\/\/rv-stg.fera.miewstudio.com\/de\/auswirkungen-auf-die-region\/"]}]},{"@type":"WebSite","@id":"https:\/\/rv-stg.fera.miewstudio.com\/de\/#website","url":"https:\/\/rv-stg.fera.miewstudio.com\/de\/","name":"[STG] Rota Vicentina","description":"A p\u00e9 pelo Trilho dos Pescadores, Caminho Hist\u00f3rico ou Percursos Circulares ou v\u00e1 de bicicleta pelos mais de 1000km de Trilhos de Bicicleta na Rota Vicentina.","publisher":{"@id":"https:\/\/rv-stg.fera.miewstudio.com\/de\/#organization"},"potentialAction":[{"@type":"SearchAction","target":{"@type":"EntryPoint","urlTemplate":"https:\/\/rv-stg.fera.miewstudio.com\/de\/?s={search_term_string}"},"query-input":{"@type":"PropertyValueSpecification","valueRequired":true,"valueName":"search_term_string"}}],"inLanguage":"de"},{"@type":"Organization","@id":"https:\/\/rv-stg.fera.miewstudio.com\/de\/#organization","name":"[STG] Rota Vicentina","url":"https:\/\/rv-stg.fera.miewstudio.com\/de\/","logo":{"@type":"ImageObject","inLanguage":"de","@id":"https:\/\/rv-stg.fera.miewstudio.com\/de\/#\/schema\/logo\/image\/","url":"https:\/\/rv-stg.fera.miewstudio.com\/wp-content\/uploads\/2023\/02\/Rota-Vicentina-SW-Portugal.jpg","contentUrl":"https:\/\/rv-stg.fera.miewstudio.com\/wp-content\/uploads\/2023\/02\/Rota-Vicentina-SW-Portugal.jpg","width":"852","height":"480","caption":"[STG] Rota Vicentina"},"image":{"@id":"https:\/\/rv-stg.fera.miewstudio.com\/de\/#\/schema\/logo\/image\/"},"sameAs":["https:\/\/www.facebook.com\/rotavicentina","https:\/\/x.com\/RotaVicentina","https:\/\/www.instagram.com\/rotavicentina\/","https:\/\/pt.linkedin.com\/company\/rota-vicentina"]}]}},"_links":{"self":[{"href":"https:\/\/rv-stg.fera.miewstudio.com\/de\/wp-json\/wp\/v2\/pages\/89241","targetHints":{"allow":["GET"]}}],"collection":[{"href":"https:\/\/rv-stg.fera.miewstudio.com\/de\/wp-json\/wp\/v2\/pages"}],"about":[{"href":"https:\/\/rv-stg.fera.miewstudio.com\/de\/wp-json\/wp\/v2\/types\/page"}],"author":[{"embeddable":true,"href":"https:\/\/rv-stg.fera.miewstudio.com\/de\/wp-json\/wp\/v2\/users\/1"}],"replies":[{"embeddable":true,"href":"https:\/\/rv-stg.fera.miewstudio.com\/de\/wp-json\/wp\/v2\/comments?post=89241"}],"version-history":[{"count":0,"href":"https:\/\/rv-stg.fera.miewstudio.com\/de\/wp-json\/wp\/v2\/pages\/89241\/revisions"}],"wp:attachment":[{"href":"https:\/\/rv-stg.fera.miewstudio.com\/de\/wp-json\/wp\/v2\/media?parent=89241"}],"wp:term":[{"taxonomy":"page-category","embeddable":true,"href":"https:\/\/rv-stg.fera.miewstudio.com\/de\/wp-json\/wp\/v2\/page-category?post=89241"}],"curies":[{"name":"wp","href":"https:\/\/api.w.org\/{rel}","templated":true}]}}