{"id":87437,"date":"2021-11-09T09:53:35","date_gmt":"2021-11-09T09:53:35","guid":{"rendered":"https:\/\/rotavicentina.miewstudio.com\/homepage\/"},"modified":"2025-10-13T15:52:14","modified_gmt":"2025-10-13T15:52:14","slug":"homepage","status":"publish","type":"page","link":"https:\/\/rv-stg.fera.miewstudio.com\/de\/","title":{"rendered":"Homepage"},"content":{"rendered":"<div class=\"wpb-content-wrapper\"><p>[vc_row unlock_row_content=&#8220;yes&#8220; row_height_percent=&#8220;85&#8243; columns_gutter=&#8220;&#8220; override_padding=&#8220;yes&#8220; h_padding=&#8220;0&#8243; top_padding=&#8220;0&#8243; bottom_padding=&#8220;2&#8243; shift_y=&#8220;0&#8243; z_index=&#8220;0&#8243; row_height_pixel=&#8220;520px&#8220;][vc_column position_horizontal=&#8220;&#8220; position_vertical=&#8220;d-md-flex align-items-md-center&#8220; align_horizontal=&#8220;text-md-center&#8220; mobile_width=&#8220;11&#8243; shift_x=&#8220;0&#8243; shift_y=&#8220;0&#8243; z_index=&#8220;0&#8243;][vc_video video_file=&#8220;79278&#8243; muted=&#8220;yes&#8220; autoplay=&#8220;yes&#8220; loop=&#8220;yes&#8220; el_class=&#8220;position-absolute h-100&#8243;][vc_row_inner unlock_row_content=&#8220;&#8220; row_height_percent=&#8220;0&#8243; shift_y=&#8220;0&#8243; z_index=&#8220;5&#8243;][vc_column_inner position_horizontal=&#8220;d-md-flex justify-content-md-center&#8220; position_vertical=&#8220;d-md-flex align-items-md-center&#8220; align_horizontal=&#8220;text-md-center&#8220; style=&#8220;dark&#8220; mobile_width=&#8220;11&#8243; shift_x=&#8220;0&#8243; shift_y=&#8220;0&#8243; z_index=&#8220;0&#8243; width=&#8220;1\/1&#8243;][vc_custom_heading heading_semantic=&#8220;h4&#8243; text_size=&#8220;h4&#8243;]Willkommen bei[\/vc_custom_heading][vc_custom_heading heading_semantic=&#8220;h1&#8243; text_size=&#8220;h1&#8243; el_class=&#8220;alternative-font big-title mt-adapt-4&#8243;]Rota Vicentina[\/vc_custom_heading][vc_btn display=&#8220;inline-block&#8220; btn_size=&#8220;button-big&#8220; css_animation=&#8220;alpha-anim&#8220; link=&#8220;url:%23modal-video|&#8220; id=&#8220;sr3i3ltf0&#8243; el_class=&#8220;mt-adapt-6&#8243;]Ganzes Video ansehen[\/vc_btn][\/vc_column_inner][\/vc_row_inner][vc_row_inner unlock_row_content=&#8220;&#8220; row_height_percent=&#8220;0&#8243; back_image=&#8220;79637&#8243; back_repeat=&#8220;no-repeat&#8220; back_position=&#8220;right top&#8220; shift_y=&#8220;0&#8243; z_index=&#8220;6&#8243; back_color=&#8220;#ffffff&#8220; el_class=&#8220;home-btns&#8220; back_size=&#8220;auto 100%&#8220;][vc_column_inner position_horizontal=&#8220;&#8220; align_horizontal=&#8220;text-md-center&#8220; mobile_width=&#8220;5&#8243; shift_x=&#8220;0&#8243; shift_y=&#8220;0&#8243; z_index=&#8220;0&#8243; width=&#8220;1\/2&#8243;][vc_btn display=&#8220;inline-block&#8220; btn_size=&#8220;&#8220; i_align=&#8220;right&#8220; css_animation=&#8220;alpha-anim&#8220; link=&#8220;url:http%3A%2F%2Frotavicentina.miewstudio.com%2Fde-visita%2F|title:Ich%20bin%20besucher|&#8220; id=&#8220;vf8tb2opj&#8220; icon=&#8220;icon-direita&#8220; el_class=&#8220;h3 mt-adapt-3 mb-adapt-3&#8243;]Ich bin besucher[\/vc_btn][\/vc_column_inner][vc_column_inner position_horizontal=&#8220;&#8220; align_horizontal=&#8220;text-md-center&#8220; mobile_width=&#8220;5&#8243; shift_x=&#8220;0&#8243; shift_y=&#8220;0&#8243; z_index=&#8220;0&#8243; width=&#8220;1\/2&#8243;][vc_btn display=&#8220;inline-block&#8220; btn_size=&#8220;&#8220; i_align=&#8220;right&#8220; css_animation=&#8220;alpha-anim&#8220; link=&#8220;url:http%3A%2F%2Frotavicentina.miewstudio.com%2Fvivo-ca%2F|title:Ich%20lebe%20hier|&#8220; id=&#8220;vf8tb2opx&#8220; icon=&#8220;icon-direita&#8220; el_class=&#8220;h3 mt-adapt-3 mb-adapt-3&#8243;]Ich lebe hier[\/vc_btn][\/vc_column_inner][\/vc_row_inner][\/vc_column][\/vc_row][vc_section back_image=&#8220;79617&#8243; back_position=&#8220;left bottom&#8220; back_size=&#8220;auto&#8220; el_class=&#8220;gradient-bg&#8220;][vc_row unlock_row_content=&#8220;&#8220; row_height_percent=&#8220;0&#8243; override_padding=&#8220;yes&#8220; h_padding=&#8220;0&#8243; top_padding=&#8220;5&#8243; bottom_padding=&#8220;0&#8243; shift_y=&#8220;0&#8243; z_index=&#8220;0&#8243;][vc_column width=&#8220;1\/1&#8243;][vc_custom_heading]Planen Sie Ihre Tour[\/vc_custom_heading][\/vc_column][\/vc_row][vc_row unlock_row_content=&#8220;&#8220; row_height_percent=&#8220;0&#8243; override_padding=&#8220;yes&#8220; h_padding=&#8220;0&#8243; top_padding=&#8220;0&#8243; bottom_padding=&#8220;3&#8243; shift_y=&#8220;0&#8243; z_index=&#8220;0&#8243;][vc_column position_horizontal=&#8220;&#8220; mobile_width=&#8220;11&#8243; shift_x=&#8220;0&#8243; shift_y=&#8220;0&#8243; z_index=&#8220;0&#8243; width=&#8220;1\/3&#8243; el_class=&#8220;mt-adapt-6&#8243;][vc_single_image media_div=&#8220;background&#8220; media=&#8220;79905&#8243; media_style=&#8220;dark&#8220; media_title_dimension=&#8220;h3&#8243; css_animation=&#8220;alpha-anim&#8220; el_class=&#8220;card-image&#8220; title=&#8220;Wanderwege&#8220; media_link=&#8220;url:http%3A%2F%2Frotavicentina.miewstudio.com%2Ftrilhos-pedestres%2F|title:Trilhos%20pedestres%20da%20Rota%20Vicentina&#8220;][\/vc_single_image][\/vc_column][vc_column position_horizontal=&#8220;&#8220; mobile_width=&#8220;11&#8243; shift_x=&#8220;0&#8243; shift_y=&#8220;0&#8243; z_index=&#8220;0&#8243; width=&#8220;1\/3&#8243; el_class=&#8220;mt-adapt-6&#8243;][vc_single_image media_div=&#8220;background&#8220; media=&#8220;79913&#8243; media_style=&#8220;dark&#8220; media_title_dimension=&#8220;h3&#8243; css_animation=&#8220;alpha-anim&#8220; el_class=&#8220;card-image&#8220; title=&#8220;Radfahren&#8220; media_link=&#8220;url:http%3A%2F%2Frotavicentina.miewstudio.com%2Fpercursos-de-bicicleta%2F|title:Percursos%20de%20bicicleta%20da%20Rota%20Vicentina&#8220;][\/vc_single_image][\/vc_column][vc_column position_horizontal=&#8220;&#8220; mobile_width=&#8220;11&#8243; shift_x=&#8220;0&#8243; shift_y=&#8220;0&#8243; z_index=&#8220;0&#8243; width=&#8220;1\/3&#8243; el_class=&#8220;mt-adapt-6&#8243;][vc_single_image media_div=&#8220;background&#8220; media=&#8220;79909&#8243; media_style=&#8220;dark&#8220; media_title_dimension=&#8220;h3&#8243; css_animation=&#8220;alpha-anim&#8220; el_class=&#8220;card-image&#8220; title=&#8220;Ferien und Aktivit\u00e4ten&#8220; media_link=&#8220;url:http%3A%2F%2Frotavicentina.miewstudio.com%2Fprogramas%2F|title:Programas%20e%20Actividades%20na%20Rota%20Vicentina&#8220;][\/vc_single_image][\/vc_column][\/vc_row][vc_row][vc_column width=&#8220;1\/1&#8243;][vc_custom_heading heading_semantic=&#8220;h3&#8243;]<a href=\"https:\/\/rv-stg.fera.miewstudio.com\/de\/buchen-sie-ueber-uns\/\">Buchen Sie \u00fcber uns<\/a>[\/vc_custom_heading][\/vc_column][\/vc_row][vc_row unlock_row_content=&#8220;&#8220; row_height_percent=&#8220;0&#8243; shift_y=&#8220;0&#8243; z_index=&#8220;0&#8243; el_class=&#8220;home-reserve&#8220;][vc_column width=&#8220;5\/12&#8243;][vc_btn btn_size=&#8220;button-big&#8220; link=&#8220;url:http%3A%2F%2Frotavicentina.miewstudio.com%2Falojamentos%2F|title:Unterkunft|&#8220; id=&#8220;fpuxj9w6i&#8220; icon=&#8220;icon-alojamento&#8220;]Unterkunft[\/vc_btn][vc_btn btn_size=&#8220;button-big&#8220; link=&#8220;url:http%3A%2F%2Frotavicentina.miewstudio.com%2Ftransportes%2F|title:Transport|&#8220; id=&#8220;fpuxj9w5c&#8220; icon=&#8220;icon-aluguer-transporte&#8220;]Transport[\/vc_btn][vc_btn btn_size=&#8220;button-big&#8220; link=&#8220;url:http%3A%2F%2Frotavicentina.miewstudio.com%2Factividades%2F|title:Aktivit%C3%A4ten|&#8220; id=&#8220;fpexj9w6i&#8220; icon=&#8220;icon-atividades&#8220;]Aktivit\u00e4ten[\/vc_btn][vc_btn btn_size=&#8220;button-big&#8220; link=&#8220;url:http%3A%2F%2Frotavicentina.miewstudio.com%2Frestaurantes%2F|title:Restaurants|&#8220; id=&#8220;fpuxj9w6c&#8220; icon=&#8220;icon-restaurantes&#8220;]Restaurants[\/vc_btn][vc_btn btn_size=&#8220;button-big&#8220; link=&#8220;url:http%3A%2F%2Frotavicentina.miewstudio.com%2Fprodutos-locais%2F|title:Lokale%20Produkte|&#8220; id=&#8220;fpuxxsw6i&#8220; icon=&#8220;icon-loja&#8220;]Lokale Produkte[\/vc_btn][vc_btn btn_size=&#8220;button-big&#8220; link=&#8220;url:http%3A%2F%2Frotavicentina.miewstudio.com%2Fagencias-e-operadores%2F|title:Reise-und%20Tourenveranstalter|&#8220; id=&#8220;fpuxj9sei&#8220; icon=&#8220;icon-agencia-operador&#8220;]Reise-und Tourenveranstalter[\/vc_btn][\/vc_column][vc_column width=&#8220;7\/12&#8243;][vc_single_image media_div=&#8220;background&#8220; media=&#8220;79933&#8243;][\/vc_single_image][vc_single_image media_div=&#8220;background&#8220; media=&#8220;79511&#8243;][\/vc_single_image][vc_single_image media_div=&#8220;background&#8220; media=&#8220;79937&#8243;][\/vc_single_image][vc_single_image media_div=&#8220;background&#8220; media=&#8220;79949&#8243;][\/vc_single_image][vc_single_image media_div=&#8220;background&#8220; media=&#8220;79945&#8243;][\/vc_single_image][vc_single_image media_div=&#8220;background&#8220; media=&#8220;79941&#8243;][\/vc_single_image][vc_single_image media_div=&#8220;background&#8220; media=&#8220;79953&#8243;][\/vc_single_image][\/vc_column][\/vc_row][vc_row unlock_row_content=&#8220;&#8220; row_height_percent=&#8220;0&#8243; override_padding=&#8220;yes&#8220; h_padding=&#8220;0&#8243; top_padding=&#8220;4&#8243; bottom_padding=&#8220;0&#8243; shift_y=&#8220;0&#8243; z_index=&#8220;0&#8243;][vc_column width=&#8220;1\/1&#8243;][vc_custom_heading heading_semantic=&#8220;h3&#8243;]<a href=\"https:\/\/blog.rotavicentina.miewstudio.com\/\" target=\"_blank\" rel=\"noopener\">Blog Rota Vicentina<\/a>[\/vc_custom_heading][\/vc_column][\/vc_row][vc_row unlock_row_content=&#8220;&#8220; row_height_percent=&#8220;0&#8243; override_padding=&#8220;yes&#8220; h_padding=&#8220;0&#8243; top_padding=&#8220;0&#8243; bottom_padding=&#8220;5&#8243; shift_y=&#8220;0&#8243; z_index=&#8220;0&#8243;][vc_column position_horizontal=&#8220;&#8220; mobile_width=&#8220;11&#8243; shift_x=&#8220;0&#8243; shift_y=&#8220;0&#8243; z_index=&#8220;0&#8243; width=&#8220;1\/3&#8243; el_class=&#8220;mt-adapt-6&#8243;][vc_single_image media_div=&#8220;background&#8220; media=&#8220;125047&#8243; media_style=&#8220;dark&#8220; media_title_dimension=&#8220;h4&#8243; css_animation=&#8220;alpha-anim&#8220; el_class=&#8220;card-image&#8220; title=&#8220;Ein neuer Verwaltungsrat f\u00fcr die Amtszeit 2025-2028&#8243; media_link=&#8220;url:https%3A%2F%2Fblog.rotavicentina.miewstudio.com%2Fdirecao-2025-2028%2F|target:_blank&#8220;][\/vc_single_image][\/vc_column][vc_column position_horizontal=&#8220;&#8220; mobile_width=&#8220;11&#8243; shift_x=&#8220;0&#8243; shift_y=&#8220;0&#8243; z_index=&#8220;0&#8243; width=&#8220;1\/3&#8243; el_class=&#8220;mt-adapt-6&#8243;][vc_single_image media_div=&#8220;background&#8220; media=&#8220;125055&#8243; media_style=&#8220;dark&#8220; media_title_dimension=&#8220;h4&#8243; css_animation=&#8220;alpha-anim&#8220; el_class=&#8220;card-image&#8220; title=&#8220;Unsere neuen assoziierten Partner&#8220; media_link=&#8220;url:https%3A%2F%2Fblog.rotavicentina.miewstudio.com%2Fos-nossos-novos-associados%2F|target:_blank&#8220;][\/vc_single_image][\/vc_column][vc_column position_horizontal=&#8220;&#8220; mobile_width=&#8220;11&#8243; shift_x=&#8220;0&#8243; shift_y=&#8220;0&#8243; z_index=&#8220;0&#8243; width=&#8220;1\/3&#8243; el_class=&#8220;mt-adapt-6&#8243;][vc_single_image media_div=&#8220;background&#8220; media=&#8220;125802&#8243; media_style=&#8220;dark&#8220; media_title_dimension=&#8220;h4&#8243; css_animation=&#8220;alpha-anim&#8220; el_class=&#8220;card-image&#8220; title=&#8220;Freiwilligenkalender: Herbst 2025&#8243; media_link=&#8220;url:https%3A%2F%2Fblog.rotavicentina.miewstudio.com%2Fen%2Fvolunteering-calendar-autumn-winter-2025%2F|title:Freiwilligenkalender%3A%20Herbst%202025|target:_blank&#8220;][\/vc_single_image][\/vc_column][\/vc_row][\/vc_section][vc_row unlock_row_content=&#8220;&#8220; row_height_percent=&#8220;0&#8243; override_padding=&#8220;yes&#8220; h_padding=&#8220;0&#8243; top_padding=&#8220;3&#8243; bottom_padding=&#8220;3&#8243; shift_y=&#8220;0&#8243; z_index=&#8220;0&#8243;][vc_column width=&#8220;1\/12&#8243;][\/vc_column][vc_column position_horizontal=&#8220;&#8220; position_vertical=&#8220;d-md-flex align-items-md-center&#8220; mobile_visibility=&#8220;yes&#8220; mobile_width=&#8220;11&#8243; shift_x=&#8220;0&#8243; shift_y=&#8220;0&#8243; z_index=&#8220;0&#8243; width=&#8220;1\/3&#8243;][vc_single_image media_div=&#8220;background&#8220; media=&#8220;79883&#8243; css_animation=&#8220;masked&#8220; el_class=&#8220;mt-adapt-6 mb-adapt-6&#8243;][\/vc_single_image][\/vc_column][vc_column width=&#8220;1\/12&#8243;][\/vc_column][vc_column position_horizontal=&#8220;&#8220; position_vertical=&#8220;d-md-flex align-items-md-center&#8220; mobile_width=&#8220;11&#8243; shift_x=&#8220;0&#8243; shift_y=&#8220;0&#8243; z_index=&#8220;0&#8243; width=&#8220;5\/12&#8243;][vc_single_image media=&#8220;59416&#8243; media_width_pixel=&#8220;110px&#8220;][\/vc_single_image][vc_custom_heading heading_semantic=&#8220;h5&#8243; css_animation=&#8220;alpha-anim&#8220; el_class=&#8220;mt-adapt-3&#8243;]<a href=\"https:\/\/rv-stg.fera.miewstudio.com\/de\/verantwortlicher-tourismus\/\">Verantwortlicher <del><ins>Tourismus<\/ins><\/del><\/a>[\/vc_custom_heading][vc_column_text css_animation=&#8220;alpha-anim&#8220; el_class=&#8220;mt-adapt-4&#8243;]Ein Ort ist einen Besuch nicht wert, wenn er nicht wert ist, dort zu leben. Bei Rota Vicentina arbeiten wir als lokale Vereinigung, um Sie auf einer Reise zu begleiten, die f\u00fcr Sie als Besucher und f\u00fcr uns als kommunale Gemeinschaft von Bedeutung ist.[\/vc_column_text][vc_btn btn_size=&#8220;button-big&#8220; css_animation=&#8220;alpha-anim&#8220; link=&#8220;url:http%3A%2F%2Frotavicentina.miewstudio.com%2Fturismo-responsavel%2F|title:Verantwortlicher%20Tourismus|&#8220; id=&#8220;xgldam3v3&#8243; el_class=&#8220;mt-adapt-6&#8243;]Sie m\u00f6chten spenden[\/vc_btn][\/vc_column][vc_column width=&#8220;1\/12&#8243;][\/vc_column][\/vc_row][vc_row][vc_column width=&#8220;1\/1&#8243;][miew_block id=&#8220;126&#8243;][\/vc_column][\/vc_row][vc_row unlock_row_content=&#8220;&#8220; row_height_percent=&#8220;0&#8243; shift_y=&#8220;0&#8243; z_index=&#8220;0&#8243; el_class=&#8220;modal-row&#8220;][vc_column width=&#8220;1\/1&#8243;]<div id=\"modal-video\" class=\"miew-modal\" role=\"dialog\" aria-hidden=\"true\">\n        <span class=\"close-button miew-modal-close\" aria-label=\"Close reveal\" role=\"button\" type=\"button\"><\/span>\n        <div class=\"miew-modal-content\"><div class=\"miew-modal-body\">[vc_video controls=&#8220;yes&#8220; muted=&#8220;yes&#8220; autoplay=&#8220;yes&#8220; video_link=&#8220;https:\/\/www.youtube.com\/watch?v=xnabsip_w88&#8243;]<\/div>\n\t\t\t\t<\/div>\n\t\t\t<\/div>[\/vc_column][\/vc_row]<\/p>\n<\/div>","protected":false},"excerpt":{"rendered":"<p>[vc_row unlock_row_content=&#8220;yes&#8220; row_height_percent=&#8220;85&#8243; columns_gutter=&#8220;&#8220; override_padding=&#8220;yes&#8220; h_padding=&#8220;0&#8243; top_padding=&#8220;0&#8243; bottom_padding=&#8220;2&#8243; shift_y=&#8220;0&#8243; z_index=&#8220;0&#8243; row_height_pixel=&#8220;520px&#8220;][vc_column position_horizontal=&#8220;&#8220; position_vertical=&#8220;d-md-flex align-items-md-center&#8220; align_horizontal=&#8220;text-md-center&#8220; mobile_width=&#8220;11&#8243; shift_x=&#8220;0&#8243; shift_y=&#8220;0&#8243; z_index=&#8220;0&#8243;][vc_video video_file=&#8220;79278&#8243; muted=&#8220;yes&#8220; autoplay=&#8220;yes&#8220; loop=&#8220;yes&#8220; el_class=&#8220;position-absolute h-100&#8243;][vc_row_inner unlock_row_content=&#8220;&#8220; row_height_percent=&#8220;0&#8243; shift_y=&#8220;0&#8243; z_index=&#8220;5&#8243;][vc_column_inner position_horizontal=&#8220;d-md-flex justify-content-md-center&#8220; position_vertical=&#8220;d-md-flex align-items-md-center&#8220; align_horizontal=&#8220;text-md-center&#8220; style=&#8220;dark&#8220; mobile_width=&#8220;11&#8243; shift_x=&#8220;0&#8243; shift_y=&#8220;0&#8243; z_index=&#8220;0&#8243; width=&#8220;1\/1&#8243;][vc_custom_heading heading_semantic=&#8220;h4&#8243; text_size=&#8220;h4&#8243;]Willkommen bei[\/vc_custom_heading][vc_custom_heading heading_semantic=&#8220;h1&#8243; text_size=&#8220;h1&#8243; el_class=&#8220;alternative-font big-title mt-adapt-4&#8243;]Rota Vicentina[\/vc_custom_heading][vc_btn display=&#8220;inline-block&#8220; btn_size=&#8220;button-big&#8220; css_animation=&#8220;alpha-anim&#8220; link=&#8220;url:%23modal-video|&#8220; id=&#8220;sr3i3ltf0&#8243; el_class=&#8220;mt-adapt-6&#8243;]Ganzes [&hellip;]<\/p>\n","protected":false},"author":1,"featured_media":92419,"parent":0,"menu_order":0,"comment_status":"closed","ping_status":"closed","template":"","meta":{"_acf_changed":false,"footnotes":""},"page-category":[],"class_list":["post-87437","page","type-page","status-publish","has-post-thumbnail","hentry"],"acf":[],"yoast_head":"<!-- This site is optimized with the Yoast SEO Premium plugin v19.5 (Yoast SEO v27.0) - https:\/\/yoast.com\/product\/yoast-seo-premium-wordpress\/ -->\n<title>Rota Vicentina<\/title>\n<meta name=\"description\" content=\"Wanderwege, Radfahren, Ferien und Aktivit\u00e4ten im S\u00fcdwesten Portugals. Entdecken Sie den Fischerpfad, den Historischer Weg oder die Rundwege der Rota Vicentina.\" \/>\n<meta name=\"robots\" content=\"noindex, follow, max-snippet:-1, max-image-preview:large, max-video-preview:-1\" \/>\n<meta property=\"og:locale\" content=\"de_DE\" \/>\n<meta property=\"og:type\" content=\"article\" \/>\n<meta property=\"og:title\" content=\"Rota Vicentina\" \/>\n<meta property=\"og:description\" content=\"Wanderwege, Radfahren, Ferien und Aktivit\u00e4ten im S\u00fcdwesten Portugals. Entdecken Sie den Fischerpfad, den Historischer Weg oder die Rundwege der Rota Vicentina.\" \/>\n<meta property=\"og:url\" content=\"https:\/\/rv-stg.fera.miewstudio.com\/de\/\" \/>\n<meta property=\"og:site_name\" content=\"[STG] Rota Vicentina\" \/>\n<meta property=\"article:publisher\" content=\"https:\/\/www.facebook.com\/rotavicentina\" \/>\n<meta property=\"article:modified_time\" content=\"2025-10-13T15:52:14+00:00\" \/>\n<meta property=\"og:image\" content=\"https:\/\/rv-stg.fera.miewstudio.com\/wp-content\/uploads\/2023\/02\/Rota-Vicentina-SW-Portugal.jpg\" \/>\n<meta name=\"twitter:card\" content=\"summary_large_image\" \/>\n<meta name=\"twitter:title\" content=\"Rota Vicentina\" \/>\n<meta name=\"twitter:description\" content=\"Wanderwege, Radfahren, Ferien und Aktivit\u00e4ten im S\u00fcdwesten Portugals. Entdecken Sie den Fischerpfad, den Historischer Weg oder die Rundwege der Rota Vicentina.\" \/>\n<meta name=\"twitter:image\" content=\"https:\/\/rv-stg.fera.miewstudio.com\/wp-content\/uploads\/2023\/02\/Rota-Vicentina-SW-Portugal.jpg\" \/>\n<meta name=\"twitter:site\" content=\"@RotaVicentina\" \/>\n<meta name=\"twitter:label1\" content=\"Gesch\u00e4tzte Lesezeit\" \/>\n\t<meta name=\"twitter:data1\" content=\"6\u00a0Minuten\" \/>\n<script type=\"application\/ld+json\" class=\"yoast-schema-graph\">{\"@context\":\"https:\/\/schema.org\",\"@graph\":[{\"@type\":\"WebPage\",\"@id\":\"https:\/\/rv-stg.fera.miewstudio.com\/de\/\",\"url\":\"https:\/\/rv-stg.fera.miewstudio.com\/de\/\",\"name\":\"Rota Vicentina\",\"isPartOf\":{\"@id\":\"https:\/\/rv-stg.fera.miewstudio.com\/de\/#website\"},\"primaryImageOfPage\":{\"@id\":\"https:\/\/rv-stg.fera.miewstudio.com\/de\/#primaryimage\"},\"image\":{\"@id\":\"https:\/\/rv-stg.fera.miewstudio.com\/de\/#primaryimage\"},\"thumbnailUrl\":\"https:\/\/rv-stg.fera.miewstudio.com\/wp-content\/uploads\/2023\/02\/Rota-Vicentina-SW-Portugal.jpg\",\"datePublished\":\"2021-11-09T09:53:35+00:00\",\"dateModified\":\"2025-10-13T15:52:14+00:00\",\"description\":\"Wanderwege, Radfahren, Ferien und Aktivit\u00e4ten im S\u00fcdwesten Portugals. Entdecken Sie den Fischerpfad, den Historischer Weg oder die Rundwege der Rota Vicentina.\",\"inLanguage\":\"de\",\"potentialAction\":[{\"@type\":\"ReadAction\",\"target\":[\"https:\/\/rv-stg.fera.miewstudio.com\/de\/\"]}]},{\"@type\":\"ImageObject\",\"inLanguage\":\"de\",\"@id\":\"https:\/\/rv-stg.fera.miewstudio.com\/de\/#primaryimage\",\"url\":\"https:\/\/rv-stg.fera.miewstudio.com\/wp-content\/uploads\/2023\/02\/Rota-Vicentina-SW-Portugal.jpg\",\"contentUrl\":\"https:\/\/rv-stg.fera.miewstudio.com\/wp-content\/uploads\/2023\/02\/Rota-Vicentina-SW-Portugal.jpg\",\"width\":852,\"height\":480,\"caption\":\"Logo Rota Vicentina SW Portugal\"},{\"@type\":\"WebSite\",\"@id\":\"https:\/\/rv-stg.fera.miewstudio.com\/de\/#website\",\"url\":\"https:\/\/rv-stg.fera.miewstudio.com\/de\/\",\"name\":\"[STG] Rota Vicentina\",\"description\":\"A p\u00e9 pelo Trilho dos Pescadores, Caminho Hist\u00f3rico ou Percursos Circulares ou v\u00e1 de bicicleta pelos mais de 1000km de Trilhos de Bicicleta na Rota Vicentina.\",\"publisher\":{\"@id\":\"https:\/\/rv-stg.fera.miewstudio.com\/de\/#organization\"},\"potentialAction\":[{\"@type\":\"SearchAction\",\"target\":{\"@type\":\"EntryPoint\",\"urlTemplate\":\"https:\/\/rv-stg.fera.miewstudio.com\/de\/?s={search_term_string}\"},\"query-input\":{\"@type\":\"PropertyValueSpecification\",\"valueRequired\":true,\"valueName\":\"search_term_string\"}}],\"inLanguage\":\"de\"},{\"@type\":\"Organization\",\"@id\":\"https:\/\/rv-stg.fera.miewstudio.com\/de\/#organization\",\"name\":\"[STG] Rota Vicentina\",\"url\":\"https:\/\/rv-stg.fera.miewstudio.com\/de\/\",\"logo\":{\"@type\":\"ImageObject\",\"inLanguage\":\"de\",\"@id\":\"https:\/\/rv-stg.fera.miewstudio.com\/de\/#\/schema\/logo\/image\/\",\"url\":\"https:\/\/rv-stg.fera.miewstudio.com\/wp-content\/uploads\/2023\/02\/Rota-Vicentina-SW-Portugal.jpg\",\"contentUrl\":\"https:\/\/rv-stg.fera.miewstudio.com\/wp-content\/uploads\/2023\/02\/Rota-Vicentina-SW-Portugal.jpg\",\"width\":\"852\",\"height\":\"480\",\"caption\":\"[STG] Rota Vicentina\"},\"image\":{\"@id\":\"https:\/\/rv-stg.fera.miewstudio.com\/de\/#\/schema\/logo\/image\/\"},\"sameAs\":[\"https:\/\/www.facebook.com\/rotavicentina\",\"https:\/\/x.com\/RotaVicentina\",\"https:\/\/www.instagram.com\/rotavicentina\/\",\"https:\/\/pt.linkedin.com\/company\/rota-vicentina\"]}]}<\/script>\n<!-- \/ Yoast SEO Premium plugin. -->","yoast_head_json":{"title":"Rota Vicentina","description":"Wanderwege, Radfahren, Ferien und Aktivit\u00e4ten im S\u00fcdwesten Portugals. Entdecken Sie den Fischerpfad, den Historischer Weg oder die Rundwege der Rota Vicentina.","robots":{"index":"noindex","follow":"follow","max-snippet":"max-snippet:-1","max-image-preview":"max-image-preview:large","max-video-preview":"max-video-preview:-1"},"og_locale":"de_DE","og_type":"article","og_title":"Rota Vicentina","og_description":"Wanderwege, Radfahren, Ferien und Aktivit\u00e4ten im S\u00fcdwesten Portugals. Entdecken Sie den Fischerpfad, den Historischer Weg oder die Rundwege der Rota Vicentina.","og_url":"https:\/\/rv-stg.fera.miewstudio.com\/de\/","og_site_name":"[STG] Rota Vicentina","article_publisher":"https:\/\/www.facebook.com\/rotavicentina","article_modified_time":"2025-10-13T15:52:14+00:00","og_image":[{"url":"https:\/\/rv-stg.fera.miewstudio.com\/wp-content\/uploads\/2023\/02\/Rota-Vicentina-SW-Portugal.jpg","type":"","width":"","height":""}],"twitter_card":"summary_large_image","twitter_title":"Rota Vicentina","twitter_description":"Wanderwege, Radfahren, Ferien und Aktivit\u00e4ten im S\u00fcdwesten Portugals. Entdecken Sie den Fischerpfad, den Historischer Weg oder die Rundwege der Rota Vicentina.","twitter_image":"https:\/\/rv-stg.fera.miewstudio.com\/wp-content\/uploads\/2023\/02\/Rota-Vicentina-SW-Portugal.jpg","twitter_site":"@RotaVicentina","twitter_misc":{"Gesch\u00e4tzte Lesezeit":"6\u00a0Minuten"},"schema":{"@context":"https:\/\/schema.org","@graph":[{"@type":"WebPage","@id":"https:\/\/rv-stg.fera.miewstudio.com\/de\/","url":"https:\/\/rv-stg.fera.miewstudio.com\/de\/","name":"Rota Vicentina","isPartOf":{"@id":"https:\/\/rv-stg.fera.miewstudio.com\/de\/#website"},"primaryImageOfPage":{"@id":"https:\/\/rv-stg.fera.miewstudio.com\/de\/#primaryimage"},"image":{"@id":"https:\/\/rv-stg.fera.miewstudio.com\/de\/#primaryimage"},"thumbnailUrl":"https:\/\/rv-stg.fera.miewstudio.com\/wp-content\/uploads\/2023\/02\/Rota-Vicentina-SW-Portugal.jpg","datePublished":"2021-11-09T09:53:35+00:00","dateModified":"2025-10-13T15:52:14+00:00","description":"Wanderwege, Radfahren, Ferien und Aktivit\u00e4ten im S\u00fcdwesten Portugals. Entdecken Sie den Fischerpfad, den Historischer Weg oder die Rundwege der Rota Vicentina.","inLanguage":"de","potentialAction":[{"@type":"ReadAction","target":["https:\/\/rv-stg.fera.miewstudio.com\/de\/"]}]},{"@type":"ImageObject","inLanguage":"de","@id":"https:\/\/rv-stg.fera.miewstudio.com\/de\/#primaryimage","url":"https:\/\/rv-stg.fera.miewstudio.com\/wp-content\/uploads\/2023\/02\/Rota-Vicentina-SW-Portugal.jpg","contentUrl":"https:\/\/rv-stg.fera.miewstudio.com\/wp-content\/uploads\/2023\/02\/Rota-Vicentina-SW-Portugal.jpg","width":852,"height":480,"caption":"Logo Rota Vicentina SW Portugal"},{"@type":"WebSite","@id":"https:\/\/rv-stg.fera.miewstudio.com\/de\/#website","url":"https:\/\/rv-stg.fera.miewstudio.com\/de\/","name":"[STG] Rota Vicentina","description":"A p\u00e9 pelo Trilho dos Pescadores, Caminho Hist\u00f3rico ou Percursos Circulares ou v\u00e1 de bicicleta pelos mais de 1000km de Trilhos de Bicicleta na Rota Vicentina.","publisher":{"@id":"https:\/\/rv-stg.fera.miewstudio.com\/de\/#organization"},"potentialAction":[{"@type":"SearchAction","target":{"@type":"EntryPoint","urlTemplate":"https:\/\/rv-stg.fera.miewstudio.com\/de\/?s={search_term_string}"},"query-input":{"@type":"PropertyValueSpecification","valueRequired":true,"valueName":"search_term_string"}}],"inLanguage":"de"},{"@type":"Organization","@id":"https:\/\/rv-stg.fera.miewstudio.com\/de\/#organization","name":"[STG] Rota Vicentina","url":"https:\/\/rv-stg.fera.miewstudio.com\/de\/","logo":{"@type":"ImageObject","inLanguage":"de","@id":"https:\/\/rv-stg.fera.miewstudio.com\/de\/#\/schema\/logo\/image\/","url":"https:\/\/rv-stg.fera.miewstudio.com\/wp-content\/uploads\/2023\/02\/Rota-Vicentina-SW-Portugal.jpg","contentUrl":"https:\/\/rv-stg.fera.miewstudio.com\/wp-content\/uploads\/2023\/02\/Rota-Vicentina-SW-Portugal.jpg","width":"852","height":"480","caption":"[STG] Rota Vicentina"},"image":{"@id":"https:\/\/rv-stg.fera.miewstudio.com\/de\/#\/schema\/logo\/image\/"},"sameAs":["https:\/\/www.facebook.com\/rotavicentina","https:\/\/x.com\/RotaVicentina","https:\/\/www.instagram.com\/rotavicentina\/","https:\/\/pt.linkedin.com\/company\/rota-vicentina"]}]}},"_links":{"self":[{"href":"https:\/\/rv-stg.fera.miewstudio.com\/de\/wp-json\/wp\/v2\/pages\/87437","targetHints":{"allow":["GET"]}}],"collection":[{"href":"https:\/\/rv-stg.fera.miewstudio.com\/de\/wp-json\/wp\/v2\/pages"}],"about":[{"href":"https:\/\/rv-stg.fera.miewstudio.com\/de\/wp-json\/wp\/v2\/types\/page"}],"author":[{"embeddable":true,"href":"https:\/\/rv-stg.fera.miewstudio.com\/de\/wp-json\/wp\/v2\/users\/1"}],"replies":[{"embeddable":true,"href":"https:\/\/rv-stg.fera.miewstudio.com\/de\/wp-json\/wp\/v2\/comments?post=87437"}],"version-history":[{"count":0,"href":"https:\/\/rv-stg.fera.miewstudio.com\/de\/wp-json\/wp\/v2\/pages\/87437\/revisions"}],"wp:featuredmedia":[{"embeddable":true,"href":"https:\/\/rv-stg.fera.miewstudio.com\/de\/wp-json\/wp\/v2\/media\/92419"}],"wp:attachment":[{"href":"https:\/\/rv-stg.fera.miewstudio.com\/de\/wp-json\/wp\/v2\/media?parent=87437"}],"wp:term":[{"taxonomy":"page-category","embeddable":true,"href":"https:\/\/rv-stg.fera.miewstudio.com\/de\/wp-json\/wp\/v2\/page-category?post=87437"}],"curies":[{"name":"wp","href":"https:\/\/api.w.org\/{rel}","templated":true}]}}