{"id":81045,"date":"2021-11-10T09:28:20","date_gmt":"2021-11-10T09:28:20","guid":{"rendered":"https:\/\/rotavicentina.miewstudio.com\/radfahren\/"},"modified":"2023-01-23T22:55:20","modified_gmt":"2023-01-23T22:55:20","slug":"radfahren","status":"publish","type":"page","link":"https:\/\/rv-stg.fera.miewstudio.com\/de\/radfahren\/","title":{"rendered":"Radfahren"},"content":{"rendered":"<div class=\"wpb-content-wrapper\"><p>[vc_row unlock_row_content=&#8220;&#8220; row_height_percent=&#8220;0&#8243; back_image=&#8220;79230&#8243; shift_y=&#8220;0&#8243; z_index=&#8220;0&#8243; row_height_pixel=&#8220;465px&#8220;][vc_column position_horizontal=&#8220;&#8220; position_vertical=&#8220;d-md-flex align-items-md-end&#8220; style=&#8220;dark&#8220; mobile_width=&#8220;11&#8243; shift_x=&#8220;0&#8243; shift_y=&#8220;0&#8243; z_index=&#8220;0&#8243; width=&#8220;1\/1&#8243;][vc_custom_heading auto_text=&#8220;yes&#8220; heading_semantic=&#8220;h1&#8243; text_size=&#8220;&#8220; el_class=&#8220;alternative-font big-title&#8220;][\/vc_custom_heading][\/vc_column][\/vc_row][vc_row unlock_row_content=&#8220;&#8220; row_height_percent=&#8220;0&#8243; override_padding=&#8220;yes&#8220; h_padding=&#8220;0&#8243; top_padding=&#8220;4&#8243; bottom_padding=&#8220;0&#8243; shift_y=&#8220;0&#8243; z_index=&#8220;0&#8243;][vc_column position_horizontal=&#8220;&#8220; mobile_width=&#8220;11&#8243; shift_x=&#8220;0&#8243; shift_y=&#8220;0&#8243; z_index=&#8220;0&#8243; width=&#8220;1\/1&#8243;][vc_icon position=&#8220;left&#8220; media_div=&#8220;fonticon&#8220; heading_semantic=&#8220;h5&#8243; text_size=&#8220;h5&#8243; text_weight=&#8220;font-weight-semi-bold&#8220; css_animation=&#8220;alpha-anim&#8220; icon_max=&#8220;40px&#8220; el_class=&#8220;bg-round-icon&#8220; icon=&#8220;icon-bicicleta&#8220;][\/vc_icon][\/vc_column][\/vc_row][vc_row unlock_row_content=&#8220;&#8220; row_height_percent=&#8220;0&#8243; override_padding=&#8220;yes&#8220; h_padding=&#8220;0&#8243; top_padding=&#8220;0&#8243; bottom_padding=&#8220;3&#8243; shift_y=&#8220;0&#8243; z_index=&#8220;0&#8243;][vc_column position_horizontal=&#8220;&#8220; mobile_width=&#8220;11&#8243; shift_x=&#8220;0&#8243; shift_y=&#8220;0&#8243; z_index=&#8220;0&#8243; width=&#8220;5\/12&#8243;][vc_custom_heading css_animation=&#8220;alpha-anim&#8220; el_class=&#8220;title-stroked mt-adapt-3&#8243;]<del><ins>Radfahren<\/ins><\/del>[\/vc_custom_heading][vc_custom_heading heading_semantic=&#8220;div&#8220; text_size=&#8220;h4&#8243; css_animation=&#8220;bottom-t-top&#8220; el_class=&#8220;mt-adapt-3&#8243;]<strong>Ein neues Angebot f\u00fcr Radfahr-Begeisterte!<\/strong>[\/vc_custom_heading][\/vc_column][vc_column position_horizontal=&#8220;&#8220; mobile_visibility=&#8220;yes&#8220; mobile_width=&#8220;11&#8243; shift_x=&#8220;0&#8243; shift_y=&#8220;0&#8243; z_index=&#8220;0&#8243; width=&#8220;1\/12&#8243;][\/vc_column][vc_column position_horizontal=&#8220;&#8220; mobile_width=&#8220;11&#8243; shift_x=&#8220;0&#8243; shift_y=&#8220;0&#8243; z_index=&#8220;0&#8243; width=&#8220;1\/2&#8243;][vc_column_text css_animation=&#8220;alpha-anim&#8220; el_class=&#8220;mt-adapt-3&#8243;]Wenn bisher der <a href=\"https:\/\/rv-stg.fera.miewstudio.com\/caminho-historico\/\"><strong>Historische Weg<\/strong><\/a> das Angebot auch f\u00fcr Radfahrer umfasste, so ist Rota Vicentina weitergegangen und bietet inzwischen ein Streckennetz, das speziell f\u00fcr Radfahren bestimmt ist!<\/p>\n<p>Es gibt mehr als 1.000 km <a href=\"https:\/\/rv-stg.fera.miewstudio.com\/percursos-btt\/\"><strong>MTB<\/strong><\/a> und <a href=\"https:\/\/rv-stg.fera.miewstudio.com\/percursos-btt\/\"><strong>Schotterwege<\/strong><\/a>, eine <a href=\"https:\/\/rv-stg.fera.miewstudio.com\/grande-travessia\/\"><strong>Lang-Strecke<\/strong><\/a> (Grande Travessia) und eine <a href=\"https:\/\/rv-stg.fera.miewstudio.com\/touring-bike\/\"><strong>Tourenrad-Route<\/strong><\/a> \/ <strong><a href=\"https:\/\/rv-stg.fera.miewstudio.com\/touring-bike\/\">Radtourismus<\/a><\/strong> f\u00fcr alle, die die Natur suchen, auf Adrenalin aus sind und den Kontakt mit einer l\u00e4ndlichen Umgebung m\u00f6gen, wie sie so typisch f\u00fcr den S\u00fcdwesten Portugals ist.[\/vc_column_text][\/vc_column][\/vc_row][vc_row unlock_row_content=&#8220;&#8220; row_height_percent=&#8220;0&#8243; shift_y=&#8220;0&#8243; z_index=&#8220;0&#8243; el_class=&#8220;cycling-services&#8220;][vc_column position_horizontal=&#8220;&#8220; mobile_width=&#8220;11&#8243; shift_x=&#8220;0&#8243; shift_y=&#8220;0&#8243; z_index=&#8220;0&#8243; width=&#8220;1\/3&#8243; el_class=&#8220;mt-adapt-6&#8243;][vc_row_inner unlock_row_content=&#8220;yes&#8220; row_height_percent=&#8220;0&#8243; columns_gutter=&#8220;&#8220; override_padding=&#8220;yes&#8220; h_padding=&#8220;0&#8243; top_padding=&#8220;0&#8243; bottom_padding=&#8220;0&#8243; shift_y=&#8220;0&#8243; z_index=&#8220;0&#8243;][vc_column_inner position_horizontal=&#8220;&#8220; style=&#8220;dark&#8220; mobile_width=&#8220;11&#8243; shift_x=&#8220;0&#8243; shift_y=&#8220;0&#8243; z_index=&#8220;0&#8243; width=&#8220;1\/1&#8243;][vc_single_image media_div=&#8220;background&#8220; media=&#8220;79242&#8243; css_animation=&#8220;masked&#8220;][\/vc_single_image][vc_icon position=&#8220;left&#8220; media_div=&#8220;fonticon&#8220; heading_semantic=&#8220;h5&#8243; text_size=&#8220;h5&#8243; text_weight=&#8220;font-weight-semi-bold&#8220; css_animation=&#8220;alpha-anim&#8220; animation_delay=&#8220;300&#8243; icon_max=&#8220;25px&#8220; title=&#8220;Streckennetz f\u00fcr Mountain-Bikes&#8220; el_class=&#8220;services-icon&#8220; icon=&#8220;icon-btt&#8220;][\/vc_icon][\/vc_column_inner][\/vc_row_inner][vc_row_inner unlock_row_content=&#8220;&#8220; row_height_percent=&#8220;0&#8243; shift_y=&#8220;0&#8243; z_index=&#8220;0&#8243; back_color=&#8220;#ffffff&#8220; el_class=&#8220;cycling-box&#8220;][vc_column_inner position_horizontal=&#8220;&#8220; mobile_width=&#8220;11&#8243; shift_x=&#8220;0&#8243; shift_y=&#8220;0&#8243; z_index=&#8220;0&#8243; css_animation=&#8220;alpha-anim&#8220; width=&#8220;1\/1&#8243;][vc_icon position=&#8220;left&#8220; media_div=&#8220;fonticon&#8220; heading_semantic=&#8220;p&#8220; text_size=&#8220;&#8220; icon=&#8220;icon-distancia&#8220; icon_max=&#8220;20px&#8220; title=&#8220;Mehr als 1000 km an Strecken&#8220;][\/vc_icon][vc_icon position=&#8220;left&#8220; media_div=&#8220;fonticon&#8220; heading_semantic=&#8220;p&#8220; text_size=&#8220;&#8220; icon=&#8220;icon-dificuldade&#8220; icon_max=&#8220;20px&#8220; title=&#8220;4 Schwierigkeitsgrade&#8220;][\/vc_icon][vc_icon position=&#8220;left&#8220; media_div=&#8220;fonticon&#8220; heading_semantic=&#8220;p&#8220; text_size=&#8220;&#8220; icon=&#8220;icon-btt&#8220; icon_max=&#8220;20px&#8220; title=&#8220;38 Routen&#8220;][\/vc_icon][vc_icon position=&#8220;left&#8220; media_div=&#8220;fonticon&#8220; heading_semantic=&#8220;p&#8220; text_size=&#8220;&#8220; icon=&#8220;icon-btt&#8220; icon_max=&#8220;20px&#8220; title=&#8220;Speziell f\u00fcr MTB-Offroad und Schotter&#8220;][\/vc_icon][vc_icon position=&#8220;left&#8220; media_div=&#8220;fonticon&#8220; heading_semantic=&#8220;p&#8220; text_size=&#8220;&#8220; icon=&#8220;icon-downloads&#8220; icon_max=&#8220;20px&#8220; title=&#8220;GPS-Strecken zum Download&#8220;][\/vc_icon][vc_icon position=&#8220;left&#8220; media_div=&#8220;fonticon&#8220; heading_semantic=&#8220;p&#8220; text_size=&#8220;&#8220; icon=&#8220;icon-bike-friendly&#8220; icon_max=&#8220;20px&#8220; title=&#8220;14 Fahrradstationen (Bike Stations)&#8220;][\/vc_icon][vc_icon position=&#8220;left&#8220; media_div=&#8220;fonticon&#8220; heading_semantic=&#8220;p&#8220; text_size=&#8220;&#8220; icon=&#8220;icon-info&#8220; icon_max=&#8220;20px&#8220; title=&#8220;1 Center Cyclin\u2019 Portugal Odemira&#8220; link=&#8220;url:https%3A%2F%2Frotavicentina.miewstudio.com%2Fcentros-btt%2Fodemira%2F|target:_blank&#8220;][\/vc_icon][vc_btn btn_size=&#8220;button-big&#8220; css_animation=&#8220;bottom-t-top&#8220; link=&#8220;url:https%3A%2F%2Frotavicentina.miewstudio.com%2Fpercursos-btt%2F|title:Streckennetz%20f%C3%BCr%20Mountain-Bikes|&#8220; id=&#8220;n2cx1fchp&#8220; el_class=&#8220;mt-adapt-6 w-100&#8243;]Mehr erfahren[\/vc_btn][\/vc_column_inner][\/vc_row_inner][\/vc_column][vc_column position_horizontal=&#8220;&#8220; mobile_width=&#8220;11&#8243; shift_x=&#8220;0&#8243; shift_y=&#8220;0&#8243; z_index=&#8220;0&#8243; width=&#8220;1\/3&#8243; el_class=&#8220;mt-adapt-6&#8243;][vc_row_inner unlock_row_content=&#8220;yes&#8220; row_height_percent=&#8220;0&#8243; columns_gutter=&#8220;&#8220; override_padding=&#8220;yes&#8220; h_padding=&#8220;0&#8243; top_padding=&#8220;0&#8243; bottom_padding=&#8220;0&#8243; shift_y=&#8220;0&#8243; z_index=&#8220;0&#8243;][vc_column_inner position_horizontal=&#8220;&#8220; style=&#8220;dark&#8220; mobile_width=&#8220;11&#8243; shift_x=&#8220;0&#8243; shift_y=&#8220;0&#8243; z_index=&#8220;0&#8243; width=&#8220;1\/1&#8243;][vc_single_image media_div=&#8220;background&#8220; media=&#8220;79246&#8243; css_animation=&#8220;masked&#8220;][\/vc_single_image][vc_icon position=&#8220;left&#8220; media_div=&#8220;fonticon&#8220; heading_semantic=&#8220;h5&#8243; text_size=&#8220;h5&#8243; text_weight=&#8220;font-weight-semi-bold&#8220; css_animation=&#8220;alpha-anim&#8220; animation_delay=&#8220;300&#8243; icon_max=&#8220;25px&#8220; title=&#8220;Lang-Strecke&#8220; el_class=&#8220;services-icon&#8220; icon=&#8220;icon-grande-travessia&#8220;][\/vc_icon][\/vc_column_inner][\/vc_row_inner][vc_row_inner unlock_row_content=&#8220;&#8220; row_height_percent=&#8220;0&#8243; shift_y=&#8220;0&#8243; z_index=&#8220;0&#8243; back_color=&#8220;#ffffff&#8220; el_class=&#8220;cycling-box&#8220;][vc_column_inner position_horizontal=&#8220;&#8220; mobile_width=&#8220;11&#8243; shift_x=&#8220;0&#8243; shift_y=&#8220;0&#8243; z_index=&#8220;0&#8243; css_animation=&#8220;alpha-anim&#8220; width=&#8220;1\/1&#8243;][vc_icon position=&#8220;left&#8220; media_div=&#8220;fonticon&#8220; heading_semantic=&#8220;p&#8220; text_size=&#8220;&#8220; icon=&#8220;icon-distancia&#8220; icon_max=&#8220;20px&#8220; title=&#8220;145 km im Landkreis Odemira&#8220;][\/vc_icon][vc_icon position=&#8220;left&#8220; media_div=&#8220;fonticon&#8220; heading_semantic=&#8220;p&#8220; text_size=&#8220;&#8220; icon=&#8220;icon-info&#8220; icon_max=&#8220;20px&#8220; title=&#8220;Anbindung an Bahnstationen&#8220;][\/vc_icon][vc_icon position=&#8220;left&#8220; media_div=&#8220;fonticon&#8220; heading_semantic=&#8220;p&#8220; text_size=&#8220;&#8220; icon=&#8220;icon-bicicleta&#8220; icon_max=&#8220;20px&#8220; title=&#8220;Markiert f\u00fcr MTB-Offroad und Schotter&#8220;][\/vc_icon][vc_icon position=&#8220;left&#8220; media_div=&#8220;fonticon&#8220; heading_semantic=&#8220;p&#8220; text_size=&#8220;&#8220; icon=&#8220;icon-sinaletica&#8220; icon_max=&#8220;20px&#8220; title=&#8220;Vollst\u00e4ndig markiert im Gel\u00e4nde&#8220;][\/vc_icon][vc_icon position=&#8220;left&#8220; media_div=&#8220;fonticon&#8220; heading_semantic=&#8220;p&#8220; text_size=&#8220;&#8220; icon=&#8220;icon-downloads&#8220; icon_max=&#8220;20px&#8220; title=&#8220;GPS-Strecken zum Download&#8220;][\/vc_icon][vc_btn btn_size=&#8220;button-big&#8220; css_animation=&#8220;bottom-t-top&#8220; link=&#8220;url:https%3A%2F%2Frotavicentina.miewstudio.com%2Fgrande-travessia%2F|title:Lang-Strecke|&#8220; id=&#8220;n2cx1fchl&#8220; el_class=&#8220;mt-adapt-6 w-100&#8243;]Mehr erfahren[\/vc_btn][\/vc_column_inner][\/vc_row_inner][\/vc_column][vc_column position_horizontal=&#8220;&#8220; mobile_width=&#8220;11&#8243; shift_x=&#8220;0&#8243; shift_y=&#8220;0&#8243; z_index=&#8220;0&#8243; width=&#8220;1\/3&#8243; el_class=&#8220;mt-adapt-6&#8243;][vc_row_inner unlock_row_content=&#8220;yes&#8220; row_height_percent=&#8220;0&#8243; columns_gutter=&#8220;&#8220; override_padding=&#8220;yes&#8220; h_padding=&#8220;0&#8243; top_padding=&#8220;0&#8243; bottom_padding=&#8220;0&#8243; shift_y=&#8220;0&#8243; z_index=&#8220;0&#8243;][vc_column_inner position_horizontal=&#8220;&#8220; style=&#8220;dark&#8220; mobile_width=&#8220;11&#8243; shift_x=&#8220;0&#8243; shift_y=&#8220;0&#8243; z_index=&#8220;0&#8243; width=&#8220;1\/1&#8243;][vc_single_image media_div=&#8220;background&#8220; media=&#8220;79250&#8243; css_animation=&#8220;masked&#8220;][\/vc_single_image][vc_icon position=&#8220;left&#8220; media_div=&#8220;fonticon&#8220; heading_semantic=&#8220;h5&#8243; text_size=&#8220;h5&#8243; text_weight=&#8220;font-weight-semi-bold&#8220; css_animation=&#8220;alpha-anim&#8220; animation_delay=&#8220;300&#8243; icon_max=&#8220;25px&#8220; title=&#8220;Tourenrad-Route&#8220; el_class=&#8220;services-icon&#8220; icon=&#8220;icon-touring-bike&#8220;][\/vc_icon][\/vc_column_inner][\/vc_row_inner][vc_row_inner unlock_row_content=&#8220;&#8220; row_height_percent=&#8220;0&#8243; shift_y=&#8220;0&#8243; z_index=&#8220;0&#8243; back_color=&#8220;#ffffff&#8220; el_class=&#8220;cycling-box&#8220;][vc_column_inner position_horizontal=&#8220;&#8220; mobile_width=&#8220;11&#8243; shift_x=&#8220;0&#8243; shift_y=&#8220;0&#8243; z_index=&#8220;0&#8243; css_animation=&#8220;alpha-anim&#8220; width=&#8220;1\/1&#8243;][vc_icon position=&#8220;left&#8220; media_div=&#8220;fonticon&#8220; heading_semantic=&#8220;p&#8220; text_size=&#8220;&#8220; icon=&#8220;icon-distancia&#8220; icon_max=&#8220;20px&#8220; title=&#8220;500 km von Lissabon nach Faro&#8220;][\/vc_icon][vc_icon position=&#8220;left&#8220; media_div=&#8220;fonticon&#8220; heading_semantic=&#8220;p&#8220; text_size=&#8220;&#8220; icon=&#8220;icon-touring-bike&#8220; icon_max=&#8220;20px&#8220; title=&#8220;Geeignet f\u00fcr Hybrid-, Schotter- und Tourenr\u00e4der&#8220;][\/vc_icon][vc_icon position=&#8220;left&#8220; media_div=&#8220;fonticon&#8220; heading_semantic=&#8220;p&#8220; text_size=&#8220;&#8220; icon=&#8220;icon-alojamento&#8220; icon_max=&#8220;20px&#8220; title=&#8220;Unterk\u00fcnfte und andere Dienstleistungen f\u00fcr Radfahrer auf der gesamten Strecke.&#8220;][\/vc_icon][vc_icon position=&#8220;left&#8220; media_div=&#8220;fonticon&#8220; heading_semantic=&#8220;p&#8220; text_size=&#8220;&#8220; icon=&#8220;icon-downloads&#8220; icon_max=&#8220;20px&#8220; title=&#8220;GPS-Strecken zum Download&#8220;][\/vc_icon][vc_btn btn_size=&#8220;button-big&#8220; css_animation=&#8220;bottom-t-top&#8220; link=&#8220;url:https%3A%2F%2Frotavicentina.miewstudio.com%2Ftouring-bike%2F|title:Tourenrad-Route|&#8220; id=&#8220;n2cx1fchp&#8220; el_class=&#8220;mt-adapt-6 w-100&#8243;]Mehr erfahren[\/vc_btn][\/vc_column_inner][\/vc_row_inner][\/vc_column][\/vc_row][vc_row][vc_column width=&#8220;1\/1&#8243;][miew_block id=&#8220;71&#8243;][\/vc_column][\/vc_row][vc_row][vc_column width=&#8220;1\/1&#8243;][miew_block id=&#8220;60&#8243;][\/vc_column][\/vc_row]<\/p>\n<\/div>","protected":false},"excerpt":{"rendered":"<p>[vc_row unlock_row_content=&#8220;&#8220; row_height_percent=&#8220;0&#8243; back_image=&#8220;79230&#8243; shift_y=&#8220;0&#8243; z_index=&#8220;0&#8243; row_height_pixel=&#8220;465px&#8220;][vc_column position_horizontal=&#8220;&#8220; position_vertical=&#8220;d-md-flex align-items-md-end&#8220; style=&#8220;dark&#8220; mobile_width=&#8220;11&#8243; shift_x=&#8220;0&#8243; shift_y=&#8220;0&#8243; z_index=&#8220;0&#8243; width=&#8220;1\/1&#8243;][vc_custom_heading auto_text=&#8220;yes&#8220; heading_semantic=&#8220;h1&#8243; text_size=&#8220;&#8220; el_class=&#8220;alternative-font big-title&#8220;][\/vc_custom_heading][\/vc_column][\/vc_row][vc_row unlock_row_content=&#8220;&#8220; row_height_percent=&#8220;0&#8243; override_padding=&#8220;yes&#8220; h_padding=&#8220;0&#8243; top_padding=&#8220;4&#8243; bottom_padding=&#8220;0&#8243; shift_y=&#8220;0&#8243; z_index=&#8220;0&#8243;][vc_column position_horizontal=&#8220;&#8220; mobile_width=&#8220;11&#8243; shift_x=&#8220;0&#8243; shift_y=&#8220;0&#8243; z_index=&#8220;0&#8243; width=&#8220;1\/1&#8243;][vc_icon position=&#8220;left&#8220; media_div=&#8220;fonticon&#8220; heading_semantic=&#8220;h5&#8243; text_size=&#8220;h5&#8243; text_weight=&#8220;font-weight-semi-bold&#8220; css_animation=&#8220;alpha-anim&#8220; icon_max=&#8220;40px&#8220; el_class=&#8220;bg-round-icon&#8220; icon=&#8220;icon-bicicleta&#8220;][\/vc_icon][\/vc_column][\/vc_row][vc_row unlock_row_content=&#8220;&#8220; row_height_percent=&#8220;0&#8243; override_padding=&#8220;yes&#8220; h_padding=&#8220;0&#8243; top_padding=&#8220;0&#8243; bottom_padding=&#8220;3&#8243; shift_y=&#8220;0&#8243; z_index=&#8220;0&#8243;][vc_column position_horizontal=&#8220;&#8220; mobile_width=&#8220;11&#8243; shift_x=&#8220;0&#8243; [&hellip;]<\/p>\n","protected":false},"author":1,"featured_media":0,"parent":0,"menu_order":0,"comment_status":"closed","ping_status":"closed","template":"","meta":{"_acf_changed":false,"footnotes":""},"page-category":[1196],"class_list":["post-81045","page","type-page","status-publish","hentry","page-category-cycling-de"],"acf":[],"yoast_head":"<!-- This site is optimized with the Yoast SEO Premium plugin v19.5 (Yoast SEO v27.0) - https:\/\/yoast.com\/product\/yoast-seo-premium-wordpress\/ -->\n<title>Radfahren - [STG] Rota Vicentina<\/title>\n<meta name=\"robots\" content=\"noindex, follow, max-snippet:-1, max-image-preview:large, max-video-preview:-1\" \/>\n<meta property=\"og:locale\" content=\"de_DE\" \/>\n<meta property=\"og:type\" content=\"article\" \/>\n<meta property=\"og:title\" content=\"Radfahren - [STG] Rota Vicentina\" \/>\n<meta property=\"og:description\" content=\"[vc_row unlock_row_content=&#8220;&#8220; row_height_percent=&#8220;0&#8243; back_image=&#8220;79230&#8243; shift_y=&#8220;0&#8243; z_index=&#8220;0&#8243; row_height_pixel=&#8220;465px&#8220;][vc_column position_horizontal=&#8220;&#8220; position_vertical=&#8220;d-md-flex align-items-md-end&#8220; style=&#8220;dark&#8220; mobile_width=&#8220;11&#8243; shift_x=&#8220;0&#8243; shift_y=&#8220;0&#8243; z_index=&#8220;0&#8243; width=&#8220;1\/1&#8243;][vc_custom_heading auto_text=&#8220;yes&#8220; heading_semantic=&#8220;h1&#8243; text_size=&#8220;&#8220; el_class=&#8220;alternative-font big-title&#8220;][\/vc_custom_heading][\/vc_column][\/vc_row][vc_row unlock_row_content=&#8220;&#8220; row_height_percent=&#8220;0&#8243; override_padding=&#8220;yes&#8220; h_padding=&#8220;0&#8243; top_padding=&#8220;4&#8243; bottom_padding=&#8220;0&#8243; shift_y=&#8220;0&#8243; z_index=&#8220;0&#8243;][vc_column position_horizontal=&#8220;&#8220; mobile_width=&#8220;11&#8243; shift_x=&#8220;0&#8243; shift_y=&#8220;0&#8243; z_index=&#8220;0&#8243; width=&#8220;1\/1&#8243;][vc_icon position=&#8220;left&#8220; media_div=&#8220;fonticon&#8220; heading_semantic=&#8220;h5&#8243; text_size=&#8220;h5&#8243; text_weight=&#8220;font-weight-semi-bold&#8220; css_animation=&#8220;alpha-anim&#8220; icon_max=&#8220;40px&#8220; el_class=&#8220;bg-round-icon&#8220; icon=&#8220;icon-bicicleta&#8220;][\/vc_icon][\/vc_column][\/vc_row][vc_row unlock_row_content=&#8220;&#8220; row_height_percent=&#8220;0&#8243; override_padding=&#8220;yes&#8220; h_padding=&#8220;0&#8243; top_padding=&#8220;0&#8243; bottom_padding=&#8220;3&#8243; shift_y=&#8220;0&#8243; z_index=&#8220;0&#8243;][vc_column position_horizontal=&#8220;&#8220; mobile_width=&#8220;11&#8243; shift_x=&#8220;0&#8243; [&hellip;]\" \/>\n<meta property=\"og:url\" content=\"https:\/\/rv-stg.fera.miewstudio.com\/de\/radfahren\/\" \/>\n<meta property=\"og:site_name\" content=\"[STG] Rota Vicentina\" \/>\n<meta property=\"article:publisher\" content=\"https:\/\/www.facebook.com\/rotavicentina\" \/>\n<meta property=\"article:modified_time\" content=\"2023-01-23T22:55:20+00:00\" \/>\n<meta name=\"twitter:card\" content=\"summary_large_image\" \/>\n<meta name=\"twitter:site\" content=\"@RotaVicentina\" \/>\n<meta name=\"twitter:label1\" content=\"Gesch\u00e4tzte Lesezeit\" \/>\n\t<meta name=\"twitter:data1\" content=\"7\u00a0Minuten\" \/>\n<script type=\"application\/ld+json\" class=\"yoast-schema-graph\">{\"@context\":\"https:\/\/schema.org\",\"@graph\":[{\"@type\":\"WebPage\",\"@id\":\"https:\/\/rv-stg.fera.miewstudio.com\/de\/radfahren\/\",\"url\":\"https:\/\/rv-stg.fera.miewstudio.com\/de\/radfahren\/\",\"name\":\"Radfahren - [STG] Rota Vicentina\",\"isPartOf\":{\"@id\":\"https:\/\/rv-stg.fera.miewstudio.com\/de\/#website\"},\"datePublished\":\"2021-11-10T09:28:20+00:00\",\"dateModified\":\"2023-01-23T22:55:20+00:00\",\"inLanguage\":\"de\",\"potentialAction\":[{\"@type\":\"ReadAction\",\"target\":[\"https:\/\/rv-stg.fera.miewstudio.com\/de\/radfahren\/\"]}]},{\"@type\":\"WebSite\",\"@id\":\"https:\/\/rv-stg.fera.miewstudio.com\/de\/#website\",\"url\":\"https:\/\/rv-stg.fera.miewstudio.com\/de\/\",\"name\":\"[STG] Rota Vicentina\",\"description\":\"A p\u00e9 pelo Trilho dos Pescadores, Caminho Hist\u00f3rico ou Percursos Circulares ou v\u00e1 de bicicleta pelos mais de 1000km de Trilhos de Bicicleta na Rota Vicentina.\",\"publisher\":{\"@id\":\"https:\/\/rv-stg.fera.miewstudio.com\/de\/#organization\"},\"potentialAction\":[{\"@type\":\"SearchAction\",\"target\":{\"@type\":\"EntryPoint\",\"urlTemplate\":\"https:\/\/rv-stg.fera.miewstudio.com\/de\/?s={search_term_string}\"},\"query-input\":{\"@type\":\"PropertyValueSpecification\",\"valueRequired\":true,\"valueName\":\"search_term_string\"}}],\"inLanguage\":\"de\"},{\"@type\":\"Organization\",\"@id\":\"https:\/\/rv-stg.fera.miewstudio.com\/de\/#organization\",\"name\":\"[STG] Rota Vicentina\",\"url\":\"https:\/\/rv-stg.fera.miewstudio.com\/de\/\",\"logo\":{\"@type\":\"ImageObject\",\"inLanguage\":\"de\",\"@id\":\"https:\/\/rv-stg.fera.miewstudio.com\/de\/#\/schema\/logo\/image\/\",\"url\":\"https:\/\/rv-stg.fera.miewstudio.com\/wp-content\/uploads\/2023\/02\/Rota-Vicentina-SW-Portugal.jpg\",\"contentUrl\":\"https:\/\/rv-stg.fera.miewstudio.com\/wp-content\/uploads\/2023\/02\/Rota-Vicentina-SW-Portugal.jpg\",\"width\":\"852\",\"height\":\"480\",\"caption\":\"[STG] Rota Vicentina\"},\"image\":{\"@id\":\"https:\/\/rv-stg.fera.miewstudio.com\/de\/#\/schema\/logo\/image\/\"},\"sameAs\":[\"https:\/\/www.facebook.com\/rotavicentina\",\"https:\/\/x.com\/RotaVicentina\",\"https:\/\/www.instagram.com\/rotavicentina\/\",\"https:\/\/pt.linkedin.com\/company\/rota-vicentina\"]}]}<\/script>\n<!-- \/ Yoast SEO Premium plugin. -->","yoast_head_json":{"title":"Radfahren - [STG] Rota Vicentina","robots":{"index":"noindex","follow":"follow","max-snippet":"max-snippet:-1","max-image-preview":"max-image-preview:large","max-video-preview":"max-video-preview:-1"},"og_locale":"de_DE","og_type":"article","og_title":"Radfahren - [STG] Rota Vicentina","og_description":"[vc_row unlock_row_content=&#8220;&#8220; row_height_percent=&#8220;0&#8243; back_image=&#8220;79230&#8243; shift_y=&#8220;0&#8243; z_index=&#8220;0&#8243; row_height_pixel=&#8220;465px&#8220;][vc_column position_horizontal=&#8220;&#8220; position_vertical=&#8220;d-md-flex align-items-md-end&#8220; style=&#8220;dark&#8220; mobile_width=&#8220;11&#8243; shift_x=&#8220;0&#8243; shift_y=&#8220;0&#8243; z_index=&#8220;0&#8243; width=&#8220;1\/1&#8243;][vc_custom_heading auto_text=&#8220;yes&#8220; heading_semantic=&#8220;h1&#8243; text_size=&#8220;&#8220; el_class=&#8220;alternative-font big-title&#8220;][\/vc_custom_heading][\/vc_column][\/vc_row][vc_row unlock_row_content=&#8220;&#8220; row_height_percent=&#8220;0&#8243; override_padding=&#8220;yes&#8220; h_padding=&#8220;0&#8243; top_padding=&#8220;4&#8243; bottom_padding=&#8220;0&#8243; shift_y=&#8220;0&#8243; z_index=&#8220;0&#8243;][vc_column position_horizontal=&#8220;&#8220; mobile_width=&#8220;11&#8243; shift_x=&#8220;0&#8243; shift_y=&#8220;0&#8243; z_index=&#8220;0&#8243; width=&#8220;1\/1&#8243;][vc_icon position=&#8220;left&#8220; media_div=&#8220;fonticon&#8220; heading_semantic=&#8220;h5&#8243; text_size=&#8220;h5&#8243; text_weight=&#8220;font-weight-semi-bold&#8220; css_animation=&#8220;alpha-anim&#8220; icon_max=&#8220;40px&#8220; el_class=&#8220;bg-round-icon&#8220; icon=&#8220;icon-bicicleta&#8220;][\/vc_icon][\/vc_column][\/vc_row][vc_row unlock_row_content=&#8220;&#8220; row_height_percent=&#8220;0&#8243; override_padding=&#8220;yes&#8220; h_padding=&#8220;0&#8243; top_padding=&#8220;0&#8243; bottom_padding=&#8220;3&#8243; shift_y=&#8220;0&#8243; z_index=&#8220;0&#8243;][vc_column position_horizontal=&#8220;&#8220; mobile_width=&#8220;11&#8243; shift_x=&#8220;0&#8243; [&hellip;]","og_url":"https:\/\/rv-stg.fera.miewstudio.com\/de\/radfahren\/","og_site_name":"[STG] Rota Vicentina","article_publisher":"https:\/\/www.facebook.com\/rotavicentina","article_modified_time":"2023-01-23T22:55:20+00:00","twitter_card":"summary_large_image","twitter_site":"@RotaVicentina","twitter_misc":{"Gesch\u00e4tzte Lesezeit":"7\u00a0Minuten"},"schema":{"@context":"https:\/\/schema.org","@graph":[{"@type":"WebPage","@id":"https:\/\/rv-stg.fera.miewstudio.com\/de\/radfahren\/","url":"https:\/\/rv-stg.fera.miewstudio.com\/de\/radfahren\/","name":"Radfahren - [STG] Rota Vicentina","isPartOf":{"@id":"https:\/\/rv-stg.fera.miewstudio.com\/de\/#website"},"datePublished":"2021-11-10T09:28:20+00:00","dateModified":"2023-01-23T22:55:20+00:00","inLanguage":"de","potentialAction":[{"@type":"ReadAction","target":["https:\/\/rv-stg.fera.miewstudio.com\/de\/radfahren\/"]}]},{"@type":"WebSite","@id":"https:\/\/rv-stg.fera.miewstudio.com\/de\/#website","url":"https:\/\/rv-stg.fera.miewstudio.com\/de\/","name":"[STG] Rota Vicentina","description":"A p\u00e9 pelo Trilho dos Pescadores, Caminho Hist\u00f3rico ou Percursos Circulares ou v\u00e1 de bicicleta pelos mais de 1000km de Trilhos de Bicicleta na Rota Vicentina.","publisher":{"@id":"https:\/\/rv-stg.fera.miewstudio.com\/de\/#organization"},"potentialAction":[{"@type":"SearchAction","target":{"@type":"EntryPoint","urlTemplate":"https:\/\/rv-stg.fera.miewstudio.com\/de\/?s={search_term_string}"},"query-input":{"@type":"PropertyValueSpecification","valueRequired":true,"valueName":"search_term_string"}}],"inLanguage":"de"},{"@type":"Organization","@id":"https:\/\/rv-stg.fera.miewstudio.com\/de\/#organization","name":"[STG] Rota Vicentina","url":"https:\/\/rv-stg.fera.miewstudio.com\/de\/","logo":{"@type":"ImageObject","inLanguage":"de","@id":"https:\/\/rv-stg.fera.miewstudio.com\/de\/#\/schema\/logo\/image\/","url":"https:\/\/rv-stg.fera.miewstudio.com\/wp-content\/uploads\/2023\/02\/Rota-Vicentina-SW-Portugal.jpg","contentUrl":"https:\/\/rv-stg.fera.miewstudio.com\/wp-content\/uploads\/2023\/02\/Rota-Vicentina-SW-Portugal.jpg","width":"852","height":"480","caption":"[STG] Rota Vicentina"},"image":{"@id":"https:\/\/rv-stg.fera.miewstudio.com\/de\/#\/schema\/logo\/image\/"},"sameAs":["https:\/\/www.facebook.com\/rotavicentina","https:\/\/x.com\/RotaVicentina","https:\/\/www.instagram.com\/rotavicentina\/","https:\/\/pt.linkedin.com\/company\/rota-vicentina"]}]}},"_links":{"self":[{"href":"https:\/\/rv-stg.fera.miewstudio.com\/de\/wp-json\/wp\/v2\/pages\/81045","targetHints":{"allow":["GET"]}}],"collection":[{"href":"https:\/\/rv-stg.fera.miewstudio.com\/de\/wp-json\/wp\/v2\/pages"}],"about":[{"href":"https:\/\/rv-stg.fera.miewstudio.com\/de\/wp-json\/wp\/v2\/types\/page"}],"author":[{"embeddable":true,"href":"https:\/\/rv-stg.fera.miewstudio.com\/de\/wp-json\/wp\/v2\/users\/1"}],"replies":[{"embeddable":true,"href":"https:\/\/rv-stg.fera.miewstudio.com\/de\/wp-json\/wp\/v2\/comments?post=81045"}],"version-history":[{"count":0,"href":"https:\/\/rv-stg.fera.miewstudio.com\/de\/wp-json\/wp\/v2\/pages\/81045\/revisions"}],"wp:attachment":[{"href":"https:\/\/rv-stg.fera.miewstudio.com\/de\/wp-json\/wp\/v2\/media?parent=81045"}],"wp:term":[{"taxonomy":"page-category","embeddable":true,"href":"https:\/\/rv-stg.fera.miewstudio.com\/de\/wp-json\/wp\/v2\/page-category?post=81045"}],"curies":[{"name":"wp","href":"https:\/\/api.w.org\/{rel}","templated":true}]}}