{"id":80499,"date":"2022-11-28T12:35:56","date_gmt":"2022-11-28T12:35:56","guid":{"rendered":"https:\/\/rotavicentina.miewstudio.com\/verantwortlicher-tourismus\/"},"modified":"2023-01-17T14:28:34","modified_gmt":"2023-01-17T14:28:34","slug":"verantwortlicher-tourismus","status":"publish","type":"page","link":"https:\/\/rv-stg.fera.miewstudio.com\/de\/verantwortlicher-tourismus\/","title":{"rendered":"Verantwortlicher Tourismus"},"content":{"rendered":"<div class=\"wpb-content-wrapper\"><p>[vc_row unlock_row_content=&#8220;&#8220; row_height_percent=&#8220;0&#8243; back_image=&#8220;79175&#8243; shift_y=&#8220;0&#8243; z_index=&#8220;0&#8243; row_height_pixel=&#8220;465px&#8220;][vc_column position_horizontal=&#8220;&#8220; position_vertical=&#8220;d-md-flex align-items-md-end&#8220; style=&#8220;dark&#8220; mobile_width=&#8220;11&#8243; shift_x=&#8220;0&#8243; shift_y=&#8220;0&#8243; z_index=&#8220;0&#8243; width=&#8220;1\/1&#8243;][vc_custom_heading auto_text=&#8220;yes&#8220; heading_semantic=&#8220;h1&#8243; text_size=&#8220;&#8220; el_class=&#8220;alternative-font big-title&#8220;]Verantwortlicher Tourismus[\/vc_custom_heading][\/vc_column][\/vc_row][vc_row unlock_row_content=&#8220;&#8220; row_height_percent=&#8220;0&#8243; override_padding=&#8220;yes&#8220; h_padding=&#8220;0&#8243; top_padding=&#8220;4&#8243; bottom_padding=&#8220;4&#8243; shift_y=&#8220;0&#8243; z_index=&#8220;0&#8243;][vc_column width=&#8220;5\/12&#8243;][vc_custom_heading text_size=&#8220;h3&#8243; css_animation=&#8220;alpha-anim&#8220;]Die gro\u00dfe Reise des Menschen von heute ist eine Reise nach innen.[\/vc_custom_heading][\/vc_column][vc_column width=&#8220;7\/12&#8243;][vc_column_text]Bei Rota Vicentina arbeiten wir als lokale Vereinigung, um Sie auf einer Reise zu begleiten, die f\u00fcr Sie als Besucher und f\u00fcr uns als kommunale Gemeinschaft von Bedeutung ist.[\/vc_column_text][\/vc_column][\/vc_row][vc_section back_color=&#8220;#ffffff&#8220;][vc_row unlock_row_content=&#8220;&#8220; row_height_percent=&#8220;0&#8243; override_padding=&#8220;yes&#8220; h_padding=&#8220;0&#8243; top_padding=&#8220;2&#8243; bottom_padding=&#8220;1&#8243; shift_y=&#8220;0&#8243; z_index=&#8220;0&#8243;][vc_column position_horizontal=&#8220;&#8220; mobile_width=&#8220;11&#8243; shift_x=&#8220;0&#8243; shift_y=&#8220;0&#8243; z_index=&#8220;0&#8243; width=&#8220;1\/3&#8243; el_class=&#8220;pt-adapt-6&#8243;][vc_single_image media=&#8220;235&#8243; media_link=&#8220;url:https%3A%2F%2Frotavicentina.miewstudio.com%2Fid%2F|target:_blank|rel:nofollow&#8220; media_width_pixel=&#8220;110px&#8220; el_class=&#8220;d-inline-block footer-logos&#8220;][\/vc_single_image][vc_single_image media=&#8220;239&#8243; media_link=&#8220;url:http%3A%2F%2Frotavicentina.miewstudio.com%2Fturismo-responsavel%2F|title:Turismo%20Respons%C3%A1vel|rel:nofollow&#8220; media_width_pixel=&#8220;110px&#8220; el_class=&#8220;d-inline-block footer-logos&#8220;][\/vc_single_image][vc_single_image media=&#8220;240&#8243; media_link=&#8220;url:https%3A%2F%2Frotavicentina.miewstudio.com%2Freserve-connosco%2F|target:_blank|rel:nofollow&#8220; media_width_pixel=&#8220;110px&#8220; el_class=&#8220;d-inline-block footer-logos&#8220;][\/vc_single_image][\/vc_column][vc_column width=&#8220;1\/12&#8243;][\/vc_column][vc_column position_horizontal=&#8220;&#8220; mobile_width=&#8220;11&#8243; shift_x=&#8220;0&#8243; shift_y=&#8220;0&#8243; z_index=&#8220;0&#8243; width=&#8220;1\/2&#8243; el_class=&#8220;pt-adapt-6&#8243;][vc_custom_heading heading_semantic=&#8220;h3&#8243; text_size=&#8220;h3&#8243; text_weight=&#8220;font-weight-bold&#8220;]<em>Integrieren \u2013 Sch\u00fctzen \u2013 Betreuen<\/em>[\/vc_custom_heading][vc_column_text el_class=&#8220;mt-adapt-4&#8243;]Ein Ort ist einen Besuch nicht wert, wenn er nicht wert ist, dort zu leben. Deshalb ist uns bei Rota Vicentina daran gelegen, dass sich alle gleicherma\u00dfen f\u00fcr diese Region verantwortlich f\u00fchlen, sowohl diejenigen, die hier leben als auch die, die es besuchen kommen. Die lokalen Kommunen einzubinden, die Landschaft zu sch\u00fctzen und lokale Unternehmen zu f\u00f6rdern, ist eine gemeinschaftliche Aufgabe, die wir teilen sollten:[\/vc_column_text][\/vc_column][vc_column width=&#8220;1\/12&#8243;][\/vc_column][\/vc_row][vc_row unlock_row_content=&#8220;&#8220; row_height_percent=&#8220;0&#8243; override_padding=&#8220;yes&#8220; h_padding=&#8220;0&#8243; top_padding=&#8220;4&#8243; bottom_padding=&#8220;4&#8243; shift_y=&#8220;0&#8243; z_index=&#8220;0&#8243; back_color=&#8220;#ffffff&#8220;][vc_column width=&#8220;1\/1&#8243;][vc_tabs heading_semantic=&#8220;p&#8220; text_size=&#8220;&#8220; vertical=&#8220;yes&#8220; el_class=&#8220;styled&#8220;][vc_tab title=&#8220;Die \u00f6rtlichen Gemeinden im Blick&#8220; tab_id=&#8220;1669369263-1-20&#8243;][vc_column_text el_class=&#8220;mt-adapt-4&#8243;]Ein Ort ist einen Besuch nicht wert, wenn er nicht wert ist, dort zu leben. Lebenswert bedeutet nicht nur, dort jeden Morgen aufzuwachen. Es bedeutet auch, einer Gemeinschaft anzugeh\u00f6ren, die diesen Ort so gestaltet, wie er sich heute darstellt und daf\u00fcr sorgt, dass er f\u00fcr Besucher sicher und angenehm ist.<\/p>\n<p>Nutzen Sie die Gelegenheit, Erfahrungen mit den Einheimischen auszutauschen und die lokale Lebensart kennenzulernen. Kehren Sie dem Massentourismus an der K\u00fcste den R\u00fccken und entdecken Sie auch die \u00fcbrige Region.<\/p>\n<p>Dieses Gebiet ist lebendig und braucht Beachtung. Es beherbergt verborgene Sch\u00e4tze und die Bewohner nehmen Sie bereitwillig auf. Nehmen Sie Aktivit\u00e4ten wahr, die von den Gemeinden und ihren Mitgliedern geboten werden. Lassen Sie sich \u00fcberraschen, was sich Ihnen pr\u00e4sentiert.[\/vc_column_text][\/vc_tab][vc_tab title=&#8220;Die Umwelt sch\u00fctzen&#8220; tab_id=&#8220;1669369263-2-24&#8243;][vc_column_text el_class=&#8220;mt-adapt-4&#8243;]Der Fernwanderweg Rota Vicentina f\u00fchrt durch ein Naturreservat, dessen Schutz eine Herausforderung darstellt. Hier sind Siedlungen mit Landwirtschaft, lokalen Gesch\u00e4ften und Besuchern in Form einer Lebensgemeinschaft in eine intakte Umwelt integriert. Allein durch Sorgfalt und Vorsicht aller k\u00f6nnen wir diese einzigartige Region so bewahren.<\/p>\n<p>Entfernen Sie sich nicht von den markierten Wegen, nicht nur, damit Sie Ihr Ziel sicher erreichen, sondern auch, um die zahllosen Habitate von Tieren und endemischen Pflanzen dieser Region zu bewahren.<\/p>\n<p>Die Klippen entlang des Fischerpfads sind atemberaubend. Dar\u00fcber hinaus aber lohnen auch der Historische Weg und die Rundwege. Dort reisen Sie durch die Zeit, durch Landschaften intakter Natur und durch D\u00f6rfer, in denen die Traditionen noch lebendig sind.<\/p>\n<p>Hinterlassen Sie keine umweltsch\u00e4digenden Spuren. Der Verein Rota Vicentina arbeitet hart daran, diese Region zu sch\u00fctzen. Tragen Sie Ihren Teil dazu bei, indem Sie alles so verlassen, wie Sie es vorgefunden haben, nat\u00fcrlich und intakt. Weiteres finden Sie hier.<\/p>\n<p>In den Gemeinden steigt das Bewusstsein daf\u00fcr, wie wichtig es ist, die Umwelt zu sch\u00fctzen. Dennoch bedarf es auch der Besucher, sich diesem Anliegen anzuschlie\u00dfen. Verschreiben auch Sie sich dieser Herausforderung und tragen Ihren Teil zum Erhalt dieses \u00d6kosystems bei.[\/vc_column_text][\/vc_tab][vc_tab title=&#8220;Die \u00f6rtlichen Anbieter nutzen&#8220; tab_id=&#8220;1669369325873-2-2&#8243;][vc_column_text el_class=&#8220;mt-adapt-4&#8243;]Die Einwohner leben nicht nur auf diesem Boden, sondern auch davon, was die Erde ihnen gibt sowie von den Produkten und Dienstleistungen, die sie Ihnen hier anbieten k\u00f6nnen. Indem Sie lokale Gesch\u00e4fte und Produkte w\u00e4hlen, tragen Sie zur Entwicklung dieses Gebiets bei.<\/p>\n<p>Achten Sie auf die heimischen Produkte und Dienstleistungen, die der lokalen Identit\u00e4t und Umwelt Rechnung tragen.<\/p>\n<p>W\u00e4hlen Sie die Rota Vicentina-Partnerunternehmen. Sie investieren seit Jahren mit dem Ziel, Ihnen Wege in gutem Zustand und geeignete Einrichtungen zu bieten.<\/p>\n<p>W\u00e4hlen Sie Qualit\u00e4t statt Quantit\u00e4t. Die lokalen Gesch\u00e4fte und Unternehmer verfolgen das global dringliche Ziel, die Beeintr\u00e4chtigung der Umwelt zu verringern und die Lebensbedingungen f\u00fcr alle zu verbessern.[\/vc_column_text][\/vc_tab][\/vc_tabs][\/vc_column][\/vc_row][\/vc_section][vc_row unlock_row_content=&#8220;&#8220; row_height_percent=&#8220;0&#8243; override_padding=&#8220;yes&#8220; h_padding=&#8220;0&#8243; top_padding=&#8220;4&#8243; bottom_padding=&#8220;0&#8243; shift_y=&#8220;0&#8243; z_index=&#8220;0&#8243;][vc_column width=&#8220;1\/2&#8243;][vc_custom_heading text_size=&#8220;h3&#8243; css_animation=&#8220;alpha-anim&#8220; el_class=&#8220;title-stroked&#8220;]Wie tr\u00e4gt Rota Vicentina zu einem \u201e<del><ins>Verantwortlichen Tourismus<\/ins><\/del>\u201c in der Region bei?[\/vc_custom_heading][\/vc_column][vc_column width=&#8220;1\/2&#8243;][\/vc_column][\/vc_row][vc_row unlock_row_content=&#8220;&#8220; row_height_percent=&#8220;0&#8243; override_padding=&#8220;yes&#8220; h_padding=&#8220;0&#8243; top_padding=&#8220;0&#8243; bottom_padding=&#8220;1&#8243; shift_y=&#8220;0&#8243; z_index=&#8220;0&#8243;][vc_column width=&#8220;1\/4&#8243;][vc_single_image media_div=&#8220;background&#8220; media=&#8220;79179&#8243; media_title_dimension=&#8220;h4&#8243; media_title_weight=&#8220;font-weight-bold&#8220; title=&#8220;Kurs f\u00fcr \u00f6rtliche Frendenf\u00fchrer&#8220; media_link=&#8220;url:https%3A%2F%2Fblog.rotavicentina.miewstudio.com%2Fcurso-guias-2022%2F|title:Turismo%20Respons%C3%A1vel|target:_blank&#8220; el_class=&#8220;cards-blurb mt-adapt-6&#8243;]In der 1. Ausgabe des Kurses \u201eVerantwortlicher Tourismus&#8220; f\u00fcr lokale Guides spielten die Themen &#8222;Ethik&#8220; und \u201eAffektivit\u00e4t&#8220; im Tourismus eine Schl\u00fcsselrolle bei der Definition der grundlegenden Konzepte.[\/vc_single_image][\/vc_column][vc_column width=&#8220;1\/4&#8243;][vc_single_image media_div=&#8220;background&#8220; media=&#8220;79567&#8243; media_title_dimension=&#8220;h4&#8243; media_title_weight=&#8220;font-weight-bold&#8220; title=&#8220;Manifest&#8220; media_link=&#8220;url:https%3A%2F%2Fyoutu.be%2FKLv91a4hx4g|title:Manifesto%20Rota%20Vicentina|target:_blank&#8220; el_class=&#8220;cards-blurb mt-adapt-6&#8243;]Es ist eine Botschaft, die dem Weg, den wir gehen wollen und der Ver\u00e4nderung, die sich im S\u00fcdwesten Portugals vollzieht, Ausdruck verleiht.[\/vc_single_image][\/vc_column][vc_column width=&#8220;1\/4&#8243;][vc_single_image media_div=&#8220;background&#8220; media=&#8220;79170&#8243; media_title_dimension=&#8220;h4&#8243; media_title_weight=&#8220;font-weight-bold&#8220; title=&#8220;Volontariat&#8220; media_link=&#8220;url:https%3A%2F%2Fblog.rotavicentina.miewstudio.com%2Ftag%2Fvoluntariado%2F|title:Voluntariado|target:_blank&#8220; el_class=&#8220;cards-blurb mt-adapt-6&#8243;]Seit dem ersten Tag wird die Instandhaltung der Wanderwege mit Hilfe von Freiwilligen geleistet, um die kommunale Gemeinschaft f\u00fcr ein Projekt und eine Infrastruktur von \u00f6ffentlichem Interesse mitverantwortlich zu machen und so deren Zukunft zu sichern[\/vc_single_image][\/vc_column][vc_column width=&#8220;1\/4&#8243;][vc_single_image media_div=&#8220;background&#8220; media=&#8220;79571&#8243; media_title_dimension=&#8220;h4&#8243; media_title_weight=&#8220;font-weight-bold&#8220; title=&#8220;Beobachtung&#8220; media_link=&#8220;url:http%3A%2F%2Frotavicentina.miewstudio.com%2Fimpacto-na-regiao%2F|title:Impacto%20na%20regi%C3%A3o|target:_blank&#8220; el_class=&#8220;cards-blurb mt-adapt-6&#8243;]Die \u00f6kologischen und sozio\u00f6konomischen Auswirkungen der Rota Vicentina werden seit dem Jahr Null regelm\u00e4\u00dfig mit quantitativen und qualitativen Ans\u00e4tzen gemessen; bei den wirtschaftlichen Auswirkungen wird der Anteil der heimischen und qualifizierten Wirtschaft ber\u00fccksichtigt.[\/vc_single_image][\/vc_column][\/vc_row][vc_row][vc_column width=&#8220;1\/1&#8243;][miew_block id=&#8220;126&#8243;][\/vc_column][\/vc_row]<\/p>\n<\/div>","protected":false},"excerpt":{"rendered":"<p>[vc_row unlock_row_content=&#8220;&#8220; row_height_percent=&#8220;0&#8243; back_image=&#8220;79175&#8243; shift_y=&#8220;0&#8243; z_index=&#8220;0&#8243; row_height_pixel=&#8220;465px&#8220;][vc_column position_horizontal=&#8220;&#8220; position_vertical=&#8220;d-md-flex align-items-md-end&#8220; style=&#8220;dark&#8220; mobile_width=&#8220;11&#8243; shift_x=&#8220;0&#8243; shift_y=&#8220;0&#8243; z_index=&#8220;0&#8243; width=&#8220;1\/1&#8243;][vc_custom_heading auto_text=&#8220;yes&#8220; heading_semantic=&#8220;h1&#8243; text_size=&#8220;&#8220; el_class=&#8220;alternative-font big-title&#8220;]Verantwortlicher Tourismus[\/vc_custom_heading][\/vc_column][\/vc_row][vc_row unlock_row_content=&#8220;&#8220; row_height_percent=&#8220;0&#8243; override_padding=&#8220;yes&#8220; h_padding=&#8220;0&#8243; top_padding=&#8220;4&#8243; bottom_padding=&#8220;4&#8243; shift_y=&#8220;0&#8243; z_index=&#8220;0&#8243;][vc_column width=&#8220;5\/12&#8243;][vc_custom_heading text_size=&#8220;h3&#8243; css_animation=&#8220;alpha-anim&#8220;]Die gro\u00dfe Reise des Menschen von heute ist eine Reise nach innen.[\/vc_custom_heading][\/vc_column][vc_column width=&#8220;7\/12&#8243;][vc_column_text]Bei Rota Vicentina arbeiten wir als lokale Vereinigung, um Sie auf [&hellip;]<\/p>\n","protected":false},"author":1,"featured_media":0,"parent":0,"menu_order":0,"comment_status":"closed","ping_status":"closed","template":"","meta":{"_acf_changed":false,"footnotes":""},"page-category":[],"class_list":["post-80499","page","type-page","status-publish","hentry"],"acf":[],"yoast_head":"<!-- This site is optimized with the Yoast SEO Premium plugin v19.5 (Yoast SEO v27.0) - https:\/\/yoast.com\/product\/yoast-seo-premium-wordpress\/ -->\n<title>Verantwortlicher Tourismus - [STG] Rota Vicentina<\/title>\n<meta name=\"robots\" content=\"noindex, follow, max-snippet:-1, max-image-preview:large, max-video-preview:-1\" \/>\n<meta property=\"og:locale\" content=\"de_DE\" \/>\n<meta property=\"og:type\" content=\"article\" \/>\n<meta property=\"og:title\" content=\"Verantwortlicher Tourismus - [STG] Rota Vicentina\" \/>\n<meta property=\"og:description\" content=\"[vc_row unlock_row_content=&#8220;&#8220; row_height_percent=&#8220;0&#8243; back_image=&#8220;79175&#8243; shift_y=&#8220;0&#8243; z_index=&#8220;0&#8243; row_height_pixel=&#8220;465px&#8220;][vc_column position_horizontal=&#8220;&#8220; position_vertical=&#8220;d-md-flex align-items-md-end&#8220; style=&#8220;dark&#8220; mobile_width=&#8220;11&#8243; shift_x=&#8220;0&#8243; shift_y=&#8220;0&#8243; z_index=&#8220;0&#8243; width=&#8220;1\/1&#8243;][vc_custom_heading auto_text=&#8220;yes&#8220; heading_semantic=&#8220;h1&#8243; text_size=&#8220;&#8220; el_class=&#8220;alternative-font big-title&#8220;]Verantwortlicher Tourismus[\/vc_custom_heading][\/vc_column][\/vc_row][vc_row unlock_row_content=&#8220;&#8220; row_height_percent=&#8220;0&#8243; override_padding=&#8220;yes&#8220; h_padding=&#8220;0&#8243; top_padding=&#8220;4&#8243; bottom_padding=&#8220;4&#8243; shift_y=&#8220;0&#8243; z_index=&#8220;0&#8243;][vc_column width=&#8220;5\/12&#8243;][vc_custom_heading text_size=&#8220;h3&#8243; css_animation=&#8220;alpha-anim&#8220;]Die gro\u00dfe Reise des Menschen von heute ist eine Reise nach innen.[\/vc_custom_heading][\/vc_column][vc_column width=&#8220;7\/12&#8243;][vc_column_text]Bei Rota Vicentina arbeiten wir als lokale Vereinigung, um Sie auf [&hellip;]\" \/>\n<meta property=\"og:url\" content=\"https:\/\/rv-stg.fera.miewstudio.com\/de\/verantwortlicher-tourismus\/\" \/>\n<meta property=\"og:site_name\" content=\"[STG] Rota Vicentina\" \/>\n<meta property=\"article:publisher\" content=\"https:\/\/www.facebook.com\/rotavicentina\" \/>\n<meta property=\"article:modified_time\" content=\"2023-01-17T14:28:34+00:00\" \/>\n<meta name=\"twitter:card\" content=\"summary_large_image\" \/>\n<meta name=\"twitter:site\" content=\"@RotaVicentina\" \/>\n<meta name=\"twitter:label1\" content=\"Gesch\u00e4tzte Lesezeit\" \/>\n\t<meta name=\"twitter:data1\" content=\"7\u00a0Minuten\" \/>\n<script type=\"application\/ld+json\" class=\"yoast-schema-graph\">{\"@context\":\"https:\/\/schema.org\",\"@graph\":[{\"@type\":\"WebPage\",\"@id\":\"https:\/\/rv-stg.fera.miewstudio.com\/de\/verantwortlicher-tourismus\/\",\"url\":\"https:\/\/rv-stg.fera.miewstudio.com\/de\/verantwortlicher-tourismus\/\",\"name\":\"Verantwortlicher Tourismus - [STG] Rota Vicentina\",\"isPartOf\":{\"@id\":\"https:\/\/rv-stg.fera.miewstudio.com\/de\/#website\"},\"datePublished\":\"2022-11-28T12:35:56+00:00\",\"dateModified\":\"2023-01-17T14:28:34+00:00\",\"inLanguage\":\"de\",\"potentialAction\":[{\"@type\":\"ReadAction\",\"target\":[\"https:\/\/rv-stg.fera.miewstudio.com\/de\/verantwortlicher-tourismus\/\"]}]},{\"@type\":\"WebSite\",\"@id\":\"https:\/\/rv-stg.fera.miewstudio.com\/de\/#website\",\"url\":\"https:\/\/rv-stg.fera.miewstudio.com\/de\/\",\"name\":\"[STG] Rota Vicentina\",\"description\":\"A p\u00e9 pelo Trilho dos Pescadores, Caminho Hist\u00f3rico ou Percursos Circulares ou v\u00e1 de bicicleta pelos mais de 1000km de Trilhos de Bicicleta na Rota Vicentina.\",\"publisher\":{\"@id\":\"https:\/\/rv-stg.fera.miewstudio.com\/de\/#organization\"},\"potentialAction\":[{\"@type\":\"SearchAction\",\"target\":{\"@type\":\"EntryPoint\",\"urlTemplate\":\"https:\/\/rv-stg.fera.miewstudio.com\/de\/?s={search_term_string}\"},\"query-input\":{\"@type\":\"PropertyValueSpecification\",\"valueRequired\":true,\"valueName\":\"search_term_string\"}}],\"inLanguage\":\"de\"},{\"@type\":\"Organization\",\"@id\":\"https:\/\/rv-stg.fera.miewstudio.com\/de\/#organization\",\"name\":\"[STG] Rota Vicentina\",\"url\":\"https:\/\/rv-stg.fera.miewstudio.com\/de\/\",\"logo\":{\"@type\":\"ImageObject\",\"inLanguage\":\"de\",\"@id\":\"https:\/\/rv-stg.fera.miewstudio.com\/de\/#\/schema\/logo\/image\/\",\"url\":\"https:\/\/rv-stg.fera.miewstudio.com\/wp-content\/uploads\/2023\/02\/Rota-Vicentina-SW-Portugal.jpg\",\"contentUrl\":\"https:\/\/rv-stg.fera.miewstudio.com\/wp-content\/uploads\/2023\/02\/Rota-Vicentina-SW-Portugal.jpg\",\"width\":\"852\",\"height\":\"480\",\"caption\":\"[STG] Rota Vicentina\"},\"image\":{\"@id\":\"https:\/\/rv-stg.fera.miewstudio.com\/de\/#\/schema\/logo\/image\/\"},\"sameAs\":[\"https:\/\/www.facebook.com\/rotavicentina\",\"https:\/\/x.com\/RotaVicentina\",\"https:\/\/www.instagram.com\/rotavicentina\/\",\"https:\/\/pt.linkedin.com\/company\/rota-vicentina\"]}]}<\/script>\n<!-- \/ Yoast SEO Premium plugin. -->","yoast_head_json":{"title":"Verantwortlicher Tourismus - [STG] Rota Vicentina","robots":{"index":"noindex","follow":"follow","max-snippet":"max-snippet:-1","max-image-preview":"max-image-preview:large","max-video-preview":"max-video-preview:-1"},"og_locale":"de_DE","og_type":"article","og_title":"Verantwortlicher Tourismus - [STG] Rota Vicentina","og_description":"[vc_row unlock_row_content=&#8220;&#8220; row_height_percent=&#8220;0&#8243; back_image=&#8220;79175&#8243; shift_y=&#8220;0&#8243; z_index=&#8220;0&#8243; row_height_pixel=&#8220;465px&#8220;][vc_column position_horizontal=&#8220;&#8220; position_vertical=&#8220;d-md-flex align-items-md-end&#8220; style=&#8220;dark&#8220; mobile_width=&#8220;11&#8243; shift_x=&#8220;0&#8243; shift_y=&#8220;0&#8243; z_index=&#8220;0&#8243; width=&#8220;1\/1&#8243;][vc_custom_heading auto_text=&#8220;yes&#8220; heading_semantic=&#8220;h1&#8243; text_size=&#8220;&#8220; el_class=&#8220;alternative-font big-title&#8220;]Verantwortlicher Tourismus[\/vc_custom_heading][\/vc_column][\/vc_row][vc_row unlock_row_content=&#8220;&#8220; row_height_percent=&#8220;0&#8243; override_padding=&#8220;yes&#8220; h_padding=&#8220;0&#8243; top_padding=&#8220;4&#8243; bottom_padding=&#8220;4&#8243; shift_y=&#8220;0&#8243; z_index=&#8220;0&#8243;][vc_column width=&#8220;5\/12&#8243;][vc_custom_heading text_size=&#8220;h3&#8243; css_animation=&#8220;alpha-anim&#8220;]Die gro\u00dfe Reise des Menschen von heute ist eine Reise nach innen.[\/vc_custom_heading][\/vc_column][vc_column width=&#8220;7\/12&#8243;][vc_column_text]Bei Rota Vicentina arbeiten wir als lokale Vereinigung, um Sie auf [&hellip;]","og_url":"https:\/\/rv-stg.fera.miewstudio.com\/de\/verantwortlicher-tourismus\/","og_site_name":"[STG] Rota Vicentina","article_publisher":"https:\/\/www.facebook.com\/rotavicentina","article_modified_time":"2023-01-17T14:28:34+00:00","twitter_card":"summary_large_image","twitter_site":"@RotaVicentina","twitter_misc":{"Gesch\u00e4tzte Lesezeit":"7\u00a0Minuten"},"schema":{"@context":"https:\/\/schema.org","@graph":[{"@type":"WebPage","@id":"https:\/\/rv-stg.fera.miewstudio.com\/de\/verantwortlicher-tourismus\/","url":"https:\/\/rv-stg.fera.miewstudio.com\/de\/verantwortlicher-tourismus\/","name":"Verantwortlicher Tourismus - [STG] Rota Vicentina","isPartOf":{"@id":"https:\/\/rv-stg.fera.miewstudio.com\/de\/#website"},"datePublished":"2022-11-28T12:35:56+00:00","dateModified":"2023-01-17T14:28:34+00:00","inLanguage":"de","potentialAction":[{"@type":"ReadAction","target":["https:\/\/rv-stg.fera.miewstudio.com\/de\/verantwortlicher-tourismus\/"]}]},{"@type":"WebSite","@id":"https:\/\/rv-stg.fera.miewstudio.com\/de\/#website","url":"https:\/\/rv-stg.fera.miewstudio.com\/de\/","name":"[STG] Rota Vicentina","description":"A p\u00e9 pelo Trilho dos Pescadores, Caminho Hist\u00f3rico ou Percursos Circulares ou v\u00e1 de bicicleta pelos mais de 1000km de Trilhos de Bicicleta na Rota Vicentina.","publisher":{"@id":"https:\/\/rv-stg.fera.miewstudio.com\/de\/#organization"},"potentialAction":[{"@type":"SearchAction","target":{"@type":"EntryPoint","urlTemplate":"https:\/\/rv-stg.fera.miewstudio.com\/de\/?s={search_term_string}"},"query-input":{"@type":"PropertyValueSpecification","valueRequired":true,"valueName":"search_term_string"}}],"inLanguage":"de"},{"@type":"Organization","@id":"https:\/\/rv-stg.fera.miewstudio.com\/de\/#organization","name":"[STG] Rota Vicentina","url":"https:\/\/rv-stg.fera.miewstudio.com\/de\/","logo":{"@type":"ImageObject","inLanguage":"de","@id":"https:\/\/rv-stg.fera.miewstudio.com\/de\/#\/schema\/logo\/image\/","url":"https:\/\/rv-stg.fera.miewstudio.com\/wp-content\/uploads\/2023\/02\/Rota-Vicentina-SW-Portugal.jpg","contentUrl":"https:\/\/rv-stg.fera.miewstudio.com\/wp-content\/uploads\/2023\/02\/Rota-Vicentina-SW-Portugal.jpg","width":"852","height":"480","caption":"[STG] Rota Vicentina"},"image":{"@id":"https:\/\/rv-stg.fera.miewstudio.com\/de\/#\/schema\/logo\/image\/"},"sameAs":["https:\/\/www.facebook.com\/rotavicentina","https:\/\/x.com\/RotaVicentina","https:\/\/www.instagram.com\/rotavicentina\/","https:\/\/pt.linkedin.com\/company\/rota-vicentina"]}]}},"_links":{"self":[{"href":"https:\/\/rv-stg.fera.miewstudio.com\/de\/wp-json\/wp\/v2\/pages\/80499","targetHints":{"allow":["GET"]}}],"collection":[{"href":"https:\/\/rv-stg.fera.miewstudio.com\/de\/wp-json\/wp\/v2\/pages"}],"about":[{"href":"https:\/\/rv-stg.fera.miewstudio.com\/de\/wp-json\/wp\/v2\/types\/page"}],"author":[{"embeddable":true,"href":"https:\/\/rv-stg.fera.miewstudio.com\/de\/wp-json\/wp\/v2\/users\/1"}],"replies":[{"embeddable":true,"href":"https:\/\/rv-stg.fera.miewstudio.com\/de\/wp-json\/wp\/v2\/comments?post=80499"}],"version-history":[{"count":0,"href":"https:\/\/rv-stg.fera.miewstudio.com\/de\/wp-json\/wp\/v2\/pages\/80499\/revisions"}],"wp:attachment":[{"href":"https:\/\/rv-stg.fera.miewstudio.com\/de\/wp-json\/wp\/v2\/media?parent=80499"}],"wp:term":[{"taxonomy":"page-category","embeddable":true,"href":"https:\/\/rv-stg.fera.miewstudio.com\/de\/wp-json\/wp\/v2\/page-category?post=80499"}],"curies":[{"name":"wp","href":"https:\/\/api.w.org\/{rel}","templated":true}]}}