{"id":80490,"date":"2022-12-05T09:04:09","date_gmt":"2022-12-05T09:04:09","guid":{"rendered":"https:\/\/rotavicentina.miewstudio.com\/spenden\/"},"modified":"2025-09-02T10:55:14","modified_gmt":"2025-09-02T10:55:14","slug":"spenden","status":"publish","type":"page","link":"https:\/\/rv-stg.fera.miewstudio.com\/de\/spenden\/","title":{"rendered":"Spenden"},"content":{"rendered":"<div class=\"wpb-content-wrapper\"><p>[vc_row unlock_row_content=&#8220;&#8220; row_height_percent=&#8220;0&#8243; back_image=&#8220;78877&#8243; shift_y=&#8220;0&#8243; z_index=&#8220;0&#8243; row_height_pixel=&#8220;465px&#8220;][vc_column position_horizontal=&#8220;&#8220; position_vertical=&#8220;d-md-flex align-items-md-end&#8220; style=&#8220;dark&#8220; mobile_width=&#8220;11&#8243; shift_x=&#8220;0&#8243; shift_y=&#8220;0&#8243; z_index=&#8220;0&#8243; width=&#8220;1\/1&#8243;][vc_custom_heading auto_text=&#8220;yes&#8220; heading_semantic=&#8220;h1&#8243; text_size=&#8220;&#8220; el_class=&#8220;alternative-font big-title&#8220;]Spenden[\/vc_custom_heading][\/vc_column][\/vc_row][vc_row unlock_row_content=&#8220;&#8220; row_height_percent=&#8220;0&#8243; override_padding=&#8220;yes&#8220; h_padding=&#8220;0&#8243; top_padding=&#8220;4&#8243; bottom_padding=&#8220;0&#8243; shift_y=&#8220;0&#8243; z_index=&#8220;0&#8243;][vc_column position_horizontal=&#8220;&#8220; position_vertical=&#8220;d-md-flex align-items-md-center&#8220; mobile_width=&#8220;11&#8243; shift_x=&#8220;0&#8243; shift_y=&#8220;0&#8243; z_index=&#8220;0&#8243; width=&#8220;1\/1&#8243; mobile_order=&#8220;2&#8243;][vc_custom_heading css_animation=&#8220;alpha-anim&#8220; el_class=&#8220;title-stroked mt-adapt-3&#8243;]M\u00f6chten Sie die Initiativen der Vereinigung Rota Vicentina unterst\u00fctzen? Spenden Sie![\/vc_custom_heading][\/vc_column][\/vc_row][vc_row unlock_row_content=&#8220;&#8220; row_height_percent=&#8220;0&#8243; override_padding=&#8220;yes&#8220; h_padding=&#8220;0&#8243; top_padding=&#8220;0&#8243; bottom_padding=&#8220;4&#8243; shift_y=&#8220;0&#8243; z_index=&#8220;0&#8243;][vc_column position_horizontal=&#8220;&#8220; mobile_width=&#8220;11&#8243; shift_x=&#8220;0&#8243; shift_y=&#8220;0&#8243; z_index=&#8220;0&#8243; width=&#8220;1\/2&#8243; mobile_order=&#8220;1&#8243;][vc_column_text css_animation=&#8220;alpha-anim&#8220; el_class=&#8220;mt-adapt-5&#8243;]Rota Vicentina ist weit mehr als ein Wanderweg! Es ist ein lebendiges Netzwerk, das Menschen, Territorium und Erbe miteinander verbindet und zur nachhaltigen Entwicklung der Region beitr\u00e4gt.<\/p>\n<p>Es gibt diverse M\u00f6glichkeiten, im Hintergrund an der Entwicklung und dem Erhalt der Rota Vicentina mitzuwirken. Sie k\u00f6nnen mit Ihrer Zeit &#8211; punktuell oder kontinuierlich, oder finanziell, durch eine Spende dazu beitragen.[\/vc_column_text][\/vc_column][vc_column position_horizontal=&#8220;&#8220; mobile_width=&#8220;11&#8243; shift_x=&#8220;0&#8243; shift_y=&#8220;0&#8243; z_index=&#8220;0&#8243; width=&#8220;1\/2&#8243; mobile_order=&#8220;2&#8243;][vc_column_text css_animation=&#8220;alpha-anim&#8220; el_class=&#8220;mt-adapt-5&#8243;]<strong>Rota Vicentina ist f\u00fcr ihre Forschungs- und Experimentierarbeit von einer Gemeinschaft anerkannt, die ihrerseits Zeit, Geld und ihr Wissen \u00fcber die kostbarsten regionalen Sch\u00e4tze in dieses Projekt investiert.<\/strong><br \/>\n<strong>Eine Spende ist ein wichtiger Beitrag zur notwendigen Umgestaltung des Tourismus in l\u00e4ndlichen und naturbelassenen Gebieten.<\/strong>[\/vc_column_text][\/vc_column][\/vc_row][vc_row unlock_row_content=&#8220;&#8220; row_height_percent=&#8220;0&#8243; override_padding=&#8220;yes&#8220; h_padding=&#8220;0&#8243; top_padding=&#8220;0&#8243; bottom_padding=&#8220;4&#8243; shift_y=&#8220;0&#8243; z_index=&#8220;0&#8243;][vc_column position_horizontal=&#8220;&#8220; mobile_width=&#8220;11&#8243; shift_x=&#8220;0&#8243; shift_y=&#8220;0&#8243; z_index=&#8220;0&#8243; width=&#8220;1\/1&#8243; mobile_order=&#8220;2&#8243;][vc_custom_heading heading_semantic=&#8220;h3&#8243; text_size=&#8220;h4&#8243; text_weight=&#8220;font-weight-bold&#8220;]Eine Spende kann erfolgen mittels:[\/vc_custom_heading][vc_single_image media=&#8220;78772&#8243; media_link=&#8220;url:https%3A%2F%2Fwww.paypal.com%2Fdonate%2F%3Fhosted_button_id%3D279EQSXK6LES6|target:_blank|rel:nofollow&#8220; media_width_pixel=&#8220;310px&#8220; el_class=&#8220;d-inline-block mt-adapt-3 mr-adapt-3 donations-cta&#8220;][\/vc_single_image][vc_single_image media=&#8220;78888&#8243; media_link=&#8220;url:https%3A%2F%2Fpinpay.pt%2FXxiHdkwvyu|target:_blank|rel:nofollow&#8220; media_width_pixel=&#8220;310px&#8220; el_class=&#8220;d-inline-block mt-adapt-3 donations-cta&#8220;][\/vc_single_image][\/vc_column][\/vc_row][vc_row unlock_row_content=&#8220;yes&#8220; row_height_percent=&#8220;0&#8243; override_padding=&#8220;yes&#8220; h_padding=&#8220;2&#8243; top_padding=&#8220;0&#8243; bottom_padding=&#8220;0&#8243; shift_y=&#8220;0&#8243; z_index=&#8220;0&#8243; back_color=&#8220;#b2c39d&#8220;][vc_column position_horizontal=&#8220;&#8220; position_vertical=&#8220;d-md-flex align-items-md-center&#8220; override_padding=&#8220;yes&#8220; column_padding=&#8220;4&#8243; mobile_width=&#8220;11&#8243; shift_x=&#8220;0&#8243; shift_y=&#8220;0&#8243; z_index=&#8220;0&#8243; width=&#8220;1\/2&#8243;][vc_custom_heading heading_semantic=&#8220;h4&#8243; text_size=&#8220;h4&#8243; text_weight=&#8220;font-weight-bold&#8220;]Wohin gelangt Ihre Spende?[\/vc_custom_heading][vc_column_text el_class=&#8220;mt-adapt-4&#8243;]<strong>Ihre Spende flie\u00dft genau in folgende Projekte:<\/strong><\/p>\n<ul>\n<li>Instandhaltung der Wander- und Radwege<\/li>\n<li>Verwaltung aller diesbez\u00fcglichen Informationen<\/li>\n<li>Entwicklung von Ideen zu Strategien und Politik f\u00fcr die Region<\/li>\n<li>Einbindung von Unternehmen und lokalen Kommunen<\/li>\n<li>Sensibilisierung und Aktionen in den Bereichen Umwelt und soziokulturelle Themen<\/li>\n<\/ul>\n<p>[\/vc_column_text][vc_btn display=&#8220;inline-block&#8220; btn_size=&#8220;button-big&#8220; css_animation=&#8220;alpha-anim&#8220; id=&#8220;ha11tvs36&#8243; el_class=&#8220;style-dark mt-adapt-4&#8243; link=&#8220;url:https%3A%2F%2Fblog.rotavicentina.miewstudio.com%2Fdonativo%2F|target:_blank|&#8220;]Weiterf\u00fchrender Artikel (EN)[\/vc_btn][\/vc_column][vc_column position_horizontal=&#8220;&#8220; back_image=&#8220;78824&#8243; mobile_visibility=&#8220;yes&#8220; mobile_width=&#8220;11&#8243; shift_x=&#8220;0&#8243; shift_y=&#8220;0&#8243; z_index=&#8220;0&#8243; width=&#8220;1\/2&#8243; mobile_height=&#8220;480px&#8220;][\/vc_column][\/vc_row][vc_row unlock_row_content=&#8220;yes&#8220; row_height_percent=&#8220;0&#8243; columns_gutter=&#8220;&#8220; override_padding=&#8220;yes&#8220; h_padding=&#8220;0&#8243; top_padding=&#8220;3&#8243; bottom_padding=&#8220;3&#8243; shift_y=&#8220;0&#8243; z_index=&#8220;0&#8243;][vc_column width=&#8220;1\/1&#8243;][vc_row_inner][vc_column_inner width=&#8220;1\/1&#8243;][vc_custom_heading heading_semantic=&#8220;h4&#8243; text_size=&#8220;h4&#8243; text_weight=&#8220;font-weight-bold&#8220;]Weitere M\u00f6glichkeiten, Rota Vicentina zu unterst\u00fctzen:[\/vc_custom_heading][\/vc_column_inner][\/vc_row_inner][vc_row_inner unlock_row_content=&#8220;&#8220; row_height_percent=&#8220;0&#8243; override_padding=&#8220;yes&#8220; h_padding=&#8220;0&#8243; top_padding=&#8220;0&#8243; bottom_padding=&#8220;0&#8243; shift_y=&#8220;0&#8243; z_index=&#8220;0&#8243;][vc_column_inner width=&#8220;1\/3&#8243;][vc_btn btn_size=&#8220;button-big&#8220; css_animation=&#8220;alpha-anim&#8220; link=&#8220;url:https%3A%2F%2Frotavicentina.miewstudio.com%2Fde%2Fwerden-sie-mitglied-von-rota-vicentina%2F|title:Werden%20Sie%20regul%C3%A4res%20Mitglied%20von%20Rota%20Vicentina|&#8220; id=&#8220;6ax8uq3bd&#8220; el_class=&#8220;w-100 mt-adapt-3&#8243;]Werden Sie Mitglied (als Unternehmen oder pers\u00f6nlich)[\/vc_btn][\/vc_column_inner][vc_column_inner width=&#8220;1\/3&#8243;][vc_btn btn_size=&#8220;button-big&#8220; css_animation=&#8220;alpha-anim&#8220; link=&#8220;url:https%3A%2F%2Frotavicentina.miewstudio.com%2Fde%2Fvolontariat%2F|title:Freiwilligenarbeit|&#8220; id=&#8220;6ax8uq3bx&#8220; el_class=&#8220;w-100 mt-adapt-3&#8243;]Werden Sie Volunt\u00e4r[\/vc_btn][\/vc_column_inner][vc_column_inner width=&#8220;1\/3&#8243;][vc_btn btn_size=&#8220;button-big&#8220; css_animation=&#8220;alpha-anim&#8220; link=&#8220;url:https%3A%2F%2Frotavicentina.miewstudio.com%2Fde%2Fkontaktiere-uns%2F|title:Patenschaft%20f%C3%BCr%20eine%20Wegstrecke|target:_blank|&#8220; id=&#8220;6ax8uq3bt&#8220; el_class=&#8220;w-100 mt-adapt-3&#8243;]Patenschaft f\u00fcr eine Wegstrecke[\/vc_btn][\/vc_column_inner][\/vc_row_inner][vc_row_inner unlock_row_content=&#8220;&#8220; row_height_percent=&#8220;0&#8243; override_padding=&#8220;yes&#8220; h_padding=&#8220;0&#8243; top_padding=&#8220;0&#8243; bottom_padding=&#8220;0&#8243; shift_y=&#8220;0&#8243; z_index=&#8220;0&#8243;][vc_column_inner width=&#8220;1\/3&#8243;][vc_btn btn_size=&#8220;button-big&#8220; css_animation=&#8220;alpha-anim&#8220; link=&#8220;url:https%3A%2F%2Fwww.tripadvisor.pt%2FUserReviewEdit-d3916619|title:Kontaktiere%20uns|target:_blank|&#8220; id=&#8220;6ax8uq3bd&#8220; el_class=&#8220;w-100 mt-adapt-3&#8243;]Teilen Sie uns Ihre Meinung mit[\/vc_btn][\/vc_column_inner][vc_column_inner width=&#8220;1\/3&#8243;][vc_btn btn_size=&#8220;button-big&#8220; css_animation=&#8220;alpha-anim&#8220; id=&#8220;6ax8uq3be&#8220; el_class=&#8220;w-100 mt-adapt-3&#8243; link=&#8220;url:https%3A%2F%2Frotavicentina.miewstudio.com%2Fde%2Fkontaktiere-uns%2F|target:_blank|&#8220;]Geben Sie uns Anregungen[\/vc_btn][\/vc_column_inner][vc_column_inner width=&#8220;1\/3&#8243;][vc_btn btn_size=&#8220;button-big&#8220; css_animation=&#8220;alpha-anim&#8220; id=&#8220;6ax8uq3be&#8220; el_class=&#8220;w-100 mt-adapt-3&#8243; link=&#8220;url:https%3A%2F%2Fmailchi.mp%2Frotavicentina%2Fsubscrever-neswletter-pt|title:Begleiten%20und%20Teilen|target:_blank|&#8220;]Begleiten und Teilen[\/vc_btn][\/vc_column_inner][\/vc_row_inner][\/vc_column][\/vc_row]<\/p>\n<\/div>","protected":false},"excerpt":{"rendered":"<p>[vc_row unlock_row_content=&#8220;&#8220; row_height_percent=&#8220;0&#8243; back_image=&#8220;78877&#8243; shift_y=&#8220;0&#8243; z_index=&#8220;0&#8243; row_height_pixel=&#8220;465px&#8220;][vc_column position_horizontal=&#8220;&#8220; position_vertical=&#8220;d-md-flex align-items-md-end&#8220; style=&#8220;dark&#8220; mobile_width=&#8220;11&#8243; shift_x=&#8220;0&#8243; shift_y=&#8220;0&#8243; z_index=&#8220;0&#8243; width=&#8220;1\/1&#8243;][vc_custom_heading auto_text=&#8220;yes&#8220; heading_semantic=&#8220;h1&#8243; text_size=&#8220;&#8220; el_class=&#8220;alternative-font big-title&#8220;]Spenden[\/vc_custom_heading][\/vc_column][\/vc_row][vc_row unlock_row_content=&#8220;&#8220; row_height_percent=&#8220;0&#8243; override_padding=&#8220;yes&#8220; h_padding=&#8220;0&#8243; top_padding=&#8220;4&#8243; bottom_padding=&#8220;0&#8243; shift_y=&#8220;0&#8243; z_index=&#8220;0&#8243;][vc_column position_horizontal=&#8220;&#8220; position_vertical=&#8220;d-md-flex align-items-md-center&#8220; mobile_width=&#8220;11&#8243; shift_x=&#8220;0&#8243; shift_y=&#8220;0&#8243; z_index=&#8220;0&#8243; width=&#8220;1\/1&#8243; mobile_order=&#8220;2&#8243;][vc_custom_heading css_animation=&#8220;alpha-anim&#8220; el_class=&#8220;title-stroked mt-adapt-3&#8243;]M\u00f6chten Sie die Initiativen der Vereinigung Rota Vicentina unterst\u00fctzen? Spenden Sie![\/vc_custom_heading][\/vc_column][\/vc_row][vc_row unlock_row_content=&#8220;&#8220; row_height_percent=&#8220;0&#8243; override_padding=&#8220;yes&#8220; h_padding=&#8220;0&#8243; [&hellip;]<\/p>\n","protected":false},"author":1,"featured_media":0,"parent":0,"menu_order":0,"comment_status":"closed","ping_status":"closed","template":"","meta":{"_acf_changed":false,"footnotes":""},"page-category":[],"class_list":["post-80490","page","type-page","status-publish","hentry"],"acf":[],"yoast_head":"<!-- This site is optimized with the Yoast SEO Premium plugin v19.5 (Yoast SEO v27.0) - https:\/\/yoast.com\/product\/yoast-seo-premium-wordpress\/ -->\n<title>Spenden - [STG] Rota Vicentina<\/title>\n<meta name=\"robots\" content=\"noindex, follow, max-snippet:-1, max-image-preview:large, max-video-preview:-1\" \/>\n<meta property=\"og:locale\" content=\"de_DE\" \/>\n<meta property=\"og:type\" content=\"article\" \/>\n<meta property=\"og:title\" content=\"Spenden - [STG] Rota Vicentina\" \/>\n<meta property=\"og:description\" content=\"[vc_row unlock_row_content=&#8220;&#8220; row_height_percent=&#8220;0&#8243; back_image=&#8220;78877&#8243; shift_y=&#8220;0&#8243; z_index=&#8220;0&#8243; row_height_pixel=&#8220;465px&#8220;][vc_column position_horizontal=&#8220;&#8220; position_vertical=&#8220;d-md-flex align-items-md-end&#8220; style=&#8220;dark&#8220; mobile_width=&#8220;11&#8243; shift_x=&#8220;0&#8243; shift_y=&#8220;0&#8243; z_index=&#8220;0&#8243; width=&#8220;1\/1&#8243;][vc_custom_heading auto_text=&#8220;yes&#8220; heading_semantic=&#8220;h1&#8243; text_size=&#8220;&#8220; el_class=&#8220;alternative-font big-title&#8220;]Spenden[\/vc_custom_heading][\/vc_column][\/vc_row][vc_row unlock_row_content=&#8220;&#8220; row_height_percent=&#8220;0&#8243; override_padding=&#8220;yes&#8220; h_padding=&#8220;0&#8243; top_padding=&#8220;4&#8243; bottom_padding=&#8220;0&#8243; shift_y=&#8220;0&#8243; z_index=&#8220;0&#8243;][vc_column position_horizontal=&#8220;&#8220; position_vertical=&#8220;d-md-flex align-items-md-center&#8220; mobile_width=&#8220;11&#8243; shift_x=&#8220;0&#8243; shift_y=&#8220;0&#8243; z_index=&#8220;0&#8243; width=&#8220;1\/1&#8243; mobile_order=&#8220;2&#8243;][vc_custom_heading css_animation=&#8220;alpha-anim&#8220; el_class=&#8220;title-stroked mt-adapt-3&#8243;]M\u00f6chten Sie die Initiativen der Vereinigung Rota Vicentina unterst\u00fctzen? Spenden Sie![\/vc_custom_heading][\/vc_column][\/vc_row][vc_row unlock_row_content=&#8220;&#8220; row_height_percent=&#8220;0&#8243; override_padding=&#8220;yes&#8220; h_padding=&#8220;0&#8243; [&hellip;]\" \/>\n<meta property=\"og:url\" content=\"https:\/\/rv-stg.fera.miewstudio.com\/de\/spenden\/\" \/>\n<meta property=\"og:site_name\" content=\"[STG] Rota Vicentina\" \/>\n<meta property=\"article:publisher\" content=\"https:\/\/www.facebook.com\/rotavicentina\" \/>\n<meta property=\"article:modified_time\" content=\"2025-09-02T10:55:14+00:00\" \/>\n<meta name=\"twitter:card\" content=\"summary_large_image\" \/>\n<meta name=\"twitter:site\" content=\"@RotaVicentina\" \/>\n<meta name=\"twitter:label1\" content=\"Gesch\u00e4tzte Lesezeit\" \/>\n\t<meta name=\"twitter:data1\" content=\"5\u00a0Minuten\" \/>\n<script type=\"application\/ld+json\" class=\"yoast-schema-graph\">{\"@context\":\"https:\/\/schema.org\",\"@graph\":[{\"@type\":\"WebPage\",\"@id\":\"https:\/\/rv-stg.fera.miewstudio.com\/de\/spenden\/\",\"url\":\"https:\/\/rv-stg.fera.miewstudio.com\/de\/spenden\/\",\"name\":\"Spenden - [STG] Rota Vicentina\",\"isPartOf\":{\"@id\":\"https:\/\/rv-stg.fera.miewstudio.com\/de\/#website\"},\"datePublished\":\"2022-12-05T09:04:09+00:00\",\"dateModified\":\"2025-09-02T10:55:14+00:00\",\"inLanguage\":\"de\",\"potentialAction\":[{\"@type\":\"ReadAction\",\"target\":[\"https:\/\/rv-stg.fera.miewstudio.com\/de\/spenden\/\"]}]},{\"@type\":\"WebSite\",\"@id\":\"https:\/\/rv-stg.fera.miewstudio.com\/de\/#website\",\"url\":\"https:\/\/rv-stg.fera.miewstudio.com\/de\/\",\"name\":\"[STG] Rota Vicentina\",\"description\":\"A p\u00e9 pelo Trilho dos Pescadores, Caminho Hist\u00f3rico ou Percursos Circulares ou v\u00e1 de bicicleta pelos mais de 1000km de Trilhos de Bicicleta na Rota Vicentina.\",\"publisher\":{\"@id\":\"https:\/\/rv-stg.fera.miewstudio.com\/de\/#organization\"},\"potentialAction\":[{\"@type\":\"SearchAction\",\"target\":{\"@type\":\"EntryPoint\",\"urlTemplate\":\"https:\/\/rv-stg.fera.miewstudio.com\/de\/?s={search_term_string}\"},\"query-input\":{\"@type\":\"PropertyValueSpecification\",\"valueRequired\":true,\"valueName\":\"search_term_string\"}}],\"inLanguage\":\"de\"},{\"@type\":\"Organization\",\"@id\":\"https:\/\/rv-stg.fera.miewstudio.com\/de\/#organization\",\"name\":\"[STG] Rota Vicentina\",\"url\":\"https:\/\/rv-stg.fera.miewstudio.com\/de\/\",\"logo\":{\"@type\":\"ImageObject\",\"inLanguage\":\"de\",\"@id\":\"https:\/\/rv-stg.fera.miewstudio.com\/de\/#\/schema\/logo\/image\/\",\"url\":\"https:\/\/rv-stg.fera.miewstudio.com\/wp-content\/uploads\/2023\/02\/Rota-Vicentina-SW-Portugal.jpg\",\"contentUrl\":\"https:\/\/rv-stg.fera.miewstudio.com\/wp-content\/uploads\/2023\/02\/Rota-Vicentina-SW-Portugal.jpg\",\"width\":\"852\",\"height\":\"480\",\"caption\":\"[STG] Rota Vicentina\"},\"image\":{\"@id\":\"https:\/\/rv-stg.fera.miewstudio.com\/de\/#\/schema\/logo\/image\/\"},\"sameAs\":[\"https:\/\/www.facebook.com\/rotavicentina\",\"https:\/\/x.com\/RotaVicentina\",\"https:\/\/www.instagram.com\/rotavicentina\/\",\"https:\/\/pt.linkedin.com\/company\/rota-vicentina\"]}]}<\/script>\n<!-- \/ Yoast SEO Premium plugin. -->","yoast_head_json":{"title":"Spenden - [STG] Rota Vicentina","robots":{"index":"noindex","follow":"follow","max-snippet":"max-snippet:-1","max-image-preview":"max-image-preview:large","max-video-preview":"max-video-preview:-1"},"og_locale":"de_DE","og_type":"article","og_title":"Spenden - [STG] Rota Vicentina","og_description":"[vc_row unlock_row_content=&#8220;&#8220; row_height_percent=&#8220;0&#8243; back_image=&#8220;78877&#8243; shift_y=&#8220;0&#8243; z_index=&#8220;0&#8243; row_height_pixel=&#8220;465px&#8220;][vc_column position_horizontal=&#8220;&#8220; position_vertical=&#8220;d-md-flex align-items-md-end&#8220; style=&#8220;dark&#8220; mobile_width=&#8220;11&#8243; shift_x=&#8220;0&#8243; shift_y=&#8220;0&#8243; z_index=&#8220;0&#8243; width=&#8220;1\/1&#8243;][vc_custom_heading auto_text=&#8220;yes&#8220; heading_semantic=&#8220;h1&#8243; text_size=&#8220;&#8220; el_class=&#8220;alternative-font big-title&#8220;]Spenden[\/vc_custom_heading][\/vc_column][\/vc_row][vc_row unlock_row_content=&#8220;&#8220; row_height_percent=&#8220;0&#8243; override_padding=&#8220;yes&#8220; h_padding=&#8220;0&#8243; top_padding=&#8220;4&#8243; bottom_padding=&#8220;0&#8243; shift_y=&#8220;0&#8243; z_index=&#8220;0&#8243;][vc_column position_horizontal=&#8220;&#8220; position_vertical=&#8220;d-md-flex align-items-md-center&#8220; mobile_width=&#8220;11&#8243; shift_x=&#8220;0&#8243; shift_y=&#8220;0&#8243; z_index=&#8220;0&#8243; width=&#8220;1\/1&#8243; mobile_order=&#8220;2&#8243;][vc_custom_heading css_animation=&#8220;alpha-anim&#8220; el_class=&#8220;title-stroked mt-adapt-3&#8243;]M\u00f6chten Sie die Initiativen der Vereinigung Rota Vicentina unterst\u00fctzen? Spenden Sie![\/vc_custom_heading][\/vc_column][\/vc_row][vc_row unlock_row_content=&#8220;&#8220; row_height_percent=&#8220;0&#8243; override_padding=&#8220;yes&#8220; h_padding=&#8220;0&#8243; [&hellip;]","og_url":"https:\/\/rv-stg.fera.miewstudio.com\/de\/spenden\/","og_site_name":"[STG] Rota Vicentina","article_publisher":"https:\/\/www.facebook.com\/rotavicentina","article_modified_time":"2025-09-02T10:55:14+00:00","twitter_card":"summary_large_image","twitter_site":"@RotaVicentina","twitter_misc":{"Gesch\u00e4tzte Lesezeit":"5\u00a0Minuten"},"schema":{"@context":"https:\/\/schema.org","@graph":[{"@type":"WebPage","@id":"https:\/\/rv-stg.fera.miewstudio.com\/de\/spenden\/","url":"https:\/\/rv-stg.fera.miewstudio.com\/de\/spenden\/","name":"Spenden - [STG] Rota Vicentina","isPartOf":{"@id":"https:\/\/rv-stg.fera.miewstudio.com\/de\/#website"},"datePublished":"2022-12-05T09:04:09+00:00","dateModified":"2025-09-02T10:55:14+00:00","inLanguage":"de","potentialAction":[{"@type":"ReadAction","target":["https:\/\/rv-stg.fera.miewstudio.com\/de\/spenden\/"]}]},{"@type":"WebSite","@id":"https:\/\/rv-stg.fera.miewstudio.com\/de\/#website","url":"https:\/\/rv-stg.fera.miewstudio.com\/de\/","name":"[STG] Rota Vicentina","description":"A p\u00e9 pelo Trilho dos Pescadores, Caminho Hist\u00f3rico ou Percursos Circulares ou v\u00e1 de bicicleta pelos mais de 1000km de Trilhos de Bicicleta na Rota Vicentina.","publisher":{"@id":"https:\/\/rv-stg.fera.miewstudio.com\/de\/#organization"},"potentialAction":[{"@type":"SearchAction","target":{"@type":"EntryPoint","urlTemplate":"https:\/\/rv-stg.fera.miewstudio.com\/de\/?s={search_term_string}"},"query-input":{"@type":"PropertyValueSpecification","valueRequired":true,"valueName":"search_term_string"}}],"inLanguage":"de"},{"@type":"Organization","@id":"https:\/\/rv-stg.fera.miewstudio.com\/de\/#organization","name":"[STG] Rota Vicentina","url":"https:\/\/rv-stg.fera.miewstudio.com\/de\/","logo":{"@type":"ImageObject","inLanguage":"de","@id":"https:\/\/rv-stg.fera.miewstudio.com\/de\/#\/schema\/logo\/image\/","url":"https:\/\/rv-stg.fera.miewstudio.com\/wp-content\/uploads\/2023\/02\/Rota-Vicentina-SW-Portugal.jpg","contentUrl":"https:\/\/rv-stg.fera.miewstudio.com\/wp-content\/uploads\/2023\/02\/Rota-Vicentina-SW-Portugal.jpg","width":"852","height":"480","caption":"[STG] Rota Vicentina"},"image":{"@id":"https:\/\/rv-stg.fera.miewstudio.com\/de\/#\/schema\/logo\/image\/"},"sameAs":["https:\/\/www.facebook.com\/rotavicentina","https:\/\/x.com\/RotaVicentina","https:\/\/www.instagram.com\/rotavicentina\/","https:\/\/pt.linkedin.com\/company\/rota-vicentina"]}]}},"_links":{"self":[{"href":"https:\/\/rv-stg.fera.miewstudio.com\/de\/wp-json\/wp\/v2\/pages\/80490","targetHints":{"allow":["GET"]}}],"collection":[{"href":"https:\/\/rv-stg.fera.miewstudio.com\/de\/wp-json\/wp\/v2\/pages"}],"about":[{"href":"https:\/\/rv-stg.fera.miewstudio.com\/de\/wp-json\/wp\/v2\/types\/page"}],"author":[{"embeddable":true,"href":"https:\/\/rv-stg.fera.miewstudio.com\/de\/wp-json\/wp\/v2\/users\/1"}],"replies":[{"embeddable":true,"href":"https:\/\/rv-stg.fera.miewstudio.com\/de\/wp-json\/wp\/v2\/comments?post=80490"}],"version-history":[{"count":0,"href":"https:\/\/rv-stg.fera.miewstudio.com\/de\/wp-json\/wp\/v2\/pages\/80490\/revisions"}],"wp:attachment":[{"href":"https:\/\/rv-stg.fera.miewstudio.com\/de\/wp-json\/wp\/v2\/media?parent=80490"}],"wp:term":[{"taxonomy":"page-category","embeddable":true,"href":"https:\/\/rv-stg.fera.miewstudio.com\/de\/wp-json\/wp\/v2\/page-category?post=80490"}],"curies":[{"name":"wp","href":"https:\/\/api.w.org\/{rel}","templated":true}]}}