{"id":80481,"date":"2022-11-29T12:31:17","date_gmt":"2022-11-29T12:31:17","guid":{"rendered":"https:\/\/rotavicentina.miewstudio.com\/schutz-der-umwelt\/"},"modified":"2023-01-17T12:31:46","modified_gmt":"2023-01-17T12:31:46","slug":"schutz-der-umwelt","status":"publish","type":"page","link":"https:\/\/rv-stg.fera.miewstudio.com\/de\/schutz-der-umwelt\/","title":{"rendered":"Schutz der Umwelt"},"content":{"rendered":"<div class=\"wpb-content-wrapper\"><p>[vc_row unlock_row_content=&#8220;&#8220; row_height_percent=&#8220;0&#8243; back_image=&#8220;79551&#8243; shift_y=&#8220;0&#8243; z_index=&#8220;0&#8243; row_height_pixel=&#8220;465px&#8220;][vc_column position_horizontal=&#8220;&#8220; position_vertical=&#8220;d-md-flex align-items-md-end&#8220; style=&#8220;dark&#8220; mobile_width=&#8220;11&#8243; shift_x=&#8220;0&#8243; shift_y=&#8220;0&#8243; z_index=&#8220;0&#8243; width=&#8220;1\/1&#8243;][vc_custom_heading auto_text=&#8220;yes&#8220; heading_semantic=&#8220;h1&#8243; text_size=&#8220;&#8220; el_class=&#8220;alternative-font big-title&#8220;]Schutz der Umwelt[\/vc_custom_heading][\/vc_column][\/vc_row][vc_row unlock_row_content=&#8220;&#8220; row_height_percent=&#8220;0&#8243; override_padding=&#8220;yes&#8220; h_padding=&#8220;0&#8243; top_padding=&#8220;4&#8243; bottom_padding=&#8220;4&#8243; shift_y=&#8220;0&#8243; z_index=&#8220;0&#8243;][vc_column position_horizontal=&#8220;&#8220; position_vertical=&#8220;d-md-flex align-items-md-center&#8220; mobile_width=&#8220;11&#8243; shift_x=&#8220;0&#8243; shift_y=&#8220;0&#8243; z_index=&#8220;0&#8243; width=&#8220;5\/12&#8243;][vc_single_image media_div=&#8220;svginline&#8220; media=&#8220;73682&#8243; css_animation=&#8220;alpha-anim&#8220; media_width_pixel=&#8220;60px&#8220;][\/vc_single_image][vc_custom_heading css_animation=&#8220;alpha-anim&#8220; el_class=&#8220;title-stroked mt-adapt-3&#8243;]\u201eWer liebt, <del><ins>sorgt sich<\/ins><\/del>\u201d[\/vc_custom_heading][vc_column_text css_animation=&#8220;alpha-anim&#8220; el_class=&#8220;mt-adapt-5&#8243;]Es gibt 110 km wilde K\u00fcste und etwa 75.000 Hektar gesch\u00fctztes Gebiet, die Teil des Naturparks S\u00fcdwest-Alentejo und Vicentina-K\u00fcste sind und eine F\u00fclle einzigartiger Lebensr\u00e4ume und Arten aufweisen.<\/p>\n<p>Den Reichtum dieser Region zu erfassen und zu sch\u00fctzen, ist Teil des Auftrags der Vereinigung Rota Vicentina.<\/p>\n<p>Die Erf\u00fcllung dieses Auftrags gelingt nur dank der Hilfe von Fischern, J\u00e4gern, Sponsoren, Freiwilligen, Biologen, Geologen, \u00f6rtlichen Naturf\u00fchrern und einer ganzen Gemeinschaft, die durch die Liebe zu diesem Land vereint ist.[\/vc_column_text][\/vc_column][vc_column position_horizontal=&#8220;&#8220; mobile_visibility=&#8220;yes&#8220; mobile_width=&#8220;11&#8243; shift_x=&#8220;0&#8243; shift_y=&#8220;0&#8243; z_index=&#8220;0&#8243; width=&#8220;1\/12&#8243;][\/vc_column][vc_column position_horizontal=&#8220;&#8220; position_vertical=&#8220;d-md-flex align-items-md-center&#8220; mobile_width=&#8220;11&#8243; shift_x=&#8220;0&#8243; shift_y=&#8220;0&#8243; z_index=&#8220;0&#8243; css_animation=&#8220;alpha-anim&#8220; width=&#8220;1\/2&#8243;][vc_video controls=&#8220;yes&#8220; muted=&#8220;yes&#8220; autoplay=&#8220;yes&#8220; video_link=&#8220;https:\/\/youtu.be\/MXiDugzMvLc&#8220; el_class=&#8220;mt-adapt-4 mb-adapt-4&#8243;][\/vc_column][\/vc_row][vc_row unlock_row_content=&#8220;&#8220; row_height_percent=&#8220;0&#8243; columns_gutter=&#8220;&#8220; override_padding=&#8220;yes&#8220; h_padding=&#8220;0&#8243; top_padding=&#8220;0&#8243; bottom_padding=&#8220;0&#8243; shift_y=&#8220;0&#8243; z_index=&#8220;0&#8243; el_class=&#8220;mb-adapt-8 mb-adapt-md-0&#8243;][vc_column position_horizontal=&#8220;&#8220; position_vertical=&#8220;d-md-flex align-items-md-center&#8220; mobile_width=&#8220;11&#8243; shift_x=&#8220;0&#8243; shift_y=&#8220;0&#8243; z_index=&#8220;0&#8243; width=&#8220;5\/12&#8243; mobile_order=&#8220;2&#8243; el_class=&#8220;pt-adapt-4 pb-adapt-4&#8243;][vc_custom_heading heading_semantic=&#8220;h3&#8243; text_size=&#8220;h3&#8243; css_animation=&#8220;alpha-anim&#8220; el_class=&#8220;title-stroked mt-adapt-3&#8243;]Aktivit\u00e4ten zur Erhaltung der Natur[\/vc_custom_heading][vc_column_text css_animation=&#8220;alpha-anim&#8220; el_class=&#8220;mt-adapt-4&#8243;]Von 2018 bis 2020 beteiligte sich Rota Vicentina am Pionierprojekt <strong>\u201eLife Volunteer Escapes\u201c<\/strong>in Portugal. Im Rahmen dieses Projekts mobilisierten wir mehr als 5 Freiwillige, die bei verschiedenen Naturschutzaktionen mitarbeiten, insbesondere in Gebieten des Natura-2000-Netzwerks.<\/p>\n<p>Wir haben die ersten Schritte eines Pilotprojekts zur Kontrolle invasiver Arten entlang des <a href=\"https:\/\/rv-stg.fera.miewstudio.com\/trilho-dos-pescadores\/\"><strong>Fischerpfads<\/strong><\/a> mit Hilfe von Freiwilligen unternommen, die im Rahmen dieses Projekts rekrutiert wurden, sowie der unsch\u00e4tzbaren Unterst\u00fctzung unseres Netzwerks von Sponsoren und lokalen Freiwilligen![\/vc_column_text][vc_btn display=&#8220;inline-block&#8220; btn_size=&#8220;button-big&#8220; css_animation=&#8220;alpha-anim&#8220; link=&#8220;url:https%3A%2F%2Fblog.rotavicentina.miewstudio.com%2Ftag%2Fcorpo-europeu-de-solidariedade%2F|title:Formular%20f%C3%BCr%20Volontariat|&#8220; id=&#8220;sbn9vmg0v&#8220; el_class=&#8220;mt-adapt-4&#8243;]Mehr erfahren[\/vc_btn][\/vc_column][vc_column position_horizontal=&#8220;&#8220; mobile_visibility=&#8220;yes&#8220; mobile_width=&#8220;11&#8243; shift_x=&#8220;0&#8243; shift_y=&#8220;0&#8243; z_index=&#8220;0&#8243; width=&#8220;1\/12&#8243;][\/vc_column][vc_column position_horizontal=&#8220;&#8220; position_vertical=&#8220;d-md-flex align-items-md-center&#8220; mobile_width=&#8220;11&#8243; shift_x=&#8220;0&#8243; shift_y=&#8220;0&#8243; z_index=&#8220;0&#8243; width=&#8220;1\/2&#8243; mobile_order=&#8220;1&#8243;][vc_video video_link=&#8220;https:\/\/youtu.be\/WfbXUkrAGCU&#8220;][\/vc_column][\/vc_row][vc_row unlock_row_content=&#8220;&#8220; row_height_percent=&#8220;0&#8243; columns_gutter=&#8220;&#8220; override_padding=&#8220;yes&#8220; h_padding=&#8220;0&#8243; top_padding=&#8220;0&#8243; bottom_padding=&#8220;0&#8243; shift_y=&#8220;0&#8243; z_index=&#8220;0&#8243; el_class=&#8220;mb-adapt-8 mb-adapt-md-0&#8243;][vc_column position_horizontal=&#8220;&#8220; position_vertical=&#8220;d-md-flex align-items-md-center&#8220; mobile_width=&#8220;11&#8243; shift_x=&#8220;0&#8243; shift_y=&#8220;0&#8243; z_index=&#8220;0&#8243; width=&#8220;1\/2&#8243; mobile_order=&#8220;1&#8243;][vc_single_image media_div=&#8220;background&#8220; media=&#8220;79110&#8243; css_animation=&#8220;masked&#8220;][\/vc_single_image][\/vc_column][vc_column position_horizontal=&#8220;&#8220; mobile_visibility=&#8220;yes&#8220; mobile_width=&#8220;11&#8243; shift_x=&#8220;0&#8243; shift_y=&#8220;0&#8243; z_index=&#8220;0&#8243; width=&#8220;1\/12&#8243;][\/vc_column][vc_column position_horizontal=&#8220;&#8220; position_vertical=&#8220;d-md-flex align-items-md-center&#8220; mobile_width=&#8220;11&#8243; shift_x=&#8220;0&#8243; shift_y=&#8220;0&#8243; z_index=&#8220;0&#8243; width=&#8220;5\/12&#8243; mobile_order=&#8220;2&#8243; el_class=&#8220;pt-adapt-4 pb-adapt-4&#8243;][vc_custom_heading heading_semantic=&#8220;h3&#8243; text_size=&#8220;h3&#8243; css_animation=&#8220;alpha-anim&#8220; el_class=&#8220;title-stroked mt-adapt-3&#8243;]Sensibilisierung f\u00fcr die Umwelt[\/vc_custom_heading][vc_column_text css_animation=&#8220;alpha-anim&#8220; el_class=&#8220;mt-adapt-4&#8243;]Die St\u00e4rke von Rota Vicentina liegt auch in ihrem Potenzial f\u00fcr Umwelt-Sensibilisierung, die das gesamte Projekt mehr oder weniger offensichtlich begleitet hat.<\/p>\n<p>Engagement gegen die Erd\u00f6l-F\u00f6rderung und Intensiv-Landwirtschaft, Strands\u00e4uberungen, Ausfl\u00fcge mit Schulen, Pr\u00e4senz auf lokalen Messen und Umwelterziehung sind einige Beispiele, die dank der Unterst\u00fctzung unserer Freiwilligen zugenommen haben.[\/vc_column_text][vc_btn display=&#8220;inline-block&#8220; btn_size=&#8220;button-big&#8220; css_animation=&#8220;alpha-anim&#8220; link=&#8220;url:https%3A%2F%2Fblog.rotavicentina.miewstudio.com%2Ftag%2Fsensibilizacao%2F|title:Formular%20f%C3%BCr%20Volontariat|&#8220; id=&#8220;sbn9vmg0v&#8220; el_class=&#8220;mt-adapt-4&#8243;]Mehr erfahren[\/vc_btn][\/vc_column][\/vc_row][vc_row unlock_row_content=&#8220;&#8220; row_height_percent=&#8220;0&#8243; columns_gutter=&#8220;&#8220; override_padding=&#8220;yes&#8220; h_padding=&#8220;0&#8243; top_padding=&#8220;0&#8243; bottom_padding=&#8220;0&#8243; shift_y=&#8220;0&#8243; z_index=&#8220;0&#8243; el_class=&#8220;mb-adapt-8 mb-adapt-md-0&#8243;][vc_column position_horizontal=&#8220;&#8220; position_vertical=&#8220;d-md-flex align-items-md-center&#8220; mobile_width=&#8220;11&#8243; shift_x=&#8220;0&#8243; shift_y=&#8220;0&#8243; z_index=&#8220;0&#8243; width=&#8220;5\/12&#8243; mobile_order=&#8220;2&#8243; el_class=&#8220;pt-adapt-4 pb-adapt-4&#8243;][vc_custom_heading heading_semantic=&#8220;h3&#8243; text_size=&#8220;h3&#8243; css_animation=&#8220;alpha-anim&#8220; el_class=&#8220;title-stroked mt-adapt-3&#8243;]Einfluss[\/vc_custom_heading][vc_column_text css_animation=&#8220;alpha-anim&#8220; el_class=&#8220;mt-adapt-4&#8243;]Im Jahr 2013 wurde die erste Umweltvertr\u00e4glichkeitsstudie f\u00fcr die Rota Vicentina durchgef\u00fchrt.<\/p>\n<p>Im Jahr 2013 wurde die erste Umweltvertr\u00e4glichkeitsstudie f\u00fcr die Rota Vicentina durchgef\u00fchrt. Im Jahr 2017 wurde diese Erhebung durch Daten aus automatischen Messger\u00e4ten und Befragungen von Wanderern erg\u00e4nzt, die von Hunderten von Freiwilligen vor Ort durchgef\u00fchrt wurden.<\/p>\n<p>Im Jahr 2022 hat sie die verschiedenen Auswirkungen des Tourismus auf diese Region erneut ermittelt.[\/vc_column_text][vc_btn display=&#8220;inline-block&#8220; btn_size=&#8220;button-big&#8220; css_animation=&#8220;alpha-anim&#8220; link=&#8220;url:https%3A%2F%2Frotavicentina.miewstudio.com%2Fimpacto-na-regiao%2F|title:Einfluss|&#8220; id=&#8220;sbn9vmg0v&#8220; el_class=&#8220;mt-adapt-4&#8243;]Mehr erfahren[\/vc_btn][\/vc_column][vc_column position_horizontal=&#8220;&#8220; mobile_visibility=&#8220;yes&#8220; mobile_width=&#8220;11&#8243; shift_x=&#8220;0&#8243; shift_y=&#8220;0&#8243; z_index=&#8220;0&#8243; width=&#8220;1\/12&#8243;][\/vc_column][vc_column position_horizontal=&#8220;&#8220; position_vertical=&#8220;d-md-flex align-items-md-center&#8220; mobile_width=&#8220;11&#8243; shift_x=&#8220;0&#8243; shift_y=&#8220;0&#8243; z_index=&#8220;0&#8243; width=&#8220;1\/2&#8243; mobile_order=&#8220;1&#8243;][vc_single_image media_div=&#8220;background&#8220; media=&#8220;79106&#8243; css_animation=&#8220;masked&#8220;][\/vc_single_image][\/vc_column][\/vc_row][vc_row][vc_column width=&#8220;1\/1&#8243;][miew_block id=&#8220;126&#8243;][\/vc_column][\/vc_row]<\/p>\n<\/div>","protected":false},"excerpt":{"rendered":"<p>[vc_row unlock_row_content=&#8220;&#8220; row_height_percent=&#8220;0&#8243; back_image=&#8220;79551&#8243; shift_y=&#8220;0&#8243; z_index=&#8220;0&#8243; row_height_pixel=&#8220;465px&#8220;][vc_column position_horizontal=&#8220;&#8220; position_vertical=&#8220;d-md-flex align-items-md-end&#8220; style=&#8220;dark&#8220; mobile_width=&#8220;11&#8243; shift_x=&#8220;0&#8243; shift_y=&#8220;0&#8243; z_index=&#8220;0&#8243; width=&#8220;1\/1&#8243;][vc_custom_heading auto_text=&#8220;yes&#8220; heading_semantic=&#8220;h1&#8243; text_size=&#8220;&#8220; el_class=&#8220;alternative-font big-title&#8220;]Schutz der Umwelt[\/vc_custom_heading][\/vc_column][\/vc_row][vc_row unlock_row_content=&#8220;&#8220; row_height_percent=&#8220;0&#8243; override_padding=&#8220;yes&#8220; h_padding=&#8220;0&#8243; top_padding=&#8220;4&#8243; bottom_padding=&#8220;4&#8243; shift_y=&#8220;0&#8243; z_index=&#8220;0&#8243;][vc_column position_horizontal=&#8220;&#8220; position_vertical=&#8220;d-md-flex align-items-md-center&#8220; mobile_width=&#8220;11&#8243; shift_x=&#8220;0&#8243; shift_y=&#8220;0&#8243; z_index=&#8220;0&#8243; width=&#8220;5\/12&#8243;][vc_single_image media_div=&#8220;svginline&#8220; media=&#8220;73682&#8243; css_animation=&#8220;alpha-anim&#8220; media_width_pixel=&#8220;60px&#8220;][\/vc_single_image][vc_custom_heading css_animation=&#8220;alpha-anim&#8220; el_class=&#8220;title-stroked mt-adapt-3&#8243;]\u201eWer liebt, sorgt sich\u201d[\/vc_custom_heading][vc_column_text css_animation=&#8220;alpha-anim&#8220; el_class=&#8220;mt-adapt-5&#8243;]Es gibt 110 km wilde [&hellip;]<\/p>\n","protected":false},"author":1,"featured_media":0,"parent":0,"menu_order":0,"comment_status":"closed","ping_status":"closed","template":"","meta":{"_acf_changed":false,"footnotes":""},"page-category":[],"class_list":["post-80481","page","type-page","status-publish","hentry"],"acf":[],"yoast_head":"<!-- This site is optimized with the Yoast SEO Premium plugin v19.5 (Yoast SEO v27.0) - https:\/\/yoast.com\/product\/yoast-seo-premium-wordpress\/ -->\n<title>Schutz der Umwelt - [STG] Rota Vicentina<\/title>\n<meta name=\"robots\" content=\"noindex, follow, max-snippet:-1, max-image-preview:large, max-video-preview:-1\" \/>\n<meta property=\"og:locale\" content=\"de_DE\" \/>\n<meta property=\"og:type\" content=\"article\" \/>\n<meta property=\"og:title\" content=\"Schutz der Umwelt - [STG] Rota Vicentina\" \/>\n<meta property=\"og:description\" content=\"[vc_row unlock_row_content=&#8220;&#8220; row_height_percent=&#8220;0&#8243; back_image=&#8220;79551&#8243; shift_y=&#8220;0&#8243; z_index=&#8220;0&#8243; row_height_pixel=&#8220;465px&#8220;][vc_column position_horizontal=&#8220;&#8220; position_vertical=&#8220;d-md-flex align-items-md-end&#8220; style=&#8220;dark&#8220; mobile_width=&#8220;11&#8243; shift_x=&#8220;0&#8243; shift_y=&#8220;0&#8243; z_index=&#8220;0&#8243; width=&#8220;1\/1&#8243;][vc_custom_heading auto_text=&#8220;yes&#8220; heading_semantic=&#8220;h1&#8243; text_size=&#8220;&#8220; el_class=&#8220;alternative-font big-title&#8220;]Schutz der Umwelt[\/vc_custom_heading][\/vc_column][\/vc_row][vc_row unlock_row_content=&#8220;&#8220; row_height_percent=&#8220;0&#8243; override_padding=&#8220;yes&#8220; h_padding=&#8220;0&#8243; top_padding=&#8220;4&#8243; bottom_padding=&#8220;4&#8243; shift_y=&#8220;0&#8243; z_index=&#8220;0&#8243;][vc_column position_horizontal=&#8220;&#8220; position_vertical=&#8220;d-md-flex align-items-md-center&#8220; mobile_width=&#8220;11&#8243; shift_x=&#8220;0&#8243; shift_y=&#8220;0&#8243; z_index=&#8220;0&#8243; width=&#8220;5\/12&#8243;][vc_single_image media_div=&#8220;svginline&#8220; media=&#8220;73682&#8243; css_animation=&#8220;alpha-anim&#8220; media_width_pixel=&#8220;60px&#8220;][\/vc_single_image][vc_custom_heading css_animation=&#8220;alpha-anim&#8220; el_class=&#8220;title-stroked mt-adapt-3&#8243;]\u201eWer liebt, sorgt sich\u201d[\/vc_custom_heading][vc_column_text css_animation=&#8220;alpha-anim&#8220; el_class=&#8220;mt-adapt-5&#8243;]Es gibt 110 km wilde [&hellip;]\" \/>\n<meta property=\"og:url\" content=\"https:\/\/rv-stg.fera.miewstudio.com\/de\/schutz-der-umwelt\/\" \/>\n<meta property=\"og:site_name\" content=\"[STG] Rota Vicentina\" \/>\n<meta property=\"article:publisher\" content=\"https:\/\/www.facebook.com\/rotavicentina\" \/>\n<meta property=\"article:modified_time\" content=\"2023-01-17T12:31:46+00:00\" \/>\n<meta name=\"twitter:card\" content=\"summary_large_image\" \/>\n<meta name=\"twitter:site\" content=\"@RotaVicentina\" \/>\n<meta name=\"twitter:label1\" content=\"Gesch\u00e4tzte Lesezeit\" \/>\n\t<meta name=\"twitter:data1\" content=\"5\u00a0Minuten\" \/>\n<script type=\"application\/ld+json\" class=\"yoast-schema-graph\">{\"@context\":\"https:\/\/schema.org\",\"@graph\":[{\"@type\":\"WebPage\",\"@id\":\"https:\/\/rv-stg.fera.miewstudio.com\/de\/schutz-der-umwelt\/\",\"url\":\"https:\/\/rv-stg.fera.miewstudio.com\/de\/schutz-der-umwelt\/\",\"name\":\"Schutz der Umwelt - [STG] Rota Vicentina\",\"isPartOf\":{\"@id\":\"https:\/\/rv-stg.fera.miewstudio.com\/de\/#website\"},\"datePublished\":\"2022-11-29T12:31:17+00:00\",\"dateModified\":\"2023-01-17T12:31:46+00:00\",\"inLanguage\":\"de\",\"potentialAction\":[{\"@type\":\"ReadAction\",\"target\":[\"https:\/\/rv-stg.fera.miewstudio.com\/de\/schutz-der-umwelt\/\"]}]},{\"@type\":\"WebSite\",\"@id\":\"https:\/\/rv-stg.fera.miewstudio.com\/de\/#website\",\"url\":\"https:\/\/rv-stg.fera.miewstudio.com\/de\/\",\"name\":\"[STG] Rota Vicentina\",\"description\":\"A p\u00e9 pelo Trilho dos Pescadores, Caminho Hist\u00f3rico ou Percursos Circulares ou v\u00e1 de bicicleta pelos mais de 1000km de Trilhos de Bicicleta na Rota Vicentina.\",\"publisher\":{\"@id\":\"https:\/\/rv-stg.fera.miewstudio.com\/de\/#organization\"},\"potentialAction\":[{\"@type\":\"SearchAction\",\"target\":{\"@type\":\"EntryPoint\",\"urlTemplate\":\"https:\/\/rv-stg.fera.miewstudio.com\/de\/?s={search_term_string}\"},\"query-input\":{\"@type\":\"PropertyValueSpecification\",\"valueRequired\":true,\"valueName\":\"search_term_string\"}}],\"inLanguage\":\"de\"},{\"@type\":\"Organization\",\"@id\":\"https:\/\/rv-stg.fera.miewstudio.com\/de\/#organization\",\"name\":\"[STG] Rota Vicentina\",\"url\":\"https:\/\/rv-stg.fera.miewstudio.com\/de\/\",\"logo\":{\"@type\":\"ImageObject\",\"inLanguage\":\"de\",\"@id\":\"https:\/\/rv-stg.fera.miewstudio.com\/de\/#\/schema\/logo\/image\/\",\"url\":\"https:\/\/rv-stg.fera.miewstudio.com\/wp-content\/uploads\/2023\/02\/Rota-Vicentina-SW-Portugal.jpg\",\"contentUrl\":\"https:\/\/rv-stg.fera.miewstudio.com\/wp-content\/uploads\/2023\/02\/Rota-Vicentina-SW-Portugal.jpg\",\"width\":\"852\",\"height\":\"480\",\"caption\":\"[STG] Rota Vicentina\"},\"image\":{\"@id\":\"https:\/\/rv-stg.fera.miewstudio.com\/de\/#\/schema\/logo\/image\/\"},\"sameAs\":[\"https:\/\/www.facebook.com\/rotavicentina\",\"https:\/\/x.com\/RotaVicentina\",\"https:\/\/www.instagram.com\/rotavicentina\/\",\"https:\/\/pt.linkedin.com\/company\/rota-vicentina\"]}]}<\/script>\n<!-- \/ Yoast SEO Premium plugin. -->","yoast_head_json":{"title":"Schutz der Umwelt - [STG] Rota Vicentina","robots":{"index":"noindex","follow":"follow","max-snippet":"max-snippet:-1","max-image-preview":"max-image-preview:large","max-video-preview":"max-video-preview:-1"},"og_locale":"de_DE","og_type":"article","og_title":"Schutz der Umwelt - [STG] Rota Vicentina","og_description":"[vc_row unlock_row_content=&#8220;&#8220; row_height_percent=&#8220;0&#8243; back_image=&#8220;79551&#8243; shift_y=&#8220;0&#8243; z_index=&#8220;0&#8243; row_height_pixel=&#8220;465px&#8220;][vc_column position_horizontal=&#8220;&#8220; position_vertical=&#8220;d-md-flex align-items-md-end&#8220; style=&#8220;dark&#8220; mobile_width=&#8220;11&#8243; shift_x=&#8220;0&#8243; shift_y=&#8220;0&#8243; z_index=&#8220;0&#8243; width=&#8220;1\/1&#8243;][vc_custom_heading auto_text=&#8220;yes&#8220; heading_semantic=&#8220;h1&#8243; text_size=&#8220;&#8220; el_class=&#8220;alternative-font big-title&#8220;]Schutz der Umwelt[\/vc_custom_heading][\/vc_column][\/vc_row][vc_row unlock_row_content=&#8220;&#8220; row_height_percent=&#8220;0&#8243; override_padding=&#8220;yes&#8220; h_padding=&#8220;0&#8243; top_padding=&#8220;4&#8243; bottom_padding=&#8220;4&#8243; shift_y=&#8220;0&#8243; z_index=&#8220;0&#8243;][vc_column position_horizontal=&#8220;&#8220; position_vertical=&#8220;d-md-flex align-items-md-center&#8220; mobile_width=&#8220;11&#8243; shift_x=&#8220;0&#8243; shift_y=&#8220;0&#8243; z_index=&#8220;0&#8243; width=&#8220;5\/12&#8243;][vc_single_image media_div=&#8220;svginline&#8220; media=&#8220;73682&#8243; css_animation=&#8220;alpha-anim&#8220; media_width_pixel=&#8220;60px&#8220;][\/vc_single_image][vc_custom_heading css_animation=&#8220;alpha-anim&#8220; el_class=&#8220;title-stroked mt-adapt-3&#8243;]\u201eWer liebt, sorgt sich\u201d[\/vc_custom_heading][vc_column_text css_animation=&#8220;alpha-anim&#8220; el_class=&#8220;mt-adapt-5&#8243;]Es gibt 110 km wilde [&hellip;]","og_url":"https:\/\/rv-stg.fera.miewstudio.com\/de\/schutz-der-umwelt\/","og_site_name":"[STG] Rota Vicentina","article_publisher":"https:\/\/www.facebook.com\/rotavicentina","article_modified_time":"2023-01-17T12:31:46+00:00","twitter_card":"summary_large_image","twitter_site":"@RotaVicentina","twitter_misc":{"Gesch\u00e4tzte Lesezeit":"5\u00a0Minuten"},"schema":{"@context":"https:\/\/schema.org","@graph":[{"@type":"WebPage","@id":"https:\/\/rv-stg.fera.miewstudio.com\/de\/schutz-der-umwelt\/","url":"https:\/\/rv-stg.fera.miewstudio.com\/de\/schutz-der-umwelt\/","name":"Schutz der Umwelt - [STG] Rota Vicentina","isPartOf":{"@id":"https:\/\/rv-stg.fera.miewstudio.com\/de\/#website"},"datePublished":"2022-11-29T12:31:17+00:00","dateModified":"2023-01-17T12:31:46+00:00","inLanguage":"de","potentialAction":[{"@type":"ReadAction","target":["https:\/\/rv-stg.fera.miewstudio.com\/de\/schutz-der-umwelt\/"]}]},{"@type":"WebSite","@id":"https:\/\/rv-stg.fera.miewstudio.com\/de\/#website","url":"https:\/\/rv-stg.fera.miewstudio.com\/de\/","name":"[STG] Rota Vicentina","description":"A p\u00e9 pelo Trilho dos Pescadores, Caminho Hist\u00f3rico ou Percursos Circulares ou v\u00e1 de bicicleta pelos mais de 1000km de Trilhos de Bicicleta na Rota Vicentina.","publisher":{"@id":"https:\/\/rv-stg.fera.miewstudio.com\/de\/#organization"},"potentialAction":[{"@type":"SearchAction","target":{"@type":"EntryPoint","urlTemplate":"https:\/\/rv-stg.fera.miewstudio.com\/de\/?s={search_term_string}"},"query-input":{"@type":"PropertyValueSpecification","valueRequired":true,"valueName":"search_term_string"}}],"inLanguage":"de"},{"@type":"Organization","@id":"https:\/\/rv-stg.fera.miewstudio.com\/de\/#organization","name":"[STG] Rota Vicentina","url":"https:\/\/rv-stg.fera.miewstudio.com\/de\/","logo":{"@type":"ImageObject","inLanguage":"de","@id":"https:\/\/rv-stg.fera.miewstudio.com\/de\/#\/schema\/logo\/image\/","url":"https:\/\/rv-stg.fera.miewstudio.com\/wp-content\/uploads\/2023\/02\/Rota-Vicentina-SW-Portugal.jpg","contentUrl":"https:\/\/rv-stg.fera.miewstudio.com\/wp-content\/uploads\/2023\/02\/Rota-Vicentina-SW-Portugal.jpg","width":"852","height":"480","caption":"[STG] Rota Vicentina"},"image":{"@id":"https:\/\/rv-stg.fera.miewstudio.com\/de\/#\/schema\/logo\/image\/"},"sameAs":["https:\/\/www.facebook.com\/rotavicentina","https:\/\/x.com\/RotaVicentina","https:\/\/www.instagram.com\/rotavicentina\/","https:\/\/pt.linkedin.com\/company\/rota-vicentina"]}]}},"_links":{"self":[{"href":"https:\/\/rv-stg.fera.miewstudio.com\/de\/wp-json\/wp\/v2\/pages\/80481","targetHints":{"allow":["GET"]}}],"collection":[{"href":"https:\/\/rv-stg.fera.miewstudio.com\/de\/wp-json\/wp\/v2\/pages"}],"about":[{"href":"https:\/\/rv-stg.fera.miewstudio.com\/de\/wp-json\/wp\/v2\/types\/page"}],"author":[{"embeddable":true,"href":"https:\/\/rv-stg.fera.miewstudio.com\/de\/wp-json\/wp\/v2\/users\/1"}],"replies":[{"embeddable":true,"href":"https:\/\/rv-stg.fera.miewstudio.com\/de\/wp-json\/wp\/v2\/comments?post=80481"}],"version-history":[{"count":0,"href":"https:\/\/rv-stg.fera.miewstudio.com\/de\/wp-json\/wp\/v2\/pages\/80481\/revisions"}],"wp:attachment":[{"href":"https:\/\/rv-stg.fera.miewstudio.com\/de\/wp-json\/wp\/v2\/media?parent=80481"}],"wp:term":[{"taxonomy":"page-category","embeddable":true,"href":"https:\/\/rv-stg.fera.miewstudio.com\/de\/wp-json\/wp\/v2\/page-category?post=80481"}],"curies":[{"name":"wp","href":"https:\/\/api.w.org\/{rel}","templated":true}]}}