{"id":122529,"date":"2021-11-09T12:23:02","date_gmt":"2021-11-09T12:23:02","guid":{"rendered":"https:\/\/rotavicentina.miewstudio.com\/freiwilligenformular\/"},"modified":"2024-10-17T09:08:25","modified_gmt":"2024-10-17T09:08:25","slug":"freiwilligenformular","status":"publish","type":"page","link":"https:\/\/rv-stg.fera.miewstudio.com\/de\/freiwilligenformular\/","title":{"rendered":"Freiwilligenformular"},"content":{"rendered":"<div class=\"wpb-content-wrapper\"><p>[vc_row unlock_row_content=&#8220;&#8220; row_height_percent=&#8220;0&#8243; back_image=&#8220;79531&#8243; shift_y=&#8220;0&#8243; z_index=&#8220;0&#8243; row_height_pixel=&#8220;465px&#8220;][vc_column position_horizontal=&#8220;&#8220; position_vertical=&#8220;d-md-flex align-items-md-end&#8220; style=&#8220;dark&#8220; mobile_width=&#8220;11&#8243; shift_x=&#8220;0&#8243; shift_y=&#8220;0&#8243; z_index=&#8220;0&#8243; width=&#8220;1\/1&#8243;][vc_custom_heading heading_semantic=&#8220;h1&#8243; text_size=&#8220;&#8220; el_class=&#8220;alternative-font big-title&#8220;]Freiwilligenarbeit[\/vc_custom_heading][\/vc_column][\/vc_row][vc_row unlock_row_content=&#8220;&#8220; row_height_percent=&#8220;0&#8243; override_padding=&#8220;yes&#8220; h_padding=&#8220;0&#8243; top_padding=&#8220;3&#8243; bottom_padding=&#8220;4&#8243; shift_y=&#8220;0&#8243; z_index=&#8220;0&#8243;][vc_column position_horizontal=&#8220;&#8220; mobile_width=&#8220;11&#8243; shift_x=&#8220;0&#8243; shift_y=&#8220;0&#8243; z_index=&#8220;0&#8243; width=&#8220;5\/12&#8243;][vc_single_image media_div=&#8220;svginline&#8220; media=&#8220;21&#8243; css_animation=&#8220;alpha-anim&#8220; media_width_pixel=&#8220;60px&#8220;][\/vc_single_image][vc_custom_heading css_animation=&#8220;alpha-anim&#8220; el_class=&#8220;title-stroked mt-adapt-3&#8243;]Anmeldung als <del>Freiwilliger<\/del>[\/vc_custom_heading][\/vc_column][vc_column position_horizontal=&#8220;&#8220; mobile_visibility=&#8220;yes&#8220; mobile_width=&#8220;11&#8243; shift_x=&#8220;0&#8243; shift_y=&#8220;0&#8243; z_index=&#8220;0&#8243; width=&#8220;1\/12&#8243;][\/vc_column][vc_column position_horizontal=&#8220;&#8220; mobile_width=&#8220;11&#8243; shift_x=&#8220;0&#8243; shift_y=&#8220;0&#8243; z_index=&#8220;0&#8243; width=&#8220;1\/2&#8243;][vc_column_text css_animation=&#8220;alpha-anim&#8220; el_class=&#8220;mt-adapt-3&#8243;]Vielen Dank, dass Sie sich entschieden haben, freiwillig bei der Rota Vicentina mitzumachen! Bitte f\u00fcllen Sie dieses Anmeldeformular aus, damit wir besser auf Ihre Interessen und Kompetenzen eingehen k\u00f6nnen.[\/vc_column_text][\/vc_column][\/vc_row][vc_row unlock_row_content=&#8220;&#8220; row_height_percent=&#8220;0&#8243; override_padding=&#8220;yes&#8220; h_padding=&#8220;0&#8243; top_padding=&#8220;4&#8243; bottom_padding=&#8220;4&#8243; shift_y=&#8220;0&#8243; z_index=&#8220;0&#8243; el_class=&#8220;voluntariado_bg&#8220;][vc_column width=&#8220;1\/12&#8243;][\/vc_column][vc_column position_horizontal=&#8220;&#8220; mobile_width=&#8220;11&#8243; shift_x=&#8220;0&#8243; shift_y=&#8220;0&#8243; z_index=&#8220;0&#8243; css_animation=&#8220;bottom-t-top&#8220; width=&#8220;5\/6&#8243; back_color=&#8220;#ffffff&#8220; el_class=&#8220;voluntariado_form&#8220;]\n<div class=\"wpcf7 no-js\" id=\"wpcf7-f87564-o1\" lang=\"de-DE\" dir=\"ltr\" data-wpcf7-id=\"87564\">\n<div class=\"screen-reader-response\"><p role=\"status\" aria-live=\"polite\" aria-atomic=\"true\"><\/p> <ul><\/ul><\/div>\n<form action=\"\/de\/wp-json\/wp\/v2\/pages\/122529#wpcf7-f87564-o1\" method=\"post\" class=\"wpcf7-form init\" aria-label=\"Kontaktformular\" novalidate=\"novalidate\" data-status=\"init\">\n<fieldset class=\"hidden-fields-container\"><input type=\"hidden\" name=\"_wpcf7\" value=\"87564\" \/><input type=\"hidden\" name=\"_wpcf7_version\" value=\"6.1.5\" \/><input type=\"hidden\" name=\"_wpcf7_locale\" value=\"de_DE\" \/><input type=\"hidden\" name=\"_wpcf7_unit_tag\" value=\"wpcf7-f87564-o1\" \/><input type=\"hidden\" name=\"_wpcf7_container_post\" value=\"0\" \/><input type=\"hidden\" name=\"_wpcf7_posted_data_hash\" value=\"\" \/><input type=\"hidden\" name=\"_wpcf7dtx_version\" value=\"5.0.5\" \/><input type=\"hidden\" name=\"_wpcf7_recaptcha_response\" value=\"\" \/>\n<\/fieldset>\n<fieldset>\n\t<h4 class=\"d-block h5 font-weight-bold mb-adapt-2\">Kontaktinformationen\n\t<\/h4>\n\t<div class=\"d-block font-size-0\">\n\t\t<div class=\"field-cells mt-adapt-3\">\n\t\t\t<div class=\"field_holder\">\n\t\t\t\t<p><label for=\"nome\" class=\"field_label\">Name<\/label><br \/>\n<span class=\"wpcf7-form-control-wrap\" data-name=\"nome\"><input size=\"40\" maxlength=\"400\" class=\"wpcf7-form-control wpcf7-text wpcf7-validates-as-required\"  required=\"required\" aria-required=\"true\" aria-invalid=\"false\" placeholder=\"Ihr Name\" value=\"\" type=\"text\" name=\"nome\" \/><\/span>\n\t\t\t\t<\/p>\n\t\t\t<\/div>\n\t\t<\/div>\n\t\t<div class=\"field-cells mt-adapt-3\">\n\t\t\t<div class=\"field_holder\">\n\t\t\t\t<p><label for=\"apelido\" class=\"field_label\">Nachname<\/label><br \/>\n<span class=\"wpcf7-form-control-wrap\" data-name=\"apelido\"><input size=\"40\" maxlength=\"400\" class=\"wpcf7-form-control wpcf7-text wpcf7-validates-as-required\" aria-required=\"true\" aria-invalid=\"false\" placeholder=\"Ihr Spitzname\" value=\"\" type=\"text\" name=\"apelido\" \/><\/span>\n\t\t\t\t<\/p>\n\t\t\t<\/div>\n\t\t<\/div>\n\t<\/div>\n\t<div class=\"d-block font-size-0\">\n\t\t<div class=\"field-cells mt-adapt-3\">\n\t\t\t<div class=\"field_holder\">\n\t\t\t\t<p><label for=\"morada\" class=\"field_label\">Adresse<\/label><br \/>\n<span class=\"wpcf7-form-control-wrap\" data-name=\"morada\"><input size=\"40\" maxlength=\"400\" class=\"wpcf7-form-control wpcf7-text wpcf7-validates-as-required\" aria-required=\"true\" aria-invalid=\"false\" placeholder=\"Ihre Adresse\" value=\"\" type=\"text\" name=\"morada\" \/><\/span>\n\t\t\t\t<\/p>\n\t\t\t<\/div>\n\t\t<\/div>\n\t\t<div class=\"field-cells\">\n\t\t<\/div>\n\t<\/div>\n\t<div class=\"d-block font-size-0\">\n\t\t<div class=\"field-cells mt-adapt-3\">\n\t\t\t<div class=\"field_holder\">\n\t\t\t\t<p><label for=\"cidade\" class=\"field_label\">Stadt<\/label><br \/>\n<span class=\"wpcf7-form-control-wrap\" data-name=\"cidade\"><input size=\"40\" maxlength=\"400\" class=\"wpcf7-form-control wpcf7-text wpcf7-validates-as-required\" aria-required=\"true\" aria-invalid=\"false\" placeholder=\"Deine Stadt\" value=\"\" type=\"text\" name=\"cidade\" \/><\/span>\n\t\t\t\t<\/p>\n\t\t\t<\/div>\n\t\t<\/div>\n\t\t<div class=\"field-cells mt-adapt-3\">\n\t\t\t<div class=\"field_holder\">\n\t\t\t\t<p><label for=\"codpostal\" class=\"field_label\">Postleitzahl<\/label><br \/>\n<span class=\"wpcf7-form-control-wrap\" data-name=\"codpostal\"><input size=\"40\" maxlength=\"400\" class=\"wpcf7-form-control wpcf7-text wpcf7-validates-as-required\" aria-required=\"true\" aria-invalid=\"false\" placeholder=\"XXXX-YYY\" value=\"\" type=\"text\" name=\"codpostal\" \/><\/span>\n\t\t\t\t<\/p>\n\t\t\t<\/div>\n\t\t<\/div>\n\t<\/div>\n\t<div class=\"d-block font-size-0\">\n\t\t<div class=\"field-cells mt-adapt-3\">\n\t\t\t<div class=\"field_holder\">\n\t\t\t\t<p><label for=\"email\" class=\"field_label\">Email<\/label><br \/>\n<span class=\"wpcf7-form-control-wrap\" data-name=\"email\"><input size=\"40\" maxlength=\"400\" class=\"wpcf7-form-control wpcf7-email wpcf7-validates-as-required wpcf7-text wpcf7-validates-as-email\" aria-required=\"true\" aria-invalid=\"false\" placeholder=\"ihr@email.com\" value=\"\" type=\"email\" name=\"email\" \/><\/span>\n\t\t\t\t<\/p>\n\t\t\t<\/div>\n\t\t<\/div>\n\t\t<div class=\"field-cells mt-adapt-3\">\n\t\t\t<div class=\"field_holder\">\n\t\t\t\t<p><label for=\"contacto\" class=\"field_label\">Mobiltelefon<\/label><br \/>\n<span class=\"wpcf7-form-control-wrap\" data-name=\"contacto\"><input size=\"40\" maxlength=\"400\" class=\"wpcf7-form-control wpcf7-text\" aria-invalid=\"false\" placeholder=\"+351 283 327 669\" value=\"\" type=\"text\" name=\"contacto\" \/><\/span>\n\t\t\t\t<\/p>\n\t\t\t<\/div>\n\t\t<\/div>\n\t<\/div>\n<\/fieldset>\n<fieldset>\n\t<h4 class=\"d-block h5 font-weight-bold mb-adapt-2\">\u00dcber mich\n\t<\/h4>\n\t<p>Rota Vicentina erhebt biografische Daten von Freiwilligen, um sicherzustellen, dass ihre Programme eine vielf\u00e4ltige Bev\u00f6lkerung erreichen. Diese Informationen sind vertraulich und werden nur f\u00fcr statistische Zwecke verwendet.\n\t<\/p>\n\t<div class=\"d-block font-size-0\">\n\t\t<div class=\"field-cells mt-adapt-3\">\n\t\t\t<div class=\"field_holder\">\n\t\t\t\t<p><label for=\"nascimento\" class=\"field_label\">Geburtsdatum<\/label><br \/>\n<span class=\"wpcf7-form-control-wrap\" data-name=\"nascimento\"><input size=\"40\" maxlength=\"400\" class=\"wpcf7-form-control wpcf7-text wpcf7-validates-as-required\" aria-required=\"true\" aria-invalid=\"false\" placeholder=\"01\/01\/1999\" value=\"\" type=\"text\" name=\"nascimento\" \/><\/span>\n\t\t\t\t<\/p>\n\t\t\t<\/div>\n\t\t<\/div>\n\t\t<div class=\"field-cells mt-adapt-3\">\n\t\t\t<div class=\"field_holder\">\n\t\t\t\t<p><label for=\"genero\" class=\"field_label\">Geschlecht<\/label><br \/>\n<span class=\"wpcf7-form-control-wrap\" data-name=\"genero\"><select class=\"wpcf7-form-control wpcf7-select wpcf7-validates-as-required\" aria-required=\"true\" aria-invalid=\"false\" name=\"genero\"><option value=\"\">&#8211; Bitte ausw\u00e4hlen &#8211;<\/option><option value=\"M\u00e4nnlich\">M\u00e4nnlich<\/option><option value=\"Weiblich\">Weiblich<\/option><\/select><\/span>\n\t\t\t\t<\/p>\n\t\t\t<\/div>\n\t\t<\/div>\n\t<\/div>\n<\/fieldset>\n<fieldset>\n\t<h4 class=\"d-block h5 font-weight-bold mb-adapt-2\">Kontakt f\u00fcr Notf\u00e4lle\n\t<\/h4>\n\t<p>Rota Vicentina erhebt biografische Daten von Freiwilligen, um sicherzustellen, dass ihre Programme eine vielf\u00e4ltige Bev\u00f6lkerung erreichen. Diese Informationen sind vertraulich und werden nur f\u00fcr statistische Zwecke verwendet.\n\t<\/p>\n\t<div class=\"d-block font-size-0\">\n\t\t<div class=\"field-cells mt-adapt-3\">\n\t\t\t<div class=\"field_holder\">\n\t\t\t\t<p><label for=\"nome_emergencia\" class=\"field_label\">Name<\/label><br \/>\n<span class=\"wpcf7-form-control-wrap\" data-name=\"nome_emergencia\"><input size=\"40\" maxlength=\"400\" class=\"wpcf7-form-control wpcf7-text wpcf7-validates-as-required\" aria-required=\"true\" aria-invalid=\"false\" placeholder=\"Name der Person\" value=\"\" type=\"text\" name=\"nome_emergencia\" \/><\/span>\n\t\t\t\t<\/p>\n\t\t\t<\/div>\n\t\t<\/div>\n\t\t<div class=\"field-cells\">\n\t\t<\/div>\n\t<\/div>\n\t<div class=\"d-block font-size-0\">\n\t\t<div class=\"field-cells mt-adapt-3\">\n\t\t\t<div class=\"field_holder\">\n\t\t\t\t<p><label for=\"contacto_emergencia\" class=\"field_label\">Mobiltelefon<\/label><br \/>\n<span class=\"wpcf7-form-control-wrap\" data-name=\"contacto_emergencia\"><input size=\"40\" maxlength=\"400\" class=\"wpcf7-form-control wpcf7-text wpcf7-validates-as-required\" aria-required=\"true\" aria-invalid=\"false\" placeholder=\"+351 283 327 669\" value=\"\" type=\"text\" name=\"contacto_emergencia\" \/><\/span>\n\t\t\t\t<\/p>\n\t\t\t<\/div>\n\t\t<\/div>\n\t\t<div class=\"field-cells mt-adapt-3\">\n\t\t\t<div class=\"field_holder\">\n\t\t\t\t<p><label for=\"nascimento\" class=\"field_label\">Verwandtschaft<\/label><br \/>\n<span class=\"wpcf7-form-control-wrap\" data-name=\"parentesco\"><input size=\"40\" maxlength=\"400\" class=\"wpcf7-form-control wpcf7-text wpcf7-validates-as-required\" aria-required=\"true\" aria-invalid=\"false\" placeholder=\"Verwandtschaft\" value=\"\" type=\"text\" name=\"parentesco\" \/><\/span>\n\t\t\t\t<\/p>\n\t\t\t<\/div>\n\t\t<\/div>\n\t<\/div>\n<\/fieldset>\n<fieldset>\n\t<h4 class=\"d-block h5 font-weight-bold mb-adapt-2\">Wie haben Sie von unseren Freiwilligeneins\u00e4tzen erfahren?\n\t<\/h4>\n\t<div class=\"field_holder\">\n\t\t<p><span class=\"wpcf7-form-control-wrap\" data-name=\"your-message\"><textarea cols=\"40\" rows=\"10\" maxlength=\"2000\" class=\"wpcf7-form-control wpcf7-textarea\" aria-invalid=\"false\" placeholder=\"Mensagem\" name=\"your-message\"><\/textarea><\/span>\n\t\t<\/p>\n\t<\/div>\n<\/fieldset>\n<fieldset>\n\t<h4 class=\"d-block h5 font-weight-bold mb-adapt-2\">Wie wollen Sie helfen?\n\t<\/h4>\n\t<div class=\"field_holder\">\n\t\t<p><span class=\"wpcf7-form-control-wrap\" data-name=\"como_ajudar\"><span class=\"wpcf7-form-control wpcf7-checkbox wpcf7-validates-as-required row_checkbox\"><span class=\"wpcf7-list-item first\"><input type=\"checkbox\" name=\"como_ajudar[]\" value=\"Mitglied werden\" \/><span class=\"wpcf7-list-item-label\">Mitglied werden<\/span><\/span><span class=\"wpcf7-list-item\"><input type=\"checkbox\" name=\"como_ajudar[]\" value=\"Als Pate einer Reise\" \/><span class=\"wpcf7-list-item-label\">Als Pate einer Reise<\/span><\/span><span class=\"wpcf7-list-item\"><input type=\"checkbox\" name=\"como_ajudar[]\" value=\"Als Freiwilliger im Fernstudium\" \/><span class=\"wpcf7-list-item-label\">Als Freiwilliger im Fernstudium<\/span><\/span><span class=\"wpcf7-list-item\"><input type=\"checkbox\" name=\"como_ajudar[]\" value=\"Ehrenamtliche Mitarbeit bei unseren Veranstaltungen\" \/><span class=\"wpcf7-list-item-label\">Ehrenamtliche Mitarbeit bei unseren Veranstaltungen<\/span><\/span><span class=\"wpcf7-list-item last\"><input type=\"checkbox\" name=\"como_ajudar[]\" value=\"Alle\" \/><span class=\"wpcf7-list-item-label\">Alle<\/span><\/span><\/span><\/span>\n\t\t<\/p>\n\t<\/div>\n<\/fieldset>\n<span class=\"wpcf7-form-control-wrap page-title\" data-name=\"page-title\"><input type=\"hidden\" name=\"page-title\" class=\"wpcf7-form-control wpcf7-hidden wpcf7dtx wpcf7dtx-hidden\" aria-invalid=\"false\" value=\"Freiwilligenformular\"><\/span>\n<p><input class=\"wpcf7-form-control wpcf7-submit has-spinner button-big mt-adapt-4 w-100\" type=\"submit\" value=\"Senden Sie\" \/>\n<\/p><div class=\"wpcf7-response-output\" aria-hidden=\"true\"><\/div>\n<\/form>\n<\/div>\n[\/vc_column][vc_column width=&#8220;1\/12&#8243;][\/vc_column][\/vc_row][vc_row][vc_column width=&#8220;1\/1&#8243;][miew_block id=&#8220;60&#8243;][\/vc_column][\/vc_row]<\/p>\n<\/div>","protected":false},"excerpt":{"rendered":"<p>[vc_row unlock_row_content=&#8220;&#8220; row_height_percent=&#8220;0&#8243; back_image=&#8220;79531&#8243; shift_y=&#8220;0&#8243; z_index=&#8220;0&#8243; row_height_pixel=&#8220;465px&#8220;][vc_column position_horizontal=&#8220;&#8220; position_vertical=&#8220;d-md-flex align-items-md-end&#8220; style=&#8220;dark&#8220; mobile_width=&#8220;11&#8243; shift_x=&#8220;0&#8243; shift_y=&#8220;0&#8243; z_index=&#8220;0&#8243; width=&#8220;1\/1&#8243;][vc_custom_heading heading_semantic=&#8220;h1&#8243; text_size=&#8220;&#8220; el_class=&#8220;alternative-font big-title&#8220;]Freiwilligenarbeit[\/vc_custom_heading][\/vc_column][\/vc_row][vc_row unlock_row_content=&#8220;&#8220; row_height_percent=&#8220;0&#8243; override_padding=&#8220;yes&#8220; h_padding=&#8220;0&#8243; top_padding=&#8220;3&#8243; bottom_padding=&#8220;4&#8243; shift_y=&#8220;0&#8243; z_index=&#8220;0&#8243;][vc_column position_horizontal=&#8220;&#8220; mobile_width=&#8220;11&#8243; shift_x=&#8220;0&#8243; shift_y=&#8220;0&#8243; z_index=&#8220;0&#8243; width=&#8220;5\/12&#8243;][vc_single_image media_div=&#8220;svginline&#8220; media=&#8220;21&#8243; css_animation=&#8220;alpha-anim&#8220; media_width_pixel=&#8220;60px&#8220;][\/vc_single_image][vc_custom_heading css_animation=&#8220;alpha-anim&#8220; el_class=&#8220;title-stroked mt-adapt-3&#8243;]Anmeldung als Freiwilliger[\/vc_custom_heading][\/vc_column][vc_column position_horizontal=&#8220;&#8220; mobile_visibility=&#8220;yes&#8220; mobile_width=&#8220;11&#8243; shift_x=&#8220;0&#8243; shift_y=&#8220;0&#8243; z_index=&#8220;0&#8243; width=&#8220;1\/12&#8243;][\/vc_column][vc_column position_horizontal=&#8220;&#8220; mobile_width=&#8220;11&#8243; shift_x=&#8220;0&#8243; shift_y=&#8220;0&#8243; z_index=&#8220;0&#8243; [&hellip;]<\/p>\n","protected":false},"author":1,"featured_media":0,"parent":0,"menu_order":0,"comment_status":"closed","ping_status":"closed","template":"","meta":{"_acf_changed":false,"footnotes":""},"page-category":[],"class_list":["post-122529","page","type-page","status-publish","hentry"],"acf":[],"yoast_head":"<!-- This site is optimized with the Yoast SEO Premium plugin v19.5 (Yoast SEO v27.0) - https:\/\/yoast.com\/product\/yoast-seo-premium-wordpress\/ -->\n<title>Freiwilligenformular - [STG] Rota Vicentina<\/title>\n<meta name=\"robots\" content=\"noindex, follow, max-snippet:-1, max-image-preview:large, max-video-preview:-1\" \/>\n<meta property=\"og:locale\" content=\"de_DE\" \/>\n<meta property=\"og:type\" content=\"article\" \/>\n<meta property=\"og:title\" content=\"Freiwilligenformular - [STG] Rota Vicentina\" \/>\n<meta property=\"og:description\" content=\"[vc_row unlock_row_content=&#8220;&#8220; row_height_percent=&#8220;0&#8243; back_image=&#8220;79531&#8243; shift_y=&#8220;0&#8243; z_index=&#8220;0&#8243; row_height_pixel=&#8220;465px&#8220;][vc_column position_horizontal=&#8220;&#8220; position_vertical=&#8220;d-md-flex align-items-md-end&#8220; style=&#8220;dark&#8220; mobile_width=&#8220;11&#8243; shift_x=&#8220;0&#8243; shift_y=&#8220;0&#8243; z_index=&#8220;0&#8243; width=&#8220;1\/1&#8243;][vc_custom_heading heading_semantic=&#8220;h1&#8243; text_size=&#8220;&#8220; el_class=&#8220;alternative-font big-title&#8220;]Freiwilligenarbeit[\/vc_custom_heading][\/vc_column][\/vc_row][vc_row unlock_row_content=&#8220;&#8220; row_height_percent=&#8220;0&#8243; override_padding=&#8220;yes&#8220; h_padding=&#8220;0&#8243; top_padding=&#8220;3&#8243; bottom_padding=&#8220;4&#8243; shift_y=&#8220;0&#8243; z_index=&#8220;0&#8243;][vc_column position_horizontal=&#8220;&#8220; mobile_width=&#8220;11&#8243; shift_x=&#8220;0&#8243; shift_y=&#8220;0&#8243; z_index=&#8220;0&#8243; width=&#8220;5\/12&#8243;][vc_single_image media_div=&#8220;svginline&#8220; media=&#8220;21&#8243; css_animation=&#8220;alpha-anim&#8220; media_width_pixel=&#8220;60px&#8220;][\/vc_single_image][vc_custom_heading css_animation=&#8220;alpha-anim&#8220; el_class=&#8220;title-stroked mt-adapt-3&#8243;]Anmeldung als Freiwilliger[\/vc_custom_heading][\/vc_column][vc_column position_horizontal=&#8220;&#8220; mobile_visibility=&#8220;yes&#8220; mobile_width=&#8220;11&#8243; shift_x=&#8220;0&#8243; shift_y=&#8220;0&#8243; z_index=&#8220;0&#8243; width=&#8220;1\/12&#8243;][\/vc_column][vc_column position_horizontal=&#8220;&#8220; mobile_width=&#8220;11&#8243; shift_x=&#8220;0&#8243; shift_y=&#8220;0&#8243; z_index=&#8220;0&#8243; [&hellip;]\" \/>\n<meta property=\"og:url\" content=\"https:\/\/rv-stg.fera.miewstudio.com\/de\/freiwilligenformular\/\" \/>\n<meta property=\"og:site_name\" content=\"[STG] Rota Vicentina\" \/>\n<meta property=\"article:publisher\" content=\"https:\/\/www.facebook.com\/rotavicentina\" \/>\n<meta property=\"article:modified_time\" content=\"2024-10-17T09:08:25+00:00\" \/>\n<meta name=\"twitter:card\" content=\"summary_large_image\" \/>\n<meta name=\"twitter:site\" content=\"@RotaVicentina\" \/>\n<meta name=\"twitter:label1\" content=\"Gesch\u00e4tzte Lesezeit\" \/>\n\t<meta name=\"twitter:data1\" content=\"1\u00a0Minute\" \/>\n<script type=\"application\/ld+json\" class=\"yoast-schema-graph\">{\"@context\":\"https:\/\/schema.org\",\"@graph\":[{\"@type\":\"WebPage\",\"@id\":\"https:\/\/rv-stg.fera.miewstudio.com\/de\/freiwilligenformular\/\",\"url\":\"https:\/\/rv-stg.fera.miewstudio.com\/de\/freiwilligenformular\/\",\"name\":\"Freiwilligenformular - [STG] Rota Vicentina\",\"isPartOf\":{\"@id\":\"https:\/\/rv-stg.fera.miewstudio.com\/de\/#website\"},\"datePublished\":\"2021-11-09T12:23:02+00:00\",\"dateModified\":\"2024-10-17T09:08:25+00:00\",\"inLanguage\":\"de\",\"potentialAction\":[{\"@type\":\"ReadAction\",\"target\":[\"https:\/\/rv-stg.fera.miewstudio.com\/de\/freiwilligenformular\/\"]}]},{\"@type\":\"WebSite\",\"@id\":\"https:\/\/rv-stg.fera.miewstudio.com\/de\/#website\",\"url\":\"https:\/\/rv-stg.fera.miewstudio.com\/de\/\",\"name\":\"[STG] Rota Vicentina\",\"description\":\"A p\u00e9 pelo Trilho dos Pescadores, Caminho Hist\u00f3rico ou Percursos Circulares ou v\u00e1 de bicicleta pelos mais de 1000km de Trilhos de Bicicleta na Rota Vicentina.\",\"publisher\":{\"@id\":\"https:\/\/rv-stg.fera.miewstudio.com\/de\/#organization\"},\"potentialAction\":[{\"@type\":\"SearchAction\",\"target\":{\"@type\":\"EntryPoint\",\"urlTemplate\":\"https:\/\/rv-stg.fera.miewstudio.com\/de\/?s={search_term_string}\"},\"query-input\":{\"@type\":\"PropertyValueSpecification\",\"valueRequired\":true,\"valueName\":\"search_term_string\"}}],\"inLanguage\":\"de\"},{\"@type\":\"Organization\",\"@id\":\"https:\/\/rv-stg.fera.miewstudio.com\/de\/#organization\",\"name\":\"[STG] Rota Vicentina\",\"url\":\"https:\/\/rv-stg.fera.miewstudio.com\/de\/\",\"logo\":{\"@type\":\"ImageObject\",\"inLanguage\":\"de\",\"@id\":\"https:\/\/rv-stg.fera.miewstudio.com\/de\/#\/schema\/logo\/image\/\",\"url\":\"https:\/\/rv-stg.fera.miewstudio.com\/wp-content\/uploads\/2023\/02\/Rota-Vicentina-SW-Portugal.jpg\",\"contentUrl\":\"https:\/\/rv-stg.fera.miewstudio.com\/wp-content\/uploads\/2023\/02\/Rota-Vicentina-SW-Portugal.jpg\",\"width\":\"852\",\"height\":\"480\",\"caption\":\"[STG] Rota Vicentina\"},\"image\":{\"@id\":\"https:\/\/rv-stg.fera.miewstudio.com\/de\/#\/schema\/logo\/image\/\"},\"sameAs\":[\"https:\/\/www.facebook.com\/rotavicentina\",\"https:\/\/x.com\/RotaVicentina\",\"https:\/\/www.instagram.com\/rotavicentina\/\",\"https:\/\/pt.linkedin.com\/company\/rota-vicentina\"]}]}<\/script>\n<!-- \/ Yoast SEO Premium plugin. -->","yoast_head_json":{"title":"Freiwilligenformular - [STG] Rota Vicentina","robots":{"index":"noindex","follow":"follow","max-snippet":"max-snippet:-1","max-image-preview":"max-image-preview:large","max-video-preview":"max-video-preview:-1"},"og_locale":"de_DE","og_type":"article","og_title":"Freiwilligenformular - [STG] Rota Vicentina","og_description":"[vc_row unlock_row_content=&#8220;&#8220; row_height_percent=&#8220;0&#8243; back_image=&#8220;79531&#8243; shift_y=&#8220;0&#8243; z_index=&#8220;0&#8243; row_height_pixel=&#8220;465px&#8220;][vc_column position_horizontal=&#8220;&#8220; position_vertical=&#8220;d-md-flex align-items-md-end&#8220; style=&#8220;dark&#8220; mobile_width=&#8220;11&#8243; shift_x=&#8220;0&#8243; shift_y=&#8220;0&#8243; z_index=&#8220;0&#8243; width=&#8220;1\/1&#8243;][vc_custom_heading heading_semantic=&#8220;h1&#8243; text_size=&#8220;&#8220; el_class=&#8220;alternative-font big-title&#8220;]Freiwilligenarbeit[\/vc_custom_heading][\/vc_column][\/vc_row][vc_row unlock_row_content=&#8220;&#8220; row_height_percent=&#8220;0&#8243; override_padding=&#8220;yes&#8220; h_padding=&#8220;0&#8243; top_padding=&#8220;3&#8243; bottom_padding=&#8220;4&#8243; shift_y=&#8220;0&#8243; z_index=&#8220;0&#8243;][vc_column position_horizontal=&#8220;&#8220; mobile_width=&#8220;11&#8243; shift_x=&#8220;0&#8243; shift_y=&#8220;0&#8243; z_index=&#8220;0&#8243; width=&#8220;5\/12&#8243;][vc_single_image media_div=&#8220;svginline&#8220; media=&#8220;21&#8243; css_animation=&#8220;alpha-anim&#8220; media_width_pixel=&#8220;60px&#8220;][\/vc_single_image][vc_custom_heading css_animation=&#8220;alpha-anim&#8220; el_class=&#8220;title-stroked mt-adapt-3&#8243;]Anmeldung als Freiwilliger[\/vc_custom_heading][\/vc_column][vc_column position_horizontal=&#8220;&#8220; mobile_visibility=&#8220;yes&#8220; mobile_width=&#8220;11&#8243; shift_x=&#8220;0&#8243; shift_y=&#8220;0&#8243; z_index=&#8220;0&#8243; width=&#8220;1\/12&#8243;][\/vc_column][vc_column position_horizontal=&#8220;&#8220; mobile_width=&#8220;11&#8243; shift_x=&#8220;0&#8243; shift_y=&#8220;0&#8243; z_index=&#8220;0&#8243; [&hellip;]","og_url":"https:\/\/rv-stg.fera.miewstudio.com\/de\/freiwilligenformular\/","og_site_name":"[STG] Rota Vicentina","article_publisher":"https:\/\/www.facebook.com\/rotavicentina","article_modified_time":"2024-10-17T09:08:25+00:00","twitter_card":"summary_large_image","twitter_site":"@RotaVicentina","twitter_misc":{"Gesch\u00e4tzte Lesezeit":"1\u00a0Minute"},"schema":{"@context":"https:\/\/schema.org","@graph":[{"@type":"WebPage","@id":"https:\/\/rv-stg.fera.miewstudio.com\/de\/freiwilligenformular\/","url":"https:\/\/rv-stg.fera.miewstudio.com\/de\/freiwilligenformular\/","name":"Freiwilligenformular - [STG] Rota Vicentina","isPartOf":{"@id":"https:\/\/rv-stg.fera.miewstudio.com\/de\/#website"},"datePublished":"2021-11-09T12:23:02+00:00","dateModified":"2024-10-17T09:08:25+00:00","inLanguage":"de","potentialAction":[{"@type":"ReadAction","target":["https:\/\/rv-stg.fera.miewstudio.com\/de\/freiwilligenformular\/"]}]},{"@type":"WebSite","@id":"https:\/\/rv-stg.fera.miewstudio.com\/de\/#website","url":"https:\/\/rv-stg.fera.miewstudio.com\/de\/","name":"[STG] Rota Vicentina","description":"A p\u00e9 pelo Trilho dos Pescadores, Caminho Hist\u00f3rico ou Percursos Circulares ou v\u00e1 de bicicleta pelos mais de 1000km de Trilhos de Bicicleta na Rota Vicentina.","publisher":{"@id":"https:\/\/rv-stg.fera.miewstudio.com\/de\/#organization"},"potentialAction":[{"@type":"SearchAction","target":{"@type":"EntryPoint","urlTemplate":"https:\/\/rv-stg.fera.miewstudio.com\/de\/?s={search_term_string}"},"query-input":{"@type":"PropertyValueSpecification","valueRequired":true,"valueName":"search_term_string"}}],"inLanguage":"de"},{"@type":"Organization","@id":"https:\/\/rv-stg.fera.miewstudio.com\/de\/#organization","name":"[STG] Rota Vicentina","url":"https:\/\/rv-stg.fera.miewstudio.com\/de\/","logo":{"@type":"ImageObject","inLanguage":"de","@id":"https:\/\/rv-stg.fera.miewstudio.com\/de\/#\/schema\/logo\/image\/","url":"https:\/\/rv-stg.fera.miewstudio.com\/wp-content\/uploads\/2023\/02\/Rota-Vicentina-SW-Portugal.jpg","contentUrl":"https:\/\/rv-stg.fera.miewstudio.com\/wp-content\/uploads\/2023\/02\/Rota-Vicentina-SW-Portugal.jpg","width":"852","height":"480","caption":"[STG] Rota Vicentina"},"image":{"@id":"https:\/\/rv-stg.fera.miewstudio.com\/de\/#\/schema\/logo\/image\/"},"sameAs":["https:\/\/www.facebook.com\/rotavicentina","https:\/\/x.com\/RotaVicentina","https:\/\/www.instagram.com\/rotavicentina\/","https:\/\/pt.linkedin.com\/company\/rota-vicentina"]}]}},"_links":{"self":[{"href":"https:\/\/rv-stg.fera.miewstudio.com\/de\/wp-json\/wp\/v2\/pages\/122529","targetHints":{"allow":["GET"]}}],"collection":[{"href":"https:\/\/rv-stg.fera.miewstudio.com\/de\/wp-json\/wp\/v2\/pages"}],"about":[{"href":"https:\/\/rv-stg.fera.miewstudio.com\/de\/wp-json\/wp\/v2\/types\/page"}],"author":[{"embeddable":true,"href":"https:\/\/rv-stg.fera.miewstudio.com\/de\/wp-json\/wp\/v2\/users\/1"}],"replies":[{"embeddable":true,"href":"https:\/\/rv-stg.fera.miewstudio.com\/de\/wp-json\/wp\/v2\/comments?post=122529"}],"version-history":[{"count":0,"href":"https:\/\/rv-stg.fera.miewstudio.com\/de\/wp-json\/wp\/v2\/pages\/122529\/revisions"}],"wp:attachment":[{"href":"https:\/\/rv-stg.fera.miewstudio.com\/de\/wp-json\/wp\/v2\/media?parent=122529"}],"wp:term":[{"taxonomy":"page-category","embeddable":true,"href":"https:\/\/rv-stg.fera.miewstudio.com\/de\/wp-json\/wp\/v2\/page-category?post=122529"}],"curies":[{"name":"wp","href":"https:\/\/api.w.org\/{rel}","templated":true}]}}